{"id":21632,"date":"2025-10-25T12:19:45","date_gmt":"2025-10-25T09:19:45","guid":{"rendered":"https:\/\/skaitytaknyga.lt\/?post_type=product&#038;p=21632"},"modified":"2026-03-16T09:17:49","modified_gmt":"2026-03-16T07:17:49","slug":"nora-webster","status":"publish","type":"product","link":"https:\/\/skaitytaknyga.lt\/en\/produktas\/nora-webster\/","title":{"rendered":"Nora Webster"},"content":{"rendered":"<p>Colmas T\u00f3ib\u00ednas (g.1955) \u2013 vienas \u017eymiausi\u0173 \u0161iuolaikini\u0173 airi\u0173 ra\u0161ytoj\u0173. Yra peln\u0119s tarptautin\u0119 IMPAC Dublino literat\u016bros premij\u0105 u\u017e roman\u0105 \u201eMeistras&#8221;, Costa premij\u0105 u\u017e roman\u0105 \u201eBruklinas&#8221;, Airijos PEN apdovanojim\u0105, Hawthorno premij\u0105 u\u017e roman\u0105 \u201eNora Vebster&#8221;, tris kartus pateko \u012f Booker premijos trumpuosius s\u0105ra\u0161us.<\/p>\n<p>Romanas \u201eNora Vebster&#8221; pasakoja apie keturiasde\u0161imtmet\u0119 na\u0161l\u0119 su keturiais vaikais, gyvenan\u010di\u0105 ma\u017eame Airijos mieste, kur klesti apkalbos, grie\u017etos socialin\u0117s normos. \u0160i\u0105 knyg\u0105 autoriui \u012fkv\u0117p\u0117 jo ir motinos i\u0161gyvenimai. Nora kapanojasi i\u0161 sielvarto ir skurdo, daug patiria, ie\u0161ko d\u017eiaugsmo ir tvirtyb\u0117s. Tai romanas apie moter\u012f, kuri nori b\u016bti savimi.<\/p>\n<p>Ra\u0161ytojas sako, kad Nora \u201epana\u0161i \u012f Em\u0105 Bovari, tik neu\u017esiima svetimavimu, kuris akivaizd\u017eiai k\u0117l\u0117 jaudul\u012f XIX am\u017eiaus romanuose. Taip, tai knyga apie gyvenim\u0105 provincijoje. Taip, tai knyga apie moter\u012f, pakliuvusi\u0105 \u012f keist\u0105 pad\u0117t\u012f. Ir taip, ji apie moter\u012f, kuri n\u0117ra nuolanki ir romi, ji gali prisiversti veikti. Be to, kaip ir Jane Austin Ema, ji kartais pasielgia ne\u012ftik\u0117tinai blogai. Ji su\u017eeista, pal\u016b\u017eusi, bet turi ir daug teigiam\u0173 savybi\u0173. Bet nereikia jos versti nuo\u017emia motina, tokia, kaip Elektra ar Med\u0117ja. Ji nori, kas j\u0105 visi palikt\u0173 ramyb\u0117je, bet tuo pat metu nuo jos nenutolt\u0173. Jos charakteryje nema\u017eai dviprasmybi\u0173, ir a\u0161 maniau, kad tai bus \u012fdomu.&#8221;<\/p>\n","protected":false},"excerpt":{"rendered":"<p>Colmas T\u00f3ib\u00ednas (g.1955) \u2013 vienas \u017eymiausi\u0173 \u0161iuolaikini\u0173 airi\u0173 ra\u0161ytoj\u0173. Yra peln\u0119s tarptautin\u0119 IMPAC Dublino literat\u016bros premij\u0105 u\u017e roman\u0105 \u201eMeistras&#8221;, Costa premij\u0105 u\u017e roman\u0105 \u201eBruklinas&#8221;, Airijos PEN apdovanojim\u0105, Hawthorno premij\u0105 u\u017e roman\u0105 \u201eNora Vebster&#8221;, tris kartus pateko \u012f Booker premijos trumpuosius s\u0105ra\u0161us. Romanas \u201eNora Vebster&#8221; pasakoja apie keturiasde\u0161imtmet\u0119 na\u0161l\u0119 su keturiais vaikais, gyvenan\u010di\u0105 ma\u017eame Airijos mieste, kur klesti apkalbos, grie\u017etos socialin\u0117s normos. \u0160i\u0105 knyg\u0105 autoriui \u012fkv\u0117p\u0117 jo ir motinos i\u0161gyvenimai. Nora kapanojasi i\u0161 sielvarto ir skurdo, daug patiria, ie\u0161ko d\u017eiaugsmo ir tvirtyb\u0117s. Tai romanas apie moter\u012f, kuri nori b\u016bti savimi. Ra\u0161ytojas sako, kad Nora \u201epana\u0161i \u012f Em\u0105 Bovari, tik neu\u017esiima svetimavimu, kuris akivaizd\u017eiai k\u0117l\u0117 jaudul\u012f XIX am\u017eiaus romanuose. Taip, tai knyga apie gyvenim\u0105 provincijoje. Taip, tai knyga apie moter\u012f, pakliuvusi\u0105 \u012f keist\u0105 pad\u0117t\u012f. Ir taip, ji apie moter\u012f, kuri n\u0117ra nuolanki ir romi, ji gali prisiversti veikti. Be to, kaip ir Jane Austin Ema, ji kartais pasielgia ne\u012ftik\u0117tinai blogai. Ji su\u017eeista, pal\u016b\u017eusi, bet turi ir daug teigiam\u0173 savybi\u0173. Bet nereikia jos versti nuo\u017emia motina, tokia, kaip Elektra ar Med\u0117ja. Ji nori, kas j\u0105 visi palikt\u0173 ramyb\u0117je, bet tuo pat metu nuo jos nenutolt\u0173. Jos charakteryje nema\u017eai dviprasmybi\u0173, ir a\u0161 maniau, kad tai bus \u012fdomu.&#8221;<\/p>\n","protected":false},"featured_media":21637,"comment_status":"open","ping_status":"closed","template":"","meta":{"_acf_changed":false,"site-sidebar-layout":"default","site-content-layout":"","ast-site-content-layout":"default","site-content-style":"default","site-sidebar-style":"default","ast-global-header-display":"","ast-banner-title-visibility":"","ast-main-header-display":"","ast-hfb-above-header-display":"","ast-hfb-below-header-display":"","ast-hfb-mobile-header-display":"","site-post-title":"","ast-breadcrumbs-content":"","ast-featured-img":"","footer-sml-layout":"","ast-disable-related-posts":"","theme-transparent-header-meta":"","adv-header-id-meta":"","stick-header-meta":"","header-above-stick-meta":"","header-main-stick-meta":"","header-below-stick-meta":"","astra-migrate-meta-layouts":"default","ast-page-background-enabled":"default","ast-page-background-meta":{"desktop":{"background-color":"","background-image":"","background-repeat":"repeat","background-position":"center center","background-size":"auto","background-attachment":"scroll","background-type":"","background-media":"","overlay-type":"","overlay-color":"","overlay-opacity":"","overlay-gradient":""},"tablet":{"background-color":"","background-image":"","background-repeat":"repeat","background-position":"center center","background-size":"auto","background-attachment":"scroll","background-type":"","background-media":"","overlay-type":"","overlay-color":"","overlay-opacity":"","overlay-gradient":""},"mobile":{"background-color":"","background-image":"","background-repeat":"repeat","background-position":"center center","background-size":"auto","background-attachment":"scroll","background-type":"","background-media":"","overlay-type":"","overlay-color":"","overlay-opacity":"","overlay-gradient":""}},"ast-content-background-meta":{"desktop":{"background-color":"var(--ast-global-color-4)","background-image":"","background-repeat":"repeat","background-position":"center center","background-size":"auto","background-attachment":"scroll","background-type":"","background-media":"","overlay-type":"","overlay-color":"","overlay-opacity":"","overlay-gradient":""},"tablet":{"background-color":"var(--ast-global-color-4)","background-image":"","background-repeat":"repeat","background-position":"center center","background-size":"auto","background-attachment":"scroll","background-type":"","background-media":"","overlay-type":"","overlay-color":"","overlay-opacity":"","overlay-gradient":""},"mobile":{"background-color":"var(--ast-global-color-4)","background-image":"","background-repeat":"repeat","background-position":"center center","background-size":"auto","background-attachment":"scroll","background-type":"","background-media":"","overlay-type":"","overlay-color":"","overlay-opacity":"","overlay-gradient":""}}},"product_brand":[],"product_cat":[9734],"product_tag":[],"class_list":{"0":"post-21632","1":"product","2":"type-product","3":"status-publish","4":"has-post-thumbnail","6":"product_cat-romanai","7":"desktop-align-left","8":"tablet-align-left","9":"mobile-align-left","11":"first","12":"instock","13":"shipping-taxable","14":"purchasable","15":"product-type-simple"},"acf":[],"yoast_head":"<!-- This site is optimized with the Yoast SEO plugin v27.0 - https:\/\/yoast.com\/product\/yoast-seo-wordpress\/ -->\n<title>Nora Webster<\/title>\n<meta name=\"description\" content=\"Colmas T\u00f3ib\u00ednas (g.1955) \u2013 vienas \u017eymiausi\u0173 \u0161iuolaikini\u0173 airi\u0173 ra\u0161ytoj\u0173. Yra peln\u0119s tarptautin\u0119 IMPAC Dublino literat\u016bros premij\u0105 u\u017e roman\u0105 \u201eMeistras&quot;,\" \/>\n<meta name=\"robots\" content=\"index, follow, max-snippet:-1, max-image-preview:large, max-video-preview:-1\" \/>\n<link rel=\"canonical\" href=\"https:\/\/skaitytaknyga.lt\/en\/produktas\/nora-webster\/\" \/>\n<meta property=\"og:locale\" content=\"en_GB\" \/>\n<meta property=\"og:locale:alternate\" content=\"lt_LT\" \/>\n<meta property=\"og:type\" content=\"article\" \/>\n<meta property=\"og:title\" content=\"Nora Webster\" \/>\n<meta property=\"og:description\" content=\"Colmas T\u00f3ib\u00ednas (g.1955) \u2013 vienas \u017eymiausi\u0173 \u0161iuolaikini\u0173 airi\u0173 ra\u0161ytoj\u0173. Yra peln\u0119s tarptautin\u0119 IMPAC Dublino literat\u016bros premij\u0105 u\u017e roman\u0105 \u201eMeistras&quot;,\" \/>\n<meta property=\"og:url\" content=\"https:\/\/skaitytaknyga.lt\/en\/produktas\/nora-webster\/\" \/>\n<meta property=\"og:site_name\" content=\"Skaitytaknyga\" \/>\n<meta property=\"article:publisher\" content=\"https:\/\/www.facebook.com\/skaitytaknyga\/\" \/>\n<meta property=\"article:modified_time\" content=\"2026-03-16T07:17:49+00:00\" \/>\n<meta property=\"og:image\" content=\"https:\/\/skaitytaknyga.lt\/wp-content\/uploads\/2025\/10\/Nora-Webster-1.webp\" \/>\n\t<meta property=\"og:image:width\" content=\"329\" \/>\n\t<meta property=\"og:image:height\" content=\"499\" \/>\n\t<meta property=\"og:image:type\" content=\"image\/webp\" \/>\n<meta name=\"twitter:card\" content=\"summary_large_image\" \/>\n<meta name=\"twitter:label1\" content=\"Estimated reading time\" \/>\n\t<meta name=\"twitter:data1\" content=\"1 minute\" \/>\n<script type=\"application\/ld+json\" class=\"yoast-schema-graph\">{\"@context\":\"https:\/\/schema.org\",\"@graph\":[{\"@type\":\"WebPage\",\"@id\":\"https:\/\/skaitytaknyga.lt\/produktas\/nora-webster\/\",\"url\":\"https:\/\/skaitytaknyga.lt\/produktas\/nora-webster\/\",\"name\":\"Nora Webster\",\"isPartOf\":{\"@id\":\"https:\/\/skaitytaknyga.lt\/#website\"},\"primaryImageOfPage\":{\"@id\":\"https:\/\/skaitytaknyga.lt\/produktas\/nora-webster\/#primaryimage\"},\"image\":{\"@id\":\"https:\/\/skaitytaknyga.lt\/produktas\/nora-webster\/#primaryimage\"},\"thumbnailUrl\":\"https:\/\/skaitytaknyga.lt\/wp-content\/uploads\/2025\/10\/Nora-Webster-1.webp\",\"datePublished\":\"2025-10-25T09:19:45+00:00\",\"dateModified\":\"2026-03-16T07:17:49+00:00\",\"description\":\"Colmas T\u00f3ib\u00ednas (g.1955) \u2013 vienas \u017eymiausi\u0173 \u0161iuolaikini\u0173 airi\u0173 ra\u0161ytoj\u0173. Yra peln\u0119s tarptautin\u0119 IMPAC Dublino literat\u016bros premij\u0105 u\u017e roman\u0105 \u201eMeistras\\\",\",\"breadcrumb\":{\"@id\":\"https:\/\/skaitytaknyga.lt\/produktas\/nora-webster\/#breadcrumb\"},\"inLanguage\":\"en-GB\",\"potentialAction\":[{\"@type\":\"ReadAction\",\"target\":[\"https:\/\/skaitytaknyga.lt\/produktas\/nora-webster\/\"]}]},{\"@type\":\"ImageObject\",\"inLanguage\":\"en-GB\",\"@id\":\"https:\/\/skaitytaknyga.lt\/produktas\/nora-webster\/#primaryimage\",\"url\":\"https:\/\/skaitytaknyga.lt\/wp-content\/uploads\/2025\/10\/Nora-Webster-1.webp\",\"contentUrl\":\"https:\/\/skaitytaknyga.lt\/wp-content\/uploads\/2025\/10\/Nora-Webster-1.webp\",\"width\":329,\"height\":499,\"caption\":\"Nora Webster\"},{\"@type\":\"BreadcrumbList\",\"@id\":\"https:\/\/skaitytaknyga.lt\/produktas\/nora-webster\/#breadcrumb\",\"itemListElement\":[{\"@type\":\"ListItem\",\"position\":1,\"name\":\"Home\",\"item\":\"https:\/\/skaitytaknyga.lt\/\"},{\"@type\":\"ListItem\",\"position\":2,\"name\":\"Parduotuv\u0117\",\"item\":\"https:\/\/skaitytaknyga.lt\/knygu-parduotuve\/\"},{\"@type\":\"ListItem\",\"position\":3,\"name\":\"Nora Webster\"}]},{\"@type\":\"WebSite\",\"@id\":\"https:\/\/skaitytaknyga.lt\/#website\",\"url\":\"https:\/\/skaitytaknyga.lt\/\",\"name\":\"skaitytaknyga.lt\",\"description\":\"Skaitytaknyga.lt \u2013 tai ma\u017eas \u0161eimos verslas, kuris prasid\u0117jo nuo meil\u0117s knygoms ir siekio i\u0161gelb\u0117ti knygas nuo likimo prie konteinerio. Kas vienam nereikalingas daiktas \u2013 kitam lobis, o mes esame tarpininkai, kurie padeda abiems tapti laimingesniems ???? \u017dinome kaip nelengva i\u0161gyventi ma\u017eiems verslams, tad nuo \u0161iol, \u010dia rasite ir kit\u0173, ma\u017e\u0173 \u0161eim\u0173 versl\u0173, rank\u0173 darbo, dovan\u0173 sau ir artimiesiems.\",\"publisher\":{\"@id\":\"https:\/\/skaitytaknyga.lt\/#organization\"},\"potentialAction\":[{\"@type\":\"SearchAction\",\"target\":{\"@type\":\"EntryPoint\",\"urlTemplate\":\"https:\/\/skaitytaknyga.lt\/?s={search_term_string}\"},\"query-input\":{\"@type\":\"PropertyValueSpecification\",\"valueRequired\":true,\"valueName\":\"search_term_string\"}}],\"inLanguage\":\"en-GB\"},{\"@type\":\"Organization\",\"@id\":\"https:\/\/skaitytaknyga.lt\/#organization\",\"name\":\"skaitytaknyga.lt\",\"url\":\"https:\/\/skaitytaknyga.lt\/\",\"logo\":{\"@type\":\"ImageObject\",\"inLanguage\":\"en-GB\",\"@id\":\"https:\/\/skaitytaknyga.lt\/#\/schema\/logo\/image\/\",\"url\":\"https:\/\/skaitytaknyga.lt\/wp-content\/uploads\/2024\/05\/cropped-cropped-cropped-02_00843_jt3bggkj1j3HLc7SyY6rEUpg.jpeg\",\"contentUrl\":\"https:\/\/skaitytaknyga.lt\/wp-content\/uploads\/2024\/05\/cropped-cropped-cropped-02_00843_jt3bggkj1j3HLc7SyY6rEUpg.jpeg\",\"width\":1600,\"height\":1600,\"caption\":\"skaitytaknyga.lt\"},\"image\":{\"@id\":\"https:\/\/skaitytaknyga.lt\/#\/schema\/logo\/image\/\"},\"sameAs\":[\"https:\/\/www.facebook.com\/skaitytaknyga\/\"]}]}<\/script>\n<!-- \/ Yoast SEO plugin. -->","yoast_head_json":{"title":"Nora Webster","description":"Colmas T\u00f3ib\u00ednas (g.1955) \u2013 vienas \u017eymiausi\u0173 \u0161iuolaikini\u0173 airi\u0173 ra\u0161ytoj\u0173. Yra peln\u0119s tarptautin\u0119 IMPAC Dublino literat\u016bros premij\u0105 u\u017e roman\u0105 \u201eMeistras\",","robots":{"index":"index","follow":"follow","max-snippet":"max-snippet:-1","max-image-preview":"max-image-preview:large","max-video-preview":"max-video-preview:-1"},"canonical":"https:\/\/skaitytaknyga.lt\/en\/produktas\/nora-webster\/","og_locale":"en_GB","og_type":"article","og_title":"[:lt]Nora Webster[:] - Skaitytaknyga","og_description":"Colmas T\u00f3ib\u00ednas (g.1955) \u2013 vienas \u017eymiausi\u0173 \u0161iuolaikini\u0173 airi\u0173 ra\u0161ytoj\u0173. Yra peln\u0119s tarptautin\u0119 IMPAC Dublino literat\u016bros premij\u0105 u\u017e roman\u0105 \u201eMeistras\",","og_url":"https:\/\/skaitytaknyga.lt\/en\/produktas\/nora-webster\/","og_site_name":"Skaitytaknyga","article_publisher":"https:\/\/www.facebook.com\/skaitytaknyga\/","article_modified_time":"2026-03-16T07:17:49+00:00","og_image":[{"width":329,"height":499,"url":"https:\/\/skaitytaknyga.lt\/wp-content\/uploads\/2025\/10\/Nora-Webster-1.webp","type":"image\/webp"}],"twitter_card":"summary_large_image","twitter_misc":{"Estimated reading time":"1 minute"},"schema":{"@context":"https:\/\/schema.org","@graph":[{"@type":"WebPage","@id":"https:\/\/skaitytaknyga.lt\/produktas\/nora-webster\/","url":"https:\/\/skaitytaknyga.lt\/produktas\/nora-webster\/","name":"Nora Webster","isPartOf":{"@id":"https:\/\/skaitytaknyga.lt\/#website"},"primaryImageOfPage":{"@id":"https:\/\/skaitytaknyga.lt\/produktas\/nora-webster\/#primaryimage"},"image":{"@id":"https:\/\/skaitytaknyga.lt\/produktas\/nora-webster\/#primaryimage"},"thumbnailUrl":"https:\/\/skaitytaknyga.lt\/wp-content\/uploads\/2025\/10\/Nora-Webster-1.webp","datePublished":"2025-10-25T09:19:45+00:00","dateModified":"2026-03-16T07:17:49+00:00","description":"Colmas T\u00f3ib\u00ednas (g.1955) \u2013 vienas \u017eymiausi\u0173 \u0161iuolaikini\u0173 airi\u0173 ra\u0161ytoj\u0173. Yra peln\u0119s tarptautin\u0119 IMPAC Dublino literat\u016bros premij\u0105 u\u017e roman\u0105 \u201eMeistras\",","breadcrumb":{"@id":"https:\/\/skaitytaknyga.lt\/produktas\/nora-webster\/#breadcrumb"},"inLanguage":"en-GB","potentialAction":[{"@type":"ReadAction","target":["https:\/\/skaitytaknyga.lt\/produktas\/nora-webster\/"]}]},{"@type":"ImageObject","inLanguage":"en-GB","@id":"https:\/\/skaitytaknyga.lt\/produktas\/nora-webster\/#primaryimage","url":"https:\/\/skaitytaknyga.lt\/wp-content\/uploads\/2025\/10\/Nora-Webster-1.webp","contentUrl":"https:\/\/skaitytaknyga.lt\/wp-content\/uploads\/2025\/10\/Nora-Webster-1.webp","width":329,"height":499,"caption":"Nora Webster"},{"@type":"BreadcrumbList","@id":"https:\/\/skaitytaknyga.lt\/produktas\/nora-webster\/#breadcrumb","itemListElement":[{"@type":"ListItem","position":1,"name":"Home","item":"https:\/\/skaitytaknyga.lt\/"},{"@type":"ListItem","position":2,"name":"Parduotuv\u0117","item":"https:\/\/skaitytaknyga.lt\/knygu-parduotuve\/"},{"@type":"ListItem","position":3,"name":"Nora Webster"}]},{"@type":"WebSite","@id":"https:\/\/skaitytaknyga.lt\/#website","url":"https:\/\/skaitytaknyga.lt\/","name":"skaitytaknyga.lt","description":"Skaitytaknyga.lt \u2013 tai ma\u017eas \u0161eimos verslas, kuris prasid\u0117jo nuo meil\u0117s knygoms ir siekio i\u0161gelb\u0117ti knygas nuo likimo prie konteinerio. Kas vienam nereikalingas daiktas \u2013 kitam lobis, o mes esame tarpininkai, kurie padeda abiems tapti laimingesniems ???? \u017dinome kaip nelengva i\u0161gyventi ma\u017eiems verslams, tad nuo \u0161iol, \u010dia rasite ir kit\u0173, ma\u017e\u0173 \u0161eim\u0173 versl\u0173, rank\u0173 darbo, dovan\u0173 sau ir artimiesiems.","publisher":{"@id":"https:\/\/skaitytaknyga.lt\/#organization"},"potentialAction":[{"@type":"SearchAction","target":{"@type":"EntryPoint","urlTemplate":"https:\/\/skaitytaknyga.lt\/?s={search_term_string}"},"query-input":{"@type":"PropertyValueSpecification","valueRequired":true,"valueName":"search_term_string"}}],"inLanguage":"en-GB"},{"@type":"Organization","@id":"https:\/\/skaitytaknyga.lt\/#organization","name":"skaitytaknyga.lt","url":"https:\/\/skaitytaknyga.lt\/","logo":{"@type":"ImageObject","inLanguage":"en-GB","@id":"https:\/\/skaitytaknyga.lt\/#\/schema\/logo\/image\/","url":"https:\/\/skaitytaknyga.lt\/wp-content\/uploads\/2024\/05\/cropped-cropped-cropped-02_00843_jt3bggkj1j3HLc7SyY6rEUpg.jpeg","contentUrl":"https:\/\/skaitytaknyga.lt\/wp-content\/uploads\/2024\/05\/cropped-cropped-cropped-02_00843_jt3bggkj1j3HLc7SyY6rEUpg.jpeg","width":1600,"height":1600,"caption":"skaitytaknyga.lt"},"image":{"@id":"https:\/\/skaitytaknyga.lt\/#\/schema\/logo\/image\/"},"sameAs":["https:\/\/www.facebook.com\/skaitytaknyga\/"]}]}},"_links":{"self":[{"href":"https:\/\/skaitytaknyga.lt\/en\/wp-json\/wp\/v2\/product\/21632","targetHints":{"allow":["GET"]}}],"collection":[{"href":"https:\/\/skaitytaknyga.lt\/en\/wp-json\/wp\/v2\/product"}],"about":[{"href":"https:\/\/skaitytaknyga.lt\/en\/wp-json\/wp\/v2\/types\/product"}],"replies":[{"embeddable":true,"href":"https:\/\/skaitytaknyga.lt\/en\/wp-json\/wp\/v2\/comments?post=21632"}],"wp:featuredmedia":[{"embeddable":true,"href":"https:\/\/skaitytaknyga.lt\/en\/wp-json\/wp\/v2\/media\/21637"}],"wp:attachment":[{"href":"https:\/\/skaitytaknyga.lt\/en\/wp-json\/wp\/v2\/media?parent=21632"}],"wp:term":[{"taxonomy":"product_brand","embeddable":true,"href":"https:\/\/skaitytaknyga.lt\/en\/wp-json\/wp\/v2\/product_brand?post=21632"},{"taxonomy":"product_cat","embeddable":true,"href":"https:\/\/skaitytaknyga.lt\/en\/wp-json\/wp\/v2\/product_cat?post=21632"},{"taxonomy":"product_tag","embeddable":true,"href":"https:\/\/skaitytaknyga.lt\/en\/wp-json\/wp\/v2\/product_tag?post=21632"}],"curies":[{"name":"wp","href":"https:\/\/api.w.org\/{rel}","templated":true}]}}