{"id":21624,"date":"2025-10-25T12:10:53","date_gmt":"2025-10-25T09:10:53","guid":{"rendered":"https:\/\/skaitytaknyga.lt\/?post_type=product&#038;p=21624"},"modified":"2025-10-25T12:24:53","modified_gmt":"2025-10-25T09:24:53","slug":"vieningieji","status":"publish","type":"product","link":"https:\/\/skaitytaknyga.lt\/en\/produktas\/vieningieji\/","title":{"rendered":"Vieningieji"},"content":{"rendered":"<p>Kaitrus vasaros sekmadienis Piet\u0173 Kalifornijoje. Bertas Kazinsas netik\u0117tai pasirodo Fran\u0117s Kiting krik\u0161tyn\u0173 pob\u016bvyje su d\u017eino buteliu vietoje pakvietimo. N\u0117 nesp\u0117jus sutemti visi Kiting\u0173 sode augantys apelsinmed\u017eiai bus nura\u0161kyti, d\u017einas su \u0161vie\u017eiomis apelsin\u0173 sultimis \u2013 i\u0161gertas, o Bertas Kazinsas pabu\u010diuos Fran\u0117s motin\u0105 Beverl\u0119 Kiting.<\/p>\n<p>\u0160is i\u0161 pa\u017ei\u016bros nereik\u0161mingas \u012fvykis negr\u012f\u017etamai pakeis dviej\u0173 sutuoktini\u0173 por\u0173 ir \u0161e\u0161i\u0173 j\u0173 vaik\u0173 likimus. Kartu leisdami vasaras, Kazins\u0173 ir Kiting\u0173 vaikai visam gyvenimui u\u017emegs nesutraukomus ry\u0161ius, kuri\u0173 akstinas \u2013 nusivylimas savo t\u0117vais ir keistas, bet nuo\u0161irdus vieningumas.<\/p>\n<p>\u201eVieningieji&#8221; \u2013 \u017emogi\u0161k\u0173j\u0173 ry\u0161i\u0173 branduol\u012f \u012ftaigiai skrod\u017eianti spalvinga ir skausmingai nuo\u0161irdi dviej\u0173 \u0161eim\u0173 saga, apimanti penkis j\u0173 gyvenimo de\u0161imtme\u010dius. Tai pasakojimas apie gilius meil\u0117s, atsakomyb\u0117s, vienov\u0117s ir neretai kalt\u0117s saitus, kurie nei\u0161vengiamai sieja artimuosius.<\/p>\n","protected":false},"excerpt":{"rendered":"<p>Kaitrus vasaros sekmadienis Piet\u0173 Kalifornijoje. Bertas Kazinsas netik\u0117tai pasirodo Fran\u0117s Kiting krik\u0161tyn\u0173 pob\u016bvyje su d\u017eino buteliu vietoje pakvietimo. N\u0117 nesp\u0117jus sutemti visi Kiting\u0173 sode augantys apelsinmed\u017eiai bus nura\u0161kyti, d\u017einas su \u0161vie\u017eiomis apelsin\u0173 sultimis \u2013 i\u0161gertas, o Bertas Kazinsas pabu\u010diuos Fran\u0117s motin\u0105 Beverl\u0119 Kiting. \u0160is i\u0161 pa\u017ei\u016bros nereik\u0161mingas \u012fvykis negr\u012f\u017etamai pakeis dviej\u0173 sutuoktini\u0173 por\u0173 ir \u0161e\u0161i\u0173 j\u0173 vaik\u0173 likimus. Kartu leisdami vasaras, Kazins\u0173 ir Kiting\u0173 vaikai visam gyvenimui u\u017emegs nesutraukomus ry\u0161ius, kuri\u0173 akstinas \u2013 nusivylimas savo t\u0117vais ir keistas, bet nuo\u0161irdus vieningumas. \u201eVieningieji&#8221; \u2013 \u017emogi\u0161k\u0173j\u0173 ry\u0161i\u0173 branduol\u012f \u012ftaigiai skrod\u017eianti spalvinga ir skausmingai nuo\u0161irdi dviej\u0173 \u0161eim\u0173 saga, apimanti penkis j\u0173 gyvenimo de\u0161imtme\u010dius. Tai pasakojimas apie gilius meil\u0117s, atsakomyb\u0117s, vienov\u0117s ir neretai kalt\u0117s saitus, kurie nei\u0161vengiamai sieja artimuosius.<\/p>\n","protected":false},"featured_media":21630,"comment_status":"open","ping_status":"closed","template":"","meta":{"_acf_changed":false,"site-sidebar-layout":"default","site-content-layout":"","ast-site-content-layout":"default","site-content-style":"default","site-sidebar-style":"default","ast-global-header-display":"","ast-banner-title-visibility":"","ast-main-header-display":"","ast-hfb-above-header-display":"","ast-hfb-below-header-display":"","ast-hfb-mobile-header-display":"","site-post-title":"","ast-breadcrumbs-content":"","ast-featured-img":"","footer-sml-layout":"","ast-disable-related-posts":"","theme-transparent-header-meta":"","adv-header-id-meta":"","stick-header-meta":"","header-above-stick-meta":"","header-main-stick-meta":"","header-below-stick-meta":"","astra-migrate-meta-layouts":"default","ast-page-background-enabled":"default","ast-page-background-meta":{"desktop":{"background-color":"","background-image":"","background-repeat":"repeat","background-position":"center center","background-size":"auto","background-attachment":"scroll","background-type":"","background-media":"","overlay-type":"","overlay-color":"","overlay-opacity":"","overlay-gradient":""},"tablet":{"background-color":"","background-image":"","background-repeat":"repeat","background-position":"center center","background-size":"auto","background-attachment":"scroll","background-type":"","background-media":"","overlay-type":"","overlay-color":"","overlay-opacity":"","overlay-gradient":""},"mobile":{"background-color":"","background-image":"","background-repeat":"repeat","background-position":"center center","background-size":"auto","background-attachment":"scroll","background-type":"","background-media":"","overlay-type":"","overlay-color":"","overlay-opacity":"","overlay-gradient":""}},"ast-content-background-meta":{"desktop":{"background-color":"var(--ast-global-color-4)","background-image":"","background-repeat":"repeat","background-position":"center center","background-size":"auto","background-attachment":"scroll","background-type":"","background-media":"","overlay-type":"","overlay-color":"","overlay-opacity":"","overlay-gradient":""},"tablet":{"background-color":"var(--ast-global-color-4)","background-image":"","background-repeat":"repeat","background-position":"center center","background-size":"auto","background-attachment":"scroll","background-type":"","background-media":"","overlay-type":"","overlay-color":"","overlay-opacity":"","overlay-gradient":""},"mobile":{"background-color":"var(--ast-global-color-4)","background-image":"","background-repeat":"repeat","background-position":"center center","background-size":"auto","background-attachment":"scroll","background-type":"","background-media":"","overlay-type":"","overlay-color":"","overlay-opacity":"","overlay-gradient":""}}},"product_brand":[],"product_cat":[31],"product_tag":[],"class_list":{"0":"post-21624","1":"product","2":"type-product","3":"status-publish","4":"has-post-thumbnail","6":"product_cat-grozine-literatura","7":"desktop-align-left","8":"tablet-align-left","9":"mobile-align-left","11":"first","12":"instock","13":"shipping-taxable","14":"purchasable","15":"product-type-simple"},"acf":[],"yoast_head":"<!-- This site is optimized with the Yoast SEO plugin v27.0 - https:\/\/yoast.com\/product\/yoast-seo-wordpress\/ -->\n<title>Vieningieji<\/title>\n<meta name=\"description\" content=\"Kaitrus vasaros sekmadienis Piet\u0173 Kalifornijoje. Bertas Kazinsas netik\u0117tai pasirodo Fran\u0117s Kiting krik\u0161tyn\u0173 pob\u016bvyje su d\u017eino buteliu vietoje pakvietimo.\" \/>\n<meta name=\"robots\" content=\"index, follow, max-snippet:-1, max-image-preview:large, max-video-preview:-1\" \/>\n<link rel=\"canonical\" href=\"https:\/\/skaitytaknyga.lt\/en\/produktas\/vieningieji\/\" \/>\n<meta property=\"og:locale\" content=\"en_GB\" \/>\n<meta property=\"og:locale:alternate\" content=\"lt_LT\" \/>\n<meta property=\"og:type\" content=\"article\" \/>\n<meta property=\"og:title\" content=\"Vieningieji\" \/>\n<meta property=\"og:description\" content=\"Kaitrus vasaros sekmadienis Piet\u0173 Kalifornijoje. Bertas Kazinsas netik\u0117tai pasirodo Fran\u0117s Kiting krik\u0161tyn\u0173 pob\u016bvyje su d\u017eino buteliu vietoje pakvietimo.\" \/>\n<meta property=\"og:url\" content=\"https:\/\/skaitytaknyga.lt\/en\/produktas\/vieningieji\/\" \/>\n<meta property=\"og:site_name\" content=\"Skaitytaknyga\" \/>\n<meta property=\"article:publisher\" content=\"https:\/\/www.facebook.com\/skaitytaknyga\/\" \/>\n<meta property=\"article:modified_time\" content=\"2025-10-25T09:24:53+00:00\" \/>\n<meta property=\"og:image\" content=\"https:\/\/skaitytaknyga.lt\/wp-content\/uploads\/2025\/10\/Vieningieji-1.webp\" \/>\n\t<meta property=\"og:image:width\" content=\"453\" \/>\n\t<meta property=\"og:image:height\" content=\"654\" \/>\n\t<meta property=\"og:image:type\" content=\"image\/webp\" \/>\n<meta name=\"twitter:card\" content=\"summary_large_image\" \/>\n<meta name=\"twitter:label1\" content=\"Estimated reading time\" \/>\n\t<meta name=\"twitter:data1\" content=\"1 minute\" \/>\n<script type=\"application\/ld+json\" class=\"yoast-schema-graph\">{\"@context\":\"https:\/\/schema.org\",\"@graph\":[{\"@type\":\"WebPage\",\"@id\":\"https:\/\/skaitytaknyga.lt\/produktas\/vieningieji\/\",\"url\":\"https:\/\/skaitytaknyga.lt\/produktas\/vieningieji\/\",\"name\":\"Vieningieji\",\"isPartOf\":{\"@id\":\"https:\/\/skaitytaknyga.lt\/#website\"},\"primaryImageOfPage\":{\"@id\":\"https:\/\/skaitytaknyga.lt\/produktas\/vieningieji\/#primaryimage\"},\"image\":{\"@id\":\"https:\/\/skaitytaknyga.lt\/produktas\/vieningieji\/#primaryimage\"},\"thumbnailUrl\":\"https:\/\/skaitytaknyga.lt\/wp-content\/uploads\/2025\/10\/Vieningieji-1.webp\",\"datePublished\":\"2025-10-25T09:10:53+00:00\",\"dateModified\":\"2025-10-25T09:24:53+00:00\",\"description\":\"Kaitrus vasaros sekmadienis Piet\u0173 Kalifornijoje. Bertas Kazinsas netik\u0117tai pasirodo Fran\u0117s Kiting krik\u0161tyn\u0173 pob\u016bvyje su d\u017eino buteliu vietoje pakvietimo.\",\"breadcrumb\":{\"@id\":\"https:\/\/skaitytaknyga.lt\/produktas\/vieningieji\/#breadcrumb\"},\"inLanguage\":\"en-GB\",\"potentialAction\":[{\"@type\":\"ReadAction\",\"target\":[\"https:\/\/skaitytaknyga.lt\/produktas\/vieningieji\/\"]}]},{\"@type\":\"ImageObject\",\"inLanguage\":\"en-GB\",\"@id\":\"https:\/\/skaitytaknyga.lt\/produktas\/vieningieji\/#primaryimage\",\"url\":\"https:\/\/skaitytaknyga.lt\/wp-content\/uploads\/2025\/10\/Vieningieji-1.webp\",\"contentUrl\":\"https:\/\/skaitytaknyga.lt\/wp-content\/uploads\/2025\/10\/Vieningieji-1.webp\",\"width\":453,\"height\":654,\"caption\":\"Vieningieji\"},{\"@type\":\"BreadcrumbList\",\"@id\":\"https:\/\/skaitytaknyga.lt\/produktas\/vieningieji\/#breadcrumb\",\"itemListElement\":[{\"@type\":\"ListItem\",\"position\":1,\"name\":\"Home\",\"item\":\"https:\/\/skaitytaknyga.lt\/\"},{\"@type\":\"ListItem\",\"position\":2,\"name\":\"Parduotuv\u0117\",\"item\":\"https:\/\/skaitytaknyga.lt\/knygu-parduotuve\/\"},{\"@type\":\"ListItem\",\"position\":3,\"name\":\"Vieningieji\"}]},{\"@type\":\"WebSite\",\"@id\":\"https:\/\/skaitytaknyga.lt\/#website\",\"url\":\"https:\/\/skaitytaknyga.lt\/\",\"name\":\"skaitytaknyga.lt\",\"description\":\"Skaitytaknyga.lt \u2013 tai ma\u017eas \u0161eimos verslas, kuris prasid\u0117jo nuo meil\u0117s knygoms ir siekio i\u0161gelb\u0117ti knygas nuo likimo prie konteinerio. Kas vienam nereikalingas daiktas \u2013 kitam lobis, o mes esame tarpininkai, kurie padeda abiems tapti laimingesniems ???? \u017dinome kaip nelengva i\u0161gyventi ma\u017eiems verslams, tad nuo \u0161iol, \u010dia rasite ir kit\u0173, ma\u017e\u0173 \u0161eim\u0173 versl\u0173, rank\u0173 darbo, dovan\u0173 sau ir artimiesiems.\",\"publisher\":{\"@id\":\"https:\/\/skaitytaknyga.lt\/#organization\"},\"potentialAction\":[{\"@type\":\"SearchAction\",\"target\":{\"@type\":\"EntryPoint\",\"urlTemplate\":\"https:\/\/skaitytaknyga.lt\/?s={search_term_string}\"},\"query-input\":{\"@type\":\"PropertyValueSpecification\",\"valueRequired\":true,\"valueName\":\"search_term_string\"}}],\"inLanguage\":\"en-GB\"},{\"@type\":\"Organization\",\"@id\":\"https:\/\/skaitytaknyga.lt\/#organization\",\"name\":\"skaitytaknyga.lt\",\"url\":\"https:\/\/skaitytaknyga.lt\/\",\"logo\":{\"@type\":\"ImageObject\",\"inLanguage\":\"en-GB\",\"@id\":\"https:\/\/skaitytaknyga.lt\/#\/schema\/logo\/image\/\",\"url\":\"https:\/\/skaitytaknyga.lt\/wp-content\/uploads\/2024\/05\/cropped-cropped-cropped-02_00843_jt3bggkj1j3HLc7SyY6rEUpg.jpeg\",\"contentUrl\":\"https:\/\/skaitytaknyga.lt\/wp-content\/uploads\/2024\/05\/cropped-cropped-cropped-02_00843_jt3bggkj1j3HLc7SyY6rEUpg.jpeg\",\"width\":1600,\"height\":1600,\"caption\":\"skaitytaknyga.lt\"},\"image\":{\"@id\":\"https:\/\/skaitytaknyga.lt\/#\/schema\/logo\/image\/\"},\"sameAs\":[\"https:\/\/www.facebook.com\/skaitytaknyga\/\"]}]}<\/script>\n<!-- \/ Yoast SEO plugin. -->","yoast_head_json":{"title":"Vieningieji","description":"Kaitrus vasaros sekmadienis Piet\u0173 Kalifornijoje. Bertas Kazinsas netik\u0117tai pasirodo Fran\u0117s Kiting krik\u0161tyn\u0173 pob\u016bvyje su d\u017eino buteliu vietoje pakvietimo.","robots":{"index":"index","follow":"follow","max-snippet":"max-snippet:-1","max-image-preview":"max-image-preview:large","max-video-preview":"max-video-preview:-1"},"canonical":"https:\/\/skaitytaknyga.lt\/en\/produktas\/vieningieji\/","og_locale":"en_GB","og_type":"article","og_title":"[:lt]Vieningieji[:] - Skaitytaknyga","og_description":"Kaitrus vasaros sekmadienis Piet\u0173 Kalifornijoje. Bertas Kazinsas netik\u0117tai pasirodo Fran\u0117s Kiting krik\u0161tyn\u0173 pob\u016bvyje su d\u017eino buteliu vietoje pakvietimo.","og_url":"https:\/\/skaitytaknyga.lt\/en\/produktas\/vieningieji\/","og_site_name":"Skaitytaknyga","article_publisher":"https:\/\/www.facebook.com\/skaitytaknyga\/","article_modified_time":"2025-10-25T09:24:53+00:00","og_image":[{"width":453,"height":654,"url":"https:\/\/skaitytaknyga.lt\/wp-content\/uploads\/2025\/10\/Vieningieji-1.webp","type":"image\/webp"}],"twitter_card":"summary_large_image","twitter_misc":{"Estimated reading time":"1 minute"},"schema":{"@context":"https:\/\/schema.org","@graph":[{"@type":"WebPage","@id":"https:\/\/skaitytaknyga.lt\/produktas\/vieningieji\/","url":"https:\/\/skaitytaknyga.lt\/produktas\/vieningieji\/","name":"Vieningieji","isPartOf":{"@id":"https:\/\/skaitytaknyga.lt\/#website"},"primaryImageOfPage":{"@id":"https:\/\/skaitytaknyga.lt\/produktas\/vieningieji\/#primaryimage"},"image":{"@id":"https:\/\/skaitytaknyga.lt\/produktas\/vieningieji\/#primaryimage"},"thumbnailUrl":"https:\/\/skaitytaknyga.lt\/wp-content\/uploads\/2025\/10\/Vieningieji-1.webp","datePublished":"2025-10-25T09:10:53+00:00","dateModified":"2025-10-25T09:24:53+00:00","description":"Kaitrus vasaros sekmadienis Piet\u0173 Kalifornijoje. Bertas Kazinsas netik\u0117tai pasirodo Fran\u0117s Kiting krik\u0161tyn\u0173 pob\u016bvyje su d\u017eino buteliu vietoje pakvietimo.","breadcrumb":{"@id":"https:\/\/skaitytaknyga.lt\/produktas\/vieningieji\/#breadcrumb"},"inLanguage":"en-GB","potentialAction":[{"@type":"ReadAction","target":["https:\/\/skaitytaknyga.lt\/produktas\/vieningieji\/"]}]},{"@type":"ImageObject","inLanguage":"en-GB","@id":"https:\/\/skaitytaknyga.lt\/produktas\/vieningieji\/#primaryimage","url":"https:\/\/skaitytaknyga.lt\/wp-content\/uploads\/2025\/10\/Vieningieji-1.webp","contentUrl":"https:\/\/skaitytaknyga.lt\/wp-content\/uploads\/2025\/10\/Vieningieji-1.webp","width":453,"height":654,"caption":"Vieningieji"},{"@type":"BreadcrumbList","@id":"https:\/\/skaitytaknyga.lt\/produktas\/vieningieji\/#breadcrumb","itemListElement":[{"@type":"ListItem","position":1,"name":"Home","item":"https:\/\/skaitytaknyga.lt\/"},{"@type":"ListItem","position":2,"name":"Parduotuv\u0117","item":"https:\/\/skaitytaknyga.lt\/knygu-parduotuve\/"},{"@type":"ListItem","position":3,"name":"Vieningieji"}]},{"@type":"WebSite","@id":"https:\/\/skaitytaknyga.lt\/#website","url":"https:\/\/skaitytaknyga.lt\/","name":"skaitytaknyga.lt","description":"Skaitytaknyga.lt \u2013 tai ma\u017eas \u0161eimos verslas, kuris prasid\u0117jo nuo meil\u0117s knygoms ir siekio i\u0161gelb\u0117ti knygas nuo likimo prie konteinerio. Kas vienam nereikalingas daiktas \u2013 kitam lobis, o mes esame tarpininkai, kurie padeda abiems tapti laimingesniems ???? \u017dinome kaip nelengva i\u0161gyventi ma\u017eiems verslams, tad nuo \u0161iol, \u010dia rasite ir kit\u0173, ma\u017e\u0173 \u0161eim\u0173 versl\u0173, rank\u0173 darbo, dovan\u0173 sau ir artimiesiems.","publisher":{"@id":"https:\/\/skaitytaknyga.lt\/#organization"},"potentialAction":[{"@type":"SearchAction","target":{"@type":"EntryPoint","urlTemplate":"https:\/\/skaitytaknyga.lt\/?s={search_term_string}"},"query-input":{"@type":"PropertyValueSpecification","valueRequired":true,"valueName":"search_term_string"}}],"inLanguage":"en-GB"},{"@type":"Organization","@id":"https:\/\/skaitytaknyga.lt\/#organization","name":"skaitytaknyga.lt","url":"https:\/\/skaitytaknyga.lt\/","logo":{"@type":"ImageObject","inLanguage":"en-GB","@id":"https:\/\/skaitytaknyga.lt\/#\/schema\/logo\/image\/","url":"https:\/\/skaitytaknyga.lt\/wp-content\/uploads\/2024\/05\/cropped-cropped-cropped-02_00843_jt3bggkj1j3HLc7SyY6rEUpg.jpeg","contentUrl":"https:\/\/skaitytaknyga.lt\/wp-content\/uploads\/2024\/05\/cropped-cropped-cropped-02_00843_jt3bggkj1j3HLc7SyY6rEUpg.jpeg","width":1600,"height":1600,"caption":"skaitytaknyga.lt"},"image":{"@id":"https:\/\/skaitytaknyga.lt\/#\/schema\/logo\/image\/"},"sameAs":["https:\/\/www.facebook.com\/skaitytaknyga\/"]}]}},"_links":{"self":[{"href":"https:\/\/skaitytaknyga.lt\/en\/wp-json\/wp\/v2\/product\/21624","targetHints":{"allow":["GET"]}}],"collection":[{"href":"https:\/\/skaitytaknyga.lt\/en\/wp-json\/wp\/v2\/product"}],"about":[{"href":"https:\/\/skaitytaknyga.lt\/en\/wp-json\/wp\/v2\/types\/product"}],"replies":[{"embeddable":true,"href":"https:\/\/skaitytaknyga.lt\/en\/wp-json\/wp\/v2\/comments?post=21624"}],"wp:featuredmedia":[{"embeddable":true,"href":"https:\/\/skaitytaknyga.lt\/en\/wp-json\/wp\/v2\/media\/21630"}],"wp:attachment":[{"href":"https:\/\/skaitytaknyga.lt\/en\/wp-json\/wp\/v2\/media?parent=21624"}],"wp:term":[{"taxonomy":"product_brand","embeddable":true,"href":"https:\/\/skaitytaknyga.lt\/en\/wp-json\/wp\/v2\/product_brand?post=21624"},{"taxonomy":"product_cat","embeddable":true,"href":"https:\/\/skaitytaknyga.lt\/en\/wp-json\/wp\/v2\/product_cat?post=21624"},{"taxonomy":"product_tag","embeddable":true,"href":"https:\/\/skaitytaknyga.lt\/en\/wp-json\/wp\/v2\/product_tag?post=21624"}],"curies":[{"name":"wp","href":"https:\/\/api.w.org\/{rel}","templated":true}]}}