{"id":21621,"date":"2025-10-25T12:10:52","date_gmt":"2025-10-25T09:10:52","guid":{"rendered":"https:\/\/skaitytaknyga.lt\/?post_type=product&#038;p=21621"},"modified":"2025-10-25T12:24:53","modified_gmt":"2025-10-25T09:24:53","slug":"svetimsale-lemtingas-susitikimas-ii-dalis","status":"publish","type":"product","link":"https:\/\/skaitytaknyga.lt\/en\/produktas\/svetimsale-lemtingas-susitikimas-ii-dalis\/","title":{"rendered":"Svetim\u0161al\u0117. Lemtingas susitikimas (II dalis)"},"content":{"rendered":"<p>Pasibaigus Antrajam pasauliniam karui, Kler\u0117 ir Frenkas Randalai pagaliau v\u0117l susitinka ir nuvyksta \u012f \u0160kotij\u0105 praleisti antro medaus m\u0117nesio. Ta\u010diau ten mylimieji netik\u0117tai v\u0117l i\u0161skiriami \u2013 Kler\u0117 nety\u010dia pereina tarp akmen\u0173 paslaptingame akmen\u0173 rate ir patenka \u012f praeit\u012f, \u012f 18 am\u017ei\u0173&#8230;<\/p>\n<p>Pirmojoje knygos \u201eSvetim\u0161al\u0117. Lemtingas susitikimas\u201c dalyje moteris bando prisitaikyti tik i\u0161 istorijos vadov\u0117li\u0173 pa\u017e\u012fstamoje aplinkoje, patiria virtin\u0119 nuotyki\u0173 ir&#8230; netik\u0117tai \u012fsimyli vyr\u0105, u\u017e kurio buvo prievarta i\u0161tekinta \u2013 \u017eav\u0173j\u012f D\u017eeim\u012f Freizer\u012f. Ta\u010diau j\u0173dviej\u0173 meil\u0117 turi \u012fveikti daug i\u0161bandym\u0173, juo labiau kad Kler\u0117 negali pamir\u0161ti ir kitame am\u017eiuje likusio Frenko&#8230;<\/p>\n<p>Antrojoje knygos \u201eSvetim\u0161al\u0117. Lemtingas susitikimas\u201c dalyje toliau pasakojama D\u017eeimio ir Kler\u0117s meil\u0117s istorija. Ima ai\u0161k\u0117ti daug paslap\u010di\u0173, gaubian\u010di\u0173 D\u017eeim\u012f ir jo \u0161eim\u0105. O Kler\u0119 u\u017egri\u016bva nauji i\u0161bandymai. Vis\u0173 \u012fvyki\u0173 atomazga labai netik\u0117ta&#8230;<br \/>\nBet gal \u0161\u012fkart moteriai pagaliau pavyks rasti atsakym\u0105 \u012f sud\u0117ting\u0105 klausim\u0105 \u2013 ko i\u0161 tikr\u0173j\u0173 trok\u0161ta jos \u0161irdis?..<\/p>\n","protected":false},"excerpt":{"rendered":"<p>Pasibaigus Antrajam pasauliniam karui, Kler\u0117 ir Frenkas Randalai pagaliau v\u0117l susitinka ir nuvyksta \u012f \u0160kotij\u0105 praleisti antro medaus m\u0117nesio. Ta\u010diau ten mylimieji netik\u0117tai v\u0117l i\u0161skiriami \u2013 Kler\u0117 nety\u010dia pereina tarp akmen\u0173 paslaptingame akmen\u0173 rate ir patenka \u012f praeit\u012f, \u012f 18 am\u017ei\u0173&#8230; Pirmojoje knygos \u201eSvetim\u0161al\u0117. Lemtingas susitikimas\u201c dalyje moteris bando prisitaikyti tik i\u0161 istorijos vadov\u0117li\u0173 pa\u017e\u012fstamoje aplinkoje, patiria virtin\u0119 nuotyki\u0173 ir&#8230; netik\u0117tai \u012fsimyli vyr\u0105, u\u017e kurio buvo prievarta i\u0161tekinta \u2013 \u017eav\u0173j\u012f D\u017eeim\u012f Freizer\u012f. Ta\u010diau j\u0173dviej\u0173 meil\u0117 turi \u012fveikti daug i\u0161bandym\u0173, juo labiau kad Kler\u0117 negali pamir\u0161ti ir kitame am\u017eiuje likusio Frenko&#8230; Antrojoje knygos \u201eSvetim\u0161al\u0117. Lemtingas susitikimas\u201c dalyje toliau pasakojama D\u017eeimio ir Kler\u0117s meil\u0117s istorija. Ima ai\u0161k\u0117ti daug paslap\u010di\u0173, gaubian\u010di\u0173 D\u017eeim\u012f ir jo \u0161eim\u0105. O Kler\u0119 u\u017egri\u016bva nauji i\u0161bandymai. Vis\u0173 \u012fvyki\u0173 atomazga labai netik\u0117ta&#8230; Bet gal \u0161\u012fkart moteriai pagaliau pavyks rasti atsakym\u0105 \u012f sud\u0117ting\u0105 klausim\u0105 \u2013 ko i\u0161 tikr\u0173j\u0173 trok\u0161ta jos \u0161irdis?..<\/p>\n","protected":false},"featured_media":21626,"comment_status":"open","ping_status":"closed","template":"","meta":{"_acf_changed":false,"site-sidebar-layout":"default","site-content-layout":"","ast-site-content-layout":"default","site-content-style":"default","site-sidebar-style":"default","ast-global-header-display":"","ast-banner-title-visibility":"","ast-main-header-display":"","ast-hfb-above-header-display":"","ast-hfb-below-header-display":"","ast-hfb-mobile-header-display":"","site-post-title":"","ast-breadcrumbs-content":"","ast-featured-img":"","footer-sml-layout":"","ast-disable-related-posts":"","theme-transparent-header-meta":"","adv-header-id-meta":"","stick-header-meta":"","header-above-stick-meta":"","header-main-stick-meta":"","header-below-stick-meta":"","astra-migrate-meta-layouts":"default","ast-page-background-enabled":"default","ast-page-background-meta":{"desktop":{"background-color":"","background-image":"","background-repeat":"repeat","background-position":"center center","background-size":"auto","background-attachment":"scroll","background-type":"","background-media":"","overlay-type":"","overlay-color":"","overlay-opacity":"","overlay-gradient":""},"tablet":{"background-color":"","background-image":"","background-repeat":"repeat","background-position":"center center","background-size":"auto","background-attachment":"scroll","background-type":"","background-media":"","overlay-type":"","overlay-color":"","overlay-opacity":"","overlay-gradient":""},"mobile":{"background-color":"","background-image":"","background-repeat":"repeat","background-position":"center center","background-size":"auto","background-attachment":"scroll","background-type":"","background-media":"","overlay-type":"","overlay-color":"","overlay-opacity":"","overlay-gradient":""}},"ast-content-background-meta":{"desktop":{"background-color":"var(--ast-global-color-4)","background-image":"","background-repeat":"repeat","background-position":"center center","background-size":"auto","background-attachment":"scroll","background-type":"","background-media":"","overlay-type":"","overlay-color":"","overlay-opacity":"","overlay-gradient":""},"tablet":{"background-color":"var(--ast-global-color-4)","background-image":"","background-repeat":"repeat","background-position":"center center","background-size":"auto","background-attachment":"scroll","background-type":"","background-media":"","overlay-type":"","overlay-color":"","overlay-opacity":"","overlay-gradient":""},"mobile":{"background-color":"var(--ast-global-color-4)","background-image":"","background-repeat":"repeat","background-position":"center center","background-size":"auto","background-attachment":"scroll","background-type":"","background-media":"","overlay-type":"","overlay-color":"","overlay-opacity":"","overlay-gradient":""}}},"product_brand":[],"product_cat":[31],"product_tag":[],"class_list":{"0":"post-21621","1":"product","2":"type-product","3":"status-publish","4":"has-post-thumbnail","6":"product_cat-grozine-literatura","7":"desktop-align-left","8":"tablet-align-left","9":"mobile-align-left","11":"first","12":"instock","13":"shipping-taxable","14":"purchasable","15":"product-type-simple"},"acf":[],"yoast_head":"<!-- This site is optimized with the Yoast SEO plugin v27.0 - https:\/\/yoast.com\/product\/yoast-seo-wordpress\/ -->\n<title>Svetim\u0161al\u0117. Lemtingas susitikimas (II dalis)<\/title>\n<meta name=\"description\" content=\"Pasibaigus Antrajam pasauliniam karui, Kler\u0117 ir Frenkas Randalai pagaliau v\u0117l susitinka ir nuvyksta \u012f \u0160kotij\u0105 praleisti antro medaus m\u0117nesio. Ta\u010diau ten\" \/>\n<meta name=\"robots\" content=\"index, follow, max-snippet:-1, max-image-preview:large, max-video-preview:-1\" \/>\n<link rel=\"canonical\" href=\"https:\/\/skaitytaknyga.lt\/en\/produktas\/svetimsale-lemtingas-susitikimas-ii-dalis\/\" \/>\n<meta property=\"og:locale\" content=\"en_GB\" \/>\n<meta property=\"og:locale:alternate\" content=\"lt_LT\" \/>\n<meta property=\"og:type\" content=\"article\" \/>\n<meta property=\"og:title\" content=\"Svetim\u0161al\u0117. Lemtingas susitikimas (II dalis)\" \/>\n<meta property=\"og:description\" content=\"Pasibaigus Antrajam pasauliniam karui, Kler\u0117 ir Frenkas Randalai pagaliau v\u0117l susitinka ir nuvyksta \u012f \u0160kotij\u0105 praleisti antro medaus m\u0117nesio. Ta\u010diau ten\" \/>\n<meta property=\"og:url\" content=\"https:\/\/skaitytaknyga.lt\/en\/produktas\/svetimsale-lemtingas-susitikimas-ii-dalis\/\" \/>\n<meta property=\"og:site_name\" content=\"Skaitytaknyga\" \/>\n<meta property=\"article:publisher\" content=\"https:\/\/www.facebook.com\/skaitytaknyga\/\" \/>\n<meta property=\"article:modified_time\" content=\"2025-10-25T09:24:53+00:00\" \/>\n<meta property=\"og:image\" content=\"https:\/\/skaitytaknyga.lt\/wp-content\/uploads\/2025\/10\/Svetimsale.-Lemtingas-susitikimas-II-dalis-1.webp\" \/>\n\t<meta property=\"og:image:width\" content=\"428\" \/>\n\t<meta property=\"og:image:height\" content=\"704\" \/>\n\t<meta property=\"og:image:type\" content=\"image\/webp\" \/>\n<meta name=\"twitter:card\" content=\"summary_large_image\" \/>\n<meta name=\"twitter:label1\" content=\"Estimated reading time\" \/>\n\t<meta name=\"twitter:data1\" content=\"1 minute\" \/>\n<script type=\"application\/ld+json\" class=\"yoast-schema-graph\">{\"@context\":\"https:\/\/schema.org\",\"@graph\":[{\"@type\":\"WebPage\",\"@id\":\"https:\/\/skaitytaknyga.lt\/produktas\/svetimsale-lemtingas-susitikimas-ii-dalis\/\",\"url\":\"https:\/\/skaitytaknyga.lt\/produktas\/svetimsale-lemtingas-susitikimas-ii-dalis\/\",\"name\":\"Svetim\u0161al\u0117. Lemtingas susitikimas (II dalis)\",\"isPartOf\":{\"@id\":\"https:\/\/skaitytaknyga.lt\/#website\"},\"primaryImageOfPage\":{\"@id\":\"https:\/\/skaitytaknyga.lt\/produktas\/svetimsale-lemtingas-susitikimas-ii-dalis\/#primaryimage\"},\"image\":{\"@id\":\"https:\/\/skaitytaknyga.lt\/produktas\/svetimsale-lemtingas-susitikimas-ii-dalis\/#primaryimage\"},\"thumbnailUrl\":\"https:\/\/skaitytaknyga.lt\/wp-content\/uploads\/2025\/10\/Svetimsale.-Lemtingas-susitikimas-II-dalis-1.webp\",\"datePublished\":\"2025-10-25T09:10:52+00:00\",\"dateModified\":\"2025-10-25T09:24:53+00:00\",\"description\":\"Pasibaigus Antrajam pasauliniam karui, Kler\u0117 ir Frenkas Randalai pagaliau v\u0117l susitinka ir nuvyksta \u012f \u0160kotij\u0105 praleisti antro medaus m\u0117nesio. Ta\u010diau ten\",\"breadcrumb\":{\"@id\":\"https:\/\/skaitytaknyga.lt\/produktas\/svetimsale-lemtingas-susitikimas-ii-dalis\/#breadcrumb\"},\"inLanguage\":\"en-GB\",\"potentialAction\":[{\"@type\":\"ReadAction\",\"target\":[\"https:\/\/skaitytaknyga.lt\/produktas\/svetimsale-lemtingas-susitikimas-ii-dalis\/\"]}]},{\"@type\":\"ImageObject\",\"inLanguage\":\"en-GB\",\"@id\":\"https:\/\/skaitytaknyga.lt\/produktas\/svetimsale-lemtingas-susitikimas-ii-dalis\/#primaryimage\",\"url\":\"https:\/\/skaitytaknyga.lt\/wp-content\/uploads\/2025\/10\/Svetimsale.-Lemtingas-susitikimas-II-dalis-1.webp\",\"contentUrl\":\"https:\/\/skaitytaknyga.lt\/wp-content\/uploads\/2025\/10\/Svetimsale.-Lemtingas-susitikimas-II-dalis-1.webp\",\"width\":428,\"height\":704,\"caption\":\"Svetim\u0161al\u0117. Lemtingas susitikimas (II dalis)\"},{\"@type\":\"BreadcrumbList\",\"@id\":\"https:\/\/skaitytaknyga.lt\/produktas\/svetimsale-lemtingas-susitikimas-ii-dalis\/#breadcrumb\",\"itemListElement\":[{\"@type\":\"ListItem\",\"position\":1,\"name\":\"Home\",\"item\":\"https:\/\/skaitytaknyga.lt\/\"},{\"@type\":\"ListItem\",\"position\":2,\"name\":\"Parduotuv\u0117\",\"item\":\"https:\/\/skaitytaknyga.lt\/knygu-parduotuve\/\"},{\"@type\":\"ListItem\",\"position\":3,\"name\":\"Svetim\u0161al\u0117. Lemtingas susitikimas (II dalis)\"}]},{\"@type\":\"WebSite\",\"@id\":\"https:\/\/skaitytaknyga.lt\/#website\",\"url\":\"https:\/\/skaitytaknyga.lt\/\",\"name\":\"skaitytaknyga.lt\",\"description\":\"Skaitytaknyga.lt \u2013 tai ma\u017eas \u0161eimos verslas, kuris prasid\u0117jo nuo meil\u0117s knygoms ir siekio i\u0161gelb\u0117ti knygas nuo likimo prie konteinerio. Kas vienam nereikalingas daiktas \u2013 kitam lobis, o mes esame tarpininkai, kurie padeda abiems tapti laimingesniems ???? \u017dinome kaip nelengva i\u0161gyventi ma\u017eiems verslams, tad nuo \u0161iol, \u010dia rasite ir kit\u0173, ma\u017e\u0173 \u0161eim\u0173 versl\u0173, rank\u0173 darbo, dovan\u0173 sau ir artimiesiems.\",\"publisher\":{\"@id\":\"https:\/\/skaitytaknyga.lt\/#organization\"},\"potentialAction\":[{\"@type\":\"SearchAction\",\"target\":{\"@type\":\"EntryPoint\",\"urlTemplate\":\"https:\/\/skaitytaknyga.lt\/?s={search_term_string}\"},\"query-input\":{\"@type\":\"PropertyValueSpecification\",\"valueRequired\":true,\"valueName\":\"search_term_string\"}}],\"inLanguage\":\"en-GB\"},{\"@type\":\"Organization\",\"@id\":\"https:\/\/skaitytaknyga.lt\/#organization\",\"name\":\"skaitytaknyga.lt\",\"url\":\"https:\/\/skaitytaknyga.lt\/\",\"logo\":{\"@type\":\"ImageObject\",\"inLanguage\":\"en-GB\",\"@id\":\"https:\/\/skaitytaknyga.lt\/#\/schema\/logo\/image\/\",\"url\":\"https:\/\/skaitytaknyga.lt\/wp-content\/uploads\/2024\/05\/cropped-cropped-cropped-02_00843_jt3bggkj1j3HLc7SyY6rEUpg.jpeg\",\"contentUrl\":\"https:\/\/skaitytaknyga.lt\/wp-content\/uploads\/2024\/05\/cropped-cropped-cropped-02_00843_jt3bggkj1j3HLc7SyY6rEUpg.jpeg\",\"width\":1600,\"height\":1600,\"caption\":\"skaitytaknyga.lt\"},\"image\":{\"@id\":\"https:\/\/skaitytaknyga.lt\/#\/schema\/logo\/image\/\"},\"sameAs\":[\"https:\/\/www.facebook.com\/skaitytaknyga\/\"]}]}<\/script>\n<!-- \/ Yoast SEO plugin. -->","yoast_head_json":{"title":"Svetim\u0161al\u0117. Lemtingas susitikimas (II dalis)","description":"Pasibaigus Antrajam pasauliniam karui, Kler\u0117 ir Frenkas Randalai pagaliau v\u0117l susitinka ir nuvyksta \u012f \u0160kotij\u0105 praleisti antro medaus m\u0117nesio. Ta\u010diau ten","robots":{"index":"index","follow":"follow","max-snippet":"max-snippet:-1","max-image-preview":"max-image-preview:large","max-video-preview":"max-video-preview:-1"},"canonical":"https:\/\/skaitytaknyga.lt\/en\/produktas\/svetimsale-lemtingas-susitikimas-ii-dalis\/","og_locale":"en_GB","og_type":"article","og_title":"[:lt]Svetim\u0161al\u0117. Lemtingas susitikimas (II dalis)[:] - Skaitytaknyga","og_description":"Pasibaigus Antrajam pasauliniam karui, Kler\u0117 ir Frenkas Randalai pagaliau v\u0117l susitinka ir nuvyksta \u012f \u0160kotij\u0105 praleisti antro medaus m\u0117nesio. Ta\u010diau ten","og_url":"https:\/\/skaitytaknyga.lt\/en\/produktas\/svetimsale-lemtingas-susitikimas-ii-dalis\/","og_site_name":"Skaitytaknyga","article_publisher":"https:\/\/www.facebook.com\/skaitytaknyga\/","article_modified_time":"2025-10-25T09:24:53+00:00","og_image":[{"width":428,"height":704,"url":"https:\/\/skaitytaknyga.lt\/wp-content\/uploads\/2025\/10\/Svetimsale.-Lemtingas-susitikimas-II-dalis-1.webp","type":"image\/webp"}],"twitter_card":"summary_large_image","twitter_misc":{"Estimated reading time":"1 minute"},"schema":{"@context":"https:\/\/schema.org","@graph":[{"@type":"WebPage","@id":"https:\/\/skaitytaknyga.lt\/produktas\/svetimsale-lemtingas-susitikimas-ii-dalis\/","url":"https:\/\/skaitytaknyga.lt\/produktas\/svetimsale-lemtingas-susitikimas-ii-dalis\/","name":"Svetim\u0161al\u0117. Lemtingas susitikimas (II dalis)","isPartOf":{"@id":"https:\/\/skaitytaknyga.lt\/#website"},"primaryImageOfPage":{"@id":"https:\/\/skaitytaknyga.lt\/produktas\/svetimsale-lemtingas-susitikimas-ii-dalis\/#primaryimage"},"image":{"@id":"https:\/\/skaitytaknyga.lt\/produktas\/svetimsale-lemtingas-susitikimas-ii-dalis\/#primaryimage"},"thumbnailUrl":"https:\/\/skaitytaknyga.lt\/wp-content\/uploads\/2025\/10\/Svetimsale.-Lemtingas-susitikimas-II-dalis-1.webp","datePublished":"2025-10-25T09:10:52+00:00","dateModified":"2025-10-25T09:24:53+00:00","description":"Pasibaigus Antrajam pasauliniam karui, Kler\u0117 ir Frenkas Randalai pagaliau v\u0117l susitinka ir nuvyksta \u012f \u0160kotij\u0105 praleisti antro medaus m\u0117nesio. Ta\u010diau ten","breadcrumb":{"@id":"https:\/\/skaitytaknyga.lt\/produktas\/svetimsale-lemtingas-susitikimas-ii-dalis\/#breadcrumb"},"inLanguage":"en-GB","potentialAction":[{"@type":"ReadAction","target":["https:\/\/skaitytaknyga.lt\/produktas\/svetimsale-lemtingas-susitikimas-ii-dalis\/"]}]},{"@type":"ImageObject","inLanguage":"en-GB","@id":"https:\/\/skaitytaknyga.lt\/produktas\/svetimsale-lemtingas-susitikimas-ii-dalis\/#primaryimage","url":"https:\/\/skaitytaknyga.lt\/wp-content\/uploads\/2025\/10\/Svetimsale.-Lemtingas-susitikimas-II-dalis-1.webp","contentUrl":"https:\/\/skaitytaknyga.lt\/wp-content\/uploads\/2025\/10\/Svetimsale.-Lemtingas-susitikimas-II-dalis-1.webp","width":428,"height":704,"caption":"Svetim\u0161al\u0117. Lemtingas susitikimas (II dalis)"},{"@type":"BreadcrumbList","@id":"https:\/\/skaitytaknyga.lt\/produktas\/svetimsale-lemtingas-susitikimas-ii-dalis\/#breadcrumb","itemListElement":[{"@type":"ListItem","position":1,"name":"Home","item":"https:\/\/skaitytaknyga.lt\/"},{"@type":"ListItem","position":2,"name":"Parduotuv\u0117","item":"https:\/\/skaitytaknyga.lt\/knygu-parduotuve\/"},{"@type":"ListItem","position":3,"name":"Svetim\u0161al\u0117. Lemtingas susitikimas (II dalis)"}]},{"@type":"WebSite","@id":"https:\/\/skaitytaknyga.lt\/#website","url":"https:\/\/skaitytaknyga.lt\/","name":"skaitytaknyga.lt","description":"Skaitytaknyga.lt \u2013 tai ma\u017eas \u0161eimos verslas, kuris prasid\u0117jo nuo meil\u0117s knygoms ir siekio i\u0161gelb\u0117ti knygas nuo likimo prie konteinerio. Kas vienam nereikalingas daiktas \u2013 kitam lobis, o mes esame tarpininkai, kurie padeda abiems tapti laimingesniems ???? \u017dinome kaip nelengva i\u0161gyventi ma\u017eiems verslams, tad nuo \u0161iol, \u010dia rasite ir kit\u0173, ma\u017e\u0173 \u0161eim\u0173 versl\u0173, rank\u0173 darbo, dovan\u0173 sau ir artimiesiems.","publisher":{"@id":"https:\/\/skaitytaknyga.lt\/#organization"},"potentialAction":[{"@type":"SearchAction","target":{"@type":"EntryPoint","urlTemplate":"https:\/\/skaitytaknyga.lt\/?s={search_term_string}"},"query-input":{"@type":"PropertyValueSpecification","valueRequired":true,"valueName":"search_term_string"}}],"inLanguage":"en-GB"},{"@type":"Organization","@id":"https:\/\/skaitytaknyga.lt\/#organization","name":"skaitytaknyga.lt","url":"https:\/\/skaitytaknyga.lt\/","logo":{"@type":"ImageObject","inLanguage":"en-GB","@id":"https:\/\/skaitytaknyga.lt\/#\/schema\/logo\/image\/","url":"https:\/\/skaitytaknyga.lt\/wp-content\/uploads\/2024\/05\/cropped-cropped-cropped-02_00843_jt3bggkj1j3HLc7SyY6rEUpg.jpeg","contentUrl":"https:\/\/skaitytaknyga.lt\/wp-content\/uploads\/2024\/05\/cropped-cropped-cropped-02_00843_jt3bggkj1j3HLc7SyY6rEUpg.jpeg","width":1600,"height":1600,"caption":"skaitytaknyga.lt"},"image":{"@id":"https:\/\/skaitytaknyga.lt\/#\/schema\/logo\/image\/"},"sameAs":["https:\/\/www.facebook.com\/skaitytaknyga\/"]}]}},"_links":{"self":[{"href":"https:\/\/skaitytaknyga.lt\/en\/wp-json\/wp\/v2\/product\/21621","targetHints":{"allow":["GET"]}}],"collection":[{"href":"https:\/\/skaitytaknyga.lt\/en\/wp-json\/wp\/v2\/product"}],"about":[{"href":"https:\/\/skaitytaknyga.lt\/en\/wp-json\/wp\/v2\/types\/product"}],"replies":[{"embeddable":true,"href":"https:\/\/skaitytaknyga.lt\/en\/wp-json\/wp\/v2\/comments?post=21621"}],"wp:featuredmedia":[{"embeddable":true,"href":"https:\/\/skaitytaknyga.lt\/en\/wp-json\/wp\/v2\/media\/21626"}],"wp:attachment":[{"href":"https:\/\/skaitytaknyga.lt\/en\/wp-json\/wp\/v2\/media?parent=21621"}],"wp:term":[{"taxonomy":"product_brand","embeddable":true,"href":"https:\/\/skaitytaknyga.lt\/en\/wp-json\/wp\/v2\/product_brand?post=21621"},{"taxonomy":"product_cat","embeddable":true,"href":"https:\/\/skaitytaknyga.lt\/en\/wp-json\/wp\/v2\/product_cat?post=21621"},{"taxonomy":"product_tag","embeddable":true,"href":"https:\/\/skaitytaknyga.lt\/en\/wp-json\/wp\/v2\/product_tag?post=21621"}],"curies":[{"name":"wp","href":"https:\/\/api.w.org\/{rel}","templated":true}]}}