{"id":21614,"date":"2025-10-25T11:52:52","date_gmt":"2025-10-25T08:52:52","guid":{"rendered":"https:\/\/skaitytaknyga.lt\/?post_type=product&#038;p=21614"},"modified":"2025-10-25T12:24:44","modified_gmt":"2025-10-25T09:24:44","slug":"nesake-kad-gailisi","status":"publish","type":"product","link":"https:\/\/skaitytaknyga.lt\/en\/produktas\/nesake-kad-gailisi\/","title":{"rendered":"Nesak\u0117, kad gailisi"},"content":{"rendered":"<p>Suomi\u0173 autorius Tomis Kinunenas (Tommi Kinnunen, g. 1973) lietuvi\u0173 skaitytojams jau pa\u017e\u012fstamas i\u0161 ankstesni\u0173 roman\u0173 \u2013 \u201eNamas kry\u017ekel\u0117je\u201c ir \u201e\u0160viesa tavo akyse\u201c, \u2013 pastarasis buvo pristatytas presti\u017einiam Suomijos literat\u016bros apdovanojimui. Naujausioje savo knygoje ra\u0161ytojas imasi skaud\u017eios ir da\u017enai suomi\u0173 nutylimos temos: tautos moter\u0173, karo metu kolaboravusi\u0173 su naciais.<\/p>\n<p>V\u0117lyvas 1945-\u0173j\u0173 pavasaris. Norvegijos ir Suomijos sien\u0105 per\u017eengia penkios suomi\u0173 moterys. Jos gr\u012f\u017eta i\u0161 Norvegijoje naci\u0173 \u012frengtos kalini\u0173 stovyklos. Vis\u0173 moter\u0173 galvos skustos plikai \u2013 \u017eenklas, kad jos savo valia kolaboravo su naciais.<\/p>\n<p>Penkios heroj\u0117s eina per karo nuniokot\u0105 Laplandij\u0105. Nutildytos \u0161irdyje siau\u010dian\u010dios g\u0117dos, jos randa paguod\u0105 viena kitos draugijoje, suprasdamos, kad bent ka\u017ekuo yra pana\u0161ios ir n\u0117ra visi\u0161kai vieni\u0161os. Sulig kiekvienu \u017eingsniu moterys art\u0117ja nam\u0173 link, kur prasid\u0117s naujas j\u0173 gyvenimas. Dabar, kai vokie\u010diams jos jau nebereikalingos, kol kas neai\u0161ku, ar bus reikalingos namuose.<\/p>\n","protected":false},"excerpt":{"rendered":"<p>Suomi\u0173 autorius Tomis Kinunenas (Tommi Kinnunen, g. 1973) lietuvi\u0173 skaitytojams jau pa\u017e\u012fstamas i\u0161 ankstesni\u0173 roman\u0173 \u2013 \u201eNamas kry\u017ekel\u0117je\u201c ir \u201e\u0160viesa tavo akyse\u201c, \u2013 pastarasis buvo pristatytas presti\u017einiam Suomijos literat\u016bros apdovanojimui. Naujausioje savo knygoje ra\u0161ytojas imasi skaud\u017eios ir da\u017enai suomi\u0173 nutylimos temos: tautos moter\u0173, karo metu kolaboravusi\u0173 su naciais. V\u0117lyvas 1945-\u0173j\u0173 pavasaris. Norvegijos ir Suomijos sien\u0105 per\u017eengia penkios suomi\u0173 moterys. Jos gr\u012f\u017eta i\u0161 Norvegijoje naci\u0173 \u012frengtos kalini\u0173 stovyklos. Vis\u0173 moter\u0173 galvos skustos plikai \u2013 \u017eenklas, kad jos savo valia kolaboravo su naciais. Penkios heroj\u0117s eina per karo nuniokot\u0105 Laplandij\u0105. Nutildytos \u0161irdyje siau\u010dian\u010dios g\u0117dos, jos randa paguod\u0105 viena kitos draugijoje, suprasdamos, kad bent ka\u017ekuo yra pana\u0161ios ir n\u0117ra visi\u0161kai vieni\u0161os. Sulig kiekvienu \u017eingsniu moterys art\u0117ja nam\u0173 link, kur prasid\u0117s naujas j\u0173 gyvenimas. Dabar, kai vokie\u010diams jos jau nebereikalingos, kol kas neai\u0161ku, ar bus reikalingos namuose.<\/p>\n","protected":false},"featured_media":21620,"comment_status":"open","ping_status":"closed","template":"","meta":{"_acf_changed":false,"site-sidebar-layout":"default","site-content-layout":"","ast-site-content-layout":"default","site-content-style":"default","site-sidebar-style":"default","ast-global-header-display":"","ast-banner-title-visibility":"","ast-main-header-display":"","ast-hfb-above-header-display":"","ast-hfb-below-header-display":"","ast-hfb-mobile-header-display":"","site-post-title":"","ast-breadcrumbs-content":"","ast-featured-img":"","footer-sml-layout":"","ast-disable-related-posts":"","theme-transparent-header-meta":"","adv-header-id-meta":"","stick-header-meta":"","header-above-stick-meta":"","header-main-stick-meta":"","header-below-stick-meta":"","astra-migrate-meta-layouts":"default","ast-page-background-enabled":"default","ast-page-background-meta":{"desktop":{"background-color":"","background-image":"","background-repeat":"repeat","background-position":"center center","background-size":"auto","background-attachment":"scroll","background-type":"","background-media":"","overlay-type":"","overlay-color":"","overlay-opacity":"","overlay-gradient":""},"tablet":{"background-color":"","background-image":"","background-repeat":"repeat","background-position":"center center","background-size":"auto","background-attachment":"scroll","background-type":"","background-media":"","overlay-type":"","overlay-color":"","overlay-opacity":"","overlay-gradient":""},"mobile":{"background-color":"","background-image":"","background-repeat":"repeat","background-position":"center center","background-size":"auto","background-attachment":"scroll","background-type":"","background-media":"","overlay-type":"","overlay-color":"","overlay-opacity":"","overlay-gradient":""}},"ast-content-background-meta":{"desktop":{"background-color":"var(--ast-global-color-4)","background-image":"","background-repeat":"repeat","background-position":"center center","background-size":"auto","background-attachment":"scroll","background-type":"","background-media":"","overlay-type":"","overlay-color":"","overlay-opacity":"","overlay-gradient":""},"tablet":{"background-color":"var(--ast-global-color-4)","background-image":"","background-repeat":"repeat","background-position":"center center","background-size":"auto","background-attachment":"scroll","background-type":"","background-media":"","overlay-type":"","overlay-color":"","overlay-opacity":"","overlay-gradient":""},"mobile":{"background-color":"var(--ast-global-color-4)","background-image":"","background-repeat":"repeat","background-position":"center center","background-size":"auto","background-attachment":"scroll","background-type":"","background-media":"","overlay-type":"","overlay-color":"","overlay-opacity":"","overlay-gradient":""}}},"product_brand":[],"product_cat":[31],"product_tag":[],"class_list":{"0":"post-21614","1":"product","2":"type-product","3":"status-publish","4":"has-post-thumbnail","6":"product_cat-grozine-literatura","7":"desktop-align-left","8":"tablet-align-left","9":"mobile-align-left","11":"first","12":"instock","13":"shipping-taxable","14":"purchasable","15":"product-type-simple"},"acf":[],"yoast_head":"<!-- This site is optimized with the Yoast SEO plugin v27.0 - https:\/\/yoast.com\/product\/yoast-seo-wordpress\/ -->\n<title>Nesak\u0117, kad gailisi<\/title>\n<meta name=\"description\" content=\"Suomi\u0173 autorius Tomis Kinunenas (Tommi Kinnunen, g. 1973) lietuvi\u0173 skaitytojams jau pa\u017e\u012fstamas i\u0161 ankstesni\u0173 roman\u0173 \u2013 \u201eNamas kry\u017ekel\u0117je\u201c ir \u201e\u0160viesa tavo\" \/>\n<meta name=\"robots\" content=\"index, follow, max-snippet:-1, max-image-preview:large, max-video-preview:-1\" \/>\n<link rel=\"canonical\" href=\"https:\/\/skaitytaknyga.lt\/en\/produktas\/nesake-kad-gailisi\/\" \/>\n<meta property=\"og:locale\" content=\"en_GB\" \/>\n<meta property=\"og:locale:alternate\" content=\"lt_LT\" \/>\n<meta property=\"og:type\" content=\"article\" \/>\n<meta property=\"og:title\" content=\"Nesak\u0117, kad gailisi\" \/>\n<meta property=\"og:description\" content=\"Suomi\u0173 autorius Tomis Kinunenas (Tommi Kinnunen, g. 1973) lietuvi\u0173 skaitytojams jau pa\u017e\u012fstamas i\u0161 ankstesni\u0173 roman\u0173 \u2013 \u201eNamas kry\u017ekel\u0117je\u201c ir \u201e\u0160viesa tavo\" \/>\n<meta property=\"og:url\" content=\"https:\/\/skaitytaknyga.lt\/en\/produktas\/nesake-kad-gailisi\/\" \/>\n<meta property=\"og:site_name\" content=\"Skaitytaknyga\" \/>\n<meta property=\"article:publisher\" content=\"https:\/\/www.facebook.com\/skaitytaknyga\/\" \/>\n<meta property=\"article:modified_time\" content=\"2025-10-25T09:24:44+00:00\" \/>\n<meta property=\"og:image\" content=\"https:\/\/skaitytaknyga.lt\/wp-content\/uploads\/2025\/10\/Nesake-kad-gailisi-1.webp\" \/>\n\t<meta property=\"og:image:width\" content=\"402\" \/>\n\t<meta property=\"og:image:height\" content=\"600\" \/>\n\t<meta property=\"og:image:type\" content=\"image\/webp\" \/>\n<meta name=\"twitter:card\" content=\"summary_large_image\" \/>\n<meta name=\"twitter:label1\" content=\"Estimated reading time\" \/>\n\t<meta name=\"twitter:data1\" content=\"1 minute\" \/>\n<script type=\"application\/ld+json\" class=\"yoast-schema-graph\">{\"@context\":\"https:\/\/schema.org\",\"@graph\":[{\"@type\":\"WebPage\",\"@id\":\"https:\/\/skaitytaknyga.lt\/produktas\/nesake-kad-gailisi\/\",\"url\":\"https:\/\/skaitytaknyga.lt\/produktas\/nesake-kad-gailisi\/\",\"name\":\"Nesak\u0117, kad gailisi\",\"isPartOf\":{\"@id\":\"https:\/\/skaitytaknyga.lt\/#website\"},\"primaryImageOfPage\":{\"@id\":\"https:\/\/skaitytaknyga.lt\/produktas\/nesake-kad-gailisi\/#primaryimage\"},\"image\":{\"@id\":\"https:\/\/skaitytaknyga.lt\/produktas\/nesake-kad-gailisi\/#primaryimage\"},\"thumbnailUrl\":\"https:\/\/skaitytaknyga.lt\/wp-content\/uploads\/2025\/10\/Nesake-kad-gailisi-1.webp\",\"datePublished\":\"2025-10-25T08:52:52+00:00\",\"dateModified\":\"2025-10-25T09:24:44+00:00\",\"description\":\"Suomi\u0173 autorius Tomis Kinunenas (Tommi Kinnunen, g. 1973) lietuvi\u0173 skaitytojams jau pa\u017e\u012fstamas i\u0161 ankstesni\u0173 roman\u0173 \u2013 \u201eNamas kry\u017ekel\u0117je\u201c ir \u201e\u0160viesa tavo\",\"breadcrumb\":{\"@id\":\"https:\/\/skaitytaknyga.lt\/produktas\/nesake-kad-gailisi\/#breadcrumb\"},\"inLanguage\":\"en-GB\",\"potentialAction\":[{\"@type\":\"ReadAction\",\"target\":[\"https:\/\/skaitytaknyga.lt\/produktas\/nesake-kad-gailisi\/\"]}]},{\"@type\":\"ImageObject\",\"inLanguage\":\"en-GB\",\"@id\":\"https:\/\/skaitytaknyga.lt\/produktas\/nesake-kad-gailisi\/#primaryimage\",\"url\":\"https:\/\/skaitytaknyga.lt\/wp-content\/uploads\/2025\/10\/Nesake-kad-gailisi-1.webp\",\"contentUrl\":\"https:\/\/skaitytaknyga.lt\/wp-content\/uploads\/2025\/10\/Nesake-kad-gailisi-1.webp\",\"width\":402,\"height\":600,\"caption\":\"Nesak\u0117, kad gailisi\"},{\"@type\":\"BreadcrumbList\",\"@id\":\"https:\/\/skaitytaknyga.lt\/produktas\/nesake-kad-gailisi\/#breadcrumb\",\"itemListElement\":[{\"@type\":\"ListItem\",\"position\":1,\"name\":\"Home\",\"item\":\"https:\/\/skaitytaknyga.lt\/\"},{\"@type\":\"ListItem\",\"position\":2,\"name\":\"Parduotuv\u0117\",\"item\":\"https:\/\/skaitytaknyga.lt\/knygu-parduotuve\/\"},{\"@type\":\"ListItem\",\"position\":3,\"name\":\"Nesak\u0117, kad gailisi\"}]},{\"@type\":\"WebSite\",\"@id\":\"https:\/\/skaitytaknyga.lt\/#website\",\"url\":\"https:\/\/skaitytaknyga.lt\/\",\"name\":\"skaitytaknyga.lt\",\"description\":\"Skaitytaknyga.lt \u2013 tai ma\u017eas \u0161eimos verslas, kuris prasid\u0117jo nuo meil\u0117s knygoms ir siekio i\u0161gelb\u0117ti knygas nuo likimo prie konteinerio. Kas vienam nereikalingas daiktas \u2013 kitam lobis, o mes esame tarpininkai, kurie padeda abiems tapti laimingesniems ???? \u017dinome kaip nelengva i\u0161gyventi ma\u017eiems verslams, tad nuo \u0161iol, \u010dia rasite ir kit\u0173, ma\u017e\u0173 \u0161eim\u0173 versl\u0173, rank\u0173 darbo, dovan\u0173 sau ir artimiesiems.\",\"publisher\":{\"@id\":\"https:\/\/skaitytaknyga.lt\/#organization\"},\"potentialAction\":[{\"@type\":\"SearchAction\",\"target\":{\"@type\":\"EntryPoint\",\"urlTemplate\":\"https:\/\/skaitytaknyga.lt\/?s={search_term_string}\"},\"query-input\":{\"@type\":\"PropertyValueSpecification\",\"valueRequired\":true,\"valueName\":\"search_term_string\"}}],\"inLanguage\":\"en-GB\"},{\"@type\":\"Organization\",\"@id\":\"https:\/\/skaitytaknyga.lt\/#organization\",\"name\":\"skaitytaknyga.lt\",\"url\":\"https:\/\/skaitytaknyga.lt\/\",\"logo\":{\"@type\":\"ImageObject\",\"inLanguage\":\"en-GB\",\"@id\":\"https:\/\/skaitytaknyga.lt\/#\/schema\/logo\/image\/\",\"url\":\"https:\/\/skaitytaknyga.lt\/wp-content\/uploads\/2024\/05\/cropped-cropped-cropped-02_00843_jt3bggkj1j3HLc7SyY6rEUpg.jpeg\",\"contentUrl\":\"https:\/\/skaitytaknyga.lt\/wp-content\/uploads\/2024\/05\/cropped-cropped-cropped-02_00843_jt3bggkj1j3HLc7SyY6rEUpg.jpeg\",\"width\":1600,\"height\":1600,\"caption\":\"skaitytaknyga.lt\"},\"image\":{\"@id\":\"https:\/\/skaitytaknyga.lt\/#\/schema\/logo\/image\/\"},\"sameAs\":[\"https:\/\/www.facebook.com\/skaitytaknyga\/\"]}]}<\/script>\n<!-- \/ Yoast SEO plugin. -->","yoast_head_json":{"title":"Nesak\u0117, kad gailisi","description":"Suomi\u0173 autorius Tomis Kinunenas (Tommi Kinnunen, g. 1973) lietuvi\u0173 skaitytojams jau pa\u017e\u012fstamas i\u0161 ankstesni\u0173 roman\u0173 \u2013 \u201eNamas kry\u017ekel\u0117je\u201c ir \u201e\u0160viesa tavo","robots":{"index":"index","follow":"follow","max-snippet":"max-snippet:-1","max-image-preview":"max-image-preview:large","max-video-preview":"max-video-preview:-1"},"canonical":"https:\/\/skaitytaknyga.lt\/en\/produktas\/nesake-kad-gailisi\/","og_locale":"en_GB","og_type":"article","og_title":"[:lt]Nesak\u0117, kad gailisi[:] - Skaitytaknyga","og_description":"Suomi\u0173 autorius Tomis Kinunenas (Tommi Kinnunen, g. 1973) lietuvi\u0173 skaitytojams jau pa\u017e\u012fstamas i\u0161 ankstesni\u0173 roman\u0173 \u2013 \u201eNamas kry\u017ekel\u0117je\u201c ir \u201e\u0160viesa tavo","og_url":"https:\/\/skaitytaknyga.lt\/en\/produktas\/nesake-kad-gailisi\/","og_site_name":"Skaitytaknyga","article_publisher":"https:\/\/www.facebook.com\/skaitytaknyga\/","article_modified_time":"2025-10-25T09:24:44+00:00","og_image":[{"width":402,"height":600,"url":"https:\/\/skaitytaknyga.lt\/wp-content\/uploads\/2025\/10\/Nesake-kad-gailisi-1.webp","type":"image\/webp"}],"twitter_card":"summary_large_image","twitter_misc":{"Estimated reading time":"1 minute"},"schema":{"@context":"https:\/\/schema.org","@graph":[{"@type":"WebPage","@id":"https:\/\/skaitytaknyga.lt\/produktas\/nesake-kad-gailisi\/","url":"https:\/\/skaitytaknyga.lt\/produktas\/nesake-kad-gailisi\/","name":"Nesak\u0117, kad gailisi","isPartOf":{"@id":"https:\/\/skaitytaknyga.lt\/#website"},"primaryImageOfPage":{"@id":"https:\/\/skaitytaknyga.lt\/produktas\/nesake-kad-gailisi\/#primaryimage"},"image":{"@id":"https:\/\/skaitytaknyga.lt\/produktas\/nesake-kad-gailisi\/#primaryimage"},"thumbnailUrl":"https:\/\/skaitytaknyga.lt\/wp-content\/uploads\/2025\/10\/Nesake-kad-gailisi-1.webp","datePublished":"2025-10-25T08:52:52+00:00","dateModified":"2025-10-25T09:24:44+00:00","description":"Suomi\u0173 autorius Tomis Kinunenas (Tommi Kinnunen, g. 1973) lietuvi\u0173 skaitytojams jau pa\u017e\u012fstamas i\u0161 ankstesni\u0173 roman\u0173 \u2013 \u201eNamas kry\u017ekel\u0117je\u201c ir \u201e\u0160viesa tavo","breadcrumb":{"@id":"https:\/\/skaitytaknyga.lt\/produktas\/nesake-kad-gailisi\/#breadcrumb"},"inLanguage":"en-GB","potentialAction":[{"@type":"ReadAction","target":["https:\/\/skaitytaknyga.lt\/produktas\/nesake-kad-gailisi\/"]}]},{"@type":"ImageObject","inLanguage":"en-GB","@id":"https:\/\/skaitytaknyga.lt\/produktas\/nesake-kad-gailisi\/#primaryimage","url":"https:\/\/skaitytaknyga.lt\/wp-content\/uploads\/2025\/10\/Nesake-kad-gailisi-1.webp","contentUrl":"https:\/\/skaitytaknyga.lt\/wp-content\/uploads\/2025\/10\/Nesake-kad-gailisi-1.webp","width":402,"height":600,"caption":"Nesak\u0117, kad gailisi"},{"@type":"BreadcrumbList","@id":"https:\/\/skaitytaknyga.lt\/produktas\/nesake-kad-gailisi\/#breadcrumb","itemListElement":[{"@type":"ListItem","position":1,"name":"Home","item":"https:\/\/skaitytaknyga.lt\/"},{"@type":"ListItem","position":2,"name":"Parduotuv\u0117","item":"https:\/\/skaitytaknyga.lt\/knygu-parduotuve\/"},{"@type":"ListItem","position":3,"name":"Nesak\u0117, kad gailisi"}]},{"@type":"WebSite","@id":"https:\/\/skaitytaknyga.lt\/#website","url":"https:\/\/skaitytaknyga.lt\/","name":"skaitytaknyga.lt","description":"Skaitytaknyga.lt \u2013 tai ma\u017eas \u0161eimos verslas, kuris prasid\u0117jo nuo meil\u0117s knygoms ir siekio i\u0161gelb\u0117ti knygas nuo likimo prie konteinerio. Kas vienam nereikalingas daiktas \u2013 kitam lobis, o mes esame tarpininkai, kurie padeda abiems tapti laimingesniems ???? \u017dinome kaip nelengva i\u0161gyventi ma\u017eiems verslams, tad nuo \u0161iol, \u010dia rasite ir kit\u0173, ma\u017e\u0173 \u0161eim\u0173 versl\u0173, rank\u0173 darbo, dovan\u0173 sau ir artimiesiems.","publisher":{"@id":"https:\/\/skaitytaknyga.lt\/#organization"},"potentialAction":[{"@type":"SearchAction","target":{"@type":"EntryPoint","urlTemplate":"https:\/\/skaitytaknyga.lt\/?s={search_term_string}"},"query-input":{"@type":"PropertyValueSpecification","valueRequired":true,"valueName":"search_term_string"}}],"inLanguage":"en-GB"},{"@type":"Organization","@id":"https:\/\/skaitytaknyga.lt\/#organization","name":"skaitytaknyga.lt","url":"https:\/\/skaitytaknyga.lt\/","logo":{"@type":"ImageObject","inLanguage":"en-GB","@id":"https:\/\/skaitytaknyga.lt\/#\/schema\/logo\/image\/","url":"https:\/\/skaitytaknyga.lt\/wp-content\/uploads\/2024\/05\/cropped-cropped-cropped-02_00843_jt3bggkj1j3HLc7SyY6rEUpg.jpeg","contentUrl":"https:\/\/skaitytaknyga.lt\/wp-content\/uploads\/2024\/05\/cropped-cropped-cropped-02_00843_jt3bggkj1j3HLc7SyY6rEUpg.jpeg","width":1600,"height":1600,"caption":"skaitytaknyga.lt"},"image":{"@id":"https:\/\/skaitytaknyga.lt\/#\/schema\/logo\/image\/"},"sameAs":["https:\/\/www.facebook.com\/skaitytaknyga\/"]}]}},"_links":{"self":[{"href":"https:\/\/skaitytaknyga.lt\/en\/wp-json\/wp\/v2\/product\/21614","targetHints":{"allow":["GET"]}}],"collection":[{"href":"https:\/\/skaitytaknyga.lt\/en\/wp-json\/wp\/v2\/product"}],"about":[{"href":"https:\/\/skaitytaknyga.lt\/en\/wp-json\/wp\/v2\/types\/product"}],"replies":[{"embeddable":true,"href":"https:\/\/skaitytaknyga.lt\/en\/wp-json\/wp\/v2\/comments?post=21614"}],"wp:featuredmedia":[{"embeddable":true,"href":"https:\/\/skaitytaknyga.lt\/en\/wp-json\/wp\/v2\/media\/21620"}],"wp:attachment":[{"href":"https:\/\/skaitytaknyga.lt\/en\/wp-json\/wp\/v2\/media?parent=21614"}],"wp:term":[{"taxonomy":"product_brand","embeddable":true,"href":"https:\/\/skaitytaknyga.lt\/en\/wp-json\/wp\/v2\/product_brand?post=21614"},{"taxonomy":"product_cat","embeddable":true,"href":"https:\/\/skaitytaknyga.lt\/en\/wp-json\/wp\/v2\/product_cat?post=21614"},{"taxonomy":"product_tag","embeddable":true,"href":"https:\/\/skaitytaknyga.lt\/en\/wp-json\/wp\/v2\/product_tag?post=21614"}],"curies":[{"name":"wp","href":"https:\/\/api.w.org\/{rel}","templated":true}]}}