{"id":21613,"date":"2025-10-25T11:52:52","date_gmt":"2025-10-25T08:52:52","guid":{"rendered":"https:\/\/skaitytaknyga.lt\/?post_type=product&#038;p=21613"},"modified":"2025-10-25T12:24:44","modified_gmt":"2025-10-25T09:24:44","slug":"mergaite-moteris-kita","status":"publish","type":"product","link":"https:\/\/skaitytaknyga.lt\/en\/produktas\/mergaite-moteris-kita\/","title":{"rendered":"Mergait\u0117, moteris, kita"},"content":{"rendered":"<p>Nuo Niukaslo iki Kornvalio, nuo dvide\u0161imto am\u017eiaus prad\u017eios iki dvide\u0161imt pirmo am\u017eiaus pirm\u0173j\u0173 de\u0161imtme\u010di\u0173 \u2013 \u201eMergait\u0117, moteris, kita\u201c pasakoja apie dvylikos veik\u0117j\u0173 keliones per Britanij\u0105 ir per pastar\u0105j\u012f \u0161imtmet\u012f. Jos visos ko nors ie\u0161ko \u2013 bendros praeities, netik\u0117tos ateities, vietos, kuri\u0105 gal\u0117t\u0173 pavadinti namais, vietos, kur gal\u0117t\u0173 pritapti, mylimo \u017emogaus, prarastos motinos, prarasto t\u0117vo, spindul\u0117lio vilties.<\/p>\n<p>S\u0105mojinga, jausminga, kupina bals\u0173, kurie neretai laikomi kit\u0173 balsais, ir para\u0161yta novatori\u0161ka i\u0161 poezijos pasiskolinta forma, \u201eMergait\u0117, moteris, kita\u201c yra polifoni\u0161kas socialinis romanas, kuris atskleid\u017eia t\u0105 Britanijos pus\u0119, kuri\u0105 retai matome, ir primena, kas mus jungia, o ne kas skiria.<\/p>\n","protected":false},"excerpt":{"rendered":"<p>Nuo Niukaslo iki Kornvalio, nuo dvide\u0161imto am\u017eiaus prad\u017eios iki dvide\u0161imt pirmo am\u017eiaus pirm\u0173j\u0173 de\u0161imtme\u010di\u0173 \u2013 \u201eMergait\u0117, moteris, kita\u201c pasakoja apie dvylikos veik\u0117j\u0173 keliones per Britanij\u0105 ir per pastar\u0105j\u012f \u0161imtmet\u012f. Jos visos ko nors ie\u0161ko \u2013 bendros praeities, netik\u0117tos ateities, vietos, kuri\u0105 gal\u0117t\u0173 pavadinti namais, vietos, kur gal\u0117t\u0173 pritapti, mylimo \u017emogaus, prarastos motinos, prarasto t\u0117vo, spindul\u0117lio vilties. S\u0105mojinga, jausminga, kupina bals\u0173, kurie neretai laikomi kit\u0173 balsais, ir para\u0161yta novatori\u0161ka i\u0161 poezijos pasiskolinta forma, \u201eMergait\u0117, moteris, kita\u201c yra polifoni\u0161kas socialinis romanas, kuris atskleid\u017eia t\u0105 Britanijos pus\u0119, kuri\u0105 retai matome, ir primena, kas mus jungia, o ne kas skiria.<\/p>\n","protected":false},"featured_media":21619,"comment_status":"open","ping_status":"closed","template":"","meta":{"_acf_changed":false,"site-sidebar-layout":"default","site-content-layout":"","ast-site-content-layout":"default","site-content-style":"default","site-sidebar-style":"default","ast-global-header-display":"","ast-banner-title-visibility":"","ast-main-header-display":"","ast-hfb-above-header-display":"","ast-hfb-below-header-display":"","ast-hfb-mobile-header-display":"","site-post-title":"","ast-breadcrumbs-content":"","ast-featured-img":"","footer-sml-layout":"","ast-disable-related-posts":"","theme-transparent-header-meta":"","adv-header-id-meta":"","stick-header-meta":"","header-above-stick-meta":"","header-main-stick-meta":"","header-below-stick-meta":"","astra-migrate-meta-layouts":"default","ast-page-background-enabled":"default","ast-page-background-meta":{"desktop":{"background-color":"","background-image":"","background-repeat":"repeat","background-position":"center center","background-size":"auto","background-attachment":"scroll","background-type":"","background-media":"","overlay-type":"","overlay-color":"","overlay-opacity":"","overlay-gradient":""},"tablet":{"background-color":"","background-image":"","background-repeat":"repeat","background-position":"center center","background-size":"auto","background-attachment":"scroll","background-type":"","background-media":"","overlay-type":"","overlay-color":"","overlay-opacity":"","overlay-gradient":""},"mobile":{"background-color":"","background-image":"","background-repeat":"repeat","background-position":"center center","background-size":"auto","background-attachment":"scroll","background-type":"","background-media":"","overlay-type":"","overlay-color":"","overlay-opacity":"","overlay-gradient":""}},"ast-content-background-meta":{"desktop":{"background-color":"var(--ast-global-color-4)","background-image":"","background-repeat":"repeat","background-position":"center center","background-size":"auto","background-attachment":"scroll","background-type":"","background-media":"","overlay-type":"","overlay-color":"","overlay-opacity":"","overlay-gradient":""},"tablet":{"background-color":"var(--ast-global-color-4)","background-image":"","background-repeat":"repeat","background-position":"center center","background-size":"auto","background-attachment":"scroll","background-type":"","background-media":"","overlay-type":"","overlay-color":"","overlay-opacity":"","overlay-gradient":""},"mobile":{"background-color":"var(--ast-global-color-4)","background-image":"","background-repeat":"repeat","background-position":"center center","background-size":"auto","background-attachment":"scroll","background-type":"","background-media":"","overlay-type":"","overlay-color":"","overlay-opacity":"","overlay-gradient":""}}},"product_brand":[],"product_cat":[31],"product_tag":[],"class_list":{"0":"post-21613","1":"product","2":"type-product","3":"status-publish","4":"has-post-thumbnail","6":"product_cat-grozine-literatura","7":"desktop-align-left","8":"tablet-align-left","9":"mobile-align-left","11":"first","12":"instock","13":"shipping-taxable","14":"purchasable","15":"product-type-simple"},"acf":[],"yoast_head":"<!-- This site is optimized with the Yoast SEO plugin v27.0 - https:\/\/yoast.com\/product\/yoast-seo-wordpress\/ -->\n<title>Mergait\u0117, moteris, kita<\/title>\n<meta name=\"description\" content=\"Nuo Niukaslo iki Kornvalio, nuo dvide\u0161imto am\u017eiaus prad\u017eios iki dvide\u0161imt pirmo am\u017eiaus pirm\u0173j\u0173 de\u0161imtme\u010di\u0173 \u2013 \u201eMergait\u0117, moteris, kita\u201c pasakoja apie\" \/>\n<meta name=\"robots\" content=\"index, follow, max-snippet:-1, max-image-preview:large, max-video-preview:-1\" \/>\n<link rel=\"canonical\" href=\"https:\/\/skaitytaknyga.lt\/en\/produktas\/mergaite-moteris-kita\/\" \/>\n<meta property=\"og:locale\" content=\"en_GB\" \/>\n<meta property=\"og:locale:alternate\" content=\"lt_LT\" \/>\n<meta property=\"og:type\" content=\"article\" \/>\n<meta property=\"og:title\" content=\"Mergait\u0117, moteris, kita\" \/>\n<meta property=\"og:description\" content=\"Nuo Niukaslo iki Kornvalio, nuo dvide\u0161imto am\u017eiaus prad\u017eios iki dvide\u0161imt pirmo am\u017eiaus pirm\u0173j\u0173 de\u0161imtme\u010di\u0173 \u2013 \u201eMergait\u0117, moteris, kita\u201c pasakoja apie\" \/>\n<meta property=\"og:url\" content=\"https:\/\/skaitytaknyga.lt\/en\/produktas\/mergaite-moteris-kita\/\" \/>\n<meta property=\"og:site_name\" content=\"Skaitytaknyga\" \/>\n<meta property=\"article:publisher\" content=\"https:\/\/www.facebook.com\/skaitytaknyga\/\" \/>\n<meta property=\"article:modified_time\" content=\"2025-10-25T09:24:44+00:00\" \/>\n<meta property=\"og:image\" content=\"https:\/\/skaitytaknyga.lt\/wp-content\/uploads\/2025\/10\/Mergaite-moteris-kita-1.webp\" \/>\n\t<meta property=\"og:image:width\" content=\"403\" \/>\n\t<meta property=\"og:image:height\" content=\"600\" \/>\n\t<meta property=\"og:image:type\" content=\"image\/webp\" \/>\n<meta name=\"twitter:card\" content=\"summary_large_image\" \/>\n<meta name=\"twitter:label1\" content=\"Estimated reading time\" \/>\n\t<meta name=\"twitter:data1\" content=\"1 minute\" \/>\n<script type=\"application\/ld+json\" class=\"yoast-schema-graph\">{\"@context\":\"https:\/\/schema.org\",\"@graph\":[{\"@type\":\"WebPage\",\"@id\":\"https:\/\/skaitytaknyga.lt\/produktas\/mergaite-moteris-kita\/\",\"url\":\"https:\/\/skaitytaknyga.lt\/produktas\/mergaite-moteris-kita\/\",\"name\":\"Mergait\u0117, moteris, kita\",\"isPartOf\":{\"@id\":\"https:\/\/skaitytaknyga.lt\/#website\"},\"primaryImageOfPage\":{\"@id\":\"https:\/\/skaitytaknyga.lt\/produktas\/mergaite-moteris-kita\/#primaryimage\"},\"image\":{\"@id\":\"https:\/\/skaitytaknyga.lt\/produktas\/mergaite-moteris-kita\/#primaryimage\"},\"thumbnailUrl\":\"https:\/\/skaitytaknyga.lt\/wp-content\/uploads\/2025\/10\/Mergaite-moteris-kita-1.webp\",\"datePublished\":\"2025-10-25T08:52:52+00:00\",\"dateModified\":\"2025-10-25T09:24:44+00:00\",\"description\":\"Nuo Niukaslo iki Kornvalio, nuo dvide\u0161imto am\u017eiaus prad\u017eios iki dvide\u0161imt pirmo am\u017eiaus pirm\u0173j\u0173 de\u0161imtme\u010di\u0173 \u2013 \u201eMergait\u0117, moteris, kita\u201c pasakoja apie\",\"breadcrumb\":{\"@id\":\"https:\/\/skaitytaknyga.lt\/produktas\/mergaite-moteris-kita\/#breadcrumb\"},\"inLanguage\":\"en-GB\",\"potentialAction\":[{\"@type\":\"ReadAction\",\"target\":[\"https:\/\/skaitytaknyga.lt\/produktas\/mergaite-moteris-kita\/\"]}]},{\"@type\":\"ImageObject\",\"inLanguage\":\"en-GB\",\"@id\":\"https:\/\/skaitytaknyga.lt\/produktas\/mergaite-moteris-kita\/#primaryimage\",\"url\":\"https:\/\/skaitytaknyga.lt\/wp-content\/uploads\/2025\/10\/Mergaite-moteris-kita-1.webp\",\"contentUrl\":\"https:\/\/skaitytaknyga.lt\/wp-content\/uploads\/2025\/10\/Mergaite-moteris-kita-1.webp\",\"width\":403,\"height\":600,\"caption\":\"Mergait\u0117, moteris, kita\"},{\"@type\":\"BreadcrumbList\",\"@id\":\"https:\/\/skaitytaknyga.lt\/produktas\/mergaite-moteris-kita\/#breadcrumb\",\"itemListElement\":[{\"@type\":\"ListItem\",\"position\":1,\"name\":\"Home\",\"item\":\"https:\/\/skaitytaknyga.lt\/\"},{\"@type\":\"ListItem\",\"position\":2,\"name\":\"Parduotuv\u0117\",\"item\":\"https:\/\/skaitytaknyga.lt\/knygu-parduotuve\/\"},{\"@type\":\"ListItem\",\"position\":3,\"name\":\"Mergait\u0117, moteris, kita\"}]},{\"@type\":\"WebSite\",\"@id\":\"https:\/\/skaitytaknyga.lt\/#website\",\"url\":\"https:\/\/skaitytaknyga.lt\/\",\"name\":\"skaitytaknyga.lt\",\"description\":\"Skaitytaknyga.lt \u2013 tai ma\u017eas \u0161eimos verslas, kuris prasid\u0117jo nuo meil\u0117s knygoms ir siekio i\u0161gelb\u0117ti knygas nuo likimo prie konteinerio. Kas vienam nereikalingas daiktas \u2013 kitam lobis, o mes esame tarpininkai, kurie padeda abiems tapti laimingesniems ???? \u017dinome kaip nelengva i\u0161gyventi ma\u017eiems verslams, tad nuo \u0161iol, \u010dia rasite ir kit\u0173, ma\u017e\u0173 \u0161eim\u0173 versl\u0173, rank\u0173 darbo, dovan\u0173 sau ir artimiesiems.\",\"publisher\":{\"@id\":\"https:\/\/skaitytaknyga.lt\/#organization\"},\"potentialAction\":[{\"@type\":\"SearchAction\",\"target\":{\"@type\":\"EntryPoint\",\"urlTemplate\":\"https:\/\/skaitytaknyga.lt\/?s={search_term_string}\"},\"query-input\":{\"@type\":\"PropertyValueSpecification\",\"valueRequired\":true,\"valueName\":\"search_term_string\"}}],\"inLanguage\":\"en-GB\"},{\"@type\":\"Organization\",\"@id\":\"https:\/\/skaitytaknyga.lt\/#organization\",\"name\":\"skaitytaknyga.lt\",\"url\":\"https:\/\/skaitytaknyga.lt\/\",\"logo\":{\"@type\":\"ImageObject\",\"inLanguage\":\"en-GB\",\"@id\":\"https:\/\/skaitytaknyga.lt\/#\/schema\/logo\/image\/\",\"url\":\"https:\/\/skaitytaknyga.lt\/wp-content\/uploads\/2024\/05\/cropped-cropped-cropped-02_00843_jt3bggkj1j3HLc7SyY6rEUpg.jpeg\",\"contentUrl\":\"https:\/\/skaitytaknyga.lt\/wp-content\/uploads\/2024\/05\/cropped-cropped-cropped-02_00843_jt3bggkj1j3HLc7SyY6rEUpg.jpeg\",\"width\":1600,\"height\":1600,\"caption\":\"skaitytaknyga.lt\"},\"image\":{\"@id\":\"https:\/\/skaitytaknyga.lt\/#\/schema\/logo\/image\/\"},\"sameAs\":[\"https:\/\/www.facebook.com\/skaitytaknyga\/\"]}]}<\/script>\n<!-- \/ Yoast SEO plugin. -->","yoast_head_json":{"title":"Mergait\u0117, moteris, kita","description":"Nuo Niukaslo iki Kornvalio, nuo dvide\u0161imto am\u017eiaus prad\u017eios iki dvide\u0161imt pirmo am\u017eiaus pirm\u0173j\u0173 de\u0161imtme\u010di\u0173 \u2013 \u201eMergait\u0117, moteris, kita\u201c pasakoja apie","robots":{"index":"index","follow":"follow","max-snippet":"max-snippet:-1","max-image-preview":"max-image-preview:large","max-video-preview":"max-video-preview:-1"},"canonical":"https:\/\/skaitytaknyga.lt\/en\/produktas\/mergaite-moteris-kita\/","og_locale":"en_GB","og_type":"article","og_title":"[:lt]Mergait\u0117, moteris, kita[:] - Skaitytaknyga","og_description":"Nuo Niukaslo iki Kornvalio, nuo dvide\u0161imto am\u017eiaus prad\u017eios iki dvide\u0161imt pirmo am\u017eiaus pirm\u0173j\u0173 de\u0161imtme\u010di\u0173 \u2013 \u201eMergait\u0117, moteris, kita\u201c pasakoja apie","og_url":"https:\/\/skaitytaknyga.lt\/en\/produktas\/mergaite-moteris-kita\/","og_site_name":"Skaitytaknyga","article_publisher":"https:\/\/www.facebook.com\/skaitytaknyga\/","article_modified_time":"2025-10-25T09:24:44+00:00","og_image":[{"width":403,"height":600,"url":"https:\/\/skaitytaknyga.lt\/wp-content\/uploads\/2025\/10\/Mergaite-moteris-kita-1.webp","type":"image\/webp"}],"twitter_card":"summary_large_image","twitter_misc":{"Estimated reading time":"1 minute"},"schema":{"@context":"https:\/\/schema.org","@graph":[{"@type":"WebPage","@id":"https:\/\/skaitytaknyga.lt\/produktas\/mergaite-moteris-kita\/","url":"https:\/\/skaitytaknyga.lt\/produktas\/mergaite-moteris-kita\/","name":"Mergait\u0117, moteris, kita","isPartOf":{"@id":"https:\/\/skaitytaknyga.lt\/#website"},"primaryImageOfPage":{"@id":"https:\/\/skaitytaknyga.lt\/produktas\/mergaite-moteris-kita\/#primaryimage"},"image":{"@id":"https:\/\/skaitytaknyga.lt\/produktas\/mergaite-moteris-kita\/#primaryimage"},"thumbnailUrl":"https:\/\/skaitytaknyga.lt\/wp-content\/uploads\/2025\/10\/Mergaite-moteris-kita-1.webp","datePublished":"2025-10-25T08:52:52+00:00","dateModified":"2025-10-25T09:24:44+00:00","description":"Nuo Niukaslo iki Kornvalio, nuo dvide\u0161imto am\u017eiaus prad\u017eios iki dvide\u0161imt pirmo am\u017eiaus pirm\u0173j\u0173 de\u0161imtme\u010di\u0173 \u2013 \u201eMergait\u0117, moteris, kita\u201c pasakoja apie","breadcrumb":{"@id":"https:\/\/skaitytaknyga.lt\/produktas\/mergaite-moteris-kita\/#breadcrumb"},"inLanguage":"en-GB","potentialAction":[{"@type":"ReadAction","target":["https:\/\/skaitytaknyga.lt\/produktas\/mergaite-moteris-kita\/"]}]},{"@type":"ImageObject","inLanguage":"en-GB","@id":"https:\/\/skaitytaknyga.lt\/produktas\/mergaite-moteris-kita\/#primaryimage","url":"https:\/\/skaitytaknyga.lt\/wp-content\/uploads\/2025\/10\/Mergaite-moteris-kita-1.webp","contentUrl":"https:\/\/skaitytaknyga.lt\/wp-content\/uploads\/2025\/10\/Mergaite-moteris-kita-1.webp","width":403,"height":600,"caption":"Mergait\u0117, moteris, kita"},{"@type":"BreadcrumbList","@id":"https:\/\/skaitytaknyga.lt\/produktas\/mergaite-moteris-kita\/#breadcrumb","itemListElement":[{"@type":"ListItem","position":1,"name":"Home","item":"https:\/\/skaitytaknyga.lt\/"},{"@type":"ListItem","position":2,"name":"Parduotuv\u0117","item":"https:\/\/skaitytaknyga.lt\/knygu-parduotuve\/"},{"@type":"ListItem","position":3,"name":"Mergait\u0117, moteris, kita"}]},{"@type":"WebSite","@id":"https:\/\/skaitytaknyga.lt\/#website","url":"https:\/\/skaitytaknyga.lt\/","name":"skaitytaknyga.lt","description":"Skaitytaknyga.lt \u2013 tai ma\u017eas \u0161eimos verslas, kuris prasid\u0117jo nuo meil\u0117s knygoms ir siekio i\u0161gelb\u0117ti knygas nuo likimo prie konteinerio. Kas vienam nereikalingas daiktas \u2013 kitam lobis, o mes esame tarpininkai, kurie padeda abiems tapti laimingesniems ???? \u017dinome kaip nelengva i\u0161gyventi ma\u017eiems verslams, tad nuo \u0161iol, \u010dia rasite ir kit\u0173, ma\u017e\u0173 \u0161eim\u0173 versl\u0173, rank\u0173 darbo, dovan\u0173 sau ir artimiesiems.","publisher":{"@id":"https:\/\/skaitytaknyga.lt\/#organization"},"potentialAction":[{"@type":"SearchAction","target":{"@type":"EntryPoint","urlTemplate":"https:\/\/skaitytaknyga.lt\/?s={search_term_string}"},"query-input":{"@type":"PropertyValueSpecification","valueRequired":true,"valueName":"search_term_string"}}],"inLanguage":"en-GB"},{"@type":"Organization","@id":"https:\/\/skaitytaknyga.lt\/#organization","name":"skaitytaknyga.lt","url":"https:\/\/skaitytaknyga.lt\/","logo":{"@type":"ImageObject","inLanguage":"en-GB","@id":"https:\/\/skaitytaknyga.lt\/#\/schema\/logo\/image\/","url":"https:\/\/skaitytaknyga.lt\/wp-content\/uploads\/2024\/05\/cropped-cropped-cropped-02_00843_jt3bggkj1j3HLc7SyY6rEUpg.jpeg","contentUrl":"https:\/\/skaitytaknyga.lt\/wp-content\/uploads\/2024\/05\/cropped-cropped-cropped-02_00843_jt3bggkj1j3HLc7SyY6rEUpg.jpeg","width":1600,"height":1600,"caption":"skaitytaknyga.lt"},"image":{"@id":"https:\/\/skaitytaknyga.lt\/#\/schema\/logo\/image\/"},"sameAs":["https:\/\/www.facebook.com\/skaitytaknyga\/"]}]}},"_links":{"self":[{"href":"https:\/\/skaitytaknyga.lt\/en\/wp-json\/wp\/v2\/product\/21613","targetHints":{"allow":["GET"]}}],"collection":[{"href":"https:\/\/skaitytaknyga.lt\/en\/wp-json\/wp\/v2\/product"}],"about":[{"href":"https:\/\/skaitytaknyga.lt\/en\/wp-json\/wp\/v2\/types\/product"}],"replies":[{"embeddable":true,"href":"https:\/\/skaitytaknyga.lt\/en\/wp-json\/wp\/v2\/comments?post=21613"}],"wp:featuredmedia":[{"embeddable":true,"href":"https:\/\/skaitytaknyga.lt\/en\/wp-json\/wp\/v2\/media\/21619"}],"wp:attachment":[{"href":"https:\/\/skaitytaknyga.lt\/en\/wp-json\/wp\/v2\/media?parent=21613"}],"wp:term":[{"taxonomy":"product_brand","embeddable":true,"href":"https:\/\/skaitytaknyga.lt\/en\/wp-json\/wp\/v2\/product_brand?post=21613"},{"taxonomy":"product_cat","embeddable":true,"href":"https:\/\/skaitytaknyga.lt\/en\/wp-json\/wp\/v2\/product_cat?post=21613"},{"taxonomy":"product_tag","embeddable":true,"href":"https:\/\/skaitytaknyga.lt\/en\/wp-json\/wp\/v2\/product_tag?post=21613"}],"curies":[{"name":"wp","href":"https:\/\/api.w.org\/{rel}","templated":true}]}}