{"id":21612,"date":"2025-10-25T11:52:52","date_gmt":"2025-10-25T08:52:52","guid":{"rendered":"https:\/\/skaitytaknyga.lt\/?post_type=product&#038;p=21612"},"modified":"2025-10-25T12:24:44","modified_gmt":"2025-10-25T09:24:44","slug":"tavo-likimo-krasteliu-einu","status":"publish","type":"product","link":"https:\/\/skaitytaknyga.lt\/en\/produktas\/tavo-likimo-krasteliu-einu\/","title":{"rendered":"Tavo likimo kra\u0161teliu einu"},"content":{"rendered":"<p>Simona ir Auga nori tapti draug\u0117mis, ta\u010diau su kiekviena diena darosi vis ai\u0161kiau, kad tai ne\u012fmanoma. Skiriasi mergin\u0173 temperamentas, po\u017ei\u016bris \u012f gyvenim\u0105. Kadangi dirba tame pa\u010diame kabinete, tarp j\u0173 auganti \u012ftampa ima kamuoti ne tik jas pa\u010dias, bet ir aplinkinius. K\u0105 daryti? Atleisti vien\u0105 i\u0161 j\u0173? Katr\u0105? Auga \u012fmon\u0117je dirba nuo pat jos \u012fk\u016brimo. Be to, ji yra \u012fmon\u0117s savininko Martyno mergina. Simona \u2013 tikra profesional\u0117, puikiai \u012fveikianti visas jai tenkan\u010dias u\u017eduotis. Ie\u0161kodami i\u0161eities, \u012fmon\u0117s vadovai Martynas ir Bilis priima netik\u0117t\u0105 sprendim\u0105, po kurio vis\u0173 su merginomis susijusi\u0173 aplinkini\u0173 gyvenimas ima neatpa\u017e\u012fstamai keistis.<br \/>\nAntras ra\u0161ytojos Rasos Sag\u0117s romanas \u2013 apie meil\u0119 ir neapykant\u0105, konkurencij\u0105 ir nepagr\u012fstus l\u016bkes\u010dius, vienatv\u0119 ir skaud\u017eiausius praradimus&#8230; Ir apie tai, kad net menkiausias m\u016bs\u0173 i\u0161tartas \u017eodis gali pakeisti kito \u017emogaus likim\u0105.<br \/>\n\u201eNor\u0117jau para\u0161yti knyg\u0105, kaip m\u016bs\u0173 mintys ir jausmai, m\u016bs\u0173 pasirinkti veiksmai ir reakcijos tarsi koks akmenukas, mestas \u012f vanden\u012f, sukelia ratilus kit\u0173 \u017emoni\u0173 gyvenime, kei\u010dia ne tik m\u016bs\u0173, bet ir kit\u0173 pasaul\u012f.\u201c<\/p>\n","protected":false},"excerpt":{"rendered":"<p>Simona ir Auga nori tapti draug\u0117mis, ta\u010diau su kiekviena diena darosi vis ai\u0161kiau, kad tai ne\u012fmanoma. Skiriasi mergin\u0173 temperamentas, po\u017ei\u016bris \u012f gyvenim\u0105. Kadangi dirba tame pa\u010diame kabinete, tarp j\u0173 auganti \u012ftampa ima kamuoti ne tik jas pa\u010dias, bet ir aplinkinius. K\u0105 daryti? Atleisti vien\u0105 i\u0161 j\u0173? Katr\u0105? Auga \u012fmon\u0117je dirba nuo pat jos \u012fk\u016brimo. Be to, ji yra \u012fmon\u0117s savininko Martyno mergina. Simona \u2013 tikra profesional\u0117, puikiai \u012fveikianti visas jai tenkan\u010dias u\u017eduotis. Ie\u0161kodami i\u0161eities, \u012fmon\u0117s vadovai Martynas ir Bilis priima netik\u0117t\u0105 sprendim\u0105, po kurio vis\u0173 su merginomis susijusi\u0173 aplinkini\u0173 gyvenimas ima neatpa\u017e\u012fstamai keistis. Antras ra\u0161ytojos Rasos Sag\u0117s romanas \u2013 apie meil\u0119 ir neapykant\u0105, konkurencij\u0105 ir nepagr\u012fstus l\u016bkes\u010dius, vienatv\u0119 ir skaud\u017eiausius praradimus&#8230; Ir apie tai, kad net menkiausias m\u016bs\u0173 i\u0161tartas \u017eodis gali pakeisti kito \u017emogaus likim\u0105. \u201eNor\u0117jau para\u0161yti knyg\u0105, kaip m\u016bs\u0173 mintys ir jausmai, m\u016bs\u0173 pasirinkti veiksmai ir reakcijos tarsi koks akmenukas, mestas \u012f vanden\u012f, sukelia ratilus kit\u0173 \u017emoni\u0173 gyvenime, kei\u010dia ne tik m\u016bs\u0173, bet ir kit\u0173 pasaul\u012f.\u201c<\/p>\n","protected":false},"featured_media":21617,"comment_status":"open","ping_status":"closed","template":"","meta":{"_acf_changed":false,"site-sidebar-layout":"default","site-content-layout":"","ast-site-content-layout":"default","site-content-style":"default","site-sidebar-style":"default","ast-global-header-display":"","ast-banner-title-visibility":"","ast-main-header-display":"","ast-hfb-above-header-display":"","ast-hfb-below-header-display":"","ast-hfb-mobile-header-display":"","site-post-title":"","ast-breadcrumbs-content":"","ast-featured-img":"","footer-sml-layout":"","ast-disable-related-posts":"","theme-transparent-header-meta":"","adv-header-id-meta":"","stick-header-meta":"","header-above-stick-meta":"","header-main-stick-meta":"","header-below-stick-meta":"","astra-migrate-meta-layouts":"default","ast-page-background-enabled":"default","ast-page-background-meta":{"desktop":{"background-color":"","background-image":"","background-repeat":"repeat","background-position":"center center","background-size":"auto","background-attachment":"scroll","background-type":"","background-media":"","overlay-type":"","overlay-color":"","overlay-opacity":"","overlay-gradient":""},"tablet":{"background-color":"","background-image":"","background-repeat":"repeat","background-position":"center center","background-size":"auto","background-attachment":"scroll","background-type":"","background-media":"","overlay-type":"","overlay-color":"","overlay-opacity":"","overlay-gradient":""},"mobile":{"background-color":"","background-image":"","background-repeat":"repeat","background-position":"center center","background-size":"auto","background-attachment":"scroll","background-type":"","background-media":"","overlay-type":"","overlay-color":"","overlay-opacity":"","overlay-gradient":""}},"ast-content-background-meta":{"desktop":{"background-color":"var(--ast-global-color-4)","background-image":"","background-repeat":"repeat","background-position":"center center","background-size":"auto","background-attachment":"scroll","background-type":"","background-media":"","overlay-type":"","overlay-color":"","overlay-opacity":"","overlay-gradient":""},"tablet":{"background-color":"var(--ast-global-color-4)","background-image":"","background-repeat":"repeat","background-position":"center center","background-size":"auto","background-attachment":"scroll","background-type":"","background-media":"","overlay-type":"","overlay-color":"","overlay-opacity":"","overlay-gradient":""},"mobile":{"background-color":"var(--ast-global-color-4)","background-image":"","background-repeat":"repeat","background-position":"center center","background-size":"auto","background-attachment":"scroll","background-type":"","background-media":"","overlay-type":"","overlay-color":"","overlay-opacity":"","overlay-gradient":""}}},"product_brand":[],"product_cat":[31],"product_tag":[],"class_list":{"0":"post-21612","1":"product","2":"type-product","3":"status-publish","4":"has-post-thumbnail","6":"product_cat-grozine-literatura","7":"desktop-align-left","8":"tablet-align-left","9":"mobile-align-left","11":"first","12":"instock","13":"shipping-taxable","14":"purchasable","15":"product-type-simple"},"acf":[],"yoast_head":"<!-- This site is optimized with the Yoast SEO plugin v27.0 - https:\/\/yoast.com\/product\/yoast-seo-wordpress\/ -->\n<title>Tavo likimo kra\u0161teliu einu<\/title>\n<meta name=\"description\" content=\"Simona ir Auga nori tapti draug\u0117mis, ta\u010diau su kiekviena diena darosi vis ai\u0161kiau, kad tai ne\u012fmanoma. Skiriasi mergin\u0173 temperamentas, po\u017ei\u016bris \u012f gyvenim\u0105.\" \/>\n<meta name=\"robots\" content=\"index, follow, max-snippet:-1, max-image-preview:large, max-video-preview:-1\" \/>\n<link rel=\"canonical\" href=\"https:\/\/skaitytaknyga.lt\/en\/produktas\/tavo-likimo-krasteliu-einu\/\" \/>\n<meta property=\"og:locale\" content=\"en_GB\" \/>\n<meta property=\"og:locale:alternate\" content=\"lt_LT\" \/>\n<meta property=\"og:type\" content=\"article\" \/>\n<meta property=\"og:title\" content=\"Tavo likimo kra\u0161teliu einu\" \/>\n<meta property=\"og:description\" content=\"Simona ir Auga nori tapti draug\u0117mis, ta\u010diau su kiekviena diena darosi vis ai\u0161kiau, kad tai ne\u012fmanoma. Skiriasi mergin\u0173 temperamentas, po\u017ei\u016bris \u012f gyvenim\u0105.\" \/>\n<meta property=\"og:url\" content=\"https:\/\/skaitytaknyga.lt\/en\/produktas\/tavo-likimo-krasteliu-einu\/\" \/>\n<meta property=\"og:site_name\" content=\"Skaitytaknyga\" \/>\n<meta property=\"article:publisher\" content=\"https:\/\/www.facebook.com\/skaitytaknyga\/\" \/>\n<meta property=\"article:modified_time\" content=\"2025-10-25T09:24:44+00:00\" \/>\n<meta property=\"og:image\" content=\"https:\/\/skaitytaknyga.lt\/wp-content\/uploads\/2025\/10\/Tavo-likimo-krasteliu-einu-1.webp\" \/>\n\t<meta property=\"og:image:width\" content=\"366\" \/>\n\t<meta property=\"og:image:height\" content=\"600\" \/>\n\t<meta property=\"og:image:type\" content=\"image\/webp\" \/>\n<meta name=\"twitter:card\" content=\"summary_large_image\" \/>\n<meta name=\"twitter:label1\" content=\"Estimated reading time\" \/>\n\t<meta name=\"twitter:data1\" content=\"1 minute\" \/>\n<script type=\"application\/ld+json\" class=\"yoast-schema-graph\">{\"@context\":\"https:\/\/schema.org\",\"@graph\":[{\"@type\":\"WebPage\",\"@id\":\"https:\/\/skaitytaknyga.lt\/produktas\/tavo-likimo-krasteliu-einu\/\",\"url\":\"https:\/\/skaitytaknyga.lt\/produktas\/tavo-likimo-krasteliu-einu\/\",\"name\":\"Tavo likimo kra\u0161teliu einu\",\"isPartOf\":{\"@id\":\"https:\/\/skaitytaknyga.lt\/#website\"},\"primaryImageOfPage\":{\"@id\":\"https:\/\/skaitytaknyga.lt\/produktas\/tavo-likimo-krasteliu-einu\/#primaryimage\"},\"image\":{\"@id\":\"https:\/\/skaitytaknyga.lt\/produktas\/tavo-likimo-krasteliu-einu\/#primaryimage\"},\"thumbnailUrl\":\"https:\/\/skaitytaknyga.lt\/wp-content\/uploads\/2025\/10\/Tavo-likimo-krasteliu-einu-1.webp\",\"datePublished\":\"2025-10-25T08:52:52+00:00\",\"dateModified\":\"2025-10-25T09:24:44+00:00\",\"description\":\"Simona ir Auga nori tapti draug\u0117mis, ta\u010diau su kiekviena diena darosi vis ai\u0161kiau, kad tai ne\u012fmanoma. Skiriasi mergin\u0173 temperamentas, po\u017ei\u016bris \u012f gyvenim\u0105.\",\"breadcrumb\":{\"@id\":\"https:\/\/skaitytaknyga.lt\/produktas\/tavo-likimo-krasteliu-einu\/#breadcrumb\"},\"inLanguage\":\"en-GB\",\"potentialAction\":[{\"@type\":\"ReadAction\",\"target\":[\"https:\/\/skaitytaknyga.lt\/produktas\/tavo-likimo-krasteliu-einu\/\"]}]},{\"@type\":\"ImageObject\",\"inLanguage\":\"en-GB\",\"@id\":\"https:\/\/skaitytaknyga.lt\/produktas\/tavo-likimo-krasteliu-einu\/#primaryimage\",\"url\":\"https:\/\/skaitytaknyga.lt\/wp-content\/uploads\/2025\/10\/Tavo-likimo-krasteliu-einu-1.webp\",\"contentUrl\":\"https:\/\/skaitytaknyga.lt\/wp-content\/uploads\/2025\/10\/Tavo-likimo-krasteliu-einu-1.webp\",\"width\":366,\"height\":600,\"caption\":\"Tavo likimo kra\u0161teliu einu\"},{\"@type\":\"BreadcrumbList\",\"@id\":\"https:\/\/skaitytaknyga.lt\/produktas\/tavo-likimo-krasteliu-einu\/#breadcrumb\",\"itemListElement\":[{\"@type\":\"ListItem\",\"position\":1,\"name\":\"Home\",\"item\":\"https:\/\/skaitytaknyga.lt\/\"},{\"@type\":\"ListItem\",\"position\":2,\"name\":\"Parduotuv\u0117\",\"item\":\"https:\/\/skaitytaknyga.lt\/knygu-parduotuve\/\"},{\"@type\":\"ListItem\",\"position\":3,\"name\":\"Tavo likimo kra\u0161teliu einu\"}]},{\"@type\":\"WebSite\",\"@id\":\"https:\/\/skaitytaknyga.lt\/#website\",\"url\":\"https:\/\/skaitytaknyga.lt\/\",\"name\":\"skaitytaknyga.lt\",\"description\":\"Skaitytaknyga.lt \u2013 tai ma\u017eas \u0161eimos verslas, kuris prasid\u0117jo nuo meil\u0117s knygoms ir siekio i\u0161gelb\u0117ti knygas nuo likimo prie konteinerio. Kas vienam nereikalingas daiktas \u2013 kitam lobis, o mes esame tarpininkai, kurie padeda abiems tapti laimingesniems ???? \u017dinome kaip nelengva i\u0161gyventi ma\u017eiems verslams, tad nuo \u0161iol, \u010dia rasite ir kit\u0173, ma\u017e\u0173 \u0161eim\u0173 versl\u0173, rank\u0173 darbo, dovan\u0173 sau ir artimiesiems.\",\"publisher\":{\"@id\":\"https:\/\/skaitytaknyga.lt\/#organization\"},\"potentialAction\":[{\"@type\":\"SearchAction\",\"target\":{\"@type\":\"EntryPoint\",\"urlTemplate\":\"https:\/\/skaitytaknyga.lt\/?s={search_term_string}\"},\"query-input\":{\"@type\":\"PropertyValueSpecification\",\"valueRequired\":true,\"valueName\":\"search_term_string\"}}],\"inLanguage\":\"en-GB\"},{\"@type\":\"Organization\",\"@id\":\"https:\/\/skaitytaknyga.lt\/#organization\",\"name\":\"skaitytaknyga.lt\",\"url\":\"https:\/\/skaitytaknyga.lt\/\",\"logo\":{\"@type\":\"ImageObject\",\"inLanguage\":\"en-GB\",\"@id\":\"https:\/\/skaitytaknyga.lt\/#\/schema\/logo\/image\/\",\"url\":\"https:\/\/skaitytaknyga.lt\/wp-content\/uploads\/2024\/05\/cropped-cropped-cropped-02_00843_jt3bggkj1j3HLc7SyY6rEUpg.jpeg\",\"contentUrl\":\"https:\/\/skaitytaknyga.lt\/wp-content\/uploads\/2024\/05\/cropped-cropped-cropped-02_00843_jt3bggkj1j3HLc7SyY6rEUpg.jpeg\",\"width\":1600,\"height\":1600,\"caption\":\"skaitytaknyga.lt\"},\"image\":{\"@id\":\"https:\/\/skaitytaknyga.lt\/#\/schema\/logo\/image\/\"},\"sameAs\":[\"https:\/\/www.facebook.com\/skaitytaknyga\/\"]}]}<\/script>\n<!-- \/ Yoast SEO plugin. -->","yoast_head_json":{"title":"Tavo likimo kra\u0161teliu einu","description":"Simona ir Auga nori tapti draug\u0117mis, ta\u010diau su kiekviena diena darosi vis ai\u0161kiau, kad tai ne\u012fmanoma. Skiriasi mergin\u0173 temperamentas, po\u017ei\u016bris \u012f gyvenim\u0105.","robots":{"index":"index","follow":"follow","max-snippet":"max-snippet:-1","max-image-preview":"max-image-preview:large","max-video-preview":"max-video-preview:-1"},"canonical":"https:\/\/skaitytaknyga.lt\/en\/produktas\/tavo-likimo-krasteliu-einu\/","og_locale":"en_GB","og_type":"article","og_title":"[:lt]Tavo likimo kra\u0161teliu einu[:] - Skaitytaknyga","og_description":"Simona ir Auga nori tapti draug\u0117mis, ta\u010diau su kiekviena diena darosi vis ai\u0161kiau, kad tai ne\u012fmanoma. Skiriasi mergin\u0173 temperamentas, po\u017ei\u016bris \u012f gyvenim\u0105.","og_url":"https:\/\/skaitytaknyga.lt\/en\/produktas\/tavo-likimo-krasteliu-einu\/","og_site_name":"Skaitytaknyga","article_publisher":"https:\/\/www.facebook.com\/skaitytaknyga\/","article_modified_time":"2025-10-25T09:24:44+00:00","og_image":[{"width":366,"height":600,"url":"https:\/\/skaitytaknyga.lt\/wp-content\/uploads\/2025\/10\/Tavo-likimo-krasteliu-einu-1.webp","type":"image\/webp"}],"twitter_card":"summary_large_image","twitter_misc":{"Estimated reading time":"1 minute"},"schema":{"@context":"https:\/\/schema.org","@graph":[{"@type":"WebPage","@id":"https:\/\/skaitytaknyga.lt\/produktas\/tavo-likimo-krasteliu-einu\/","url":"https:\/\/skaitytaknyga.lt\/produktas\/tavo-likimo-krasteliu-einu\/","name":"Tavo likimo kra\u0161teliu einu","isPartOf":{"@id":"https:\/\/skaitytaknyga.lt\/#website"},"primaryImageOfPage":{"@id":"https:\/\/skaitytaknyga.lt\/produktas\/tavo-likimo-krasteliu-einu\/#primaryimage"},"image":{"@id":"https:\/\/skaitytaknyga.lt\/produktas\/tavo-likimo-krasteliu-einu\/#primaryimage"},"thumbnailUrl":"https:\/\/skaitytaknyga.lt\/wp-content\/uploads\/2025\/10\/Tavo-likimo-krasteliu-einu-1.webp","datePublished":"2025-10-25T08:52:52+00:00","dateModified":"2025-10-25T09:24:44+00:00","description":"Simona ir Auga nori tapti draug\u0117mis, ta\u010diau su kiekviena diena darosi vis ai\u0161kiau, kad tai ne\u012fmanoma. Skiriasi mergin\u0173 temperamentas, po\u017ei\u016bris \u012f gyvenim\u0105.","breadcrumb":{"@id":"https:\/\/skaitytaknyga.lt\/produktas\/tavo-likimo-krasteliu-einu\/#breadcrumb"},"inLanguage":"en-GB","potentialAction":[{"@type":"ReadAction","target":["https:\/\/skaitytaknyga.lt\/produktas\/tavo-likimo-krasteliu-einu\/"]}]},{"@type":"ImageObject","inLanguage":"en-GB","@id":"https:\/\/skaitytaknyga.lt\/produktas\/tavo-likimo-krasteliu-einu\/#primaryimage","url":"https:\/\/skaitytaknyga.lt\/wp-content\/uploads\/2025\/10\/Tavo-likimo-krasteliu-einu-1.webp","contentUrl":"https:\/\/skaitytaknyga.lt\/wp-content\/uploads\/2025\/10\/Tavo-likimo-krasteliu-einu-1.webp","width":366,"height":600,"caption":"Tavo likimo kra\u0161teliu einu"},{"@type":"BreadcrumbList","@id":"https:\/\/skaitytaknyga.lt\/produktas\/tavo-likimo-krasteliu-einu\/#breadcrumb","itemListElement":[{"@type":"ListItem","position":1,"name":"Home","item":"https:\/\/skaitytaknyga.lt\/"},{"@type":"ListItem","position":2,"name":"Parduotuv\u0117","item":"https:\/\/skaitytaknyga.lt\/knygu-parduotuve\/"},{"@type":"ListItem","position":3,"name":"Tavo likimo kra\u0161teliu einu"}]},{"@type":"WebSite","@id":"https:\/\/skaitytaknyga.lt\/#website","url":"https:\/\/skaitytaknyga.lt\/","name":"skaitytaknyga.lt","description":"Skaitytaknyga.lt \u2013 tai ma\u017eas \u0161eimos verslas, kuris prasid\u0117jo nuo meil\u0117s knygoms ir siekio i\u0161gelb\u0117ti knygas nuo likimo prie konteinerio. Kas vienam nereikalingas daiktas \u2013 kitam lobis, o mes esame tarpininkai, kurie padeda abiems tapti laimingesniems ???? \u017dinome kaip nelengva i\u0161gyventi ma\u017eiems verslams, tad nuo \u0161iol, \u010dia rasite ir kit\u0173, ma\u017e\u0173 \u0161eim\u0173 versl\u0173, rank\u0173 darbo, dovan\u0173 sau ir artimiesiems.","publisher":{"@id":"https:\/\/skaitytaknyga.lt\/#organization"},"potentialAction":[{"@type":"SearchAction","target":{"@type":"EntryPoint","urlTemplate":"https:\/\/skaitytaknyga.lt\/?s={search_term_string}"},"query-input":{"@type":"PropertyValueSpecification","valueRequired":true,"valueName":"search_term_string"}}],"inLanguage":"en-GB"},{"@type":"Organization","@id":"https:\/\/skaitytaknyga.lt\/#organization","name":"skaitytaknyga.lt","url":"https:\/\/skaitytaknyga.lt\/","logo":{"@type":"ImageObject","inLanguage":"en-GB","@id":"https:\/\/skaitytaknyga.lt\/#\/schema\/logo\/image\/","url":"https:\/\/skaitytaknyga.lt\/wp-content\/uploads\/2024\/05\/cropped-cropped-cropped-02_00843_jt3bggkj1j3HLc7SyY6rEUpg.jpeg","contentUrl":"https:\/\/skaitytaknyga.lt\/wp-content\/uploads\/2024\/05\/cropped-cropped-cropped-02_00843_jt3bggkj1j3HLc7SyY6rEUpg.jpeg","width":1600,"height":1600,"caption":"skaitytaknyga.lt"},"image":{"@id":"https:\/\/skaitytaknyga.lt\/#\/schema\/logo\/image\/"},"sameAs":["https:\/\/www.facebook.com\/skaitytaknyga\/"]}]}},"_links":{"self":[{"href":"https:\/\/skaitytaknyga.lt\/en\/wp-json\/wp\/v2\/product\/21612","targetHints":{"allow":["GET"]}}],"collection":[{"href":"https:\/\/skaitytaknyga.lt\/en\/wp-json\/wp\/v2\/product"}],"about":[{"href":"https:\/\/skaitytaknyga.lt\/en\/wp-json\/wp\/v2\/types\/product"}],"replies":[{"embeddable":true,"href":"https:\/\/skaitytaknyga.lt\/en\/wp-json\/wp\/v2\/comments?post=21612"}],"wp:featuredmedia":[{"embeddable":true,"href":"https:\/\/skaitytaknyga.lt\/en\/wp-json\/wp\/v2\/media\/21617"}],"wp:attachment":[{"href":"https:\/\/skaitytaknyga.lt\/en\/wp-json\/wp\/v2\/media?parent=21612"}],"wp:term":[{"taxonomy":"product_brand","embeddable":true,"href":"https:\/\/skaitytaknyga.lt\/en\/wp-json\/wp\/v2\/product_brand?post=21612"},{"taxonomy":"product_cat","embeddable":true,"href":"https:\/\/skaitytaknyga.lt\/en\/wp-json\/wp\/v2\/product_cat?post=21612"},{"taxonomy":"product_tag","embeddable":true,"href":"https:\/\/skaitytaknyga.lt\/en\/wp-json\/wp\/v2\/product_tag?post=21612"}],"curies":[{"name":"wp","href":"https:\/\/api.w.org\/{rel}","templated":true}]}}