{"id":21611,"date":"2025-10-25T11:52:51","date_gmt":"2025-10-25T08:52:51","guid":{"rendered":"https:\/\/skaitytaknyga.lt\/?post_type=product&#038;p=21611"},"modified":"2025-10-25T12:24:44","modified_gmt":"2025-10-25T09:24:44","slug":"istorija-apie-leona-ir-luize","status":"publish","type":"product","link":"https:\/\/skaitytaknyga.lt\/en\/produktas\/istorija-apie-leona-ir-luize\/","title":{"rendered":"Istorija apie Leon\u0105 ir Luiz\u0119"},"content":{"rendered":"<p>Toli nuo fronto linijos, Normandijoje, dvira\u010diu va\u017eiuojant\u012f Leon\u0105 triskart aplenk\u0117 pedalus baisiai greitai minanti Luiz\u0117. Miestelyje Leonas stengiasi susirasti \u017ealiaak\u0119 mergin\u0105, kurios niekaip negali i\u0161mesti i\u0161 galvos. Du \u012fdomiai m\u0105stantys jaunuoliai puikiai jau\u010diasi leisdami laik\u0105 drauge, vienas kit\u0105 supranta i\u0161 pus\u0117s \u017eod\u017eio. Besibaigian\u010dio Pirmojo pasaulinio karo g\u016bsis \u012fsimyl\u0117j\u0117lius u\u017eklupo kelyje. Kulkosvaid\u017eio su\u017eeistas Leonas i\u0161gyveno, bet i\u0161\u0117j\u0119s i\u0161 ligonin\u0117s su\u017einojo, kad jo mylimoji Luiz\u0117 \u017euvo. Sukr\u0117stas netekties jis paliko miestel\u012f ir i\u0161vyko \u012f Pary\u017ei\u0173.<\/p>\n<p>Po de\u0161imties met\u0173 Leonas \u2013 Pary\u017eiaus kriminalin\u0117s policijos tarnautojas, r\u016bpestingas vyras ir mylintis t\u0117vas. \u0160eimos gyvenimas nesuteikia lauktos pilnatv\u0117s, \u0161ird\u012f kartais suvirpina pirmosios meil\u0117s prisiminimai. Vien\u0105 vakar\u0105 metro Leonas i\u0161vysta mergin\u0105, primenan\u010di\u0105 karo audrose pradingusi\u0105 Luiz\u0119. Taip po de\u0161imtme\u010dio Leonas su\u017eino, kad Luiz\u0117 gyva, ji gyvena ir dirba tame pa\u010diame mieste. Abiej\u0173 jausmai nepasikeit\u0117, bet ji nenori ardyti jo \u0161eimos. Ir kaip jiems likti drauge? Keistai besiklost\u0119s dviej\u0173 \u017emoni\u0173 viso gyvenimo ry\u0161ys pasirod\u0117 stipresnis u\u017e abiej\u0173 daliai tekusius, istorini\u0173 \u012fvyki\u0173 nulemtus sukr\u0117timus ir likimo sm\u016bgius.<\/p>\n<p>Pranc\u016bzijoje gim\u0119s, \u0160veicarijoje gyvenantis Alexas Capus ra\u0161ydamas dviej\u0173 \u012fsimyl\u0117jusi\u0173 \u017emoni\u0173 istorij\u0105 pasaulini\u0173 kar\u0173 purtomais laikais r\u0117m\u0117si savo senelio patirtais dalykais. Autorius suk\u016br\u0117 grak\u0161t\u0173, \u0161maik\u0161t\u0173, skoning\u0105 ir sodr\u0173 pasakojim\u0105 apie to meto realijas ir, \u017einoma, apie meil\u0119, atlaikiusi\u0105 artilerijos antpuol\u012f, vokie\u010di\u0173 okupacij\u0105, de\u0161imtme\u010dius trukus\u012f i\u0161siskyrim\u0105, taip pat apie sunk\u0173 pasirinkim\u0105 tarp jausmo ir pareigos, asmenin\u0117s laim\u0117s ir \u017emoni\u0173, priklausan\u010di\u0173 nuo tav\u0119s.<\/p>\n","protected":false},"excerpt":{"rendered":"<p>Toli nuo fronto linijos, Normandijoje, dvira\u010diu va\u017eiuojant\u012f Leon\u0105 triskart aplenk\u0117 pedalus baisiai greitai minanti Luiz\u0117. Miestelyje Leonas stengiasi susirasti \u017ealiaak\u0119 mergin\u0105, kurios niekaip negali i\u0161mesti i\u0161 galvos. Du \u012fdomiai m\u0105stantys jaunuoliai puikiai jau\u010diasi leisdami laik\u0105 drauge, vienas kit\u0105 supranta i\u0161 pus\u0117s \u017eod\u017eio. Besibaigian\u010dio Pirmojo pasaulinio karo g\u016bsis \u012fsimyl\u0117j\u0117lius u\u017eklupo kelyje. Kulkosvaid\u017eio su\u017eeistas Leonas i\u0161gyveno, bet i\u0161\u0117j\u0119s i\u0161 ligonin\u0117s su\u017einojo, kad jo mylimoji Luiz\u0117 \u017euvo. Sukr\u0117stas netekties jis paliko miestel\u012f ir i\u0161vyko \u012f Pary\u017ei\u0173. Po de\u0161imties met\u0173 Leonas \u2013 Pary\u017eiaus kriminalin\u0117s policijos tarnautojas, r\u016bpestingas vyras ir mylintis t\u0117vas. \u0160eimos gyvenimas nesuteikia lauktos pilnatv\u0117s, \u0161ird\u012f kartais suvirpina pirmosios meil\u0117s prisiminimai. Vien\u0105 vakar\u0105 metro Leonas i\u0161vysta mergin\u0105, primenan\u010di\u0105 karo audrose pradingusi\u0105 Luiz\u0119. Taip po de\u0161imtme\u010dio Leonas su\u017eino, kad Luiz\u0117 gyva, ji gyvena ir dirba tame pa\u010diame mieste. Abiej\u0173 jausmai nepasikeit\u0117, bet ji nenori ardyti jo \u0161eimos. Ir kaip jiems likti drauge? Keistai besiklost\u0119s dviej\u0173 \u017emoni\u0173 viso gyvenimo ry\u0161ys pasirod\u0117 stipresnis u\u017e abiej\u0173 daliai tekusius, istorini\u0173 \u012fvyki\u0173 nulemtus sukr\u0117timus ir likimo sm\u016bgius. Pranc\u016bzijoje gim\u0119s, \u0160veicarijoje gyvenantis Alexas Capus ra\u0161ydamas dviej\u0173 \u012fsimyl\u0117jusi\u0173 \u017emoni\u0173 istorij\u0105 pasaulini\u0173 kar\u0173 purtomais laikais r\u0117m\u0117si savo senelio patirtais dalykais. Autorius suk\u016br\u0117 grak\u0161t\u0173, \u0161maik\u0161t\u0173, skoning\u0105 ir sodr\u0173 pasakojim\u0105 apie to meto realijas ir, \u017einoma, apie meil\u0119, atlaikiusi\u0105 artilerijos antpuol\u012f, vokie\u010di\u0173 okupacij\u0105, de\u0161imtme\u010dius trukus\u012f i\u0161siskyrim\u0105, taip pat apie sunk\u0173 pasirinkim\u0105 tarp jausmo ir pareigos, asmenin\u0117s laim\u0117s ir \u017emoni\u0173, priklausan\u010di\u0173 nuo tav\u0119s.<\/p>\n","protected":false},"featured_media":21616,"comment_status":"open","ping_status":"closed","template":"","meta":{"_acf_changed":false,"site-sidebar-layout":"default","site-content-layout":"","ast-site-content-layout":"default","site-content-style":"default","site-sidebar-style":"default","ast-global-header-display":"","ast-banner-title-visibility":"","ast-main-header-display":"","ast-hfb-above-header-display":"","ast-hfb-below-header-display":"","ast-hfb-mobile-header-display":"","site-post-title":"","ast-breadcrumbs-content":"","ast-featured-img":"","footer-sml-layout":"","ast-disable-related-posts":"","theme-transparent-header-meta":"","adv-header-id-meta":"","stick-header-meta":"","header-above-stick-meta":"","header-main-stick-meta":"","header-below-stick-meta":"","astra-migrate-meta-layouts":"default","ast-page-background-enabled":"default","ast-page-background-meta":{"desktop":{"background-color":"","background-image":"","background-repeat":"repeat","background-position":"center center","background-size":"auto","background-attachment":"scroll","background-type":"","background-media":"","overlay-type":"","overlay-color":"","overlay-opacity":"","overlay-gradient":""},"tablet":{"background-color":"","background-image":"","background-repeat":"repeat","background-position":"center center","background-size":"auto","background-attachment":"scroll","background-type":"","background-media":"","overlay-type":"","overlay-color":"","overlay-opacity":"","overlay-gradient":""},"mobile":{"background-color":"","background-image":"","background-repeat":"repeat","background-position":"center center","background-size":"auto","background-attachment":"scroll","background-type":"","background-media":"","overlay-type":"","overlay-color":"","overlay-opacity":"","overlay-gradient":""}},"ast-content-background-meta":{"desktop":{"background-color":"var(--ast-global-color-4)","background-image":"","background-repeat":"repeat","background-position":"center center","background-size":"auto","background-attachment":"scroll","background-type":"","background-media":"","overlay-type":"","overlay-color":"","overlay-opacity":"","overlay-gradient":""},"tablet":{"background-color":"var(--ast-global-color-4)","background-image":"","background-repeat":"repeat","background-position":"center center","background-size":"auto","background-attachment":"scroll","background-type":"","background-media":"","overlay-type":"","overlay-color":"","overlay-opacity":"","overlay-gradient":""},"mobile":{"background-color":"var(--ast-global-color-4)","background-image":"","background-repeat":"repeat","background-position":"center center","background-size":"auto","background-attachment":"scroll","background-type":"","background-media":"","overlay-type":"","overlay-color":"","overlay-opacity":"","overlay-gradient":""}}},"product_brand":[],"product_cat":[31],"product_tag":[],"class_list":{"0":"post-21611","1":"product","2":"type-product","3":"status-publish","4":"has-post-thumbnail","6":"product_cat-grozine-literatura","7":"desktop-align-left","8":"tablet-align-left","9":"mobile-align-left","11":"first","12":"instock","13":"shipping-taxable","14":"purchasable","15":"product-type-simple"},"acf":[],"yoast_head":"<!-- This site is optimized with the Yoast SEO plugin v27.0 - https:\/\/yoast.com\/product\/yoast-seo-wordpress\/ -->\n<title>Istorija apie Leon\u0105 ir Luiz\u0119<\/title>\n<meta name=\"description\" content=\"Toli nuo fronto linijos, Normandijoje, dvira\u010diu va\u017eiuojant\u012f Leon\u0105 triskart aplenk\u0117 pedalus baisiai greitai minanti Luiz\u0117. Miestelyje Leonas stengiasi\" \/>\n<meta name=\"robots\" content=\"index, follow, max-snippet:-1, max-image-preview:large, max-video-preview:-1\" \/>\n<link rel=\"canonical\" href=\"https:\/\/skaitytaknyga.lt\/en\/produktas\/istorija-apie-leona-ir-luize\/\" \/>\n<meta property=\"og:locale\" content=\"en_GB\" \/>\n<meta property=\"og:locale:alternate\" content=\"lt_LT\" \/>\n<meta property=\"og:type\" content=\"article\" \/>\n<meta property=\"og:title\" content=\"Istorija apie Leon\u0105 ir Luiz\u0119\" \/>\n<meta property=\"og:description\" content=\"Toli nuo fronto linijos, Normandijoje, dvira\u010diu va\u017eiuojant\u012f Leon\u0105 triskart aplenk\u0117 pedalus baisiai greitai minanti Luiz\u0117. Miestelyje Leonas stengiasi\" \/>\n<meta property=\"og:url\" content=\"https:\/\/skaitytaknyga.lt\/en\/produktas\/istorija-apie-leona-ir-luize\/\" \/>\n<meta property=\"og:site_name\" content=\"Skaitytaknyga\" \/>\n<meta property=\"article:publisher\" content=\"https:\/\/www.facebook.com\/skaitytaknyga\/\" \/>\n<meta property=\"article:modified_time\" content=\"2025-10-25T09:24:44+00:00\" \/>\n<meta property=\"og:image\" content=\"https:\/\/skaitytaknyga.lt\/wp-content\/uploads\/2025\/10\/Istorija-apie-Leona-ir-Luize-1.webp\" \/>\n\t<meta property=\"og:image:width\" content=\"366\" \/>\n\t<meta property=\"og:image:height\" content=\"600\" \/>\n\t<meta property=\"og:image:type\" content=\"image\/webp\" \/>\n<meta name=\"twitter:card\" content=\"summary_large_image\" \/>\n<meta name=\"twitter:label1\" content=\"Estimated reading time\" \/>\n\t<meta name=\"twitter:data1\" content=\"1 minute\" \/>\n<script type=\"application\/ld+json\" class=\"yoast-schema-graph\">{\"@context\":\"https:\/\/schema.org\",\"@graph\":[{\"@type\":\"WebPage\",\"@id\":\"https:\/\/skaitytaknyga.lt\/produktas\/istorija-apie-leona-ir-luize\/\",\"url\":\"https:\/\/skaitytaknyga.lt\/produktas\/istorija-apie-leona-ir-luize\/\",\"name\":\"Istorija apie Leon\u0105 ir Luiz\u0119\",\"isPartOf\":{\"@id\":\"https:\/\/skaitytaknyga.lt\/#website\"},\"primaryImageOfPage\":{\"@id\":\"https:\/\/skaitytaknyga.lt\/produktas\/istorija-apie-leona-ir-luize\/#primaryimage\"},\"image\":{\"@id\":\"https:\/\/skaitytaknyga.lt\/produktas\/istorija-apie-leona-ir-luize\/#primaryimage\"},\"thumbnailUrl\":\"https:\/\/skaitytaknyga.lt\/wp-content\/uploads\/2025\/10\/Istorija-apie-Leona-ir-Luize-1.webp\",\"datePublished\":\"2025-10-25T08:52:51+00:00\",\"dateModified\":\"2025-10-25T09:24:44+00:00\",\"description\":\"Toli nuo fronto linijos, Normandijoje, dvira\u010diu va\u017eiuojant\u012f Leon\u0105 triskart aplenk\u0117 pedalus baisiai greitai minanti Luiz\u0117. Miestelyje Leonas stengiasi\",\"breadcrumb\":{\"@id\":\"https:\/\/skaitytaknyga.lt\/produktas\/istorija-apie-leona-ir-luize\/#breadcrumb\"},\"inLanguage\":\"en-GB\",\"potentialAction\":[{\"@type\":\"ReadAction\",\"target\":[\"https:\/\/skaitytaknyga.lt\/produktas\/istorija-apie-leona-ir-luize\/\"]}]},{\"@type\":\"ImageObject\",\"inLanguage\":\"en-GB\",\"@id\":\"https:\/\/skaitytaknyga.lt\/produktas\/istorija-apie-leona-ir-luize\/#primaryimage\",\"url\":\"https:\/\/skaitytaknyga.lt\/wp-content\/uploads\/2025\/10\/Istorija-apie-Leona-ir-Luize-1.webp\",\"contentUrl\":\"https:\/\/skaitytaknyga.lt\/wp-content\/uploads\/2025\/10\/Istorija-apie-Leona-ir-Luize-1.webp\",\"width\":366,\"height\":600,\"caption\":\"Istorija apie Leon\u0105 ir Luiz\u0119\"},{\"@type\":\"BreadcrumbList\",\"@id\":\"https:\/\/skaitytaknyga.lt\/produktas\/istorija-apie-leona-ir-luize\/#breadcrumb\",\"itemListElement\":[{\"@type\":\"ListItem\",\"position\":1,\"name\":\"Home\",\"item\":\"https:\/\/skaitytaknyga.lt\/\"},{\"@type\":\"ListItem\",\"position\":2,\"name\":\"Parduotuv\u0117\",\"item\":\"https:\/\/skaitytaknyga.lt\/knygu-parduotuve\/\"},{\"@type\":\"ListItem\",\"position\":3,\"name\":\"Istorija apie Leon\u0105 ir Luiz\u0119\"}]},{\"@type\":\"WebSite\",\"@id\":\"https:\/\/skaitytaknyga.lt\/#website\",\"url\":\"https:\/\/skaitytaknyga.lt\/\",\"name\":\"skaitytaknyga.lt\",\"description\":\"Skaitytaknyga.lt \u2013 tai ma\u017eas \u0161eimos verslas, kuris prasid\u0117jo nuo meil\u0117s knygoms ir siekio i\u0161gelb\u0117ti knygas nuo likimo prie konteinerio. Kas vienam nereikalingas daiktas \u2013 kitam lobis, o mes esame tarpininkai, kurie padeda abiems tapti laimingesniems ???? \u017dinome kaip nelengva i\u0161gyventi ma\u017eiems verslams, tad nuo \u0161iol, \u010dia rasite ir kit\u0173, ma\u017e\u0173 \u0161eim\u0173 versl\u0173, rank\u0173 darbo, dovan\u0173 sau ir artimiesiems.\",\"publisher\":{\"@id\":\"https:\/\/skaitytaknyga.lt\/#organization\"},\"potentialAction\":[{\"@type\":\"SearchAction\",\"target\":{\"@type\":\"EntryPoint\",\"urlTemplate\":\"https:\/\/skaitytaknyga.lt\/?s={search_term_string}\"},\"query-input\":{\"@type\":\"PropertyValueSpecification\",\"valueRequired\":true,\"valueName\":\"search_term_string\"}}],\"inLanguage\":\"en-GB\"},{\"@type\":\"Organization\",\"@id\":\"https:\/\/skaitytaknyga.lt\/#organization\",\"name\":\"skaitytaknyga.lt\",\"url\":\"https:\/\/skaitytaknyga.lt\/\",\"logo\":{\"@type\":\"ImageObject\",\"inLanguage\":\"en-GB\",\"@id\":\"https:\/\/skaitytaknyga.lt\/#\/schema\/logo\/image\/\",\"url\":\"https:\/\/skaitytaknyga.lt\/wp-content\/uploads\/2024\/05\/cropped-cropped-cropped-02_00843_jt3bggkj1j3HLc7SyY6rEUpg.jpeg\",\"contentUrl\":\"https:\/\/skaitytaknyga.lt\/wp-content\/uploads\/2024\/05\/cropped-cropped-cropped-02_00843_jt3bggkj1j3HLc7SyY6rEUpg.jpeg\",\"width\":1600,\"height\":1600,\"caption\":\"skaitytaknyga.lt\"},\"image\":{\"@id\":\"https:\/\/skaitytaknyga.lt\/#\/schema\/logo\/image\/\"},\"sameAs\":[\"https:\/\/www.facebook.com\/skaitytaknyga\/\"]}]}<\/script>\n<!-- \/ Yoast SEO plugin. -->","yoast_head_json":{"title":"Istorija apie Leon\u0105 ir Luiz\u0119","description":"Toli nuo fronto linijos, Normandijoje, dvira\u010diu va\u017eiuojant\u012f Leon\u0105 triskart aplenk\u0117 pedalus baisiai greitai minanti Luiz\u0117. Miestelyje Leonas stengiasi","robots":{"index":"index","follow":"follow","max-snippet":"max-snippet:-1","max-image-preview":"max-image-preview:large","max-video-preview":"max-video-preview:-1"},"canonical":"https:\/\/skaitytaknyga.lt\/en\/produktas\/istorija-apie-leona-ir-luize\/","og_locale":"en_GB","og_type":"article","og_title":"[:lt]Istorija apie Leon\u0105 ir Luiz\u0119[:] - Skaitytaknyga","og_description":"Toli nuo fronto linijos, Normandijoje, dvira\u010diu va\u017eiuojant\u012f Leon\u0105 triskart aplenk\u0117 pedalus baisiai greitai minanti Luiz\u0117. Miestelyje Leonas stengiasi","og_url":"https:\/\/skaitytaknyga.lt\/en\/produktas\/istorija-apie-leona-ir-luize\/","og_site_name":"Skaitytaknyga","article_publisher":"https:\/\/www.facebook.com\/skaitytaknyga\/","article_modified_time":"2025-10-25T09:24:44+00:00","og_image":[{"width":366,"height":600,"url":"https:\/\/skaitytaknyga.lt\/wp-content\/uploads\/2025\/10\/Istorija-apie-Leona-ir-Luize-1.webp","type":"image\/webp"}],"twitter_card":"summary_large_image","twitter_misc":{"Estimated reading time":"1 minute"},"schema":{"@context":"https:\/\/schema.org","@graph":[{"@type":"WebPage","@id":"https:\/\/skaitytaknyga.lt\/produktas\/istorija-apie-leona-ir-luize\/","url":"https:\/\/skaitytaknyga.lt\/produktas\/istorija-apie-leona-ir-luize\/","name":"Istorija apie Leon\u0105 ir Luiz\u0119","isPartOf":{"@id":"https:\/\/skaitytaknyga.lt\/#website"},"primaryImageOfPage":{"@id":"https:\/\/skaitytaknyga.lt\/produktas\/istorija-apie-leona-ir-luize\/#primaryimage"},"image":{"@id":"https:\/\/skaitytaknyga.lt\/produktas\/istorija-apie-leona-ir-luize\/#primaryimage"},"thumbnailUrl":"https:\/\/skaitytaknyga.lt\/wp-content\/uploads\/2025\/10\/Istorija-apie-Leona-ir-Luize-1.webp","datePublished":"2025-10-25T08:52:51+00:00","dateModified":"2025-10-25T09:24:44+00:00","description":"Toli nuo fronto linijos, Normandijoje, dvira\u010diu va\u017eiuojant\u012f Leon\u0105 triskart aplenk\u0117 pedalus baisiai greitai minanti Luiz\u0117. Miestelyje Leonas stengiasi","breadcrumb":{"@id":"https:\/\/skaitytaknyga.lt\/produktas\/istorija-apie-leona-ir-luize\/#breadcrumb"},"inLanguage":"en-GB","potentialAction":[{"@type":"ReadAction","target":["https:\/\/skaitytaknyga.lt\/produktas\/istorija-apie-leona-ir-luize\/"]}]},{"@type":"ImageObject","inLanguage":"en-GB","@id":"https:\/\/skaitytaknyga.lt\/produktas\/istorija-apie-leona-ir-luize\/#primaryimage","url":"https:\/\/skaitytaknyga.lt\/wp-content\/uploads\/2025\/10\/Istorija-apie-Leona-ir-Luize-1.webp","contentUrl":"https:\/\/skaitytaknyga.lt\/wp-content\/uploads\/2025\/10\/Istorija-apie-Leona-ir-Luize-1.webp","width":366,"height":600,"caption":"Istorija apie Leon\u0105 ir Luiz\u0119"},{"@type":"BreadcrumbList","@id":"https:\/\/skaitytaknyga.lt\/produktas\/istorija-apie-leona-ir-luize\/#breadcrumb","itemListElement":[{"@type":"ListItem","position":1,"name":"Home","item":"https:\/\/skaitytaknyga.lt\/"},{"@type":"ListItem","position":2,"name":"Parduotuv\u0117","item":"https:\/\/skaitytaknyga.lt\/knygu-parduotuve\/"},{"@type":"ListItem","position":3,"name":"Istorija apie Leon\u0105 ir Luiz\u0119"}]},{"@type":"WebSite","@id":"https:\/\/skaitytaknyga.lt\/#website","url":"https:\/\/skaitytaknyga.lt\/","name":"skaitytaknyga.lt","description":"Skaitytaknyga.lt \u2013 tai ma\u017eas \u0161eimos verslas, kuris prasid\u0117jo nuo meil\u0117s knygoms ir siekio i\u0161gelb\u0117ti knygas nuo likimo prie konteinerio. Kas vienam nereikalingas daiktas \u2013 kitam lobis, o mes esame tarpininkai, kurie padeda abiems tapti laimingesniems ???? \u017dinome kaip nelengva i\u0161gyventi ma\u017eiems verslams, tad nuo \u0161iol, \u010dia rasite ir kit\u0173, ma\u017e\u0173 \u0161eim\u0173 versl\u0173, rank\u0173 darbo, dovan\u0173 sau ir artimiesiems.","publisher":{"@id":"https:\/\/skaitytaknyga.lt\/#organization"},"potentialAction":[{"@type":"SearchAction","target":{"@type":"EntryPoint","urlTemplate":"https:\/\/skaitytaknyga.lt\/?s={search_term_string}"},"query-input":{"@type":"PropertyValueSpecification","valueRequired":true,"valueName":"search_term_string"}}],"inLanguage":"en-GB"},{"@type":"Organization","@id":"https:\/\/skaitytaknyga.lt\/#organization","name":"skaitytaknyga.lt","url":"https:\/\/skaitytaknyga.lt\/","logo":{"@type":"ImageObject","inLanguage":"en-GB","@id":"https:\/\/skaitytaknyga.lt\/#\/schema\/logo\/image\/","url":"https:\/\/skaitytaknyga.lt\/wp-content\/uploads\/2024\/05\/cropped-cropped-cropped-02_00843_jt3bggkj1j3HLc7SyY6rEUpg.jpeg","contentUrl":"https:\/\/skaitytaknyga.lt\/wp-content\/uploads\/2024\/05\/cropped-cropped-cropped-02_00843_jt3bggkj1j3HLc7SyY6rEUpg.jpeg","width":1600,"height":1600,"caption":"skaitytaknyga.lt"},"image":{"@id":"https:\/\/skaitytaknyga.lt\/#\/schema\/logo\/image\/"},"sameAs":["https:\/\/www.facebook.com\/skaitytaknyga\/"]}]}},"_links":{"self":[{"href":"https:\/\/skaitytaknyga.lt\/en\/wp-json\/wp\/v2\/product\/21611","targetHints":{"allow":["GET"]}}],"collection":[{"href":"https:\/\/skaitytaknyga.lt\/en\/wp-json\/wp\/v2\/product"}],"about":[{"href":"https:\/\/skaitytaknyga.lt\/en\/wp-json\/wp\/v2\/types\/product"}],"replies":[{"embeddable":true,"href":"https:\/\/skaitytaknyga.lt\/en\/wp-json\/wp\/v2\/comments?post=21611"}],"wp:featuredmedia":[{"embeddable":true,"href":"https:\/\/skaitytaknyga.lt\/en\/wp-json\/wp\/v2\/media\/21616"}],"wp:attachment":[{"href":"https:\/\/skaitytaknyga.lt\/en\/wp-json\/wp\/v2\/media?parent=21611"}],"wp:term":[{"taxonomy":"product_brand","embeddable":true,"href":"https:\/\/skaitytaknyga.lt\/en\/wp-json\/wp\/v2\/product_brand?post=21611"},{"taxonomy":"product_cat","embeddable":true,"href":"https:\/\/skaitytaknyga.lt\/en\/wp-json\/wp\/v2\/product_cat?post=21611"},{"taxonomy":"product_tag","embeddable":true,"href":"https:\/\/skaitytaknyga.lt\/en\/wp-json\/wp\/v2\/product_tag?post=21611"}],"curies":[{"name":"wp","href":"https:\/\/api.w.org\/{rel}","templated":true}]}}