{"id":21610,"date":"2025-10-25T11:52:51","date_gmt":"2025-10-25T08:52:51","guid":{"rendered":"https:\/\/skaitytaknyga.lt\/?post_type=product&#038;p=21610"},"modified":"2025-10-25T12:24:44","modified_gmt":"2025-10-25T09:24:44","slug":"ir-tada-suprasi-kur-slypi-tavo-laime","status":"publish","type":"product","link":"https:\/\/skaitytaknyga.lt\/en\/produktas\/ir-tada-suprasi-kur-slypi-tavo-laime\/","title":{"rendered":"Ir tada suprasi, kur slypi tavo laim\u0117"},"content":{"rendered":"<p>Galb\u016bt laim\u0119 mes randam pa\u010diose keis\u010diausiose vietose, kai to tikim\u0117s ma\u017eiausiai?<\/p>\n<p>Ne, \u017diulija tikrai neb\u0117ga nuo j\u0105 u\u017egriuvusi\u0173 nelaimi\u0173. Jai tik reikia \u012fkv\u0117pti gryno oro ir i\u0161braukti kelis ne itin s\u0117kmingus gyvenimo m\u0117nesius. Ilgai nesvars\u010diusi, ji duria pir\u0161tu \u012f pirm\u0105 pasitaikius\u012f darbo skelbim\u0105 \u2013 ir \u0161urmuliuojant\u012f gyvenim\u0105 Pary\u017eiuje netrukus pakei\u010dia psicholog\u0117s darbas seneli\u0173 namuose prie Atlanto vandenyno.<\/p>\n<p>\u201eSveika atvykusi \u012f \u201eEgl\u016bnus&#8221;. Gal dabar taip neatrodo, bet \u010dia tu b\u016bsi laiminga!&#8221;<\/p>\n<p>Vos \u012f\u017eengusi \u012f seneli\u0173 namus ji ima tuo rimtai abejoti. Gal vis d\u0117lto tai nebuvo geriausias pasirinkimas? Kas gi jai gali \u010dia patikti? Ta\u010diau kasdien bendraudama su \u201eEgl\u016bn\u0173&#8221; gyventojais \u017diulija ima suprasti, kad u\u017e \u0161ypsen\u0173 ir juok\u0173 slypi trapios istorijos, nusl\u0117pti jausmai, sudau\u017eytos \u0161irdys, dar nei\u0161sipild\u0119 norai ir, nepaisant visko, niekad nei\u0161bl\u0117stantis noras d\u017eiaugtis gyvenimu.<\/p>\n<p>Romane \u201eIr tada suprasi, kur slypi tavo laim\u0117&#8221; \u0161maik\u0161\u010diai ir tarsi ne\u012fpareigojan\u010diai pasakojama \u017diulijos istorija ver\u010dia susim\u0105styti, kas \u0161iame gyvenime mums brangiausia, ir ie\u0161koti atsakymo \u012f taip visiems r\u016bpim\u0105 klausim\u0105: kurgi slypi ta tikroji laim\u0117? Ar nepamir\u0161ome myl\u0117ti, o ne tik meil\u0119 imti i\u0161 kit\u0173?<\/p>\n","protected":false},"excerpt":{"rendered":"<p>Galb\u016bt laim\u0119 mes randam pa\u010diose keis\u010diausiose vietose, kai to tikim\u0117s ma\u017eiausiai? Ne, \u017diulija tikrai neb\u0117ga nuo j\u0105 u\u017egriuvusi\u0173 nelaimi\u0173. Jai tik reikia \u012fkv\u0117pti gryno oro ir i\u0161braukti kelis ne itin s\u0117kmingus gyvenimo m\u0117nesius. Ilgai nesvars\u010diusi, ji duria pir\u0161tu \u012f pirm\u0105 pasitaikius\u012f darbo skelbim\u0105 \u2013 ir \u0161urmuliuojant\u012f gyvenim\u0105 Pary\u017eiuje netrukus pakei\u010dia psicholog\u0117s darbas seneli\u0173 namuose prie Atlanto vandenyno. \u201eSveika atvykusi \u012f \u201eEgl\u016bnus&#8221;. Gal dabar taip neatrodo, bet \u010dia tu b\u016bsi laiminga!&#8221; Vos \u012f\u017eengusi \u012f seneli\u0173 namus ji ima tuo rimtai abejoti. Gal vis d\u0117lto tai nebuvo geriausias pasirinkimas? Kas gi jai gali \u010dia patikti? Ta\u010diau kasdien bendraudama su \u201eEgl\u016bn\u0173&#8221; gyventojais \u017diulija ima suprasti, kad u\u017e \u0161ypsen\u0173 ir juok\u0173 slypi trapios istorijos, nusl\u0117pti jausmai, sudau\u017eytos \u0161irdys, dar nei\u0161sipild\u0119 norai ir, nepaisant visko, niekad nei\u0161bl\u0117stantis noras d\u017eiaugtis gyvenimu. Romane \u201eIr tada suprasi, kur slypi tavo laim\u0117&#8221; \u0161maik\u0161\u010diai ir tarsi ne\u012fpareigojan\u010diai pasakojama \u017diulijos istorija ver\u010dia susim\u0105styti, kas \u0161iame gyvenime mums brangiausia, ir ie\u0161koti atsakymo \u012f taip visiems r\u016bpim\u0105 klausim\u0105: kurgi slypi ta tikroji laim\u0117? Ar nepamir\u0161ome myl\u0117ti, o ne tik meil\u0119 imti i\u0161 kit\u0173?<\/p>\n","protected":false},"featured_media":21615,"comment_status":"open","ping_status":"closed","template":"","meta":{"_acf_changed":false,"site-sidebar-layout":"default","site-content-layout":"","ast-site-content-layout":"default","site-content-style":"default","site-sidebar-style":"default","ast-global-header-display":"","ast-banner-title-visibility":"","ast-main-header-display":"","ast-hfb-above-header-display":"","ast-hfb-below-header-display":"","ast-hfb-mobile-header-display":"","site-post-title":"","ast-breadcrumbs-content":"","ast-featured-img":"","footer-sml-layout":"","ast-disable-related-posts":"","theme-transparent-header-meta":"","adv-header-id-meta":"","stick-header-meta":"","header-above-stick-meta":"","header-main-stick-meta":"","header-below-stick-meta":"","astra-migrate-meta-layouts":"default","ast-page-background-enabled":"default","ast-page-background-meta":{"desktop":{"background-color":"","background-image":"","background-repeat":"repeat","background-position":"center center","background-size":"auto","background-attachment":"scroll","background-type":"","background-media":"","overlay-type":"","overlay-color":"","overlay-opacity":"","overlay-gradient":""},"tablet":{"background-color":"","background-image":"","background-repeat":"repeat","background-position":"center center","background-size":"auto","background-attachment":"scroll","background-type":"","background-media":"","overlay-type":"","overlay-color":"","overlay-opacity":"","overlay-gradient":""},"mobile":{"background-color":"","background-image":"","background-repeat":"repeat","background-position":"center center","background-size":"auto","background-attachment":"scroll","background-type":"","background-media":"","overlay-type":"","overlay-color":"","overlay-opacity":"","overlay-gradient":""}},"ast-content-background-meta":{"desktop":{"background-color":"var(--ast-global-color-4)","background-image":"","background-repeat":"repeat","background-position":"center center","background-size":"auto","background-attachment":"scroll","background-type":"","background-media":"","overlay-type":"","overlay-color":"","overlay-opacity":"","overlay-gradient":""},"tablet":{"background-color":"var(--ast-global-color-4)","background-image":"","background-repeat":"repeat","background-position":"center center","background-size":"auto","background-attachment":"scroll","background-type":"","background-media":"","overlay-type":"","overlay-color":"","overlay-opacity":"","overlay-gradient":""},"mobile":{"background-color":"var(--ast-global-color-4)","background-image":"","background-repeat":"repeat","background-position":"center center","background-size":"auto","background-attachment":"scroll","background-type":"","background-media":"","overlay-type":"","overlay-color":"","overlay-opacity":"","overlay-gradient":""}}},"product_brand":[],"product_cat":[31],"product_tag":[],"class_list":{"0":"post-21610","1":"product","2":"type-product","3":"status-publish","4":"has-post-thumbnail","6":"product_cat-grozine-literatura","7":"desktop-align-left","8":"tablet-align-left","9":"mobile-align-left","11":"first","12":"instock","13":"shipping-taxable","14":"purchasable","15":"product-type-simple"},"acf":[],"yoast_head":"<!-- This site is optimized with the Yoast SEO plugin v27.0 - https:\/\/yoast.com\/product\/yoast-seo-wordpress\/ -->\n<title>Ir tada suprasi, kur slypi tavo laim\u0117<\/title>\n<meta name=\"description\" content=\"Galb\u016bt laim\u0119 mes randam pa\u010diose keis\u010diausiose vietose, kai to tikim\u0117s ma\u017eiausiai? Ne, \u017diulija tikrai neb\u0117ga nuo j\u0105 u\u017egriuvusi\u0173 nelaimi\u0173. Jai tik reikia\" \/>\n<meta name=\"robots\" content=\"index, follow, max-snippet:-1, max-image-preview:large, max-video-preview:-1\" \/>\n<link rel=\"canonical\" href=\"https:\/\/skaitytaknyga.lt\/en\/produktas\/ir-tada-suprasi-kur-slypi-tavo-laime\/\" \/>\n<meta property=\"og:locale\" content=\"en_GB\" \/>\n<meta property=\"og:locale:alternate\" content=\"lt_LT\" \/>\n<meta property=\"og:type\" content=\"article\" \/>\n<meta property=\"og:title\" content=\"Ir tada suprasi, kur slypi tavo laim\u0117\" \/>\n<meta property=\"og:description\" content=\"Galb\u016bt laim\u0119 mes randam pa\u010diose keis\u010diausiose vietose, kai to tikim\u0117s ma\u017eiausiai? Ne, \u017diulija tikrai neb\u0117ga nuo j\u0105 u\u017egriuvusi\u0173 nelaimi\u0173. Jai tik reikia\" \/>\n<meta property=\"og:url\" content=\"https:\/\/skaitytaknyga.lt\/en\/produktas\/ir-tada-suprasi-kur-slypi-tavo-laime\/\" \/>\n<meta property=\"og:site_name\" content=\"Skaitytaknyga\" \/>\n<meta property=\"article:publisher\" content=\"https:\/\/www.facebook.com\/skaitytaknyga\/\" \/>\n<meta property=\"article:modified_time\" content=\"2025-10-25T09:24:44+00:00\" \/>\n<meta property=\"og:image\" content=\"https:\/\/skaitytaknyga.lt\/wp-content\/uploads\/2025\/10\/Ir-tada-suprasi-kur-slypi-tavo-laime-1.webp\" \/>\n\t<meta property=\"og:image:width\" content=\"450\" \/>\n\t<meta property=\"og:image:height\" content=\"652\" \/>\n\t<meta property=\"og:image:type\" content=\"image\/webp\" \/>\n<meta name=\"twitter:card\" content=\"summary_large_image\" \/>\n<meta name=\"twitter:label1\" content=\"Estimated reading time\" \/>\n\t<meta name=\"twitter:data1\" content=\"1 minute\" \/>\n<script type=\"application\/ld+json\" class=\"yoast-schema-graph\">{\"@context\":\"https:\/\/schema.org\",\"@graph\":[{\"@type\":\"WebPage\",\"@id\":\"https:\/\/skaitytaknyga.lt\/produktas\/ir-tada-suprasi-kur-slypi-tavo-laime\/\",\"url\":\"https:\/\/skaitytaknyga.lt\/produktas\/ir-tada-suprasi-kur-slypi-tavo-laime\/\",\"name\":\"Ir tada suprasi, kur slypi tavo laim\u0117\",\"isPartOf\":{\"@id\":\"https:\/\/skaitytaknyga.lt\/#website\"},\"primaryImageOfPage\":{\"@id\":\"https:\/\/skaitytaknyga.lt\/produktas\/ir-tada-suprasi-kur-slypi-tavo-laime\/#primaryimage\"},\"image\":{\"@id\":\"https:\/\/skaitytaknyga.lt\/produktas\/ir-tada-suprasi-kur-slypi-tavo-laime\/#primaryimage\"},\"thumbnailUrl\":\"https:\/\/skaitytaknyga.lt\/wp-content\/uploads\/2025\/10\/Ir-tada-suprasi-kur-slypi-tavo-laime-1.webp\",\"datePublished\":\"2025-10-25T08:52:51+00:00\",\"dateModified\":\"2025-10-25T09:24:44+00:00\",\"description\":\"Galb\u016bt laim\u0119 mes randam pa\u010diose keis\u010diausiose vietose, kai to tikim\u0117s ma\u017eiausiai? Ne, \u017diulija tikrai neb\u0117ga nuo j\u0105 u\u017egriuvusi\u0173 nelaimi\u0173. Jai tik reikia\",\"breadcrumb\":{\"@id\":\"https:\/\/skaitytaknyga.lt\/produktas\/ir-tada-suprasi-kur-slypi-tavo-laime\/#breadcrumb\"},\"inLanguage\":\"en-GB\",\"potentialAction\":[{\"@type\":\"ReadAction\",\"target\":[\"https:\/\/skaitytaknyga.lt\/produktas\/ir-tada-suprasi-kur-slypi-tavo-laime\/\"]}]},{\"@type\":\"ImageObject\",\"inLanguage\":\"en-GB\",\"@id\":\"https:\/\/skaitytaknyga.lt\/produktas\/ir-tada-suprasi-kur-slypi-tavo-laime\/#primaryimage\",\"url\":\"https:\/\/skaitytaknyga.lt\/wp-content\/uploads\/2025\/10\/Ir-tada-suprasi-kur-slypi-tavo-laime-1.webp\",\"contentUrl\":\"https:\/\/skaitytaknyga.lt\/wp-content\/uploads\/2025\/10\/Ir-tada-suprasi-kur-slypi-tavo-laime-1.webp\",\"width\":450,\"height\":652,\"caption\":\"Ir tada suprasi, kur slypi tavo laim\u0117\"},{\"@type\":\"BreadcrumbList\",\"@id\":\"https:\/\/skaitytaknyga.lt\/produktas\/ir-tada-suprasi-kur-slypi-tavo-laime\/#breadcrumb\",\"itemListElement\":[{\"@type\":\"ListItem\",\"position\":1,\"name\":\"Home\",\"item\":\"https:\/\/skaitytaknyga.lt\/\"},{\"@type\":\"ListItem\",\"position\":2,\"name\":\"Parduotuv\u0117\",\"item\":\"https:\/\/skaitytaknyga.lt\/knygu-parduotuve\/\"},{\"@type\":\"ListItem\",\"position\":3,\"name\":\"Ir tada suprasi, kur slypi tavo laim\u0117\"}]},{\"@type\":\"WebSite\",\"@id\":\"https:\/\/skaitytaknyga.lt\/#website\",\"url\":\"https:\/\/skaitytaknyga.lt\/\",\"name\":\"skaitytaknyga.lt\",\"description\":\"Skaitytaknyga.lt \u2013 tai ma\u017eas \u0161eimos verslas, kuris prasid\u0117jo nuo meil\u0117s knygoms ir siekio i\u0161gelb\u0117ti knygas nuo likimo prie konteinerio. Kas vienam nereikalingas daiktas \u2013 kitam lobis, o mes esame tarpininkai, kurie padeda abiems tapti laimingesniems ???? \u017dinome kaip nelengva i\u0161gyventi ma\u017eiems verslams, tad nuo \u0161iol, \u010dia rasite ir kit\u0173, ma\u017e\u0173 \u0161eim\u0173 versl\u0173, rank\u0173 darbo, dovan\u0173 sau ir artimiesiems.\",\"publisher\":{\"@id\":\"https:\/\/skaitytaknyga.lt\/#organization\"},\"potentialAction\":[{\"@type\":\"SearchAction\",\"target\":{\"@type\":\"EntryPoint\",\"urlTemplate\":\"https:\/\/skaitytaknyga.lt\/?s={search_term_string}\"},\"query-input\":{\"@type\":\"PropertyValueSpecification\",\"valueRequired\":true,\"valueName\":\"search_term_string\"}}],\"inLanguage\":\"en-GB\"},{\"@type\":\"Organization\",\"@id\":\"https:\/\/skaitytaknyga.lt\/#organization\",\"name\":\"skaitytaknyga.lt\",\"url\":\"https:\/\/skaitytaknyga.lt\/\",\"logo\":{\"@type\":\"ImageObject\",\"inLanguage\":\"en-GB\",\"@id\":\"https:\/\/skaitytaknyga.lt\/#\/schema\/logo\/image\/\",\"url\":\"https:\/\/skaitytaknyga.lt\/wp-content\/uploads\/2024\/05\/cropped-cropped-cropped-02_00843_jt3bggkj1j3HLc7SyY6rEUpg.jpeg\",\"contentUrl\":\"https:\/\/skaitytaknyga.lt\/wp-content\/uploads\/2024\/05\/cropped-cropped-cropped-02_00843_jt3bggkj1j3HLc7SyY6rEUpg.jpeg\",\"width\":1600,\"height\":1600,\"caption\":\"skaitytaknyga.lt\"},\"image\":{\"@id\":\"https:\/\/skaitytaknyga.lt\/#\/schema\/logo\/image\/\"},\"sameAs\":[\"https:\/\/www.facebook.com\/skaitytaknyga\/\"]}]}<\/script>\n<!-- \/ Yoast SEO plugin. -->","yoast_head_json":{"title":"Ir tada suprasi, kur slypi tavo laim\u0117","description":"Galb\u016bt laim\u0119 mes randam pa\u010diose keis\u010diausiose vietose, kai to tikim\u0117s ma\u017eiausiai? Ne, \u017diulija tikrai neb\u0117ga nuo j\u0105 u\u017egriuvusi\u0173 nelaimi\u0173. Jai tik reikia","robots":{"index":"index","follow":"follow","max-snippet":"max-snippet:-1","max-image-preview":"max-image-preview:large","max-video-preview":"max-video-preview:-1"},"canonical":"https:\/\/skaitytaknyga.lt\/en\/produktas\/ir-tada-suprasi-kur-slypi-tavo-laime\/","og_locale":"en_GB","og_type":"article","og_title":"[:lt]Ir tada suprasi, kur slypi tavo laim\u0117[:] - Skaitytaknyga","og_description":"Galb\u016bt laim\u0119 mes randam pa\u010diose keis\u010diausiose vietose, kai to tikim\u0117s ma\u017eiausiai? Ne, \u017diulija tikrai neb\u0117ga nuo j\u0105 u\u017egriuvusi\u0173 nelaimi\u0173. Jai tik reikia","og_url":"https:\/\/skaitytaknyga.lt\/en\/produktas\/ir-tada-suprasi-kur-slypi-tavo-laime\/","og_site_name":"Skaitytaknyga","article_publisher":"https:\/\/www.facebook.com\/skaitytaknyga\/","article_modified_time":"2025-10-25T09:24:44+00:00","og_image":[{"width":450,"height":652,"url":"https:\/\/skaitytaknyga.lt\/wp-content\/uploads\/2025\/10\/Ir-tada-suprasi-kur-slypi-tavo-laime-1.webp","type":"image\/webp"}],"twitter_card":"summary_large_image","twitter_misc":{"Estimated reading time":"1 minute"},"schema":{"@context":"https:\/\/schema.org","@graph":[{"@type":"WebPage","@id":"https:\/\/skaitytaknyga.lt\/produktas\/ir-tada-suprasi-kur-slypi-tavo-laime\/","url":"https:\/\/skaitytaknyga.lt\/produktas\/ir-tada-suprasi-kur-slypi-tavo-laime\/","name":"Ir tada suprasi, kur slypi tavo laim\u0117","isPartOf":{"@id":"https:\/\/skaitytaknyga.lt\/#website"},"primaryImageOfPage":{"@id":"https:\/\/skaitytaknyga.lt\/produktas\/ir-tada-suprasi-kur-slypi-tavo-laime\/#primaryimage"},"image":{"@id":"https:\/\/skaitytaknyga.lt\/produktas\/ir-tada-suprasi-kur-slypi-tavo-laime\/#primaryimage"},"thumbnailUrl":"https:\/\/skaitytaknyga.lt\/wp-content\/uploads\/2025\/10\/Ir-tada-suprasi-kur-slypi-tavo-laime-1.webp","datePublished":"2025-10-25T08:52:51+00:00","dateModified":"2025-10-25T09:24:44+00:00","description":"Galb\u016bt laim\u0119 mes randam pa\u010diose keis\u010diausiose vietose, kai to tikim\u0117s ma\u017eiausiai? Ne, \u017diulija tikrai neb\u0117ga nuo j\u0105 u\u017egriuvusi\u0173 nelaimi\u0173. Jai tik reikia","breadcrumb":{"@id":"https:\/\/skaitytaknyga.lt\/produktas\/ir-tada-suprasi-kur-slypi-tavo-laime\/#breadcrumb"},"inLanguage":"en-GB","potentialAction":[{"@type":"ReadAction","target":["https:\/\/skaitytaknyga.lt\/produktas\/ir-tada-suprasi-kur-slypi-tavo-laime\/"]}]},{"@type":"ImageObject","inLanguage":"en-GB","@id":"https:\/\/skaitytaknyga.lt\/produktas\/ir-tada-suprasi-kur-slypi-tavo-laime\/#primaryimage","url":"https:\/\/skaitytaknyga.lt\/wp-content\/uploads\/2025\/10\/Ir-tada-suprasi-kur-slypi-tavo-laime-1.webp","contentUrl":"https:\/\/skaitytaknyga.lt\/wp-content\/uploads\/2025\/10\/Ir-tada-suprasi-kur-slypi-tavo-laime-1.webp","width":450,"height":652,"caption":"Ir tada suprasi, kur slypi tavo laim\u0117"},{"@type":"BreadcrumbList","@id":"https:\/\/skaitytaknyga.lt\/produktas\/ir-tada-suprasi-kur-slypi-tavo-laime\/#breadcrumb","itemListElement":[{"@type":"ListItem","position":1,"name":"Home","item":"https:\/\/skaitytaknyga.lt\/"},{"@type":"ListItem","position":2,"name":"Parduotuv\u0117","item":"https:\/\/skaitytaknyga.lt\/knygu-parduotuve\/"},{"@type":"ListItem","position":3,"name":"Ir tada suprasi, kur slypi tavo laim\u0117"}]},{"@type":"WebSite","@id":"https:\/\/skaitytaknyga.lt\/#website","url":"https:\/\/skaitytaknyga.lt\/","name":"skaitytaknyga.lt","description":"Skaitytaknyga.lt \u2013 tai ma\u017eas \u0161eimos verslas, kuris prasid\u0117jo nuo meil\u0117s knygoms ir siekio i\u0161gelb\u0117ti knygas nuo likimo prie konteinerio. Kas vienam nereikalingas daiktas \u2013 kitam lobis, o mes esame tarpininkai, kurie padeda abiems tapti laimingesniems ???? \u017dinome kaip nelengva i\u0161gyventi ma\u017eiems verslams, tad nuo \u0161iol, \u010dia rasite ir kit\u0173, ma\u017e\u0173 \u0161eim\u0173 versl\u0173, rank\u0173 darbo, dovan\u0173 sau ir artimiesiems.","publisher":{"@id":"https:\/\/skaitytaknyga.lt\/#organization"},"potentialAction":[{"@type":"SearchAction","target":{"@type":"EntryPoint","urlTemplate":"https:\/\/skaitytaknyga.lt\/?s={search_term_string}"},"query-input":{"@type":"PropertyValueSpecification","valueRequired":true,"valueName":"search_term_string"}}],"inLanguage":"en-GB"},{"@type":"Organization","@id":"https:\/\/skaitytaknyga.lt\/#organization","name":"skaitytaknyga.lt","url":"https:\/\/skaitytaknyga.lt\/","logo":{"@type":"ImageObject","inLanguage":"en-GB","@id":"https:\/\/skaitytaknyga.lt\/#\/schema\/logo\/image\/","url":"https:\/\/skaitytaknyga.lt\/wp-content\/uploads\/2024\/05\/cropped-cropped-cropped-02_00843_jt3bggkj1j3HLc7SyY6rEUpg.jpeg","contentUrl":"https:\/\/skaitytaknyga.lt\/wp-content\/uploads\/2024\/05\/cropped-cropped-cropped-02_00843_jt3bggkj1j3HLc7SyY6rEUpg.jpeg","width":1600,"height":1600,"caption":"skaitytaknyga.lt"},"image":{"@id":"https:\/\/skaitytaknyga.lt\/#\/schema\/logo\/image\/"},"sameAs":["https:\/\/www.facebook.com\/skaitytaknyga\/"]}]}},"_links":{"self":[{"href":"https:\/\/skaitytaknyga.lt\/en\/wp-json\/wp\/v2\/product\/21610","targetHints":{"allow":["GET"]}}],"collection":[{"href":"https:\/\/skaitytaknyga.lt\/en\/wp-json\/wp\/v2\/product"}],"about":[{"href":"https:\/\/skaitytaknyga.lt\/en\/wp-json\/wp\/v2\/types\/product"}],"replies":[{"embeddable":true,"href":"https:\/\/skaitytaknyga.lt\/en\/wp-json\/wp\/v2\/comments?post=21610"}],"wp:featuredmedia":[{"embeddable":true,"href":"https:\/\/skaitytaknyga.lt\/en\/wp-json\/wp\/v2\/media\/21615"}],"wp:attachment":[{"href":"https:\/\/skaitytaknyga.lt\/en\/wp-json\/wp\/v2\/media?parent=21610"}],"wp:term":[{"taxonomy":"product_brand","embeddable":true,"href":"https:\/\/skaitytaknyga.lt\/en\/wp-json\/wp\/v2\/product_brand?post=21610"},{"taxonomy":"product_cat","embeddable":true,"href":"https:\/\/skaitytaknyga.lt\/en\/wp-json\/wp\/v2\/product_cat?post=21610"},{"taxonomy":"product_tag","embeddable":true,"href":"https:\/\/skaitytaknyga.lt\/en\/wp-json\/wp\/v2\/product_tag?post=21610"}],"curies":[{"name":"wp","href":"https:\/\/api.w.org\/{rel}","templated":true}]}}