{"id":21604,"date":"2025-10-25T11:33:13","date_gmt":"2025-10-25T08:33:13","guid":{"rendered":"https:\/\/skaitytaknyga.lt\/?post_type=product&#038;p=21604"},"modified":"2025-10-25T12:24:44","modified_gmt":"2025-10-25T09:24:44","slug":"o-gal-tai-jis","status":"publish","type":"product","link":"https:\/\/skaitytaknyga.lt\/en\/produktas\/o-gal-tai-jis\/","title":{"rendered":"O gal tai jis?"},"content":{"rendered":"<p>Liusei Lang nereikia fejerverk\u0173&#8230;<\/p>\n<p>Ji neie\u0161ko mylimojo. Jai tereikia gero, padoraus vyro. Tokio, kuris nupjaut\u0173 vej\u0105, vartyt\u0173 kepsnin\u0117je skrundan\u010di\u0105 vi\u0161tien\u0105, i\u0161mokyt\u0173 j\u0173dviej\u0173 vaikus \u017eaisti futbol\u0105. Svarbiausia&#8230; tokio, kuris n\u0117 kiek nejaudint\u0173 \u0161irdies&#8230; Lius\u0117, jauna na\u0161l\u0117, nebenori v\u0117l patirti netekties skausmo. Ta\u010diau gyventi vienai su katinu Storuoju Mikiu ir dirbti \u0161eimos kepykloje su mama ir tetomis, pa\u0161\u0117lusiomis Juodosiomis Na\u0161l\u0117mis, taip pat \u012fgriso. Ji nusprend\u017eia nutraukti ne\u012fpareigojan\u010dius santykius su Itanu, seksualiu, bet \u012f sutuoktinius netinkamu kaimynu, ir imtis b\u016bsimo vyro paie\u0161k\u0173.<\/p>\n<p>Ta\u010diau Itanas Mirabelis neketina pasiduoti. Jis pasiry\u017e\u0119s atsikratyti \u201epatogaus draugo&#8221; vaidmens ir priversti Lius\u0119 \u012f j\u012f pa\u017evelgti kitomis akimis.<\/p>\n<p>Skaitydami Kristan Higgins knygas \u017emon\u0117s patiki meile ir galimybe visk\u0105 prad\u0117ti i\u0161 naujo.<br \/>\nRomance Readers<\/p>\n<p>Nevalia pra\u017eiopsoti \u0161ios knygos&#8230; Ji primin\u0117, kod\u0117l man taip patinka \u0161iuolaikiniai romanai ir kod\u0117l j\u0173 tur\u0117t\u0173 b\u016bti daugiau.<\/p>\n","protected":false},"excerpt":{"rendered":"<p>Liusei Lang nereikia fejerverk\u0173&#8230; Ji neie\u0161ko mylimojo. Jai tereikia gero, padoraus vyro. Tokio, kuris nupjaut\u0173 vej\u0105, vartyt\u0173 kepsnin\u0117je skrundan\u010di\u0105 vi\u0161tien\u0105, i\u0161mokyt\u0173 j\u0173dviej\u0173 vaikus \u017eaisti futbol\u0105. Svarbiausia&#8230; tokio, kuris n\u0117 kiek nejaudint\u0173 \u0161irdies&#8230; Lius\u0117, jauna na\u0161l\u0117, nebenori v\u0117l patirti netekties skausmo. Ta\u010diau gyventi vienai su katinu Storuoju Mikiu ir dirbti \u0161eimos kepykloje su mama ir tetomis, pa\u0161\u0117lusiomis Juodosiomis Na\u0161l\u0117mis, taip pat \u012fgriso. Ji nusprend\u017eia nutraukti ne\u012fpareigojan\u010dius santykius su Itanu, seksualiu, bet \u012f sutuoktinius netinkamu kaimynu, ir imtis b\u016bsimo vyro paie\u0161k\u0173. Ta\u010diau Itanas Mirabelis neketina pasiduoti. Jis pasiry\u017e\u0119s atsikratyti \u201epatogaus draugo&#8221; vaidmens ir priversti Lius\u0119 \u012f j\u012f pa\u017evelgti kitomis akimis. Skaitydami Kristan Higgins knygas \u017emon\u0117s patiki meile ir galimybe visk\u0105 prad\u0117ti i\u0161 naujo. Romance Readers Nevalia pra\u017eiopsoti \u0161ios knygos&#8230; Ji primin\u0117, kod\u0117l man taip patinka \u0161iuolaikiniai romanai ir kod\u0117l j\u0173 tur\u0117t\u0173 b\u016bti daugiau.<\/p>\n","protected":false},"featured_media":21609,"comment_status":"open","ping_status":"closed","template":"","meta":{"_acf_changed":false,"site-sidebar-layout":"default","site-content-layout":"","ast-site-content-layout":"default","site-content-style":"default","site-sidebar-style":"default","ast-global-header-display":"","ast-banner-title-visibility":"","ast-main-header-display":"","ast-hfb-above-header-display":"","ast-hfb-below-header-display":"","ast-hfb-mobile-header-display":"","site-post-title":"","ast-breadcrumbs-content":"","ast-featured-img":"","footer-sml-layout":"","ast-disable-related-posts":"","theme-transparent-header-meta":"","adv-header-id-meta":"","stick-header-meta":"","header-above-stick-meta":"","header-main-stick-meta":"","header-below-stick-meta":"","astra-migrate-meta-layouts":"default","ast-page-background-enabled":"default","ast-page-background-meta":{"desktop":{"background-color":"","background-image":"","background-repeat":"repeat","background-position":"center center","background-size":"auto","background-attachment":"scroll","background-type":"","background-media":"","overlay-type":"","overlay-color":"","overlay-opacity":"","overlay-gradient":""},"tablet":{"background-color":"","background-image":"","background-repeat":"repeat","background-position":"center center","background-size":"auto","background-attachment":"scroll","background-type":"","background-media":"","overlay-type":"","overlay-color":"","overlay-opacity":"","overlay-gradient":""},"mobile":{"background-color":"","background-image":"","background-repeat":"repeat","background-position":"center center","background-size":"auto","background-attachment":"scroll","background-type":"","background-media":"","overlay-type":"","overlay-color":"","overlay-opacity":"","overlay-gradient":""}},"ast-content-background-meta":{"desktop":{"background-color":"var(--ast-global-color-4)","background-image":"","background-repeat":"repeat","background-position":"center center","background-size":"auto","background-attachment":"scroll","background-type":"","background-media":"","overlay-type":"","overlay-color":"","overlay-opacity":"","overlay-gradient":""},"tablet":{"background-color":"var(--ast-global-color-4)","background-image":"","background-repeat":"repeat","background-position":"center center","background-size":"auto","background-attachment":"scroll","background-type":"","background-media":"","overlay-type":"","overlay-color":"","overlay-opacity":"","overlay-gradient":""},"mobile":{"background-color":"var(--ast-global-color-4)","background-image":"","background-repeat":"repeat","background-position":"center center","background-size":"auto","background-attachment":"scroll","background-type":"","background-media":"","overlay-type":"","overlay-color":"","overlay-opacity":"","overlay-gradient":""}}},"product_brand":[],"product_cat":[31],"product_tag":[],"class_list":{"0":"post-21604","1":"product","2":"type-product","3":"status-publish","4":"has-post-thumbnail","6":"product_cat-grozine-literatura","7":"desktop-align-left","8":"tablet-align-left","9":"mobile-align-left","11":"first","12":"instock","13":"shipping-taxable","14":"purchasable","15":"product-type-simple"},"acf":[],"yoast_head":"<!-- This site is optimized with the Yoast SEO plugin v27.0 - https:\/\/yoast.com\/product\/yoast-seo-wordpress\/ -->\n<title>O gal tai jis?<\/title>\n<meta name=\"description\" content=\"Liusei Lang nereikia fejerverk\u0173... Ji neie\u0161ko mylimojo. Jai tereikia gero, padoraus vyro. Tokio, kuris nupjaut\u0173 vej\u0105, vartyt\u0173 kepsnin\u0117je skrundan\u010di\u0105\" \/>\n<meta name=\"robots\" content=\"index, follow, max-snippet:-1, max-image-preview:large, max-video-preview:-1\" \/>\n<link rel=\"canonical\" href=\"https:\/\/skaitytaknyga.lt\/en\/produktas\/o-gal-tai-jis\/\" \/>\n<meta property=\"og:locale\" content=\"en_GB\" \/>\n<meta property=\"og:locale:alternate\" content=\"lt_LT\" \/>\n<meta property=\"og:type\" content=\"article\" \/>\n<meta property=\"og:title\" content=\"O gal tai jis?\" \/>\n<meta property=\"og:description\" content=\"Liusei Lang nereikia fejerverk\u0173... Ji neie\u0161ko mylimojo. Jai tereikia gero, padoraus vyro. Tokio, kuris nupjaut\u0173 vej\u0105, vartyt\u0173 kepsnin\u0117je skrundan\u010di\u0105\" \/>\n<meta property=\"og:url\" content=\"https:\/\/skaitytaknyga.lt\/en\/produktas\/o-gal-tai-jis\/\" \/>\n<meta property=\"og:site_name\" content=\"Skaitytaknyga\" \/>\n<meta property=\"article:publisher\" content=\"https:\/\/www.facebook.com\/skaitytaknyga\/\" \/>\n<meta property=\"article:modified_time\" content=\"2025-10-25T09:24:44+00:00\" \/>\n<meta property=\"og:image\" content=\"https:\/\/skaitytaknyga.lt\/wp-content\/uploads\/2025\/10\/O-gal-tai-jis-1.webp\" \/>\n\t<meta property=\"og:image:width\" content=\"532\" \/>\n\t<meta property=\"og:image:height\" content=\"800\" \/>\n\t<meta property=\"og:image:type\" content=\"image\/webp\" \/>\n<meta name=\"twitter:card\" content=\"summary_large_image\" \/>\n<meta name=\"twitter:label1\" content=\"Estimated reading time\" \/>\n\t<meta name=\"twitter:data1\" content=\"1 minute\" \/>\n<script type=\"application\/ld+json\" class=\"yoast-schema-graph\">{\"@context\":\"https:\/\/schema.org\",\"@graph\":[{\"@type\":\"WebPage\",\"@id\":\"https:\/\/skaitytaknyga.lt\/produktas\/o-gal-tai-jis\/\",\"url\":\"https:\/\/skaitytaknyga.lt\/produktas\/o-gal-tai-jis\/\",\"name\":\"O gal tai jis?\",\"isPartOf\":{\"@id\":\"https:\/\/skaitytaknyga.lt\/#website\"},\"primaryImageOfPage\":{\"@id\":\"https:\/\/skaitytaknyga.lt\/produktas\/o-gal-tai-jis\/#primaryimage\"},\"image\":{\"@id\":\"https:\/\/skaitytaknyga.lt\/produktas\/o-gal-tai-jis\/#primaryimage\"},\"thumbnailUrl\":\"https:\/\/skaitytaknyga.lt\/wp-content\/uploads\/2025\/10\/O-gal-tai-jis-1.webp\",\"datePublished\":\"2025-10-25T08:33:13+00:00\",\"dateModified\":\"2025-10-25T09:24:44+00:00\",\"description\":\"Liusei Lang nereikia fejerverk\u0173... Ji neie\u0161ko mylimojo. Jai tereikia gero, padoraus vyro. Tokio, kuris nupjaut\u0173 vej\u0105, vartyt\u0173 kepsnin\u0117je skrundan\u010di\u0105\",\"breadcrumb\":{\"@id\":\"https:\/\/skaitytaknyga.lt\/produktas\/o-gal-tai-jis\/#breadcrumb\"},\"inLanguage\":\"en-GB\",\"potentialAction\":[{\"@type\":\"ReadAction\",\"target\":[\"https:\/\/skaitytaknyga.lt\/produktas\/o-gal-tai-jis\/\"]}]},{\"@type\":\"ImageObject\",\"inLanguage\":\"en-GB\",\"@id\":\"https:\/\/skaitytaknyga.lt\/produktas\/o-gal-tai-jis\/#primaryimage\",\"url\":\"https:\/\/skaitytaknyga.lt\/wp-content\/uploads\/2025\/10\/O-gal-tai-jis-1.webp\",\"contentUrl\":\"https:\/\/skaitytaknyga.lt\/wp-content\/uploads\/2025\/10\/O-gal-tai-jis-1.webp\",\"width\":532,\"height\":800},{\"@type\":\"BreadcrumbList\",\"@id\":\"https:\/\/skaitytaknyga.lt\/produktas\/o-gal-tai-jis\/#breadcrumb\",\"itemListElement\":[{\"@type\":\"ListItem\",\"position\":1,\"name\":\"Home\",\"item\":\"https:\/\/skaitytaknyga.lt\/\"},{\"@type\":\"ListItem\",\"position\":2,\"name\":\"Parduotuv\u0117\",\"item\":\"https:\/\/skaitytaknyga.lt\/knygu-parduotuve\/\"},{\"@type\":\"ListItem\",\"position\":3,\"name\":\"O gal tai jis?\"}]},{\"@type\":\"WebSite\",\"@id\":\"https:\/\/skaitytaknyga.lt\/#website\",\"url\":\"https:\/\/skaitytaknyga.lt\/\",\"name\":\"skaitytaknyga.lt\",\"description\":\"Skaitytaknyga.lt \u2013 tai ma\u017eas \u0161eimos verslas, kuris prasid\u0117jo nuo meil\u0117s knygoms ir siekio i\u0161gelb\u0117ti knygas nuo likimo prie konteinerio. Kas vienam nereikalingas daiktas \u2013 kitam lobis, o mes esame tarpininkai, kurie padeda abiems tapti laimingesniems ???? \u017dinome kaip nelengva i\u0161gyventi ma\u017eiems verslams, tad nuo \u0161iol, \u010dia rasite ir kit\u0173, ma\u017e\u0173 \u0161eim\u0173 versl\u0173, rank\u0173 darbo, dovan\u0173 sau ir artimiesiems.\",\"publisher\":{\"@id\":\"https:\/\/skaitytaknyga.lt\/#organization\"},\"potentialAction\":[{\"@type\":\"SearchAction\",\"target\":{\"@type\":\"EntryPoint\",\"urlTemplate\":\"https:\/\/skaitytaknyga.lt\/?s={search_term_string}\"},\"query-input\":{\"@type\":\"PropertyValueSpecification\",\"valueRequired\":true,\"valueName\":\"search_term_string\"}}],\"inLanguage\":\"en-GB\"},{\"@type\":\"Organization\",\"@id\":\"https:\/\/skaitytaknyga.lt\/#organization\",\"name\":\"skaitytaknyga.lt\",\"url\":\"https:\/\/skaitytaknyga.lt\/\",\"logo\":{\"@type\":\"ImageObject\",\"inLanguage\":\"en-GB\",\"@id\":\"https:\/\/skaitytaknyga.lt\/#\/schema\/logo\/image\/\",\"url\":\"https:\/\/skaitytaknyga.lt\/wp-content\/uploads\/2024\/05\/cropped-cropped-cropped-02_00843_jt3bggkj1j3HLc7SyY6rEUpg.jpeg\",\"contentUrl\":\"https:\/\/skaitytaknyga.lt\/wp-content\/uploads\/2024\/05\/cropped-cropped-cropped-02_00843_jt3bggkj1j3HLc7SyY6rEUpg.jpeg\",\"width\":1600,\"height\":1600,\"caption\":\"skaitytaknyga.lt\"},\"image\":{\"@id\":\"https:\/\/skaitytaknyga.lt\/#\/schema\/logo\/image\/\"},\"sameAs\":[\"https:\/\/www.facebook.com\/skaitytaknyga\/\"]}]}<\/script>\n<!-- \/ Yoast SEO plugin. -->","yoast_head_json":{"title":"O gal tai jis?","description":"Liusei Lang nereikia fejerverk\u0173... Ji neie\u0161ko mylimojo. Jai tereikia gero, padoraus vyro. Tokio, kuris nupjaut\u0173 vej\u0105, vartyt\u0173 kepsnin\u0117je skrundan\u010di\u0105","robots":{"index":"index","follow":"follow","max-snippet":"max-snippet:-1","max-image-preview":"max-image-preview:large","max-video-preview":"max-video-preview:-1"},"canonical":"https:\/\/skaitytaknyga.lt\/en\/produktas\/o-gal-tai-jis\/","og_locale":"en_GB","og_type":"article","og_title":"[:lt]O gal tai jis?[:] - Skaitytaknyga","og_description":"Liusei Lang nereikia fejerverk\u0173... Ji neie\u0161ko mylimojo. Jai tereikia gero, padoraus vyro. Tokio, kuris nupjaut\u0173 vej\u0105, vartyt\u0173 kepsnin\u0117je skrundan\u010di\u0105","og_url":"https:\/\/skaitytaknyga.lt\/en\/produktas\/o-gal-tai-jis\/","og_site_name":"Skaitytaknyga","article_publisher":"https:\/\/www.facebook.com\/skaitytaknyga\/","article_modified_time":"2025-10-25T09:24:44+00:00","og_image":[{"width":532,"height":800,"url":"https:\/\/skaitytaknyga.lt\/wp-content\/uploads\/2025\/10\/O-gal-tai-jis-1.webp","type":"image\/webp"}],"twitter_card":"summary_large_image","twitter_misc":{"Estimated reading time":"1 minute"},"schema":{"@context":"https:\/\/schema.org","@graph":[{"@type":"WebPage","@id":"https:\/\/skaitytaknyga.lt\/produktas\/o-gal-tai-jis\/","url":"https:\/\/skaitytaknyga.lt\/produktas\/o-gal-tai-jis\/","name":"O gal tai jis?","isPartOf":{"@id":"https:\/\/skaitytaknyga.lt\/#website"},"primaryImageOfPage":{"@id":"https:\/\/skaitytaknyga.lt\/produktas\/o-gal-tai-jis\/#primaryimage"},"image":{"@id":"https:\/\/skaitytaknyga.lt\/produktas\/o-gal-tai-jis\/#primaryimage"},"thumbnailUrl":"https:\/\/skaitytaknyga.lt\/wp-content\/uploads\/2025\/10\/O-gal-tai-jis-1.webp","datePublished":"2025-10-25T08:33:13+00:00","dateModified":"2025-10-25T09:24:44+00:00","description":"Liusei Lang nereikia fejerverk\u0173... Ji neie\u0161ko mylimojo. Jai tereikia gero, padoraus vyro. Tokio, kuris nupjaut\u0173 vej\u0105, vartyt\u0173 kepsnin\u0117je skrundan\u010di\u0105","breadcrumb":{"@id":"https:\/\/skaitytaknyga.lt\/produktas\/o-gal-tai-jis\/#breadcrumb"},"inLanguage":"en-GB","potentialAction":[{"@type":"ReadAction","target":["https:\/\/skaitytaknyga.lt\/produktas\/o-gal-tai-jis\/"]}]},{"@type":"ImageObject","inLanguage":"en-GB","@id":"https:\/\/skaitytaknyga.lt\/produktas\/o-gal-tai-jis\/#primaryimage","url":"https:\/\/skaitytaknyga.lt\/wp-content\/uploads\/2025\/10\/O-gal-tai-jis-1.webp","contentUrl":"https:\/\/skaitytaknyga.lt\/wp-content\/uploads\/2025\/10\/O-gal-tai-jis-1.webp","width":532,"height":800},{"@type":"BreadcrumbList","@id":"https:\/\/skaitytaknyga.lt\/produktas\/o-gal-tai-jis\/#breadcrumb","itemListElement":[{"@type":"ListItem","position":1,"name":"Home","item":"https:\/\/skaitytaknyga.lt\/"},{"@type":"ListItem","position":2,"name":"Parduotuv\u0117","item":"https:\/\/skaitytaknyga.lt\/knygu-parduotuve\/"},{"@type":"ListItem","position":3,"name":"O gal tai jis?"}]},{"@type":"WebSite","@id":"https:\/\/skaitytaknyga.lt\/#website","url":"https:\/\/skaitytaknyga.lt\/","name":"skaitytaknyga.lt","description":"Skaitytaknyga.lt \u2013 tai ma\u017eas \u0161eimos verslas, kuris prasid\u0117jo nuo meil\u0117s knygoms ir siekio i\u0161gelb\u0117ti knygas nuo likimo prie konteinerio. Kas vienam nereikalingas daiktas \u2013 kitam lobis, o mes esame tarpininkai, kurie padeda abiems tapti laimingesniems ???? \u017dinome kaip nelengva i\u0161gyventi ma\u017eiems verslams, tad nuo \u0161iol, \u010dia rasite ir kit\u0173, ma\u017e\u0173 \u0161eim\u0173 versl\u0173, rank\u0173 darbo, dovan\u0173 sau ir artimiesiems.","publisher":{"@id":"https:\/\/skaitytaknyga.lt\/#organization"},"potentialAction":[{"@type":"SearchAction","target":{"@type":"EntryPoint","urlTemplate":"https:\/\/skaitytaknyga.lt\/?s={search_term_string}"},"query-input":{"@type":"PropertyValueSpecification","valueRequired":true,"valueName":"search_term_string"}}],"inLanguage":"en-GB"},{"@type":"Organization","@id":"https:\/\/skaitytaknyga.lt\/#organization","name":"skaitytaknyga.lt","url":"https:\/\/skaitytaknyga.lt\/","logo":{"@type":"ImageObject","inLanguage":"en-GB","@id":"https:\/\/skaitytaknyga.lt\/#\/schema\/logo\/image\/","url":"https:\/\/skaitytaknyga.lt\/wp-content\/uploads\/2024\/05\/cropped-cropped-cropped-02_00843_jt3bggkj1j3HLc7SyY6rEUpg.jpeg","contentUrl":"https:\/\/skaitytaknyga.lt\/wp-content\/uploads\/2024\/05\/cropped-cropped-cropped-02_00843_jt3bggkj1j3HLc7SyY6rEUpg.jpeg","width":1600,"height":1600,"caption":"skaitytaknyga.lt"},"image":{"@id":"https:\/\/skaitytaknyga.lt\/#\/schema\/logo\/image\/"},"sameAs":["https:\/\/www.facebook.com\/skaitytaknyga\/"]}]}},"_links":{"self":[{"href":"https:\/\/skaitytaknyga.lt\/en\/wp-json\/wp\/v2\/product\/21604","targetHints":{"allow":["GET"]}}],"collection":[{"href":"https:\/\/skaitytaknyga.lt\/en\/wp-json\/wp\/v2\/product"}],"about":[{"href":"https:\/\/skaitytaknyga.lt\/en\/wp-json\/wp\/v2\/types\/product"}],"replies":[{"embeddable":true,"href":"https:\/\/skaitytaknyga.lt\/en\/wp-json\/wp\/v2\/comments?post=21604"}],"wp:featuredmedia":[{"embeddable":true,"href":"https:\/\/skaitytaknyga.lt\/en\/wp-json\/wp\/v2\/media\/21609"}],"wp:attachment":[{"href":"https:\/\/skaitytaknyga.lt\/en\/wp-json\/wp\/v2\/media?parent=21604"}],"wp:term":[{"taxonomy":"product_brand","embeddable":true,"href":"https:\/\/skaitytaknyga.lt\/en\/wp-json\/wp\/v2\/product_brand?post=21604"},{"taxonomy":"product_cat","embeddable":true,"href":"https:\/\/skaitytaknyga.lt\/en\/wp-json\/wp\/v2\/product_cat?post=21604"},{"taxonomy":"product_tag","embeddable":true,"href":"https:\/\/skaitytaknyga.lt\/en\/wp-json\/wp\/v2\/product_tag?post=21604"}],"curies":[{"name":"wp","href":"https:\/\/api.w.org\/{rel}","templated":true}]}}