{"id":21603,"date":"2025-10-25T11:33:13","date_gmt":"2025-10-25T08:33:13","guid":{"rendered":"https:\/\/skaitytaknyga.lt\/?post_type=product&#038;p=21603"},"modified":"2025-10-25T12:24:44","modified_gmt":"2025-10-25T09:24:44","slug":"kaip-as-isimylejau-vyra-gyvenanti-krumuose","status":"publish","type":"product","link":"https:\/\/skaitytaknyga.lt\/en\/produktas\/kaip-as-isimylejau-vyra-gyvenanti-krumuose\/","title":{"rendered":"Kaip a\u0161 \u012fsimyl\u0117jau vyr\u0105, gyvenant\u012f kr\u016bmuose"},"content":{"rendered":"<p>TIKRA autor\u0117s meil\u0117s istorija (knygoje yra heroj\u0173 interviu).<\/p>\n<p>Meil\u0117 smirdi. O gal jai tereikia du\u0161o&#8230;<\/p>\n<p>Vienos miestas: \u017einomas d\u0117l Mocarto ir valso; ne toks \u017einomas d\u0117l \u0161ved\u0117s D\u017eulijos, kuri leid\u017eia dienas mokydama bedarbius austrus angl\u0173 kalbos, o vakarus \u2013 su savo katinu ir \u201eNetflix&#8221; serialais arba tariama drauge naktiniuose klubuose. Trok\u0161tanti tapti ra\u0161ytoja D\u017eulija suka galv\u0105 ie\u0161kodama id\u0117j\u0173 savo b\u016bsimai knygai. Ji nori sukurti k\u0105 nors originalaus.<\/p>\n<p>Ir tada \u0161is tas i\u0161ties originalaus pris\u0117da greta D\u017eulijos ant suoliuko. Benas patrauklus (jei ne ta me\u0161ki\u0161ka barzda) ir link\u0119s \u012f nuotykius (nesudvejoj\u0119s nu\u0161oks nuo \u017eemo tilto). O kokios gra\u017eios jo akys! A, tiesa, Benas gyvena kr\u016bmuose miesto parke.<\/p>\n<p>TAIP PRASIDEDA ISTORIJA. Keistesn\u0117 nei D\u017eulija b\u016bt\u0173 gal\u0117jusi sukurti: pa\u0161\u0117lusiai greitai besirutuliojantys santykiai su puik\u0173 humoro jausm\u0105 turin\u010diu vyru. Jis sudrebina nuobod\u017ei\u0105, bet patogi\u0105 D\u017eulijos kasdienyb\u0119, kuri\u0105 pakeisti ji buvo pernelyg tingi. Benas dr\u0105sina j\u0105 i\u0161sivaduoti i\u0161 rutinos, D\u017eulija kvie\u010dia j\u012f i\u0161dr\u012fsti i\u0161bandyti s\u0117sl\u0173 gyvenim\u0105. Savait\u0117s virsta m\u0117nesiais, o D\u017eulija vis kartoja sau, kad tai t\u0117ra jos gyvenimo skyrius, tikrai ne visa knyga. Jei pabaig\u0105 para\u0161ys ji, neliks \u012fskaudinta.<\/p>\n<p>Bet kas, jei istorijos pabaig\u0105 lemta para\u0161yti ne jai?<\/p>\n","protected":false},"excerpt":{"rendered":"<p>TIKRA autor\u0117s meil\u0117s istorija (knygoje yra heroj\u0173 interviu). Meil\u0117 smirdi. O gal jai tereikia du\u0161o&#8230; Vienos miestas: \u017einomas d\u0117l Mocarto ir valso; ne toks \u017einomas d\u0117l \u0161ved\u0117s D\u017eulijos, kuri leid\u017eia dienas mokydama bedarbius austrus angl\u0173 kalbos, o vakarus \u2013 su savo katinu ir \u201eNetflix&#8221; serialais arba tariama drauge naktiniuose klubuose. Trok\u0161tanti tapti ra\u0161ytoja D\u017eulija suka galv\u0105 ie\u0161kodama id\u0117j\u0173 savo b\u016bsimai knygai. Ji nori sukurti k\u0105 nors originalaus. Ir tada \u0161is tas i\u0161ties originalaus pris\u0117da greta D\u017eulijos ant suoliuko. Benas patrauklus (jei ne ta me\u0161ki\u0161ka barzda) ir link\u0119s \u012f nuotykius (nesudvejoj\u0119s nu\u0161oks nuo \u017eemo tilto). O kokios gra\u017eios jo akys! A, tiesa, Benas gyvena kr\u016bmuose miesto parke. TAIP PRASIDEDA ISTORIJA. Keistesn\u0117 nei D\u017eulija b\u016bt\u0173 gal\u0117jusi sukurti: pa\u0161\u0117lusiai greitai besirutuliojantys santykiai su puik\u0173 humoro jausm\u0105 turin\u010diu vyru. Jis sudrebina nuobod\u017ei\u0105, bet patogi\u0105 D\u017eulijos kasdienyb\u0119, kuri\u0105 pakeisti ji buvo pernelyg tingi. Benas dr\u0105sina j\u0105 i\u0161sivaduoti i\u0161 rutinos, D\u017eulija kvie\u010dia j\u012f i\u0161dr\u012fsti i\u0161bandyti s\u0117sl\u0173 gyvenim\u0105. Savait\u0117s virsta m\u0117nesiais, o D\u017eulija vis kartoja sau, kad tai t\u0117ra jos gyvenimo skyrius, tikrai ne visa knyga. Jei pabaig\u0105 para\u0161ys ji, neliks \u012fskaudinta. Bet kas, jei istorijos pabaig\u0105 lemta para\u0161yti ne jai?<\/p>\n","protected":false},"featured_media":21608,"comment_status":"open","ping_status":"closed","template":"","meta":{"_acf_changed":false,"site-sidebar-layout":"default","site-content-layout":"","ast-site-content-layout":"default","site-content-style":"default","site-sidebar-style":"default","ast-global-header-display":"","ast-banner-title-visibility":"","ast-main-header-display":"","ast-hfb-above-header-display":"","ast-hfb-below-header-display":"","ast-hfb-mobile-header-display":"","site-post-title":"","ast-breadcrumbs-content":"","ast-featured-img":"","footer-sml-layout":"","ast-disable-related-posts":"","theme-transparent-header-meta":"","adv-header-id-meta":"","stick-header-meta":"","header-above-stick-meta":"","header-main-stick-meta":"","header-below-stick-meta":"","astra-migrate-meta-layouts":"default","ast-page-background-enabled":"default","ast-page-background-meta":{"desktop":{"background-color":"","background-image":"","background-repeat":"repeat","background-position":"center center","background-size":"auto","background-attachment":"scroll","background-type":"","background-media":"","overlay-type":"","overlay-color":"","overlay-opacity":"","overlay-gradient":""},"tablet":{"background-color":"","background-image":"","background-repeat":"repeat","background-position":"center center","background-size":"auto","background-attachment":"scroll","background-type":"","background-media":"","overlay-type":"","overlay-color":"","overlay-opacity":"","overlay-gradient":""},"mobile":{"background-color":"","background-image":"","background-repeat":"repeat","background-position":"center center","background-size":"auto","background-attachment":"scroll","background-type":"","background-media":"","overlay-type":"","overlay-color":"","overlay-opacity":"","overlay-gradient":""}},"ast-content-background-meta":{"desktop":{"background-color":"var(--ast-global-color-4)","background-image":"","background-repeat":"repeat","background-position":"center center","background-size":"auto","background-attachment":"scroll","background-type":"","background-media":"","overlay-type":"","overlay-color":"","overlay-opacity":"","overlay-gradient":""},"tablet":{"background-color":"var(--ast-global-color-4)","background-image":"","background-repeat":"repeat","background-position":"center center","background-size":"auto","background-attachment":"scroll","background-type":"","background-media":"","overlay-type":"","overlay-color":"","overlay-opacity":"","overlay-gradient":""},"mobile":{"background-color":"var(--ast-global-color-4)","background-image":"","background-repeat":"repeat","background-position":"center center","background-size":"auto","background-attachment":"scroll","background-type":"","background-media":"","overlay-type":"","overlay-color":"","overlay-opacity":"","overlay-gradient":""}}},"product_brand":[],"product_cat":[31],"product_tag":[],"class_list":{"0":"post-21603","1":"product","2":"type-product","3":"status-publish","4":"has-post-thumbnail","6":"product_cat-grozine-literatura","7":"desktop-align-left","8":"tablet-align-left","9":"mobile-align-left","11":"first","12":"instock","13":"shipping-taxable","14":"purchasable","15":"product-type-simple"},"acf":[],"yoast_head":"<!-- This site is optimized with the Yoast SEO plugin v27.0 - https:\/\/yoast.com\/product\/yoast-seo-wordpress\/ -->\n<title>Kaip a\u0161 \u012fsimyl\u0117jau vyr\u0105, gyvenant\u012f kr\u016bmuose<\/title>\n<meta name=\"description\" content=\"TIKRA autor\u0117s meil\u0117s istorija (knygoje yra heroj\u0173 interviu). Meil\u0117 smirdi. O gal jai tereikia du\u0161o... Vienos miestas: \u017einomas d\u0117l Mocarto ir valso; ne\" \/>\n<meta name=\"robots\" content=\"index, follow, max-snippet:-1, max-image-preview:large, max-video-preview:-1\" \/>\n<link rel=\"canonical\" href=\"https:\/\/skaitytaknyga.lt\/en\/produktas\/kaip-as-isimylejau-vyra-gyvenanti-krumuose\/\" \/>\n<meta property=\"og:locale\" content=\"en_GB\" \/>\n<meta property=\"og:locale:alternate\" content=\"lt_LT\" \/>\n<meta property=\"og:type\" content=\"article\" \/>\n<meta property=\"og:title\" content=\"Kaip a\u0161 \u012fsimyl\u0117jau vyr\u0105, gyvenant\u012f kr\u016bmuose\" \/>\n<meta property=\"og:description\" content=\"TIKRA autor\u0117s meil\u0117s istorija (knygoje yra heroj\u0173 interviu). Meil\u0117 smirdi. O gal jai tereikia du\u0161o... Vienos miestas: \u017einomas d\u0117l Mocarto ir valso; ne\" \/>\n<meta property=\"og:url\" content=\"https:\/\/skaitytaknyga.lt\/en\/produktas\/kaip-as-isimylejau-vyra-gyvenanti-krumuose\/\" \/>\n<meta property=\"og:site_name\" content=\"Skaitytaknyga\" \/>\n<meta property=\"article:publisher\" content=\"https:\/\/www.facebook.com\/skaitytaknyga\/\" \/>\n<meta property=\"article:modified_time\" content=\"2025-10-25T09:24:44+00:00\" \/>\n<meta property=\"og:image\" content=\"https:\/\/skaitytaknyga.lt\/wp-content\/uploads\/2025\/10\/Kaip-as-isimylejau-vyra-gyvenanti-krumuose-1-e1761382279263.webp\" \/>\n\t<meta property=\"og:image:width\" content=\"269\" \/>\n\t<meta property=\"og:image:height\" content=\"409\" \/>\n\t<meta property=\"og:image:type\" content=\"image\/webp\" \/>\n<meta name=\"twitter:card\" content=\"summary_large_image\" \/>\n<meta name=\"twitter:label1\" content=\"Estimated reading time\" \/>\n\t<meta name=\"twitter:data1\" content=\"1 minute\" \/>\n<script type=\"application\/ld+json\" class=\"yoast-schema-graph\">{\"@context\":\"https:\/\/schema.org\",\"@graph\":[{\"@type\":\"WebPage\",\"@id\":\"https:\/\/skaitytaknyga.lt\/produktas\/kaip-as-isimylejau-vyra-gyvenanti-krumuose\/\",\"url\":\"https:\/\/skaitytaknyga.lt\/produktas\/kaip-as-isimylejau-vyra-gyvenanti-krumuose\/\",\"name\":\"Kaip a\u0161 \u012fsimyl\u0117jau vyr\u0105, gyvenant\u012f kr\u016bmuose\",\"isPartOf\":{\"@id\":\"https:\/\/skaitytaknyga.lt\/#website\"},\"primaryImageOfPage\":{\"@id\":\"https:\/\/skaitytaknyga.lt\/produktas\/kaip-as-isimylejau-vyra-gyvenanti-krumuose\/#primaryimage\"},\"image\":{\"@id\":\"https:\/\/skaitytaknyga.lt\/produktas\/kaip-as-isimylejau-vyra-gyvenanti-krumuose\/#primaryimage\"},\"thumbnailUrl\":\"https:\/\/skaitytaknyga.lt\/wp-content\/uploads\/2025\/10\/Kaip-as-isimylejau-vyra-gyvenanti-krumuose-1-e1761382279263.webp\",\"datePublished\":\"2025-10-25T08:33:13+00:00\",\"dateModified\":\"2025-10-25T09:24:44+00:00\",\"description\":\"TIKRA autor\u0117s meil\u0117s istorija (knygoje yra heroj\u0173 interviu). Meil\u0117 smirdi. O gal jai tereikia du\u0161o... Vienos miestas: \u017einomas d\u0117l Mocarto ir valso; ne\",\"breadcrumb\":{\"@id\":\"https:\/\/skaitytaknyga.lt\/produktas\/kaip-as-isimylejau-vyra-gyvenanti-krumuose\/#breadcrumb\"},\"inLanguage\":\"en-GB\",\"potentialAction\":[{\"@type\":\"ReadAction\",\"target\":[\"https:\/\/skaitytaknyga.lt\/produktas\/kaip-as-isimylejau-vyra-gyvenanti-krumuose\/\"]}]},{\"@type\":\"ImageObject\",\"inLanguage\":\"en-GB\",\"@id\":\"https:\/\/skaitytaknyga.lt\/produktas\/kaip-as-isimylejau-vyra-gyvenanti-krumuose\/#primaryimage\",\"url\":\"https:\/\/skaitytaknyga.lt\/wp-content\/uploads\/2025\/10\/Kaip-as-isimylejau-vyra-gyvenanti-krumuose-1-e1761382279263.webp\",\"contentUrl\":\"https:\/\/skaitytaknyga.lt\/wp-content\/uploads\/2025\/10\/Kaip-as-isimylejau-vyra-gyvenanti-krumuose-1-e1761382279263.webp\",\"width\":269,\"height\":409,\"caption\":\"Kaip a\u0161 \u012fsimyl\u0117jau vyr\u0105, gyvenant\u012f kr\u016bmuose\"},{\"@type\":\"BreadcrumbList\",\"@id\":\"https:\/\/skaitytaknyga.lt\/produktas\/kaip-as-isimylejau-vyra-gyvenanti-krumuose\/#breadcrumb\",\"itemListElement\":[{\"@type\":\"ListItem\",\"position\":1,\"name\":\"Home\",\"item\":\"https:\/\/skaitytaknyga.lt\/\"},{\"@type\":\"ListItem\",\"position\":2,\"name\":\"Parduotuv\u0117\",\"item\":\"https:\/\/skaitytaknyga.lt\/knygu-parduotuve\/\"},{\"@type\":\"ListItem\",\"position\":3,\"name\":\"Kaip a\u0161 \u012fsimyl\u0117jau vyr\u0105, gyvenant\u012f kr\u016bmuose\"}]},{\"@type\":\"WebSite\",\"@id\":\"https:\/\/skaitytaknyga.lt\/#website\",\"url\":\"https:\/\/skaitytaknyga.lt\/\",\"name\":\"skaitytaknyga.lt\",\"description\":\"Skaitytaknyga.lt \u2013 tai ma\u017eas \u0161eimos verslas, kuris prasid\u0117jo nuo meil\u0117s knygoms ir siekio i\u0161gelb\u0117ti knygas nuo likimo prie konteinerio. Kas vienam nereikalingas daiktas \u2013 kitam lobis, o mes esame tarpininkai, kurie padeda abiems tapti laimingesniems ???? \u017dinome kaip nelengva i\u0161gyventi ma\u017eiems verslams, tad nuo \u0161iol, \u010dia rasite ir kit\u0173, ma\u017e\u0173 \u0161eim\u0173 versl\u0173, rank\u0173 darbo, dovan\u0173 sau ir artimiesiems.\",\"publisher\":{\"@id\":\"https:\/\/skaitytaknyga.lt\/#organization\"},\"potentialAction\":[{\"@type\":\"SearchAction\",\"target\":{\"@type\":\"EntryPoint\",\"urlTemplate\":\"https:\/\/skaitytaknyga.lt\/?s={search_term_string}\"},\"query-input\":{\"@type\":\"PropertyValueSpecification\",\"valueRequired\":true,\"valueName\":\"search_term_string\"}}],\"inLanguage\":\"en-GB\"},{\"@type\":\"Organization\",\"@id\":\"https:\/\/skaitytaknyga.lt\/#organization\",\"name\":\"skaitytaknyga.lt\",\"url\":\"https:\/\/skaitytaknyga.lt\/\",\"logo\":{\"@type\":\"ImageObject\",\"inLanguage\":\"en-GB\",\"@id\":\"https:\/\/skaitytaknyga.lt\/#\/schema\/logo\/image\/\",\"url\":\"https:\/\/skaitytaknyga.lt\/wp-content\/uploads\/2024\/05\/cropped-cropped-cropped-02_00843_jt3bggkj1j3HLc7SyY6rEUpg.jpeg\",\"contentUrl\":\"https:\/\/skaitytaknyga.lt\/wp-content\/uploads\/2024\/05\/cropped-cropped-cropped-02_00843_jt3bggkj1j3HLc7SyY6rEUpg.jpeg\",\"width\":1600,\"height\":1600,\"caption\":\"skaitytaknyga.lt\"},\"image\":{\"@id\":\"https:\/\/skaitytaknyga.lt\/#\/schema\/logo\/image\/\"},\"sameAs\":[\"https:\/\/www.facebook.com\/skaitytaknyga\/\"]}]}<\/script>\n<!-- \/ Yoast SEO plugin. -->","yoast_head_json":{"title":"Kaip a\u0161 \u012fsimyl\u0117jau vyr\u0105, gyvenant\u012f kr\u016bmuose","description":"TIKRA autor\u0117s meil\u0117s istorija (knygoje yra heroj\u0173 interviu). Meil\u0117 smirdi. O gal jai tereikia du\u0161o... Vienos miestas: \u017einomas d\u0117l Mocarto ir valso; ne","robots":{"index":"index","follow":"follow","max-snippet":"max-snippet:-1","max-image-preview":"max-image-preview:large","max-video-preview":"max-video-preview:-1"},"canonical":"https:\/\/skaitytaknyga.lt\/en\/produktas\/kaip-as-isimylejau-vyra-gyvenanti-krumuose\/","og_locale":"en_GB","og_type":"article","og_title":"[:lt]Kaip a\u0161 \u012fsimyl\u0117jau vyr\u0105, gyvenant\u012f kr\u016bmuose[:] - Skaitytaknyga","og_description":"TIKRA autor\u0117s meil\u0117s istorija (knygoje yra heroj\u0173 interviu). Meil\u0117 smirdi. O gal jai tereikia du\u0161o... Vienos miestas: \u017einomas d\u0117l Mocarto ir valso; ne","og_url":"https:\/\/skaitytaknyga.lt\/en\/produktas\/kaip-as-isimylejau-vyra-gyvenanti-krumuose\/","og_site_name":"Skaitytaknyga","article_publisher":"https:\/\/www.facebook.com\/skaitytaknyga\/","article_modified_time":"2025-10-25T09:24:44+00:00","og_image":[{"width":269,"height":409,"url":"https:\/\/skaitytaknyga.lt\/wp-content\/uploads\/2025\/10\/Kaip-as-isimylejau-vyra-gyvenanti-krumuose-1-e1761382279263.webp","type":"image\/webp"}],"twitter_card":"summary_large_image","twitter_misc":{"Estimated reading time":"1 minute"},"schema":{"@context":"https:\/\/schema.org","@graph":[{"@type":"WebPage","@id":"https:\/\/skaitytaknyga.lt\/produktas\/kaip-as-isimylejau-vyra-gyvenanti-krumuose\/","url":"https:\/\/skaitytaknyga.lt\/produktas\/kaip-as-isimylejau-vyra-gyvenanti-krumuose\/","name":"Kaip a\u0161 \u012fsimyl\u0117jau vyr\u0105, gyvenant\u012f kr\u016bmuose","isPartOf":{"@id":"https:\/\/skaitytaknyga.lt\/#website"},"primaryImageOfPage":{"@id":"https:\/\/skaitytaknyga.lt\/produktas\/kaip-as-isimylejau-vyra-gyvenanti-krumuose\/#primaryimage"},"image":{"@id":"https:\/\/skaitytaknyga.lt\/produktas\/kaip-as-isimylejau-vyra-gyvenanti-krumuose\/#primaryimage"},"thumbnailUrl":"https:\/\/skaitytaknyga.lt\/wp-content\/uploads\/2025\/10\/Kaip-as-isimylejau-vyra-gyvenanti-krumuose-1-e1761382279263.webp","datePublished":"2025-10-25T08:33:13+00:00","dateModified":"2025-10-25T09:24:44+00:00","description":"TIKRA autor\u0117s meil\u0117s istorija (knygoje yra heroj\u0173 interviu). Meil\u0117 smirdi. O gal jai tereikia du\u0161o... Vienos miestas: \u017einomas d\u0117l Mocarto ir valso; ne","breadcrumb":{"@id":"https:\/\/skaitytaknyga.lt\/produktas\/kaip-as-isimylejau-vyra-gyvenanti-krumuose\/#breadcrumb"},"inLanguage":"en-GB","potentialAction":[{"@type":"ReadAction","target":["https:\/\/skaitytaknyga.lt\/produktas\/kaip-as-isimylejau-vyra-gyvenanti-krumuose\/"]}]},{"@type":"ImageObject","inLanguage":"en-GB","@id":"https:\/\/skaitytaknyga.lt\/produktas\/kaip-as-isimylejau-vyra-gyvenanti-krumuose\/#primaryimage","url":"https:\/\/skaitytaknyga.lt\/wp-content\/uploads\/2025\/10\/Kaip-as-isimylejau-vyra-gyvenanti-krumuose-1-e1761382279263.webp","contentUrl":"https:\/\/skaitytaknyga.lt\/wp-content\/uploads\/2025\/10\/Kaip-as-isimylejau-vyra-gyvenanti-krumuose-1-e1761382279263.webp","width":269,"height":409,"caption":"Kaip a\u0161 \u012fsimyl\u0117jau vyr\u0105, gyvenant\u012f kr\u016bmuose"},{"@type":"BreadcrumbList","@id":"https:\/\/skaitytaknyga.lt\/produktas\/kaip-as-isimylejau-vyra-gyvenanti-krumuose\/#breadcrumb","itemListElement":[{"@type":"ListItem","position":1,"name":"Home","item":"https:\/\/skaitytaknyga.lt\/"},{"@type":"ListItem","position":2,"name":"Parduotuv\u0117","item":"https:\/\/skaitytaknyga.lt\/knygu-parduotuve\/"},{"@type":"ListItem","position":3,"name":"Kaip a\u0161 \u012fsimyl\u0117jau vyr\u0105, gyvenant\u012f kr\u016bmuose"}]},{"@type":"WebSite","@id":"https:\/\/skaitytaknyga.lt\/#website","url":"https:\/\/skaitytaknyga.lt\/","name":"skaitytaknyga.lt","description":"Skaitytaknyga.lt \u2013 tai ma\u017eas \u0161eimos verslas, kuris prasid\u0117jo nuo meil\u0117s knygoms ir siekio i\u0161gelb\u0117ti knygas nuo likimo prie konteinerio. Kas vienam nereikalingas daiktas \u2013 kitam lobis, o mes esame tarpininkai, kurie padeda abiems tapti laimingesniems ???? \u017dinome kaip nelengva i\u0161gyventi ma\u017eiems verslams, tad nuo \u0161iol, \u010dia rasite ir kit\u0173, ma\u017e\u0173 \u0161eim\u0173 versl\u0173, rank\u0173 darbo, dovan\u0173 sau ir artimiesiems.","publisher":{"@id":"https:\/\/skaitytaknyga.lt\/#organization"},"potentialAction":[{"@type":"SearchAction","target":{"@type":"EntryPoint","urlTemplate":"https:\/\/skaitytaknyga.lt\/?s={search_term_string}"},"query-input":{"@type":"PropertyValueSpecification","valueRequired":true,"valueName":"search_term_string"}}],"inLanguage":"en-GB"},{"@type":"Organization","@id":"https:\/\/skaitytaknyga.lt\/#organization","name":"skaitytaknyga.lt","url":"https:\/\/skaitytaknyga.lt\/","logo":{"@type":"ImageObject","inLanguage":"en-GB","@id":"https:\/\/skaitytaknyga.lt\/#\/schema\/logo\/image\/","url":"https:\/\/skaitytaknyga.lt\/wp-content\/uploads\/2024\/05\/cropped-cropped-cropped-02_00843_jt3bggkj1j3HLc7SyY6rEUpg.jpeg","contentUrl":"https:\/\/skaitytaknyga.lt\/wp-content\/uploads\/2024\/05\/cropped-cropped-cropped-02_00843_jt3bggkj1j3HLc7SyY6rEUpg.jpeg","width":1600,"height":1600,"caption":"skaitytaknyga.lt"},"image":{"@id":"https:\/\/skaitytaknyga.lt\/#\/schema\/logo\/image\/"},"sameAs":["https:\/\/www.facebook.com\/skaitytaknyga\/"]}]}},"_links":{"self":[{"href":"https:\/\/skaitytaknyga.lt\/en\/wp-json\/wp\/v2\/product\/21603","targetHints":{"allow":["GET"]}}],"collection":[{"href":"https:\/\/skaitytaknyga.lt\/en\/wp-json\/wp\/v2\/product"}],"about":[{"href":"https:\/\/skaitytaknyga.lt\/en\/wp-json\/wp\/v2\/types\/product"}],"replies":[{"embeddable":true,"href":"https:\/\/skaitytaknyga.lt\/en\/wp-json\/wp\/v2\/comments?post=21603"}],"wp:featuredmedia":[{"embeddable":true,"href":"https:\/\/skaitytaknyga.lt\/en\/wp-json\/wp\/v2\/media\/21608"}],"wp:attachment":[{"href":"https:\/\/skaitytaknyga.lt\/en\/wp-json\/wp\/v2\/media?parent=21603"}],"wp:term":[{"taxonomy":"product_brand","embeddable":true,"href":"https:\/\/skaitytaknyga.lt\/en\/wp-json\/wp\/v2\/product_brand?post=21603"},{"taxonomy":"product_cat","embeddable":true,"href":"https:\/\/skaitytaknyga.lt\/en\/wp-json\/wp\/v2\/product_cat?post=21603"},{"taxonomy":"product_tag","embeddable":true,"href":"https:\/\/skaitytaknyga.lt\/en\/wp-json\/wp\/v2\/product_tag?post=21603"}],"curies":[{"name":"wp","href":"https:\/\/api.w.org\/{rel}","templated":true}]}}