{"id":21602,"date":"2025-10-25T11:33:12","date_gmt":"2025-10-25T08:33:12","guid":{"rendered":"https:\/\/skaitytaknyga.lt\/?post_type=product&#038;p=21602"},"modified":"2025-10-25T12:24:44","modified_gmt":"2025-10-25T09:24:44","slug":"mazo-miestelio-zmonos","status":"publish","type":"product","link":"https:\/\/skaitytaknyga.lt\/en\/produktas\/mazo-miestelio-zmonos\/","title":{"rendered":"Ma\u017eo miestelio \u017emonos"},"content":{"rendered":"<p>Populiari Did\u017eiosios Britanijos ra\u0161ytoja ir \u017eurnalist\u0117 Wendy Holden romane \u201eMa\u017eo miestelio \u017emonos\u201c meistri\u0161kai \u017eongliruoja vedyb\u0173 ir t\u0117vyst\u0117s temomis.<\/p>\n<p>Ra\u0161ytoja pasakoja istorij\u0105 apie dvi poras, kurios, nusprendusios palikti didmies\u010dio triuk\u0161m\u0105 ir sul\u0117tinti gyvenimo temp\u0105, susipa\u017e\u012fsta tuose pa\u010diuose b\u016bsimoms mamoms skirtuose kursuose nedideliame Anglijos miestelyje Bate.<\/p>\n<p>Tai s\u0105mojinga knyga apie susipynusius vyr\u0173 ir moter\u0173 likimus, t\u0117vus ir vaikus, ir ypa\u010d apie t\u0117vo ir vaiko ry\u0161\u012f.<\/p>\n","protected":false},"excerpt":{"rendered":"<p>Populiari Did\u017eiosios Britanijos ra\u0161ytoja ir \u017eurnalist\u0117 Wendy Holden romane \u201eMa\u017eo miestelio \u017emonos\u201c meistri\u0161kai \u017eongliruoja vedyb\u0173 ir t\u0117vyst\u0117s temomis. Ra\u0161ytoja pasakoja istorij\u0105 apie dvi poras, kurios, nusprendusios palikti didmies\u010dio triuk\u0161m\u0105 ir sul\u0117tinti gyvenimo temp\u0105, susipa\u017e\u012fsta tuose pa\u010diuose b\u016bsimoms mamoms skirtuose kursuose nedideliame Anglijos miestelyje Bate. Tai s\u0105mojinga knyga apie susipynusius vyr\u0173 ir moter\u0173 likimus, t\u0117vus ir vaikus, ir ypa\u010d apie t\u0117vo ir vaiko ry\u0161\u012f.<\/p>\n","protected":false},"featured_media":21607,"comment_status":"open","ping_status":"closed","template":"","meta":{"_acf_changed":false,"site-sidebar-layout":"default","site-content-layout":"","ast-site-content-layout":"default","site-content-style":"default","site-sidebar-style":"default","ast-global-header-display":"","ast-banner-title-visibility":"","ast-main-header-display":"","ast-hfb-above-header-display":"","ast-hfb-below-header-display":"","ast-hfb-mobile-header-display":"","site-post-title":"","ast-breadcrumbs-content":"","ast-featured-img":"","footer-sml-layout":"","ast-disable-related-posts":"","theme-transparent-header-meta":"","adv-header-id-meta":"","stick-header-meta":"","header-above-stick-meta":"","header-main-stick-meta":"","header-below-stick-meta":"","astra-migrate-meta-layouts":"default","ast-page-background-enabled":"default","ast-page-background-meta":{"desktop":{"background-color":"","background-image":"","background-repeat":"repeat","background-position":"center center","background-size":"auto","background-attachment":"scroll","background-type":"","background-media":"","overlay-type":"","overlay-color":"","overlay-opacity":"","overlay-gradient":""},"tablet":{"background-color":"","background-image":"","background-repeat":"repeat","background-position":"center center","background-size":"auto","background-attachment":"scroll","background-type":"","background-media":"","overlay-type":"","overlay-color":"","overlay-opacity":"","overlay-gradient":""},"mobile":{"background-color":"","background-image":"","background-repeat":"repeat","background-position":"center center","background-size":"auto","background-attachment":"scroll","background-type":"","background-media":"","overlay-type":"","overlay-color":"","overlay-opacity":"","overlay-gradient":""}},"ast-content-background-meta":{"desktop":{"background-color":"var(--ast-global-color-4)","background-image":"","background-repeat":"repeat","background-position":"center center","background-size":"auto","background-attachment":"scroll","background-type":"","background-media":"","overlay-type":"","overlay-color":"","overlay-opacity":"","overlay-gradient":""},"tablet":{"background-color":"var(--ast-global-color-4)","background-image":"","background-repeat":"repeat","background-position":"center center","background-size":"auto","background-attachment":"scroll","background-type":"","background-media":"","overlay-type":"","overlay-color":"","overlay-opacity":"","overlay-gradient":""},"mobile":{"background-color":"var(--ast-global-color-4)","background-image":"","background-repeat":"repeat","background-position":"center center","background-size":"auto","background-attachment":"scroll","background-type":"","background-media":"","overlay-type":"","overlay-color":"","overlay-opacity":"","overlay-gradient":""}}},"product_brand":[],"product_cat":[31],"product_tag":[],"class_list":{"0":"post-21602","1":"product","2":"type-product","3":"status-publish","4":"has-post-thumbnail","6":"product_cat-grozine-literatura","7":"desktop-align-left","8":"tablet-align-left","9":"mobile-align-left","11":"first","12":"instock","13":"shipping-taxable","14":"purchasable","15":"product-type-simple"},"acf":[],"yoast_head":"<!-- This site is optimized with the Yoast SEO plugin v27.0 - https:\/\/yoast.com\/product\/yoast-seo-wordpress\/ -->\n<title>Ma\u017eo miestelio \u017emonos<\/title>\n<meta name=\"description\" content=\"Populiari Did\u017eiosios Britanijos ra\u0161ytoja ir \u017eurnalist\u0117 Wendy Holden romane \u201eMa\u017eo miestelio \u017emonos\u201c meistri\u0161kai \u017eongliruoja vedyb\u0173 ir t\u0117vyst\u0117s temomis.\" \/>\n<meta name=\"robots\" content=\"index, follow, max-snippet:-1, max-image-preview:large, max-video-preview:-1\" \/>\n<link rel=\"canonical\" href=\"https:\/\/skaitytaknyga.lt\/en\/produktas\/mazo-miestelio-zmonos\/\" \/>\n<meta property=\"og:locale\" content=\"en_GB\" \/>\n<meta property=\"og:locale:alternate\" content=\"lt_LT\" \/>\n<meta property=\"og:type\" content=\"article\" \/>\n<meta property=\"og:title\" content=\"Ma\u017eo miestelio \u017emonos\" \/>\n<meta property=\"og:description\" content=\"Populiari Did\u017eiosios Britanijos ra\u0161ytoja ir \u017eurnalist\u0117 Wendy Holden romane \u201eMa\u017eo miestelio \u017emonos\u201c meistri\u0161kai \u017eongliruoja vedyb\u0173 ir t\u0117vyst\u0117s temomis.\" \/>\n<meta property=\"og:url\" content=\"https:\/\/skaitytaknyga.lt\/en\/produktas\/mazo-miestelio-zmonos\/\" \/>\n<meta property=\"og:site_name\" content=\"Skaitytaknyga\" \/>\n<meta property=\"article:publisher\" content=\"https:\/\/www.facebook.com\/skaitytaknyga\/\" \/>\n<meta property=\"article:modified_time\" content=\"2025-10-25T09:24:44+00:00\" \/>\n<meta property=\"og:image\" content=\"https:\/\/skaitytaknyga.lt\/wp-content\/uploads\/2025\/10\/Mazo-miestelio-zmonos-1.webp\" \/>\n\t<meta property=\"og:image:width\" content=\"474\" \/>\n\t<meta property=\"og:image:height\" content=\"800\" \/>\n\t<meta property=\"og:image:type\" content=\"image\/webp\" \/>\n<meta name=\"twitter:card\" content=\"summary_large_image\" \/>\n<script type=\"application\/ld+json\" class=\"yoast-schema-graph\">{\"@context\":\"https:\/\/schema.org\",\"@graph\":[{\"@type\":\"WebPage\",\"@id\":\"https:\/\/skaitytaknyga.lt\/produktas\/mazo-miestelio-zmonos\/\",\"url\":\"https:\/\/skaitytaknyga.lt\/produktas\/mazo-miestelio-zmonos\/\",\"name\":\"Ma\u017eo miestelio \u017emonos\",\"isPartOf\":{\"@id\":\"https:\/\/skaitytaknyga.lt\/#website\"},\"primaryImageOfPage\":{\"@id\":\"https:\/\/skaitytaknyga.lt\/produktas\/mazo-miestelio-zmonos\/#primaryimage\"},\"image\":{\"@id\":\"https:\/\/skaitytaknyga.lt\/produktas\/mazo-miestelio-zmonos\/#primaryimage\"},\"thumbnailUrl\":\"https:\/\/skaitytaknyga.lt\/wp-content\/uploads\/2025\/10\/Mazo-miestelio-zmonos-1.webp\",\"datePublished\":\"2025-10-25T08:33:12+00:00\",\"dateModified\":\"2025-10-25T09:24:44+00:00\",\"description\":\"Populiari Did\u017eiosios Britanijos ra\u0161ytoja ir \u017eurnalist\u0117 Wendy Holden romane \u201eMa\u017eo miestelio \u017emonos\u201c meistri\u0161kai \u017eongliruoja vedyb\u0173 ir t\u0117vyst\u0117s temomis.\",\"breadcrumb\":{\"@id\":\"https:\/\/skaitytaknyga.lt\/produktas\/mazo-miestelio-zmonos\/#breadcrumb\"},\"inLanguage\":\"en-GB\",\"potentialAction\":[{\"@type\":\"ReadAction\",\"target\":[\"https:\/\/skaitytaknyga.lt\/produktas\/mazo-miestelio-zmonos\/\"]}]},{\"@type\":\"ImageObject\",\"inLanguage\":\"en-GB\",\"@id\":\"https:\/\/skaitytaknyga.lt\/produktas\/mazo-miestelio-zmonos\/#primaryimage\",\"url\":\"https:\/\/skaitytaknyga.lt\/wp-content\/uploads\/2025\/10\/Mazo-miestelio-zmonos-1.webp\",\"contentUrl\":\"https:\/\/skaitytaknyga.lt\/wp-content\/uploads\/2025\/10\/Mazo-miestelio-zmonos-1.webp\",\"width\":474,\"height\":800,\"caption\":\"Ma\u017eo miestelio \u017emonos\"},{\"@type\":\"BreadcrumbList\",\"@id\":\"https:\/\/skaitytaknyga.lt\/produktas\/mazo-miestelio-zmonos\/#breadcrumb\",\"itemListElement\":[{\"@type\":\"ListItem\",\"position\":1,\"name\":\"Home\",\"item\":\"https:\/\/skaitytaknyga.lt\/\"},{\"@type\":\"ListItem\",\"position\":2,\"name\":\"Parduotuv\u0117\",\"item\":\"https:\/\/skaitytaknyga.lt\/knygu-parduotuve\/\"},{\"@type\":\"ListItem\",\"position\":3,\"name\":\"Ma\u017eo miestelio \u017emonos\"}]},{\"@type\":\"WebSite\",\"@id\":\"https:\/\/skaitytaknyga.lt\/#website\",\"url\":\"https:\/\/skaitytaknyga.lt\/\",\"name\":\"skaitytaknyga.lt\",\"description\":\"Skaitytaknyga.lt \u2013 tai ma\u017eas \u0161eimos verslas, kuris prasid\u0117jo nuo meil\u0117s knygoms ir siekio i\u0161gelb\u0117ti knygas nuo likimo prie konteinerio. Kas vienam nereikalingas daiktas \u2013 kitam lobis, o mes esame tarpininkai, kurie padeda abiems tapti laimingesniems ???? \u017dinome kaip nelengva i\u0161gyventi ma\u017eiems verslams, tad nuo \u0161iol, \u010dia rasite ir kit\u0173, ma\u017e\u0173 \u0161eim\u0173 versl\u0173, rank\u0173 darbo, dovan\u0173 sau ir artimiesiems.\",\"publisher\":{\"@id\":\"https:\/\/skaitytaknyga.lt\/#organization\"},\"potentialAction\":[{\"@type\":\"SearchAction\",\"target\":{\"@type\":\"EntryPoint\",\"urlTemplate\":\"https:\/\/skaitytaknyga.lt\/?s={search_term_string}\"},\"query-input\":{\"@type\":\"PropertyValueSpecification\",\"valueRequired\":true,\"valueName\":\"search_term_string\"}}],\"inLanguage\":\"en-GB\"},{\"@type\":\"Organization\",\"@id\":\"https:\/\/skaitytaknyga.lt\/#organization\",\"name\":\"skaitytaknyga.lt\",\"url\":\"https:\/\/skaitytaknyga.lt\/\",\"logo\":{\"@type\":\"ImageObject\",\"inLanguage\":\"en-GB\",\"@id\":\"https:\/\/skaitytaknyga.lt\/#\/schema\/logo\/image\/\",\"url\":\"https:\/\/skaitytaknyga.lt\/wp-content\/uploads\/2024\/05\/cropped-cropped-cropped-02_00843_jt3bggkj1j3HLc7SyY6rEUpg.jpeg\",\"contentUrl\":\"https:\/\/skaitytaknyga.lt\/wp-content\/uploads\/2024\/05\/cropped-cropped-cropped-02_00843_jt3bggkj1j3HLc7SyY6rEUpg.jpeg\",\"width\":1600,\"height\":1600,\"caption\":\"skaitytaknyga.lt\"},\"image\":{\"@id\":\"https:\/\/skaitytaknyga.lt\/#\/schema\/logo\/image\/\"},\"sameAs\":[\"https:\/\/www.facebook.com\/skaitytaknyga\/\"]}]}<\/script>\n<!-- \/ Yoast SEO plugin. -->","yoast_head_json":{"title":"Ma\u017eo miestelio \u017emonos","description":"Populiari Did\u017eiosios Britanijos ra\u0161ytoja ir \u017eurnalist\u0117 Wendy Holden romane \u201eMa\u017eo miestelio \u017emonos\u201c meistri\u0161kai \u017eongliruoja vedyb\u0173 ir t\u0117vyst\u0117s temomis.","robots":{"index":"index","follow":"follow","max-snippet":"max-snippet:-1","max-image-preview":"max-image-preview:large","max-video-preview":"max-video-preview:-1"},"canonical":"https:\/\/skaitytaknyga.lt\/en\/produktas\/mazo-miestelio-zmonos\/","og_locale":"en_GB","og_type":"article","og_title":"[:lt]Ma\u017eo miestelio \u017emonos[:] - Skaitytaknyga","og_description":"Populiari Did\u017eiosios Britanijos ra\u0161ytoja ir \u017eurnalist\u0117 Wendy Holden romane \u201eMa\u017eo miestelio \u017emonos\u201c meistri\u0161kai \u017eongliruoja vedyb\u0173 ir t\u0117vyst\u0117s temomis.","og_url":"https:\/\/skaitytaknyga.lt\/en\/produktas\/mazo-miestelio-zmonos\/","og_site_name":"Skaitytaknyga","article_publisher":"https:\/\/www.facebook.com\/skaitytaknyga\/","article_modified_time":"2025-10-25T09:24:44+00:00","og_image":[{"width":474,"height":800,"url":"https:\/\/skaitytaknyga.lt\/wp-content\/uploads\/2025\/10\/Mazo-miestelio-zmonos-1.webp","type":"image\/webp"}],"twitter_card":"summary_large_image","schema":{"@context":"https:\/\/schema.org","@graph":[{"@type":"WebPage","@id":"https:\/\/skaitytaknyga.lt\/produktas\/mazo-miestelio-zmonos\/","url":"https:\/\/skaitytaknyga.lt\/produktas\/mazo-miestelio-zmonos\/","name":"Ma\u017eo miestelio \u017emonos","isPartOf":{"@id":"https:\/\/skaitytaknyga.lt\/#website"},"primaryImageOfPage":{"@id":"https:\/\/skaitytaknyga.lt\/produktas\/mazo-miestelio-zmonos\/#primaryimage"},"image":{"@id":"https:\/\/skaitytaknyga.lt\/produktas\/mazo-miestelio-zmonos\/#primaryimage"},"thumbnailUrl":"https:\/\/skaitytaknyga.lt\/wp-content\/uploads\/2025\/10\/Mazo-miestelio-zmonos-1.webp","datePublished":"2025-10-25T08:33:12+00:00","dateModified":"2025-10-25T09:24:44+00:00","description":"Populiari Did\u017eiosios Britanijos ra\u0161ytoja ir \u017eurnalist\u0117 Wendy Holden romane \u201eMa\u017eo miestelio \u017emonos\u201c meistri\u0161kai \u017eongliruoja vedyb\u0173 ir t\u0117vyst\u0117s temomis.","breadcrumb":{"@id":"https:\/\/skaitytaknyga.lt\/produktas\/mazo-miestelio-zmonos\/#breadcrumb"},"inLanguage":"en-GB","potentialAction":[{"@type":"ReadAction","target":["https:\/\/skaitytaknyga.lt\/produktas\/mazo-miestelio-zmonos\/"]}]},{"@type":"ImageObject","inLanguage":"en-GB","@id":"https:\/\/skaitytaknyga.lt\/produktas\/mazo-miestelio-zmonos\/#primaryimage","url":"https:\/\/skaitytaknyga.lt\/wp-content\/uploads\/2025\/10\/Mazo-miestelio-zmonos-1.webp","contentUrl":"https:\/\/skaitytaknyga.lt\/wp-content\/uploads\/2025\/10\/Mazo-miestelio-zmonos-1.webp","width":474,"height":800,"caption":"Ma\u017eo miestelio \u017emonos"},{"@type":"BreadcrumbList","@id":"https:\/\/skaitytaknyga.lt\/produktas\/mazo-miestelio-zmonos\/#breadcrumb","itemListElement":[{"@type":"ListItem","position":1,"name":"Home","item":"https:\/\/skaitytaknyga.lt\/"},{"@type":"ListItem","position":2,"name":"Parduotuv\u0117","item":"https:\/\/skaitytaknyga.lt\/knygu-parduotuve\/"},{"@type":"ListItem","position":3,"name":"Ma\u017eo miestelio \u017emonos"}]},{"@type":"WebSite","@id":"https:\/\/skaitytaknyga.lt\/#website","url":"https:\/\/skaitytaknyga.lt\/","name":"skaitytaknyga.lt","description":"Skaitytaknyga.lt \u2013 tai ma\u017eas \u0161eimos verslas, kuris prasid\u0117jo nuo meil\u0117s knygoms ir siekio i\u0161gelb\u0117ti knygas nuo likimo prie konteinerio. Kas vienam nereikalingas daiktas \u2013 kitam lobis, o mes esame tarpininkai, kurie padeda abiems tapti laimingesniems ???? \u017dinome kaip nelengva i\u0161gyventi ma\u017eiems verslams, tad nuo \u0161iol, \u010dia rasite ir kit\u0173, ma\u017e\u0173 \u0161eim\u0173 versl\u0173, rank\u0173 darbo, dovan\u0173 sau ir artimiesiems.","publisher":{"@id":"https:\/\/skaitytaknyga.lt\/#organization"},"potentialAction":[{"@type":"SearchAction","target":{"@type":"EntryPoint","urlTemplate":"https:\/\/skaitytaknyga.lt\/?s={search_term_string}"},"query-input":{"@type":"PropertyValueSpecification","valueRequired":true,"valueName":"search_term_string"}}],"inLanguage":"en-GB"},{"@type":"Organization","@id":"https:\/\/skaitytaknyga.lt\/#organization","name":"skaitytaknyga.lt","url":"https:\/\/skaitytaknyga.lt\/","logo":{"@type":"ImageObject","inLanguage":"en-GB","@id":"https:\/\/skaitytaknyga.lt\/#\/schema\/logo\/image\/","url":"https:\/\/skaitytaknyga.lt\/wp-content\/uploads\/2024\/05\/cropped-cropped-cropped-02_00843_jt3bggkj1j3HLc7SyY6rEUpg.jpeg","contentUrl":"https:\/\/skaitytaknyga.lt\/wp-content\/uploads\/2024\/05\/cropped-cropped-cropped-02_00843_jt3bggkj1j3HLc7SyY6rEUpg.jpeg","width":1600,"height":1600,"caption":"skaitytaknyga.lt"},"image":{"@id":"https:\/\/skaitytaknyga.lt\/#\/schema\/logo\/image\/"},"sameAs":["https:\/\/www.facebook.com\/skaitytaknyga\/"]}]}},"_links":{"self":[{"href":"https:\/\/skaitytaknyga.lt\/en\/wp-json\/wp\/v2\/product\/21602","targetHints":{"allow":["GET"]}}],"collection":[{"href":"https:\/\/skaitytaknyga.lt\/en\/wp-json\/wp\/v2\/product"}],"about":[{"href":"https:\/\/skaitytaknyga.lt\/en\/wp-json\/wp\/v2\/types\/product"}],"replies":[{"embeddable":true,"href":"https:\/\/skaitytaknyga.lt\/en\/wp-json\/wp\/v2\/comments?post=21602"}],"wp:featuredmedia":[{"embeddable":true,"href":"https:\/\/skaitytaknyga.lt\/en\/wp-json\/wp\/v2\/media\/21607"}],"wp:attachment":[{"href":"https:\/\/skaitytaknyga.lt\/en\/wp-json\/wp\/v2\/media?parent=21602"}],"wp:term":[{"taxonomy":"product_brand","embeddable":true,"href":"https:\/\/skaitytaknyga.lt\/en\/wp-json\/wp\/v2\/product_brand?post=21602"},{"taxonomy":"product_cat","embeddable":true,"href":"https:\/\/skaitytaknyga.lt\/en\/wp-json\/wp\/v2\/product_cat?post=21602"},{"taxonomy":"product_tag","embeddable":true,"href":"https:\/\/skaitytaknyga.lt\/en\/wp-json\/wp\/v2\/product_tag?post=21602"}],"curies":[{"name":"wp","href":"https:\/\/api.w.org\/{rel}","templated":true}]}}