{"id":21601,"date":"2025-10-25T11:33:12","date_gmt":"2025-10-25T08:33:12","guid":{"rendered":"https:\/\/skaitytaknyga.lt\/?post_type=product&#038;p=21601"},"modified":"2026-03-18T12:39:40","modified_gmt":"2026-03-18T10:39:40","slug":"pirmoji-nakties-zvaigzde","status":"publish","type":"product","link":"https:\/\/skaitytaknyga.lt\/en\/produktas\/pirmoji-nakties-zvaigzde\/","title":{"rendered":"Pirmoji nakties \u017evaig\u017ed\u0117"},"content":{"rendered":"<p>Knyga, suteikianti bals\u0105 toms, kurios buvo nutildytos.<\/p>\n<p>\u201ePirmoji nakties \u017evaig\u017ed\u0117\u201c \u2013 tai paie\u0161k\u0173, \u0161eimos paslap\u010di\u0173, neatsakyt\u0173 klausim\u0173 kupina istorija, atskleid\u017eianti, kokia na\u0161ta tenka moterims nuo Vakar\u0173 nutolusiame pasaulyje, kaip narsiai jos \u012fveikia sunkumus ir nenuleid\u017eia rank\u0173 net u\u017eklupus did\u017eiausioms negandoms.<br \/>\nNuotaikingas, atviras ir nuo\u0161irdus pasakojimas leis pa\u017einti afgan\u0173 visuomen\u0117s kasdienyb\u0119, jos narsi\u0173 ir koving\u0173 moter\u0173 gyvenim\u0105 bei jausmus, patirti nuotyki\u0173 kartu su pagrindine veik\u0117ja afgane Nadia Golam, kurios skaudi istorija atskleid\u017eiama anks\u010diau i\u0161leistoje knygoje \u201eMano turbano paslaptis\u201c. Afganistane kilus pilietiniam karui, dar b\u016bdama a\u0161tuonmet\u0117 ji buvo su\u017ealota ant nam\u0173 nukritusios bombos, daugiau nei de\u0161imt met\u0173 apsimetin\u0117jo berniuku, kad i\u0161maitint\u0173 ir apsaugot\u0173 savo \u0161eim\u0105, ir tik devyniolikos i\u0161 priespaudos paspruko \u012f Barselon\u0105.<br \/>\n\u201ePirmojoje nakties \u017evaig\u017ed\u0117je\u201c Nadia stengiasi surasti pusseser\u0119 Mersal\u0119 ir pagerbti velion\u0117s tetos atminim\u0105. Atversdama \u0161eimos moter\u0173 istorijos puslapius ji atranda savo \u0161aknis ir i\u0161 naujo pasijunta moterimi.<\/p>\n","protected":false},"excerpt":{"rendered":"<p>Knyga, suteikianti bals\u0105 toms, kurios buvo nutildytos. \u201ePirmoji nakties \u017evaig\u017ed\u0117\u201c \u2013 tai paie\u0161k\u0173, \u0161eimos paslap\u010di\u0173, neatsakyt\u0173 klausim\u0173 kupina istorija, atskleid\u017eianti, kokia na\u0161ta tenka moterims nuo Vakar\u0173 nutolusiame pasaulyje, kaip narsiai jos \u012fveikia sunkumus ir nenuleid\u017eia rank\u0173 net u\u017eklupus did\u017eiausioms negandoms. Nuotaikingas, atviras ir nuo\u0161irdus pasakojimas leis pa\u017einti afgan\u0173 visuomen\u0117s kasdienyb\u0119, jos narsi\u0173 ir koving\u0173 moter\u0173 gyvenim\u0105 bei jausmus, patirti nuotyki\u0173 kartu su pagrindine veik\u0117ja afgane Nadia Golam, kurios skaudi istorija atskleid\u017eiama anks\u010diau i\u0161leistoje knygoje \u201eMano turbano paslaptis\u201c. Afganistane kilus pilietiniam karui, dar b\u016bdama a\u0161tuonmet\u0117 ji buvo su\u017ealota ant nam\u0173 nukritusios bombos, daugiau nei de\u0161imt met\u0173 apsimetin\u0117jo berniuku, kad i\u0161maitint\u0173 ir apsaugot\u0173 savo \u0161eim\u0105, ir tik devyniolikos i\u0161 priespaudos paspruko \u012f Barselon\u0105. \u201ePirmojoje nakties \u017evaig\u017ed\u0117je\u201c Nadia stengiasi surasti pusseser\u0119 Mersal\u0119 ir pagerbti velion\u0117s tetos atminim\u0105. Atversdama \u0161eimos moter\u0173 istorijos puslapius ji atranda savo \u0161aknis ir i\u0161 naujo pasijunta moterimi.<\/p>\n","protected":false},"featured_media":21606,"comment_status":"open","ping_status":"closed","template":"","meta":{"_acf_changed":false,"site-sidebar-layout":"default","site-content-layout":"","ast-site-content-layout":"default","site-content-style":"default","site-sidebar-style":"default","ast-global-header-display":"","ast-banner-title-visibility":"","ast-main-header-display":"","ast-hfb-above-header-display":"","ast-hfb-below-header-display":"","ast-hfb-mobile-header-display":"","site-post-title":"","ast-breadcrumbs-content":"","ast-featured-img":"","footer-sml-layout":"","ast-disable-related-posts":"","theme-transparent-header-meta":"","adv-header-id-meta":"","stick-header-meta":"","header-above-stick-meta":"","header-main-stick-meta":"","header-below-stick-meta":"","astra-migrate-meta-layouts":"default","ast-page-background-enabled":"default","ast-page-background-meta":{"desktop":{"background-color":"","background-image":"","background-repeat":"repeat","background-position":"center center","background-size":"auto","background-attachment":"scroll","background-type":"","background-media":"","overlay-type":"","overlay-color":"","overlay-opacity":"","overlay-gradient":""},"tablet":{"background-color":"","background-image":"","background-repeat":"repeat","background-position":"center center","background-size":"auto","background-attachment":"scroll","background-type":"","background-media":"","overlay-type":"","overlay-color":"","overlay-opacity":"","overlay-gradient":""},"mobile":{"background-color":"","background-image":"","background-repeat":"repeat","background-position":"center center","background-size":"auto","background-attachment":"scroll","background-type":"","background-media":"","overlay-type":"","overlay-color":"","overlay-opacity":"","overlay-gradient":""}},"ast-content-background-meta":{"desktop":{"background-color":"var(--ast-global-color-4)","background-image":"","background-repeat":"repeat","background-position":"center center","background-size":"auto","background-attachment":"scroll","background-type":"","background-media":"","overlay-type":"","overlay-color":"","overlay-opacity":"","overlay-gradient":""},"tablet":{"background-color":"var(--ast-global-color-4)","background-image":"","background-repeat":"repeat","background-position":"center center","background-size":"auto","background-attachment":"scroll","background-type":"","background-media":"","overlay-type":"","overlay-color":"","overlay-opacity":"","overlay-gradient":""},"mobile":{"background-color":"var(--ast-global-color-4)","background-image":"","background-repeat":"repeat","background-position":"center center","background-size":"auto","background-attachment":"scroll","background-type":"","background-media":"","overlay-type":"","overlay-color":"","overlay-opacity":"","overlay-gradient":""}}},"product_brand":[],"product_cat":[9618],"product_tag":[],"class_list":{"0":"post-21601","1":"product","2":"type-product","3":"status-publish","4":"has-post-thumbnail","6":"product_cat-istoriniai-romanai","7":"desktop-align-left","8":"tablet-align-left","9":"mobile-align-left","11":"first","12":"instock","13":"shipping-taxable","14":"purchasable","15":"product-type-simple"},"acf":[],"yoast_head":"<!-- This site is optimized with the Yoast SEO plugin v27.0 - https:\/\/yoast.com\/product\/yoast-seo-wordpress\/ -->\n<title>Pirmoji nakties \u017evaig\u017ed\u0117<\/title>\n<meta name=\"description\" content=\"Knyga, suteikianti bals\u0105 toms, kurios buvo nutildytos. \u201ePirmoji nakties \u017evaig\u017ed\u0117\u201c \u2013 tai paie\u0161k\u0173, \u0161eimos paslap\u010di\u0173, neatsakyt\u0173 klausim\u0173 kupina istorija,\" \/>\n<meta name=\"robots\" content=\"index, follow, max-snippet:-1, max-image-preview:large, max-video-preview:-1\" \/>\n<link rel=\"canonical\" href=\"https:\/\/skaitytaknyga.lt\/en\/produktas\/pirmoji-nakties-zvaigzde\/\" \/>\n<meta property=\"og:locale\" content=\"en_GB\" \/>\n<meta property=\"og:locale:alternate\" content=\"lt_LT\" \/>\n<meta property=\"og:type\" content=\"article\" \/>\n<meta property=\"og:title\" content=\"Pirmoji nakties \u017evaig\u017ed\u0117\" \/>\n<meta property=\"og:description\" content=\"Knyga, suteikianti bals\u0105 toms, kurios buvo nutildytos. \u201ePirmoji nakties \u017evaig\u017ed\u0117\u201c \u2013 tai paie\u0161k\u0173, \u0161eimos paslap\u010di\u0173, neatsakyt\u0173 klausim\u0173 kupina istorija,\" \/>\n<meta property=\"og:url\" content=\"https:\/\/skaitytaknyga.lt\/en\/produktas\/pirmoji-nakties-zvaigzde\/\" \/>\n<meta property=\"og:site_name\" content=\"Skaitytaknyga\" \/>\n<meta property=\"article:publisher\" content=\"https:\/\/www.facebook.com\/skaitytaknyga\/\" \/>\n<meta property=\"article:modified_time\" content=\"2026-03-18T10:39:40+00:00\" \/>\n<meta property=\"og:image\" content=\"https:\/\/skaitytaknyga.lt\/wp-content\/uploads\/2025\/10\/Pirmoji-nakties-zvaigzde-1.webp\" \/>\n\t<meta property=\"og:image:width\" content=\"402\" \/>\n\t<meta property=\"og:image:height\" content=\"600\" \/>\n\t<meta property=\"og:image:type\" content=\"image\/webp\" \/>\n<meta name=\"twitter:card\" content=\"summary_large_image\" \/>\n<meta name=\"twitter:label1\" content=\"Estimated reading time\" \/>\n\t<meta name=\"twitter:data1\" content=\"1 minute\" \/>\n<script type=\"application\/ld+json\" class=\"yoast-schema-graph\">{\"@context\":\"https:\/\/schema.org\",\"@graph\":[{\"@type\":\"WebPage\",\"@id\":\"https:\/\/skaitytaknyga.lt\/produktas\/pirmoji-nakties-zvaigzde\/\",\"url\":\"https:\/\/skaitytaknyga.lt\/produktas\/pirmoji-nakties-zvaigzde\/\",\"name\":\"Pirmoji nakties \u017evaig\u017ed\u0117\",\"isPartOf\":{\"@id\":\"https:\/\/skaitytaknyga.lt\/#website\"},\"primaryImageOfPage\":{\"@id\":\"https:\/\/skaitytaknyga.lt\/produktas\/pirmoji-nakties-zvaigzde\/#primaryimage\"},\"image\":{\"@id\":\"https:\/\/skaitytaknyga.lt\/produktas\/pirmoji-nakties-zvaigzde\/#primaryimage\"},\"thumbnailUrl\":\"https:\/\/skaitytaknyga.lt\/wp-content\/uploads\/2025\/10\/Pirmoji-nakties-zvaigzde-1.webp\",\"datePublished\":\"2025-10-25T08:33:12+00:00\",\"dateModified\":\"2026-03-18T10:39:40+00:00\",\"description\":\"Knyga, suteikianti bals\u0105 toms, kurios buvo nutildytos. \u201ePirmoji nakties \u017evaig\u017ed\u0117\u201c \u2013 tai paie\u0161k\u0173, \u0161eimos paslap\u010di\u0173, neatsakyt\u0173 klausim\u0173 kupina istorija,\",\"breadcrumb\":{\"@id\":\"https:\/\/skaitytaknyga.lt\/produktas\/pirmoji-nakties-zvaigzde\/#breadcrumb\"},\"inLanguage\":\"en-GB\",\"potentialAction\":[{\"@type\":\"ReadAction\",\"target\":[\"https:\/\/skaitytaknyga.lt\/produktas\/pirmoji-nakties-zvaigzde\/\"]}]},{\"@type\":\"ImageObject\",\"inLanguage\":\"en-GB\",\"@id\":\"https:\/\/skaitytaknyga.lt\/produktas\/pirmoji-nakties-zvaigzde\/#primaryimage\",\"url\":\"https:\/\/skaitytaknyga.lt\/wp-content\/uploads\/2025\/10\/Pirmoji-nakties-zvaigzde-1.webp\",\"contentUrl\":\"https:\/\/skaitytaknyga.lt\/wp-content\/uploads\/2025\/10\/Pirmoji-nakties-zvaigzde-1.webp\",\"width\":402,\"height\":600},{\"@type\":\"BreadcrumbList\",\"@id\":\"https:\/\/skaitytaknyga.lt\/produktas\/pirmoji-nakties-zvaigzde\/#breadcrumb\",\"itemListElement\":[{\"@type\":\"ListItem\",\"position\":1,\"name\":\"Home\",\"item\":\"https:\/\/skaitytaknyga.lt\/\"},{\"@type\":\"ListItem\",\"position\":2,\"name\":\"Parduotuv\u0117\",\"item\":\"https:\/\/skaitytaknyga.lt\/knygu-parduotuve\/\"},{\"@type\":\"ListItem\",\"position\":3,\"name\":\"Pirmoji nakties \u017evaig\u017ed\u0117\"}]},{\"@type\":\"WebSite\",\"@id\":\"https:\/\/skaitytaknyga.lt\/#website\",\"url\":\"https:\/\/skaitytaknyga.lt\/\",\"name\":\"skaitytaknyga.lt\",\"description\":\"Skaitytaknyga.lt \u2013 tai ma\u017eas \u0161eimos verslas, kuris prasid\u0117jo nuo meil\u0117s knygoms ir siekio i\u0161gelb\u0117ti knygas nuo likimo prie konteinerio. Kas vienam nereikalingas daiktas \u2013 kitam lobis, o mes esame tarpininkai, kurie padeda abiems tapti laimingesniems ???? \u017dinome kaip nelengva i\u0161gyventi ma\u017eiems verslams, tad nuo \u0161iol, \u010dia rasite ir kit\u0173, ma\u017e\u0173 \u0161eim\u0173 versl\u0173, rank\u0173 darbo, dovan\u0173 sau ir artimiesiems.\",\"publisher\":{\"@id\":\"https:\/\/skaitytaknyga.lt\/#organization\"},\"potentialAction\":[{\"@type\":\"SearchAction\",\"target\":{\"@type\":\"EntryPoint\",\"urlTemplate\":\"https:\/\/skaitytaknyga.lt\/?s={search_term_string}\"},\"query-input\":{\"@type\":\"PropertyValueSpecification\",\"valueRequired\":true,\"valueName\":\"search_term_string\"}}],\"inLanguage\":\"en-GB\"},{\"@type\":\"Organization\",\"@id\":\"https:\/\/skaitytaknyga.lt\/#organization\",\"name\":\"skaitytaknyga.lt\",\"url\":\"https:\/\/skaitytaknyga.lt\/\",\"logo\":{\"@type\":\"ImageObject\",\"inLanguage\":\"en-GB\",\"@id\":\"https:\/\/skaitytaknyga.lt\/#\/schema\/logo\/image\/\",\"url\":\"https:\/\/skaitytaknyga.lt\/wp-content\/uploads\/2024\/05\/cropped-cropped-cropped-02_00843_jt3bggkj1j3HLc7SyY6rEUpg.jpeg\",\"contentUrl\":\"https:\/\/skaitytaknyga.lt\/wp-content\/uploads\/2024\/05\/cropped-cropped-cropped-02_00843_jt3bggkj1j3HLc7SyY6rEUpg.jpeg\",\"width\":1600,\"height\":1600,\"caption\":\"skaitytaknyga.lt\"},\"image\":{\"@id\":\"https:\/\/skaitytaknyga.lt\/#\/schema\/logo\/image\/\"},\"sameAs\":[\"https:\/\/www.facebook.com\/skaitytaknyga\/\"]}]}<\/script>\n<!-- \/ Yoast SEO plugin. -->","yoast_head_json":{"title":"Pirmoji nakties \u017evaig\u017ed\u0117","description":"Knyga, suteikianti bals\u0105 toms, kurios buvo nutildytos. \u201ePirmoji nakties \u017evaig\u017ed\u0117\u201c \u2013 tai paie\u0161k\u0173, \u0161eimos paslap\u010di\u0173, neatsakyt\u0173 klausim\u0173 kupina istorija,","robots":{"index":"index","follow":"follow","max-snippet":"max-snippet:-1","max-image-preview":"max-image-preview:large","max-video-preview":"max-video-preview:-1"},"canonical":"https:\/\/skaitytaknyga.lt\/en\/produktas\/pirmoji-nakties-zvaigzde\/","og_locale":"en_GB","og_type":"article","og_title":"[:lt]Pirmoji nakties \u017evaig\u017ed\u0117[:] - Skaitytaknyga","og_description":"Knyga, suteikianti bals\u0105 toms, kurios buvo nutildytos. \u201ePirmoji nakties \u017evaig\u017ed\u0117\u201c \u2013 tai paie\u0161k\u0173, \u0161eimos paslap\u010di\u0173, neatsakyt\u0173 klausim\u0173 kupina istorija,","og_url":"https:\/\/skaitytaknyga.lt\/en\/produktas\/pirmoji-nakties-zvaigzde\/","og_site_name":"Skaitytaknyga","article_publisher":"https:\/\/www.facebook.com\/skaitytaknyga\/","article_modified_time":"2026-03-18T10:39:40+00:00","og_image":[{"width":402,"height":600,"url":"https:\/\/skaitytaknyga.lt\/wp-content\/uploads\/2025\/10\/Pirmoji-nakties-zvaigzde-1.webp","type":"image\/webp"}],"twitter_card":"summary_large_image","twitter_misc":{"Estimated reading time":"1 minute"},"schema":{"@context":"https:\/\/schema.org","@graph":[{"@type":"WebPage","@id":"https:\/\/skaitytaknyga.lt\/produktas\/pirmoji-nakties-zvaigzde\/","url":"https:\/\/skaitytaknyga.lt\/produktas\/pirmoji-nakties-zvaigzde\/","name":"Pirmoji nakties \u017evaig\u017ed\u0117","isPartOf":{"@id":"https:\/\/skaitytaknyga.lt\/#website"},"primaryImageOfPage":{"@id":"https:\/\/skaitytaknyga.lt\/produktas\/pirmoji-nakties-zvaigzde\/#primaryimage"},"image":{"@id":"https:\/\/skaitytaknyga.lt\/produktas\/pirmoji-nakties-zvaigzde\/#primaryimage"},"thumbnailUrl":"https:\/\/skaitytaknyga.lt\/wp-content\/uploads\/2025\/10\/Pirmoji-nakties-zvaigzde-1.webp","datePublished":"2025-10-25T08:33:12+00:00","dateModified":"2026-03-18T10:39:40+00:00","description":"Knyga, suteikianti bals\u0105 toms, kurios buvo nutildytos. \u201ePirmoji nakties \u017evaig\u017ed\u0117\u201c \u2013 tai paie\u0161k\u0173, \u0161eimos paslap\u010di\u0173, neatsakyt\u0173 klausim\u0173 kupina istorija,","breadcrumb":{"@id":"https:\/\/skaitytaknyga.lt\/produktas\/pirmoji-nakties-zvaigzde\/#breadcrumb"},"inLanguage":"en-GB","potentialAction":[{"@type":"ReadAction","target":["https:\/\/skaitytaknyga.lt\/produktas\/pirmoji-nakties-zvaigzde\/"]}]},{"@type":"ImageObject","inLanguage":"en-GB","@id":"https:\/\/skaitytaknyga.lt\/produktas\/pirmoji-nakties-zvaigzde\/#primaryimage","url":"https:\/\/skaitytaknyga.lt\/wp-content\/uploads\/2025\/10\/Pirmoji-nakties-zvaigzde-1.webp","contentUrl":"https:\/\/skaitytaknyga.lt\/wp-content\/uploads\/2025\/10\/Pirmoji-nakties-zvaigzde-1.webp","width":402,"height":600},{"@type":"BreadcrumbList","@id":"https:\/\/skaitytaknyga.lt\/produktas\/pirmoji-nakties-zvaigzde\/#breadcrumb","itemListElement":[{"@type":"ListItem","position":1,"name":"Home","item":"https:\/\/skaitytaknyga.lt\/"},{"@type":"ListItem","position":2,"name":"Parduotuv\u0117","item":"https:\/\/skaitytaknyga.lt\/knygu-parduotuve\/"},{"@type":"ListItem","position":3,"name":"Pirmoji nakties \u017evaig\u017ed\u0117"}]},{"@type":"WebSite","@id":"https:\/\/skaitytaknyga.lt\/#website","url":"https:\/\/skaitytaknyga.lt\/","name":"skaitytaknyga.lt","description":"Skaitytaknyga.lt \u2013 tai ma\u017eas \u0161eimos verslas, kuris prasid\u0117jo nuo meil\u0117s knygoms ir siekio i\u0161gelb\u0117ti knygas nuo likimo prie konteinerio. Kas vienam nereikalingas daiktas \u2013 kitam lobis, o mes esame tarpininkai, kurie padeda abiems tapti laimingesniems ???? \u017dinome kaip nelengva i\u0161gyventi ma\u017eiems verslams, tad nuo \u0161iol, \u010dia rasite ir kit\u0173, ma\u017e\u0173 \u0161eim\u0173 versl\u0173, rank\u0173 darbo, dovan\u0173 sau ir artimiesiems.","publisher":{"@id":"https:\/\/skaitytaknyga.lt\/#organization"},"potentialAction":[{"@type":"SearchAction","target":{"@type":"EntryPoint","urlTemplate":"https:\/\/skaitytaknyga.lt\/?s={search_term_string}"},"query-input":{"@type":"PropertyValueSpecification","valueRequired":true,"valueName":"search_term_string"}}],"inLanguage":"en-GB"},{"@type":"Organization","@id":"https:\/\/skaitytaknyga.lt\/#organization","name":"skaitytaknyga.lt","url":"https:\/\/skaitytaknyga.lt\/","logo":{"@type":"ImageObject","inLanguage":"en-GB","@id":"https:\/\/skaitytaknyga.lt\/#\/schema\/logo\/image\/","url":"https:\/\/skaitytaknyga.lt\/wp-content\/uploads\/2024\/05\/cropped-cropped-cropped-02_00843_jt3bggkj1j3HLc7SyY6rEUpg.jpeg","contentUrl":"https:\/\/skaitytaknyga.lt\/wp-content\/uploads\/2024\/05\/cropped-cropped-cropped-02_00843_jt3bggkj1j3HLc7SyY6rEUpg.jpeg","width":1600,"height":1600,"caption":"skaitytaknyga.lt"},"image":{"@id":"https:\/\/skaitytaknyga.lt\/#\/schema\/logo\/image\/"},"sameAs":["https:\/\/www.facebook.com\/skaitytaknyga\/"]}]}},"_links":{"self":[{"href":"https:\/\/skaitytaknyga.lt\/en\/wp-json\/wp\/v2\/product\/21601","targetHints":{"allow":["GET"]}}],"collection":[{"href":"https:\/\/skaitytaknyga.lt\/en\/wp-json\/wp\/v2\/product"}],"about":[{"href":"https:\/\/skaitytaknyga.lt\/en\/wp-json\/wp\/v2\/types\/product"}],"replies":[{"embeddable":true,"href":"https:\/\/skaitytaknyga.lt\/en\/wp-json\/wp\/v2\/comments?post=21601"}],"wp:featuredmedia":[{"embeddable":true,"href":"https:\/\/skaitytaknyga.lt\/en\/wp-json\/wp\/v2\/media\/21606"}],"wp:attachment":[{"href":"https:\/\/skaitytaknyga.lt\/en\/wp-json\/wp\/v2\/media?parent=21601"}],"wp:term":[{"taxonomy":"product_brand","embeddable":true,"href":"https:\/\/skaitytaknyga.lt\/en\/wp-json\/wp\/v2\/product_brand?post=21601"},{"taxonomy":"product_cat","embeddable":true,"href":"https:\/\/skaitytaknyga.lt\/en\/wp-json\/wp\/v2\/product_cat?post=21601"},{"taxonomy":"product_tag","embeddable":true,"href":"https:\/\/skaitytaknyga.lt\/en\/wp-json\/wp\/v2\/product_tag?post=21601"}],"curies":[{"name":"wp","href":"https:\/\/api.w.org\/{rel}","templated":true}]}}