{"id":21600,"date":"2025-10-25T11:33:11","date_gmt":"2025-10-25T08:33:11","guid":{"rendered":"https:\/\/skaitytaknyga.lt\/?post_type=product&#038;p=21600"},"modified":"2025-11-02T19:28:55","modified_gmt":"2025-11-02T17:28:55","slug":"laimingoji-kurtizane-mini-skaitymo-zymes","status":"publish","type":"product","link":"https:\/\/skaitytaknyga.lt\/en\/produktas\/laimingoji-kurtizane-mini-skaitymo-zymes\/","title":{"rendered":"Laimingoji kurtizan\u0117 (mini skaitymo \u017eym\u0117s)"},"content":{"rendered":"<p>Paskutinysis Danielio Defoe romanas Laimingoji kurtizan\u0117, arba Roksana para\u0161ytas kaip autobiografija moters, kuri pardav\u0117 savo garb\u0119 pirma tod\u0117l, kad i\u0161likt\u0173, v\u0117liau \u2013 d\u0117l \u0161lov\u0117s ir turt\u0173. Moteris porina apie \u201enedor\u0105\u201c savo, kaip turting\u0173 ir galing\u0173 vyr\u0173 meilu\u017e\u0117s, gyvenim\u0105. I\u0161radinga nuotyki\u0173 ie\u0161kotoja atsiskleid\u017eia ir kaip negailestinga savo giliausi\u0173 jausm\u0173, kurie i\u0161duoda s\u0117km\u0117s kain\u0105, analitik\u0117. Apdovanota gundytojos sugeb\u0117jimais Roksana ir pati sugundoma: pinig\u0173, svajoni\u0173 apie pad\u0117t\u012f, iliuzij\u0173, kad gali pab\u0117gti nuo praeities. Ta\u010diau prie\u0161ingai nei kitos atgailaujan\u010dios \u0161io puikaus romanisto nusid\u0117j\u0117l\u0117s, savo silpnybi\u0173 ji ne\u012fveikia. Did\u017eiausias D. Defoe literat\u016brinis \u017eygdarbis \u2013 sukurti ne tik intriguojan\u010di\u0105 am\u017eiui nepavald\u017ei\u0105 istorij\u0105, bet ir kerin\u010di\u0105 pasakotoj\u0105, \u201elaiming\u0105j\u0105 kurtizan\u0119\u201c Roksan\u0105.<\/p>\n<p>Apie autori\u0173<\/p>\n<p>Danielis Defoe (1659\u20131731), gim\u0119s Danieliu Foe, buvo angl\u0173 ra\u0161ytojas, \u017eurnalistas ir pamflet\u0173 k\u016br\u0117jas, am\u017ein\u0105 \u0161lov\u0119 peln\u0119s romanu Robinzonas Kruzas. D. Defoe i\u0161gars\u0117jo kaip romano \u017eanro populiarintojas, netgi laikomas vienu angl\u0173 romano pradininku. Darb\u0161tuolis Defoe yra daugiau kaip penki\u0173 \u0161imt\u0173 knyg\u0173, pamflet\u0173 ir visokiausi\u0173 tem\u0173 straipsni\u0173 autorius. Kritikai dar ir \u0161iandien nesutaria, koks \u0161io 1724 m. romano moralas. Jeigu autorius tik\u0117josi pasmerkti nedorybes ir paleistuvystes, jam nepavyko, nes paprastai, su visomis smulkmenomis nupasakota realiai gyvenusios moters, madmuazel\u0117s Beleau, istorija sukelia ne prie\u0161i\u0161kum\u0105, o atjaut\u0105 ir supratim\u0105, kaip istorija pa\u017e\u012fstamos, kuriai likimas nepa\u0161yk\u0161t\u0117jo keist\u0173 gyvenimo vingi\u0173.<\/p>\n","protected":false},"excerpt":{"rendered":"<p>Paskutinysis Danielio Defoe romanas Laimingoji kurtizan\u0117, arba Roksana para\u0161ytas kaip autobiografija moters, kuri pardav\u0117 savo garb\u0119 pirma tod\u0117l, kad i\u0161likt\u0173, v\u0117liau \u2013 d\u0117l \u0161lov\u0117s ir turt\u0173. Moteris porina apie \u201enedor\u0105\u201c savo, kaip turting\u0173 ir galing\u0173 vyr\u0173 meilu\u017e\u0117s, gyvenim\u0105. I\u0161radinga nuotyki\u0173 ie\u0161kotoja atsiskleid\u017eia ir kaip negailestinga savo giliausi\u0173 jausm\u0173, kurie i\u0161duoda s\u0117km\u0117s kain\u0105, analitik\u0117. Apdovanota gundytojos sugeb\u0117jimais Roksana ir pati sugundoma: pinig\u0173, svajoni\u0173 apie pad\u0117t\u012f, iliuzij\u0173, kad gali pab\u0117gti nuo praeities. Ta\u010diau prie\u0161ingai nei kitos atgailaujan\u010dios \u0161io puikaus romanisto nusid\u0117j\u0117l\u0117s, savo silpnybi\u0173 ji ne\u012fveikia. Did\u017eiausias D. Defoe literat\u016brinis \u017eygdarbis \u2013 sukurti ne tik intriguojan\u010di\u0105 am\u017eiui nepavald\u017ei\u0105 istorij\u0105, bet ir kerin\u010di\u0105 pasakotoj\u0105, \u201elaiming\u0105j\u0105 kurtizan\u0119\u201c Roksan\u0105. Apie autori\u0173 Danielis Defoe (1659\u20131731), gim\u0119s Danieliu Foe, buvo angl\u0173 ra\u0161ytojas, \u017eurnalistas ir pamflet\u0173 k\u016br\u0117jas, am\u017ein\u0105 \u0161lov\u0119 peln\u0119s romanu Robinzonas Kruzas. D. Defoe i\u0161gars\u0117jo kaip romano \u017eanro populiarintojas, netgi laikomas vienu angl\u0173 romano pradininku. Darb\u0161tuolis Defoe yra daugiau kaip penki\u0173 \u0161imt\u0173 knyg\u0173, pamflet\u0173 ir visokiausi\u0173 tem\u0173 straipsni\u0173 autorius. Kritikai dar ir \u0161iandien nesutaria, koks \u0161io 1724 m. romano moralas. Jeigu autorius tik\u0117josi pasmerkti nedorybes ir paleistuvystes, jam nepavyko, nes paprastai, su visomis smulkmenomis nupasakota realiai gyvenusios moters, madmuazel\u0117s Beleau, istorija sukelia ne prie\u0161i\u0161kum\u0105, o atjaut\u0105 ir supratim\u0105, kaip istorija pa\u017e\u012fstamos, kuriai likimas nepa\u0161yk\u0161t\u0117jo keist\u0173 gyvenimo vingi\u0173.<\/p>\n","protected":false},"featured_media":21605,"comment_status":"open","ping_status":"closed","template":"","meta":{"_acf_changed":false,"site-sidebar-layout":"default","site-content-layout":"","ast-site-content-layout":"default","site-content-style":"default","site-sidebar-style":"default","ast-global-header-display":"","ast-banner-title-visibility":"","ast-main-header-display":"","ast-hfb-above-header-display":"","ast-hfb-below-header-display":"","ast-hfb-mobile-header-display":"","site-post-title":"","ast-breadcrumbs-content":"","ast-featured-img":"","footer-sml-layout":"","ast-disable-related-posts":"","theme-transparent-header-meta":"","adv-header-id-meta":"","stick-header-meta":"","header-above-stick-meta":"","header-main-stick-meta":"","header-below-stick-meta":"","astra-migrate-meta-layouts":"default","ast-page-background-enabled":"default","ast-page-background-meta":{"desktop":{"background-color":"","background-image":"","background-repeat":"repeat","background-position":"center center","background-size":"auto","background-attachment":"scroll","background-type":"","background-media":"","overlay-type":"","overlay-color":"","overlay-opacity":"","overlay-gradient":""},"tablet":{"background-color":"","background-image":"","background-repeat":"repeat","background-position":"center center","background-size":"auto","background-attachment":"scroll","background-type":"","background-media":"","overlay-type":"","overlay-color":"","overlay-opacity":"","overlay-gradient":""},"mobile":{"background-color":"","background-image":"","background-repeat":"repeat","background-position":"center center","background-size":"auto","background-attachment":"scroll","background-type":"","background-media":"","overlay-type":"","overlay-color":"","overlay-opacity":"","overlay-gradient":""}},"ast-content-background-meta":{"desktop":{"background-color":"var(--ast-global-color-4)","background-image":"","background-repeat":"repeat","background-position":"center center","background-size":"auto","background-attachment":"scroll","background-type":"","background-media":"","overlay-type":"","overlay-color":"","overlay-opacity":"","overlay-gradient":""},"tablet":{"background-color":"var(--ast-global-color-4)","background-image":"","background-repeat":"repeat","background-position":"center center","background-size":"auto","background-attachment":"scroll","background-type":"","background-media":"","overlay-type":"","overlay-color":"","overlay-opacity":"","overlay-gradient":""},"mobile":{"background-color":"var(--ast-global-color-4)","background-image":"","background-repeat":"repeat","background-position":"center center","background-size":"auto","background-attachment":"scroll","background-type":"","background-media":"","overlay-type":"","overlay-color":"","overlay-opacity":"","overlay-gradient":""}}},"product_brand":[],"product_cat":[31],"product_tag":[],"class_list":{"0":"post-21600","1":"product","2":"type-product","3":"status-publish","4":"has-post-thumbnail","6":"product_cat-grozine-literatura","7":"desktop-align-left","8":"tablet-align-left","9":"mobile-align-left","11":"first","12":"outofstock","13":"shipping-taxable","14":"purchasable","15":"product-type-simple"},"acf":[],"yoast_head":"<!-- This site is optimized with the Yoast SEO plugin v27.0 - https:\/\/yoast.com\/product\/yoast-seo-wordpress\/ -->\n<title>Laimingoji kurtizan\u0117 (mini skaitymo \u017eym\u0117s)<\/title>\n<meta name=\"description\" content=\"Paskutinysis Danielio Defoe romanas Laimingoji kurtizan\u0117, arba Roksana para\u0161ytas kaip autobiografija moters, kuri pardav\u0117 savo garb\u0119 pirma tod\u0117l, kad\" \/>\n<meta name=\"robots\" content=\"index, follow, max-snippet:-1, max-image-preview:large, max-video-preview:-1\" \/>\n<link rel=\"canonical\" href=\"https:\/\/skaitytaknyga.lt\/en\/produktas\/laimingoji-kurtizane-mini-skaitymo-zymes\/\" \/>\n<meta property=\"og:locale\" content=\"en_GB\" \/>\n<meta property=\"og:locale:alternate\" content=\"lt_LT\" \/>\n<meta property=\"og:type\" content=\"article\" \/>\n<meta property=\"og:title\" content=\"Laimingoji kurtizan\u0117 (mini skaitymo \u017eym\u0117s)\" \/>\n<meta property=\"og:description\" content=\"Paskutinysis Danielio Defoe romanas Laimingoji kurtizan\u0117, arba Roksana para\u0161ytas kaip autobiografija moters, kuri pardav\u0117 savo garb\u0119 pirma tod\u0117l, kad\" \/>\n<meta property=\"og:url\" content=\"https:\/\/skaitytaknyga.lt\/en\/produktas\/laimingoji-kurtizane-mini-skaitymo-zymes\/\" \/>\n<meta property=\"og:site_name\" content=\"Skaitytaknyga\" \/>\n<meta property=\"article:publisher\" content=\"https:\/\/www.facebook.com\/skaitytaknyga\/\" \/>\n<meta property=\"article:modified_time\" content=\"2025-11-02T17:28:55+00:00\" \/>\n<meta property=\"og:image\" content=\"https:\/\/skaitytaknyga.lt\/wp-content\/uploads\/2025\/10\/Laimingoji-kurtizane-1.jpg\" \/>\n\t<meta property=\"og:image:width\" content=\"295\" \/>\n\t<meta property=\"og:image:height\" content=\"425\" \/>\n\t<meta property=\"og:image:type\" content=\"image\/jpeg\" \/>\n<meta name=\"twitter:card\" content=\"summary_large_image\" \/>\n<meta name=\"twitter:label1\" content=\"Estimated reading time\" \/>\n\t<meta name=\"twitter:data1\" content=\"1 minute\" \/>\n<script type=\"application\/ld+json\" class=\"yoast-schema-graph\">{\"@context\":\"https:\/\/schema.org\",\"@graph\":[{\"@type\":\"WebPage\",\"@id\":\"https:\/\/skaitytaknyga.lt\/produktas\/laimingoji-kurtizane-mini-skaitymo-zymes\/\",\"url\":\"https:\/\/skaitytaknyga.lt\/produktas\/laimingoji-kurtizane-mini-skaitymo-zymes\/\",\"name\":\"Laimingoji kurtizan\u0117 (mini skaitymo \u017eym\u0117s)\",\"isPartOf\":{\"@id\":\"https:\/\/skaitytaknyga.lt\/#website\"},\"primaryImageOfPage\":{\"@id\":\"https:\/\/skaitytaknyga.lt\/produktas\/laimingoji-kurtizane-mini-skaitymo-zymes\/#primaryimage\"},\"image\":{\"@id\":\"https:\/\/skaitytaknyga.lt\/produktas\/laimingoji-kurtizane-mini-skaitymo-zymes\/#primaryimage\"},\"thumbnailUrl\":\"https:\/\/skaitytaknyga.lt\/wp-content\/uploads\/2025\/10\/Laimingoji-kurtizane-1.jpg\",\"datePublished\":\"2025-10-25T08:33:11+00:00\",\"dateModified\":\"2025-11-02T17:28:55+00:00\",\"description\":\"Paskutinysis Danielio Defoe romanas Laimingoji kurtizan\u0117, arba Roksana para\u0161ytas kaip autobiografija moters, kuri pardav\u0117 savo garb\u0119 pirma tod\u0117l, kad\",\"breadcrumb\":{\"@id\":\"https:\/\/skaitytaknyga.lt\/produktas\/laimingoji-kurtizane-mini-skaitymo-zymes\/#breadcrumb\"},\"inLanguage\":\"en-GB\",\"potentialAction\":[{\"@type\":\"ReadAction\",\"target\":[\"https:\/\/skaitytaknyga.lt\/produktas\/laimingoji-kurtizane-mini-skaitymo-zymes\/\"]}]},{\"@type\":\"ImageObject\",\"inLanguage\":\"en-GB\",\"@id\":\"https:\/\/skaitytaknyga.lt\/produktas\/laimingoji-kurtizane-mini-skaitymo-zymes\/#primaryimage\",\"url\":\"https:\/\/skaitytaknyga.lt\/wp-content\/uploads\/2025\/10\/Laimingoji-kurtizane-1.jpg\",\"contentUrl\":\"https:\/\/skaitytaknyga.lt\/wp-content\/uploads\/2025\/10\/Laimingoji-kurtizane-1.jpg\",\"width\":295,\"height\":425,\"caption\":\"Laimingoji kurtizan\u0117\"},{\"@type\":\"BreadcrumbList\",\"@id\":\"https:\/\/skaitytaknyga.lt\/produktas\/laimingoji-kurtizane-mini-skaitymo-zymes\/#breadcrumb\",\"itemListElement\":[{\"@type\":\"ListItem\",\"position\":1,\"name\":\"Home\",\"item\":\"https:\/\/skaitytaknyga.lt\/\"},{\"@type\":\"ListItem\",\"position\":2,\"name\":\"Parduotuv\u0117\",\"item\":\"https:\/\/skaitytaknyga.lt\/knygu-parduotuve\/\"},{\"@type\":\"ListItem\",\"position\":3,\"name\":\"Laimingoji kurtizan\u0117 (mini skaitymo \u017eym\u0117s)\"}]},{\"@type\":\"WebSite\",\"@id\":\"https:\/\/skaitytaknyga.lt\/#website\",\"url\":\"https:\/\/skaitytaknyga.lt\/\",\"name\":\"skaitytaknyga.lt\",\"description\":\"Skaitytaknyga.lt \u2013 tai ma\u017eas \u0161eimos verslas, kuris prasid\u0117jo nuo meil\u0117s knygoms ir siekio i\u0161gelb\u0117ti knygas nuo likimo prie konteinerio. Kas vienam nereikalingas daiktas \u2013 kitam lobis, o mes esame tarpininkai, kurie padeda abiems tapti laimingesniems ???? \u017dinome kaip nelengva i\u0161gyventi ma\u017eiems verslams, tad nuo \u0161iol, \u010dia rasite ir kit\u0173, ma\u017e\u0173 \u0161eim\u0173 versl\u0173, rank\u0173 darbo, dovan\u0173 sau ir artimiesiems.\",\"publisher\":{\"@id\":\"https:\/\/skaitytaknyga.lt\/#organization\"},\"potentialAction\":[{\"@type\":\"SearchAction\",\"target\":{\"@type\":\"EntryPoint\",\"urlTemplate\":\"https:\/\/skaitytaknyga.lt\/?s={search_term_string}\"},\"query-input\":{\"@type\":\"PropertyValueSpecification\",\"valueRequired\":true,\"valueName\":\"search_term_string\"}}],\"inLanguage\":\"en-GB\"},{\"@type\":\"Organization\",\"@id\":\"https:\/\/skaitytaknyga.lt\/#organization\",\"name\":\"skaitytaknyga.lt\",\"url\":\"https:\/\/skaitytaknyga.lt\/\",\"logo\":{\"@type\":\"ImageObject\",\"inLanguage\":\"en-GB\",\"@id\":\"https:\/\/skaitytaknyga.lt\/#\/schema\/logo\/image\/\",\"url\":\"https:\/\/skaitytaknyga.lt\/wp-content\/uploads\/2024\/05\/cropped-cropped-cropped-02_00843_jt3bggkj1j3HLc7SyY6rEUpg.jpeg\",\"contentUrl\":\"https:\/\/skaitytaknyga.lt\/wp-content\/uploads\/2024\/05\/cropped-cropped-cropped-02_00843_jt3bggkj1j3HLc7SyY6rEUpg.jpeg\",\"width\":1600,\"height\":1600,\"caption\":\"skaitytaknyga.lt\"},\"image\":{\"@id\":\"https:\/\/skaitytaknyga.lt\/#\/schema\/logo\/image\/\"},\"sameAs\":[\"https:\/\/www.facebook.com\/skaitytaknyga\/\"]}]}<\/script>\n<!-- \/ Yoast SEO plugin. -->","yoast_head_json":{"title":"Laimingoji kurtizan\u0117 (mini skaitymo \u017eym\u0117s)","description":"Paskutinysis Danielio Defoe romanas Laimingoji kurtizan\u0117, arba Roksana para\u0161ytas kaip autobiografija moters, kuri pardav\u0117 savo garb\u0119 pirma tod\u0117l, kad","robots":{"index":"index","follow":"follow","max-snippet":"max-snippet:-1","max-image-preview":"max-image-preview:large","max-video-preview":"max-video-preview:-1"},"canonical":"https:\/\/skaitytaknyga.lt\/en\/produktas\/laimingoji-kurtizane-mini-skaitymo-zymes\/","og_locale":"en_GB","og_type":"article","og_title":"[:lt]Laimingoji kurtizan\u0117 (mini skaitymo \u017eym\u0117s)[:] - Skaitytaknyga","og_description":"Paskutinysis Danielio Defoe romanas Laimingoji kurtizan\u0117, arba Roksana para\u0161ytas kaip autobiografija moters, kuri pardav\u0117 savo garb\u0119 pirma tod\u0117l, kad","og_url":"https:\/\/skaitytaknyga.lt\/en\/produktas\/laimingoji-kurtizane-mini-skaitymo-zymes\/","og_site_name":"Skaitytaknyga","article_publisher":"https:\/\/www.facebook.com\/skaitytaknyga\/","article_modified_time":"2025-11-02T17:28:55+00:00","og_image":[{"width":295,"height":425,"url":"https:\/\/skaitytaknyga.lt\/wp-content\/uploads\/2025\/10\/Laimingoji-kurtizane-1.jpg","type":"image\/jpeg"}],"twitter_card":"summary_large_image","twitter_misc":{"Estimated reading time":"1 minute"},"schema":{"@context":"https:\/\/schema.org","@graph":[{"@type":"WebPage","@id":"https:\/\/skaitytaknyga.lt\/produktas\/laimingoji-kurtizane-mini-skaitymo-zymes\/","url":"https:\/\/skaitytaknyga.lt\/produktas\/laimingoji-kurtizane-mini-skaitymo-zymes\/","name":"Laimingoji kurtizan\u0117 (mini skaitymo \u017eym\u0117s)","isPartOf":{"@id":"https:\/\/skaitytaknyga.lt\/#website"},"primaryImageOfPage":{"@id":"https:\/\/skaitytaknyga.lt\/produktas\/laimingoji-kurtizane-mini-skaitymo-zymes\/#primaryimage"},"image":{"@id":"https:\/\/skaitytaknyga.lt\/produktas\/laimingoji-kurtizane-mini-skaitymo-zymes\/#primaryimage"},"thumbnailUrl":"https:\/\/skaitytaknyga.lt\/wp-content\/uploads\/2025\/10\/Laimingoji-kurtizane-1.jpg","datePublished":"2025-10-25T08:33:11+00:00","dateModified":"2025-11-02T17:28:55+00:00","description":"Paskutinysis Danielio Defoe romanas Laimingoji kurtizan\u0117, arba Roksana para\u0161ytas kaip autobiografija moters, kuri pardav\u0117 savo garb\u0119 pirma tod\u0117l, kad","breadcrumb":{"@id":"https:\/\/skaitytaknyga.lt\/produktas\/laimingoji-kurtizane-mini-skaitymo-zymes\/#breadcrumb"},"inLanguage":"en-GB","potentialAction":[{"@type":"ReadAction","target":["https:\/\/skaitytaknyga.lt\/produktas\/laimingoji-kurtizane-mini-skaitymo-zymes\/"]}]},{"@type":"ImageObject","inLanguage":"en-GB","@id":"https:\/\/skaitytaknyga.lt\/produktas\/laimingoji-kurtizane-mini-skaitymo-zymes\/#primaryimage","url":"https:\/\/skaitytaknyga.lt\/wp-content\/uploads\/2025\/10\/Laimingoji-kurtizane-1.jpg","contentUrl":"https:\/\/skaitytaknyga.lt\/wp-content\/uploads\/2025\/10\/Laimingoji-kurtizane-1.jpg","width":295,"height":425,"caption":"Laimingoji kurtizan\u0117"},{"@type":"BreadcrumbList","@id":"https:\/\/skaitytaknyga.lt\/produktas\/laimingoji-kurtizane-mini-skaitymo-zymes\/#breadcrumb","itemListElement":[{"@type":"ListItem","position":1,"name":"Home","item":"https:\/\/skaitytaknyga.lt\/"},{"@type":"ListItem","position":2,"name":"Parduotuv\u0117","item":"https:\/\/skaitytaknyga.lt\/knygu-parduotuve\/"},{"@type":"ListItem","position":3,"name":"Laimingoji kurtizan\u0117 (mini skaitymo \u017eym\u0117s)"}]},{"@type":"WebSite","@id":"https:\/\/skaitytaknyga.lt\/#website","url":"https:\/\/skaitytaknyga.lt\/","name":"skaitytaknyga.lt","description":"Skaitytaknyga.lt \u2013 tai ma\u017eas \u0161eimos verslas, kuris prasid\u0117jo nuo meil\u0117s knygoms ir siekio i\u0161gelb\u0117ti knygas nuo likimo prie konteinerio. Kas vienam nereikalingas daiktas \u2013 kitam lobis, o mes esame tarpininkai, kurie padeda abiems tapti laimingesniems ???? \u017dinome kaip nelengva i\u0161gyventi ma\u017eiems verslams, tad nuo \u0161iol, \u010dia rasite ir kit\u0173, ma\u017e\u0173 \u0161eim\u0173 versl\u0173, rank\u0173 darbo, dovan\u0173 sau ir artimiesiems.","publisher":{"@id":"https:\/\/skaitytaknyga.lt\/#organization"},"potentialAction":[{"@type":"SearchAction","target":{"@type":"EntryPoint","urlTemplate":"https:\/\/skaitytaknyga.lt\/?s={search_term_string}"},"query-input":{"@type":"PropertyValueSpecification","valueRequired":true,"valueName":"search_term_string"}}],"inLanguage":"en-GB"},{"@type":"Organization","@id":"https:\/\/skaitytaknyga.lt\/#organization","name":"skaitytaknyga.lt","url":"https:\/\/skaitytaknyga.lt\/","logo":{"@type":"ImageObject","inLanguage":"en-GB","@id":"https:\/\/skaitytaknyga.lt\/#\/schema\/logo\/image\/","url":"https:\/\/skaitytaknyga.lt\/wp-content\/uploads\/2024\/05\/cropped-cropped-cropped-02_00843_jt3bggkj1j3HLc7SyY6rEUpg.jpeg","contentUrl":"https:\/\/skaitytaknyga.lt\/wp-content\/uploads\/2024\/05\/cropped-cropped-cropped-02_00843_jt3bggkj1j3HLc7SyY6rEUpg.jpeg","width":1600,"height":1600,"caption":"skaitytaknyga.lt"},"image":{"@id":"https:\/\/skaitytaknyga.lt\/#\/schema\/logo\/image\/"},"sameAs":["https:\/\/www.facebook.com\/skaitytaknyga\/"]}]}},"_links":{"self":[{"href":"https:\/\/skaitytaknyga.lt\/en\/wp-json\/wp\/v2\/product\/21600","targetHints":{"allow":["GET"]}}],"collection":[{"href":"https:\/\/skaitytaknyga.lt\/en\/wp-json\/wp\/v2\/product"}],"about":[{"href":"https:\/\/skaitytaknyga.lt\/en\/wp-json\/wp\/v2\/types\/product"}],"replies":[{"embeddable":true,"href":"https:\/\/skaitytaknyga.lt\/en\/wp-json\/wp\/v2\/comments?post=21600"}],"wp:featuredmedia":[{"embeddable":true,"href":"https:\/\/skaitytaknyga.lt\/en\/wp-json\/wp\/v2\/media\/21605"}],"wp:attachment":[{"href":"https:\/\/skaitytaknyga.lt\/en\/wp-json\/wp\/v2\/media?parent=21600"}],"wp:term":[{"taxonomy":"product_brand","embeddable":true,"href":"https:\/\/skaitytaknyga.lt\/en\/wp-json\/wp\/v2\/product_brand?post=21600"},{"taxonomy":"product_cat","embeddable":true,"href":"https:\/\/skaitytaknyga.lt\/en\/wp-json\/wp\/v2\/product_cat?post=21600"},{"taxonomy":"product_tag","embeddable":true,"href":"https:\/\/skaitytaknyga.lt\/en\/wp-json\/wp\/v2\/product_tag?post=21600"}],"curies":[{"name":"wp","href":"https:\/\/api.w.org\/{rel}","templated":true}]}}