{"id":21590,"date":"2025-10-22T14:41:13","date_gmt":"2025-10-22T11:41:13","guid":{"rendered":"https:\/\/skaitytaknyga.lt\/?post_type=product&#038;p=21590"},"modified":"2026-03-18T10:57:05","modified_gmt":"2026-03-18T08:57:05","slug":"daringamo-dvaras-apsisprendimas","status":"publish","type":"product","link":"https:\/\/skaitytaknyga.lt\/en\/produktas\/daringamo-dvaras-apsisprendimas\/","title":{"rendered":"Daringamo dvaras. Apsisprendimas"},"content":{"rendered":"<p>Senos paslaptys atskleistos, bet Daringamo dvare toliau verda aistros. K\u0105 pasirinks naujasis paveld\u0117tojas: ker\u0161t\u0105 ar susitaikym\u0105?<\/p>\n<p>I\u0161taigingas Daringamo dvaras idili\u0161kame m\u016bs\u0173 dien\u0173 Anglijos kampelyje visada priklaus\u0117 Kemden\u0173 giminei. Karta i\u0161 kartos j\u012f paveld\u0117davo vyriausias Kemden\u0173 s\u016bnus. Niekas n\u0117 neb\u016bt\u0173 \u012ftar\u0119s, kad vien\u0105 dien\u0105 dvaras gal\u0117t\u0173 i\u0161spr\u016bsti i\u0161 \u0161ios kilmingos \u0161eimos rank\u0173&#8230;<\/p>\n<p>Benas neapsisprend\u017eia, ar vykti \u012f Niujork\u0105, kur jo laukia svarb\u016bs verslo reikalai, ar pasilikti dvare ir geriau pa\u017einti savo nauj\u0105j\u0105 \u0161eim\u0105, kurios nariai priima j\u012f labai skirtingai. Senoji ponia niekaip nenori susitaikyti su i\u0161tikusia pad\u0117timi, o dabartinis dvaro \u0161eimininkas \u2013 Beno t\u0117vas \u2013 \u012ftartinai ramiai reaguoja \u012f dramati\u0161kus \u012fvykius. Kokia dar tiesa paai\u0161k\u0117s apie Daringamo dvar\u0105 ir kokio netik\u0117to pra\u0161ymo sulauks Benas?<\/p>\n<p>\u012esi\u017eieb\u0119 Beno ir Keit\u0117s jausmai patiria rimt\u0173 i\u0161bandym\u0173. Vyrui atgavus atmint\u012f ir prisiminus tikruosius ketinimus, j\u0173dviej\u0173 santykiai tampa labai pain\u016bs. Lyg ty\u010dia tuo metu Keitei ima meilintis \u017eavus atvyk\u0117lis i\u0161 Pranc\u016bzijos. Ar Beno ir Keit\u0117s meil\u0117 \u012fveiks i\u0161kilusius sunkumus? Kok\u012f sprendim\u0105 lemting\u0105 akimirk\u0105 priims Keit\u0117?<\/p>\n<p>\u0160ioje knygoje yra visko, ko laukiame skaitydami apie senus dvarus ir j\u0173 gyventoj\u0173 likimus: kiekviename r\u016bm\u0173 kampelyje knib\u017edan\u010dios intrigos ir paslaptys, neu\u017emir\u0161tami veik\u0117jai, vienas kit\u0105 vejantys \u012fvykiai ir aistros prisodrinta meil\u0117s istorija.<\/p>\n","protected":false},"excerpt":{"rendered":"<p>Senos paslaptys atskleistos, bet Daringamo dvare toliau verda aistros. K\u0105 pasirinks naujasis paveld\u0117tojas: ker\u0161t\u0105 ar susitaikym\u0105? I\u0161taigingas Daringamo dvaras idili\u0161kame m\u016bs\u0173 dien\u0173 Anglijos kampelyje visada priklaus\u0117 Kemden\u0173 giminei. Karta i\u0161 kartos j\u012f paveld\u0117davo vyriausias Kemden\u0173 s\u016bnus. Niekas n\u0117 neb\u016bt\u0173 \u012ftar\u0119s, kad vien\u0105 dien\u0105 dvaras gal\u0117t\u0173 i\u0161spr\u016bsti i\u0161 \u0161ios kilmingos \u0161eimos rank\u0173&#8230; Benas neapsisprend\u017eia, ar vykti \u012f Niujork\u0105, kur jo laukia svarb\u016bs verslo reikalai, ar pasilikti dvare ir geriau pa\u017einti savo nauj\u0105j\u0105 \u0161eim\u0105, kurios nariai priima j\u012f labai skirtingai. Senoji ponia niekaip nenori susitaikyti su i\u0161tikusia pad\u0117timi, o dabartinis dvaro \u0161eimininkas \u2013 Beno t\u0117vas \u2013 \u012ftartinai ramiai reaguoja \u012f dramati\u0161kus \u012fvykius. Kokia dar tiesa paai\u0161k\u0117s apie Daringamo dvar\u0105 ir kokio netik\u0117to pra\u0161ymo sulauks Benas? \u012esi\u017eieb\u0119 Beno ir Keit\u0117s jausmai patiria rimt\u0173 i\u0161bandym\u0173. Vyrui atgavus atmint\u012f ir prisiminus tikruosius ketinimus, j\u0173dviej\u0173 santykiai tampa labai pain\u016bs. Lyg ty\u010dia tuo metu Keitei ima meilintis \u017eavus atvyk\u0117lis i\u0161 Pranc\u016bzijos. Ar Beno ir Keit\u0117s meil\u0117 \u012fveiks i\u0161kilusius sunkumus? Kok\u012f sprendim\u0105 lemting\u0105 akimirk\u0105 priims Keit\u0117? \u0160ioje knygoje yra visko, ko laukiame skaitydami apie senus dvarus ir j\u0173 gyventoj\u0173 likimus: kiekviename r\u016bm\u0173 kampelyje knib\u017edan\u010dios intrigos ir paslaptys, neu\u017emir\u0161tami veik\u0117jai, vienas kit\u0105 vejantys \u012fvykiai ir aistros prisodrinta meil\u0117s istorija.<\/p>\n","protected":false},"featured_media":21596,"comment_status":"open","ping_status":"closed","template":"","meta":{"_acf_changed":false,"site-sidebar-layout":"default","site-content-layout":"","ast-site-content-layout":"default","site-content-style":"default","site-sidebar-style":"default","ast-global-header-display":"","ast-banner-title-visibility":"","ast-main-header-display":"","ast-hfb-above-header-display":"","ast-hfb-below-header-display":"","ast-hfb-mobile-header-display":"","site-post-title":"","ast-breadcrumbs-content":"","ast-featured-img":"","footer-sml-layout":"","ast-disable-related-posts":"","theme-transparent-header-meta":"","adv-header-id-meta":"","stick-header-meta":"","header-above-stick-meta":"","header-main-stick-meta":"","header-below-stick-meta":"","astra-migrate-meta-layouts":"default","ast-page-background-enabled":"default","ast-page-background-meta":{"desktop":{"background-color":"","background-image":"","background-repeat":"repeat","background-position":"center center","background-size":"auto","background-attachment":"scroll","background-type":"","background-media":"","overlay-type":"","overlay-color":"","overlay-opacity":"","overlay-gradient":""},"tablet":{"background-color":"","background-image":"","background-repeat":"repeat","background-position":"center center","background-size":"auto","background-attachment":"scroll","background-type":"","background-media":"","overlay-type":"","overlay-color":"","overlay-opacity":"","overlay-gradient":""},"mobile":{"background-color":"","background-image":"","background-repeat":"repeat","background-position":"center center","background-size":"auto","background-attachment":"scroll","background-type":"","background-media":"","overlay-type":"","overlay-color":"","overlay-opacity":"","overlay-gradient":""}},"ast-content-background-meta":{"desktop":{"background-color":"var(--ast-global-color-4)","background-image":"","background-repeat":"repeat","background-position":"center center","background-size":"auto","background-attachment":"scroll","background-type":"","background-media":"","overlay-type":"","overlay-color":"","overlay-opacity":"","overlay-gradient":""},"tablet":{"background-color":"var(--ast-global-color-4)","background-image":"","background-repeat":"repeat","background-position":"center center","background-size":"auto","background-attachment":"scroll","background-type":"","background-media":"","overlay-type":"","overlay-color":"","overlay-opacity":"","overlay-gradient":""},"mobile":{"background-color":"var(--ast-global-color-4)","background-image":"","background-repeat":"repeat","background-position":"center center","background-size":"auto","background-attachment":"scroll","background-type":"","background-media":"","overlay-type":"","overlay-color":"","overlay-opacity":"","overlay-gradient":""}}},"product_brand":[],"product_cat":[9579],"product_tag":[],"class_list":{"0":"post-21590","1":"product","2":"type-product","3":"status-publish","4":"has-post-thumbnail","6":"product_cat-meiles-romanai","7":"desktop-align-left","8":"tablet-align-left","9":"mobile-align-left","11":"first","12":"instock","13":"shipping-taxable","14":"purchasable","15":"product-type-simple"},"acf":[],"yoast_head":"<!-- This site is optimized with the Yoast SEO plugin v27.0 - https:\/\/yoast.com\/product\/yoast-seo-wordpress\/ -->\n<title>Daringamo dvaras. Apsisprendimas<\/title>\n<meta name=\"description\" content=\"Senos paslaptys atskleistos, bet Daringamo dvare toliau verda aistros. K\u0105 pasirinks naujasis paveld\u0117tojas: ker\u0161t\u0105 ar susitaikym\u0105? I\u0161taigingas Daringamo\" \/>\n<meta name=\"robots\" content=\"index, follow, max-snippet:-1, max-image-preview:large, max-video-preview:-1\" \/>\n<link rel=\"canonical\" href=\"https:\/\/skaitytaknyga.lt\/en\/produktas\/daringamo-dvaras-apsisprendimas\/\" \/>\n<meta property=\"og:locale\" content=\"en_GB\" \/>\n<meta property=\"og:locale:alternate\" content=\"lt_LT\" \/>\n<meta property=\"og:type\" content=\"article\" \/>\n<meta property=\"og:title\" content=\"Daringamo dvaras. Apsisprendimas\" \/>\n<meta property=\"og:description\" content=\"Senos paslaptys atskleistos, bet Daringamo dvare toliau verda aistros. K\u0105 pasirinks naujasis paveld\u0117tojas: ker\u0161t\u0105 ar susitaikym\u0105? I\u0161taigingas Daringamo\" \/>\n<meta property=\"og:url\" content=\"https:\/\/skaitytaknyga.lt\/en\/produktas\/daringamo-dvaras-apsisprendimas\/\" \/>\n<meta property=\"og:site_name\" content=\"Skaitytaknyga\" \/>\n<meta property=\"article:publisher\" content=\"https:\/\/www.facebook.com\/skaitytaknyga\/\" \/>\n<meta property=\"article:modified_time\" content=\"2026-03-18T08:57:05+00:00\" \/>\n<meta property=\"og:image\" content=\"https:\/\/skaitytaknyga.lt\/wp-content\/uploads\/2025\/10\/Daringamo-dvaras.-Apsisprendimas-1.webp\" \/>\n\t<meta property=\"og:image:width\" content=\"366\" \/>\n\t<meta property=\"og:image:height\" content=\"600\" \/>\n\t<meta property=\"og:image:type\" content=\"image\/webp\" \/>\n<meta name=\"twitter:card\" content=\"summary_large_image\" \/>\n<meta name=\"twitter:label1\" content=\"Estimated reading time\" \/>\n\t<meta name=\"twitter:data1\" content=\"1 minute\" \/>\n<script type=\"application\/ld+json\" class=\"yoast-schema-graph\">{\"@context\":\"https:\/\/schema.org\",\"@graph\":[{\"@type\":\"WebPage\",\"@id\":\"https:\/\/skaitytaknyga.lt\/produktas\/daringamo-dvaras-apsisprendimas\/\",\"url\":\"https:\/\/skaitytaknyga.lt\/produktas\/daringamo-dvaras-apsisprendimas\/\",\"name\":\"Daringamo dvaras. Apsisprendimas\",\"isPartOf\":{\"@id\":\"https:\/\/skaitytaknyga.lt\/#website\"},\"primaryImageOfPage\":{\"@id\":\"https:\/\/skaitytaknyga.lt\/produktas\/daringamo-dvaras-apsisprendimas\/#primaryimage\"},\"image\":{\"@id\":\"https:\/\/skaitytaknyga.lt\/produktas\/daringamo-dvaras-apsisprendimas\/#primaryimage\"},\"thumbnailUrl\":\"https:\/\/skaitytaknyga.lt\/wp-content\/uploads\/2025\/10\/Daringamo-dvaras.-Apsisprendimas-1.webp\",\"datePublished\":\"2025-10-22T11:41:13+00:00\",\"dateModified\":\"2026-03-18T08:57:05+00:00\",\"description\":\"Senos paslaptys atskleistos, bet Daringamo dvare toliau verda aistros. K\u0105 pasirinks naujasis paveld\u0117tojas: ker\u0161t\u0105 ar susitaikym\u0105? I\u0161taigingas Daringamo\",\"breadcrumb\":{\"@id\":\"https:\/\/skaitytaknyga.lt\/produktas\/daringamo-dvaras-apsisprendimas\/#breadcrumb\"},\"inLanguage\":\"en-GB\",\"potentialAction\":[{\"@type\":\"ReadAction\",\"target\":[\"https:\/\/skaitytaknyga.lt\/produktas\/daringamo-dvaras-apsisprendimas\/\"]}]},{\"@type\":\"ImageObject\",\"inLanguage\":\"en-GB\",\"@id\":\"https:\/\/skaitytaknyga.lt\/produktas\/daringamo-dvaras-apsisprendimas\/#primaryimage\",\"url\":\"https:\/\/skaitytaknyga.lt\/wp-content\/uploads\/2025\/10\/Daringamo-dvaras.-Apsisprendimas-1.webp\",\"contentUrl\":\"https:\/\/skaitytaknyga.lt\/wp-content\/uploads\/2025\/10\/Daringamo-dvaras.-Apsisprendimas-1.webp\",\"width\":366,\"height\":600,\"caption\":\"Daringamo dvaras. Apsisprendimas\"},{\"@type\":\"BreadcrumbList\",\"@id\":\"https:\/\/skaitytaknyga.lt\/produktas\/daringamo-dvaras-apsisprendimas\/#breadcrumb\",\"itemListElement\":[{\"@type\":\"ListItem\",\"position\":1,\"name\":\"Home\",\"item\":\"https:\/\/skaitytaknyga.lt\/\"},{\"@type\":\"ListItem\",\"position\":2,\"name\":\"Parduotuv\u0117\",\"item\":\"https:\/\/skaitytaknyga.lt\/knygu-parduotuve\/\"},{\"@type\":\"ListItem\",\"position\":3,\"name\":\"Daringamo dvaras. Apsisprendimas\"}]},{\"@type\":\"WebSite\",\"@id\":\"https:\/\/skaitytaknyga.lt\/#website\",\"url\":\"https:\/\/skaitytaknyga.lt\/\",\"name\":\"skaitytaknyga.lt\",\"description\":\"Skaitytaknyga.lt \u2013 tai ma\u017eas \u0161eimos verslas, kuris prasid\u0117jo nuo meil\u0117s knygoms ir siekio i\u0161gelb\u0117ti knygas nuo likimo prie konteinerio. Kas vienam nereikalingas daiktas \u2013 kitam lobis, o mes esame tarpininkai, kurie padeda abiems tapti laimingesniems ???? \u017dinome kaip nelengva i\u0161gyventi ma\u017eiems verslams, tad nuo \u0161iol, \u010dia rasite ir kit\u0173, ma\u017e\u0173 \u0161eim\u0173 versl\u0173, rank\u0173 darbo, dovan\u0173 sau ir artimiesiems.\",\"publisher\":{\"@id\":\"https:\/\/skaitytaknyga.lt\/#organization\"},\"potentialAction\":[{\"@type\":\"SearchAction\",\"target\":{\"@type\":\"EntryPoint\",\"urlTemplate\":\"https:\/\/skaitytaknyga.lt\/?s={search_term_string}\"},\"query-input\":{\"@type\":\"PropertyValueSpecification\",\"valueRequired\":true,\"valueName\":\"search_term_string\"}}],\"inLanguage\":\"en-GB\"},{\"@type\":\"Organization\",\"@id\":\"https:\/\/skaitytaknyga.lt\/#organization\",\"name\":\"skaitytaknyga.lt\",\"url\":\"https:\/\/skaitytaknyga.lt\/\",\"logo\":{\"@type\":\"ImageObject\",\"inLanguage\":\"en-GB\",\"@id\":\"https:\/\/skaitytaknyga.lt\/#\/schema\/logo\/image\/\",\"url\":\"https:\/\/skaitytaknyga.lt\/wp-content\/uploads\/2024\/05\/cropped-cropped-cropped-02_00843_jt3bggkj1j3HLc7SyY6rEUpg.jpeg\",\"contentUrl\":\"https:\/\/skaitytaknyga.lt\/wp-content\/uploads\/2024\/05\/cropped-cropped-cropped-02_00843_jt3bggkj1j3HLc7SyY6rEUpg.jpeg\",\"width\":1600,\"height\":1600,\"caption\":\"skaitytaknyga.lt\"},\"image\":{\"@id\":\"https:\/\/skaitytaknyga.lt\/#\/schema\/logo\/image\/\"},\"sameAs\":[\"https:\/\/www.facebook.com\/skaitytaknyga\/\"]}]}<\/script>\n<!-- \/ Yoast SEO plugin. -->","yoast_head_json":{"title":"Daringamo dvaras. Apsisprendimas","description":"Senos paslaptys atskleistos, bet Daringamo dvare toliau verda aistros. K\u0105 pasirinks naujasis paveld\u0117tojas: ker\u0161t\u0105 ar susitaikym\u0105? I\u0161taigingas Daringamo","robots":{"index":"index","follow":"follow","max-snippet":"max-snippet:-1","max-image-preview":"max-image-preview:large","max-video-preview":"max-video-preview:-1"},"canonical":"https:\/\/skaitytaknyga.lt\/en\/produktas\/daringamo-dvaras-apsisprendimas\/","og_locale":"en_GB","og_type":"article","og_title":"[:lt]Daringamo dvaras. Apsisprendimas[:] - Skaitytaknyga","og_description":"Senos paslaptys atskleistos, bet Daringamo dvare toliau verda aistros. K\u0105 pasirinks naujasis paveld\u0117tojas: ker\u0161t\u0105 ar susitaikym\u0105? I\u0161taigingas Daringamo","og_url":"https:\/\/skaitytaknyga.lt\/en\/produktas\/daringamo-dvaras-apsisprendimas\/","og_site_name":"Skaitytaknyga","article_publisher":"https:\/\/www.facebook.com\/skaitytaknyga\/","article_modified_time":"2026-03-18T08:57:05+00:00","og_image":[{"width":366,"height":600,"url":"https:\/\/skaitytaknyga.lt\/wp-content\/uploads\/2025\/10\/Daringamo-dvaras.-Apsisprendimas-1.webp","type":"image\/webp"}],"twitter_card":"summary_large_image","twitter_misc":{"Estimated reading time":"1 minute"},"schema":{"@context":"https:\/\/schema.org","@graph":[{"@type":"WebPage","@id":"https:\/\/skaitytaknyga.lt\/produktas\/daringamo-dvaras-apsisprendimas\/","url":"https:\/\/skaitytaknyga.lt\/produktas\/daringamo-dvaras-apsisprendimas\/","name":"Daringamo dvaras. Apsisprendimas","isPartOf":{"@id":"https:\/\/skaitytaknyga.lt\/#website"},"primaryImageOfPage":{"@id":"https:\/\/skaitytaknyga.lt\/produktas\/daringamo-dvaras-apsisprendimas\/#primaryimage"},"image":{"@id":"https:\/\/skaitytaknyga.lt\/produktas\/daringamo-dvaras-apsisprendimas\/#primaryimage"},"thumbnailUrl":"https:\/\/skaitytaknyga.lt\/wp-content\/uploads\/2025\/10\/Daringamo-dvaras.-Apsisprendimas-1.webp","datePublished":"2025-10-22T11:41:13+00:00","dateModified":"2026-03-18T08:57:05+00:00","description":"Senos paslaptys atskleistos, bet Daringamo dvare toliau verda aistros. K\u0105 pasirinks naujasis paveld\u0117tojas: ker\u0161t\u0105 ar susitaikym\u0105? I\u0161taigingas Daringamo","breadcrumb":{"@id":"https:\/\/skaitytaknyga.lt\/produktas\/daringamo-dvaras-apsisprendimas\/#breadcrumb"},"inLanguage":"en-GB","potentialAction":[{"@type":"ReadAction","target":["https:\/\/skaitytaknyga.lt\/produktas\/daringamo-dvaras-apsisprendimas\/"]}]},{"@type":"ImageObject","inLanguage":"en-GB","@id":"https:\/\/skaitytaknyga.lt\/produktas\/daringamo-dvaras-apsisprendimas\/#primaryimage","url":"https:\/\/skaitytaknyga.lt\/wp-content\/uploads\/2025\/10\/Daringamo-dvaras.-Apsisprendimas-1.webp","contentUrl":"https:\/\/skaitytaknyga.lt\/wp-content\/uploads\/2025\/10\/Daringamo-dvaras.-Apsisprendimas-1.webp","width":366,"height":600,"caption":"Daringamo dvaras. Apsisprendimas"},{"@type":"BreadcrumbList","@id":"https:\/\/skaitytaknyga.lt\/produktas\/daringamo-dvaras-apsisprendimas\/#breadcrumb","itemListElement":[{"@type":"ListItem","position":1,"name":"Home","item":"https:\/\/skaitytaknyga.lt\/"},{"@type":"ListItem","position":2,"name":"Parduotuv\u0117","item":"https:\/\/skaitytaknyga.lt\/knygu-parduotuve\/"},{"@type":"ListItem","position":3,"name":"Daringamo dvaras. Apsisprendimas"}]},{"@type":"WebSite","@id":"https:\/\/skaitytaknyga.lt\/#website","url":"https:\/\/skaitytaknyga.lt\/","name":"skaitytaknyga.lt","description":"Skaitytaknyga.lt \u2013 tai ma\u017eas \u0161eimos verslas, kuris prasid\u0117jo nuo meil\u0117s knygoms ir siekio i\u0161gelb\u0117ti knygas nuo likimo prie konteinerio. Kas vienam nereikalingas daiktas \u2013 kitam lobis, o mes esame tarpininkai, kurie padeda abiems tapti laimingesniems ???? \u017dinome kaip nelengva i\u0161gyventi ma\u017eiems verslams, tad nuo \u0161iol, \u010dia rasite ir kit\u0173, ma\u017e\u0173 \u0161eim\u0173 versl\u0173, rank\u0173 darbo, dovan\u0173 sau ir artimiesiems.","publisher":{"@id":"https:\/\/skaitytaknyga.lt\/#organization"},"potentialAction":[{"@type":"SearchAction","target":{"@type":"EntryPoint","urlTemplate":"https:\/\/skaitytaknyga.lt\/?s={search_term_string}"},"query-input":{"@type":"PropertyValueSpecification","valueRequired":true,"valueName":"search_term_string"}}],"inLanguage":"en-GB"},{"@type":"Organization","@id":"https:\/\/skaitytaknyga.lt\/#organization","name":"skaitytaknyga.lt","url":"https:\/\/skaitytaknyga.lt\/","logo":{"@type":"ImageObject","inLanguage":"en-GB","@id":"https:\/\/skaitytaknyga.lt\/#\/schema\/logo\/image\/","url":"https:\/\/skaitytaknyga.lt\/wp-content\/uploads\/2024\/05\/cropped-cropped-cropped-02_00843_jt3bggkj1j3HLc7SyY6rEUpg.jpeg","contentUrl":"https:\/\/skaitytaknyga.lt\/wp-content\/uploads\/2024\/05\/cropped-cropped-cropped-02_00843_jt3bggkj1j3HLc7SyY6rEUpg.jpeg","width":1600,"height":1600,"caption":"skaitytaknyga.lt"},"image":{"@id":"https:\/\/skaitytaknyga.lt\/#\/schema\/logo\/image\/"},"sameAs":["https:\/\/www.facebook.com\/skaitytaknyga\/"]}]}},"_links":{"self":[{"href":"https:\/\/skaitytaknyga.lt\/en\/wp-json\/wp\/v2\/product\/21590","targetHints":{"allow":["GET"]}}],"collection":[{"href":"https:\/\/skaitytaknyga.lt\/en\/wp-json\/wp\/v2\/product"}],"about":[{"href":"https:\/\/skaitytaknyga.lt\/en\/wp-json\/wp\/v2\/types\/product"}],"replies":[{"embeddable":true,"href":"https:\/\/skaitytaknyga.lt\/en\/wp-json\/wp\/v2\/comments?post=21590"}],"wp:featuredmedia":[{"embeddable":true,"href":"https:\/\/skaitytaknyga.lt\/en\/wp-json\/wp\/v2\/media\/21596"}],"wp:attachment":[{"href":"https:\/\/skaitytaknyga.lt\/en\/wp-json\/wp\/v2\/media?parent=21590"}],"wp:term":[{"taxonomy":"product_brand","embeddable":true,"href":"https:\/\/skaitytaknyga.lt\/en\/wp-json\/wp\/v2\/product_brand?post=21590"},{"taxonomy":"product_cat","embeddable":true,"href":"https:\/\/skaitytaknyga.lt\/en\/wp-json\/wp\/v2\/product_cat?post=21590"},{"taxonomy":"product_tag","embeddable":true,"href":"https:\/\/skaitytaknyga.lt\/en\/wp-json\/wp\/v2\/product_tag?post=21590"}],"curies":[{"name":"wp","href":"https:\/\/api.w.org\/{rel}","templated":true}]}}