{"id":21589,"date":"2025-10-22T14:41:13","date_gmt":"2025-10-22T11:41:13","guid":{"rendered":"https:\/\/skaitytaknyga.lt\/?post_type=product&#038;p=21589"},"modified":"2025-10-25T12:24:34","modified_gmt":"2025-10-25T09:24:34","slug":"povo-turgelis","status":"publish","type":"product","link":"https:\/\/skaitytaknyga.lt\/en\/produktas\/povo-turgelis\/","title":{"rendered":"Povo turgelis"},"content":{"rendered":"<p>Septintasis de\u0161imtmetis, At\u0117n\u0117 Forster \u2014 \u017eavingiausia savosios kartos atstov\u0117. \u0160i gra\u017ei, i\u0161lepinta, pernelyg daug sau leid\u017eianti mergina gavo Paskutiniosios Debiutant\u0117s pravard\u0119. Jai sutikus tek\u0117ti u\u017e \u017eavaus jauno paveld\u0117tojo Daglo Feirli-Hulmo, jos t\u0117vai lengviau atsip\u016bt\u0117. Ta\u010diau po dvej\u0173 met\u0173 pasklido gandai apie At\u0117n\u0117s roman\u0105 su jaunu prekeiviu.<\/p>\n<p>Po trisde\u0161imt penkeri\u0173 met\u0173 Suzanai Pikok tenka grumtis su garsiosios savo motinos palikimu. Ji randa paguod\u0105 tik pa\u010dios atidarytoje krautuv\u0117l\u0117je-kavin\u0117je, pavadintoje \u201ePovo turgeliu&#8221;, tapusiu tikru rojumi ir kitiems miestelio nepritap\u0117liams. Ten ji turb\u016bt pirm\u0105 kart\u0105 gyvenime randa tikr\u0173 draug\u0173, vienas i\u0161 j\u0173 \u2014 Alechandras, aku\u0161eris, pab\u0117g\u0119s nuo Argentinoje j\u012f persekiojan\u010dios praeities.<\/p>\n<p>Suzan\u0105 irgi persekioja motinos vaiduoklis, \u012fsi\u016bbav\u0119s tragi\u0161k\u0173 \u012fvyki\u0173 grandin\u0119. Tik stojusi prie\u0161 savo \u0161eim\u0105 ir pripa\u017einusi ilgai sl\u0117ptus jausmus Suzana gal\u0117s susitaikyti su praeitimi. Pajutusi tvirt\u0105 pagrind\u0105 po kojomis ji supranta, kad raktas \u012f istorij\u0105 ir \u012f laim\u0119 vis\u0105 laik\u0105 buvo \u010dia pat.<\/p>\n","protected":false},"excerpt":{"rendered":"<p>Septintasis de\u0161imtmetis, At\u0117n\u0117 Forster \u2014 \u017eavingiausia savosios kartos atstov\u0117. \u0160i gra\u017ei, i\u0161lepinta, pernelyg daug sau leid\u017eianti mergina gavo Paskutiniosios Debiutant\u0117s pravard\u0119. Jai sutikus tek\u0117ti u\u017e \u017eavaus jauno paveld\u0117tojo Daglo Feirli-Hulmo, jos t\u0117vai lengviau atsip\u016bt\u0117. Ta\u010diau po dvej\u0173 met\u0173 pasklido gandai apie At\u0117n\u0117s roman\u0105 su jaunu prekeiviu. Po trisde\u0161imt penkeri\u0173 met\u0173 Suzanai Pikok tenka grumtis su garsiosios savo motinos palikimu. Ji randa paguod\u0105 tik pa\u010dios atidarytoje krautuv\u0117l\u0117je-kavin\u0117je, pavadintoje \u201ePovo turgeliu&#8221;, tapusiu tikru rojumi ir kitiems miestelio nepritap\u0117liams. Ten ji turb\u016bt pirm\u0105 kart\u0105 gyvenime randa tikr\u0173 draug\u0173, vienas i\u0161 j\u0173 \u2014 Alechandras, aku\u0161eris, pab\u0117g\u0119s nuo Argentinoje j\u012f persekiojan\u010dios praeities. Suzan\u0105 irgi persekioja motinos vaiduoklis, \u012fsi\u016bbav\u0119s tragi\u0161k\u0173 \u012fvyki\u0173 grandin\u0119. Tik stojusi prie\u0161 savo \u0161eim\u0105 ir pripa\u017einusi ilgai sl\u0117ptus jausmus Suzana gal\u0117s susitaikyti su praeitimi. Pajutusi tvirt\u0105 pagrind\u0105 po kojomis ji supranta, kad raktas \u012f istorij\u0105 ir \u012f laim\u0119 vis\u0105 laik\u0105 buvo \u010dia pat.<\/p>\n","protected":false},"featured_media":21595,"comment_status":"open","ping_status":"closed","template":"","meta":{"_acf_changed":false,"site-sidebar-layout":"default","site-content-layout":"","ast-site-content-layout":"default","site-content-style":"default","site-sidebar-style":"default","ast-global-header-display":"","ast-banner-title-visibility":"","ast-main-header-display":"","ast-hfb-above-header-display":"","ast-hfb-below-header-display":"","ast-hfb-mobile-header-display":"","site-post-title":"","ast-breadcrumbs-content":"","ast-featured-img":"","footer-sml-layout":"","ast-disable-related-posts":"","theme-transparent-header-meta":"","adv-header-id-meta":"","stick-header-meta":"","header-above-stick-meta":"","header-main-stick-meta":"","header-below-stick-meta":"","astra-migrate-meta-layouts":"default","ast-page-background-enabled":"default","ast-page-background-meta":{"desktop":{"background-color":"","background-image":"","background-repeat":"repeat","background-position":"center center","background-size":"auto","background-attachment":"scroll","background-type":"","background-media":"","overlay-type":"","overlay-color":"","overlay-opacity":"","overlay-gradient":""},"tablet":{"background-color":"","background-image":"","background-repeat":"repeat","background-position":"center center","background-size":"auto","background-attachment":"scroll","background-type":"","background-media":"","overlay-type":"","overlay-color":"","overlay-opacity":"","overlay-gradient":""},"mobile":{"background-color":"","background-image":"","background-repeat":"repeat","background-position":"center center","background-size":"auto","background-attachment":"scroll","background-type":"","background-media":"","overlay-type":"","overlay-color":"","overlay-opacity":"","overlay-gradient":""}},"ast-content-background-meta":{"desktop":{"background-color":"var(--ast-global-color-4)","background-image":"","background-repeat":"repeat","background-position":"center center","background-size":"auto","background-attachment":"scroll","background-type":"","background-media":"","overlay-type":"","overlay-color":"","overlay-opacity":"","overlay-gradient":""},"tablet":{"background-color":"var(--ast-global-color-4)","background-image":"","background-repeat":"repeat","background-position":"center center","background-size":"auto","background-attachment":"scroll","background-type":"","background-media":"","overlay-type":"","overlay-color":"","overlay-opacity":"","overlay-gradient":""},"mobile":{"background-color":"var(--ast-global-color-4)","background-image":"","background-repeat":"repeat","background-position":"center center","background-size":"auto","background-attachment":"scroll","background-type":"","background-media":"","overlay-type":"","overlay-color":"","overlay-opacity":"","overlay-gradient":""}}},"product_brand":[],"product_cat":[31],"product_tag":[],"class_list":{"0":"post-21589","1":"product","2":"type-product","3":"status-publish","4":"has-post-thumbnail","6":"product_cat-grozine-literatura","7":"desktop-align-left","8":"tablet-align-left","9":"mobile-align-left","11":"first","12":"instock","13":"shipping-taxable","14":"purchasable","15":"product-type-simple"},"acf":[],"yoast_head":"<!-- This site is optimized with the Yoast SEO plugin v27.0 - https:\/\/yoast.com\/product\/yoast-seo-wordpress\/ -->\n<title>Povo turgelis<\/title>\n<meta name=\"description\" content=\"Septintasis de\u0161imtmetis, At\u0117n\u0117 Forster \u2014 \u017eavingiausia savosios kartos atstov\u0117. \u0160i gra\u017ei, i\u0161lepinta, pernelyg daug sau leid\u017eianti mergina gavo\" \/>\n<meta name=\"robots\" content=\"index, follow, max-snippet:-1, max-image-preview:large, max-video-preview:-1\" \/>\n<link rel=\"canonical\" href=\"https:\/\/skaitytaknyga.lt\/en\/produktas\/povo-turgelis\/\" \/>\n<meta property=\"og:locale\" content=\"en_GB\" \/>\n<meta property=\"og:locale:alternate\" content=\"lt_LT\" \/>\n<meta property=\"og:type\" content=\"article\" \/>\n<meta property=\"og:title\" content=\"Povo turgelis\" \/>\n<meta property=\"og:description\" content=\"Septintasis de\u0161imtmetis, At\u0117n\u0117 Forster \u2014 \u017eavingiausia savosios kartos atstov\u0117. \u0160i gra\u017ei, i\u0161lepinta, pernelyg daug sau leid\u017eianti mergina gavo\" \/>\n<meta property=\"og:url\" content=\"https:\/\/skaitytaknyga.lt\/en\/produktas\/povo-turgelis\/\" \/>\n<meta property=\"og:site_name\" content=\"Skaitytaknyga\" \/>\n<meta property=\"article:publisher\" content=\"https:\/\/www.facebook.com\/skaitytaknyga\/\" \/>\n<meta property=\"article:modified_time\" content=\"2025-10-25T09:24:34+00:00\" \/>\n<meta property=\"og:image\" content=\"https:\/\/skaitytaknyga.lt\/wp-content\/uploads\/2025\/10\/Povo-turgelis-1.webp\" \/>\n\t<meta property=\"og:image:width\" content=\"529\" \/>\n\t<meta property=\"og:image:height\" content=\"801\" \/>\n\t<meta property=\"og:image:type\" content=\"image\/webp\" \/>\n<meta name=\"twitter:card\" content=\"summary_large_image\" \/>\n<meta name=\"twitter:label1\" content=\"Estimated reading time\" \/>\n\t<meta name=\"twitter:data1\" content=\"1 minute\" \/>\n<script type=\"application\/ld+json\" class=\"yoast-schema-graph\">{\"@context\":\"https:\/\/schema.org\",\"@graph\":[{\"@type\":\"WebPage\",\"@id\":\"https:\/\/skaitytaknyga.lt\/produktas\/povo-turgelis\/\",\"url\":\"https:\/\/skaitytaknyga.lt\/produktas\/povo-turgelis\/\",\"name\":\"Povo turgelis\",\"isPartOf\":{\"@id\":\"https:\/\/skaitytaknyga.lt\/#website\"},\"primaryImageOfPage\":{\"@id\":\"https:\/\/skaitytaknyga.lt\/produktas\/povo-turgelis\/#primaryimage\"},\"image\":{\"@id\":\"https:\/\/skaitytaknyga.lt\/produktas\/povo-turgelis\/#primaryimage\"},\"thumbnailUrl\":\"https:\/\/skaitytaknyga.lt\/wp-content\/uploads\/2025\/10\/Povo-turgelis-1.webp\",\"datePublished\":\"2025-10-22T11:41:13+00:00\",\"dateModified\":\"2025-10-25T09:24:34+00:00\",\"description\":\"Septintasis de\u0161imtmetis, At\u0117n\u0117 Forster \u2014 \u017eavingiausia savosios kartos atstov\u0117. \u0160i gra\u017ei, i\u0161lepinta, pernelyg daug sau leid\u017eianti mergina gavo\",\"breadcrumb\":{\"@id\":\"https:\/\/skaitytaknyga.lt\/produktas\/povo-turgelis\/#breadcrumb\"},\"inLanguage\":\"en-GB\",\"potentialAction\":[{\"@type\":\"ReadAction\",\"target\":[\"https:\/\/skaitytaknyga.lt\/produktas\/povo-turgelis\/\"]}]},{\"@type\":\"ImageObject\",\"inLanguage\":\"en-GB\",\"@id\":\"https:\/\/skaitytaknyga.lt\/produktas\/povo-turgelis\/#primaryimage\",\"url\":\"https:\/\/skaitytaknyga.lt\/wp-content\/uploads\/2025\/10\/Povo-turgelis-1.webp\",\"contentUrl\":\"https:\/\/skaitytaknyga.lt\/wp-content\/uploads\/2025\/10\/Povo-turgelis-1.webp\",\"width\":529,\"height\":801},{\"@type\":\"BreadcrumbList\",\"@id\":\"https:\/\/skaitytaknyga.lt\/produktas\/povo-turgelis\/#breadcrumb\",\"itemListElement\":[{\"@type\":\"ListItem\",\"position\":1,\"name\":\"Home\",\"item\":\"https:\/\/skaitytaknyga.lt\/\"},{\"@type\":\"ListItem\",\"position\":2,\"name\":\"Parduotuv\u0117\",\"item\":\"https:\/\/skaitytaknyga.lt\/knygu-parduotuve\/\"},{\"@type\":\"ListItem\",\"position\":3,\"name\":\"Povo turgelis\"}]},{\"@type\":\"WebSite\",\"@id\":\"https:\/\/skaitytaknyga.lt\/#website\",\"url\":\"https:\/\/skaitytaknyga.lt\/\",\"name\":\"skaitytaknyga.lt\",\"description\":\"Skaitytaknyga.lt \u2013 tai ma\u017eas \u0161eimos verslas, kuris prasid\u0117jo nuo meil\u0117s knygoms ir siekio i\u0161gelb\u0117ti knygas nuo likimo prie konteinerio. Kas vienam nereikalingas daiktas \u2013 kitam lobis, o mes esame tarpininkai, kurie padeda abiems tapti laimingesniems ???? \u017dinome kaip nelengva i\u0161gyventi ma\u017eiems verslams, tad nuo \u0161iol, \u010dia rasite ir kit\u0173, ma\u017e\u0173 \u0161eim\u0173 versl\u0173, rank\u0173 darbo, dovan\u0173 sau ir artimiesiems.\",\"publisher\":{\"@id\":\"https:\/\/skaitytaknyga.lt\/#organization\"},\"potentialAction\":[{\"@type\":\"SearchAction\",\"target\":{\"@type\":\"EntryPoint\",\"urlTemplate\":\"https:\/\/skaitytaknyga.lt\/?s={search_term_string}\"},\"query-input\":{\"@type\":\"PropertyValueSpecification\",\"valueRequired\":true,\"valueName\":\"search_term_string\"}}],\"inLanguage\":\"en-GB\"},{\"@type\":\"Organization\",\"@id\":\"https:\/\/skaitytaknyga.lt\/#organization\",\"name\":\"skaitytaknyga.lt\",\"url\":\"https:\/\/skaitytaknyga.lt\/\",\"logo\":{\"@type\":\"ImageObject\",\"inLanguage\":\"en-GB\",\"@id\":\"https:\/\/skaitytaknyga.lt\/#\/schema\/logo\/image\/\",\"url\":\"https:\/\/skaitytaknyga.lt\/wp-content\/uploads\/2024\/05\/cropped-cropped-cropped-02_00843_jt3bggkj1j3HLc7SyY6rEUpg.jpeg\",\"contentUrl\":\"https:\/\/skaitytaknyga.lt\/wp-content\/uploads\/2024\/05\/cropped-cropped-cropped-02_00843_jt3bggkj1j3HLc7SyY6rEUpg.jpeg\",\"width\":1600,\"height\":1600,\"caption\":\"skaitytaknyga.lt\"},\"image\":{\"@id\":\"https:\/\/skaitytaknyga.lt\/#\/schema\/logo\/image\/\"},\"sameAs\":[\"https:\/\/www.facebook.com\/skaitytaknyga\/\"]}]}<\/script>\n<!-- \/ Yoast SEO plugin. -->","yoast_head_json":{"title":"Povo turgelis","description":"Septintasis de\u0161imtmetis, At\u0117n\u0117 Forster \u2014 \u017eavingiausia savosios kartos atstov\u0117. \u0160i gra\u017ei, i\u0161lepinta, pernelyg daug sau leid\u017eianti mergina gavo","robots":{"index":"index","follow":"follow","max-snippet":"max-snippet:-1","max-image-preview":"max-image-preview:large","max-video-preview":"max-video-preview:-1"},"canonical":"https:\/\/skaitytaknyga.lt\/en\/produktas\/povo-turgelis\/","og_locale":"en_GB","og_type":"article","og_title":"[:lt]Povo turgelis[:] - Skaitytaknyga","og_description":"Septintasis de\u0161imtmetis, At\u0117n\u0117 Forster \u2014 \u017eavingiausia savosios kartos atstov\u0117. \u0160i gra\u017ei, i\u0161lepinta, pernelyg daug sau leid\u017eianti mergina gavo","og_url":"https:\/\/skaitytaknyga.lt\/en\/produktas\/povo-turgelis\/","og_site_name":"Skaitytaknyga","article_publisher":"https:\/\/www.facebook.com\/skaitytaknyga\/","article_modified_time":"2025-10-25T09:24:34+00:00","og_image":[{"width":529,"height":801,"url":"https:\/\/skaitytaknyga.lt\/wp-content\/uploads\/2025\/10\/Povo-turgelis-1.webp","type":"image\/webp"}],"twitter_card":"summary_large_image","twitter_misc":{"Estimated reading time":"1 minute"},"schema":{"@context":"https:\/\/schema.org","@graph":[{"@type":"WebPage","@id":"https:\/\/skaitytaknyga.lt\/produktas\/povo-turgelis\/","url":"https:\/\/skaitytaknyga.lt\/produktas\/povo-turgelis\/","name":"Povo turgelis","isPartOf":{"@id":"https:\/\/skaitytaknyga.lt\/#website"},"primaryImageOfPage":{"@id":"https:\/\/skaitytaknyga.lt\/produktas\/povo-turgelis\/#primaryimage"},"image":{"@id":"https:\/\/skaitytaknyga.lt\/produktas\/povo-turgelis\/#primaryimage"},"thumbnailUrl":"https:\/\/skaitytaknyga.lt\/wp-content\/uploads\/2025\/10\/Povo-turgelis-1.webp","datePublished":"2025-10-22T11:41:13+00:00","dateModified":"2025-10-25T09:24:34+00:00","description":"Septintasis de\u0161imtmetis, At\u0117n\u0117 Forster \u2014 \u017eavingiausia savosios kartos atstov\u0117. \u0160i gra\u017ei, i\u0161lepinta, pernelyg daug sau leid\u017eianti mergina gavo","breadcrumb":{"@id":"https:\/\/skaitytaknyga.lt\/produktas\/povo-turgelis\/#breadcrumb"},"inLanguage":"en-GB","potentialAction":[{"@type":"ReadAction","target":["https:\/\/skaitytaknyga.lt\/produktas\/povo-turgelis\/"]}]},{"@type":"ImageObject","inLanguage":"en-GB","@id":"https:\/\/skaitytaknyga.lt\/produktas\/povo-turgelis\/#primaryimage","url":"https:\/\/skaitytaknyga.lt\/wp-content\/uploads\/2025\/10\/Povo-turgelis-1.webp","contentUrl":"https:\/\/skaitytaknyga.lt\/wp-content\/uploads\/2025\/10\/Povo-turgelis-1.webp","width":529,"height":801},{"@type":"BreadcrumbList","@id":"https:\/\/skaitytaknyga.lt\/produktas\/povo-turgelis\/#breadcrumb","itemListElement":[{"@type":"ListItem","position":1,"name":"Home","item":"https:\/\/skaitytaknyga.lt\/"},{"@type":"ListItem","position":2,"name":"Parduotuv\u0117","item":"https:\/\/skaitytaknyga.lt\/knygu-parduotuve\/"},{"@type":"ListItem","position":3,"name":"Povo turgelis"}]},{"@type":"WebSite","@id":"https:\/\/skaitytaknyga.lt\/#website","url":"https:\/\/skaitytaknyga.lt\/","name":"skaitytaknyga.lt","description":"Skaitytaknyga.lt \u2013 tai ma\u017eas \u0161eimos verslas, kuris prasid\u0117jo nuo meil\u0117s knygoms ir siekio i\u0161gelb\u0117ti knygas nuo likimo prie konteinerio. Kas vienam nereikalingas daiktas \u2013 kitam lobis, o mes esame tarpininkai, kurie padeda abiems tapti laimingesniems ???? \u017dinome kaip nelengva i\u0161gyventi ma\u017eiems verslams, tad nuo \u0161iol, \u010dia rasite ir kit\u0173, ma\u017e\u0173 \u0161eim\u0173 versl\u0173, rank\u0173 darbo, dovan\u0173 sau ir artimiesiems.","publisher":{"@id":"https:\/\/skaitytaknyga.lt\/#organization"},"potentialAction":[{"@type":"SearchAction","target":{"@type":"EntryPoint","urlTemplate":"https:\/\/skaitytaknyga.lt\/?s={search_term_string}"},"query-input":{"@type":"PropertyValueSpecification","valueRequired":true,"valueName":"search_term_string"}}],"inLanguage":"en-GB"},{"@type":"Organization","@id":"https:\/\/skaitytaknyga.lt\/#organization","name":"skaitytaknyga.lt","url":"https:\/\/skaitytaknyga.lt\/","logo":{"@type":"ImageObject","inLanguage":"en-GB","@id":"https:\/\/skaitytaknyga.lt\/#\/schema\/logo\/image\/","url":"https:\/\/skaitytaknyga.lt\/wp-content\/uploads\/2024\/05\/cropped-cropped-cropped-02_00843_jt3bggkj1j3HLc7SyY6rEUpg.jpeg","contentUrl":"https:\/\/skaitytaknyga.lt\/wp-content\/uploads\/2024\/05\/cropped-cropped-cropped-02_00843_jt3bggkj1j3HLc7SyY6rEUpg.jpeg","width":1600,"height":1600,"caption":"skaitytaknyga.lt"},"image":{"@id":"https:\/\/skaitytaknyga.lt\/#\/schema\/logo\/image\/"},"sameAs":["https:\/\/www.facebook.com\/skaitytaknyga\/"]}]}},"_links":{"self":[{"href":"https:\/\/skaitytaknyga.lt\/en\/wp-json\/wp\/v2\/product\/21589","targetHints":{"allow":["GET"]}}],"collection":[{"href":"https:\/\/skaitytaknyga.lt\/en\/wp-json\/wp\/v2\/product"}],"about":[{"href":"https:\/\/skaitytaknyga.lt\/en\/wp-json\/wp\/v2\/types\/product"}],"replies":[{"embeddable":true,"href":"https:\/\/skaitytaknyga.lt\/en\/wp-json\/wp\/v2\/comments?post=21589"}],"wp:featuredmedia":[{"embeddable":true,"href":"https:\/\/skaitytaknyga.lt\/en\/wp-json\/wp\/v2\/media\/21595"}],"wp:attachment":[{"href":"https:\/\/skaitytaknyga.lt\/en\/wp-json\/wp\/v2\/media?parent=21589"}],"wp:term":[{"taxonomy":"product_brand","embeddable":true,"href":"https:\/\/skaitytaknyga.lt\/en\/wp-json\/wp\/v2\/product_brand?post=21589"},{"taxonomy":"product_cat","embeddable":true,"href":"https:\/\/skaitytaknyga.lt\/en\/wp-json\/wp\/v2\/product_cat?post=21589"},{"taxonomy":"product_tag","embeddable":true,"href":"https:\/\/skaitytaknyga.lt\/en\/wp-json\/wp\/v2\/product_tag?post=21589"}],"curies":[{"name":"wp","href":"https:\/\/api.w.org\/{rel}","templated":true}]}}