{"id":21588,"date":"2025-10-22T14:41:13","date_gmt":"2025-10-22T11:41:13","guid":{"rendered":"https:\/\/skaitytaknyga.lt\/?post_type=product&#038;p=21588"},"modified":"2026-03-18T14:42:49","modified_gmt":"2026-03-18T12:42:49","slug":"vilniaus-madona","status":"publish","type":"product","link":"https:\/\/skaitytaknyga.lt\/en\/produktas\/vilniaus-madona\/","title":{"rendered":"Vilniaus Madona"},"content":{"rendered":"<p>XVI am\u017eiaus ir m\u016bs\u0173 dien\u0173 Vilnius. Lietuvos did\u017eiojo kunigaik\u0161\u010dio Aleksandro dvaro intrigos ir legendomis apipinta Aleksandro ir Maskvos kunigaik\u0161tyt\u0117s Elenos meil\u0117. M\u016bs\u0173 laikus pasiekusios senovin\u0117s ikonos paslaptys ir detektyvin\u0117 istorija. Knyga, kupina netik\u0117t\u0173 veiksmo vingi\u0173, meil\u0117s, aistr\u0173 ir intriguojan\u010di\u0173 senojo ir m\u016bs\u0173 dien\u0173 Vilniaus m\u012fsli\u0173.<\/p>\n<p>Nesibaigiantys karai su Maskva kamuoja Lietuvos Did\u017ei\u0105j\u0105 Kunigaik\u0161tij\u0105. Tik\u0117damasis politin\u0117s naudos, Aleksandras veda Maskvos did\u017eiojo kunigaik\u0161\u010dio Ivano III dukter\u012f Elen\u0105. Politin\u0117 santuoka netik\u0117tai virsta meile, ta\u010diau karo nesustabdo. Elena ver\u010diama b\u016bti Maskvos \u0161nipe Jogailai\u010dio dvare. Tuo pat metu LDK pon\u0173 taryboje ry\u0161k\u0117ja antista\u010diatiki\u0161kos nuotaikos, vyskupas Taboras mato vienintel\u0119 i\u0161eit\u012f \u2013 atversti Elen\u0105 \u012f katalik\u0173 tik\u0117jim\u0105. LDK valdovo \u017emona atsiduria pa\u010diame nesantaik\u0173 ir intrig\u0173 epicentre.<\/p>\n<p>M\u016bs\u0173 laikais sutuoktini\u0173 pora, Alg\u0117 ir \u017dygis, \u0161ven\u010dia \u012fkurtuves ir dovan\u0173 gav\u0119 sen\u0105 paveiksl\u0105 n\u0117 nenutuokia, kokia i\u0161 tikr\u0173j\u0173 dovana pateko \u012f j\u0173 rankas. Ta\u010diau greit paai\u0161k\u0117ja, kad paveikslas susij\u0119s su kelis \u0161imtme\u010dius menan\u010diomis paslaptimis. Suintriguotas paveikslo m\u012fsli\u0173, \u017dygis imasi jas narplioti. I\u0161 prad\u017ei\u0173 viskas atrodo lyg smagus \u017eaidimas, kol vien\u0105 dien\u0105 dingsta j\u0173dviej\u0173 su Alge dukrel\u0117. Akivaizdu, kad \u017dygis n\u0117ra vienintelis, trok\u0161tantis \u017e\u016btb\u016bt i\u0161siai\u0161kinti paveikslo paslaptis. Kol kas vyras \u017eino tik viena: jos susijusios su sena ikona, Maskvos kunigaik\u0161tyt\u0117s Elenos prie\u0161 daugiau kaip penkis \u0161imtus met\u0173 atsive\u017eta \u012f Lietuv\u0105. Ta\u010diau Vilniuje daugyb\u0117 sen\u0173 ikon\u0173. Kaip rasti t\u0105 vienintel\u0119? Ar Vilnius i\u0161saugojo Aleksandro laik\u0173 slaptavietes? <\/p>\n<p>Gina Vili\u016bn\u0117 gim\u0117 1974 metais. Viena did\u017eiausi\u0173 savo aistr\u0173 laiko Vilniaus miest\u0105 ir jo istorij\u0105. Autor\u0117 yra profesionali Vilniaus gid\u0117, savaranki\u0161kai studijavo senojo Vilniaus pl\u0117tros, architekt\u016bros, ba\u017eny\u010di\u0173 istorij\u0105. 2012 metais su bendraautoriu Raimondu Urbakavi\u010diumi i\u0161leido knyg\u0105 \u201eVilniaus \u0161ventov\u0117s\u201c ir pirm\u0105j\u012f roman\u0105 \u201eKar\u016bna be karaliaus\u201c.<\/p>\n","protected":false},"excerpt":{"rendered":"<p>XVI am\u017eiaus ir m\u016bs\u0173 dien\u0173 Vilnius. Lietuvos did\u017eiojo kunigaik\u0161\u010dio Aleksandro dvaro intrigos ir legendomis apipinta Aleksandro ir Maskvos kunigaik\u0161tyt\u0117s Elenos meil\u0117. M\u016bs\u0173 laikus pasiekusios senovin\u0117s ikonos paslaptys ir detektyvin\u0117 istorija. Knyga, kupina netik\u0117t\u0173 veiksmo vingi\u0173, meil\u0117s, aistr\u0173 ir intriguojan\u010di\u0173 senojo ir m\u016bs\u0173 dien\u0173 Vilniaus m\u012fsli\u0173. Nesibaigiantys karai su Maskva kamuoja Lietuvos Did\u017ei\u0105j\u0105 Kunigaik\u0161tij\u0105. Tik\u0117damasis politin\u0117s naudos, Aleksandras veda Maskvos did\u017eiojo kunigaik\u0161\u010dio Ivano III dukter\u012f Elen\u0105. Politin\u0117 santuoka netik\u0117tai virsta meile, ta\u010diau karo nesustabdo. Elena ver\u010diama b\u016bti Maskvos \u0161nipe Jogailai\u010dio dvare. Tuo pat metu LDK pon\u0173 taryboje ry\u0161k\u0117ja antista\u010diatiki\u0161kos nuotaikos, vyskupas Taboras mato vienintel\u0119 i\u0161eit\u012f \u2013 atversti Elen\u0105 \u012f katalik\u0173 tik\u0117jim\u0105. LDK valdovo \u017emona atsiduria pa\u010diame nesantaik\u0173 ir intrig\u0173 epicentre. M\u016bs\u0173 laikais sutuoktini\u0173 pora, Alg\u0117 ir \u017dygis, \u0161ven\u010dia \u012fkurtuves ir dovan\u0173 gav\u0119 sen\u0105 paveiksl\u0105 n\u0117 nenutuokia, kokia i\u0161 tikr\u0173j\u0173 dovana pateko \u012f j\u0173 rankas. Ta\u010diau greit paai\u0161k\u0117ja, kad paveikslas susij\u0119s su kelis \u0161imtme\u010dius menan\u010diomis paslaptimis. Suintriguotas paveikslo m\u012fsli\u0173, \u017dygis imasi jas narplioti. I\u0161 prad\u017ei\u0173 viskas atrodo lyg smagus \u017eaidimas, kol vien\u0105 dien\u0105 dingsta j\u0173dviej\u0173 su Alge dukrel\u0117. Akivaizdu, kad \u017dygis n\u0117ra vienintelis, trok\u0161tantis \u017e\u016btb\u016bt i\u0161siai\u0161kinti paveikslo paslaptis. Kol kas vyras \u017eino tik viena: jos susijusios su sena ikona, Maskvos kunigaik\u0161tyt\u0117s Elenos prie\u0161 daugiau kaip penkis \u0161imtus met\u0173 atsive\u017eta \u012f Lietuv\u0105. Ta\u010diau Vilniuje daugyb\u0117 sen\u0173 ikon\u0173. Kaip rasti t\u0105 vienintel\u0119? Ar Vilnius i\u0161saugojo Aleksandro laik\u0173 slaptavietes? Gina Vili\u016bn\u0117 gim\u0117 1974 metais. Viena did\u017eiausi\u0173 savo aistr\u0173 laiko Vilniaus miest\u0105 ir jo istorij\u0105. Autor\u0117 yra profesionali Vilniaus gid\u0117, savaranki\u0161kai studijavo senojo Vilniaus pl\u0117tros, architekt\u016bros, ba\u017eny\u010di\u0173 istorij\u0105. 2012 metais su bendraautoriu Raimondu Urbakavi\u010diumi i\u0161leido knyg\u0105 \u201eVilniaus \u0161ventov\u0117s\u201c ir pirm\u0105j\u012f roman\u0105 \u201eKar\u016bna be karaliaus\u201c.<\/p>\n","protected":false},"featured_media":21594,"comment_status":"open","ping_status":"closed","template":"","meta":{"_acf_changed":false,"site-sidebar-layout":"default","site-content-layout":"","ast-site-content-layout":"default","site-content-style":"default","site-sidebar-style":"default","ast-global-header-display":"","ast-banner-title-visibility":"","ast-main-header-display":"","ast-hfb-above-header-display":"","ast-hfb-below-header-display":"","ast-hfb-mobile-header-display":"","site-post-title":"","ast-breadcrumbs-content":"","ast-featured-img":"","footer-sml-layout":"","ast-disable-related-posts":"","theme-transparent-header-meta":"","adv-header-id-meta":"","stick-header-meta":"","header-above-stick-meta":"","header-main-stick-meta":"","header-below-stick-meta":"","astra-migrate-meta-layouts":"default","ast-page-background-enabled":"default","ast-page-background-meta":{"desktop":{"background-color":"","background-image":"","background-repeat":"repeat","background-position":"center center","background-size":"auto","background-attachment":"scroll","background-type":"","background-media":"","overlay-type":"","overlay-color":"","overlay-opacity":"","overlay-gradient":""},"tablet":{"background-color":"","background-image":"","background-repeat":"repeat","background-position":"center center","background-size":"auto","background-attachment":"scroll","background-type":"","background-media":"","overlay-type":"","overlay-color":"","overlay-opacity":"","overlay-gradient":""},"mobile":{"background-color":"","background-image":"","background-repeat":"repeat","background-position":"center center","background-size":"auto","background-attachment":"scroll","background-type":"","background-media":"","overlay-type":"","overlay-color":"","overlay-opacity":"","overlay-gradient":""}},"ast-content-background-meta":{"desktop":{"background-color":"var(--ast-global-color-4)","background-image":"","background-repeat":"repeat","background-position":"center center","background-size":"auto","background-attachment":"scroll","background-type":"","background-media":"","overlay-type":"","overlay-color":"","overlay-opacity":"","overlay-gradient":""},"tablet":{"background-color":"var(--ast-global-color-4)","background-image":"","background-repeat":"repeat","background-position":"center center","background-size":"auto","background-attachment":"scroll","background-type":"","background-media":"","overlay-type":"","overlay-color":"","overlay-opacity":"","overlay-gradient":""},"mobile":{"background-color":"var(--ast-global-color-4)","background-image":"","background-repeat":"repeat","background-position":"center center","background-size":"auto","background-attachment":"scroll","background-type":"","background-media":"","overlay-type":"","overlay-color":"","overlay-opacity":"","overlay-gradient":""}}},"product_brand":[],"product_cat":[9618,9590],"product_tag":[],"class_list":{"0":"post-21588","1":"product","2":"type-product","3":"status-publish","4":"has-post-thumbnail","6":"product_cat-istoriniai-romanai","7":"product_cat-lietuviu-literatura","8":"desktop-align-left","9":"tablet-align-left","10":"mobile-align-left","12":"first","13":"outofstock","14":"shipping-taxable","15":"purchasable","16":"product-type-simple"},"acf":[],"yoast_head":"<!-- This site is optimized with the Yoast SEO plugin v27.0 - https:\/\/yoast.com\/product\/yoast-seo-wordpress\/ -->\n<title>Vilniaus Madona<\/title>\n<meta name=\"description\" content=\"XVI am\u017eiaus ir m\u016bs\u0173 dien\u0173 Vilnius. Lietuvos did\u017eiojo kunigaik\u0161\u010dio Aleksandro dvaro intrigos ir legendomis apipinta Aleksandro ir Maskvos kunigaik\u0161tyt\u0117s\" \/>\n<meta name=\"robots\" content=\"index, follow, max-snippet:-1, max-image-preview:large, max-video-preview:-1\" \/>\n<link rel=\"canonical\" href=\"https:\/\/skaitytaknyga.lt\/en\/produktas\/vilniaus-madona\/\" \/>\n<meta property=\"og:locale\" content=\"en_GB\" \/>\n<meta property=\"og:locale:alternate\" content=\"lt_LT\" \/>\n<meta property=\"og:type\" content=\"article\" \/>\n<meta property=\"og:title\" content=\"Vilniaus Madona\" \/>\n<meta property=\"og:description\" content=\"XVI am\u017eiaus ir m\u016bs\u0173 dien\u0173 Vilnius. Lietuvos did\u017eiojo kunigaik\u0161\u010dio Aleksandro dvaro intrigos ir legendomis apipinta Aleksandro ir Maskvos kunigaik\u0161tyt\u0117s\" \/>\n<meta property=\"og:url\" content=\"https:\/\/skaitytaknyga.lt\/en\/produktas\/vilniaus-madona\/\" \/>\n<meta property=\"og:site_name\" content=\"Skaitytaknyga\" \/>\n<meta property=\"article:publisher\" content=\"https:\/\/www.facebook.com\/skaitytaknyga\/\" \/>\n<meta property=\"article:modified_time\" content=\"2026-03-18T12:42:49+00:00\" \/>\n<meta property=\"og:image\" content=\"https:\/\/skaitytaknyga.lt\/wp-content\/uploads\/2025\/10\/vilniaus-madona-1.webp\" \/>\n\t<meta property=\"og:image:width\" content=\"458\" \/>\n\t<meta property=\"og:image:height\" content=\"750\" \/>\n\t<meta property=\"og:image:type\" content=\"image\/webp\" \/>\n<meta name=\"twitter:card\" content=\"summary_large_image\" \/>\n<meta name=\"twitter:label1\" content=\"Estimated reading time\" \/>\n\t<meta name=\"twitter:data1\" content=\"2 minutes\" \/>\n<script type=\"application\/ld+json\" class=\"yoast-schema-graph\">{\"@context\":\"https:\/\/schema.org\",\"@graph\":[{\"@type\":\"WebPage\",\"@id\":\"https:\/\/skaitytaknyga.lt\/produktas\/vilniaus-madona\/\",\"url\":\"https:\/\/skaitytaknyga.lt\/produktas\/vilniaus-madona\/\",\"name\":\"Vilniaus Madona\",\"isPartOf\":{\"@id\":\"https:\/\/skaitytaknyga.lt\/#website\"},\"primaryImageOfPage\":{\"@id\":\"https:\/\/skaitytaknyga.lt\/produktas\/vilniaus-madona\/#primaryimage\"},\"image\":{\"@id\":\"https:\/\/skaitytaknyga.lt\/produktas\/vilniaus-madona\/#primaryimage\"},\"thumbnailUrl\":\"https:\/\/skaitytaknyga.lt\/wp-content\/uploads\/2025\/10\/vilniaus-madona-1.webp\",\"datePublished\":\"2025-10-22T11:41:13+00:00\",\"dateModified\":\"2026-03-18T12:42:49+00:00\",\"description\":\"XVI am\u017eiaus ir m\u016bs\u0173 dien\u0173 Vilnius. Lietuvos did\u017eiojo kunigaik\u0161\u010dio Aleksandro dvaro intrigos ir legendomis apipinta Aleksandro ir Maskvos kunigaik\u0161tyt\u0117s\",\"breadcrumb\":{\"@id\":\"https:\/\/skaitytaknyga.lt\/produktas\/vilniaus-madona\/#breadcrumb\"},\"inLanguage\":\"en-GB\",\"potentialAction\":[{\"@type\":\"ReadAction\",\"target\":[\"https:\/\/skaitytaknyga.lt\/produktas\/vilniaus-madona\/\"]}]},{\"@type\":\"ImageObject\",\"inLanguage\":\"en-GB\",\"@id\":\"https:\/\/skaitytaknyga.lt\/produktas\/vilniaus-madona\/#primaryimage\",\"url\":\"https:\/\/skaitytaknyga.lt\/wp-content\/uploads\/2025\/10\/vilniaus-madona-1.webp\",\"contentUrl\":\"https:\/\/skaitytaknyga.lt\/wp-content\/uploads\/2025\/10\/vilniaus-madona-1.webp\",\"width\":458,\"height\":750,\"caption\":\"Vilniaus Madona\"},{\"@type\":\"BreadcrumbList\",\"@id\":\"https:\/\/skaitytaknyga.lt\/produktas\/vilniaus-madona\/#breadcrumb\",\"itemListElement\":[{\"@type\":\"ListItem\",\"position\":1,\"name\":\"Home\",\"item\":\"https:\/\/skaitytaknyga.lt\/\"},{\"@type\":\"ListItem\",\"position\":2,\"name\":\"Parduotuv\u0117\",\"item\":\"https:\/\/skaitytaknyga.lt\/knygu-parduotuve\/\"},{\"@type\":\"ListItem\",\"position\":3,\"name\":\"Vilniaus Madona\"}]},{\"@type\":\"WebSite\",\"@id\":\"https:\/\/skaitytaknyga.lt\/#website\",\"url\":\"https:\/\/skaitytaknyga.lt\/\",\"name\":\"skaitytaknyga.lt\",\"description\":\"Skaitytaknyga.lt \u2013 tai ma\u017eas \u0161eimos verslas, kuris prasid\u0117jo nuo meil\u0117s knygoms ir siekio i\u0161gelb\u0117ti knygas nuo likimo prie konteinerio. Kas vienam nereikalingas daiktas \u2013 kitam lobis, o mes esame tarpininkai, kurie padeda abiems tapti laimingesniems ???? \u017dinome kaip nelengva i\u0161gyventi ma\u017eiems verslams, tad nuo \u0161iol, \u010dia rasite ir kit\u0173, ma\u017e\u0173 \u0161eim\u0173 versl\u0173, rank\u0173 darbo, dovan\u0173 sau ir artimiesiems.\",\"publisher\":{\"@id\":\"https:\/\/skaitytaknyga.lt\/#organization\"},\"potentialAction\":[{\"@type\":\"SearchAction\",\"target\":{\"@type\":\"EntryPoint\",\"urlTemplate\":\"https:\/\/skaitytaknyga.lt\/?s={search_term_string}\"},\"query-input\":{\"@type\":\"PropertyValueSpecification\",\"valueRequired\":true,\"valueName\":\"search_term_string\"}}],\"inLanguage\":\"en-GB\"},{\"@type\":\"Organization\",\"@id\":\"https:\/\/skaitytaknyga.lt\/#organization\",\"name\":\"skaitytaknyga.lt\",\"url\":\"https:\/\/skaitytaknyga.lt\/\",\"logo\":{\"@type\":\"ImageObject\",\"inLanguage\":\"en-GB\",\"@id\":\"https:\/\/skaitytaknyga.lt\/#\/schema\/logo\/image\/\",\"url\":\"https:\/\/skaitytaknyga.lt\/wp-content\/uploads\/2024\/05\/cropped-cropped-cropped-02_00843_jt3bggkj1j3HLc7SyY6rEUpg.jpeg\",\"contentUrl\":\"https:\/\/skaitytaknyga.lt\/wp-content\/uploads\/2024\/05\/cropped-cropped-cropped-02_00843_jt3bggkj1j3HLc7SyY6rEUpg.jpeg\",\"width\":1600,\"height\":1600,\"caption\":\"skaitytaknyga.lt\"},\"image\":{\"@id\":\"https:\/\/skaitytaknyga.lt\/#\/schema\/logo\/image\/\"},\"sameAs\":[\"https:\/\/www.facebook.com\/skaitytaknyga\/\"]}]}<\/script>\n<!-- \/ Yoast SEO plugin. -->","yoast_head_json":{"title":"Vilniaus Madona","description":"XVI am\u017eiaus ir m\u016bs\u0173 dien\u0173 Vilnius. Lietuvos did\u017eiojo kunigaik\u0161\u010dio Aleksandro dvaro intrigos ir legendomis apipinta Aleksandro ir Maskvos kunigaik\u0161tyt\u0117s","robots":{"index":"index","follow":"follow","max-snippet":"max-snippet:-1","max-image-preview":"max-image-preview:large","max-video-preview":"max-video-preview:-1"},"canonical":"https:\/\/skaitytaknyga.lt\/en\/produktas\/vilniaus-madona\/","og_locale":"en_GB","og_type":"article","og_title":"[:lt]Vilniaus Madona[:] - Skaitytaknyga","og_description":"XVI am\u017eiaus ir m\u016bs\u0173 dien\u0173 Vilnius. Lietuvos did\u017eiojo kunigaik\u0161\u010dio Aleksandro dvaro intrigos ir legendomis apipinta Aleksandro ir Maskvos kunigaik\u0161tyt\u0117s","og_url":"https:\/\/skaitytaknyga.lt\/en\/produktas\/vilniaus-madona\/","og_site_name":"Skaitytaknyga","article_publisher":"https:\/\/www.facebook.com\/skaitytaknyga\/","article_modified_time":"2026-03-18T12:42:49+00:00","og_image":[{"width":458,"height":750,"url":"https:\/\/skaitytaknyga.lt\/wp-content\/uploads\/2025\/10\/vilniaus-madona-1.webp","type":"image\/webp"}],"twitter_card":"summary_large_image","twitter_misc":{"Estimated reading time":"2 minutes"},"schema":{"@context":"https:\/\/schema.org","@graph":[{"@type":"WebPage","@id":"https:\/\/skaitytaknyga.lt\/produktas\/vilniaus-madona\/","url":"https:\/\/skaitytaknyga.lt\/produktas\/vilniaus-madona\/","name":"Vilniaus Madona","isPartOf":{"@id":"https:\/\/skaitytaknyga.lt\/#website"},"primaryImageOfPage":{"@id":"https:\/\/skaitytaknyga.lt\/produktas\/vilniaus-madona\/#primaryimage"},"image":{"@id":"https:\/\/skaitytaknyga.lt\/produktas\/vilniaus-madona\/#primaryimage"},"thumbnailUrl":"https:\/\/skaitytaknyga.lt\/wp-content\/uploads\/2025\/10\/vilniaus-madona-1.webp","datePublished":"2025-10-22T11:41:13+00:00","dateModified":"2026-03-18T12:42:49+00:00","description":"XVI am\u017eiaus ir m\u016bs\u0173 dien\u0173 Vilnius. Lietuvos did\u017eiojo kunigaik\u0161\u010dio Aleksandro dvaro intrigos ir legendomis apipinta Aleksandro ir Maskvos kunigaik\u0161tyt\u0117s","breadcrumb":{"@id":"https:\/\/skaitytaknyga.lt\/produktas\/vilniaus-madona\/#breadcrumb"},"inLanguage":"en-GB","potentialAction":[{"@type":"ReadAction","target":["https:\/\/skaitytaknyga.lt\/produktas\/vilniaus-madona\/"]}]},{"@type":"ImageObject","inLanguage":"en-GB","@id":"https:\/\/skaitytaknyga.lt\/produktas\/vilniaus-madona\/#primaryimage","url":"https:\/\/skaitytaknyga.lt\/wp-content\/uploads\/2025\/10\/vilniaus-madona-1.webp","contentUrl":"https:\/\/skaitytaknyga.lt\/wp-content\/uploads\/2025\/10\/vilniaus-madona-1.webp","width":458,"height":750,"caption":"Vilniaus Madona"},{"@type":"BreadcrumbList","@id":"https:\/\/skaitytaknyga.lt\/produktas\/vilniaus-madona\/#breadcrumb","itemListElement":[{"@type":"ListItem","position":1,"name":"Home","item":"https:\/\/skaitytaknyga.lt\/"},{"@type":"ListItem","position":2,"name":"Parduotuv\u0117","item":"https:\/\/skaitytaknyga.lt\/knygu-parduotuve\/"},{"@type":"ListItem","position":3,"name":"Vilniaus Madona"}]},{"@type":"WebSite","@id":"https:\/\/skaitytaknyga.lt\/#website","url":"https:\/\/skaitytaknyga.lt\/","name":"skaitytaknyga.lt","description":"Skaitytaknyga.lt \u2013 tai ma\u017eas \u0161eimos verslas, kuris prasid\u0117jo nuo meil\u0117s knygoms ir siekio i\u0161gelb\u0117ti knygas nuo likimo prie konteinerio. Kas vienam nereikalingas daiktas \u2013 kitam lobis, o mes esame tarpininkai, kurie padeda abiems tapti laimingesniems ???? \u017dinome kaip nelengva i\u0161gyventi ma\u017eiems verslams, tad nuo \u0161iol, \u010dia rasite ir kit\u0173, ma\u017e\u0173 \u0161eim\u0173 versl\u0173, rank\u0173 darbo, dovan\u0173 sau ir artimiesiems.","publisher":{"@id":"https:\/\/skaitytaknyga.lt\/#organization"},"potentialAction":[{"@type":"SearchAction","target":{"@type":"EntryPoint","urlTemplate":"https:\/\/skaitytaknyga.lt\/?s={search_term_string}"},"query-input":{"@type":"PropertyValueSpecification","valueRequired":true,"valueName":"search_term_string"}}],"inLanguage":"en-GB"},{"@type":"Organization","@id":"https:\/\/skaitytaknyga.lt\/#organization","name":"skaitytaknyga.lt","url":"https:\/\/skaitytaknyga.lt\/","logo":{"@type":"ImageObject","inLanguage":"en-GB","@id":"https:\/\/skaitytaknyga.lt\/#\/schema\/logo\/image\/","url":"https:\/\/skaitytaknyga.lt\/wp-content\/uploads\/2024\/05\/cropped-cropped-cropped-02_00843_jt3bggkj1j3HLc7SyY6rEUpg.jpeg","contentUrl":"https:\/\/skaitytaknyga.lt\/wp-content\/uploads\/2024\/05\/cropped-cropped-cropped-02_00843_jt3bggkj1j3HLc7SyY6rEUpg.jpeg","width":1600,"height":1600,"caption":"skaitytaknyga.lt"},"image":{"@id":"https:\/\/skaitytaknyga.lt\/#\/schema\/logo\/image\/"},"sameAs":["https:\/\/www.facebook.com\/skaitytaknyga\/"]}]}},"_links":{"self":[{"href":"https:\/\/skaitytaknyga.lt\/en\/wp-json\/wp\/v2\/product\/21588","targetHints":{"allow":["GET"]}}],"collection":[{"href":"https:\/\/skaitytaknyga.lt\/en\/wp-json\/wp\/v2\/product"}],"about":[{"href":"https:\/\/skaitytaknyga.lt\/en\/wp-json\/wp\/v2\/types\/product"}],"replies":[{"embeddable":true,"href":"https:\/\/skaitytaknyga.lt\/en\/wp-json\/wp\/v2\/comments?post=21588"}],"wp:featuredmedia":[{"embeddable":true,"href":"https:\/\/skaitytaknyga.lt\/en\/wp-json\/wp\/v2\/media\/21594"}],"wp:attachment":[{"href":"https:\/\/skaitytaknyga.lt\/en\/wp-json\/wp\/v2\/media?parent=21588"}],"wp:term":[{"taxonomy":"product_brand","embeddable":true,"href":"https:\/\/skaitytaknyga.lt\/en\/wp-json\/wp\/v2\/product_brand?post=21588"},{"taxonomy":"product_cat","embeddable":true,"href":"https:\/\/skaitytaknyga.lt\/en\/wp-json\/wp\/v2\/product_cat?post=21588"},{"taxonomy":"product_tag","embeddable":true,"href":"https:\/\/skaitytaknyga.lt\/en\/wp-json\/wp\/v2\/product_tag?post=21588"}],"curies":[{"name":"wp","href":"https:\/\/api.w.org\/{rel}","templated":true}]}}