{"id":21587,"date":"2025-10-22T14:41:13","date_gmt":"2025-10-22T11:41:13","guid":{"rendered":"https:\/\/skaitytaknyga.lt\/?post_type=product&#038;p=21587"},"modified":"2025-12-03T13:11:13","modified_gmt":"2025-12-03T11:11:13","slug":"vyndariai","status":"publish","type":"product","link":"https:\/\/skaitytaknyga.lt\/en\/produktas\/vyndariai\/","title":{"rendered":"Vyndariai"},"content":{"rendered":"<p>Jan Moran romane \u201eVyndariai\u201c romanti\u0161ka gija supina \u0161eimos paslaptis, vyndaryst\u0119 ir jaunos moters likim\u0105.<\/p>\n<p>Atkakli ir aistringa Katerina svajoja i\u0161naudoti savo talent\u0105 ir kartu su mama gaminti puikiausi\u0105 Kalifornijos vyn\u0105, bet tai ne taip paprasta. J\u0105 grau\u017eia baisi paslaptis, galinti am\u017eiams nutraukti \u0161eimos saitus. Katerina augina nesantuokin\u0119 dukrel\u0119, kurios t\u0117vas \u2013 did\u017eioji gyvenimo meil\u0117 \u2013 nieko nepaai\u0161kin\u0119s prapuol\u0117 po lemtingosios nakties.<\/p>\n<p>Kaip tik tuo metu, kai itin reikia paramos, jauna moteris su\u017eino, kad paveld\u0117jo vynuogyn\u0105 Toskanoje, gars\u0117jan\u010dioje puikiu vynu ir vyndaryst\u0117s tradicijomis. Mo\u010diut\u0117s, kurios ji niekada nepa\u017einojo, palikimas yra netik\u0117\u010diausia galimyb\u0117 prad\u0117ti gyvenim\u0105 i\u0161 naujo. Bet praeit\u012f pamir\u0161ti ne taip lengva. Italijoje Katerina susipa\u017e\u012fsta su t\u0117vo, kurio net neprisimena, \u0161eima ir atranda, kad nepriekai\u0161tingoji mama taip pat kruop\u0161\u010diai slepia savas paslaptis. Seniai nutikusi tragedija k\u0117sinasi \u012f Katerinos gyvenimo laim\u0119&#8230;<\/p>\n","protected":false},"excerpt":{"rendered":"<p>Jan Moran romane \u201eVyndariai\u201c romanti\u0161ka gija supina \u0161eimos paslaptis, vyndaryst\u0119 ir jaunos moters likim\u0105. Atkakli ir aistringa Katerina svajoja i\u0161naudoti savo talent\u0105 ir kartu su mama gaminti puikiausi\u0105 Kalifornijos vyn\u0105, bet tai ne taip paprasta. J\u0105 grau\u017eia baisi paslaptis, galinti am\u017eiams nutraukti \u0161eimos saitus. Katerina augina nesantuokin\u0119 dukrel\u0119, kurios t\u0117vas \u2013 did\u017eioji gyvenimo meil\u0117 \u2013 nieko nepaai\u0161kin\u0119s prapuol\u0117 po lemtingosios nakties. Kaip tik tuo metu, kai itin reikia paramos, jauna moteris su\u017eino, kad paveld\u0117jo vynuogyn\u0105 Toskanoje, gars\u0117jan\u010dioje puikiu vynu ir vyndaryst\u0117s tradicijomis. Mo\u010diut\u0117s, kurios ji niekada nepa\u017einojo, palikimas yra netik\u0117\u010diausia galimyb\u0117 prad\u0117ti gyvenim\u0105 i\u0161 naujo. Bet praeit\u012f pamir\u0161ti ne taip lengva. Italijoje Katerina susipa\u017e\u012fsta su t\u0117vo, kurio net neprisimena, \u0161eima ir atranda, kad nepriekai\u0161tingoji mama taip pat kruop\u0161\u010diai slepia savas paslaptis. Seniai nutikusi tragedija k\u0117sinasi \u012f Katerinos gyvenimo laim\u0119&#8230;<\/p>\n","protected":false},"featured_media":21593,"comment_status":"open","ping_status":"closed","template":"","meta":{"_acf_changed":false,"site-sidebar-layout":"default","site-content-layout":"","ast-site-content-layout":"default","site-content-style":"default","site-sidebar-style":"default","ast-global-header-display":"","ast-banner-title-visibility":"","ast-main-header-display":"","ast-hfb-above-header-display":"","ast-hfb-below-header-display":"","ast-hfb-mobile-header-display":"","site-post-title":"","ast-breadcrumbs-content":"","ast-featured-img":"","footer-sml-layout":"","ast-disable-related-posts":"","theme-transparent-header-meta":"","adv-header-id-meta":"","stick-header-meta":"","header-above-stick-meta":"","header-main-stick-meta":"","header-below-stick-meta":"","astra-migrate-meta-layouts":"default","ast-page-background-enabled":"default","ast-page-background-meta":{"desktop":{"background-color":"","background-image":"","background-repeat":"repeat","background-position":"center center","background-size":"auto","background-attachment":"scroll","background-type":"","background-media":"","overlay-type":"","overlay-color":"","overlay-opacity":"","overlay-gradient":""},"tablet":{"background-color":"","background-image":"","background-repeat":"repeat","background-position":"center center","background-size":"auto","background-attachment":"scroll","background-type":"","background-media":"","overlay-type":"","overlay-color":"","overlay-opacity":"","overlay-gradient":""},"mobile":{"background-color":"","background-image":"","background-repeat":"repeat","background-position":"center center","background-size":"auto","background-attachment":"scroll","background-type":"","background-media":"","overlay-type":"","overlay-color":"","overlay-opacity":"","overlay-gradient":""}},"ast-content-background-meta":{"desktop":{"background-color":"var(--ast-global-color-4)","background-image":"","background-repeat":"repeat","background-position":"center center","background-size":"auto","background-attachment":"scroll","background-type":"","background-media":"","overlay-type":"","overlay-color":"","overlay-opacity":"","overlay-gradient":""},"tablet":{"background-color":"var(--ast-global-color-4)","background-image":"","background-repeat":"repeat","background-position":"center center","background-size":"auto","background-attachment":"scroll","background-type":"","background-media":"","overlay-type":"","overlay-color":"","overlay-opacity":"","overlay-gradient":""},"mobile":{"background-color":"var(--ast-global-color-4)","background-image":"","background-repeat":"repeat","background-position":"center center","background-size":"auto","background-attachment":"scroll","background-type":"","background-media":"","overlay-type":"","overlay-color":"","overlay-opacity":"","overlay-gradient":""}}},"product_brand":[],"product_cat":[31],"product_tag":[],"class_list":{"0":"post-21587","1":"product","2":"type-product","3":"status-publish","4":"has-post-thumbnail","6":"product_cat-grozine-literatura","7":"desktop-align-left","8":"tablet-align-left","9":"mobile-align-left","11":"first","12":"outofstock","13":"shipping-taxable","14":"purchasable","15":"product-type-simple"},"acf":[],"yoast_head":"<!-- This site is optimized with the Yoast SEO plugin v27.0 - https:\/\/yoast.com\/product\/yoast-seo-wordpress\/ -->\n<title>Vyndariai<\/title>\n<meta name=\"description\" content=\"Jan Moran romane \u201eVyndariai\u201c romanti\u0161ka gija supina \u0161eimos paslaptis, vyndaryst\u0119 ir jaunos moters likim\u0105. Atkakli ir aistringa Katerina svajoja i\u0161naudoti\" \/>\n<meta name=\"robots\" content=\"index, follow, max-snippet:-1, max-image-preview:large, max-video-preview:-1\" \/>\n<link rel=\"canonical\" href=\"https:\/\/skaitytaknyga.lt\/en\/produktas\/vyndariai\/\" \/>\n<meta property=\"og:locale\" content=\"en_GB\" \/>\n<meta property=\"og:locale:alternate\" content=\"lt_LT\" \/>\n<meta property=\"og:type\" content=\"article\" \/>\n<meta property=\"og:title\" content=\"Vyndariai\" \/>\n<meta property=\"og:description\" content=\"Jan Moran romane \u201eVyndariai\u201c romanti\u0161ka gija supina \u0161eimos paslaptis, vyndaryst\u0119 ir jaunos moters likim\u0105. Atkakli ir aistringa Katerina svajoja i\u0161naudoti\" \/>\n<meta property=\"og:url\" content=\"https:\/\/skaitytaknyga.lt\/en\/produktas\/vyndariai\/\" \/>\n<meta property=\"og:site_name\" content=\"Skaitytaknyga\" \/>\n<meta property=\"article:publisher\" content=\"https:\/\/www.facebook.com\/skaitytaknyga\/\" \/>\n<meta property=\"article:modified_time\" content=\"2025-12-03T11:11:13+00:00\" \/>\n<meta property=\"og:image\" content=\"https:\/\/skaitytaknyga.lt\/wp-content\/uploads\/2025\/10\/Vyndariai-1.webp\" \/>\n\t<meta property=\"og:image:width\" content=\"534\" \/>\n\t<meta property=\"og:image:height\" content=\"801\" \/>\n\t<meta property=\"og:image:type\" content=\"image\/webp\" \/>\n<meta name=\"twitter:card\" content=\"summary_large_image\" \/>\n<meta name=\"twitter:label1\" content=\"Estimated reading time\" \/>\n\t<meta name=\"twitter:data1\" content=\"1 minute\" \/>\n<script type=\"application\/ld+json\" class=\"yoast-schema-graph\">{\"@context\":\"https:\/\/schema.org\",\"@graph\":[{\"@type\":\"WebPage\",\"@id\":\"https:\/\/skaitytaknyga.lt\/produktas\/vyndariai\/\",\"url\":\"https:\/\/skaitytaknyga.lt\/produktas\/vyndariai\/\",\"name\":\"Vyndariai\",\"isPartOf\":{\"@id\":\"https:\/\/skaitytaknyga.lt\/#website\"},\"primaryImageOfPage\":{\"@id\":\"https:\/\/skaitytaknyga.lt\/produktas\/vyndariai\/#primaryimage\"},\"image\":{\"@id\":\"https:\/\/skaitytaknyga.lt\/produktas\/vyndariai\/#primaryimage\"},\"thumbnailUrl\":\"https:\/\/skaitytaknyga.lt\/wp-content\/uploads\/2025\/10\/Vyndariai-1.webp\",\"datePublished\":\"2025-10-22T11:41:13+00:00\",\"dateModified\":\"2025-12-03T11:11:13+00:00\",\"description\":\"Jan Moran romane \u201eVyndariai\u201c romanti\u0161ka gija supina \u0161eimos paslaptis, vyndaryst\u0119 ir jaunos moters likim\u0105. Atkakli ir aistringa Katerina svajoja i\u0161naudoti\",\"breadcrumb\":{\"@id\":\"https:\/\/skaitytaknyga.lt\/produktas\/vyndariai\/#breadcrumb\"},\"inLanguage\":\"en-GB\",\"potentialAction\":[{\"@type\":\"ReadAction\",\"target\":[\"https:\/\/skaitytaknyga.lt\/produktas\/vyndariai\/\"]}]},{\"@type\":\"ImageObject\",\"inLanguage\":\"en-GB\",\"@id\":\"https:\/\/skaitytaknyga.lt\/produktas\/vyndariai\/#primaryimage\",\"url\":\"https:\/\/skaitytaknyga.lt\/wp-content\/uploads\/2025\/10\/Vyndariai-1.webp\",\"contentUrl\":\"https:\/\/skaitytaknyga.lt\/wp-content\/uploads\/2025\/10\/Vyndariai-1.webp\",\"width\":534,\"height\":801,\"caption\":\"Vyndariai\"},{\"@type\":\"BreadcrumbList\",\"@id\":\"https:\/\/skaitytaknyga.lt\/produktas\/vyndariai\/#breadcrumb\",\"itemListElement\":[{\"@type\":\"ListItem\",\"position\":1,\"name\":\"Home\",\"item\":\"https:\/\/skaitytaknyga.lt\/\"},{\"@type\":\"ListItem\",\"position\":2,\"name\":\"Parduotuv\u0117\",\"item\":\"https:\/\/skaitytaknyga.lt\/knygu-parduotuve\/\"},{\"@type\":\"ListItem\",\"position\":3,\"name\":\"Vyndariai\"}]},{\"@type\":\"WebSite\",\"@id\":\"https:\/\/skaitytaknyga.lt\/#website\",\"url\":\"https:\/\/skaitytaknyga.lt\/\",\"name\":\"skaitytaknyga.lt\",\"description\":\"Skaitytaknyga.lt \u2013 tai ma\u017eas \u0161eimos verslas, kuris prasid\u0117jo nuo meil\u0117s knygoms ir siekio i\u0161gelb\u0117ti knygas nuo likimo prie konteinerio. Kas vienam nereikalingas daiktas \u2013 kitam lobis, o mes esame tarpininkai, kurie padeda abiems tapti laimingesniems ???? \u017dinome kaip nelengva i\u0161gyventi ma\u017eiems verslams, tad nuo \u0161iol, \u010dia rasite ir kit\u0173, ma\u017e\u0173 \u0161eim\u0173 versl\u0173, rank\u0173 darbo, dovan\u0173 sau ir artimiesiems.\",\"publisher\":{\"@id\":\"https:\/\/skaitytaknyga.lt\/#organization\"},\"potentialAction\":[{\"@type\":\"SearchAction\",\"target\":{\"@type\":\"EntryPoint\",\"urlTemplate\":\"https:\/\/skaitytaknyga.lt\/?s={search_term_string}\"},\"query-input\":{\"@type\":\"PropertyValueSpecification\",\"valueRequired\":true,\"valueName\":\"search_term_string\"}}],\"inLanguage\":\"en-GB\"},{\"@type\":\"Organization\",\"@id\":\"https:\/\/skaitytaknyga.lt\/#organization\",\"name\":\"skaitytaknyga.lt\",\"url\":\"https:\/\/skaitytaknyga.lt\/\",\"logo\":{\"@type\":\"ImageObject\",\"inLanguage\":\"en-GB\",\"@id\":\"https:\/\/skaitytaknyga.lt\/#\/schema\/logo\/image\/\",\"url\":\"https:\/\/skaitytaknyga.lt\/wp-content\/uploads\/2024\/05\/cropped-cropped-cropped-02_00843_jt3bggkj1j3HLc7SyY6rEUpg.jpeg\",\"contentUrl\":\"https:\/\/skaitytaknyga.lt\/wp-content\/uploads\/2024\/05\/cropped-cropped-cropped-02_00843_jt3bggkj1j3HLc7SyY6rEUpg.jpeg\",\"width\":1600,\"height\":1600,\"caption\":\"skaitytaknyga.lt\"},\"image\":{\"@id\":\"https:\/\/skaitytaknyga.lt\/#\/schema\/logo\/image\/\"},\"sameAs\":[\"https:\/\/www.facebook.com\/skaitytaknyga\/\"]}]}<\/script>\n<!-- \/ Yoast SEO plugin. -->","yoast_head_json":{"title":"Vyndariai","description":"Jan Moran romane \u201eVyndariai\u201c romanti\u0161ka gija supina \u0161eimos paslaptis, vyndaryst\u0119 ir jaunos moters likim\u0105. Atkakli ir aistringa Katerina svajoja i\u0161naudoti","robots":{"index":"index","follow":"follow","max-snippet":"max-snippet:-1","max-image-preview":"max-image-preview:large","max-video-preview":"max-video-preview:-1"},"canonical":"https:\/\/skaitytaknyga.lt\/en\/produktas\/vyndariai\/","og_locale":"en_GB","og_type":"article","og_title":"[:lt]Vyndariai[:] - Skaitytaknyga","og_description":"Jan Moran romane \u201eVyndariai\u201c romanti\u0161ka gija supina \u0161eimos paslaptis, vyndaryst\u0119 ir jaunos moters likim\u0105. Atkakli ir aistringa Katerina svajoja i\u0161naudoti","og_url":"https:\/\/skaitytaknyga.lt\/en\/produktas\/vyndariai\/","og_site_name":"Skaitytaknyga","article_publisher":"https:\/\/www.facebook.com\/skaitytaknyga\/","article_modified_time":"2025-12-03T11:11:13+00:00","og_image":[{"width":534,"height":801,"url":"https:\/\/skaitytaknyga.lt\/wp-content\/uploads\/2025\/10\/Vyndariai-1.webp","type":"image\/webp"}],"twitter_card":"summary_large_image","twitter_misc":{"Estimated reading time":"1 minute"},"schema":{"@context":"https:\/\/schema.org","@graph":[{"@type":"WebPage","@id":"https:\/\/skaitytaknyga.lt\/produktas\/vyndariai\/","url":"https:\/\/skaitytaknyga.lt\/produktas\/vyndariai\/","name":"Vyndariai","isPartOf":{"@id":"https:\/\/skaitytaknyga.lt\/#website"},"primaryImageOfPage":{"@id":"https:\/\/skaitytaknyga.lt\/produktas\/vyndariai\/#primaryimage"},"image":{"@id":"https:\/\/skaitytaknyga.lt\/produktas\/vyndariai\/#primaryimage"},"thumbnailUrl":"https:\/\/skaitytaknyga.lt\/wp-content\/uploads\/2025\/10\/Vyndariai-1.webp","datePublished":"2025-10-22T11:41:13+00:00","dateModified":"2025-12-03T11:11:13+00:00","description":"Jan Moran romane \u201eVyndariai\u201c romanti\u0161ka gija supina \u0161eimos paslaptis, vyndaryst\u0119 ir jaunos moters likim\u0105. Atkakli ir aistringa Katerina svajoja i\u0161naudoti","breadcrumb":{"@id":"https:\/\/skaitytaknyga.lt\/produktas\/vyndariai\/#breadcrumb"},"inLanguage":"en-GB","potentialAction":[{"@type":"ReadAction","target":["https:\/\/skaitytaknyga.lt\/produktas\/vyndariai\/"]}]},{"@type":"ImageObject","inLanguage":"en-GB","@id":"https:\/\/skaitytaknyga.lt\/produktas\/vyndariai\/#primaryimage","url":"https:\/\/skaitytaknyga.lt\/wp-content\/uploads\/2025\/10\/Vyndariai-1.webp","contentUrl":"https:\/\/skaitytaknyga.lt\/wp-content\/uploads\/2025\/10\/Vyndariai-1.webp","width":534,"height":801,"caption":"Vyndariai"},{"@type":"BreadcrumbList","@id":"https:\/\/skaitytaknyga.lt\/produktas\/vyndariai\/#breadcrumb","itemListElement":[{"@type":"ListItem","position":1,"name":"Home","item":"https:\/\/skaitytaknyga.lt\/"},{"@type":"ListItem","position":2,"name":"Parduotuv\u0117","item":"https:\/\/skaitytaknyga.lt\/knygu-parduotuve\/"},{"@type":"ListItem","position":3,"name":"Vyndariai"}]},{"@type":"WebSite","@id":"https:\/\/skaitytaknyga.lt\/#website","url":"https:\/\/skaitytaknyga.lt\/","name":"skaitytaknyga.lt","description":"Skaitytaknyga.lt \u2013 tai ma\u017eas \u0161eimos verslas, kuris prasid\u0117jo nuo meil\u0117s knygoms ir siekio i\u0161gelb\u0117ti knygas nuo likimo prie konteinerio. Kas vienam nereikalingas daiktas \u2013 kitam lobis, o mes esame tarpininkai, kurie padeda abiems tapti laimingesniems ???? \u017dinome kaip nelengva i\u0161gyventi ma\u017eiems verslams, tad nuo \u0161iol, \u010dia rasite ir kit\u0173, ma\u017e\u0173 \u0161eim\u0173 versl\u0173, rank\u0173 darbo, dovan\u0173 sau ir artimiesiems.","publisher":{"@id":"https:\/\/skaitytaknyga.lt\/#organization"},"potentialAction":[{"@type":"SearchAction","target":{"@type":"EntryPoint","urlTemplate":"https:\/\/skaitytaknyga.lt\/?s={search_term_string}"},"query-input":{"@type":"PropertyValueSpecification","valueRequired":true,"valueName":"search_term_string"}}],"inLanguage":"en-GB"},{"@type":"Organization","@id":"https:\/\/skaitytaknyga.lt\/#organization","name":"skaitytaknyga.lt","url":"https:\/\/skaitytaknyga.lt\/","logo":{"@type":"ImageObject","inLanguage":"en-GB","@id":"https:\/\/skaitytaknyga.lt\/#\/schema\/logo\/image\/","url":"https:\/\/skaitytaknyga.lt\/wp-content\/uploads\/2024\/05\/cropped-cropped-cropped-02_00843_jt3bggkj1j3HLc7SyY6rEUpg.jpeg","contentUrl":"https:\/\/skaitytaknyga.lt\/wp-content\/uploads\/2024\/05\/cropped-cropped-cropped-02_00843_jt3bggkj1j3HLc7SyY6rEUpg.jpeg","width":1600,"height":1600,"caption":"skaitytaknyga.lt"},"image":{"@id":"https:\/\/skaitytaknyga.lt\/#\/schema\/logo\/image\/"},"sameAs":["https:\/\/www.facebook.com\/skaitytaknyga\/"]}]}},"_links":{"self":[{"href":"https:\/\/skaitytaknyga.lt\/en\/wp-json\/wp\/v2\/product\/21587","targetHints":{"allow":["GET"]}}],"collection":[{"href":"https:\/\/skaitytaknyga.lt\/en\/wp-json\/wp\/v2\/product"}],"about":[{"href":"https:\/\/skaitytaknyga.lt\/en\/wp-json\/wp\/v2\/types\/product"}],"replies":[{"embeddable":true,"href":"https:\/\/skaitytaknyga.lt\/en\/wp-json\/wp\/v2\/comments?post=21587"}],"wp:featuredmedia":[{"embeddable":true,"href":"https:\/\/skaitytaknyga.lt\/en\/wp-json\/wp\/v2\/media\/21593"}],"wp:attachment":[{"href":"https:\/\/skaitytaknyga.lt\/en\/wp-json\/wp\/v2\/media?parent=21587"}],"wp:term":[{"taxonomy":"product_brand","embeddable":true,"href":"https:\/\/skaitytaknyga.lt\/en\/wp-json\/wp\/v2\/product_brand?post=21587"},{"taxonomy":"product_cat","embeddable":true,"href":"https:\/\/skaitytaknyga.lt\/en\/wp-json\/wp\/v2\/product_cat?post=21587"},{"taxonomy":"product_tag","embeddable":true,"href":"https:\/\/skaitytaknyga.lt\/en\/wp-json\/wp\/v2\/product_tag?post=21587"}],"curies":[{"name":"wp","href":"https:\/\/api.w.org\/{rel}","templated":true}]}}