{"id":21586,"date":"2025-10-22T14:41:13","date_gmt":"2025-10-22T11:41:13","guid":{"rendered":"https:\/\/skaitytaknyga.lt\/?post_type=product&#038;p=21586"},"modified":"2025-10-25T12:24:34","modified_gmt":"2025-10-25T09:24:34","slug":"astrologijos-vadovas-sudauzytoms-sirdims","status":"publish","type":"product","link":"https:\/\/skaitytaknyga.lt\/en\/produktas\/astrologijos-vadovas-sudauzytoms-sirdims\/","title":{"rendered":"Astrologijos vadovas sudau\u017eytoms \u0161irdims"},"content":{"rendered":"<p>\u017dvaig\u017ed\u0117s nemeluoja&#8230; Meluoja vyrai.<\/p>\n<p>Kai horoskopas \u017eada gera, o mano gyvenimas eina velniop, jau\u010diuosi nepritap\u0117l\u0117. \u012esivaizduoju, kad visi po mano \u017eenklu gim\u0119 \u017emon\u0117s sulipo \u012f s\u0117km\u0117s traukin\u012f, o man prie\u0161 pat nos\u012f u\u017esidar\u0117 durys. Tiesiog norisi \u010diupti telefon\u0105, paskambinti horoskop\u0105 sudariusiam tipui, i\u0161keikti ir pasakyti, kad paduosiu j\u012f \u012f teism\u0105.<\/p>\n<p>Alisa netiki horoskopais. Bet kartais juos skaito. Ji ne i\u0161 t\u0173, tryk\u0161tan\u010di\u0173 optimizmu, ir ne i\u0161 t\u0173, kurioms sekt\u0173si meil\u0117je. Dar prie\u0161 kelet\u0105 m\u0117nesi\u0173 Alisos pasitik\u0117jimo savimi lygis buvo pasiek\u0119s kritin\u0119 rib\u0105, jos gyvenim\u0105 u\u017egriuvo cunamis \u2013 buvusio vaikino mergina laukiasi, o naujas beproti\u0161kai seksualus bendradarbis nuolat u\u017eklumpa g\u0117dingiausiose situacijose&#8230;<\/p>\n<p>Ta\u010diau vien\u0105, ne pa\u010di\u0105 s\u0117kmingiausi\u0105, dien\u0105 \u012f Alisos gyvenim\u0105 \u012f\u017eengia Tijus \u2013 tikr\u0173 tikriausias astrologijos guru! Paai\u0161k\u0117ja, kad d\u0117l jos problem\u0173 kaltas ne paslaptingas kosminis s\u0105mokslas, o viso labo Svarstykl\u0117ms nepalankiai i\u0161sid\u0117s\u010diusios \u017evaig\u017ed\u0117s. Kitaip tariant, Alis\u0105 kankina tarpplanetin\u0117s nes\u0117km\u0117s sindromas! Geriausia, k\u0105 mergina gali padaryti, \u2013 tai pasiraitoti rankoves ir i\u0161siai\u0161kinti, koki\u0173 staigmen\u0173 jai paruo\u0161\u0117 \u017evaig\u017ed\u0117se \u012fra\u0161ytas likimas. Visa laim\u0117, kad \u017evaig\u017ed\u0117s nulemia ne visk\u0105, kai u\u017eklumpa tikra meil\u0117.<\/p>\n<p>\u201eSilvia Zucca prajuokins jus iki a\u0161ar\u0173. Ji neleis jums atsitraukti nuo labiausiai sutrikusios ir mieliausios kada nors sutiktos pagrindin\u0117s knygos veik\u0117jos. \u0160is romanas taip jus paker\u0117s, kad tiesiog negal\u0117site pad\u0117ti jo \u012f \u0161al\u012f. Patik\u0117kite, a\u0161 negal\u0117jau.&#8221;<br \/>\nCristina Prasso, \u201eNord Publisher&#8221;<\/p>\n<p>Silvia Zucca (Silvija Zuka) gyvena Milane. Baig\u0117 angl\u0173 literat\u016br\u0105, studijuoja kin\u0105, taip pat ver\u010dia gro\u017ein\u0119 literat\u016br\u0105. \u201eAstrologijos vadovas sudau\u017eytoms \u0161irdims&#8221; \u2013 debiutinis autor\u0117s romanas, Italijos dienra\u0161\u010dio \u201eLa Repubblica&#8221; paskelbtas laukiamiausia met\u0173 knyga.<\/p>\n","protected":false},"excerpt":{"rendered":"<p>\u017dvaig\u017ed\u0117s nemeluoja&#8230; Meluoja vyrai. Kai horoskopas \u017eada gera, o mano gyvenimas eina velniop, jau\u010diuosi nepritap\u0117l\u0117. \u012esivaizduoju, kad visi po mano \u017eenklu gim\u0119 \u017emon\u0117s sulipo \u012f s\u0117km\u0117s traukin\u012f, o man prie\u0161 pat nos\u012f u\u017esidar\u0117 durys. Tiesiog norisi \u010diupti telefon\u0105, paskambinti horoskop\u0105 sudariusiam tipui, i\u0161keikti ir pasakyti, kad paduosiu j\u012f \u012f teism\u0105. Alisa netiki horoskopais. Bet kartais juos skaito. Ji ne i\u0161 t\u0173, tryk\u0161tan\u010di\u0173 optimizmu, ir ne i\u0161 t\u0173, kurioms sekt\u0173si meil\u0117je. Dar prie\u0161 kelet\u0105 m\u0117nesi\u0173 Alisos pasitik\u0117jimo savimi lygis buvo pasiek\u0119s kritin\u0119 rib\u0105, jos gyvenim\u0105 u\u017egriuvo cunamis \u2013 buvusio vaikino mergina laukiasi, o naujas beproti\u0161kai seksualus bendradarbis nuolat u\u017eklumpa g\u0117dingiausiose situacijose&#8230; Ta\u010diau vien\u0105, ne pa\u010di\u0105 s\u0117kmingiausi\u0105, dien\u0105 \u012f Alisos gyvenim\u0105 \u012f\u017eengia Tijus \u2013 tikr\u0173 tikriausias astrologijos guru! Paai\u0161k\u0117ja, kad d\u0117l jos problem\u0173 kaltas ne paslaptingas kosminis s\u0105mokslas, o viso labo Svarstykl\u0117ms nepalankiai i\u0161sid\u0117s\u010diusios \u017evaig\u017ed\u0117s. Kitaip tariant, Alis\u0105 kankina tarpplanetin\u0117s nes\u0117km\u0117s sindromas! Geriausia, k\u0105 mergina gali padaryti, \u2013 tai pasiraitoti rankoves ir i\u0161siai\u0161kinti, koki\u0173 staigmen\u0173 jai paruo\u0161\u0117 \u017evaig\u017ed\u0117se \u012fra\u0161ytas likimas. Visa laim\u0117, kad \u017evaig\u017ed\u0117s nulemia ne visk\u0105, kai u\u017eklumpa tikra meil\u0117. \u201eSilvia Zucca prajuokins jus iki a\u0161ar\u0173. Ji neleis jums atsitraukti nuo labiausiai sutrikusios ir mieliausios kada nors sutiktos pagrindin\u0117s knygos veik\u0117jos. \u0160is romanas taip jus paker\u0117s, kad tiesiog negal\u0117site pad\u0117ti jo \u012f \u0161al\u012f. Patik\u0117kite, a\u0161 negal\u0117jau.&#8221; Cristina Prasso, \u201eNord Publisher&#8221; Silvia Zucca (Silvija Zuka) gyvena Milane. Baig\u0117 angl\u0173 literat\u016br\u0105, studijuoja kin\u0105, taip pat ver\u010dia gro\u017ein\u0119 literat\u016br\u0105. \u201eAstrologijos vadovas sudau\u017eytoms \u0161irdims&#8221; \u2013 debiutinis autor\u0117s romanas, Italijos dienra\u0161\u010dio \u201eLa Repubblica&#8221; paskelbtas laukiamiausia met\u0173 knyga.<\/p>\n","protected":false},"featured_media":21591,"comment_status":"open","ping_status":"closed","template":"","meta":{"_acf_changed":false,"site-sidebar-layout":"default","site-content-layout":"","ast-site-content-layout":"default","site-content-style":"default","site-sidebar-style":"default","ast-global-header-display":"","ast-banner-title-visibility":"","ast-main-header-display":"","ast-hfb-above-header-display":"","ast-hfb-below-header-display":"","ast-hfb-mobile-header-display":"","site-post-title":"","ast-breadcrumbs-content":"","ast-featured-img":"","footer-sml-layout":"","ast-disable-related-posts":"","theme-transparent-header-meta":"","adv-header-id-meta":"","stick-header-meta":"","header-above-stick-meta":"","header-main-stick-meta":"","header-below-stick-meta":"","astra-migrate-meta-layouts":"default","ast-page-background-enabled":"default","ast-page-background-meta":{"desktop":{"background-color":"","background-image":"","background-repeat":"repeat","background-position":"center center","background-size":"auto","background-attachment":"scroll","background-type":"","background-media":"","overlay-type":"","overlay-color":"","overlay-opacity":"","overlay-gradient":""},"tablet":{"background-color":"","background-image":"","background-repeat":"repeat","background-position":"center center","background-size":"auto","background-attachment":"scroll","background-type":"","background-media":"","overlay-type":"","overlay-color":"","overlay-opacity":"","overlay-gradient":""},"mobile":{"background-color":"","background-image":"","background-repeat":"repeat","background-position":"center center","background-size":"auto","background-attachment":"scroll","background-type":"","background-media":"","overlay-type":"","overlay-color":"","overlay-opacity":"","overlay-gradient":""}},"ast-content-background-meta":{"desktop":{"background-color":"var(--ast-global-color-4)","background-image":"","background-repeat":"repeat","background-position":"center center","background-size":"auto","background-attachment":"scroll","background-type":"","background-media":"","overlay-type":"","overlay-color":"","overlay-opacity":"","overlay-gradient":""},"tablet":{"background-color":"var(--ast-global-color-4)","background-image":"","background-repeat":"repeat","background-position":"center center","background-size":"auto","background-attachment":"scroll","background-type":"","background-media":"","overlay-type":"","overlay-color":"","overlay-opacity":"","overlay-gradient":""},"mobile":{"background-color":"var(--ast-global-color-4)","background-image":"","background-repeat":"repeat","background-position":"center center","background-size":"auto","background-attachment":"scroll","background-type":"","background-media":"","overlay-type":"","overlay-color":"","overlay-opacity":"","overlay-gradient":""}}},"product_brand":[],"product_cat":[31],"product_tag":[],"class_list":{"0":"post-21586","1":"product","2":"type-product","3":"status-publish","4":"has-post-thumbnail","6":"product_cat-grozine-literatura","7":"desktop-align-left","8":"tablet-align-left","9":"mobile-align-left","11":"first","12":"instock","13":"shipping-taxable","14":"purchasable","15":"product-type-simple"},"acf":[],"yoast_head":"<!-- This site is optimized with the Yoast SEO plugin v27.0 - https:\/\/yoast.com\/product\/yoast-seo-wordpress\/ -->\n<title>Astrologijos vadovas sudau\u017eytoms \u0161irdims<\/title>\n<meta name=\"description\" content=\"\u017dvaig\u017ed\u0117s nemeluoja... Meluoja vyrai. Kai horoskopas \u017eada gera, o mano gyvenimas eina velniop, jau\u010diuosi nepritap\u0117l\u0117. \u012esivaizduoju, kad visi po mano\" \/>\n<meta name=\"robots\" content=\"index, follow, max-snippet:-1, max-image-preview:large, max-video-preview:-1\" \/>\n<link rel=\"canonical\" href=\"https:\/\/skaitytaknyga.lt\/en\/produktas\/astrologijos-vadovas-sudauzytoms-sirdims\/\" \/>\n<meta property=\"og:locale\" content=\"en_GB\" \/>\n<meta property=\"og:locale:alternate\" content=\"lt_LT\" \/>\n<meta property=\"og:type\" content=\"article\" \/>\n<meta property=\"og:title\" content=\"Astrologijos vadovas sudau\u017eytoms \u0161irdims\" \/>\n<meta property=\"og:description\" content=\"\u017dvaig\u017ed\u0117s nemeluoja... Meluoja vyrai. Kai horoskopas \u017eada gera, o mano gyvenimas eina velniop, jau\u010diuosi nepritap\u0117l\u0117. \u012esivaizduoju, kad visi po mano\" \/>\n<meta property=\"og:url\" content=\"https:\/\/skaitytaknyga.lt\/en\/produktas\/astrologijos-vadovas-sudauzytoms-sirdims\/\" \/>\n<meta property=\"og:site_name\" content=\"Skaitytaknyga\" \/>\n<meta property=\"article:publisher\" content=\"https:\/\/www.facebook.com\/skaitytaknyga\/\" \/>\n<meta property=\"article:modified_time\" content=\"2025-10-25T09:24:34+00:00\" \/>\n<meta property=\"og:image\" content=\"https:\/\/skaitytaknyga.lt\/wp-content\/uploads\/2025\/10\/Astrologijos-vadovas-sudauzytoms-sirdims-1-1-1-e1761133296548.jpg\" \/>\n\t<meta property=\"og:image:width\" content=\"349\" \/>\n\t<meta property=\"og:image:height\" content=\"500\" \/>\n\t<meta property=\"og:image:type\" content=\"image\/jpeg\" \/>\n<meta name=\"twitter:card\" content=\"summary_large_image\" \/>\n<meta name=\"twitter:label1\" content=\"Estimated reading time\" \/>\n\t<meta name=\"twitter:data1\" content=\"1 minute\" \/>\n<script type=\"application\/ld+json\" class=\"yoast-schema-graph\">{\"@context\":\"https:\/\/schema.org\",\"@graph\":[{\"@type\":\"WebPage\",\"@id\":\"https:\/\/skaitytaknyga.lt\/produktas\/astrologijos-vadovas-sudauzytoms-sirdims\/\",\"url\":\"https:\/\/skaitytaknyga.lt\/produktas\/astrologijos-vadovas-sudauzytoms-sirdims\/\",\"name\":\"Astrologijos vadovas sudau\u017eytoms \u0161irdims\",\"isPartOf\":{\"@id\":\"https:\/\/skaitytaknyga.lt\/#website\"},\"primaryImageOfPage\":{\"@id\":\"https:\/\/skaitytaknyga.lt\/produktas\/astrologijos-vadovas-sudauzytoms-sirdims\/#primaryimage\"},\"image\":{\"@id\":\"https:\/\/skaitytaknyga.lt\/produktas\/astrologijos-vadovas-sudauzytoms-sirdims\/#primaryimage\"},\"thumbnailUrl\":\"https:\/\/skaitytaknyga.lt\/wp-content\/uploads\/2025\/10\/Astrologijos-vadovas-sudauzytoms-sirdims-1-1-1-e1761133296548.jpg\",\"datePublished\":\"2025-10-22T11:41:13+00:00\",\"dateModified\":\"2025-10-25T09:24:34+00:00\",\"description\":\"\u017dvaig\u017ed\u0117s nemeluoja... Meluoja vyrai. Kai horoskopas \u017eada gera, o mano gyvenimas eina velniop, jau\u010diuosi nepritap\u0117l\u0117. \u012esivaizduoju, kad visi po mano\",\"breadcrumb\":{\"@id\":\"https:\/\/skaitytaknyga.lt\/produktas\/astrologijos-vadovas-sudauzytoms-sirdims\/#breadcrumb\"},\"inLanguage\":\"en-GB\",\"potentialAction\":[{\"@type\":\"ReadAction\",\"target\":[\"https:\/\/skaitytaknyga.lt\/produktas\/astrologijos-vadovas-sudauzytoms-sirdims\/\"]}]},{\"@type\":\"ImageObject\",\"inLanguage\":\"en-GB\",\"@id\":\"https:\/\/skaitytaknyga.lt\/produktas\/astrologijos-vadovas-sudauzytoms-sirdims\/#primaryimage\",\"url\":\"https:\/\/skaitytaknyga.lt\/wp-content\/uploads\/2025\/10\/Astrologijos-vadovas-sudauzytoms-sirdims-1-1-1-e1761133296548.jpg\",\"contentUrl\":\"https:\/\/skaitytaknyga.lt\/wp-content\/uploads\/2025\/10\/Astrologijos-vadovas-sudauzytoms-sirdims-1-1-1-e1761133296548.jpg\",\"width\":349,\"height\":500},{\"@type\":\"BreadcrumbList\",\"@id\":\"https:\/\/skaitytaknyga.lt\/produktas\/astrologijos-vadovas-sudauzytoms-sirdims\/#breadcrumb\",\"itemListElement\":[{\"@type\":\"ListItem\",\"position\":1,\"name\":\"Home\",\"item\":\"https:\/\/skaitytaknyga.lt\/\"},{\"@type\":\"ListItem\",\"position\":2,\"name\":\"Parduotuv\u0117\",\"item\":\"https:\/\/skaitytaknyga.lt\/knygu-parduotuve\/\"},{\"@type\":\"ListItem\",\"position\":3,\"name\":\"Astrologijos vadovas sudau\u017eytoms \u0161irdims\"}]},{\"@type\":\"WebSite\",\"@id\":\"https:\/\/skaitytaknyga.lt\/#website\",\"url\":\"https:\/\/skaitytaknyga.lt\/\",\"name\":\"skaitytaknyga.lt\",\"description\":\"Skaitytaknyga.lt \u2013 tai ma\u017eas \u0161eimos verslas, kuris prasid\u0117jo nuo meil\u0117s knygoms ir siekio i\u0161gelb\u0117ti knygas nuo likimo prie konteinerio. Kas vienam nereikalingas daiktas \u2013 kitam lobis, o mes esame tarpininkai, kurie padeda abiems tapti laimingesniems ???? \u017dinome kaip nelengva i\u0161gyventi ma\u017eiems verslams, tad nuo \u0161iol, \u010dia rasite ir kit\u0173, ma\u017e\u0173 \u0161eim\u0173 versl\u0173, rank\u0173 darbo, dovan\u0173 sau ir artimiesiems.\",\"publisher\":{\"@id\":\"https:\/\/skaitytaknyga.lt\/#organization\"},\"potentialAction\":[{\"@type\":\"SearchAction\",\"target\":{\"@type\":\"EntryPoint\",\"urlTemplate\":\"https:\/\/skaitytaknyga.lt\/?s={search_term_string}\"},\"query-input\":{\"@type\":\"PropertyValueSpecification\",\"valueRequired\":true,\"valueName\":\"search_term_string\"}}],\"inLanguage\":\"en-GB\"},{\"@type\":\"Organization\",\"@id\":\"https:\/\/skaitytaknyga.lt\/#organization\",\"name\":\"skaitytaknyga.lt\",\"url\":\"https:\/\/skaitytaknyga.lt\/\",\"logo\":{\"@type\":\"ImageObject\",\"inLanguage\":\"en-GB\",\"@id\":\"https:\/\/skaitytaknyga.lt\/#\/schema\/logo\/image\/\",\"url\":\"https:\/\/skaitytaknyga.lt\/wp-content\/uploads\/2024\/05\/cropped-cropped-cropped-02_00843_jt3bggkj1j3HLc7SyY6rEUpg.jpeg\",\"contentUrl\":\"https:\/\/skaitytaknyga.lt\/wp-content\/uploads\/2024\/05\/cropped-cropped-cropped-02_00843_jt3bggkj1j3HLc7SyY6rEUpg.jpeg\",\"width\":1600,\"height\":1600,\"caption\":\"skaitytaknyga.lt\"},\"image\":{\"@id\":\"https:\/\/skaitytaknyga.lt\/#\/schema\/logo\/image\/\"},\"sameAs\":[\"https:\/\/www.facebook.com\/skaitytaknyga\/\"]}]}<\/script>\n<!-- \/ Yoast SEO plugin. -->","yoast_head_json":{"title":"Astrologijos vadovas sudau\u017eytoms \u0161irdims","description":"\u017dvaig\u017ed\u0117s nemeluoja... Meluoja vyrai. Kai horoskopas \u017eada gera, o mano gyvenimas eina velniop, jau\u010diuosi nepritap\u0117l\u0117. \u012esivaizduoju, kad visi po mano","robots":{"index":"index","follow":"follow","max-snippet":"max-snippet:-1","max-image-preview":"max-image-preview:large","max-video-preview":"max-video-preview:-1"},"canonical":"https:\/\/skaitytaknyga.lt\/en\/produktas\/astrologijos-vadovas-sudauzytoms-sirdims\/","og_locale":"en_GB","og_type":"article","og_title":"[:lt]Astrologijos vadovas sudau\u017eytoms \u0161irdims[:] - Skaitytaknyga","og_description":"\u017dvaig\u017ed\u0117s nemeluoja... Meluoja vyrai. Kai horoskopas \u017eada gera, o mano gyvenimas eina velniop, jau\u010diuosi nepritap\u0117l\u0117. \u012esivaizduoju, kad visi po mano","og_url":"https:\/\/skaitytaknyga.lt\/en\/produktas\/astrologijos-vadovas-sudauzytoms-sirdims\/","og_site_name":"Skaitytaknyga","article_publisher":"https:\/\/www.facebook.com\/skaitytaknyga\/","article_modified_time":"2025-10-25T09:24:34+00:00","og_image":[{"width":349,"height":500,"url":"https:\/\/skaitytaknyga.lt\/wp-content\/uploads\/2025\/10\/Astrologijos-vadovas-sudauzytoms-sirdims-1-1-1-e1761133296548.jpg","type":"image\/jpeg"}],"twitter_card":"summary_large_image","twitter_misc":{"Estimated reading time":"1 minute"},"schema":{"@context":"https:\/\/schema.org","@graph":[{"@type":"WebPage","@id":"https:\/\/skaitytaknyga.lt\/produktas\/astrologijos-vadovas-sudauzytoms-sirdims\/","url":"https:\/\/skaitytaknyga.lt\/produktas\/astrologijos-vadovas-sudauzytoms-sirdims\/","name":"Astrologijos vadovas sudau\u017eytoms \u0161irdims","isPartOf":{"@id":"https:\/\/skaitytaknyga.lt\/#website"},"primaryImageOfPage":{"@id":"https:\/\/skaitytaknyga.lt\/produktas\/astrologijos-vadovas-sudauzytoms-sirdims\/#primaryimage"},"image":{"@id":"https:\/\/skaitytaknyga.lt\/produktas\/astrologijos-vadovas-sudauzytoms-sirdims\/#primaryimage"},"thumbnailUrl":"https:\/\/skaitytaknyga.lt\/wp-content\/uploads\/2025\/10\/Astrologijos-vadovas-sudauzytoms-sirdims-1-1-1-e1761133296548.jpg","datePublished":"2025-10-22T11:41:13+00:00","dateModified":"2025-10-25T09:24:34+00:00","description":"\u017dvaig\u017ed\u0117s nemeluoja... Meluoja vyrai. Kai horoskopas \u017eada gera, o mano gyvenimas eina velniop, jau\u010diuosi nepritap\u0117l\u0117. \u012esivaizduoju, kad visi po mano","breadcrumb":{"@id":"https:\/\/skaitytaknyga.lt\/produktas\/astrologijos-vadovas-sudauzytoms-sirdims\/#breadcrumb"},"inLanguage":"en-GB","potentialAction":[{"@type":"ReadAction","target":["https:\/\/skaitytaknyga.lt\/produktas\/astrologijos-vadovas-sudauzytoms-sirdims\/"]}]},{"@type":"ImageObject","inLanguage":"en-GB","@id":"https:\/\/skaitytaknyga.lt\/produktas\/astrologijos-vadovas-sudauzytoms-sirdims\/#primaryimage","url":"https:\/\/skaitytaknyga.lt\/wp-content\/uploads\/2025\/10\/Astrologijos-vadovas-sudauzytoms-sirdims-1-1-1-e1761133296548.jpg","contentUrl":"https:\/\/skaitytaknyga.lt\/wp-content\/uploads\/2025\/10\/Astrologijos-vadovas-sudauzytoms-sirdims-1-1-1-e1761133296548.jpg","width":349,"height":500},{"@type":"BreadcrumbList","@id":"https:\/\/skaitytaknyga.lt\/produktas\/astrologijos-vadovas-sudauzytoms-sirdims\/#breadcrumb","itemListElement":[{"@type":"ListItem","position":1,"name":"Home","item":"https:\/\/skaitytaknyga.lt\/"},{"@type":"ListItem","position":2,"name":"Parduotuv\u0117","item":"https:\/\/skaitytaknyga.lt\/knygu-parduotuve\/"},{"@type":"ListItem","position":3,"name":"Astrologijos vadovas sudau\u017eytoms \u0161irdims"}]},{"@type":"WebSite","@id":"https:\/\/skaitytaknyga.lt\/#website","url":"https:\/\/skaitytaknyga.lt\/","name":"skaitytaknyga.lt","description":"Skaitytaknyga.lt \u2013 tai ma\u017eas \u0161eimos verslas, kuris prasid\u0117jo nuo meil\u0117s knygoms ir siekio i\u0161gelb\u0117ti knygas nuo likimo prie konteinerio. Kas vienam nereikalingas daiktas \u2013 kitam lobis, o mes esame tarpininkai, kurie padeda abiems tapti laimingesniems ???? \u017dinome kaip nelengva i\u0161gyventi ma\u017eiems verslams, tad nuo \u0161iol, \u010dia rasite ir kit\u0173, ma\u017e\u0173 \u0161eim\u0173 versl\u0173, rank\u0173 darbo, dovan\u0173 sau ir artimiesiems.","publisher":{"@id":"https:\/\/skaitytaknyga.lt\/#organization"},"potentialAction":[{"@type":"SearchAction","target":{"@type":"EntryPoint","urlTemplate":"https:\/\/skaitytaknyga.lt\/?s={search_term_string}"},"query-input":{"@type":"PropertyValueSpecification","valueRequired":true,"valueName":"search_term_string"}}],"inLanguage":"en-GB"},{"@type":"Organization","@id":"https:\/\/skaitytaknyga.lt\/#organization","name":"skaitytaknyga.lt","url":"https:\/\/skaitytaknyga.lt\/","logo":{"@type":"ImageObject","inLanguage":"en-GB","@id":"https:\/\/skaitytaknyga.lt\/#\/schema\/logo\/image\/","url":"https:\/\/skaitytaknyga.lt\/wp-content\/uploads\/2024\/05\/cropped-cropped-cropped-02_00843_jt3bggkj1j3HLc7SyY6rEUpg.jpeg","contentUrl":"https:\/\/skaitytaknyga.lt\/wp-content\/uploads\/2024\/05\/cropped-cropped-cropped-02_00843_jt3bggkj1j3HLc7SyY6rEUpg.jpeg","width":1600,"height":1600,"caption":"skaitytaknyga.lt"},"image":{"@id":"https:\/\/skaitytaknyga.lt\/#\/schema\/logo\/image\/"},"sameAs":["https:\/\/www.facebook.com\/skaitytaknyga\/"]}]}},"_links":{"self":[{"href":"https:\/\/skaitytaknyga.lt\/en\/wp-json\/wp\/v2\/product\/21586","targetHints":{"allow":["GET"]}}],"collection":[{"href":"https:\/\/skaitytaknyga.lt\/en\/wp-json\/wp\/v2\/product"}],"about":[{"href":"https:\/\/skaitytaknyga.lt\/en\/wp-json\/wp\/v2\/types\/product"}],"replies":[{"embeddable":true,"href":"https:\/\/skaitytaknyga.lt\/en\/wp-json\/wp\/v2\/comments?post=21586"}],"wp:featuredmedia":[{"embeddable":true,"href":"https:\/\/skaitytaknyga.lt\/en\/wp-json\/wp\/v2\/media\/21591"}],"wp:attachment":[{"href":"https:\/\/skaitytaknyga.lt\/en\/wp-json\/wp\/v2\/media?parent=21586"}],"wp:term":[{"taxonomy":"product_brand","embeddable":true,"href":"https:\/\/skaitytaknyga.lt\/en\/wp-json\/wp\/v2\/product_brand?post=21586"},{"taxonomy":"product_cat","embeddable":true,"href":"https:\/\/skaitytaknyga.lt\/en\/wp-json\/wp\/v2\/product_cat?post=21586"},{"taxonomy":"product_tag","embeddable":true,"href":"https:\/\/skaitytaknyga.lt\/en\/wp-json\/wp\/v2\/product_tag?post=21586"}],"curies":[{"name":"wp","href":"https:\/\/api.w.org\/{rel}","templated":true}]}}