{"id":21577,"date":"2025-10-17T21:10:06","date_gmt":"2025-10-17T18:10:06","guid":{"rendered":"https:\/\/skaitytaknyga.lt\/?post_type=product&#038;p=21577"},"modified":"2025-10-22T14:37:48","modified_gmt":"2025-10-22T11:37:48","slug":"tegyvuoja-meile-jiems-pavydi-net-zvaigzdes-3-knyga","status":"publish","type":"product","link":"https:\/\/skaitytaknyga.lt\/en\/produktas\/tegyvuoja-meile-jiems-pavydi-net-zvaigzdes-3-knyga\/","title":{"rendered":"Tegyvuoja meil\u0117! Jiems pavydi net \u017evaig\u017ed\u0117s. 3 knyga"},"content":{"rendered":"<p>Trij\u0173 knyg\u0173 serija \u201eJiems pavydi net \u017evaig\u017ed\u0117s&#8221;<\/p>\n<p>Garbinga pad\u0117tis visuomen\u0117je, titulai ir vald\u017eia juos lydi nuo ma\u017e\u0173 dien\u0173. Bet kartu likimas jiems u\u017ekrov\u0117 ir pareigas, kurios niekaip nesusij\u0119 su laimingu gyvenimu. D\u0117l asmenin\u0117s laim\u0117s teks daug k\u0105 paaukoti. Tik ar pavyks pa\u017einti tikr\u0105j\u0105 meil\u0119, kad jiems pavyd\u0117t\u0173 ne tik Londono auk\u0161tuomen\u0117, bet ir pa\u010dios \u017evaig\u017ed\u0117s?<\/p>\n<p>Tegyvuoja meil\u0117! Tre\u010dia knyga<\/p>\n<p>Po \u0161imts pypki\u0173, panele Forester, k\u0105 j\u016bs \u010dia veikiate?<\/p>\n<p>Hartviko grafas m\u0117gsta savo elgesiu \u0161okiruoti aplinkinius. Ta\u010diau \u0161\u012fkart jis pats pasijunta sukr\u0117stas. Sprukdamas i\u0161 slapto pasimatymo grafas susiduria su panele Sara Forester&#8230; Nakt\u012f ant namo stogo, merkiant lietui!<\/p>\n<p>Sara ie\u0161ko sumaniai pasl\u0117pto deimanto. Tas erzinantis Hartas tik bla\u0161ko d\u0117mes\u012f. Pasirodo, kad ir jis ie\u0161ko to paties brangakmenio! Porelei tenka var\u017eytis, bet tarp j\u0173 skraidan\u010di\u0173 kibirk\u0161t\u0117li\u0173 nesustabdysi. Greitai Sara supranta, kad jos \u0161irdis geid\u017eia visai kitokio lobio&#8230;<\/p>\n","protected":false},"excerpt":{"rendered":"<p>Trij\u0173 knyg\u0173 serija \u201eJiems pavydi net \u017evaig\u017ed\u0117s&#8221; Garbinga pad\u0117tis visuomen\u0117je, titulai ir vald\u017eia juos lydi nuo ma\u017e\u0173 dien\u0173. Bet kartu likimas jiems u\u017ekrov\u0117 ir pareigas, kurios niekaip nesusij\u0119 su laimingu gyvenimu. D\u0117l asmenin\u0117s laim\u0117s teks daug k\u0105 paaukoti. Tik ar pavyks pa\u017einti tikr\u0105j\u0105 meil\u0119, kad jiems pavyd\u0117t\u0173 ne tik Londono auk\u0161tuomen\u0117, bet ir pa\u010dios \u017evaig\u017ed\u0117s? Tegyvuoja meil\u0117! Tre\u010dia knyga Po \u0161imts pypki\u0173, panele Forester, k\u0105 j\u016bs \u010dia veikiate? Hartviko grafas m\u0117gsta savo elgesiu \u0161okiruoti aplinkinius. Ta\u010diau \u0161\u012fkart jis pats pasijunta sukr\u0117stas. Sprukdamas i\u0161 slapto pasimatymo grafas susiduria su panele Sara Forester&#8230; Nakt\u012f ant namo stogo, merkiant lietui! Sara ie\u0161ko sumaniai pasl\u0117pto deimanto. Tas erzinantis Hartas tik bla\u0161ko d\u0117mes\u012f. Pasirodo, kad ir jis ie\u0161ko to paties brangakmenio! Porelei tenka var\u017eytis, bet tarp j\u0173 skraidan\u010di\u0173 kibirk\u0161t\u0117li\u0173 nesustabdysi. Greitai Sara supranta, kad jos \u0161irdis geid\u017eia visai kitokio lobio&#8230;<\/p>\n","protected":false},"featured_media":21585,"comment_status":"open","ping_status":"closed","template":"","meta":{"_acf_changed":false,"site-sidebar-layout":"default","site-content-layout":"","ast-site-content-layout":"default","site-content-style":"default","site-sidebar-style":"default","ast-global-header-display":"","ast-banner-title-visibility":"","ast-main-header-display":"","ast-hfb-above-header-display":"","ast-hfb-below-header-display":"","ast-hfb-mobile-header-display":"","site-post-title":"","ast-breadcrumbs-content":"","ast-featured-img":"","footer-sml-layout":"","ast-disable-related-posts":"","theme-transparent-header-meta":"","adv-header-id-meta":"","stick-header-meta":"","header-above-stick-meta":"","header-main-stick-meta":"","header-below-stick-meta":"","astra-migrate-meta-layouts":"default","ast-page-background-enabled":"default","ast-page-background-meta":{"desktop":{"background-color":"","background-image":"","background-repeat":"repeat","background-position":"center center","background-size":"auto","background-attachment":"scroll","background-type":"","background-media":"","overlay-type":"","overlay-color":"","overlay-opacity":"","overlay-gradient":""},"tablet":{"background-color":"","background-image":"","background-repeat":"repeat","background-position":"center center","background-size":"auto","background-attachment":"scroll","background-type":"","background-media":"","overlay-type":"","overlay-color":"","overlay-opacity":"","overlay-gradient":""},"mobile":{"background-color":"","background-image":"","background-repeat":"repeat","background-position":"center center","background-size":"auto","background-attachment":"scroll","background-type":"","background-media":"","overlay-type":"","overlay-color":"","overlay-opacity":"","overlay-gradient":""}},"ast-content-background-meta":{"desktop":{"background-color":"var(--ast-global-color-4)","background-image":"","background-repeat":"repeat","background-position":"center center","background-size":"auto","background-attachment":"scroll","background-type":"","background-media":"","overlay-type":"","overlay-color":"","overlay-opacity":"","overlay-gradient":""},"tablet":{"background-color":"var(--ast-global-color-4)","background-image":"","background-repeat":"repeat","background-position":"center center","background-size":"auto","background-attachment":"scroll","background-type":"","background-media":"","overlay-type":"","overlay-color":"","overlay-opacity":"","overlay-gradient":""},"mobile":{"background-color":"var(--ast-global-color-4)","background-image":"","background-repeat":"repeat","background-position":"center center","background-size":"auto","background-attachment":"scroll","background-type":"","background-media":"","overlay-type":"","overlay-color":"","overlay-opacity":"","overlay-gradient":""}}},"product_brand":[],"product_cat":[31],"product_tag":[],"class_list":{"0":"post-21577","1":"product","2":"type-product","3":"status-publish","4":"has-post-thumbnail","6":"product_cat-grozine-literatura","7":"desktop-align-left","8":"tablet-align-left","9":"mobile-align-left","11":"first","12":"instock","13":"shipping-taxable","14":"purchasable","15":"product-type-simple"},"acf":[],"yoast_head":"<!-- This site is optimized with the Yoast SEO plugin v27.0 - https:\/\/yoast.com\/product\/yoast-seo-wordpress\/ -->\n<title>Tegyvuoja meil\u0117! Jiems pavydi net \u017evaig\u017ed\u0117s. 3 knyga<\/title>\n<meta name=\"description\" content=\"Trij\u0173 knyg\u0173 serija \u201eJiems pavydi net \u017evaig\u017ed\u0117s&quot; Garbinga pad\u0117tis visuomen\u0117je, titulai ir vald\u017eia juos lydi nuo ma\u017e\u0173 dien\u0173. Bet kartu likimas jiems u\u017ekrov\u0117\" \/>\n<meta name=\"robots\" content=\"index, follow, max-snippet:-1, max-image-preview:large, max-video-preview:-1\" \/>\n<link rel=\"canonical\" href=\"https:\/\/skaitytaknyga.lt\/en\/produktas\/tegyvuoja-meile-jiems-pavydi-net-zvaigzdes-3-knyga\/\" \/>\n<meta property=\"og:locale\" content=\"en_GB\" \/>\n<meta property=\"og:locale:alternate\" content=\"lt_LT\" \/>\n<meta property=\"og:type\" content=\"article\" \/>\n<meta property=\"og:title\" content=\"Tegyvuoja meil\u0117! Jiems pavydi net \u017evaig\u017ed\u0117s. 3 knyga\" \/>\n<meta property=\"og:description\" content=\"Trij\u0173 knyg\u0173 serija \u201eJiems pavydi net \u017evaig\u017ed\u0117s&quot; Garbinga pad\u0117tis visuomen\u0117je, titulai ir vald\u017eia juos lydi nuo ma\u017e\u0173 dien\u0173. Bet kartu likimas jiems u\u017ekrov\u0117\" \/>\n<meta property=\"og:url\" content=\"https:\/\/skaitytaknyga.lt\/en\/produktas\/tegyvuoja-meile-jiems-pavydi-net-zvaigzdes-3-knyga\/\" \/>\n<meta property=\"og:site_name\" content=\"Skaitytaknyga\" \/>\n<meta property=\"article:publisher\" content=\"https:\/\/www.facebook.com\/skaitytaknyga\/\" \/>\n<meta property=\"article:modified_time\" content=\"2025-10-22T11:37:48+00:00\" \/>\n<meta property=\"og:image\" content=\"https:\/\/skaitytaknyga.lt\/wp-content\/uploads\/2025\/10\/Tegyvuoja-meile-Jiems-pavydi-net-zvaigzdes.-3-knyga-1-e1761133017521.webp\" \/>\n\t<meta property=\"og:image:width\" content=\"427\" \/>\n\t<meta property=\"og:image:height\" content=\"669\" \/>\n\t<meta property=\"og:image:type\" content=\"image\/webp\" \/>\n<meta name=\"twitter:card\" content=\"summary_large_image\" \/>\n<meta name=\"twitter:label1\" content=\"Estimated reading time\" \/>\n\t<meta name=\"twitter:data1\" content=\"1 minute\" \/>\n<script type=\"application\/ld+json\" class=\"yoast-schema-graph\">{\"@context\":\"https:\/\/schema.org\",\"@graph\":[{\"@type\":\"WebPage\",\"@id\":\"https:\/\/skaitytaknyga.lt\/produktas\/tegyvuoja-meile-jiems-pavydi-net-zvaigzdes-3-knyga\/\",\"url\":\"https:\/\/skaitytaknyga.lt\/produktas\/tegyvuoja-meile-jiems-pavydi-net-zvaigzdes-3-knyga\/\",\"name\":\"Tegyvuoja meil\u0117! Jiems pavydi net \u017evaig\u017ed\u0117s. 3 knyga\",\"isPartOf\":{\"@id\":\"https:\/\/skaitytaknyga.lt\/#website\"},\"primaryImageOfPage\":{\"@id\":\"https:\/\/skaitytaknyga.lt\/produktas\/tegyvuoja-meile-jiems-pavydi-net-zvaigzdes-3-knyga\/#primaryimage\"},\"image\":{\"@id\":\"https:\/\/skaitytaknyga.lt\/produktas\/tegyvuoja-meile-jiems-pavydi-net-zvaigzdes-3-knyga\/#primaryimage\"},\"thumbnailUrl\":\"https:\/\/skaitytaknyga.lt\/wp-content\/uploads\/2025\/10\/Tegyvuoja-meile-Jiems-pavydi-net-zvaigzdes.-3-knyga-1-e1761133017521.webp\",\"datePublished\":\"2025-10-17T18:10:06+00:00\",\"dateModified\":\"2025-10-22T11:37:48+00:00\",\"description\":\"Trij\u0173 knyg\u0173 serija \u201eJiems pavydi net \u017evaig\u017ed\u0117s\\\" Garbinga pad\u0117tis visuomen\u0117je, titulai ir vald\u017eia juos lydi nuo ma\u017e\u0173 dien\u0173. Bet kartu likimas jiems u\u017ekrov\u0117\",\"breadcrumb\":{\"@id\":\"https:\/\/skaitytaknyga.lt\/produktas\/tegyvuoja-meile-jiems-pavydi-net-zvaigzdes-3-knyga\/#breadcrumb\"},\"inLanguage\":\"en-GB\",\"potentialAction\":[{\"@type\":\"ReadAction\",\"target\":[\"https:\/\/skaitytaknyga.lt\/produktas\/tegyvuoja-meile-jiems-pavydi-net-zvaigzdes-3-knyga\/\"]}]},{\"@type\":\"ImageObject\",\"inLanguage\":\"en-GB\",\"@id\":\"https:\/\/skaitytaknyga.lt\/produktas\/tegyvuoja-meile-jiems-pavydi-net-zvaigzdes-3-knyga\/#primaryimage\",\"url\":\"https:\/\/skaitytaknyga.lt\/wp-content\/uploads\/2025\/10\/Tegyvuoja-meile-Jiems-pavydi-net-zvaigzdes.-3-knyga-1-e1761133017521.webp\",\"contentUrl\":\"https:\/\/skaitytaknyga.lt\/wp-content\/uploads\/2025\/10\/Tegyvuoja-meile-Jiems-pavydi-net-zvaigzdes.-3-knyga-1-e1761133017521.webp\",\"width\":427,\"height\":669,\"caption\":\"Tegyvuoja meil\u0117! Jiems pavydi net \u017evaig\u017ed\u0117s. 3 knyga\"},{\"@type\":\"BreadcrumbList\",\"@id\":\"https:\/\/skaitytaknyga.lt\/produktas\/tegyvuoja-meile-jiems-pavydi-net-zvaigzdes-3-knyga\/#breadcrumb\",\"itemListElement\":[{\"@type\":\"ListItem\",\"position\":1,\"name\":\"Home\",\"item\":\"https:\/\/skaitytaknyga.lt\/\"},{\"@type\":\"ListItem\",\"position\":2,\"name\":\"Parduotuv\u0117\",\"item\":\"https:\/\/skaitytaknyga.lt\/knygu-parduotuve\/\"},{\"@type\":\"ListItem\",\"position\":3,\"name\":\"Tegyvuoja meil\u0117! Jiems pavydi net \u017evaig\u017ed\u0117s. 3 knyga\"}]},{\"@type\":\"WebSite\",\"@id\":\"https:\/\/skaitytaknyga.lt\/#website\",\"url\":\"https:\/\/skaitytaknyga.lt\/\",\"name\":\"skaitytaknyga.lt\",\"description\":\"Skaitytaknyga.lt \u2013 tai ma\u017eas \u0161eimos verslas, kuris prasid\u0117jo nuo meil\u0117s knygoms ir siekio i\u0161gelb\u0117ti knygas nuo likimo prie konteinerio. Kas vienam nereikalingas daiktas \u2013 kitam lobis, o mes esame tarpininkai, kurie padeda abiems tapti laimingesniems ???? \u017dinome kaip nelengva i\u0161gyventi ma\u017eiems verslams, tad nuo \u0161iol, \u010dia rasite ir kit\u0173, ma\u017e\u0173 \u0161eim\u0173 versl\u0173, rank\u0173 darbo, dovan\u0173 sau ir artimiesiems.\",\"publisher\":{\"@id\":\"https:\/\/skaitytaknyga.lt\/#organization\"},\"potentialAction\":[{\"@type\":\"SearchAction\",\"target\":{\"@type\":\"EntryPoint\",\"urlTemplate\":\"https:\/\/skaitytaknyga.lt\/?s={search_term_string}\"},\"query-input\":{\"@type\":\"PropertyValueSpecification\",\"valueRequired\":true,\"valueName\":\"search_term_string\"}}],\"inLanguage\":\"en-GB\"},{\"@type\":\"Organization\",\"@id\":\"https:\/\/skaitytaknyga.lt\/#organization\",\"name\":\"skaitytaknyga.lt\",\"url\":\"https:\/\/skaitytaknyga.lt\/\",\"logo\":{\"@type\":\"ImageObject\",\"inLanguage\":\"en-GB\",\"@id\":\"https:\/\/skaitytaknyga.lt\/#\/schema\/logo\/image\/\",\"url\":\"https:\/\/skaitytaknyga.lt\/wp-content\/uploads\/2024\/05\/cropped-cropped-cropped-02_00843_jt3bggkj1j3HLc7SyY6rEUpg.jpeg\",\"contentUrl\":\"https:\/\/skaitytaknyga.lt\/wp-content\/uploads\/2024\/05\/cropped-cropped-cropped-02_00843_jt3bggkj1j3HLc7SyY6rEUpg.jpeg\",\"width\":1600,\"height\":1600,\"caption\":\"skaitytaknyga.lt\"},\"image\":{\"@id\":\"https:\/\/skaitytaknyga.lt\/#\/schema\/logo\/image\/\"},\"sameAs\":[\"https:\/\/www.facebook.com\/skaitytaknyga\/\"]}]}<\/script>\n<!-- \/ Yoast SEO plugin. -->","yoast_head_json":{"title":"Tegyvuoja meil\u0117! Jiems pavydi net \u017evaig\u017ed\u0117s. 3 knyga","description":"Trij\u0173 knyg\u0173 serija \u201eJiems pavydi net \u017evaig\u017ed\u0117s\" Garbinga pad\u0117tis visuomen\u0117je, titulai ir vald\u017eia juos lydi nuo ma\u017e\u0173 dien\u0173. Bet kartu likimas jiems u\u017ekrov\u0117","robots":{"index":"index","follow":"follow","max-snippet":"max-snippet:-1","max-image-preview":"max-image-preview:large","max-video-preview":"max-video-preview:-1"},"canonical":"https:\/\/skaitytaknyga.lt\/en\/produktas\/tegyvuoja-meile-jiems-pavydi-net-zvaigzdes-3-knyga\/","og_locale":"en_GB","og_type":"article","og_title":"[:lt]Tegyvuoja meil\u0117! Jiems pavydi net \u017evaig\u017ed\u0117s. 3 knyga[:] - Skaitytaknyga","og_description":"Trij\u0173 knyg\u0173 serija \u201eJiems pavydi net \u017evaig\u017ed\u0117s\" Garbinga pad\u0117tis visuomen\u0117je, titulai ir vald\u017eia juos lydi nuo ma\u017e\u0173 dien\u0173. Bet kartu likimas jiems u\u017ekrov\u0117","og_url":"https:\/\/skaitytaknyga.lt\/en\/produktas\/tegyvuoja-meile-jiems-pavydi-net-zvaigzdes-3-knyga\/","og_site_name":"Skaitytaknyga","article_publisher":"https:\/\/www.facebook.com\/skaitytaknyga\/","article_modified_time":"2025-10-22T11:37:48+00:00","og_image":[{"width":427,"height":669,"url":"https:\/\/skaitytaknyga.lt\/wp-content\/uploads\/2025\/10\/Tegyvuoja-meile-Jiems-pavydi-net-zvaigzdes.-3-knyga-1-e1761133017521.webp","type":"image\/webp"}],"twitter_card":"summary_large_image","twitter_misc":{"Estimated reading time":"1 minute"},"schema":{"@context":"https:\/\/schema.org","@graph":[{"@type":"WebPage","@id":"https:\/\/skaitytaknyga.lt\/produktas\/tegyvuoja-meile-jiems-pavydi-net-zvaigzdes-3-knyga\/","url":"https:\/\/skaitytaknyga.lt\/produktas\/tegyvuoja-meile-jiems-pavydi-net-zvaigzdes-3-knyga\/","name":"Tegyvuoja meil\u0117! Jiems pavydi net \u017evaig\u017ed\u0117s. 3 knyga","isPartOf":{"@id":"https:\/\/skaitytaknyga.lt\/#website"},"primaryImageOfPage":{"@id":"https:\/\/skaitytaknyga.lt\/produktas\/tegyvuoja-meile-jiems-pavydi-net-zvaigzdes-3-knyga\/#primaryimage"},"image":{"@id":"https:\/\/skaitytaknyga.lt\/produktas\/tegyvuoja-meile-jiems-pavydi-net-zvaigzdes-3-knyga\/#primaryimage"},"thumbnailUrl":"https:\/\/skaitytaknyga.lt\/wp-content\/uploads\/2025\/10\/Tegyvuoja-meile-Jiems-pavydi-net-zvaigzdes.-3-knyga-1-e1761133017521.webp","datePublished":"2025-10-17T18:10:06+00:00","dateModified":"2025-10-22T11:37:48+00:00","description":"Trij\u0173 knyg\u0173 serija \u201eJiems pavydi net \u017evaig\u017ed\u0117s\" Garbinga pad\u0117tis visuomen\u0117je, titulai ir vald\u017eia juos lydi nuo ma\u017e\u0173 dien\u0173. Bet kartu likimas jiems u\u017ekrov\u0117","breadcrumb":{"@id":"https:\/\/skaitytaknyga.lt\/produktas\/tegyvuoja-meile-jiems-pavydi-net-zvaigzdes-3-knyga\/#breadcrumb"},"inLanguage":"en-GB","potentialAction":[{"@type":"ReadAction","target":["https:\/\/skaitytaknyga.lt\/produktas\/tegyvuoja-meile-jiems-pavydi-net-zvaigzdes-3-knyga\/"]}]},{"@type":"ImageObject","inLanguage":"en-GB","@id":"https:\/\/skaitytaknyga.lt\/produktas\/tegyvuoja-meile-jiems-pavydi-net-zvaigzdes-3-knyga\/#primaryimage","url":"https:\/\/skaitytaknyga.lt\/wp-content\/uploads\/2025\/10\/Tegyvuoja-meile-Jiems-pavydi-net-zvaigzdes.-3-knyga-1-e1761133017521.webp","contentUrl":"https:\/\/skaitytaknyga.lt\/wp-content\/uploads\/2025\/10\/Tegyvuoja-meile-Jiems-pavydi-net-zvaigzdes.-3-knyga-1-e1761133017521.webp","width":427,"height":669,"caption":"Tegyvuoja meil\u0117! Jiems pavydi net \u017evaig\u017ed\u0117s. 3 knyga"},{"@type":"BreadcrumbList","@id":"https:\/\/skaitytaknyga.lt\/produktas\/tegyvuoja-meile-jiems-pavydi-net-zvaigzdes-3-knyga\/#breadcrumb","itemListElement":[{"@type":"ListItem","position":1,"name":"Home","item":"https:\/\/skaitytaknyga.lt\/"},{"@type":"ListItem","position":2,"name":"Parduotuv\u0117","item":"https:\/\/skaitytaknyga.lt\/knygu-parduotuve\/"},{"@type":"ListItem","position":3,"name":"Tegyvuoja meil\u0117! Jiems pavydi net \u017evaig\u017ed\u0117s. 3 knyga"}]},{"@type":"WebSite","@id":"https:\/\/skaitytaknyga.lt\/#website","url":"https:\/\/skaitytaknyga.lt\/","name":"skaitytaknyga.lt","description":"Skaitytaknyga.lt \u2013 tai ma\u017eas \u0161eimos verslas, kuris prasid\u0117jo nuo meil\u0117s knygoms ir siekio i\u0161gelb\u0117ti knygas nuo likimo prie konteinerio. Kas vienam nereikalingas daiktas \u2013 kitam lobis, o mes esame tarpininkai, kurie padeda abiems tapti laimingesniems ???? \u017dinome kaip nelengva i\u0161gyventi ma\u017eiems verslams, tad nuo \u0161iol, \u010dia rasite ir kit\u0173, ma\u017e\u0173 \u0161eim\u0173 versl\u0173, rank\u0173 darbo, dovan\u0173 sau ir artimiesiems.","publisher":{"@id":"https:\/\/skaitytaknyga.lt\/#organization"},"potentialAction":[{"@type":"SearchAction","target":{"@type":"EntryPoint","urlTemplate":"https:\/\/skaitytaknyga.lt\/?s={search_term_string}"},"query-input":{"@type":"PropertyValueSpecification","valueRequired":true,"valueName":"search_term_string"}}],"inLanguage":"en-GB"},{"@type":"Organization","@id":"https:\/\/skaitytaknyga.lt\/#organization","name":"skaitytaknyga.lt","url":"https:\/\/skaitytaknyga.lt\/","logo":{"@type":"ImageObject","inLanguage":"en-GB","@id":"https:\/\/skaitytaknyga.lt\/#\/schema\/logo\/image\/","url":"https:\/\/skaitytaknyga.lt\/wp-content\/uploads\/2024\/05\/cropped-cropped-cropped-02_00843_jt3bggkj1j3HLc7SyY6rEUpg.jpeg","contentUrl":"https:\/\/skaitytaknyga.lt\/wp-content\/uploads\/2024\/05\/cropped-cropped-cropped-02_00843_jt3bggkj1j3HLc7SyY6rEUpg.jpeg","width":1600,"height":1600,"caption":"skaitytaknyga.lt"},"image":{"@id":"https:\/\/skaitytaknyga.lt\/#\/schema\/logo\/image\/"},"sameAs":["https:\/\/www.facebook.com\/skaitytaknyga\/"]}]}},"_links":{"self":[{"href":"https:\/\/skaitytaknyga.lt\/en\/wp-json\/wp\/v2\/product\/21577","targetHints":{"allow":["GET"]}}],"collection":[{"href":"https:\/\/skaitytaknyga.lt\/en\/wp-json\/wp\/v2\/product"}],"about":[{"href":"https:\/\/skaitytaknyga.lt\/en\/wp-json\/wp\/v2\/types\/product"}],"replies":[{"embeddable":true,"href":"https:\/\/skaitytaknyga.lt\/en\/wp-json\/wp\/v2\/comments?post=21577"}],"wp:featuredmedia":[{"embeddable":true,"href":"https:\/\/skaitytaknyga.lt\/en\/wp-json\/wp\/v2\/media\/21585"}],"wp:attachment":[{"href":"https:\/\/skaitytaknyga.lt\/en\/wp-json\/wp\/v2\/media?parent=21577"}],"wp:term":[{"taxonomy":"product_brand","embeddable":true,"href":"https:\/\/skaitytaknyga.lt\/en\/wp-json\/wp\/v2\/product_brand?post=21577"},{"taxonomy":"product_cat","embeddable":true,"href":"https:\/\/skaitytaknyga.lt\/en\/wp-json\/wp\/v2\/product_cat?post=21577"},{"taxonomy":"product_tag","embeddable":true,"href":"https:\/\/skaitytaknyga.lt\/en\/wp-json\/wp\/v2\/product_tag?post=21577"}],"curies":[{"name":"wp","href":"https:\/\/api.w.org\/{rel}","templated":true}]}}