{"id":21574,"date":"2025-10-17T21:10:06","date_gmt":"2025-10-17T18:10:06","guid":{"rendered":"https:\/\/skaitytaknyga.lt\/?post_type=product&#038;p=21574"},"modified":"2025-10-22T14:37:48","modified_gmt":"2025-10-22T11:37:48","slug":"ismokyklinti-visuomene","status":"publish","type":"product","link":"https:\/\/skaitytaknyga.lt\/en\/produktas\/ismokyklinti-visuomene\/","title":{"rendered":"I\u0161mokyklinti visuomen\u0119"},"content":{"rendered":"<p>\u017dini\u0173 vert\u0119 \u012fprasta prilyginti ekonominei naudai, i\u0161silavinim\u0105 \u2013 diplomams, o geb\u0117jimus ir kompetencijas tapatinti su s\u0117kmingai u\u017ebaigtu mokymo etapu. Mokykla pripratina mus prie \u012ftampos, baim\u0117s ir konkuravimo. Kaldami faktus, per visus tuos metus nepastebimai \u012fgyjame ir supratim\u0105, kaip gyventi \u201eteisingai&#8221;, pamir\u0161dami tikruosius savo poreikius.<\/p>\n<p>Kritikuodamas moderni\u0105 \u0161vietimo sistem\u0105, filosofas, istorikas ir kunigas Ivanas Illichius (1926\u20132002) kvie\u010dia perm\u0105styti mokymosi vert\u0119 ir pasukti nauj\u0173 \u0161vietimo strategij\u0173 link. 1970-aisiais para\u0161yta knyga kalba apie \u0161vietimo ydas, kurios dabar ne tik nepanaikintos, bet ir \u012fsisen\u0117jusios. Nuvainikuodamas privalom\u0105j\u012f \u0161vietim\u0105, autorius ragina sugriauti mokyklos mit\u0105 ir i\u0161mokyklinti ne vien \u0161vietim\u0105, bet ir pa\u010di\u0105 visuomen\u0119.<\/p>\n<p>I. Illichius \u2013 labai grie\u017etas modernios visuomen\u0117s kritikas, ta\u010diau galima sutikti su daugeliu jo teigini\u0173.<\/p>\n<p>Times Education Supplement<\/p>\n","protected":false},"excerpt":{"rendered":"<p>\u017dini\u0173 vert\u0119 \u012fprasta prilyginti ekonominei naudai, i\u0161silavinim\u0105 \u2013 diplomams, o geb\u0117jimus ir kompetencijas tapatinti su s\u0117kmingai u\u017ebaigtu mokymo etapu. Mokykla pripratina mus prie \u012ftampos, baim\u0117s ir konkuravimo. Kaldami faktus, per visus tuos metus nepastebimai \u012fgyjame ir supratim\u0105, kaip gyventi \u201eteisingai&#8221;, pamir\u0161dami tikruosius savo poreikius. Kritikuodamas moderni\u0105 \u0161vietimo sistem\u0105, filosofas, istorikas ir kunigas Ivanas Illichius (1926\u20132002) kvie\u010dia perm\u0105styti mokymosi vert\u0119 ir pasukti nauj\u0173 \u0161vietimo strategij\u0173 link. 1970-aisiais para\u0161yta knyga kalba apie \u0161vietimo ydas, kurios dabar ne tik nepanaikintos, bet ir \u012fsisen\u0117jusios. Nuvainikuodamas privalom\u0105j\u012f \u0161vietim\u0105, autorius ragina sugriauti mokyklos mit\u0105 ir i\u0161mokyklinti ne vien \u0161vietim\u0105, bet ir pa\u010di\u0105 visuomen\u0119. I. Illichius \u2013 labai grie\u017etas modernios visuomen\u0117s kritikas, ta\u010diau galima sutikti su daugeliu jo teigini\u0173. Times Education Supplement<\/p>\n","protected":false},"featured_media":21579,"comment_status":"open","ping_status":"closed","template":"","meta":{"_acf_changed":false,"site-sidebar-layout":"default","site-content-layout":"","ast-site-content-layout":"default","site-content-style":"default","site-sidebar-style":"default","ast-global-header-display":"","ast-banner-title-visibility":"","ast-main-header-display":"","ast-hfb-above-header-display":"","ast-hfb-below-header-display":"","ast-hfb-mobile-header-display":"","site-post-title":"","ast-breadcrumbs-content":"","ast-featured-img":"","footer-sml-layout":"","ast-disable-related-posts":"","theme-transparent-header-meta":"","adv-header-id-meta":"","stick-header-meta":"","header-above-stick-meta":"","header-main-stick-meta":"","header-below-stick-meta":"","astra-migrate-meta-layouts":"default","ast-page-background-enabled":"default","ast-page-background-meta":{"desktop":{"background-color":"","background-image":"","background-repeat":"repeat","background-position":"center center","background-size":"auto","background-attachment":"scroll","background-type":"","background-media":"","overlay-type":"","overlay-color":"","overlay-opacity":"","overlay-gradient":""},"tablet":{"background-color":"","background-image":"","background-repeat":"repeat","background-position":"center center","background-size":"auto","background-attachment":"scroll","background-type":"","background-media":"","overlay-type":"","overlay-color":"","overlay-opacity":"","overlay-gradient":""},"mobile":{"background-color":"","background-image":"","background-repeat":"repeat","background-position":"center center","background-size":"auto","background-attachment":"scroll","background-type":"","background-media":"","overlay-type":"","overlay-color":"","overlay-opacity":"","overlay-gradient":""}},"ast-content-background-meta":{"desktop":{"background-color":"var(--ast-global-color-4)","background-image":"","background-repeat":"repeat","background-position":"center center","background-size":"auto","background-attachment":"scroll","background-type":"","background-media":"","overlay-type":"","overlay-color":"","overlay-opacity":"","overlay-gradient":""},"tablet":{"background-color":"var(--ast-global-color-4)","background-image":"","background-repeat":"repeat","background-position":"center center","background-size":"auto","background-attachment":"scroll","background-type":"","background-media":"","overlay-type":"","overlay-color":"","overlay-opacity":"","overlay-gradient":""},"mobile":{"background-color":"var(--ast-global-color-4)","background-image":"","background-repeat":"repeat","background-position":"center center","background-size":"auto","background-attachment":"scroll","background-type":"","background-media":"","overlay-type":"","overlay-color":"","overlay-opacity":"","overlay-gradient":""}}},"product_brand":[],"product_cat":[15],"product_tag":[],"class_list":{"0":"post-21574","1":"product","2":"type-product","3":"status-publish","4":"has-post-thumbnail","6":"product_cat-uncategorized","7":"desktop-align-left","8":"tablet-align-left","9":"mobile-align-left","11":"first","12":"instock","13":"shipping-taxable","14":"purchasable","15":"product-type-simple"},"acf":[],"yoast_head":"<!-- This site is optimized with the Yoast SEO plugin v27.0 - https:\/\/yoast.com\/product\/yoast-seo-wordpress\/ -->\n<title>I\u0161mokyklinti visuomen\u0119<\/title>\n<meta name=\"description\" content=\"\u017dini\u0173 vert\u0119 \u012fprasta prilyginti ekonominei naudai, i\u0161silavinim\u0105 \u2013 diplomams, o geb\u0117jimus ir kompetencijas tapatinti su s\u0117kmingai u\u017ebaigtu mokymo etapu.\" \/>\n<meta name=\"robots\" content=\"index, follow, max-snippet:-1, max-image-preview:large, max-video-preview:-1\" \/>\n<link rel=\"canonical\" href=\"https:\/\/skaitytaknyga.lt\/en\/produktas\/ismokyklinti-visuomene\/\" \/>\n<meta property=\"og:locale\" content=\"en_GB\" \/>\n<meta property=\"og:locale:alternate\" content=\"lt_LT\" \/>\n<meta property=\"og:type\" content=\"article\" \/>\n<meta property=\"og:title\" content=\"I\u0161mokyklinti visuomen\u0119\" \/>\n<meta property=\"og:description\" content=\"\u017dini\u0173 vert\u0119 \u012fprasta prilyginti ekonominei naudai, i\u0161silavinim\u0105 \u2013 diplomams, o geb\u0117jimus ir kompetencijas tapatinti su s\u0117kmingai u\u017ebaigtu mokymo etapu.\" \/>\n<meta property=\"og:url\" content=\"https:\/\/skaitytaknyga.lt\/en\/produktas\/ismokyklinti-visuomene\/\" \/>\n<meta property=\"og:site_name\" content=\"Skaitytaknyga\" \/>\n<meta property=\"article:publisher\" content=\"https:\/\/www.facebook.com\/skaitytaknyga\/\" \/>\n<meta property=\"article:modified_time\" content=\"2025-10-22T11:37:48+00:00\" \/>\n<meta property=\"og:image\" content=\"https:\/\/skaitytaknyga.lt\/wp-content\/uploads\/2025\/10\/Ismokyklinti-visuomene-1.webp\" \/>\n\t<meta property=\"og:image:width\" content=\"300\" \/>\n\t<meta property=\"og:image:height\" content=\"441\" \/>\n\t<meta property=\"og:image:type\" content=\"image\/webp\" \/>\n<meta name=\"twitter:card\" content=\"summary_large_image\" \/>\n<meta name=\"twitter:label1\" content=\"Estimated reading time\" \/>\n\t<meta name=\"twitter:data1\" content=\"1 minute\" \/>\n<script type=\"application\/ld+json\" class=\"yoast-schema-graph\">{\"@context\":\"https:\/\/schema.org\",\"@graph\":[{\"@type\":\"WebPage\",\"@id\":\"https:\/\/skaitytaknyga.lt\/produktas\/ismokyklinti-visuomene\/\",\"url\":\"https:\/\/skaitytaknyga.lt\/produktas\/ismokyklinti-visuomene\/\",\"name\":\"I\u0161mokyklinti visuomen\u0119\",\"isPartOf\":{\"@id\":\"https:\/\/skaitytaknyga.lt\/#website\"},\"primaryImageOfPage\":{\"@id\":\"https:\/\/skaitytaknyga.lt\/produktas\/ismokyklinti-visuomene\/#primaryimage\"},\"image\":{\"@id\":\"https:\/\/skaitytaknyga.lt\/produktas\/ismokyklinti-visuomene\/#primaryimage\"},\"thumbnailUrl\":\"https:\/\/skaitytaknyga.lt\/wp-content\/uploads\/2025\/10\/Ismokyklinti-visuomene-1.webp\",\"datePublished\":\"2025-10-17T18:10:06+00:00\",\"dateModified\":\"2025-10-22T11:37:48+00:00\",\"description\":\"\u017dini\u0173 vert\u0119 \u012fprasta prilyginti ekonominei naudai, i\u0161silavinim\u0105 \u2013 diplomams, o geb\u0117jimus ir kompetencijas tapatinti su s\u0117kmingai u\u017ebaigtu mokymo etapu.\",\"breadcrumb\":{\"@id\":\"https:\/\/skaitytaknyga.lt\/produktas\/ismokyklinti-visuomene\/#breadcrumb\"},\"inLanguage\":\"en-GB\",\"potentialAction\":[{\"@type\":\"ReadAction\",\"target\":[\"https:\/\/skaitytaknyga.lt\/produktas\/ismokyklinti-visuomene\/\"]}]},{\"@type\":\"ImageObject\",\"inLanguage\":\"en-GB\",\"@id\":\"https:\/\/skaitytaknyga.lt\/produktas\/ismokyklinti-visuomene\/#primaryimage\",\"url\":\"https:\/\/skaitytaknyga.lt\/wp-content\/uploads\/2025\/10\/Ismokyklinti-visuomene-1.webp\",\"contentUrl\":\"https:\/\/skaitytaknyga.lt\/wp-content\/uploads\/2025\/10\/Ismokyklinti-visuomene-1.webp\",\"width\":300,\"height\":441,\"caption\":\"I\u0161mokyklinti visuomen\u0119\"},{\"@type\":\"BreadcrumbList\",\"@id\":\"https:\/\/skaitytaknyga.lt\/produktas\/ismokyklinti-visuomene\/#breadcrumb\",\"itemListElement\":[{\"@type\":\"ListItem\",\"position\":1,\"name\":\"Home\",\"item\":\"https:\/\/skaitytaknyga.lt\/\"},{\"@type\":\"ListItem\",\"position\":2,\"name\":\"Parduotuv\u0117\",\"item\":\"https:\/\/skaitytaknyga.lt\/knygu-parduotuve\/\"},{\"@type\":\"ListItem\",\"position\":3,\"name\":\"I\u0161mokyklinti visuomen\u0119\"}]},{\"@type\":\"WebSite\",\"@id\":\"https:\/\/skaitytaknyga.lt\/#website\",\"url\":\"https:\/\/skaitytaknyga.lt\/\",\"name\":\"skaitytaknyga.lt\",\"description\":\"Skaitytaknyga.lt \u2013 tai ma\u017eas \u0161eimos verslas, kuris prasid\u0117jo nuo meil\u0117s knygoms ir siekio i\u0161gelb\u0117ti knygas nuo likimo prie konteinerio. Kas vienam nereikalingas daiktas \u2013 kitam lobis, o mes esame tarpininkai, kurie padeda abiems tapti laimingesniems ???? \u017dinome kaip nelengva i\u0161gyventi ma\u017eiems verslams, tad nuo \u0161iol, \u010dia rasite ir kit\u0173, ma\u017e\u0173 \u0161eim\u0173 versl\u0173, rank\u0173 darbo, dovan\u0173 sau ir artimiesiems.\",\"publisher\":{\"@id\":\"https:\/\/skaitytaknyga.lt\/#organization\"},\"potentialAction\":[{\"@type\":\"SearchAction\",\"target\":{\"@type\":\"EntryPoint\",\"urlTemplate\":\"https:\/\/skaitytaknyga.lt\/?s={search_term_string}\"},\"query-input\":{\"@type\":\"PropertyValueSpecification\",\"valueRequired\":true,\"valueName\":\"search_term_string\"}}],\"inLanguage\":\"en-GB\"},{\"@type\":\"Organization\",\"@id\":\"https:\/\/skaitytaknyga.lt\/#organization\",\"name\":\"skaitytaknyga.lt\",\"url\":\"https:\/\/skaitytaknyga.lt\/\",\"logo\":{\"@type\":\"ImageObject\",\"inLanguage\":\"en-GB\",\"@id\":\"https:\/\/skaitytaknyga.lt\/#\/schema\/logo\/image\/\",\"url\":\"https:\/\/skaitytaknyga.lt\/wp-content\/uploads\/2024\/05\/cropped-cropped-cropped-02_00843_jt3bggkj1j3HLc7SyY6rEUpg.jpeg\",\"contentUrl\":\"https:\/\/skaitytaknyga.lt\/wp-content\/uploads\/2024\/05\/cropped-cropped-cropped-02_00843_jt3bggkj1j3HLc7SyY6rEUpg.jpeg\",\"width\":1600,\"height\":1600,\"caption\":\"skaitytaknyga.lt\"},\"image\":{\"@id\":\"https:\/\/skaitytaknyga.lt\/#\/schema\/logo\/image\/\"},\"sameAs\":[\"https:\/\/www.facebook.com\/skaitytaknyga\/\"]}]}<\/script>\n<!-- \/ Yoast SEO plugin. -->","yoast_head_json":{"title":"I\u0161mokyklinti visuomen\u0119","description":"\u017dini\u0173 vert\u0119 \u012fprasta prilyginti ekonominei naudai, i\u0161silavinim\u0105 \u2013 diplomams, o geb\u0117jimus ir kompetencijas tapatinti su s\u0117kmingai u\u017ebaigtu mokymo etapu.","robots":{"index":"index","follow":"follow","max-snippet":"max-snippet:-1","max-image-preview":"max-image-preview:large","max-video-preview":"max-video-preview:-1"},"canonical":"https:\/\/skaitytaknyga.lt\/en\/produktas\/ismokyklinti-visuomene\/","og_locale":"en_GB","og_type":"article","og_title":"[:lt]I\u0161mokyklinti visuomen\u0119[:] - Skaitytaknyga","og_description":"\u017dini\u0173 vert\u0119 \u012fprasta prilyginti ekonominei naudai, i\u0161silavinim\u0105 \u2013 diplomams, o geb\u0117jimus ir kompetencijas tapatinti su s\u0117kmingai u\u017ebaigtu mokymo etapu.","og_url":"https:\/\/skaitytaknyga.lt\/en\/produktas\/ismokyklinti-visuomene\/","og_site_name":"Skaitytaknyga","article_publisher":"https:\/\/www.facebook.com\/skaitytaknyga\/","article_modified_time":"2025-10-22T11:37:48+00:00","og_image":[{"width":300,"height":441,"url":"https:\/\/skaitytaknyga.lt\/wp-content\/uploads\/2025\/10\/Ismokyklinti-visuomene-1.webp","type":"image\/webp"}],"twitter_card":"summary_large_image","twitter_misc":{"Estimated reading time":"1 minute"},"schema":{"@context":"https:\/\/schema.org","@graph":[{"@type":"WebPage","@id":"https:\/\/skaitytaknyga.lt\/produktas\/ismokyklinti-visuomene\/","url":"https:\/\/skaitytaknyga.lt\/produktas\/ismokyklinti-visuomene\/","name":"I\u0161mokyklinti visuomen\u0119","isPartOf":{"@id":"https:\/\/skaitytaknyga.lt\/#website"},"primaryImageOfPage":{"@id":"https:\/\/skaitytaknyga.lt\/produktas\/ismokyklinti-visuomene\/#primaryimage"},"image":{"@id":"https:\/\/skaitytaknyga.lt\/produktas\/ismokyklinti-visuomene\/#primaryimage"},"thumbnailUrl":"https:\/\/skaitytaknyga.lt\/wp-content\/uploads\/2025\/10\/Ismokyklinti-visuomene-1.webp","datePublished":"2025-10-17T18:10:06+00:00","dateModified":"2025-10-22T11:37:48+00:00","description":"\u017dini\u0173 vert\u0119 \u012fprasta prilyginti ekonominei naudai, i\u0161silavinim\u0105 \u2013 diplomams, o geb\u0117jimus ir kompetencijas tapatinti su s\u0117kmingai u\u017ebaigtu mokymo etapu.","breadcrumb":{"@id":"https:\/\/skaitytaknyga.lt\/produktas\/ismokyklinti-visuomene\/#breadcrumb"},"inLanguage":"en-GB","potentialAction":[{"@type":"ReadAction","target":["https:\/\/skaitytaknyga.lt\/produktas\/ismokyklinti-visuomene\/"]}]},{"@type":"ImageObject","inLanguage":"en-GB","@id":"https:\/\/skaitytaknyga.lt\/produktas\/ismokyklinti-visuomene\/#primaryimage","url":"https:\/\/skaitytaknyga.lt\/wp-content\/uploads\/2025\/10\/Ismokyklinti-visuomene-1.webp","contentUrl":"https:\/\/skaitytaknyga.lt\/wp-content\/uploads\/2025\/10\/Ismokyklinti-visuomene-1.webp","width":300,"height":441,"caption":"I\u0161mokyklinti visuomen\u0119"},{"@type":"BreadcrumbList","@id":"https:\/\/skaitytaknyga.lt\/produktas\/ismokyklinti-visuomene\/#breadcrumb","itemListElement":[{"@type":"ListItem","position":1,"name":"Home","item":"https:\/\/skaitytaknyga.lt\/"},{"@type":"ListItem","position":2,"name":"Parduotuv\u0117","item":"https:\/\/skaitytaknyga.lt\/knygu-parduotuve\/"},{"@type":"ListItem","position":3,"name":"I\u0161mokyklinti visuomen\u0119"}]},{"@type":"WebSite","@id":"https:\/\/skaitytaknyga.lt\/#website","url":"https:\/\/skaitytaknyga.lt\/","name":"skaitytaknyga.lt","description":"Skaitytaknyga.lt \u2013 tai ma\u017eas \u0161eimos verslas, kuris prasid\u0117jo nuo meil\u0117s knygoms ir siekio i\u0161gelb\u0117ti knygas nuo likimo prie konteinerio. Kas vienam nereikalingas daiktas \u2013 kitam lobis, o mes esame tarpininkai, kurie padeda abiems tapti laimingesniems ???? \u017dinome kaip nelengva i\u0161gyventi ma\u017eiems verslams, tad nuo \u0161iol, \u010dia rasite ir kit\u0173, ma\u017e\u0173 \u0161eim\u0173 versl\u0173, rank\u0173 darbo, dovan\u0173 sau ir artimiesiems.","publisher":{"@id":"https:\/\/skaitytaknyga.lt\/#organization"},"potentialAction":[{"@type":"SearchAction","target":{"@type":"EntryPoint","urlTemplate":"https:\/\/skaitytaknyga.lt\/?s={search_term_string}"},"query-input":{"@type":"PropertyValueSpecification","valueRequired":true,"valueName":"search_term_string"}}],"inLanguage":"en-GB"},{"@type":"Organization","@id":"https:\/\/skaitytaknyga.lt\/#organization","name":"skaitytaknyga.lt","url":"https:\/\/skaitytaknyga.lt\/","logo":{"@type":"ImageObject","inLanguage":"en-GB","@id":"https:\/\/skaitytaknyga.lt\/#\/schema\/logo\/image\/","url":"https:\/\/skaitytaknyga.lt\/wp-content\/uploads\/2024\/05\/cropped-cropped-cropped-02_00843_jt3bggkj1j3HLc7SyY6rEUpg.jpeg","contentUrl":"https:\/\/skaitytaknyga.lt\/wp-content\/uploads\/2024\/05\/cropped-cropped-cropped-02_00843_jt3bggkj1j3HLc7SyY6rEUpg.jpeg","width":1600,"height":1600,"caption":"skaitytaknyga.lt"},"image":{"@id":"https:\/\/skaitytaknyga.lt\/#\/schema\/logo\/image\/"},"sameAs":["https:\/\/www.facebook.com\/skaitytaknyga\/"]}]}},"_links":{"self":[{"href":"https:\/\/skaitytaknyga.lt\/en\/wp-json\/wp\/v2\/product\/21574","targetHints":{"allow":["GET"]}}],"collection":[{"href":"https:\/\/skaitytaknyga.lt\/en\/wp-json\/wp\/v2\/product"}],"about":[{"href":"https:\/\/skaitytaknyga.lt\/en\/wp-json\/wp\/v2\/types\/product"}],"replies":[{"embeddable":true,"href":"https:\/\/skaitytaknyga.lt\/en\/wp-json\/wp\/v2\/comments?post=21574"}],"wp:featuredmedia":[{"embeddable":true,"href":"https:\/\/skaitytaknyga.lt\/en\/wp-json\/wp\/v2\/media\/21579"}],"wp:attachment":[{"href":"https:\/\/skaitytaknyga.lt\/en\/wp-json\/wp\/v2\/media?parent=21574"}],"wp:term":[{"taxonomy":"product_brand","embeddable":true,"href":"https:\/\/skaitytaknyga.lt\/en\/wp-json\/wp\/v2\/product_brand?post=21574"},{"taxonomy":"product_cat","embeddable":true,"href":"https:\/\/skaitytaknyga.lt\/en\/wp-json\/wp\/v2\/product_cat?post=21574"},{"taxonomy":"product_tag","embeddable":true,"href":"https:\/\/skaitytaknyga.lt\/en\/wp-json\/wp\/v2\/product_tag?post=21574"}],"curies":[{"name":"wp","href":"https:\/\/api.w.org\/{rel}","templated":true}]}}