{"id":21554,"date":"2025-10-15T10:42:57","date_gmt":"2025-10-15T07:42:57","guid":{"rendered":"https:\/\/skaitytaknyga.lt\/?post_type=product&#038;p=21554"},"modified":"2026-03-05T13:00:32","modified_gmt":"2026-03-05T11:00:32","slug":"kelias-namo","status":"publish","type":"product","link":"https:\/\/skaitytaknyga.lt\/en\/produktas\/kelias-namo\/","title":{"rendered":"Kelias namo"},"content":{"rendered":"<p>Visi, kurie \u017eino savo mirties dat\u0105, jau prad\u0117jo mirti.<\/p>\n<p>\u0160e\u0161tadienis, \u0161iek tiek po de\u0161imtos vakaro. D\u017eiulis Tanbergas s\u0117di prie Palydos telefono. Tai \u2014 savanoryst\u0117s pagrindais veikianti telefono linija moterims, v\u0117lai vakare gr\u012f\u017etan\u010dioms namo ir norin\u010dioms, kad telefonu kompanij\u0105 palaikyt\u0173 palydovas, kurio raminantis balsas saugiai palydi namo arba, blogiausiu atveju, i\u0161kvie\u010dia pagalb\u0105.<\/p>\n<p>I\u0161 ties\u0173 dar n\u0117 karto nepasitaik\u0117 gyvybei pavojing\u0173 situacij\u0173. Iki \u0161io vakaro, kai D\u017eiulis prad\u0117jo pokalb\u012f su Klara.<\/p>\n<p>Jauna moteris jau\u010dia siaubing\u0105 baim\u0119. Ji teigia esanti persekiojama vyro, kuris kart\u0105 jau buvo j\u0105 u\u017epuol\u0119s ir ant miegamojo sienos krauju u\u017era\u0161\u0117 dat\u0105 \u2014 Klaros mirties dat\u0105! Ta diena i\u0161au\u0161 po dviej\u0173 valand\u0173!<\/p>\n<p>Paslaptingas, slegiantis, tampantis nervus. Iki \u0161iol pats \u0161iurpiausias Sebastiano Fitzeko psichologinis trileris.<\/p>\n","protected":false},"excerpt":{"rendered":"<p>Visi, kurie \u017eino savo mirties dat\u0105, jau prad\u0117jo mirti. \u0160e\u0161tadienis, \u0161iek tiek po de\u0161imtos vakaro. D\u017eiulis Tanbergas s\u0117di prie Palydos telefono. Tai \u2014 savanoryst\u0117s pagrindais veikianti telefono linija moterims, v\u0117lai vakare gr\u012f\u017etan\u010dioms namo ir norin\u010dioms, kad telefonu kompanij\u0105 palaikyt\u0173 palydovas, kurio raminantis balsas saugiai palydi namo arba, blogiausiu atveju, i\u0161kvie\u010dia pagalb\u0105. I\u0161 ties\u0173 dar n\u0117 karto nepasitaik\u0117 gyvybei pavojing\u0173 situacij\u0173. Iki \u0161io vakaro, kai D\u017eiulis prad\u0117jo pokalb\u012f su Klara. Jauna moteris jau\u010dia siaubing\u0105 baim\u0119. Ji teigia esanti persekiojama vyro, kuris kart\u0105 jau buvo j\u0105 u\u017epuol\u0119s ir ant miegamojo sienos krauju u\u017era\u0161\u0117 dat\u0105 \u2014 Klaros mirties dat\u0105! Ta diena i\u0161au\u0161 po dviej\u0173 valand\u0173! Paslaptingas, slegiantis, tampantis nervus. Iki \u0161iol pats \u0161iurpiausias Sebastiano Fitzeko psichologinis trileris.<\/p>\n","protected":false},"featured_media":21559,"comment_status":"open","ping_status":"closed","template":"","meta":{"_acf_changed":false,"site-sidebar-layout":"default","site-content-layout":"","ast-site-content-layout":"default","site-content-style":"default","site-sidebar-style":"default","ast-global-header-display":"","ast-banner-title-visibility":"","ast-main-header-display":"","ast-hfb-above-header-display":"","ast-hfb-below-header-display":"","ast-hfb-mobile-header-display":"","site-post-title":"","ast-breadcrumbs-content":"","ast-featured-img":"","footer-sml-layout":"","ast-disable-related-posts":"","theme-transparent-header-meta":"","adv-header-id-meta":"","stick-header-meta":"","header-above-stick-meta":"","header-main-stick-meta":"","header-below-stick-meta":"","astra-migrate-meta-layouts":"default","ast-page-background-enabled":"default","ast-page-background-meta":{"desktop":{"background-color":"","background-image":"","background-repeat":"repeat","background-position":"center center","background-size":"auto","background-attachment":"scroll","background-type":"","background-media":"","overlay-type":"","overlay-color":"","overlay-opacity":"","overlay-gradient":""},"tablet":{"background-color":"","background-image":"","background-repeat":"repeat","background-position":"center center","background-size":"auto","background-attachment":"scroll","background-type":"","background-media":"","overlay-type":"","overlay-color":"","overlay-opacity":"","overlay-gradient":""},"mobile":{"background-color":"","background-image":"","background-repeat":"repeat","background-position":"center center","background-size":"auto","background-attachment":"scroll","background-type":"","background-media":"","overlay-type":"","overlay-color":"","overlay-opacity":"","overlay-gradient":""}},"ast-content-background-meta":{"desktop":{"background-color":"var(--ast-global-color-4)","background-image":"","background-repeat":"repeat","background-position":"center center","background-size":"auto","background-attachment":"scroll","background-type":"","background-media":"","overlay-type":"","overlay-color":"","overlay-opacity":"","overlay-gradient":""},"tablet":{"background-color":"var(--ast-global-color-4)","background-image":"","background-repeat":"repeat","background-position":"center center","background-size":"auto","background-attachment":"scroll","background-type":"","background-media":"","overlay-type":"","overlay-color":"","overlay-opacity":"","overlay-gradient":""},"mobile":{"background-color":"var(--ast-global-color-4)","background-image":"","background-repeat":"repeat","background-position":"center center","background-size":"auto","background-attachment":"scroll","background-type":"","background-media":"","overlay-type":"","overlay-color":"","overlay-opacity":"","overlay-gradient":""}}},"product_brand":[],"product_cat":[9581],"product_tag":[],"class_list":{"0":"post-21554","1":"product","2":"type-product","3":"status-publish","4":"has-post-thumbnail","6":"product_cat-kriminaliniai-romanai","7":"desktop-align-left","8":"tablet-align-left","9":"mobile-align-left","11":"first","12":"instock","13":"shipping-taxable","14":"purchasable","15":"product-type-simple"},"acf":[],"yoast_head":"<!-- This site is optimized with the Yoast SEO plugin v27.0 - https:\/\/yoast.com\/product\/yoast-seo-wordpress\/ -->\n<title>Kelias namo<\/title>\n<meta name=\"description\" content=\"Visi, kurie \u017eino savo mirties dat\u0105, jau prad\u0117jo mirti. \u0160e\u0161tadienis, \u0161iek tiek po de\u0161imtos vakaro. D\u017eiulis Tanbergas s\u0117di prie Palydos telefono. Tai \u2014\" \/>\n<meta name=\"robots\" content=\"index, follow, max-snippet:-1, max-image-preview:large, max-video-preview:-1\" \/>\n<link rel=\"canonical\" href=\"https:\/\/skaitytaknyga.lt\/en\/produktas\/kelias-namo\/\" \/>\n<meta property=\"og:locale\" content=\"en_GB\" \/>\n<meta property=\"og:locale:alternate\" content=\"lt_LT\" \/>\n<meta property=\"og:type\" content=\"article\" \/>\n<meta property=\"og:title\" content=\"Kelias namo\" \/>\n<meta property=\"og:description\" content=\"Visi, kurie \u017eino savo mirties dat\u0105, jau prad\u0117jo mirti. \u0160e\u0161tadienis, \u0161iek tiek po de\u0161imtos vakaro. D\u017eiulis Tanbergas s\u0117di prie Palydos telefono. Tai \u2014\" \/>\n<meta property=\"og:url\" content=\"https:\/\/skaitytaknyga.lt\/en\/produktas\/kelias-namo\/\" \/>\n<meta property=\"og:site_name\" content=\"Skaitytaknyga\" \/>\n<meta property=\"article:publisher\" content=\"https:\/\/www.facebook.com\/skaitytaknyga\/\" \/>\n<meta property=\"article:modified_time\" content=\"2026-03-05T11:00:32+00:00\" \/>\n<meta property=\"og:image\" content=\"https:\/\/skaitytaknyga.lt\/wp-content\/uploads\/2025\/10\/Kelias-namo-1.webp\" \/>\n\t<meta property=\"og:image:width\" content=\"300\" \/>\n\t<meta property=\"og:image:height\" content=\"455\" \/>\n\t<meta property=\"og:image:type\" content=\"image\/webp\" \/>\n<meta name=\"twitter:card\" content=\"summary_large_image\" \/>\n<meta name=\"twitter:label1\" content=\"Estimated reading time\" \/>\n\t<meta name=\"twitter:data1\" content=\"1 minute\" \/>\n<script type=\"application\/ld+json\" class=\"yoast-schema-graph\">{\"@context\":\"https:\/\/schema.org\",\"@graph\":[{\"@type\":\"WebPage\",\"@id\":\"https:\/\/skaitytaknyga.lt\/produktas\/kelias-namo\/\",\"url\":\"https:\/\/skaitytaknyga.lt\/produktas\/kelias-namo\/\",\"name\":\"Kelias namo\",\"isPartOf\":{\"@id\":\"https:\/\/skaitytaknyga.lt\/#website\"},\"primaryImageOfPage\":{\"@id\":\"https:\/\/skaitytaknyga.lt\/produktas\/kelias-namo\/#primaryimage\"},\"image\":{\"@id\":\"https:\/\/skaitytaknyga.lt\/produktas\/kelias-namo\/#primaryimage\"},\"thumbnailUrl\":\"https:\/\/skaitytaknyga.lt\/wp-content\/uploads\/2025\/10\/Kelias-namo-1.webp\",\"datePublished\":\"2025-10-15T07:42:57+00:00\",\"dateModified\":\"2026-03-05T11:00:32+00:00\",\"description\":\"Visi, kurie \u017eino savo mirties dat\u0105, jau prad\u0117jo mirti. \u0160e\u0161tadienis, \u0161iek tiek po de\u0161imtos vakaro. D\u017eiulis Tanbergas s\u0117di prie Palydos telefono. Tai \u2014\",\"breadcrumb\":{\"@id\":\"https:\/\/skaitytaknyga.lt\/produktas\/kelias-namo\/#breadcrumb\"},\"inLanguage\":\"en-GB\",\"potentialAction\":[{\"@type\":\"ReadAction\",\"target\":[\"https:\/\/skaitytaknyga.lt\/produktas\/kelias-namo\/\"]}]},{\"@type\":\"ImageObject\",\"inLanguage\":\"en-GB\",\"@id\":\"https:\/\/skaitytaknyga.lt\/produktas\/kelias-namo\/#primaryimage\",\"url\":\"https:\/\/skaitytaknyga.lt\/wp-content\/uploads\/2025\/10\/Kelias-namo-1.webp\",\"contentUrl\":\"https:\/\/skaitytaknyga.lt\/wp-content\/uploads\/2025\/10\/Kelias-namo-1.webp\",\"width\":300,\"height\":455,\"caption\":\"Kelias namo\"},{\"@type\":\"BreadcrumbList\",\"@id\":\"https:\/\/skaitytaknyga.lt\/produktas\/kelias-namo\/#breadcrumb\",\"itemListElement\":[{\"@type\":\"ListItem\",\"position\":1,\"name\":\"Home\",\"item\":\"https:\/\/skaitytaknyga.lt\/\"},{\"@type\":\"ListItem\",\"position\":2,\"name\":\"Parduotuv\u0117\",\"item\":\"https:\/\/skaitytaknyga.lt\/knygu-parduotuve\/\"},{\"@type\":\"ListItem\",\"position\":3,\"name\":\"Kelias namo\"}]},{\"@type\":\"WebSite\",\"@id\":\"https:\/\/skaitytaknyga.lt\/#website\",\"url\":\"https:\/\/skaitytaknyga.lt\/\",\"name\":\"skaitytaknyga.lt\",\"description\":\"Skaitytaknyga.lt \u2013 tai ma\u017eas \u0161eimos verslas, kuris prasid\u0117jo nuo meil\u0117s knygoms ir siekio i\u0161gelb\u0117ti knygas nuo likimo prie konteinerio. Kas vienam nereikalingas daiktas \u2013 kitam lobis, o mes esame tarpininkai, kurie padeda abiems tapti laimingesniems ???? \u017dinome kaip nelengva i\u0161gyventi ma\u017eiems verslams, tad nuo \u0161iol, \u010dia rasite ir kit\u0173, ma\u017e\u0173 \u0161eim\u0173 versl\u0173, rank\u0173 darbo, dovan\u0173 sau ir artimiesiems.\",\"publisher\":{\"@id\":\"https:\/\/skaitytaknyga.lt\/#organization\"},\"potentialAction\":[{\"@type\":\"SearchAction\",\"target\":{\"@type\":\"EntryPoint\",\"urlTemplate\":\"https:\/\/skaitytaknyga.lt\/?s={search_term_string}\"},\"query-input\":{\"@type\":\"PropertyValueSpecification\",\"valueRequired\":true,\"valueName\":\"search_term_string\"}}],\"inLanguage\":\"en-GB\"},{\"@type\":\"Organization\",\"@id\":\"https:\/\/skaitytaknyga.lt\/#organization\",\"name\":\"skaitytaknyga.lt\",\"url\":\"https:\/\/skaitytaknyga.lt\/\",\"logo\":{\"@type\":\"ImageObject\",\"inLanguage\":\"en-GB\",\"@id\":\"https:\/\/skaitytaknyga.lt\/#\/schema\/logo\/image\/\",\"url\":\"https:\/\/skaitytaknyga.lt\/wp-content\/uploads\/2024\/05\/cropped-cropped-cropped-02_00843_jt3bggkj1j3HLc7SyY6rEUpg.jpeg\",\"contentUrl\":\"https:\/\/skaitytaknyga.lt\/wp-content\/uploads\/2024\/05\/cropped-cropped-cropped-02_00843_jt3bggkj1j3HLc7SyY6rEUpg.jpeg\",\"width\":1600,\"height\":1600,\"caption\":\"skaitytaknyga.lt\"},\"image\":{\"@id\":\"https:\/\/skaitytaknyga.lt\/#\/schema\/logo\/image\/\"},\"sameAs\":[\"https:\/\/www.facebook.com\/skaitytaknyga\/\"]}]}<\/script>\n<!-- \/ Yoast SEO plugin. -->","yoast_head_json":{"title":"Kelias namo","description":"Visi, kurie \u017eino savo mirties dat\u0105, jau prad\u0117jo mirti. \u0160e\u0161tadienis, \u0161iek tiek po de\u0161imtos vakaro. D\u017eiulis Tanbergas s\u0117di prie Palydos telefono. Tai \u2014","robots":{"index":"index","follow":"follow","max-snippet":"max-snippet:-1","max-image-preview":"max-image-preview:large","max-video-preview":"max-video-preview:-1"},"canonical":"https:\/\/skaitytaknyga.lt\/en\/produktas\/kelias-namo\/","og_locale":"en_GB","og_type":"article","og_title":"[:lt]Kelias namo[:] - Skaitytaknyga","og_description":"Visi, kurie \u017eino savo mirties dat\u0105, jau prad\u0117jo mirti. \u0160e\u0161tadienis, \u0161iek tiek po de\u0161imtos vakaro. D\u017eiulis Tanbergas s\u0117di prie Palydos telefono. Tai \u2014","og_url":"https:\/\/skaitytaknyga.lt\/en\/produktas\/kelias-namo\/","og_site_name":"Skaitytaknyga","article_publisher":"https:\/\/www.facebook.com\/skaitytaknyga\/","article_modified_time":"2026-03-05T11:00:32+00:00","og_image":[{"width":300,"height":455,"url":"https:\/\/skaitytaknyga.lt\/wp-content\/uploads\/2025\/10\/Kelias-namo-1.webp","type":"image\/webp"}],"twitter_card":"summary_large_image","twitter_misc":{"Estimated reading time":"1 minute"},"schema":{"@context":"https:\/\/schema.org","@graph":[{"@type":"WebPage","@id":"https:\/\/skaitytaknyga.lt\/produktas\/kelias-namo\/","url":"https:\/\/skaitytaknyga.lt\/produktas\/kelias-namo\/","name":"Kelias namo","isPartOf":{"@id":"https:\/\/skaitytaknyga.lt\/#website"},"primaryImageOfPage":{"@id":"https:\/\/skaitytaknyga.lt\/produktas\/kelias-namo\/#primaryimage"},"image":{"@id":"https:\/\/skaitytaknyga.lt\/produktas\/kelias-namo\/#primaryimage"},"thumbnailUrl":"https:\/\/skaitytaknyga.lt\/wp-content\/uploads\/2025\/10\/Kelias-namo-1.webp","datePublished":"2025-10-15T07:42:57+00:00","dateModified":"2026-03-05T11:00:32+00:00","description":"Visi, kurie \u017eino savo mirties dat\u0105, jau prad\u0117jo mirti. \u0160e\u0161tadienis, \u0161iek tiek po de\u0161imtos vakaro. D\u017eiulis Tanbergas s\u0117di prie Palydos telefono. Tai \u2014","breadcrumb":{"@id":"https:\/\/skaitytaknyga.lt\/produktas\/kelias-namo\/#breadcrumb"},"inLanguage":"en-GB","potentialAction":[{"@type":"ReadAction","target":["https:\/\/skaitytaknyga.lt\/produktas\/kelias-namo\/"]}]},{"@type":"ImageObject","inLanguage":"en-GB","@id":"https:\/\/skaitytaknyga.lt\/produktas\/kelias-namo\/#primaryimage","url":"https:\/\/skaitytaknyga.lt\/wp-content\/uploads\/2025\/10\/Kelias-namo-1.webp","contentUrl":"https:\/\/skaitytaknyga.lt\/wp-content\/uploads\/2025\/10\/Kelias-namo-1.webp","width":300,"height":455,"caption":"Kelias namo"},{"@type":"BreadcrumbList","@id":"https:\/\/skaitytaknyga.lt\/produktas\/kelias-namo\/#breadcrumb","itemListElement":[{"@type":"ListItem","position":1,"name":"Home","item":"https:\/\/skaitytaknyga.lt\/"},{"@type":"ListItem","position":2,"name":"Parduotuv\u0117","item":"https:\/\/skaitytaknyga.lt\/knygu-parduotuve\/"},{"@type":"ListItem","position":3,"name":"Kelias namo"}]},{"@type":"WebSite","@id":"https:\/\/skaitytaknyga.lt\/#website","url":"https:\/\/skaitytaknyga.lt\/","name":"skaitytaknyga.lt","description":"Skaitytaknyga.lt \u2013 tai ma\u017eas \u0161eimos verslas, kuris prasid\u0117jo nuo meil\u0117s knygoms ir siekio i\u0161gelb\u0117ti knygas nuo likimo prie konteinerio. Kas vienam nereikalingas daiktas \u2013 kitam lobis, o mes esame tarpininkai, kurie padeda abiems tapti laimingesniems ???? \u017dinome kaip nelengva i\u0161gyventi ma\u017eiems verslams, tad nuo \u0161iol, \u010dia rasite ir kit\u0173, ma\u017e\u0173 \u0161eim\u0173 versl\u0173, rank\u0173 darbo, dovan\u0173 sau ir artimiesiems.","publisher":{"@id":"https:\/\/skaitytaknyga.lt\/#organization"},"potentialAction":[{"@type":"SearchAction","target":{"@type":"EntryPoint","urlTemplate":"https:\/\/skaitytaknyga.lt\/?s={search_term_string}"},"query-input":{"@type":"PropertyValueSpecification","valueRequired":true,"valueName":"search_term_string"}}],"inLanguage":"en-GB"},{"@type":"Organization","@id":"https:\/\/skaitytaknyga.lt\/#organization","name":"skaitytaknyga.lt","url":"https:\/\/skaitytaknyga.lt\/","logo":{"@type":"ImageObject","inLanguage":"en-GB","@id":"https:\/\/skaitytaknyga.lt\/#\/schema\/logo\/image\/","url":"https:\/\/skaitytaknyga.lt\/wp-content\/uploads\/2024\/05\/cropped-cropped-cropped-02_00843_jt3bggkj1j3HLc7SyY6rEUpg.jpeg","contentUrl":"https:\/\/skaitytaknyga.lt\/wp-content\/uploads\/2024\/05\/cropped-cropped-cropped-02_00843_jt3bggkj1j3HLc7SyY6rEUpg.jpeg","width":1600,"height":1600,"caption":"skaitytaknyga.lt"},"image":{"@id":"https:\/\/skaitytaknyga.lt\/#\/schema\/logo\/image\/"},"sameAs":["https:\/\/www.facebook.com\/skaitytaknyga\/"]}]}},"_links":{"self":[{"href":"https:\/\/skaitytaknyga.lt\/en\/wp-json\/wp\/v2\/product\/21554","targetHints":{"allow":["GET"]}}],"collection":[{"href":"https:\/\/skaitytaknyga.lt\/en\/wp-json\/wp\/v2\/product"}],"about":[{"href":"https:\/\/skaitytaknyga.lt\/en\/wp-json\/wp\/v2\/types\/product"}],"replies":[{"embeddable":true,"href":"https:\/\/skaitytaknyga.lt\/en\/wp-json\/wp\/v2\/comments?post=21554"}],"wp:featuredmedia":[{"embeddable":true,"href":"https:\/\/skaitytaknyga.lt\/en\/wp-json\/wp\/v2\/media\/21559"}],"wp:attachment":[{"href":"https:\/\/skaitytaknyga.lt\/en\/wp-json\/wp\/v2\/media?parent=21554"}],"wp:term":[{"taxonomy":"product_brand","embeddable":true,"href":"https:\/\/skaitytaknyga.lt\/en\/wp-json\/wp\/v2\/product_brand?post=21554"},{"taxonomy":"product_cat","embeddable":true,"href":"https:\/\/skaitytaknyga.lt\/en\/wp-json\/wp\/v2\/product_cat?post=21554"},{"taxonomy":"product_tag","embeddable":true,"href":"https:\/\/skaitytaknyga.lt\/en\/wp-json\/wp\/v2\/product_tag?post=21554"}],"curies":[{"name":"wp","href":"https:\/\/api.w.org\/{rel}","templated":true}]}}