{"id":21548,"date":"2025-10-15T10:25:18","date_gmt":"2025-10-15T07:25:18","guid":{"rendered":"https:\/\/skaitytaknyga.lt\/?post_type=product&#038;p=21548"},"modified":"2025-10-17T21:18:08","modified_gmt":"2025-10-17T18:18:08","slug":"slepynes-kaip-uzmerktomis-akimis-zaidziame-gyvenima","status":"publish","type":"product","link":"https:\/\/skaitytaknyga.lt\/en\/produktas\/slepynes-kaip-uzmerktomis-akimis-zaidziame-gyvenima\/","title":{"rendered":"Sl\u0117pyn\u0117s. Kaip u\u017emerktomis akimis \u017eaid\u017eiame gyvenim\u0105"},"content":{"rendered":"<p>Jei s\u0117km\u0117 yra stulbinami gyvenimo pasiekimai, priver\u010diantys aplinkinius skai\u010diuoti savo stalo sidabr\u0105, tai \u0161i knyga \u2013 apie nes\u0117km\u0119. Jei meil\u0117 \u2013 tai romanti\u0161kas apsvaigimas, persipyn\u0119s su savininki\u0161ku kaprizu, tai \u0161ioje knygoje meil\u0117s nerasite. Jei gyvenim\u0105 laikote tyra g\u0117rio buveine, ver\u010diau atmerkite akis. Tikrov\u0117 \u017eaid\u017eia sl\u0117pyni\u0173.<\/p>\n<p>Istorijos apie lepi\u0105 mergin\u0105 i\u0161 Lietuvos sostin\u0117s veiksmas netik\u0117tai persikelia \u012f Kanad\u0105 ir Islandij\u0105. D\u0117l nepalanki\u0173 gyvenimo aplinkybi\u0173 elitin\u0117 Margaritos kasdienyb\u0117 virsta slapstymusi sve\u010diose \u0161alyse, visuomen\u0117s \u017eav\u0117jimasis ja \u2013 artim\u0173j\u0173 abejingumu, jau ir taip nepavyd\u0117tin\u0105 pad\u0117t\u012f dar labiau apkartina narkotik\u0173 pasaulio realyb\u0117. Atsid\u016brus gyvenimo kry\u017ekel\u0117je, jaunai merginai tenka \u017eengti kit\u0105 \u017eingsn\u012f \u2013 arba lengv\u0105, arba teising\u0105. Nuopuoli\u0173 kupina merginos kasdienyb\u0117, ry\u0161k\u016bs persona\u017e\u0173 charakteriai, spalvingi kelioni\u0173 apra\u0161ymai ir jautr\u016bs dialogai kvie\u010dia i\u0161 naujo perkainoti savo gyvenimo vertybes ir prioritetus.<\/p>\n","protected":false},"excerpt":{"rendered":"<p>Jei s\u0117km\u0117 yra stulbinami gyvenimo pasiekimai, priver\u010diantys aplinkinius skai\u010diuoti savo stalo sidabr\u0105, tai \u0161i knyga \u2013 apie nes\u0117km\u0119. Jei meil\u0117 \u2013 tai romanti\u0161kas apsvaigimas, persipyn\u0119s su savininki\u0161ku kaprizu, tai \u0161ioje knygoje meil\u0117s nerasite. Jei gyvenim\u0105 laikote tyra g\u0117rio buveine, ver\u010diau atmerkite akis. Tikrov\u0117 \u017eaid\u017eia sl\u0117pyni\u0173. Istorijos apie lepi\u0105 mergin\u0105 i\u0161 Lietuvos sostin\u0117s veiksmas netik\u0117tai persikelia \u012f Kanad\u0105 ir Islandij\u0105. D\u0117l nepalanki\u0173 gyvenimo aplinkybi\u0173 elitin\u0117 Margaritos kasdienyb\u0117 virsta slapstymusi sve\u010diose \u0161alyse, visuomen\u0117s \u017eav\u0117jimasis ja \u2013 artim\u0173j\u0173 abejingumu, jau ir taip nepavyd\u0117tin\u0105 pad\u0117t\u012f dar labiau apkartina narkotik\u0173 pasaulio realyb\u0117. Atsid\u016brus gyvenimo kry\u017ekel\u0117je, jaunai merginai tenka \u017eengti kit\u0105 \u017eingsn\u012f \u2013 arba lengv\u0105, arba teising\u0105. Nuopuoli\u0173 kupina merginos kasdienyb\u0117, ry\u0161k\u016bs persona\u017e\u0173 charakteriai, spalvingi kelioni\u0173 apra\u0161ymai ir jautr\u016bs dialogai kvie\u010dia i\u0161 naujo perkainoti savo gyvenimo vertybes ir prioritetus.<\/p>\n","protected":false},"featured_media":21553,"comment_status":"open","ping_status":"closed","template":"","meta":{"_acf_changed":false,"site-sidebar-layout":"default","site-content-layout":"","ast-site-content-layout":"default","site-content-style":"default","site-sidebar-style":"default","ast-global-header-display":"","ast-banner-title-visibility":"","ast-main-header-display":"","ast-hfb-above-header-display":"","ast-hfb-below-header-display":"","ast-hfb-mobile-header-display":"","site-post-title":"","ast-breadcrumbs-content":"","ast-featured-img":"","footer-sml-layout":"","ast-disable-related-posts":"","theme-transparent-header-meta":"","adv-header-id-meta":"","stick-header-meta":"","header-above-stick-meta":"","header-main-stick-meta":"","header-below-stick-meta":"","astra-migrate-meta-layouts":"default","ast-page-background-enabled":"default","ast-page-background-meta":{"desktop":{"background-color":"","background-image":"","background-repeat":"repeat","background-position":"center center","background-size":"auto","background-attachment":"scroll","background-type":"","background-media":"","overlay-type":"","overlay-color":"","overlay-opacity":"","overlay-gradient":""},"tablet":{"background-color":"","background-image":"","background-repeat":"repeat","background-position":"center center","background-size":"auto","background-attachment":"scroll","background-type":"","background-media":"","overlay-type":"","overlay-color":"","overlay-opacity":"","overlay-gradient":""},"mobile":{"background-color":"","background-image":"","background-repeat":"repeat","background-position":"center center","background-size":"auto","background-attachment":"scroll","background-type":"","background-media":"","overlay-type":"","overlay-color":"","overlay-opacity":"","overlay-gradient":""}},"ast-content-background-meta":{"desktop":{"background-color":"var(--ast-global-color-4)","background-image":"","background-repeat":"repeat","background-position":"center center","background-size":"auto","background-attachment":"scroll","background-type":"","background-media":"","overlay-type":"","overlay-color":"","overlay-opacity":"","overlay-gradient":""},"tablet":{"background-color":"var(--ast-global-color-4)","background-image":"","background-repeat":"repeat","background-position":"center center","background-size":"auto","background-attachment":"scroll","background-type":"","background-media":"","overlay-type":"","overlay-color":"","overlay-opacity":"","overlay-gradient":""},"mobile":{"background-color":"var(--ast-global-color-4)","background-image":"","background-repeat":"repeat","background-position":"center center","background-size":"auto","background-attachment":"scroll","background-type":"","background-media":"","overlay-type":"","overlay-color":"","overlay-opacity":"","overlay-gradient":""}}},"product_brand":[],"product_cat":[31],"product_tag":[],"class_list":{"0":"post-21548","1":"product","2":"type-product","3":"status-publish","4":"has-post-thumbnail","6":"product_cat-grozine-literatura","7":"desktop-align-left","8":"tablet-align-left","9":"mobile-align-left","11":"first","12":"instock","13":"shipping-taxable","14":"purchasable","15":"product-type-simple"},"acf":[],"yoast_head":"<!-- This site is optimized with the Yoast SEO plugin v27.0 - https:\/\/yoast.com\/product\/yoast-seo-wordpress\/ -->\n<title>Sl\u0117pyn\u0117s. Kaip u\u017emerktomis akimis \u017eaid\u017eiame gyvenim\u0105<\/title>\n<meta name=\"description\" content=\"Jei s\u0117km\u0117 yra stulbinami gyvenimo pasiekimai, priver\u010diantys aplinkinius skai\u010diuoti savo stalo sidabr\u0105, tai \u0161i knyga \u2013 apie nes\u0117km\u0119. Jei meil\u0117 \u2013 tai\" \/>\n<meta name=\"robots\" content=\"index, follow, max-snippet:-1, max-image-preview:large, max-video-preview:-1\" \/>\n<link rel=\"canonical\" href=\"https:\/\/skaitytaknyga.lt\/en\/produktas\/slepynes-kaip-uzmerktomis-akimis-zaidziame-gyvenima\/\" \/>\n<meta property=\"og:locale\" content=\"en_GB\" \/>\n<meta property=\"og:locale:alternate\" content=\"lt_LT\" \/>\n<meta property=\"og:type\" content=\"article\" \/>\n<meta property=\"og:title\" content=\"Sl\u0117pyn\u0117s. Kaip u\u017emerktomis akimis \u017eaid\u017eiame gyvenim\u0105\" \/>\n<meta property=\"og:description\" content=\"Jei s\u0117km\u0117 yra stulbinami gyvenimo pasiekimai, priver\u010diantys aplinkinius skai\u010diuoti savo stalo sidabr\u0105, tai \u0161i knyga \u2013 apie nes\u0117km\u0119. Jei meil\u0117 \u2013 tai\" \/>\n<meta property=\"og:url\" content=\"https:\/\/skaitytaknyga.lt\/en\/produktas\/slepynes-kaip-uzmerktomis-akimis-zaidziame-gyvenima\/\" \/>\n<meta property=\"og:site_name\" content=\"Skaitytaknyga\" \/>\n<meta property=\"article:publisher\" content=\"https:\/\/www.facebook.com\/skaitytaknyga\/\" \/>\n<meta property=\"article:modified_time\" content=\"2025-10-17T18:18:08+00:00\" \/>\n<meta property=\"og:image\" content=\"https:\/\/skaitytaknyga.lt\/wp-content\/uploads\/2025\/10\/Slepynes.-Kaip-uzmerktomis-akimis-zaidziame-gyvenima.webp\" \/>\n\t<meta property=\"og:image:width\" content=\"447\" \/>\n\t<meta property=\"og:image:height\" content=\"705\" \/>\n\t<meta property=\"og:image:type\" content=\"image\/webp\" \/>\n<meta name=\"twitter:card\" content=\"summary_large_image\" \/>\n<meta name=\"twitter:label1\" content=\"Estimated reading time\" \/>\n\t<meta name=\"twitter:data1\" content=\"1 minute\" \/>\n<script type=\"application\/ld+json\" class=\"yoast-schema-graph\">{\"@context\":\"https:\/\/schema.org\",\"@graph\":[{\"@type\":\"WebPage\",\"@id\":\"https:\/\/skaitytaknyga.lt\/produktas\/slepynes-kaip-uzmerktomis-akimis-zaidziame-gyvenima\/\",\"url\":\"https:\/\/skaitytaknyga.lt\/produktas\/slepynes-kaip-uzmerktomis-akimis-zaidziame-gyvenima\/\",\"name\":\"Sl\u0117pyn\u0117s. Kaip u\u017emerktomis akimis \u017eaid\u017eiame gyvenim\u0105\",\"isPartOf\":{\"@id\":\"https:\/\/skaitytaknyga.lt\/#website\"},\"primaryImageOfPage\":{\"@id\":\"https:\/\/skaitytaknyga.lt\/produktas\/slepynes-kaip-uzmerktomis-akimis-zaidziame-gyvenima\/#primaryimage\"},\"image\":{\"@id\":\"https:\/\/skaitytaknyga.lt\/produktas\/slepynes-kaip-uzmerktomis-akimis-zaidziame-gyvenima\/#primaryimage\"},\"thumbnailUrl\":\"https:\/\/skaitytaknyga.lt\/wp-content\/uploads\/2025\/10\/Slepynes.-Kaip-uzmerktomis-akimis-zaidziame-gyvenima.webp\",\"datePublished\":\"2025-10-15T07:25:18+00:00\",\"dateModified\":\"2025-10-17T18:18:08+00:00\",\"description\":\"Jei s\u0117km\u0117 yra stulbinami gyvenimo pasiekimai, priver\u010diantys aplinkinius skai\u010diuoti savo stalo sidabr\u0105, tai \u0161i knyga \u2013 apie nes\u0117km\u0119. Jei meil\u0117 \u2013 tai\",\"breadcrumb\":{\"@id\":\"https:\/\/skaitytaknyga.lt\/produktas\/slepynes-kaip-uzmerktomis-akimis-zaidziame-gyvenima\/#breadcrumb\"},\"inLanguage\":\"en-GB\",\"potentialAction\":[{\"@type\":\"ReadAction\",\"target\":[\"https:\/\/skaitytaknyga.lt\/produktas\/slepynes-kaip-uzmerktomis-akimis-zaidziame-gyvenima\/\"]}]},{\"@type\":\"ImageObject\",\"inLanguage\":\"en-GB\",\"@id\":\"https:\/\/skaitytaknyga.lt\/produktas\/slepynes-kaip-uzmerktomis-akimis-zaidziame-gyvenima\/#primaryimage\",\"url\":\"https:\/\/skaitytaknyga.lt\/wp-content\/uploads\/2025\/10\/Slepynes.-Kaip-uzmerktomis-akimis-zaidziame-gyvenima.webp\",\"contentUrl\":\"https:\/\/skaitytaknyga.lt\/wp-content\/uploads\/2025\/10\/Slepynes.-Kaip-uzmerktomis-akimis-zaidziame-gyvenima.webp\",\"width\":447,\"height\":705,\"caption\":\"Sl\u0117pyn\u0117s. Kaip u\u017emerktomis akimis \u017eaid\u017eiame gyvenim\u0105\"},{\"@type\":\"BreadcrumbList\",\"@id\":\"https:\/\/skaitytaknyga.lt\/produktas\/slepynes-kaip-uzmerktomis-akimis-zaidziame-gyvenima\/#breadcrumb\",\"itemListElement\":[{\"@type\":\"ListItem\",\"position\":1,\"name\":\"Home\",\"item\":\"https:\/\/skaitytaknyga.lt\/\"},{\"@type\":\"ListItem\",\"position\":2,\"name\":\"Parduotuv\u0117\",\"item\":\"https:\/\/skaitytaknyga.lt\/knygu-parduotuve\/\"},{\"@type\":\"ListItem\",\"position\":3,\"name\":\"Sl\u0117pyn\u0117s. Kaip u\u017emerktomis akimis \u017eaid\u017eiame gyvenim\u0105\"}]},{\"@type\":\"WebSite\",\"@id\":\"https:\/\/skaitytaknyga.lt\/#website\",\"url\":\"https:\/\/skaitytaknyga.lt\/\",\"name\":\"skaitytaknyga.lt\",\"description\":\"Skaitytaknyga.lt \u2013 tai ma\u017eas \u0161eimos verslas, kuris prasid\u0117jo nuo meil\u0117s knygoms ir siekio i\u0161gelb\u0117ti knygas nuo likimo prie konteinerio. Kas vienam nereikalingas daiktas \u2013 kitam lobis, o mes esame tarpininkai, kurie padeda abiems tapti laimingesniems ???? \u017dinome kaip nelengva i\u0161gyventi ma\u017eiems verslams, tad nuo \u0161iol, \u010dia rasite ir kit\u0173, ma\u017e\u0173 \u0161eim\u0173 versl\u0173, rank\u0173 darbo, dovan\u0173 sau ir artimiesiems.\",\"publisher\":{\"@id\":\"https:\/\/skaitytaknyga.lt\/#organization\"},\"potentialAction\":[{\"@type\":\"SearchAction\",\"target\":{\"@type\":\"EntryPoint\",\"urlTemplate\":\"https:\/\/skaitytaknyga.lt\/?s={search_term_string}\"},\"query-input\":{\"@type\":\"PropertyValueSpecification\",\"valueRequired\":true,\"valueName\":\"search_term_string\"}}],\"inLanguage\":\"en-GB\"},{\"@type\":\"Organization\",\"@id\":\"https:\/\/skaitytaknyga.lt\/#organization\",\"name\":\"skaitytaknyga.lt\",\"url\":\"https:\/\/skaitytaknyga.lt\/\",\"logo\":{\"@type\":\"ImageObject\",\"inLanguage\":\"en-GB\",\"@id\":\"https:\/\/skaitytaknyga.lt\/#\/schema\/logo\/image\/\",\"url\":\"https:\/\/skaitytaknyga.lt\/wp-content\/uploads\/2024\/05\/cropped-cropped-cropped-02_00843_jt3bggkj1j3HLc7SyY6rEUpg.jpeg\",\"contentUrl\":\"https:\/\/skaitytaknyga.lt\/wp-content\/uploads\/2024\/05\/cropped-cropped-cropped-02_00843_jt3bggkj1j3HLc7SyY6rEUpg.jpeg\",\"width\":1600,\"height\":1600,\"caption\":\"skaitytaknyga.lt\"},\"image\":{\"@id\":\"https:\/\/skaitytaknyga.lt\/#\/schema\/logo\/image\/\"},\"sameAs\":[\"https:\/\/www.facebook.com\/skaitytaknyga\/\"]}]}<\/script>\n<!-- \/ Yoast SEO plugin. -->","yoast_head_json":{"title":"Sl\u0117pyn\u0117s. Kaip u\u017emerktomis akimis \u017eaid\u017eiame gyvenim\u0105","description":"Jei s\u0117km\u0117 yra stulbinami gyvenimo pasiekimai, priver\u010diantys aplinkinius skai\u010diuoti savo stalo sidabr\u0105, tai \u0161i knyga \u2013 apie nes\u0117km\u0119. Jei meil\u0117 \u2013 tai","robots":{"index":"index","follow":"follow","max-snippet":"max-snippet:-1","max-image-preview":"max-image-preview:large","max-video-preview":"max-video-preview:-1"},"canonical":"https:\/\/skaitytaknyga.lt\/en\/produktas\/slepynes-kaip-uzmerktomis-akimis-zaidziame-gyvenima\/","og_locale":"en_GB","og_type":"article","og_title":"[:lt]Sl\u0117pyn\u0117s. Kaip u\u017emerktomis akimis \u017eaid\u017eiame gyvenim\u0105[:] - Skaitytaknyga","og_description":"Jei s\u0117km\u0117 yra stulbinami gyvenimo pasiekimai, priver\u010diantys aplinkinius skai\u010diuoti savo stalo sidabr\u0105, tai \u0161i knyga \u2013 apie nes\u0117km\u0119. Jei meil\u0117 \u2013 tai","og_url":"https:\/\/skaitytaknyga.lt\/en\/produktas\/slepynes-kaip-uzmerktomis-akimis-zaidziame-gyvenima\/","og_site_name":"Skaitytaknyga","article_publisher":"https:\/\/www.facebook.com\/skaitytaknyga\/","article_modified_time":"2025-10-17T18:18:08+00:00","og_image":[{"width":447,"height":705,"url":"https:\/\/skaitytaknyga.lt\/wp-content\/uploads\/2025\/10\/Slepynes.-Kaip-uzmerktomis-akimis-zaidziame-gyvenima.webp","type":"image\/webp"}],"twitter_card":"summary_large_image","twitter_misc":{"Estimated reading time":"1 minute"},"schema":{"@context":"https:\/\/schema.org","@graph":[{"@type":"WebPage","@id":"https:\/\/skaitytaknyga.lt\/produktas\/slepynes-kaip-uzmerktomis-akimis-zaidziame-gyvenima\/","url":"https:\/\/skaitytaknyga.lt\/produktas\/slepynes-kaip-uzmerktomis-akimis-zaidziame-gyvenima\/","name":"Sl\u0117pyn\u0117s. Kaip u\u017emerktomis akimis \u017eaid\u017eiame gyvenim\u0105","isPartOf":{"@id":"https:\/\/skaitytaknyga.lt\/#website"},"primaryImageOfPage":{"@id":"https:\/\/skaitytaknyga.lt\/produktas\/slepynes-kaip-uzmerktomis-akimis-zaidziame-gyvenima\/#primaryimage"},"image":{"@id":"https:\/\/skaitytaknyga.lt\/produktas\/slepynes-kaip-uzmerktomis-akimis-zaidziame-gyvenima\/#primaryimage"},"thumbnailUrl":"https:\/\/skaitytaknyga.lt\/wp-content\/uploads\/2025\/10\/Slepynes.-Kaip-uzmerktomis-akimis-zaidziame-gyvenima.webp","datePublished":"2025-10-15T07:25:18+00:00","dateModified":"2025-10-17T18:18:08+00:00","description":"Jei s\u0117km\u0117 yra stulbinami gyvenimo pasiekimai, priver\u010diantys aplinkinius skai\u010diuoti savo stalo sidabr\u0105, tai \u0161i knyga \u2013 apie nes\u0117km\u0119. Jei meil\u0117 \u2013 tai","breadcrumb":{"@id":"https:\/\/skaitytaknyga.lt\/produktas\/slepynes-kaip-uzmerktomis-akimis-zaidziame-gyvenima\/#breadcrumb"},"inLanguage":"en-GB","potentialAction":[{"@type":"ReadAction","target":["https:\/\/skaitytaknyga.lt\/produktas\/slepynes-kaip-uzmerktomis-akimis-zaidziame-gyvenima\/"]}]},{"@type":"ImageObject","inLanguage":"en-GB","@id":"https:\/\/skaitytaknyga.lt\/produktas\/slepynes-kaip-uzmerktomis-akimis-zaidziame-gyvenima\/#primaryimage","url":"https:\/\/skaitytaknyga.lt\/wp-content\/uploads\/2025\/10\/Slepynes.-Kaip-uzmerktomis-akimis-zaidziame-gyvenima.webp","contentUrl":"https:\/\/skaitytaknyga.lt\/wp-content\/uploads\/2025\/10\/Slepynes.-Kaip-uzmerktomis-akimis-zaidziame-gyvenima.webp","width":447,"height":705,"caption":"Sl\u0117pyn\u0117s. Kaip u\u017emerktomis akimis \u017eaid\u017eiame gyvenim\u0105"},{"@type":"BreadcrumbList","@id":"https:\/\/skaitytaknyga.lt\/produktas\/slepynes-kaip-uzmerktomis-akimis-zaidziame-gyvenima\/#breadcrumb","itemListElement":[{"@type":"ListItem","position":1,"name":"Home","item":"https:\/\/skaitytaknyga.lt\/"},{"@type":"ListItem","position":2,"name":"Parduotuv\u0117","item":"https:\/\/skaitytaknyga.lt\/knygu-parduotuve\/"},{"@type":"ListItem","position":3,"name":"Sl\u0117pyn\u0117s. Kaip u\u017emerktomis akimis \u017eaid\u017eiame gyvenim\u0105"}]},{"@type":"WebSite","@id":"https:\/\/skaitytaknyga.lt\/#website","url":"https:\/\/skaitytaknyga.lt\/","name":"skaitytaknyga.lt","description":"Skaitytaknyga.lt \u2013 tai ma\u017eas \u0161eimos verslas, kuris prasid\u0117jo nuo meil\u0117s knygoms ir siekio i\u0161gelb\u0117ti knygas nuo likimo prie konteinerio. Kas vienam nereikalingas daiktas \u2013 kitam lobis, o mes esame tarpininkai, kurie padeda abiems tapti laimingesniems ???? \u017dinome kaip nelengva i\u0161gyventi ma\u017eiems verslams, tad nuo \u0161iol, \u010dia rasite ir kit\u0173, ma\u017e\u0173 \u0161eim\u0173 versl\u0173, rank\u0173 darbo, dovan\u0173 sau ir artimiesiems.","publisher":{"@id":"https:\/\/skaitytaknyga.lt\/#organization"},"potentialAction":[{"@type":"SearchAction","target":{"@type":"EntryPoint","urlTemplate":"https:\/\/skaitytaknyga.lt\/?s={search_term_string}"},"query-input":{"@type":"PropertyValueSpecification","valueRequired":true,"valueName":"search_term_string"}}],"inLanguage":"en-GB"},{"@type":"Organization","@id":"https:\/\/skaitytaknyga.lt\/#organization","name":"skaitytaknyga.lt","url":"https:\/\/skaitytaknyga.lt\/","logo":{"@type":"ImageObject","inLanguage":"en-GB","@id":"https:\/\/skaitytaknyga.lt\/#\/schema\/logo\/image\/","url":"https:\/\/skaitytaknyga.lt\/wp-content\/uploads\/2024\/05\/cropped-cropped-cropped-02_00843_jt3bggkj1j3HLc7SyY6rEUpg.jpeg","contentUrl":"https:\/\/skaitytaknyga.lt\/wp-content\/uploads\/2024\/05\/cropped-cropped-cropped-02_00843_jt3bggkj1j3HLc7SyY6rEUpg.jpeg","width":1600,"height":1600,"caption":"skaitytaknyga.lt"},"image":{"@id":"https:\/\/skaitytaknyga.lt\/#\/schema\/logo\/image\/"},"sameAs":["https:\/\/www.facebook.com\/skaitytaknyga\/"]}]}},"_links":{"self":[{"href":"https:\/\/skaitytaknyga.lt\/en\/wp-json\/wp\/v2\/product\/21548","targetHints":{"allow":["GET"]}}],"collection":[{"href":"https:\/\/skaitytaknyga.lt\/en\/wp-json\/wp\/v2\/product"}],"about":[{"href":"https:\/\/skaitytaknyga.lt\/en\/wp-json\/wp\/v2\/types\/product"}],"replies":[{"embeddable":true,"href":"https:\/\/skaitytaknyga.lt\/en\/wp-json\/wp\/v2\/comments?post=21548"}],"wp:featuredmedia":[{"embeddable":true,"href":"https:\/\/skaitytaknyga.lt\/en\/wp-json\/wp\/v2\/media\/21553"}],"wp:attachment":[{"href":"https:\/\/skaitytaknyga.lt\/en\/wp-json\/wp\/v2\/media?parent=21548"}],"wp:term":[{"taxonomy":"product_brand","embeddable":true,"href":"https:\/\/skaitytaknyga.lt\/en\/wp-json\/wp\/v2\/product_brand?post=21548"},{"taxonomy":"product_cat","embeddable":true,"href":"https:\/\/skaitytaknyga.lt\/en\/wp-json\/wp\/v2\/product_cat?post=21548"},{"taxonomy":"product_tag","embeddable":true,"href":"https:\/\/skaitytaknyga.lt\/en\/wp-json\/wp\/v2\/product_tag?post=21548"}],"curies":[{"name":"wp","href":"https:\/\/api.w.org\/{rel}","templated":true}]}}