{"id":21546,"date":"2025-10-15T10:25:17","date_gmt":"2025-10-15T07:25:17","guid":{"rendered":"https:\/\/skaitytaknyga.lt\/?post_type=product&#038;p=21546"},"modified":"2026-01-30T12:54:27","modified_gmt":"2026-01-30T10:54:27","slug":"citrinmedziu-vila","status":"publish","type":"product","link":"https:\/\/skaitytaknyga.lt\/en\/produktas\/citrinmedziu-vila\/","title":{"rendered":"Citrinmed\u017ei\u0173 vila"},"content":{"rendered":"<p>Jolita Herlyn \u2013 Vokietijoje gyvenanti lietuvi\u0173 ra\u0161ytoja, viena skaitomiausi\u0173 gro\u017ein\u0117s literat\u016bros autori\u0173 Lietuvos bibliotekose. Autor\u0117 meistri\u0161kai tapo psichologinius veik\u0117j\u0173 portretus, tikrus \u012fvykius supindama su vaizduote ir kurdama mums atpa\u017e\u012fstam\u0105 ir artim\u0105 jausm\u0173, svaj\u0173 ir santyki\u0173 pasaul\u012f.<\/p>\n<p>\u012etraukiantis nuotyki\u0173 ir paslap\u010di\u0173, prana\u0161i\u0161k\u0173 sapn\u0173, vidini\u0173 demon\u0173 \u0161\u0117lsmo, o kartu ir itali\u0161ko b\u016bties lengvumo kupinas romanas apie sav\u0119s ir laim\u0117s paie\u0161kas, vyro ir moters ry\u0161\u012f, paklydimus, kalt\u0117s jausm\u0105, vaikyst\u0117s traumas, atleidim\u0105, gyvenimo baimes, vienatv\u0119, taip pat moter\u0173 savivert\u0119, tvirtyb\u0119, atvirum\u0105 pasauliui ir seseryst\u0117s svarb\u0105.<\/p>\n<p>\u017durnalist\u0117 Johana su savo vyru, dokumentini\u0173 film\u0173 prodiuseriu Robertu, i\u0161 Vokietijos ketina persikelti gyventi \u012f proseneli\u0173 \u017eem\u0119 Italij\u0105. Po ilg\u0173 paie\u0161k\u0173 Johana ne tik randa \u012fsp\u016bding\u0105 senovin\u0119 vil\u0105 tarp tapybi\u0161k\u0173 Toskanos kalv\u0173, bet netik\u0117tai sutinka ir moter\u012f, kuri atveria jai duris \u012f sav\u0119s pa\u017einimo kelion\u0119. Ta\u010diau vila lyg u\u017eker\u0117ta neskuba \u012fsileisti nauj\u0173 \u0161eiminink\u0173, o vidini\u0173 poky\u010di\u0173 kelias irgi ne toks tiesus, koks atrodo i\u0161 pirmo \u017evilgsnio.<\/p>\n<p>Kas yra laim\u0117? Ar i\u0161sipild\u017eiusios svajon\u0117s ir \u012fgyvendinti tikslai? Ar ji priklauso nuo vietos, kur esi, ir nuo aplinkini\u0173? O gal tai b\u016bsena, kuri praplasnodama \u0161m\u0117steli it spalvingas drugelis?<\/p>\n","protected":false},"excerpt":{"rendered":"<p>Jolita Herlyn \u2013 Vokietijoje gyvenanti lietuvi\u0173 ra\u0161ytoja, viena skaitomiausi\u0173 gro\u017ein\u0117s literat\u016bros autori\u0173 Lietuvos bibliotekose. Autor\u0117 meistri\u0161kai tapo psichologinius veik\u0117j\u0173 portretus, tikrus \u012fvykius supindama su vaizduote ir kurdama mums atpa\u017e\u012fstam\u0105 ir artim\u0105 jausm\u0173, svaj\u0173 ir santyki\u0173 pasaul\u012f. \u012etraukiantis nuotyki\u0173 ir paslap\u010di\u0173, prana\u0161i\u0161k\u0173 sapn\u0173, vidini\u0173 demon\u0173 \u0161\u0117lsmo, o kartu ir itali\u0161ko b\u016bties lengvumo kupinas romanas apie sav\u0119s ir laim\u0117s paie\u0161kas, vyro ir moters ry\u0161\u012f, paklydimus, kalt\u0117s jausm\u0105, vaikyst\u0117s traumas, atleidim\u0105, gyvenimo baimes, vienatv\u0119, taip pat moter\u0173 savivert\u0119, tvirtyb\u0119, atvirum\u0105 pasauliui ir seseryst\u0117s svarb\u0105. \u017durnalist\u0117 Johana su savo vyru, dokumentini\u0173 film\u0173 prodiuseriu Robertu, i\u0161 Vokietijos ketina persikelti gyventi \u012f proseneli\u0173 \u017eem\u0119 Italij\u0105. Po ilg\u0173 paie\u0161k\u0173 Johana ne tik randa \u012fsp\u016bding\u0105 senovin\u0119 vil\u0105 tarp tapybi\u0161k\u0173 Toskanos kalv\u0173, bet netik\u0117tai sutinka ir moter\u012f, kuri atveria jai duris \u012f sav\u0119s pa\u017einimo kelion\u0119. Ta\u010diau vila lyg u\u017eker\u0117ta neskuba \u012fsileisti nauj\u0173 \u0161eiminink\u0173, o vidini\u0173 poky\u010di\u0173 kelias irgi ne toks tiesus, koks atrodo i\u0161 pirmo \u017evilgsnio. Kas yra laim\u0117? Ar i\u0161sipild\u017eiusios svajon\u0117s ir \u012fgyvendinti tikslai? Ar ji priklauso nuo vietos, kur esi, ir nuo aplinkini\u0173? O gal tai b\u016bsena, kuri praplasnodama \u0161m\u0117steli it spalvingas drugelis?<\/p>\n","protected":false},"featured_media":21551,"comment_status":"open","ping_status":"closed","template":"","meta":{"_acf_changed":false,"site-sidebar-layout":"default","site-content-layout":"","ast-site-content-layout":"default","site-content-style":"default","site-sidebar-style":"default","ast-global-header-display":"","ast-banner-title-visibility":"","ast-main-header-display":"","ast-hfb-above-header-display":"","ast-hfb-below-header-display":"","ast-hfb-mobile-header-display":"","site-post-title":"","ast-breadcrumbs-content":"","ast-featured-img":"","footer-sml-layout":"","ast-disable-related-posts":"","theme-transparent-header-meta":"","adv-header-id-meta":"","stick-header-meta":"","header-above-stick-meta":"","header-main-stick-meta":"","header-below-stick-meta":"","astra-migrate-meta-layouts":"default","ast-page-background-enabled":"default","ast-page-background-meta":{"desktop":{"background-color":"","background-image":"","background-repeat":"repeat","background-position":"center center","background-size":"auto","background-attachment":"scroll","background-type":"","background-media":"","overlay-type":"","overlay-color":"","overlay-opacity":"","overlay-gradient":""},"tablet":{"background-color":"","background-image":"","background-repeat":"repeat","background-position":"center center","background-size":"auto","background-attachment":"scroll","background-type":"","background-media":"","overlay-type":"","overlay-color":"","overlay-opacity":"","overlay-gradient":""},"mobile":{"background-color":"","background-image":"","background-repeat":"repeat","background-position":"center center","background-size":"auto","background-attachment":"scroll","background-type":"","background-media":"","overlay-type":"","overlay-color":"","overlay-opacity":"","overlay-gradient":""}},"ast-content-background-meta":{"desktop":{"background-color":"var(--ast-global-color-4)","background-image":"","background-repeat":"repeat","background-position":"center center","background-size":"auto","background-attachment":"scroll","background-type":"","background-media":"","overlay-type":"","overlay-color":"","overlay-opacity":"","overlay-gradient":""},"tablet":{"background-color":"var(--ast-global-color-4)","background-image":"","background-repeat":"repeat","background-position":"center center","background-size":"auto","background-attachment":"scroll","background-type":"","background-media":"","overlay-type":"","overlay-color":"","overlay-opacity":"","overlay-gradient":""},"mobile":{"background-color":"var(--ast-global-color-4)","background-image":"","background-repeat":"repeat","background-position":"center center","background-size":"auto","background-attachment":"scroll","background-type":"","background-media":"","overlay-type":"","overlay-color":"","overlay-opacity":"","overlay-gradient":""}}},"product_brand":[],"product_cat":[31],"product_tag":[9349],"class_list":{"0":"post-21546","1":"product","2":"type-product","3":"status-publish","4":"has-post-thumbnail","6":"product_cat-grozine-literatura","7":"product_tag-ltjolita-herlyn","8":"desktop-align-left","9":"tablet-align-left","10":"mobile-align-left","12":"first","13":"instock","14":"shipping-taxable","15":"purchasable","16":"product-type-simple"},"acf":[],"yoast_head":"<!-- This site is optimized with the Yoast SEO plugin v27.0 - https:\/\/yoast.com\/product\/yoast-seo-wordpress\/ -->\n<title>Citrinmed\u017ei\u0173 vila<\/title>\n<meta name=\"description\" content=\"Jolita Herlyn \u2013 Vokietijoje gyvenanti lietuvi\u0173 ra\u0161ytoja, viena skaitomiausi\u0173 gro\u017ein\u0117s literat\u016bros autori\u0173 Lietuvos bibliotekose. Autor\u0117 meistri\u0161kai tapo\" \/>\n<meta name=\"robots\" content=\"index, follow, max-snippet:-1, max-image-preview:large, max-video-preview:-1\" \/>\n<link rel=\"canonical\" href=\"https:\/\/skaitytaknyga.lt\/en\/produktas\/citrinmedziu-vila\/\" \/>\n<meta property=\"og:locale\" content=\"en_GB\" \/>\n<meta property=\"og:locale:alternate\" content=\"lt_LT\" \/>\n<meta property=\"og:type\" content=\"article\" \/>\n<meta property=\"og:title\" content=\"Citrinmed\u017ei\u0173 vila\" \/>\n<meta property=\"og:description\" content=\"Jolita Herlyn \u2013 Vokietijoje gyvenanti lietuvi\u0173 ra\u0161ytoja, viena skaitomiausi\u0173 gro\u017ein\u0117s literat\u016bros autori\u0173 Lietuvos bibliotekose. Autor\u0117 meistri\u0161kai tapo\" \/>\n<meta property=\"og:url\" content=\"https:\/\/skaitytaknyga.lt\/en\/produktas\/citrinmedziu-vila\/\" \/>\n<meta property=\"og:site_name\" content=\"Skaitytaknyga\" \/>\n<meta property=\"article:publisher\" content=\"https:\/\/www.facebook.com\/skaitytaknyga\/\" \/>\n<meta property=\"article:modified_time\" content=\"2026-01-30T10:54:27+00:00\" \/>\n<meta property=\"og:image\" content=\"https:\/\/skaitytaknyga.lt\/wp-content\/uploads\/2025\/10\/Citrinmedziu-vila-1.webp\" \/>\n\t<meta property=\"og:image:width\" content=\"300\" \/>\n\t<meta property=\"og:image:height\" content=\"447\" \/>\n\t<meta property=\"og:image:type\" content=\"image\/webp\" \/>\n<meta name=\"twitter:card\" content=\"summary_large_image\" \/>\n<meta name=\"twitter:label1\" content=\"Estimated reading time\" \/>\n\t<meta name=\"twitter:data1\" content=\"1 minute\" \/>\n<script type=\"application\/ld+json\" class=\"yoast-schema-graph\">{\"@context\":\"https:\/\/schema.org\",\"@graph\":[{\"@type\":\"WebPage\",\"@id\":\"https:\/\/skaitytaknyga.lt\/produktas\/citrinmedziu-vila\/\",\"url\":\"https:\/\/skaitytaknyga.lt\/produktas\/citrinmedziu-vila\/\",\"name\":\"Citrinmed\u017ei\u0173 vila\",\"isPartOf\":{\"@id\":\"https:\/\/skaitytaknyga.lt\/#website\"},\"primaryImageOfPage\":{\"@id\":\"https:\/\/skaitytaknyga.lt\/produktas\/citrinmedziu-vila\/#primaryimage\"},\"image\":{\"@id\":\"https:\/\/skaitytaknyga.lt\/produktas\/citrinmedziu-vila\/#primaryimage\"},\"thumbnailUrl\":\"https:\/\/skaitytaknyga.lt\/wp-content\/uploads\/2025\/10\/Citrinmedziu-vila-1.webp\",\"datePublished\":\"2025-10-15T07:25:17+00:00\",\"dateModified\":\"2026-01-30T10:54:27+00:00\",\"description\":\"Jolita Herlyn \u2013 Vokietijoje gyvenanti lietuvi\u0173 ra\u0161ytoja, viena skaitomiausi\u0173 gro\u017ein\u0117s literat\u016bros autori\u0173 Lietuvos bibliotekose. Autor\u0117 meistri\u0161kai tapo\",\"breadcrumb\":{\"@id\":\"https:\/\/skaitytaknyga.lt\/produktas\/citrinmedziu-vila\/#breadcrumb\"},\"inLanguage\":\"en-GB\",\"potentialAction\":[{\"@type\":\"ReadAction\",\"target\":[\"https:\/\/skaitytaknyga.lt\/produktas\/citrinmedziu-vila\/\"]}]},{\"@type\":\"ImageObject\",\"inLanguage\":\"en-GB\",\"@id\":\"https:\/\/skaitytaknyga.lt\/produktas\/citrinmedziu-vila\/#primaryimage\",\"url\":\"https:\/\/skaitytaknyga.lt\/wp-content\/uploads\/2025\/10\/Citrinmedziu-vila-1.webp\",\"contentUrl\":\"https:\/\/skaitytaknyga.lt\/wp-content\/uploads\/2025\/10\/Citrinmedziu-vila-1.webp\",\"width\":300,\"height\":447,\"caption\":\"Citrinmed\u017ei\u0173 vila\"},{\"@type\":\"BreadcrumbList\",\"@id\":\"https:\/\/skaitytaknyga.lt\/produktas\/citrinmedziu-vila\/#breadcrumb\",\"itemListElement\":[{\"@type\":\"ListItem\",\"position\":1,\"name\":\"Home\",\"item\":\"https:\/\/skaitytaknyga.lt\/\"},{\"@type\":\"ListItem\",\"position\":2,\"name\":\"Parduotuv\u0117\",\"item\":\"https:\/\/skaitytaknyga.lt\/knygu-parduotuve\/\"},{\"@type\":\"ListItem\",\"position\":3,\"name\":\"Citrinmed\u017ei\u0173 vila\"}]},{\"@type\":\"WebSite\",\"@id\":\"https:\/\/skaitytaknyga.lt\/#website\",\"url\":\"https:\/\/skaitytaknyga.lt\/\",\"name\":\"skaitytaknyga.lt\",\"description\":\"Skaitytaknyga.lt \u2013 tai ma\u017eas \u0161eimos verslas, kuris prasid\u0117jo nuo meil\u0117s knygoms ir siekio i\u0161gelb\u0117ti knygas nuo likimo prie konteinerio. Kas vienam nereikalingas daiktas \u2013 kitam lobis, o mes esame tarpininkai, kurie padeda abiems tapti laimingesniems ???? \u017dinome kaip nelengva i\u0161gyventi ma\u017eiems verslams, tad nuo \u0161iol, \u010dia rasite ir kit\u0173, ma\u017e\u0173 \u0161eim\u0173 versl\u0173, rank\u0173 darbo, dovan\u0173 sau ir artimiesiems.\",\"publisher\":{\"@id\":\"https:\/\/skaitytaknyga.lt\/#organization\"},\"potentialAction\":[{\"@type\":\"SearchAction\",\"target\":{\"@type\":\"EntryPoint\",\"urlTemplate\":\"https:\/\/skaitytaknyga.lt\/?s={search_term_string}\"},\"query-input\":{\"@type\":\"PropertyValueSpecification\",\"valueRequired\":true,\"valueName\":\"search_term_string\"}}],\"inLanguage\":\"en-GB\"},{\"@type\":\"Organization\",\"@id\":\"https:\/\/skaitytaknyga.lt\/#organization\",\"name\":\"skaitytaknyga.lt\",\"url\":\"https:\/\/skaitytaknyga.lt\/\",\"logo\":{\"@type\":\"ImageObject\",\"inLanguage\":\"en-GB\",\"@id\":\"https:\/\/skaitytaknyga.lt\/#\/schema\/logo\/image\/\",\"url\":\"https:\/\/skaitytaknyga.lt\/wp-content\/uploads\/2024\/05\/cropped-cropped-cropped-02_00843_jt3bggkj1j3HLc7SyY6rEUpg.jpeg\",\"contentUrl\":\"https:\/\/skaitytaknyga.lt\/wp-content\/uploads\/2024\/05\/cropped-cropped-cropped-02_00843_jt3bggkj1j3HLc7SyY6rEUpg.jpeg\",\"width\":1600,\"height\":1600,\"caption\":\"skaitytaknyga.lt\"},\"image\":{\"@id\":\"https:\/\/skaitytaknyga.lt\/#\/schema\/logo\/image\/\"},\"sameAs\":[\"https:\/\/www.facebook.com\/skaitytaknyga\/\"]}]}<\/script>\n<!-- \/ Yoast SEO plugin. -->","yoast_head_json":{"title":"Citrinmed\u017ei\u0173 vila","description":"Jolita Herlyn \u2013 Vokietijoje gyvenanti lietuvi\u0173 ra\u0161ytoja, viena skaitomiausi\u0173 gro\u017ein\u0117s literat\u016bros autori\u0173 Lietuvos bibliotekose. Autor\u0117 meistri\u0161kai tapo","robots":{"index":"index","follow":"follow","max-snippet":"max-snippet:-1","max-image-preview":"max-image-preview:large","max-video-preview":"max-video-preview:-1"},"canonical":"https:\/\/skaitytaknyga.lt\/en\/produktas\/citrinmedziu-vila\/","og_locale":"en_GB","og_type":"article","og_title":"[:lt]Citrinmed\u017ei\u0173 vila[:] - Skaitytaknyga","og_description":"Jolita Herlyn \u2013 Vokietijoje gyvenanti lietuvi\u0173 ra\u0161ytoja, viena skaitomiausi\u0173 gro\u017ein\u0117s literat\u016bros autori\u0173 Lietuvos bibliotekose. Autor\u0117 meistri\u0161kai tapo","og_url":"https:\/\/skaitytaknyga.lt\/en\/produktas\/citrinmedziu-vila\/","og_site_name":"Skaitytaknyga","article_publisher":"https:\/\/www.facebook.com\/skaitytaknyga\/","article_modified_time":"2026-01-30T10:54:27+00:00","og_image":[{"width":300,"height":447,"url":"https:\/\/skaitytaknyga.lt\/wp-content\/uploads\/2025\/10\/Citrinmedziu-vila-1.webp","type":"image\/webp"}],"twitter_card":"summary_large_image","twitter_misc":{"Estimated reading time":"1 minute"},"schema":{"@context":"https:\/\/schema.org","@graph":[{"@type":"WebPage","@id":"https:\/\/skaitytaknyga.lt\/produktas\/citrinmedziu-vila\/","url":"https:\/\/skaitytaknyga.lt\/produktas\/citrinmedziu-vila\/","name":"Citrinmed\u017ei\u0173 vila","isPartOf":{"@id":"https:\/\/skaitytaknyga.lt\/#website"},"primaryImageOfPage":{"@id":"https:\/\/skaitytaknyga.lt\/produktas\/citrinmedziu-vila\/#primaryimage"},"image":{"@id":"https:\/\/skaitytaknyga.lt\/produktas\/citrinmedziu-vila\/#primaryimage"},"thumbnailUrl":"https:\/\/skaitytaknyga.lt\/wp-content\/uploads\/2025\/10\/Citrinmedziu-vila-1.webp","datePublished":"2025-10-15T07:25:17+00:00","dateModified":"2026-01-30T10:54:27+00:00","description":"Jolita Herlyn \u2013 Vokietijoje gyvenanti lietuvi\u0173 ra\u0161ytoja, viena skaitomiausi\u0173 gro\u017ein\u0117s literat\u016bros autori\u0173 Lietuvos bibliotekose. Autor\u0117 meistri\u0161kai tapo","breadcrumb":{"@id":"https:\/\/skaitytaknyga.lt\/produktas\/citrinmedziu-vila\/#breadcrumb"},"inLanguage":"en-GB","potentialAction":[{"@type":"ReadAction","target":["https:\/\/skaitytaknyga.lt\/produktas\/citrinmedziu-vila\/"]}]},{"@type":"ImageObject","inLanguage":"en-GB","@id":"https:\/\/skaitytaknyga.lt\/produktas\/citrinmedziu-vila\/#primaryimage","url":"https:\/\/skaitytaknyga.lt\/wp-content\/uploads\/2025\/10\/Citrinmedziu-vila-1.webp","contentUrl":"https:\/\/skaitytaknyga.lt\/wp-content\/uploads\/2025\/10\/Citrinmedziu-vila-1.webp","width":300,"height":447,"caption":"Citrinmed\u017ei\u0173 vila"},{"@type":"BreadcrumbList","@id":"https:\/\/skaitytaknyga.lt\/produktas\/citrinmedziu-vila\/#breadcrumb","itemListElement":[{"@type":"ListItem","position":1,"name":"Home","item":"https:\/\/skaitytaknyga.lt\/"},{"@type":"ListItem","position":2,"name":"Parduotuv\u0117","item":"https:\/\/skaitytaknyga.lt\/knygu-parduotuve\/"},{"@type":"ListItem","position":3,"name":"Citrinmed\u017ei\u0173 vila"}]},{"@type":"WebSite","@id":"https:\/\/skaitytaknyga.lt\/#website","url":"https:\/\/skaitytaknyga.lt\/","name":"skaitytaknyga.lt","description":"Skaitytaknyga.lt \u2013 tai ma\u017eas \u0161eimos verslas, kuris prasid\u0117jo nuo meil\u0117s knygoms ir siekio i\u0161gelb\u0117ti knygas nuo likimo prie konteinerio. Kas vienam nereikalingas daiktas \u2013 kitam lobis, o mes esame tarpininkai, kurie padeda abiems tapti laimingesniems ???? \u017dinome kaip nelengva i\u0161gyventi ma\u017eiems verslams, tad nuo \u0161iol, \u010dia rasite ir kit\u0173, ma\u017e\u0173 \u0161eim\u0173 versl\u0173, rank\u0173 darbo, dovan\u0173 sau ir artimiesiems.","publisher":{"@id":"https:\/\/skaitytaknyga.lt\/#organization"},"potentialAction":[{"@type":"SearchAction","target":{"@type":"EntryPoint","urlTemplate":"https:\/\/skaitytaknyga.lt\/?s={search_term_string}"},"query-input":{"@type":"PropertyValueSpecification","valueRequired":true,"valueName":"search_term_string"}}],"inLanguage":"en-GB"},{"@type":"Organization","@id":"https:\/\/skaitytaknyga.lt\/#organization","name":"skaitytaknyga.lt","url":"https:\/\/skaitytaknyga.lt\/","logo":{"@type":"ImageObject","inLanguage":"en-GB","@id":"https:\/\/skaitytaknyga.lt\/#\/schema\/logo\/image\/","url":"https:\/\/skaitytaknyga.lt\/wp-content\/uploads\/2024\/05\/cropped-cropped-cropped-02_00843_jt3bggkj1j3HLc7SyY6rEUpg.jpeg","contentUrl":"https:\/\/skaitytaknyga.lt\/wp-content\/uploads\/2024\/05\/cropped-cropped-cropped-02_00843_jt3bggkj1j3HLc7SyY6rEUpg.jpeg","width":1600,"height":1600,"caption":"skaitytaknyga.lt"},"image":{"@id":"https:\/\/skaitytaknyga.lt\/#\/schema\/logo\/image\/"},"sameAs":["https:\/\/www.facebook.com\/skaitytaknyga\/"]}]}},"_links":{"self":[{"href":"https:\/\/skaitytaknyga.lt\/en\/wp-json\/wp\/v2\/product\/21546","targetHints":{"allow":["GET"]}}],"collection":[{"href":"https:\/\/skaitytaknyga.lt\/en\/wp-json\/wp\/v2\/product"}],"about":[{"href":"https:\/\/skaitytaknyga.lt\/en\/wp-json\/wp\/v2\/types\/product"}],"replies":[{"embeddable":true,"href":"https:\/\/skaitytaknyga.lt\/en\/wp-json\/wp\/v2\/comments?post=21546"}],"wp:featuredmedia":[{"embeddable":true,"href":"https:\/\/skaitytaknyga.lt\/en\/wp-json\/wp\/v2\/media\/21551"}],"wp:attachment":[{"href":"https:\/\/skaitytaknyga.lt\/en\/wp-json\/wp\/v2\/media?parent=21546"}],"wp:term":[{"taxonomy":"product_brand","embeddable":true,"href":"https:\/\/skaitytaknyga.lt\/en\/wp-json\/wp\/v2\/product_brand?post=21546"},{"taxonomy":"product_cat","embeddable":true,"href":"https:\/\/skaitytaknyga.lt\/en\/wp-json\/wp\/v2\/product_cat?post=21546"},{"taxonomy":"product_tag","embeddable":true,"href":"https:\/\/skaitytaknyga.lt\/en\/wp-json\/wp\/v2\/product_tag?post=21546"}],"curies":[{"name":"wp","href":"https:\/\/api.w.org\/{rel}","templated":true}]}}