{"id":21544,"date":"2025-10-15T10:25:17","date_gmt":"2025-10-15T07:25:17","guid":{"rendered":"https:\/\/skaitytaknyga.lt\/?post_type=product&#038;p=21544"},"modified":"2025-10-17T21:18:08","modified_gmt":"2025-10-17T18:18:08","slug":"jei-ne-tu","status":"publish","type":"product","link":"https:\/\/skaitytaknyga.lt\/en\/produktas\/jei-ne-tu\/","title":{"rendered":"Jei ne tu"},"content":{"rendered":"<p>Morgana Grant kasdien vis ar\u0161iau pykstasi su \u0161e\u0161iolikmete dukra Klara. Morgana nori apsaugoti dukr\u0105 nuo savo jaunyst\u0117s klaid\u0173: per anksti pastojus ir i\u0161tek\u0117jus, jai teko atsisakyti svajoni\u0173 studijuoti koled\u017ee ir atrasti m\u0117gstam\u0105 darb\u0105. Bet ir pati Klara nenori sekti varginan\u010diai nusp\u0117jamos motinos p\u0117domis.<\/p>\n<p>I\u0161laikyti trapias mamos ir dukros paliaubas sugeba tik Krisas \u2013 Morganos vyras, Klaros t\u0117vas ir \u0161eimos inkaras. Ta\u010diau Krisui patekus \u012f tragi\u0161k\u0105 automobilio avarij\u0105 nam\u0173 ramyb\u0117 sud\u016b\u017eta \u012f \u0161ipulius.<\/p>\n<p>Stengdamasi atstatyti sugriuvus\u012f \u0161eimos pasaul\u012f, Morgana netik\u0117tai atranda sesers su\u017ead\u0117tinio D\u017eonos paguod\u0105, o Klara kreipiasi \u012f vienintel\u012f vaikin\u0105, su kuriuo jai draud\u017eiama bendrauti. Sulig kiekviena diena praraj\u0105 tarp motinos ir dukros gilina naujos paslaptys, nuoskaudos ir nesusipratimai. Gilina taip smarkiai, kad ne\u017einia, ar kada nors pavyks susitaikyti.<\/p>\n","protected":false},"excerpt":{"rendered":"<p>Morgana Grant kasdien vis ar\u0161iau pykstasi su \u0161e\u0161iolikmete dukra Klara. Morgana nori apsaugoti dukr\u0105 nuo savo jaunyst\u0117s klaid\u0173: per anksti pastojus ir i\u0161tek\u0117jus, jai teko atsisakyti svajoni\u0173 studijuoti koled\u017ee ir atrasti m\u0117gstam\u0105 darb\u0105. Bet ir pati Klara nenori sekti varginan\u010diai nusp\u0117jamos motinos p\u0117domis. I\u0161laikyti trapias mamos ir dukros paliaubas sugeba tik Krisas \u2013 Morganos vyras, Klaros t\u0117vas ir \u0161eimos inkaras. Ta\u010diau Krisui patekus \u012f tragi\u0161k\u0105 automobilio avarij\u0105 nam\u0173 ramyb\u0117 sud\u016b\u017eta \u012f \u0161ipulius. Stengdamasi atstatyti sugriuvus\u012f \u0161eimos pasaul\u012f, Morgana netik\u0117tai atranda sesers su\u017ead\u0117tinio D\u017eonos paguod\u0105, o Klara kreipiasi \u012f vienintel\u012f vaikin\u0105, su kuriuo jai draud\u017eiama bendrauti. Sulig kiekviena diena praraj\u0105 tarp motinos ir dukros gilina naujos paslaptys, nuoskaudos ir nesusipratimai. Gilina taip smarkiai, kad ne\u017einia, ar kada nors pavyks susitaikyti.<\/p>\n","protected":false},"featured_media":21549,"comment_status":"open","ping_status":"closed","template":"","meta":{"_acf_changed":false,"site-sidebar-layout":"default","site-content-layout":"","ast-site-content-layout":"default","site-content-style":"default","site-sidebar-style":"default","ast-global-header-display":"","ast-banner-title-visibility":"","ast-main-header-display":"","ast-hfb-above-header-display":"","ast-hfb-below-header-display":"","ast-hfb-mobile-header-display":"","site-post-title":"","ast-breadcrumbs-content":"","ast-featured-img":"","footer-sml-layout":"","ast-disable-related-posts":"","theme-transparent-header-meta":"","adv-header-id-meta":"","stick-header-meta":"","header-above-stick-meta":"","header-main-stick-meta":"","header-below-stick-meta":"","astra-migrate-meta-layouts":"default","ast-page-background-enabled":"default","ast-page-background-meta":{"desktop":{"background-color":"","background-image":"","background-repeat":"repeat","background-position":"center center","background-size":"auto","background-attachment":"scroll","background-type":"","background-media":"","overlay-type":"","overlay-color":"","overlay-opacity":"","overlay-gradient":""},"tablet":{"background-color":"","background-image":"","background-repeat":"repeat","background-position":"center center","background-size":"auto","background-attachment":"scroll","background-type":"","background-media":"","overlay-type":"","overlay-color":"","overlay-opacity":"","overlay-gradient":""},"mobile":{"background-color":"","background-image":"","background-repeat":"repeat","background-position":"center center","background-size":"auto","background-attachment":"scroll","background-type":"","background-media":"","overlay-type":"","overlay-color":"","overlay-opacity":"","overlay-gradient":""}},"ast-content-background-meta":{"desktop":{"background-color":"var(--ast-global-color-4)","background-image":"","background-repeat":"repeat","background-position":"center center","background-size":"auto","background-attachment":"scroll","background-type":"","background-media":"","overlay-type":"","overlay-color":"","overlay-opacity":"","overlay-gradient":""},"tablet":{"background-color":"var(--ast-global-color-4)","background-image":"","background-repeat":"repeat","background-position":"center center","background-size":"auto","background-attachment":"scroll","background-type":"","background-media":"","overlay-type":"","overlay-color":"","overlay-opacity":"","overlay-gradient":""},"mobile":{"background-color":"var(--ast-global-color-4)","background-image":"","background-repeat":"repeat","background-position":"center center","background-size":"auto","background-attachment":"scroll","background-type":"","background-media":"","overlay-type":"","overlay-color":"","overlay-opacity":"","overlay-gradient":""}}},"product_brand":[],"product_cat":[31],"product_tag":[],"class_list":{"0":"post-21544","1":"product","2":"type-product","3":"status-publish","4":"has-post-thumbnail","6":"product_cat-grozine-literatura","7":"desktop-align-left","8":"tablet-align-left","9":"mobile-align-left","11":"first","12":"instock","13":"shipping-taxable","14":"purchasable","15":"product-type-simple"},"acf":[],"yoast_head":"<!-- This site is optimized with the Yoast SEO plugin v27.0 - https:\/\/yoast.com\/product\/yoast-seo-wordpress\/ -->\n<title>Jei ne tu<\/title>\n<meta name=\"description\" content=\"Morgana Grant kasdien vis ar\u0161iau pykstasi su \u0161e\u0161iolikmete dukra Klara. Morgana nori apsaugoti dukr\u0105 nuo savo jaunyst\u0117s klaid\u0173: per anksti pastojus ir\" \/>\n<meta name=\"robots\" content=\"index, follow, max-snippet:-1, max-image-preview:large, max-video-preview:-1\" \/>\n<link rel=\"canonical\" href=\"https:\/\/skaitytaknyga.lt\/en\/produktas\/jei-ne-tu\/\" \/>\n<meta property=\"og:locale\" content=\"en_GB\" \/>\n<meta property=\"og:locale:alternate\" content=\"lt_LT\" \/>\n<meta property=\"og:type\" content=\"article\" \/>\n<meta property=\"og:title\" content=\"Jei ne tu\" \/>\n<meta property=\"og:description\" content=\"Morgana Grant kasdien vis ar\u0161iau pykstasi su \u0161e\u0161iolikmete dukra Klara. Morgana nori apsaugoti dukr\u0105 nuo savo jaunyst\u0117s klaid\u0173: per anksti pastojus ir\" \/>\n<meta property=\"og:url\" content=\"https:\/\/skaitytaknyga.lt\/en\/produktas\/jei-ne-tu\/\" \/>\n<meta property=\"og:site_name\" content=\"Skaitytaknyga\" \/>\n<meta property=\"article:publisher\" content=\"https:\/\/www.facebook.com\/skaitytaknyga\/\" \/>\n<meta property=\"article:modified_time\" content=\"2025-10-17T18:18:08+00:00\" \/>\n<meta property=\"og:image\" content=\"https:\/\/skaitytaknyga.lt\/wp-content\/uploads\/2025\/10\/JEI-NE-TU-1.webp\" \/>\n\t<meta property=\"og:image:width\" content=\"300\" \/>\n\t<meta property=\"og:image:height\" content=\"461\" \/>\n\t<meta property=\"og:image:type\" content=\"image\/webp\" \/>\n<meta name=\"twitter:card\" content=\"summary_large_image\" \/>\n<meta name=\"twitter:label1\" content=\"Estimated reading time\" \/>\n\t<meta name=\"twitter:data1\" content=\"1 minute\" \/>\n<script type=\"application\/ld+json\" class=\"yoast-schema-graph\">{\"@context\":\"https:\/\/schema.org\",\"@graph\":[{\"@type\":\"WebPage\",\"@id\":\"https:\/\/skaitytaknyga.lt\/produktas\/jei-ne-tu\/\",\"url\":\"https:\/\/skaitytaknyga.lt\/produktas\/jei-ne-tu\/\",\"name\":\"Jei ne tu\",\"isPartOf\":{\"@id\":\"https:\/\/skaitytaknyga.lt\/#website\"},\"primaryImageOfPage\":{\"@id\":\"https:\/\/skaitytaknyga.lt\/produktas\/jei-ne-tu\/#primaryimage\"},\"image\":{\"@id\":\"https:\/\/skaitytaknyga.lt\/produktas\/jei-ne-tu\/#primaryimage\"},\"thumbnailUrl\":\"https:\/\/skaitytaknyga.lt\/wp-content\/uploads\/2025\/10\/JEI-NE-TU-1.webp\",\"datePublished\":\"2025-10-15T07:25:17+00:00\",\"dateModified\":\"2025-10-17T18:18:08+00:00\",\"description\":\"Morgana Grant kasdien vis ar\u0161iau pykstasi su \u0161e\u0161iolikmete dukra Klara. Morgana nori apsaugoti dukr\u0105 nuo savo jaunyst\u0117s klaid\u0173: per anksti pastojus ir\",\"breadcrumb\":{\"@id\":\"https:\/\/skaitytaknyga.lt\/produktas\/jei-ne-tu\/#breadcrumb\"},\"inLanguage\":\"en-GB\",\"potentialAction\":[{\"@type\":\"ReadAction\",\"target\":[\"https:\/\/skaitytaknyga.lt\/produktas\/jei-ne-tu\/\"]}]},{\"@type\":\"ImageObject\",\"inLanguage\":\"en-GB\",\"@id\":\"https:\/\/skaitytaknyga.lt\/produktas\/jei-ne-tu\/#primaryimage\",\"url\":\"https:\/\/skaitytaknyga.lt\/wp-content\/uploads\/2025\/10\/JEI-NE-TU-1.webp\",\"contentUrl\":\"https:\/\/skaitytaknyga.lt\/wp-content\/uploads\/2025\/10\/JEI-NE-TU-1.webp\",\"width\":300,\"height\":461,\"caption\":\"JEI NE TU\"},{\"@type\":\"BreadcrumbList\",\"@id\":\"https:\/\/skaitytaknyga.lt\/produktas\/jei-ne-tu\/#breadcrumb\",\"itemListElement\":[{\"@type\":\"ListItem\",\"position\":1,\"name\":\"Home\",\"item\":\"https:\/\/skaitytaknyga.lt\/\"},{\"@type\":\"ListItem\",\"position\":2,\"name\":\"Parduotuv\u0117\",\"item\":\"https:\/\/skaitytaknyga.lt\/knygu-parduotuve\/\"},{\"@type\":\"ListItem\",\"position\":3,\"name\":\"Jei ne tu\"}]},{\"@type\":\"WebSite\",\"@id\":\"https:\/\/skaitytaknyga.lt\/#website\",\"url\":\"https:\/\/skaitytaknyga.lt\/\",\"name\":\"skaitytaknyga.lt\",\"description\":\"Skaitytaknyga.lt \u2013 tai ma\u017eas \u0161eimos verslas, kuris prasid\u0117jo nuo meil\u0117s knygoms ir siekio i\u0161gelb\u0117ti knygas nuo likimo prie konteinerio. Kas vienam nereikalingas daiktas \u2013 kitam lobis, o mes esame tarpininkai, kurie padeda abiems tapti laimingesniems ???? \u017dinome kaip nelengva i\u0161gyventi ma\u017eiems verslams, tad nuo \u0161iol, \u010dia rasite ir kit\u0173, ma\u017e\u0173 \u0161eim\u0173 versl\u0173, rank\u0173 darbo, dovan\u0173 sau ir artimiesiems.\",\"publisher\":{\"@id\":\"https:\/\/skaitytaknyga.lt\/#organization\"},\"potentialAction\":[{\"@type\":\"SearchAction\",\"target\":{\"@type\":\"EntryPoint\",\"urlTemplate\":\"https:\/\/skaitytaknyga.lt\/?s={search_term_string}\"},\"query-input\":{\"@type\":\"PropertyValueSpecification\",\"valueRequired\":true,\"valueName\":\"search_term_string\"}}],\"inLanguage\":\"en-GB\"},{\"@type\":\"Organization\",\"@id\":\"https:\/\/skaitytaknyga.lt\/#organization\",\"name\":\"skaitytaknyga.lt\",\"url\":\"https:\/\/skaitytaknyga.lt\/\",\"logo\":{\"@type\":\"ImageObject\",\"inLanguage\":\"en-GB\",\"@id\":\"https:\/\/skaitytaknyga.lt\/#\/schema\/logo\/image\/\",\"url\":\"https:\/\/skaitytaknyga.lt\/wp-content\/uploads\/2024\/05\/cropped-cropped-cropped-02_00843_jt3bggkj1j3HLc7SyY6rEUpg.jpeg\",\"contentUrl\":\"https:\/\/skaitytaknyga.lt\/wp-content\/uploads\/2024\/05\/cropped-cropped-cropped-02_00843_jt3bggkj1j3HLc7SyY6rEUpg.jpeg\",\"width\":1600,\"height\":1600,\"caption\":\"skaitytaknyga.lt\"},\"image\":{\"@id\":\"https:\/\/skaitytaknyga.lt\/#\/schema\/logo\/image\/\"},\"sameAs\":[\"https:\/\/www.facebook.com\/skaitytaknyga\/\"]}]}<\/script>\n<!-- \/ Yoast SEO plugin. -->","yoast_head_json":{"title":"Jei ne tu","description":"Morgana Grant kasdien vis ar\u0161iau pykstasi su \u0161e\u0161iolikmete dukra Klara. Morgana nori apsaugoti dukr\u0105 nuo savo jaunyst\u0117s klaid\u0173: per anksti pastojus ir","robots":{"index":"index","follow":"follow","max-snippet":"max-snippet:-1","max-image-preview":"max-image-preview:large","max-video-preview":"max-video-preview:-1"},"canonical":"https:\/\/skaitytaknyga.lt\/en\/produktas\/jei-ne-tu\/","og_locale":"en_GB","og_type":"article","og_title":"[:lt]Jei ne tu[:] - Skaitytaknyga","og_description":"Morgana Grant kasdien vis ar\u0161iau pykstasi su \u0161e\u0161iolikmete dukra Klara. Morgana nori apsaugoti dukr\u0105 nuo savo jaunyst\u0117s klaid\u0173: per anksti pastojus ir","og_url":"https:\/\/skaitytaknyga.lt\/en\/produktas\/jei-ne-tu\/","og_site_name":"Skaitytaknyga","article_publisher":"https:\/\/www.facebook.com\/skaitytaknyga\/","article_modified_time":"2025-10-17T18:18:08+00:00","og_image":[{"width":300,"height":461,"url":"https:\/\/skaitytaknyga.lt\/wp-content\/uploads\/2025\/10\/JEI-NE-TU-1.webp","type":"image\/webp"}],"twitter_card":"summary_large_image","twitter_misc":{"Estimated reading time":"1 minute"},"schema":{"@context":"https:\/\/schema.org","@graph":[{"@type":"WebPage","@id":"https:\/\/skaitytaknyga.lt\/produktas\/jei-ne-tu\/","url":"https:\/\/skaitytaknyga.lt\/produktas\/jei-ne-tu\/","name":"Jei ne tu","isPartOf":{"@id":"https:\/\/skaitytaknyga.lt\/#website"},"primaryImageOfPage":{"@id":"https:\/\/skaitytaknyga.lt\/produktas\/jei-ne-tu\/#primaryimage"},"image":{"@id":"https:\/\/skaitytaknyga.lt\/produktas\/jei-ne-tu\/#primaryimage"},"thumbnailUrl":"https:\/\/skaitytaknyga.lt\/wp-content\/uploads\/2025\/10\/JEI-NE-TU-1.webp","datePublished":"2025-10-15T07:25:17+00:00","dateModified":"2025-10-17T18:18:08+00:00","description":"Morgana Grant kasdien vis ar\u0161iau pykstasi su \u0161e\u0161iolikmete dukra Klara. Morgana nori apsaugoti dukr\u0105 nuo savo jaunyst\u0117s klaid\u0173: per anksti pastojus ir","breadcrumb":{"@id":"https:\/\/skaitytaknyga.lt\/produktas\/jei-ne-tu\/#breadcrumb"},"inLanguage":"en-GB","potentialAction":[{"@type":"ReadAction","target":["https:\/\/skaitytaknyga.lt\/produktas\/jei-ne-tu\/"]}]},{"@type":"ImageObject","inLanguage":"en-GB","@id":"https:\/\/skaitytaknyga.lt\/produktas\/jei-ne-tu\/#primaryimage","url":"https:\/\/skaitytaknyga.lt\/wp-content\/uploads\/2025\/10\/JEI-NE-TU-1.webp","contentUrl":"https:\/\/skaitytaknyga.lt\/wp-content\/uploads\/2025\/10\/JEI-NE-TU-1.webp","width":300,"height":461,"caption":"JEI NE TU"},{"@type":"BreadcrumbList","@id":"https:\/\/skaitytaknyga.lt\/produktas\/jei-ne-tu\/#breadcrumb","itemListElement":[{"@type":"ListItem","position":1,"name":"Home","item":"https:\/\/skaitytaknyga.lt\/"},{"@type":"ListItem","position":2,"name":"Parduotuv\u0117","item":"https:\/\/skaitytaknyga.lt\/knygu-parduotuve\/"},{"@type":"ListItem","position":3,"name":"Jei ne tu"}]},{"@type":"WebSite","@id":"https:\/\/skaitytaknyga.lt\/#website","url":"https:\/\/skaitytaknyga.lt\/","name":"skaitytaknyga.lt","description":"Skaitytaknyga.lt \u2013 tai ma\u017eas \u0161eimos verslas, kuris prasid\u0117jo nuo meil\u0117s knygoms ir siekio i\u0161gelb\u0117ti knygas nuo likimo prie konteinerio. Kas vienam nereikalingas daiktas \u2013 kitam lobis, o mes esame tarpininkai, kurie padeda abiems tapti laimingesniems ???? \u017dinome kaip nelengva i\u0161gyventi ma\u017eiems verslams, tad nuo \u0161iol, \u010dia rasite ir kit\u0173, ma\u017e\u0173 \u0161eim\u0173 versl\u0173, rank\u0173 darbo, dovan\u0173 sau ir artimiesiems.","publisher":{"@id":"https:\/\/skaitytaknyga.lt\/#organization"},"potentialAction":[{"@type":"SearchAction","target":{"@type":"EntryPoint","urlTemplate":"https:\/\/skaitytaknyga.lt\/?s={search_term_string}"},"query-input":{"@type":"PropertyValueSpecification","valueRequired":true,"valueName":"search_term_string"}}],"inLanguage":"en-GB"},{"@type":"Organization","@id":"https:\/\/skaitytaknyga.lt\/#organization","name":"skaitytaknyga.lt","url":"https:\/\/skaitytaknyga.lt\/","logo":{"@type":"ImageObject","inLanguage":"en-GB","@id":"https:\/\/skaitytaknyga.lt\/#\/schema\/logo\/image\/","url":"https:\/\/skaitytaknyga.lt\/wp-content\/uploads\/2024\/05\/cropped-cropped-cropped-02_00843_jt3bggkj1j3HLc7SyY6rEUpg.jpeg","contentUrl":"https:\/\/skaitytaknyga.lt\/wp-content\/uploads\/2024\/05\/cropped-cropped-cropped-02_00843_jt3bggkj1j3HLc7SyY6rEUpg.jpeg","width":1600,"height":1600,"caption":"skaitytaknyga.lt"},"image":{"@id":"https:\/\/skaitytaknyga.lt\/#\/schema\/logo\/image\/"},"sameAs":["https:\/\/www.facebook.com\/skaitytaknyga\/"]}]}},"_links":{"self":[{"href":"https:\/\/skaitytaknyga.lt\/en\/wp-json\/wp\/v2\/product\/21544","targetHints":{"allow":["GET"]}}],"collection":[{"href":"https:\/\/skaitytaknyga.lt\/en\/wp-json\/wp\/v2\/product"}],"about":[{"href":"https:\/\/skaitytaknyga.lt\/en\/wp-json\/wp\/v2\/types\/product"}],"replies":[{"embeddable":true,"href":"https:\/\/skaitytaknyga.lt\/en\/wp-json\/wp\/v2\/comments?post=21544"}],"wp:featuredmedia":[{"embeddable":true,"href":"https:\/\/skaitytaknyga.lt\/en\/wp-json\/wp\/v2\/media\/21549"}],"wp:attachment":[{"href":"https:\/\/skaitytaknyga.lt\/en\/wp-json\/wp\/v2\/media?parent=21544"}],"wp:term":[{"taxonomy":"product_brand","embeddable":true,"href":"https:\/\/skaitytaknyga.lt\/en\/wp-json\/wp\/v2\/product_brand?post=21544"},{"taxonomy":"product_cat","embeddable":true,"href":"https:\/\/skaitytaknyga.lt\/en\/wp-json\/wp\/v2\/product_cat?post=21544"},{"taxonomy":"product_tag","embeddable":true,"href":"https:\/\/skaitytaknyga.lt\/en\/wp-json\/wp\/v2\/product_tag?post=21544"}],"curies":[{"name":"wp","href":"https:\/\/api.w.org\/{rel}","templated":true}]}}