{"id":21536,"date":"2025-10-14T21:23:29","date_gmt":"2025-10-14T18:23:29","guid":{"rendered":"https:\/\/skaitytaknyga.lt\/?post_type=product&#038;p=21536"},"modified":"2025-10-17T21:18:08","modified_gmt":"2025-10-17T18:18:08","slug":"tabakininkas","status":"publish","type":"product","link":"https:\/\/skaitytaknyga.lt\/en\/produktas\/tabakininkas\/","title":{"rendered":"Tabakininkas"},"content":{"rendered":"<p>Art\u0117jant 1937-\u0173j\u0173 rudeniui septyniolikmetis Francas Huchelis, palik\u0119s gimt\u0105j\u012f kaln\u0173 kaimel\u012f, naivumo ir gyvenimo tro\u0161kulio pilna \u0161irdimi i\u0161keliauja \u012f Vien\u0105. Nepa\u017e\u012fstamame mieste mokiniu savo krautuv\u0117je j\u012f priima senas Vienos tabakininkas. Vienas i\u0161 jo nuolatini\u0173 klient\u0173 \u2013 greta gyvenantis garsusis psichoanalitikas Sigmundas Freudas.<\/p>\n<p>Francas netrunka susidraugauti su garbaus am\u017eiaus profesoriumi, o skausmingai \u012fsimyl\u0117j\u0119s kabareto \u0161ok\u0117j\u0105 \u010dek\u0119 Ane\u017ek\u0105 kreipiasi \u012f j\u012f pagalbos. Nuo\u0161irdumo ir tylios i\u0161minties nestokojan\u010diais pokalbiais jiedu bando \u012fminti meil\u0117s ir seksualumo paslaptis. Ta\u010diau naciams \u012f\u017eengus \u012f Vien\u0105 Francas ir Freudas \u012fsisuka \u012f dramati\u0161k\u0173 \u012fvyki\u0173 s\u016bkur\u012f ir netrukus kiekvienas yra priverstas priimti sud\u0117tingiausi\u0105 sprendim\u0105 gyvenime: pasilikti ar b\u0117gti.<\/p>\n<p>Robert Seethaler (Robertas Z\u0117taleris, g. 1966) \u2013 austr\u0173 kilm\u0117s ra\u0161ytojas ir aktorius, gyvenantis Berlyne. I\u0161 viso para\u0161\u0117 \u0161e\u0161is romanus; tarptautinio pripa\u017einimo sulauk\u0117 jo romanai \u201eVisas gyvenimas\u201c, 2016 m. nominuotas \u201eMan Booker International\u201c premijai, ir \u201eTabakininkas\u201c.<\/p>\n","protected":false},"excerpt":{"rendered":"<p>Art\u0117jant 1937-\u0173j\u0173 rudeniui septyniolikmetis Francas Huchelis, palik\u0119s gimt\u0105j\u012f kaln\u0173 kaimel\u012f, naivumo ir gyvenimo tro\u0161kulio pilna \u0161irdimi i\u0161keliauja \u012f Vien\u0105. Nepa\u017e\u012fstamame mieste mokiniu savo krautuv\u0117je j\u012f priima senas Vienos tabakininkas. Vienas i\u0161 jo nuolatini\u0173 klient\u0173 \u2013 greta gyvenantis garsusis psichoanalitikas Sigmundas Freudas. Francas netrunka susidraugauti su garbaus am\u017eiaus profesoriumi, o skausmingai \u012fsimyl\u0117j\u0119s kabareto \u0161ok\u0117j\u0105 \u010dek\u0119 Ane\u017ek\u0105 kreipiasi \u012f j\u012f pagalbos. Nuo\u0161irdumo ir tylios i\u0161minties nestokojan\u010diais pokalbiais jiedu bando \u012fminti meil\u0117s ir seksualumo paslaptis. Ta\u010diau naciams \u012f\u017eengus \u012f Vien\u0105 Francas ir Freudas \u012fsisuka \u012f dramati\u0161k\u0173 \u012fvyki\u0173 s\u016bkur\u012f ir netrukus kiekvienas yra priverstas priimti sud\u0117tingiausi\u0105 sprendim\u0105 gyvenime: pasilikti ar b\u0117gti. Robert Seethaler (Robertas Z\u0117taleris, g. 1966) \u2013 austr\u0173 kilm\u0117s ra\u0161ytojas ir aktorius, gyvenantis Berlyne. I\u0161 viso para\u0161\u0117 \u0161e\u0161is romanus; tarptautinio pripa\u017einimo sulauk\u0117 jo romanai \u201eVisas gyvenimas\u201c, 2016 m. nominuotas \u201eMan Booker International\u201c premijai, ir \u201eTabakininkas\u201c.<\/p>\n","protected":false},"featured_media":21542,"comment_status":"open","ping_status":"closed","template":"","meta":{"_acf_changed":false,"site-sidebar-layout":"default","site-content-layout":"","ast-site-content-layout":"default","site-content-style":"default","site-sidebar-style":"default","ast-global-header-display":"","ast-banner-title-visibility":"","ast-main-header-display":"","ast-hfb-above-header-display":"","ast-hfb-below-header-display":"","ast-hfb-mobile-header-display":"","site-post-title":"","ast-breadcrumbs-content":"","ast-featured-img":"","footer-sml-layout":"","ast-disable-related-posts":"","theme-transparent-header-meta":"","adv-header-id-meta":"","stick-header-meta":"","header-above-stick-meta":"","header-main-stick-meta":"","header-below-stick-meta":"","astra-migrate-meta-layouts":"default","ast-page-background-enabled":"default","ast-page-background-meta":{"desktop":{"background-color":"","background-image":"","background-repeat":"repeat","background-position":"center center","background-size":"auto","background-attachment":"scroll","background-type":"","background-media":"","overlay-type":"","overlay-color":"","overlay-opacity":"","overlay-gradient":""},"tablet":{"background-color":"","background-image":"","background-repeat":"repeat","background-position":"center center","background-size":"auto","background-attachment":"scroll","background-type":"","background-media":"","overlay-type":"","overlay-color":"","overlay-opacity":"","overlay-gradient":""},"mobile":{"background-color":"","background-image":"","background-repeat":"repeat","background-position":"center center","background-size":"auto","background-attachment":"scroll","background-type":"","background-media":"","overlay-type":"","overlay-color":"","overlay-opacity":"","overlay-gradient":""}},"ast-content-background-meta":{"desktop":{"background-color":"var(--ast-global-color-4)","background-image":"","background-repeat":"repeat","background-position":"center center","background-size":"auto","background-attachment":"scroll","background-type":"","background-media":"","overlay-type":"","overlay-color":"","overlay-opacity":"","overlay-gradient":""},"tablet":{"background-color":"var(--ast-global-color-4)","background-image":"","background-repeat":"repeat","background-position":"center center","background-size":"auto","background-attachment":"scroll","background-type":"","background-media":"","overlay-type":"","overlay-color":"","overlay-opacity":"","overlay-gradient":""},"mobile":{"background-color":"var(--ast-global-color-4)","background-image":"","background-repeat":"repeat","background-position":"center center","background-size":"auto","background-attachment":"scroll","background-type":"","background-media":"","overlay-type":"","overlay-color":"","overlay-opacity":"","overlay-gradient":""}}},"product_brand":[],"product_cat":[31],"product_tag":[],"class_list":{"0":"post-21536","1":"product","2":"type-product","3":"status-publish","4":"has-post-thumbnail","6":"product_cat-grozine-literatura","7":"desktop-align-left","8":"tablet-align-left","9":"mobile-align-left","11":"first","12":"instock","13":"shipping-taxable","14":"purchasable","15":"product-type-simple"},"acf":[],"yoast_head":"<!-- This site is optimized with the Yoast SEO plugin v27.0 - https:\/\/yoast.com\/product\/yoast-seo-wordpress\/ -->\n<title>Tabakininkas<\/title>\n<meta name=\"description\" content=\"Art\u0117jant 1937-\u0173j\u0173 rudeniui septyniolikmetis Francas Huchelis, palik\u0119s gimt\u0105j\u012f kaln\u0173 kaimel\u012f, naivumo ir gyvenimo tro\u0161kulio pilna \u0161irdimi i\u0161keliauja \u012f\" \/>\n<meta name=\"robots\" content=\"index, follow, max-snippet:-1, max-image-preview:large, max-video-preview:-1\" \/>\n<link rel=\"canonical\" href=\"https:\/\/skaitytaknyga.lt\/en\/produktas\/tabakininkas\/\" \/>\n<meta property=\"og:locale\" content=\"en_GB\" \/>\n<meta property=\"og:locale:alternate\" content=\"lt_LT\" \/>\n<meta property=\"og:type\" content=\"article\" \/>\n<meta property=\"og:title\" content=\"Tabakininkas\" \/>\n<meta property=\"og:description\" content=\"Art\u0117jant 1937-\u0173j\u0173 rudeniui septyniolikmetis Francas Huchelis, palik\u0119s gimt\u0105j\u012f kaln\u0173 kaimel\u012f, naivumo ir gyvenimo tro\u0161kulio pilna \u0161irdimi i\u0161keliauja \u012f\" \/>\n<meta property=\"og:url\" content=\"https:\/\/skaitytaknyga.lt\/en\/produktas\/tabakininkas\/\" \/>\n<meta property=\"og:site_name\" content=\"Skaitytaknyga\" \/>\n<meta property=\"article:publisher\" content=\"https:\/\/www.facebook.com\/skaitytaknyga\/\" \/>\n<meta property=\"article:modified_time\" content=\"2025-10-17T18:18:08+00:00\" \/>\n<meta property=\"og:image\" content=\"https:\/\/skaitytaknyga.lt\/wp-content\/uploads\/2025\/10\/Tabakininkas-1.webp\" \/>\n\t<meta property=\"og:image:width\" content=\"300\" \/>\n\t<meta property=\"og:image:height\" content=\"432\" \/>\n\t<meta property=\"og:image:type\" content=\"image\/webp\" \/>\n<meta name=\"twitter:card\" content=\"summary_large_image\" \/>\n<meta name=\"twitter:label1\" content=\"Estimated reading time\" \/>\n\t<meta name=\"twitter:data1\" content=\"1 minute\" \/>\n<script type=\"application\/ld+json\" class=\"yoast-schema-graph\">{\"@context\":\"https:\/\/schema.org\",\"@graph\":[{\"@type\":\"WebPage\",\"@id\":\"https:\/\/skaitytaknyga.lt\/produktas\/tabakininkas\/\",\"url\":\"https:\/\/skaitytaknyga.lt\/produktas\/tabakininkas\/\",\"name\":\"Tabakininkas\",\"isPartOf\":{\"@id\":\"https:\/\/skaitytaknyga.lt\/#website\"},\"primaryImageOfPage\":{\"@id\":\"https:\/\/skaitytaknyga.lt\/produktas\/tabakininkas\/#primaryimage\"},\"image\":{\"@id\":\"https:\/\/skaitytaknyga.lt\/produktas\/tabakininkas\/#primaryimage\"},\"thumbnailUrl\":\"https:\/\/skaitytaknyga.lt\/wp-content\/uploads\/2025\/10\/Tabakininkas-1.webp\",\"datePublished\":\"2025-10-14T18:23:29+00:00\",\"dateModified\":\"2025-10-17T18:18:08+00:00\",\"description\":\"Art\u0117jant 1937-\u0173j\u0173 rudeniui septyniolikmetis Francas Huchelis, palik\u0119s gimt\u0105j\u012f kaln\u0173 kaimel\u012f, naivumo ir gyvenimo tro\u0161kulio pilna \u0161irdimi i\u0161keliauja \u012f\",\"breadcrumb\":{\"@id\":\"https:\/\/skaitytaknyga.lt\/produktas\/tabakininkas\/#breadcrumb\"},\"inLanguage\":\"en-GB\",\"potentialAction\":[{\"@type\":\"ReadAction\",\"target\":[\"https:\/\/skaitytaknyga.lt\/produktas\/tabakininkas\/\"]}]},{\"@type\":\"ImageObject\",\"inLanguage\":\"en-GB\",\"@id\":\"https:\/\/skaitytaknyga.lt\/produktas\/tabakininkas\/#primaryimage\",\"url\":\"https:\/\/skaitytaknyga.lt\/wp-content\/uploads\/2025\/10\/Tabakininkas-1.webp\",\"contentUrl\":\"https:\/\/skaitytaknyga.lt\/wp-content\/uploads\/2025\/10\/Tabakininkas-1.webp\",\"width\":300,\"height\":432,\"caption\":\"Tabakininkas\"},{\"@type\":\"BreadcrumbList\",\"@id\":\"https:\/\/skaitytaknyga.lt\/produktas\/tabakininkas\/#breadcrumb\",\"itemListElement\":[{\"@type\":\"ListItem\",\"position\":1,\"name\":\"Home\",\"item\":\"https:\/\/skaitytaknyga.lt\/\"},{\"@type\":\"ListItem\",\"position\":2,\"name\":\"Parduotuv\u0117\",\"item\":\"https:\/\/skaitytaknyga.lt\/knygu-parduotuve\/\"},{\"@type\":\"ListItem\",\"position\":3,\"name\":\"Tabakininkas\"}]},{\"@type\":\"WebSite\",\"@id\":\"https:\/\/skaitytaknyga.lt\/#website\",\"url\":\"https:\/\/skaitytaknyga.lt\/\",\"name\":\"skaitytaknyga.lt\",\"description\":\"Skaitytaknyga.lt \u2013 tai ma\u017eas \u0161eimos verslas, kuris prasid\u0117jo nuo meil\u0117s knygoms ir siekio i\u0161gelb\u0117ti knygas nuo likimo prie konteinerio. Kas vienam nereikalingas daiktas \u2013 kitam lobis, o mes esame tarpininkai, kurie padeda abiems tapti laimingesniems ???? \u017dinome kaip nelengva i\u0161gyventi ma\u017eiems verslams, tad nuo \u0161iol, \u010dia rasite ir kit\u0173, ma\u017e\u0173 \u0161eim\u0173 versl\u0173, rank\u0173 darbo, dovan\u0173 sau ir artimiesiems.\",\"publisher\":{\"@id\":\"https:\/\/skaitytaknyga.lt\/#organization\"},\"potentialAction\":[{\"@type\":\"SearchAction\",\"target\":{\"@type\":\"EntryPoint\",\"urlTemplate\":\"https:\/\/skaitytaknyga.lt\/?s={search_term_string}\"},\"query-input\":{\"@type\":\"PropertyValueSpecification\",\"valueRequired\":true,\"valueName\":\"search_term_string\"}}],\"inLanguage\":\"en-GB\"},{\"@type\":\"Organization\",\"@id\":\"https:\/\/skaitytaknyga.lt\/#organization\",\"name\":\"skaitytaknyga.lt\",\"url\":\"https:\/\/skaitytaknyga.lt\/\",\"logo\":{\"@type\":\"ImageObject\",\"inLanguage\":\"en-GB\",\"@id\":\"https:\/\/skaitytaknyga.lt\/#\/schema\/logo\/image\/\",\"url\":\"https:\/\/skaitytaknyga.lt\/wp-content\/uploads\/2024\/05\/cropped-cropped-cropped-02_00843_jt3bggkj1j3HLc7SyY6rEUpg.jpeg\",\"contentUrl\":\"https:\/\/skaitytaknyga.lt\/wp-content\/uploads\/2024\/05\/cropped-cropped-cropped-02_00843_jt3bggkj1j3HLc7SyY6rEUpg.jpeg\",\"width\":1600,\"height\":1600,\"caption\":\"skaitytaknyga.lt\"},\"image\":{\"@id\":\"https:\/\/skaitytaknyga.lt\/#\/schema\/logo\/image\/\"},\"sameAs\":[\"https:\/\/www.facebook.com\/skaitytaknyga\/\"]}]}<\/script>\n<!-- \/ Yoast SEO plugin. -->","yoast_head_json":{"title":"Tabakininkas","description":"Art\u0117jant 1937-\u0173j\u0173 rudeniui septyniolikmetis Francas Huchelis, palik\u0119s gimt\u0105j\u012f kaln\u0173 kaimel\u012f, naivumo ir gyvenimo tro\u0161kulio pilna \u0161irdimi i\u0161keliauja \u012f","robots":{"index":"index","follow":"follow","max-snippet":"max-snippet:-1","max-image-preview":"max-image-preview:large","max-video-preview":"max-video-preview:-1"},"canonical":"https:\/\/skaitytaknyga.lt\/en\/produktas\/tabakininkas\/","og_locale":"en_GB","og_type":"article","og_title":"[:lt]Tabakininkas[:] - Skaitytaknyga","og_description":"Art\u0117jant 1937-\u0173j\u0173 rudeniui septyniolikmetis Francas Huchelis, palik\u0119s gimt\u0105j\u012f kaln\u0173 kaimel\u012f, naivumo ir gyvenimo tro\u0161kulio pilna \u0161irdimi i\u0161keliauja \u012f","og_url":"https:\/\/skaitytaknyga.lt\/en\/produktas\/tabakininkas\/","og_site_name":"Skaitytaknyga","article_publisher":"https:\/\/www.facebook.com\/skaitytaknyga\/","article_modified_time":"2025-10-17T18:18:08+00:00","og_image":[{"width":300,"height":432,"url":"https:\/\/skaitytaknyga.lt\/wp-content\/uploads\/2025\/10\/Tabakininkas-1.webp","type":"image\/webp"}],"twitter_card":"summary_large_image","twitter_misc":{"Estimated reading time":"1 minute"},"schema":{"@context":"https:\/\/schema.org","@graph":[{"@type":"WebPage","@id":"https:\/\/skaitytaknyga.lt\/produktas\/tabakininkas\/","url":"https:\/\/skaitytaknyga.lt\/produktas\/tabakininkas\/","name":"Tabakininkas","isPartOf":{"@id":"https:\/\/skaitytaknyga.lt\/#website"},"primaryImageOfPage":{"@id":"https:\/\/skaitytaknyga.lt\/produktas\/tabakininkas\/#primaryimage"},"image":{"@id":"https:\/\/skaitytaknyga.lt\/produktas\/tabakininkas\/#primaryimage"},"thumbnailUrl":"https:\/\/skaitytaknyga.lt\/wp-content\/uploads\/2025\/10\/Tabakininkas-1.webp","datePublished":"2025-10-14T18:23:29+00:00","dateModified":"2025-10-17T18:18:08+00:00","description":"Art\u0117jant 1937-\u0173j\u0173 rudeniui septyniolikmetis Francas Huchelis, palik\u0119s gimt\u0105j\u012f kaln\u0173 kaimel\u012f, naivumo ir gyvenimo tro\u0161kulio pilna \u0161irdimi i\u0161keliauja \u012f","breadcrumb":{"@id":"https:\/\/skaitytaknyga.lt\/produktas\/tabakininkas\/#breadcrumb"},"inLanguage":"en-GB","potentialAction":[{"@type":"ReadAction","target":["https:\/\/skaitytaknyga.lt\/produktas\/tabakininkas\/"]}]},{"@type":"ImageObject","inLanguage":"en-GB","@id":"https:\/\/skaitytaknyga.lt\/produktas\/tabakininkas\/#primaryimage","url":"https:\/\/skaitytaknyga.lt\/wp-content\/uploads\/2025\/10\/Tabakininkas-1.webp","contentUrl":"https:\/\/skaitytaknyga.lt\/wp-content\/uploads\/2025\/10\/Tabakininkas-1.webp","width":300,"height":432,"caption":"Tabakininkas"},{"@type":"BreadcrumbList","@id":"https:\/\/skaitytaknyga.lt\/produktas\/tabakininkas\/#breadcrumb","itemListElement":[{"@type":"ListItem","position":1,"name":"Home","item":"https:\/\/skaitytaknyga.lt\/"},{"@type":"ListItem","position":2,"name":"Parduotuv\u0117","item":"https:\/\/skaitytaknyga.lt\/knygu-parduotuve\/"},{"@type":"ListItem","position":3,"name":"Tabakininkas"}]},{"@type":"WebSite","@id":"https:\/\/skaitytaknyga.lt\/#website","url":"https:\/\/skaitytaknyga.lt\/","name":"skaitytaknyga.lt","description":"Skaitytaknyga.lt \u2013 tai ma\u017eas \u0161eimos verslas, kuris prasid\u0117jo nuo meil\u0117s knygoms ir siekio i\u0161gelb\u0117ti knygas nuo likimo prie konteinerio. Kas vienam nereikalingas daiktas \u2013 kitam lobis, o mes esame tarpininkai, kurie padeda abiems tapti laimingesniems ???? \u017dinome kaip nelengva i\u0161gyventi ma\u017eiems verslams, tad nuo \u0161iol, \u010dia rasite ir kit\u0173, ma\u017e\u0173 \u0161eim\u0173 versl\u0173, rank\u0173 darbo, dovan\u0173 sau ir artimiesiems.","publisher":{"@id":"https:\/\/skaitytaknyga.lt\/#organization"},"potentialAction":[{"@type":"SearchAction","target":{"@type":"EntryPoint","urlTemplate":"https:\/\/skaitytaknyga.lt\/?s={search_term_string}"},"query-input":{"@type":"PropertyValueSpecification","valueRequired":true,"valueName":"search_term_string"}}],"inLanguage":"en-GB"},{"@type":"Organization","@id":"https:\/\/skaitytaknyga.lt\/#organization","name":"skaitytaknyga.lt","url":"https:\/\/skaitytaknyga.lt\/","logo":{"@type":"ImageObject","inLanguage":"en-GB","@id":"https:\/\/skaitytaknyga.lt\/#\/schema\/logo\/image\/","url":"https:\/\/skaitytaknyga.lt\/wp-content\/uploads\/2024\/05\/cropped-cropped-cropped-02_00843_jt3bggkj1j3HLc7SyY6rEUpg.jpeg","contentUrl":"https:\/\/skaitytaknyga.lt\/wp-content\/uploads\/2024\/05\/cropped-cropped-cropped-02_00843_jt3bggkj1j3HLc7SyY6rEUpg.jpeg","width":1600,"height":1600,"caption":"skaitytaknyga.lt"},"image":{"@id":"https:\/\/skaitytaknyga.lt\/#\/schema\/logo\/image\/"},"sameAs":["https:\/\/www.facebook.com\/skaitytaknyga\/"]}]}},"_links":{"self":[{"href":"https:\/\/skaitytaknyga.lt\/en\/wp-json\/wp\/v2\/product\/21536","targetHints":{"allow":["GET"]}}],"collection":[{"href":"https:\/\/skaitytaknyga.lt\/en\/wp-json\/wp\/v2\/product"}],"about":[{"href":"https:\/\/skaitytaknyga.lt\/en\/wp-json\/wp\/v2\/types\/product"}],"replies":[{"embeddable":true,"href":"https:\/\/skaitytaknyga.lt\/en\/wp-json\/wp\/v2\/comments?post=21536"}],"wp:featuredmedia":[{"embeddable":true,"href":"https:\/\/skaitytaknyga.lt\/en\/wp-json\/wp\/v2\/media\/21542"}],"wp:attachment":[{"href":"https:\/\/skaitytaknyga.lt\/en\/wp-json\/wp\/v2\/media?parent=21536"}],"wp:term":[{"taxonomy":"product_brand","embeddable":true,"href":"https:\/\/skaitytaknyga.lt\/en\/wp-json\/wp\/v2\/product_brand?post=21536"},{"taxonomy":"product_cat","embeddable":true,"href":"https:\/\/skaitytaknyga.lt\/en\/wp-json\/wp\/v2\/product_cat?post=21536"},{"taxonomy":"product_tag","embeddable":true,"href":"https:\/\/skaitytaknyga.lt\/en\/wp-json\/wp\/v2\/product_tag?post=21536"}],"curies":[{"name":"wp","href":"https:\/\/api.w.org\/{rel}","templated":true}]}}