{"id":21535,"date":"2025-10-14T21:23:28","date_gmt":"2025-10-14T18:23:28","guid":{"rendered":"https:\/\/skaitytaknyga.lt\/?post_type=product&#038;p=21535"},"modified":"2025-10-17T21:18:08","modified_gmt":"2025-10-17T18:18:08","slug":"viskas-yra-imanoma","status":"publish","type":"product","link":"https:\/\/skaitytaknyga.lt\/en\/produktas\/viskas-yra-imanoma\/","title":{"rendered":"Viskas yra \u012fmanoma"},"content":{"rendered":"<p>\u201e\u0160i istorija, gra\u017ei kaip pasaka, \u012fsp\u016bdinga ir kupina vilties, gali past\u016bm\u0117ti visus siekti nauj\u0173 auk\u0161tum\u0173 ir svajoti apie didesnius dalykus!\u201c<\/p>\n<p>Nick Vujicic, oratorius, bestseleri\u0173 autorius<\/p>\n<p>\u201eD\u017een Briker dr\u0105sa, tik\u0117jimas ir nepalau\u017eiamas ry\u017etas \u012frodo, kad kiekvienas i\u0161 m\u016bs\u0173, vedamas aistros ir tur\u0117damas tiksl\u0105, gali \u012fgyvendinti did\u017eiausias savo svajones. Ji \u012fkv\u0117p\u0117 mane \u2013 \u012fkv\u0117ps ir jus!\u201c<\/p>\n<p>Eva Longoria, aktor\u0117, prodiuser\u0117, re\u017eisier\u0117<\/p>\n<p>D\u017een Briker gim\u0117 be koj\u0173. Sukr\u0117sti t\u0117vai atidav\u0117 mergait\u0119 \u012fvaikinti. Naujoje mylin\u010dioje \u0161eimoje galiojo viena paprastut\u0117 taisykl\u0117: niekada nesakyk negaliu. Ver\u017elios prigimties mergait\u0117 ry\u017etingai \u012fveik\u0117, atrodyt\u0173, ne\u012fveikiamus i\u0161\u0161\u016bkius: kaip ir kiti vaikai ji sportavo, nard\u0117, va\u017ein\u0117josi riedu\u010diais, \u017eaid\u0117 tinklin\u012f ir kt. Ry\u017etingai ir atkakliai siekdama svajon\u0117s tapo oro akrobate. 2015 m. peln\u0117 legendos titul\u0105 ir Pasaulio akrobat\u0173 s\u0105jungos apdovanojim\u0105.<\/p>\n<p>\u201eViskas yra \u012fmanoma\u201c \u2013 fantasti\u0161ka D\u017een istorija. Istorija apie tai, k\u0105 pasiekia \u017emogus, ne\u012fsileisdamas \u012f s\u0105mon\u0119 minties negaliu ir laikydamasis Dievo numatyto kelio. Knyga \u017eaisminga, be galo nuo\u0161irdi ir kupina i\u0161minties.<\/p>\n<p>\u0160i tikra \u012fkvepianti istorija moko, kaip atrasti tiksl\u0105 ir b\u016bti laimingam.<\/p>\n<p>D\u017een Briker \u2013 ra\u0161ytoja, oro akrobat\u0117 ir prane\u0161\u0117ja, 1998 m. u\u017e\u0117m\u0117 ketvirt\u0105 viet\u0105 Amerikos sporto m\u0117g\u0117j\u0173 asociacijos jauni\u0173 olimpin\u0117se \u017eaidyn\u0117se. Jai buvo \u012fteiktas JAV akrobatikos asociacijos apdovanojimas u\u017e talent\u0105 \u012fkv\u0117pti. Gastroliavo po vis\u0105 pasaul\u012f Britni Spyrs \u201eCircus\u201c ture, reng\u0117 pasirodymus presti\u017ein\u0117se Las Vegaso, Niujorko, Dubajaus, Tokijo sal\u0117se. Gyvena Los And\u017eele. Dalyvauja populiariose informacin\u0117se laidose, o kaip orator\u0117 \u2013 motyvuojan\u010diuose renginiuose visame pasaulyje.<\/p>\n","protected":false},"excerpt":{"rendered":"<p>\u201e\u0160i istorija, gra\u017ei kaip pasaka, \u012fsp\u016bdinga ir kupina vilties, gali past\u016bm\u0117ti visus siekti nauj\u0173 auk\u0161tum\u0173 ir svajoti apie didesnius dalykus!\u201c Nick Vujicic, oratorius, bestseleri\u0173 autorius \u201eD\u017een Briker dr\u0105sa, tik\u0117jimas ir nepalau\u017eiamas ry\u017etas \u012frodo, kad kiekvienas i\u0161 m\u016bs\u0173, vedamas aistros ir tur\u0117damas tiksl\u0105, gali \u012fgyvendinti did\u017eiausias savo svajones. Ji \u012fkv\u0117p\u0117 mane \u2013 \u012fkv\u0117ps ir jus!\u201c Eva Longoria, aktor\u0117, prodiuser\u0117, re\u017eisier\u0117 D\u017een Briker gim\u0117 be koj\u0173. Sukr\u0117sti t\u0117vai atidav\u0117 mergait\u0119 \u012fvaikinti. Naujoje mylin\u010dioje \u0161eimoje galiojo viena paprastut\u0117 taisykl\u0117: niekada nesakyk negaliu. Ver\u017elios prigimties mergait\u0117 ry\u017etingai \u012fveik\u0117, atrodyt\u0173, ne\u012fveikiamus i\u0161\u0161\u016bkius: kaip ir kiti vaikai ji sportavo, nard\u0117, va\u017ein\u0117josi riedu\u010diais, \u017eaid\u0117 tinklin\u012f ir kt. Ry\u017etingai ir atkakliai siekdama svajon\u0117s tapo oro akrobate. 2015 m. peln\u0117 legendos titul\u0105 ir Pasaulio akrobat\u0173 s\u0105jungos apdovanojim\u0105. \u201eViskas yra \u012fmanoma\u201c \u2013 fantasti\u0161ka D\u017een istorija. Istorija apie tai, k\u0105 pasiekia \u017emogus, ne\u012fsileisdamas \u012f s\u0105mon\u0119 minties negaliu ir laikydamasis Dievo numatyto kelio. Knyga \u017eaisminga, be galo nuo\u0161irdi ir kupina i\u0161minties. \u0160i tikra \u012fkvepianti istorija moko, kaip atrasti tiksl\u0105 ir b\u016bti laimingam. D\u017een Briker \u2013 ra\u0161ytoja, oro akrobat\u0117 ir prane\u0161\u0117ja, 1998 m. u\u017e\u0117m\u0117 ketvirt\u0105 viet\u0105 Amerikos sporto m\u0117g\u0117j\u0173 asociacijos jauni\u0173 olimpin\u0117se \u017eaidyn\u0117se. Jai buvo \u012fteiktas JAV akrobatikos asociacijos apdovanojimas u\u017e talent\u0105 \u012fkv\u0117pti. Gastroliavo po vis\u0105 pasaul\u012f Britni Spyrs \u201eCircus\u201c ture, reng\u0117 pasirodymus presti\u017ein\u0117se Las Vegaso, Niujorko, Dubajaus, Tokijo sal\u0117se. Gyvena Los And\u017eele. Dalyvauja populiariose informacin\u0117se laidose, o kaip orator\u0117 \u2013 motyvuojan\u010diuose renginiuose visame pasaulyje.<\/p>\n","protected":false},"featured_media":21541,"comment_status":"open","ping_status":"closed","template":"","meta":{"_acf_changed":false,"site-sidebar-layout":"default","site-content-layout":"","ast-site-content-layout":"default","site-content-style":"default","site-sidebar-style":"default","ast-global-header-display":"","ast-banner-title-visibility":"","ast-main-header-display":"","ast-hfb-above-header-display":"","ast-hfb-below-header-display":"","ast-hfb-mobile-header-display":"","site-post-title":"","ast-breadcrumbs-content":"","ast-featured-img":"","footer-sml-layout":"","ast-disable-related-posts":"","theme-transparent-header-meta":"","adv-header-id-meta":"","stick-header-meta":"","header-above-stick-meta":"","header-main-stick-meta":"","header-below-stick-meta":"","astra-migrate-meta-layouts":"default","ast-page-background-enabled":"default","ast-page-background-meta":{"desktop":{"background-color":"","background-image":"","background-repeat":"repeat","background-position":"center center","background-size":"auto","background-attachment":"scroll","background-type":"","background-media":"","overlay-type":"","overlay-color":"","overlay-opacity":"","overlay-gradient":""},"tablet":{"background-color":"","background-image":"","background-repeat":"repeat","background-position":"center center","background-size":"auto","background-attachment":"scroll","background-type":"","background-media":"","overlay-type":"","overlay-color":"","overlay-opacity":"","overlay-gradient":""},"mobile":{"background-color":"","background-image":"","background-repeat":"repeat","background-position":"center center","background-size":"auto","background-attachment":"scroll","background-type":"","background-media":"","overlay-type":"","overlay-color":"","overlay-opacity":"","overlay-gradient":""}},"ast-content-background-meta":{"desktop":{"background-color":"var(--ast-global-color-4)","background-image":"","background-repeat":"repeat","background-position":"center center","background-size":"auto","background-attachment":"scroll","background-type":"","background-media":"","overlay-type":"","overlay-color":"","overlay-opacity":"","overlay-gradient":""},"tablet":{"background-color":"var(--ast-global-color-4)","background-image":"","background-repeat":"repeat","background-position":"center center","background-size":"auto","background-attachment":"scroll","background-type":"","background-media":"","overlay-type":"","overlay-color":"","overlay-opacity":"","overlay-gradient":""},"mobile":{"background-color":"var(--ast-global-color-4)","background-image":"","background-repeat":"repeat","background-position":"center center","background-size":"auto","background-attachment":"scroll","background-type":"","background-media":"","overlay-type":"","overlay-color":"","overlay-opacity":"","overlay-gradient":""}}},"product_brand":[],"product_cat":[30],"product_tag":[],"class_list":{"0":"post-21535","1":"product","2":"type-product","3":"status-publish","4":"has-post-thumbnail","6":"product_cat-psichologija-ir-saviugda","7":"desktop-align-left","8":"tablet-align-left","9":"mobile-align-left","11":"first","12":"instock","13":"shipping-taxable","14":"purchasable","15":"product-type-simple"},"acf":[],"yoast_head":"<!-- This site is optimized with the Yoast SEO plugin v27.0 - https:\/\/yoast.com\/product\/yoast-seo-wordpress\/ -->\n<title>Viskas yra \u012fmanoma<\/title>\n<meta name=\"description\" content=\"\u201e\u0160i istorija, gra\u017ei kaip pasaka, \u012fsp\u016bdinga ir kupina vilties, gali past\u016bm\u0117ti visus siekti nauj\u0173 auk\u0161tum\u0173 ir svajoti apie didesnius dalykus!\u201c Nick Vujicic,\" \/>\n<meta name=\"robots\" content=\"index, follow, max-snippet:-1, max-image-preview:large, max-video-preview:-1\" \/>\n<link rel=\"canonical\" href=\"https:\/\/skaitytaknyga.lt\/en\/produktas\/viskas-yra-imanoma\/\" \/>\n<meta property=\"og:locale\" content=\"en_GB\" \/>\n<meta property=\"og:locale:alternate\" content=\"lt_LT\" \/>\n<meta property=\"og:type\" content=\"article\" \/>\n<meta property=\"og:title\" content=\"Viskas yra \u012fmanoma\" \/>\n<meta property=\"og:description\" content=\"\u201e\u0160i istorija, gra\u017ei kaip pasaka, \u012fsp\u016bdinga ir kupina vilties, gali past\u016bm\u0117ti visus siekti nauj\u0173 auk\u0161tum\u0173 ir svajoti apie didesnius dalykus!\u201c Nick Vujicic,\" \/>\n<meta property=\"og:url\" content=\"https:\/\/skaitytaknyga.lt\/en\/produktas\/viskas-yra-imanoma\/\" \/>\n<meta property=\"og:site_name\" content=\"Skaitytaknyga\" \/>\n<meta property=\"article:publisher\" content=\"https:\/\/www.facebook.com\/skaitytaknyga\/\" \/>\n<meta property=\"article:modified_time\" content=\"2025-10-17T18:18:08+00:00\" \/>\n<meta property=\"og:image\" content=\"https:\/\/skaitytaknyga.lt\/wp-content\/uploads\/2025\/10\/Viskas-yra-imanoma-1.webp\" \/>\n\t<meta property=\"og:image:width\" content=\"300\" \/>\n\t<meta property=\"og:image:height\" content=\"447\" \/>\n\t<meta property=\"og:image:type\" content=\"image\/webp\" \/>\n<meta name=\"twitter:card\" content=\"summary_large_image\" \/>\n<meta name=\"twitter:label1\" content=\"Estimated reading time\" \/>\n\t<meta name=\"twitter:data1\" content=\"1 minute\" \/>\n<script type=\"application\/ld+json\" class=\"yoast-schema-graph\">{\"@context\":\"https:\/\/schema.org\",\"@graph\":[{\"@type\":\"WebPage\",\"@id\":\"https:\/\/skaitytaknyga.lt\/produktas\/viskas-yra-imanoma\/\",\"url\":\"https:\/\/skaitytaknyga.lt\/produktas\/viskas-yra-imanoma\/\",\"name\":\"Viskas yra \u012fmanoma\",\"isPartOf\":{\"@id\":\"https:\/\/skaitytaknyga.lt\/#website\"},\"primaryImageOfPage\":{\"@id\":\"https:\/\/skaitytaknyga.lt\/produktas\/viskas-yra-imanoma\/#primaryimage\"},\"image\":{\"@id\":\"https:\/\/skaitytaknyga.lt\/produktas\/viskas-yra-imanoma\/#primaryimage\"},\"thumbnailUrl\":\"https:\/\/skaitytaknyga.lt\/wp-content\/uploads\/2025\/10\/Viskas-yra-imanoma-1.webp\",\"datePublished\":\"2025-10-14T18:23:28+00:00\",\"dateModified\":\"2025-10-17T18:18:08+00:00\",\"description\":\"\u201e\u0160i istorija, gra\u017ei kaip pasaka, \u012fsp\u016bdinga ir kupina vilties, gali past\u016bm\u0117ti visus siekti nauj\u0173 auk\u0161tum\u0173 ir svajoti apie didesnius dalykus!\u201c Nick Vujicic,\",\"breadcrumb\":{\"@id\":\"https:\/\/skaitytaknyga.lt\/produktas\/viskas-yra-imanoma\/#breadcrumb\"},\"inLanguage\":\"en-GB\",\"potentialAction\":[{\"@type\":\"ReadAction\",\"target\":[\"https:\/\/skaitytaknyga.lt\/produktas\/viskas-yra-imanoma\/\"]}]},{\"@type\":\"ImageObject\",\"inLanguage\":\"en-GB\",\"@id\":\"https:\/\/skaitytaknyga.lt\/produktas\/viskas-yra-imanoma\/#primaryimage\",\"url\":\"https:\/\/skaitytaknyga.lt\/wp-content\/uploads\/2025\/10\/Viskas-yra-imanoma-1.webp\",\"contentUrl\":\"https:\/\/skaitytaknyga.lt\/wp-content\/uploads\/2025\/10\/Viskas-yra-imanoma-1.webp\",\"width\":300,\"height\":447,\"caption\":\"Viskas yra \u012fmanoma\"},{\"@type\":\"BreadcrumbList\",\"@id\":\"https:\/\/skaitytaknyga.lt\/produktas\/viskas-yra-imanoma\/#breadcrumb\",\"itemListElement\":[{\"@type\":\"ListItem\",\"position\":1,\"name\":\"Home\",\"item\":\"https:\/\/skaitytaknyga.lt\/\"},{\"@type\":\"ListItem\",\"position\":2,\"name\":\"Parduotuv\u0117\",\"item\":\"https:\/\/skaitytaknyga.lt\/knygu-parduotuve\/\"},{\"@type\":\"ListItem\",\"position\":3,\"name\":\"Viskas yra \u012fmanoma\"}]},{\"@type\":\"WebSite\",\"@id\":\"https:\/\/skaitytaknyga.lt\/#website\",\"url\":\"https:\/\/skaitytaknyga.lt\/\",\"name\":\"skaitytaknyga.lt\",\"description\":\"Skaitytaknyga.lt \u2013 tai ma\u017eas \u0161eimos verslas, kuris prasid\u0117jo nuo meil\u0117s knygoms ir siekio i\u0161gelb\u0117ti knygas nuo likimo prie konteinerio. Kas vienam nereikalingas daiktas \u2013 kitam lobis, o mes esame tarpininkai, kurie padeda abiems tapti laimingesniems ???? \u017dinome kaip nelengva i\u0161gyventi ma\u017eiems verslams, tad nuo \u0161iol, \u010dia rasite ir kit\u0173, ma\u017e\u0173 \u0161eim\u0173 versl\u0173, rank\u0173 darbo, dovan\u0173 sau ir artimiesiems.\",\"publisher\":{\"@id\":\"https:\/\/skaitytaknyga.lt\/#organization\"},\"potentialAction\":[{\"@type\":\"SearchAction\",\"target\":{\"@type\":\"EntryPoint\",\"urlTemplate\":\"https:\/\/skaitytaknyga.lt\/?s={search_term_string}\"},\"query-input\":{\"@type\":\"PropertyValueSpecification\",\"valueRequired\":true,\"valueName\":\"search_term_string\"}}],\"inLanguage\":\"en-GB\"},{\"@type\":\"Organization\",\"@id\":\"https:\/\/skaitytaknyga.lt\/#organization\",\"name\":\"skaitytaknyga.lt\",\"url\":\"https:\/\/skaitytaknyga.lt\/\",\"logo\":{\"@type\":\"ImageObject\",\"inLanguage\":\"en-GB\",\"@id\":\"https:\/\/skaitytaknyga.lt\/#\/schema\/logo\/image\/\",\"url\":\"https:\/\/skaitytaknyga.lt\/wp-content\/uploads\/2024\/05\/cropped-cropped-cropped-02_00843_jt3bggkj1j3HLc7SyY6rEUpg.jpeg\",\"contentUrl\":\"https:\/\/skaitytaknyga.lt\/wp-content\/uploads\/2024\/05\/cropped-cropped-cropped-02_00843_jt3bggkj1j3HLc7SyY6rEUpg.jpeg\",\"width\":1600,\"height\":1600,\"caption\":\"skaitytaknyga.lt\"},\"image\":{\"@id\":\"https:\/\/skaitytaknyga.lt\/#\/schema\/logo\/image\/\"},\"sameAs\":[\"https:\/\/www.facebook.com\/skaitytaknyga\/\"]}]}<\/script>\n<!-- \/ Yoast SEO plugin. -->","yoast_head_json":{"title":"Viskas yra \u012fmanoma","description":"\u201e\u0160i istorija, gra\u017ei kaip pasaka, \u012fsp\u016bdinga ir kupina vilties, gali past\u016bm\u0117ti visus siekti nauj\u0173 auk\u0161tum\u0173 ir svajoti apie didesnius dalykus!\u201c Nick Vujicic,","robots":{"index":"index","follow":"follow","max-snippet":"max-snippet:-1","max-image-preview":"max-image-preview:large","max-video-preview":"max-video-preview:-1"},"canonical":"https:\/\/skaitytaknyga.lt\/en\/produktas\/viskas-yra-imanoma\/","og_locale":"en_GB","og_type":"article","og_title":"[:lt]Viskas yra \u012fmanoma[:] - Skaitytaknyga","og_description":"\u201e\u0160i istorija, gra\u017ei kaip pasaka, \u012fsp\u016bdinga ir kupina vilties, gali past\u016bm\u0117ti visus siekti nauj\u0173 auk\u0161tum\u0173 ir svajoti apie didesnius dalykus!\u201c Nick Vujicic,","og_url":"https:\/\/skaitytaknyga.lt\/en\/produktas\/viskas-yra-imanoma\/","og_site_name":"Skaitytaknyga","article_publisher":"https:\/\/www.facebook.com\/skaitytaknyga\/","article_modified_time":"2025-10-17T18:18:08+00:00","og_image":[{"width":300,"height":447,"url":"https:\/\/skaitytaknyga.lt\/wp-content\/uploads\/2025\/10\/Viskas-yra-imanoma-1.webp","type":"image\/webp"}],"twitter_card":"summary_large_image","twitter_misc":{"Estimated reading time":"1 minute"},"schema":{"@context":"https:\/\/schema.org","@graph":[{"@type":"WebPage","@id":"https:\/\/skaitytaknyga.lt\/produktas\/viskas-yra-imanoma\/","url":"https:\/\/skaitytaknyga.lt\/produktas\/viskas-yra-imanoma\/","name":"Viskas yra \u012fmanoma","isPartOf":{"@id":"https:\/\/skaitytaknyga.lt\/#website"},"primaryImageOfPage":{"@id":"https:\/\/skaitytaknyga.lt\/produktas\/viskas-yra-imanoma\/#primaryimage"},"image":{"@id":"https:\/\/skaitytaknyga.lt\/produktas\/viskas-yra-imanoma\/#primaryimage"},"thumbnailUrl":"https:\/\/skaitytaknyga.lt\/wp-content\/uploads\/2025\/10\/Viskas-yra-imanoma-1.webp","datePublished":"2025-10-14T18:23:28+00:00","dateModified":"2025-10-17T18:18:08+00:00","description":"\u201e\u0160i istorija, gra\u017ei kaip pasaka, \u012fsp\u016bdinga ir kupina vilties, gali past\u016bm\u0117ti visus siekti nauj\u0173 auk\u0161tum\u0173 ir svajoti apie didesnius dalykus!\u201c Nick Vujicic,","breadcrumb":{"@id":"https:\/\/skaitytaknyga.lt\/produktas\/viskas-yra-imanoma\/#breadcrumb"},"inLanguage":"en-GB","potentialAction":[{"@type":"ReadAction","target":["https:\/\/skaitytaknyga.lt\/produktas\/viskas-yra-imanoma\/"]}]},{"@type":"ImageObject","inLanguage":"en-GB","@id":"https:\/\/skaitytaknyga.lt\/produktas\/viskas-yra-imanoma\/#primaryimage","url":"https:\/\/skaitytaknyga.lt\/wp-content\/uploads\/2025\/10\/Viskas-yra-imanoma-1.webp","contentUrl":"https:\/\/skaitytaknyga.lt\/wp-content\/uploads\/2025\/10\/Viskas-yra-imanoma-1.webp","width":300,"height":447,"caption":"Viskas yra \u012fmanoma"},{"@type":"BreadcrumbList","@id":"https:\/\/skaitytaknyga.lt\/produktas\/viskas-yra-imanoma\/#breadcrumb","itemListElement":[{"@type":"ListItem","position":1,"name":"Home","item":"https:\/\/skaitytaknyga.lt\/"},{"@type":"ListItem","position":2,"name":"Parduotuv\u0117","item":"https:\/\/skaitytaknyga.lt\/knygu-parduotuve\/"},{"@type":"ListItem","position":3,"name":"Viskas yra \u012fmanoma"}]},{"@type":"WebSite","@id":"https:\/\/skaitytaknyga.lt\/#website","url":"https:\/\/skaitytaknyga.lt\/","name":"skaitytaknyga.lt","description":"Skaitytaknyga.lt \u2013 tai ma\u017eas \u0161eimos verslas, kuris prasid\u0117jo nuo meil\u0117s knygoms ir siekio i\u0161gelb\u0117ti knygas nuo likimo prie konteinerio. Kas vienam nereikalingas daiktas \u2013 kitam lobis, o mes esame tarpininkai, kurie padeda abiems tapti laimingesniems ???? \u017dinome kaip nelengva i\u0161gyventi ma\u017eiems verslams, tad nuo \u0161iol, \u010dia rasite ir kit\u0173, ma\u017e\u0173 \u0161eim\u0173 versl\u0173, rank\u0173 darbo, dovan\u0173 sau ir artimiesiems.","publisher":{"@id":"https:\/\/skaitytaknyga.lt\/#organization"},"potentialAction":[{"@type":"SearchAction","target":{"@type":"EntryPoint","urlTemplate":"https:\/\/skaitytaknyga.lt\/?s={search_term_string}"},"query-input":{"@type":"PropertyValueSpecification","valueRequired":true,"valueName":"search_term_string"}}],"inLanguage":"en-GB"},{"@type":"Organization","@id":"https:\/\/skaitytaknyga.lt\/#organization","name":"skaitytaknyga.lt","url":"https:\/\/skaitytaknyga.lt\/","logo":{"@type":"ImageObject","inLanguage":"en-GB","@id":"https:\/\/skaitytaknyga.lt\/#\/schema\/logo\/image\/","url":"https:\/\/skaitytaknyga.lt\/wp-content\/uploads\/2024\/05\/cropped-cropped-cropped-02_00843_jt3bggkj1j3HLc7SyY6rEUpg.jpeg","contentUrl":"https:\/\/skaitytaknyga.lt\/wp-content\/uploads\/2024\/05\/cropped-cropped-cropped-02_00843_jt3bggkj1j3HLc7SyY6rEUpg.jpeg","width":1600,"height":1600,"caption":"skaitytaknyga.lt"},"image":{"@id":"https:\/\/skaitytaknyga.lt\/#\/schema\/logo\/image\/"},"sameAs":["https:\/\/www.facebook.com\/skaitytaknyga\/"]}]}},"_links":{"self":[{"href":"https:\/\/skaitytaknyga.lt\/en\/wp-json\/wp\/v2\/product\/21535","targetHints":{"allow":["GET"]}}],"collection":[{"href":"https:\/\/skaitytaknyga.lt\/en\/wp-json\/wp\/v2\/product"}],"about":[{"href":"https:\/\/skaitytaknyga.lt\/en\/wp-json\/wp\/v2\/types\/product"}],"replies":[{"embeddable":true,"href":"https:\/\/skaitytaknyga.lt\/en\/wp-json\/wp\/v2\/comments?post=21535"}],"wp:featuredmedia":[{"embeddable":true,"href":"https:\/\/skaitytaknyga.lt\/en\/wp-json\/wp\/v2\/media\/21541"}],"wp:attachment":[{"href":"https:\/\/skaitytaknyga.lt\/en\/wp-json\/wp\/v2\/media?parent=21535"}],"wp:term":[{"taxonomy":"product_brand","embeddable":true,"href":"https:\/\/skaitytaknyga.lt\/en\/wp-json\/wp\/v2\/product_brand?post=21535"},{"taxonomy":"product_cat","embeddable":true,"href":"https:\/\/skaitytaknyga.lt\/en\/wp-json\/wp\/v2\/product_cat?post=21535"},{"taxonomy":"product_tag","embeddable":true,"href":"https:\/\/skaitytaknyga.lt\/en\/wp-json\/wp\/v2\/product_tag?post=21535"}],"curies":[{"name":"wp","href":"https:\/\/api.w.org\/{rel}","templated":true}]}}