{"id":21534,"date":"2025-10-14T21:23:28","date_gmt":"2025-10-14T18:23:28","guid":{"rendered":"https:\/\/skaitytaknyga.lt\/?post_type=product&#038;p=21534"},"modified":"2025-10-15T10:04:34","modified_gmt":"2025-10-15T07:04:34","slug":"trapi-pusiausvyra-su-defektu","status":"publish","type":"product","link":"https:\/\/skaitytaknyga.lt\/en\/produktas\/trapi-pusiausvyra-su-defektu\/","title":{"rendered":"Trapi pusiausvyra (su defektu)"},"content":{"rendered":"<p>Rohinton Mistry (g.1952 m.) \u2013 ind\u0173 kilm\u0117s ra\u0161ytojas, \u0161iuo metu gyvenantis Kanadoje. Jis \u2013 trij\u0173 roman\u0173, nominuot\u0173 Bookerio premijai, autorius. Garsiausia jo knyga \u2013 \u201eTrapi pusiausvyra\u201c, kurioje gimtoji autoriaus Indija i\u0161kyla visa savo didybe. Viso pasaulio skaitytojai mini j\u0105 tarp de\u0161imties geriausi\u0173 kada nors para\u0161yt\u0173 knyg\u0173 apie Indij\u0105.<\/p>\n<p>Mumbajus, 1975 m. \u010cia netik\u0117tai susitinka keturi \u017emon\u0117s, kuri\u0173 susipyn\u0119 likimai traukte \u012ftraukia \u012f romano s\u016bkur\u012f. \u017dmon\u0117s, kuri\u0173 socialin\u0117 pad\u0117tis neleist\u0173 jiems susitikti \u201enormaliame gyvenime\u201c. Ta\u010diau valstyb\u0117 k\u0105 tik paskelb\u0117 nepaprast\u0105j\u0105 pad\u0117t\u012f, ir keturi skirting\u0173 kast\u0173, charakterio ir gyvenimi\u0161kos patirties \u017emon\u0117s \u2013 du siuv\u0117jai i\u0161 ma\u017eo kaimelio, b\u0117gantys nuo skurdo ir negailestingos tikrov\u0117s, atkakli pusam\u017e\u0117 na\u0161l\u0117 ir studentas nuo Himalaj\u0173 \u2013 atsiduria ank\u0161tame bute, priversti sugyventi ir i\u0161gyventi drauge.<\/p>\n<p>Jie drauge patirs ir \u0161ilto, ir \u0161alto, kol likimas v\u0117l juos ar\u0161iai i\u0161bla\u0161kys.<\/p>\n<p>\u0160iame monumentaliame romane ne tik visa Indijos kilnyb\u0117 ir heroizmas, bet ir visas jos \u017eiaurumas ir nelygyb\u0117.<\/p>\n<p>Rohinton Mistry pasakoja apie skirtingus kelius, kuriais eidami, jo spalvingi ir nepamir\u0161tami veik\u0117jai tapo tuo, kas jie yra. Autoriaus talentas nukelia mus \u012f \u017ealius Himalaj\u0173 sl\u0117nius ir \u012f triuk\u0161mo bei gyvyb\u0117s kupinas Mumbajaus gatves. Indija kupina stebukl\u0173, istorij\u0173, a\u0161ar\u0173, gars\u0173 ir persona\u017e\u0173, kuri\u0173 ne\u012fmanoma nepamilti, kad ir kokie keisti jie b\u016bt\u0173. Tai pati Indijos gyvastis, \u012fk\u016bnyta romane, monumentalus, mintis ir jausmus u\u017evaldantis Indijos paveikslas.<\/p>\n<p>Keturi\u0173 \u017emoni\u0173 likimo gijos susipina ir v\u0117l i\u0161siskiria. Atsitraukti ne\u012fmanoma. Nes g\u0117rio ir blogio pusiausvyra tokia trapi, kad gali susvyruoti nuo menkiausio kv\u0117ptel\u0117jimo\u2026<\/p>\n","protected":false},"excerpt":{"rendered":"<p>Rohinton Mistry (g.1952 m.) \u2013 ind\u0173 kilm\u0117s ra\u0161ytojas, \u0161iuo metu gyvenantis Kanadoje. Jis \u2013 trij\u0173 roman\u0173, nominuot\u0173 Bookerio premijai, autorius. Garsiausia jo knyga \u2013 \u201eTrapi pusiausvyra\u201c, kurioje gimtoji autoriaus Indija i\u0161kyla visa savo didybe. Viso pasaulio skaitytojai mini j\u0105 tarp de\u0161imties geriausi\u0173 kada nors para\u0161yt\u0173 knyg\u0173 apie Indij\u0105. Mumbajus, 1975 m. \u010cia netik\u0117tai susitinka keturi \u017emon\u0117s, kuri\u0173 susipyn\u0119 likimai traukte \u012ftraukia \u012f romano s\u016bkur\u012f. \u017dmon\u0117s, kuri\u0173 socialin\u0117 pad\u0117tis neleist\u0173 jiems susitikti \u201enormaliame gyvenime\u201c. Ta\u010diau valstyb\u0117 k\u0105 tik paskelb\u0117 nepaprast\u0105j\u0105 pad\u0117t\u012f, ir keturi skirting\u0173 kast\u0173, charakterio ir gyvenimi\u0161kos patirties \u017emon\u0117s \u2013 du siuv\u0117jai i\u0161 ma\u017eo kaimelio, b\u0117gantys nuo skurdo ir negailestingos tikrov\u0117s, atkakli pusam\u017e\u0117 na\u0161l\u0117 ir studentas nuo Himalaj\u0173 \u2013 atsiduria ank\u0161tame bute, priversti sugyventi ir i\u0161gyventi drauge. Jie drauge patirs ir \u0161ilto, ir \u0161alto, kol likimas v\u0117l juos ar\u0161iai i\u0161bla\u0161kys. \u0160iame monumentaliame romane ne tik visa Indijos kilnyb\u0117 ir heroizmas, bet ir visas jos \u017eiaurumas ir nelygyb\u0117. Rohinton Mistry pasakoja apie skirtingus kelius, kuriais eidami, jo spalvingi ir nepamir\u0161tami veik\u0117jai tapo tuo, kas jie yra. Autoriaus talentas nukelia mus \u012f \u017ealius Himalaj\u0173 sl\u0117nius ir \u012f triuk\u0161mo bei gyvyb\u0117s kupinas Mumbajaus gatves. Indija kupina stebukl\u0173, istorij\u0173, a\u0161ar\u0173, gars\u0173 ir persona\u017e\u0173, kuri\u0173 ne\u012fmanoma nepamilti, kad ir kokie keisti jie b\u016bt\u0173. Tai pati Indijos gyvastis, \u012fk\u016bnyta romane, monumentalus, mintis ir jausmus u\u017evaldantis Indijos paveikslas. Keturi\u0173 \u017emoni\u0173 likimo gijos susipina ir v\u0117l i\u0161siskiria. Atsitraukti ne\u012fmanoma. Nes g\u0117rio ir blogio pusiausvyra tokia trapi, kad gali susvyruoti nuo menkiausio kv\u0117ptel\u0117jimo\u2026<\/p>\n","protected":false},"featured_media":21539,"comment_status":"open","ping_status":"closed","template":"","meta":{"_acf_changed":false,"site-sidebar-layout":"default","site-content-layout":"","ast-site-content-layout":"default","site-content-style":"default","site-sidebar-style":"default","ast-global-header-display":"","ast-banner-title-visibility":"","ast-main-header-display":"","ast-hfb-above-header-display":"","ast-hfb-below-header-display":"","ast-hfb-mobile-header-display":"","site-post-title":"","ast-breadcrumbs-content":"","ast-featured-img":"","footer-sml-layout":"","ast-disable-related-posts":"","theme-transparent-header-meta":"","adv-header-id-meta":"","stick-header-meta":"","header-above-stick-meta":"","header-main-stick-meta":"","header-below-stick-meta":"","astra-migrate-meta-layouts":"default","ast-page-background-enabled":"default","ast-page-background-meta":{"desktop":{"background-color":"","background-image":"","background-repeat":"repeat","background-position":"center center","background-size":"auto","background-attachment":"scroll","background-type":"","background-media":"","overlay-type":"","overlay-color":"","overlay-opacity":"","overlay-gradient":""},"tablet":{"background-color":"","background-image":"","background-repeat":"repeat","background-position":"center center","background-size":"auto","background-attachment":"scroll","background-type":"","background-media":"","overlay-type":"","overlay-color":"","overlay-opacity":"","overlay-gradient":""},"mobile":{"background-color":"","background-image":"","background-repeat":"repeat","background-position":"center center","background-size":"auto","background-attachment":"scroll","background-type":"","background-media":"","overlay-type":"","overlay-color":"","overlay-opacity":"","overlay-gradient":""}},"ast-content-background-meta":{"desktop":{"background-color":"var(--ast-global-color-4)","background-image":"","background-repeat":"repeat","background-position":"center center","background-size":"auto","background-attachment":"scroll","background-type":"","background-media":"","overlay-type":"","overlay-color":"","overlay-opacity":"","overlay-gradient":""},"tablet":{"background-color":"var(--ast-global-color-4)","background-image":"","background-repeat":"repeat","background-position":"center center","background-size":"auto","background-attachment":"scroll","background-type":"","background-media":"","overlay-type":"","overlay-color":"","overlay-opacity":"","overlay-gradient":""},"mobile":{"background-color":"var(--ast-global-color-4)","background-image":"","background-repeat":"repeat","background-position":"center center","background-size":"auto","background-attachment":"scroll","background-type":"","background-media":"","overlay-type":"","overlay-color":"","overlay-opacity":"","overlay-gradient":""}}},"product_brand":[],"product_cat":[31],"product_tag":[],"class_list":{"0":"post-21534","1":"product","2":"type-product","3":"status-publish","4":"has-post-thumbnail","6":"product_cat-grozine-literatura","7":"desktop-align-left","8":"tablet-align-left","9":"mobile-align-left","11":"first","12":"instock","13":"shipping-taxable","14":"purchasable","15":"product-type-simple"},"acf":[],"yoast_head":"<!-- This site is optimized with the Yoast SEO plugin v27.0 - https:\/\/yoast.com\/product\/yoast-seo-wordpress\/ -->\n<title>Trapi pusiausvyra (su defektu)<\/title>\n<meta name=\"description\" content=\"Rohinton Mistry (g.1952 m.) \u2013 ind\u0173 kilm\u0117s ra\u0161ytojas, \u0161iuo metu gyvenantis Kanadoje. Jis \u2013 trij\u0173 roman\u0173, nominuot\u0173 Bookerio premijai, autorius. Garsiausia\" \/>\n<meta name=\"robots\" content=\"index, follow, max-snippet:-1, max-image-preview:large, max-video-preview:-1\" \/>\n<link rel=\"canonical\" href=\"https:\/\/skaitytaknyga.lt\/en\/produktas\/trapi-pusiausvyra-su-defektu\/\" \/>\n<meta property=\"og:locale\" content=\"en_GB\" \/>\n<meta property=\"og:locale:alternate\" content=\"lt_LT\" \/>\n<meta property=\"og:type\" content=\"article\" \/>\n<meta property=\"og:title\" content=\"Trapi pusiausvyra (su defektu)\" \/>\n<meta property=\"og:description\" content=\"Rohinton Mistry (g.1952 m.) \u2013 ind\u0173 kilm\u0117s ra\u0161ytojas, \u0161iuo metu gyvenantis Kanadoje. Jis \u2013 trij\u0173 roman\u0173, nominuot\u0173 Bookerio premijai, autorius. Garsiausia\" \/>\n<meta property=\"og:url\" content=\"https:\/\/skaitytaknyga.lt\/en\/produktas\/trapi-pusiausvyra-su-defektu\/\" \/>\n<meta property=\"og:site_name\" content=\"Skaitytaknyga\" \/>\n<meta property=\"article:publisher\" content=\"https:\/\/www.facebook.com\/skaitytaknyga\/\" \/>\n<meta property=\"article:modified_time\" content=\"2025-10-15T07:04:34+00:00\" \/>\n<meta property=\"og:image\" content=\"https:\/\/skaitytaknyga.lt\/wp-content\/uploads\/2025\/10\/Trapi-pusiausvyra-1.webp\" \/>\n\t<meta property=\"og:image:width\" content=\"300\" \/>\n\t<meta property=\"og:image:height\" content=\"450\" \/>\n\t<meta property=\"og:image:type\" content=\"image\/webp\" \/>\n<meta name=\"twitter:card\" content=\"summary_large_image\" \/>\n<meta name=\"twitter:label1\" content=\"Estimated reading time\" \/>\n\t<meta name=\"twitter:data1\" content=\"1 minute\" \/>\n<script type=\"application\/ld+json\" class=\"yoast-schema-graph\">{\"@context\":\"https:\/\/schema.org\",\"@graph\":[{\"@type\":\"WebPage\",\"@id\":\"https:\/\/skaitytaknyga.lt\/produktas\/trapi-pusiausvyra-su-defektu\/\",\"url\":\"https:\/\/skaitytaknyga.lt\/produktas\/trapi-pusiausvyra-su-defektu\/\",\"name\":\"Trapi pusiausvyra (su defektu)\",\"isPartOf\":{\"@id\":\"https:\/\/skaitytaknyga.lt\/#website\"},\"primaryImageOfPage\":{\"@id\":\"https:\/\/skaitytaknyga.lt\/produktas\/trapi-pusiausvyra-su-defektu\/#primaryimage\"},\"image\":{\"@id\":\"https:\/\/skaitytaknyga.lt\/produktas\/trapi-pusiausvyra-su-defektu\/#primaryimage\"},\"thumbnailUrl\":\"https:\/\/skaitytaknyga.lt\/wp-content\/uploads\/2025\/10\/Trapi-pusiausvyra-1.webp\",\"datePublished\":\"2025-10-14T18:23:28+00:00\",\"dateModified\":\"2025-10-15T07:04:34+00:00\",\"description\":\"Rohinton Mistry (g.1952 m.) \u2013 ind\u0173 kilm\u0117s ra\u0161ytojas, \u0161iuo metu gyvenantis Kanadoje. Jis \u2013 trij\u0173 roman\u0173, nominuot\u0173 Bookerio premijai, autorius. Garsiausia\",\"breadcrumb\":{\"@id\":\"https:\/\/skaitytaknyga.lt\/produktas\/trapi-pusiausvyra-su-defektu\/#breadcrumb\"},\"inLanguage\":\"en-GB\",\"potentialAction\":[{\"@type\":\"ReadAction\",\"target\":[\"https:\/\/skaitytaknyga.lt\/produktas\/trapi-pusiausvyra-su-defektu\/\"]}]},{\"@type\":\"ImageObject\",\"inLanguage\":\"en-GB\",\"@id\":\"https:\/\/skaitytaknyga.lt\/produktas\/trapi-pusiausvyra-su-defektu\/#primaryimage\",\"url\":\"https:\/\/skaitytaknyga.lt\/wp-content\/uploads\/2025\/10\/Trapi-pusiausvyra-1.webp\",\"contentUrl\":\"https:\/\/skaitytaknyga.lt\/wp-content\/uploads\/2025\/10\/Trapi-pusiausvyra-1.webp\",\"width\":300,\"height\":450},{\"@type\":\"BreadcrumbList\",\"@id\":\"https:\/\/skaitytaknyga.lt\/produktas\/trapi-pusiausvyra-su-defektu\/#breadcrumb\",\"itemListElement\":[{\"@type\":\"ListItem\",\"position\":1,\"name\":\"Home\",\"item\":\"https:\/\/skaitytaknyga.lt\/\"},{\"@type\":\"ListItem\",\"position\":2,\"name\":\"Parduotuv\u0117\",\"item\":\"https:\/\/skaitytaknyga.lt\/knygu-parduotuve\/\"},{\"@type\":\"ListItem\",\"position\":3,\"name\":\"Trapi pusiausvyra (su defektu)\"}]},{\"@type\":\"WebSite\",\"@id\":\"https:\/\/skaitytaknyga.lt\/#website\",\"url\":\"https:\/\/skaitytaknyga.lt\/\",\"name\":\"skaitytaknyga.lt\",\"description\":\"Skaitytaknyga.lt \u2013 tai ma\u017eas \u0161eimos verslas, kuris prasid\u0117jo nuo meil\u0117s knygoms ir siekio i\u0161gelb\u0117ti knygas nuo likimo prie konteinerio. Kas vienam nereikalingas daiktas \u2013 kitam lobis, o mes esame tarpininkai, kurie padeda abiems tapti laimingesniems ???? \u017dinome kaip nelengva i\u0161gyventi ma\u017eiems verslams, tad nuo \u0161iol, \u010dia rasite ir kit\u0173, ma\u017e\u0173 \u0161eim\u0173 versl\u0173, rank\u0173 darbo, dovan\u0173 sau ir artimiesiems.\",\"publisher\":{\"@id\":\"https:\/\/skaitytaknyga.lt\/#organization\"},\"potentialAction\":[{\"@type\":\"SearchAction\",\"target\":{\"@type\":\"EntryPoint\",\"urlTemplate\":\"https:\/\/skaitytaknyga.lt\/?s={search_term_string}\"},\"query-input\":{\"@type\":\"PropertyValueSpecification\",\"valueRequired\":true,\"valueName\":\"search_term_string\"}}],\"inLanguage\":\"en-GB\"},{\"@type\":\"Organization\",\"@id\":\"https:\/\/skaitytaknyga.lt\/#organization\",\"name\":\"skaitytaknyga.lt\",\"url\":\"https:\/\/skaitytaknyga.lt\/\",\"logo\":{\"@type\":\"ImageObject\",\"inLanguage\":\"en-GB\",\"@id\":\"https:\/\/skaitytaknyga.lt\/#\/schema\/logo\/image\/\",\"url\":\"https:\/\/skaitytaknyga.lt\/wp-content\/uploads\/2024\/05\/cropped-cropped-cropped-02_00843_jt3bggkj1j3HLc7SyY6rEUpg.jpeg\",\"contentUrl\":\"https:\/\/skaitytaknyga.lt\/wp-content\/uploads\/2024\/05\/cropped-cropped-cropped-02_00843_jt3bggkj1j3HLc7SyY6rEUpg.jpeg\",\"width\":1600,\"height\":1600,\"caption\":\"skaitytaknyga.lt\"},\"image\":{\"@id\":\"https:\/\/skaitytaknyga.lt\/#\/schema\/logo\/image\/\"},\"sameAs\":[\"https:\/\/www.facebook.com\/skaitytaknyga\/\"]}]}<\/script>\n<!-- \/ Yoast SEO plugin. -->","yoast_head_json":{"title":"Trapi pusiausvyra (su defektu)","description":"Rohinton Mistry (g.1952 m.) \u2013 ind\u0173 kilm\u0117s ra\u0161ytojas, \u0161iuo metu gyvenantis Kanadoje. Jis \u2013 trij\u0173 roman\u0173, nominuot\u0173 Bookerio premijai, autorius. Garsiausia","robots":{"index":"index","follow":"follow","max-snippet":"max-snippet:-1","max-image-preview":"max-image-preview:large","max-video-preview":"max-video-preview:-1"},"canonical":"https:\/\/skaitytaknyga.lt\/en\/produktas\/trapi-pusiausvyra-su-defektu\/","og_locale":"en_GB","og_type":"article","og_title":"[:lt]Trapi pusiausvyra (su defektu)[:] - Skaitytaknyga","og_description":"Rohinton Mistry (g.1952 m.) \u2013 ind\u0173 kilm\u0117s ra\u0161ytojas, \u0161iuo metu gyvenantis Kanadoje. Jis \u2013 trij\u0173 roman\u0173, nominuot\u0173 Bookerio premijai, autorius. Garsiausia","og_url":"https:\/\/skaitytaknyga.lt\/en\/produktas\/trapi-pusiausvyra-su-defektu\/","og_site_name":"Skaitytaknyga","article_publisher":"https:\/\/www.facebook.com\/skaitytaknyga\/","article_modified_time":"2025-10-15T07:04:34+00:00","og_image":[{"width":300,"height":450,"url":"https:\/\/skaitytaknyga.lt\/wp-content\/uploads\/2025\/10\/Trapi-pusiausvyra-1.webp","type":"image\/webp"}],"twitter_card":"summary_large_image","twitter_misc":{"Estimated reading time":"1 minute"},"schema":{"@context":"https:\/\/schema.org","@graph":[{"@type":"WebPage","@id":"https:\/\/skaitytaknyga.lt\/produktas\/trapi-pusiausvyra-su-defektu\/","url":"https:\/\/skaitytaknyga.lt\/produktas\/trapi-pusiausvyra-su-defektu\/","name":"Trapi pusiausvyra (su defektu)","isPartOf":{"@id":"https:\/\/skaitytaknyga.lt\/#website"},"primaryImageOfPage":{"@id":"https:\/\/skaitytaknyga.lt\/produktas\/trapi-pusiausvyra-su-defektu\/#primaryimage"},"image":{"@id":"https:\/\/skaitytaknyga.lt\/produktas\/trapi-pusiausvyra-su-defektu\/#primaryimage"},"thumbnailUrl":"https:\/\/skaitytaknyga.lt\/wp-content\/uploads\/2025\/10\/Trapi-pusiausvyra-1.webp","datePublished":"2025-10-14T18:23:28+00:00","dateModified":"2025-10-15T07:04:34+00:00","description":"Rohinton Mistry (g.1952 m.) \u2013 ind\u0173 kilm\u0117s ra\u0161ytojas, \u0161iuo metu gyvenantis Kanadoje. Jis \u2013 trij\u0173 roman\u0173, nominuot\u0173 Bookerio premijai, autorius. Garsiausia","breadcrumb":{"@id":"https:\/\/skaitytaknyga.lt\/produktas\/trapi-pusiausvyra-su-defektu\/#breadcrumb"},"inLanguage":"en-GB","potentialAction":[{"@type":"ReadAction","target":["https:\/\/skaitytaknyga.lt\/produktas\/trapi-pusiausvyra-su-defektu\/"]}]},{"@type":"ImageObject","inLanguage":"en-GB","@id":"https:\/\/skaitytaknyga.lt\/produktas\/trapi-pusiausvyra-su-defektu\/#primaryimage","url":"https:\/\/skaitytaknyga.lt\/wp-content\/uploads\/2025\/10\/Trapi-pusiausvyra-1.webp","contentUrl":"https:\/\/skaitytaknyga.lt\/wp-content\/uploads\/2025\/10\/Trapi-pusiausvyra-1.webp","width":300,"height":450},{"@type":"BreadcrumbList","@id":"https:\/\/skaitytaknyga.lt\/produktas\/trapi-pusiausvyra-su-defektu\/#breadcrumb","itemListElement":[{"@type":"ListItem","position":1,"name":"Home","item":"https:\/\/skaitytaknyga.lt\/"},{"@type":"ListItem","position":2,"name":"Parduotuv\u0117","item":"https:\/\/skaitytaknyga.lt\/knygu-parduotuve\/"},{"@type":"ListItem","position":3,"name":"Trapi pusiausvyra (su defektu)"}]},{"@type":"WebSite","@id":"https:\/\/skaitytaknyga.lt\/#website","url":"https:\/\/skaitytaknyga.lt\/","name":"skaitytaknyga.lt","description":"Skaitytaknyga.lt \u2013 tai ma\u017eas \u0161eimos verslas, kuris prasid\u0117jo nuo meil\u0117s knygoms ir siekio i\u0161gelb\u0117ti knygas nuo likimo prie konteinerio. Kas vienam nereikalingas daiktas \u2013 kitam lobis, o mes esame tarpininkai, kurie padeda abiems tapti laimingesniems ???? \u017dinome kaip nelengva i\u0161gyventi ma\u017eiems verslams, tad nuo \u0161iol, \u010dia rasite ir kit\u0173, ma\u017e\u0173 \u0161eim\u0173 versl\u0173, rank\u0173 darbo, dovan\u0173 sau ir artimiesiems.","publisher":{"@id":"https:\/\/skaitytaknyga.lt\/#organization"},"potentialAction":[{"@type":"SearchAction","target":{"@type":"EntryPoint","urlTemplate":"https:\/\/skaitytaknyga.lt\/?s={search_term_string}"},"query-input":{"@type":"PropertyValueSpecification","valueRequired":true,"valueName":"search_term_string"}}],"inLanguage":"en-GB"},{"@type":"Organization","@id":"https:\/\/skaitytaknyga.lt\/#organization","name":"skaitytaknyga.lt","url":"https:\/\/skaitytaknyga.lt\/","logo":{"@type":"ImageObject","inLanguage":"en-GB","@id":"https:\/\/skaitytaknyga.lt\/#\/schema\/logo\/image\/","url":"https:\/\/skaitytaknyga.lt\/wp-content\/uploads\/2024\/05\/cropped-cropped-cropped-02_00843_jt3bggkj1j3HLc7SyY6rEUpg.jpeg","contentUrl":"https:\/\/skaitytaknyga.lt\/wp-content\/uploads\/2024\/05\/cropped-cropped-cropped-02_00843_jt3bggkj1j3HLc7SyY6rEUpg.jpeg","width":1600,"height":1600,"caption":"skaitytaknyga.lt"},"image":{"@id":"https:\/\/skaitytaknyga.lt\/#\/schema\/logo\/image\/"},"sameAs":["https:\/\/www.facebook.com\/skaitytaknyga\/"]}]}},"_links":{"self":[{"href":"https:\/\/skaitytaknyga.lt\/en\/wp-json\/wp\/v2\/product\/21534","targetHints":{"allow":["GET"]}}],"collection":[{"href":"https:\/\/skaitytaknyga.lt\/en\/wp-json\/wp\/v2\/product"}],"about":[{"href":"https:\/\/skaitytaknyga.lt\/en\/wp-json\/wp\/v2\/types\/product"}],"replies":[{"embeddable":true,"href":"https:\/\/skaitytaknyga.lt\/en\/wp-json\/wp\/v2\/comments?post=21534"}],"wp:featuredmedia":[{"embeddable":true,"href":"https:\/\/skaitytaknyga.lt\/en\/wp-json\/wp\/v2\/media\/21539"}],"wp:attachment":[{"href":"https:\/\/skaitytaknyga.lt\/en\/wp-json\/wp\/v2\/media?parent=21534"}],"wp:term":[{"taxonomy":"product_brand","embeddable":true,"href":"https:\/\/skaitytaknyga.lt\/en\/wp-json\/wp\/v2\/product_brand?post=21534"},{"taxonomy":"product_cat","embeddable":true,"href":"https:\/\/skaitytaknyga.lt\/en\/wp-json\/wp\/v2\/product_cat?post=21534"},{"taxonomy":"product_tag","embeddable":true,"href":"https:\/\/skaitytaknyga.lt\/en\/wp-json\/wp\/v2\/product_tag?post=21534"}],"curies":[{"name":"wp","href":"https:\/\/api.w.org\/{rel}","templated":true}]}}