{"id":21533,"date":"2025-10-14T21:23:28","date_gmt":"2025-10-14T18:23:28","guid":{"rendered":"https:\/\/skaitytaknyga.lt\/?post_type=product&#038;p=21533"},"modified":"2025-10-15T10:04:34","modified_gmt":"2025-10-15T07:04:34","slug":"lapkricio-9","status":"publish","type":"product","link":"https:\/\/skaitytaknyga.lt\/en\/produktas\/lapkricio-9\/","title":{"rendered":"Lapkri\u010dio 9"},"content":{"rendered":"<p>Niekada nerasi sav\u0119s, jei pask\u0119si kitame \u017emoguje.<\/p>\n<p>Likus vos vienai dienai iki i\u0161sikraustant i\u0161 Los And\u017eelo, Felon susipa\u017e\u012fsta su Benu, pradedan\u010diuoju ra\u0161ytoju. Negal\u0117dami ignoruoti traukos vienas kitam, kartu jie praleid\u017eia paskutin\u0119 Felon dien\u0105 mieste. Spalvingas Felon gyvenimas \u012fkvepia Ben\u0105 para\u0161yti roman\u0105.<\/p>\n<p>Laikui b\u0117gant, tarp \u012fvairi\u0173 santyki\u0173 ir savo atskir\u0173 gyvenim\u0173 negand\u0173 jie ir toliau susitinka kasmet t\u0105 pa\u010di\u0105 dien\u0105. Bet ilgainiui Felon ima abejoti: ar Benas sako jai ties\u0105? O gal kuria tobul\u0105 tikrov\u0119, ie\u0161kodamas kuo \u012ftaigesnio siu\u017eeto pos\u016bkio?<\/p>\n<p>Ar Beno santykius su Felon \u2013 ir jo roman\u0105 \u2013 galima laikyti meil\u0117s istorija, jei jos pabaiga \u2013 sudau\u017eytos \u0161irdys?<\/p>\n","protected":false},"excerpt":{"rendered":"<p>Niekada nerasi sav\u0119s, jei pask\u0119si kitame \u017emoguje. Likus vos vienai dienai iki i\u0161sikraustant i\u0161 Los And\u017eelo, Felon susipa\u017e\u012fsta su Benu, pradedan\u010diuoju ra\u0161ytoju. Negal\u0117dami ignoruoti traukos vienas kitam, kartu jie praleid\u017eia paskutin\u0119 Felon dien\u0105 mieste. Spalvingas Felon gyvenimas \u012fkvepia Ben\u0105 para\u0161yti roman\u0105. Laikui b\u0117gant, tarp \u012fvairi\u0173 santyki\u0173 ir savo atskir\u0173 gyvenim\u0173 negand\u0173 jie ir toliau susitinka kasmet t\u0105 pa\u010di\u0105 dien\u0105. Bet ilgainiui Felon ima abejoti: ar Benas sako jai ties\u0105? O gal kuria tobul\u0105 tikrov\u0119, ie\u0161kodamas kuo \u012ftaigesnio siu\u017eeto pos\u016bkio? Ar Beno santykius su Felon \u2013 ir jo roman\u0105 \u2013 galima laikyti meil\u0117s istorija, jei jos pabaiga \u2013 sudau\u017eytos \u0161irdys?<\/p>\n","protected":false},"featured_media":21538,"comment_status":"open","ping_status":"closed","template":"","meta":{"_acf_changed":false,"site-sidebar-layout":"default","site-content-layout":"","ast-site-content-layout":"default","site-content-style":"default","site-sidebar-style":"default","ast-global-header-display":"","ast-banner-title-visibility":"","ast-main-header-display":"","ast-hfb-above-header-display":"","ast-hfb-below-header-display":"","ast-hfb-mobile-header-display":"","site-post-title":"","ast-breadcrumbs-content":"","ast-featured-img":"","footer-sml-layout":"","ast-disable-related-posts":"","theme-transparent-header-meta":"","adv-header-id-meta":"","stick-header-meta":"","header-above-stick-meta":"","header-main-stick-meta":"","header-below-stick-meta":"","astra-migrate-meta-layouts":"default","ast-page-background-enabled":"default","ast-page-background-meta":{"desktop":{"background-color":"","background-image":"","background-repeat":"repeat","background-position":"center center","background-size":"auto","background-attachment":"scroll","background-type":"","background-media":"","overlay-type":"","overlay-color":"","overlay-opacity":"","overlay-gradient":""},"tablet":{"background-color":"","background-image":"","background-repeat":"repeat","background-position":"center center","background-size":"auto","background-attachment":"scroll","background-type":"","background-media":"","overlay-type":"","overlay-color":"","overlay-opacity":"","overlay-gradient":""},"mobile":{"background-color":"","background-image":"","background-repeat":"repeat","background-position":"center center","background-size":"auto","background-attachment":"scroll","background-type":"","background-media":"","overlay-type":"","overlay-color":"","overlay-opacity":"","overlay-gradient":""}},"ast-content-background-meta":{"desktop":{"background-color":"var(--ast-global-color-4)","background-image":"","background-repeat":"repeat","background-position":"center center","background-size":"auto","background-attachment":"scroll","background-type":"","background-media":"","overlay-type":"","overlay-color":"","overlay-opacity":"","overlay-gradient":""},"tablet":{"background-color":"var(--ast-global-color-4)","background-image":"","background-repeat":"repeat","background-position":"center center","background-size":"auto","background-attachment":"scroll","background-type":"","background-media":"","overlay-type":"","overlay-color":"","overlay-opacity":"","overlay-gradient":""},"mobile":{"background-color":"var(--ast-global-color-4)","background-image":"","background-repeat":"repeat","background-position":"center center","background-size":"auto","background-attachment":"scroll","background-type":"","background-media":"","overlay-type":"","overlay-color":"","overlay-opacity":"","overlay-gradient":""}}},"product_brand":[],"product_cat":[31],"product_tag":[],"class_list":{"0":"post-21533","1":"product","2":"type-product","3":"status-publish","4":"has-post-thumbnail","6":"product_cat-grozine-literatura","7":"desktop-align-left","8":"tablet-align-left","9":"mobile-align-left","11":"first","12":"instock","13":"shipping-taxable","14":"purchasable","15":"product-type-simple"},"acf":[],"yoast_head":"<!-- This site is optimized with the Yoast SEO plugin v27.0 - https:\/\/yoast.com\/product\/yoast-seo-wordpress\/ -->\n<title>Lapkri\u010dio 9<\/title>\n<meta name=\"description\" content=\"Niekada nerasi sav\u0119s, jei pask\u0119si kitame \u017emoguje. Likus vos vienai dienai iki i\u0161sikraustant i\u0161 Los And\u017eelo, Felon susipa\u017e\u012fsta su Benu, pradedan\u010diuoju\" \/>\n<meta name=\"robots\" content=\"index, follow, max-snippet:-1, max-image-preview:large, max-video-preview:-1\" \/>\n<link rel=\"canonical\" href=\"https:\/\/skaitytaknyga.lt\/en\/produktas\/lapkricio-9\/\" \/>\n<meta property=\"og:locale\" content=\"en_GB\" \/>\n<meta property=\"og:locale:alternate\" content=\"lt_LT\" \/>\n<meta property=\"og:type\" content=\"article\" \/>\n<meta property=\"og:title\" content=\"Lapkri\u010dio 9\" \/>\n<meta property=\"og:description\" content=\"Niekada nerasi sav\u0119s, jei pask\u0119si kitame \u017emoguje. Likus vos vienai dienai iki i\u0161sikraustant i\u0161 Los And\u017eelo, Felon susipa\u017e\u012fsta su Benu, pradedan\u010diuoju\" \/>\n<meta property=\"og:url\" content=\"https:\/\/skaitytaknyga.lt\/en\/produktas\/lapkricio-9\/\" \/>\n<meta property=\"og:site_name\" content=\"Skaitytaknyga\" \/>\n<meta property=\"article:publisher\" content=\"https:\/\/www.facebook.com\/skaitytaknyga\/\" \/>\n<meta property=\"article:modified_time\" content=\"2025-10-15T07:04:34+00:00\" \/>\n<meta property=\"og:image\" content=\"https:\/\/skaitytaknyga.lt\/wp-content\/uploads\/2025\/10\/Lapkricio-9-1.webp\" \/>\n\t<meta property=\"og:image:width\" content=\"300\" \/>\n\t<meta property=\"og:image:height\" content=\"469\" \/>\n\t<meta property=\"og:image:type\" content=\"image\/webp\" \/>\n<meta name=\"twitter:card\" content=\"summary_large_image\" \/>\n<meta name=\"twitter:label1\" content=\"Estimated reading time\" \/>\n\t<meta name=\"twitter:data1\" content=\"1 minute\" \/>\n<script type=\"application\/ld+json\" class=\"yoast-schema-graph\">{\"@context\":\"https:\/\/schema.org\",\"@graph\":[{\"@type\":\"WebPage\",\"@id\":\"https:\/\/skaitytaknyga.lt\/produktas\/lapkricio-9\/\",\"url\":\"https:\/\/skaitytaknyga.lt\/produktas\/lapkricio-9\/\",\"name\":\"Lapkri\u010dio 9\",\"isPartOf\":{\"@id\":\"https:\/\/skaitytaknyga.lt\/#website\"},\"primaryImageOfPage\":{\"@id\":\"https:\/\/skaitytaknyga.lt\/produktas\/lapkricio-9\/#primaryimage\"},\"image\":{\"@id\":\"https:\/\/skaitytaknyga.lt\/produktas\/lapkricio-9\/#primaryimage\"},\"thumbnailUrl\":\"https:\/\/skaitytaknyga.lt\/wp-content\/uploads\/2025\/10\/Lapkricio-9-1.webp\",\"datePublished\":\"2025-10-14T18:23:28+00:00\",\"dateModified\":\"2025-10-15T07:04:34+00:00\",\"description\":\"Niekada nerasi sav\u0119s, jei pask\u0119si kitame \u017emoguje. Likus vos vienai dienai iki i\u0161sikraustant i\u0161 Los And\u017eelo, Felon susipa\u017e\u012fsta su Benu, pradedan\u010diuoju\",\"breadcrumb\":{\"@id\":\"https:\/\/skaitytaknyga.lt\/produktas\/lapkricio-9\/#breadcrumb\"},\"inLanguage\":\"en-GB\",\"potentialAction\":[{\"@type\":\"ReadAction\",\"target\":[\"https:\/\/skaitytaknyga.lt\/produktas\/lapkricio-9\/\"]}]},{\"@type\":\"ImageObject\",\"inLanguage\":\"en-GB\",\"@id\":\"https:\/\/skaitytaknyga.lt\/produktas\/lapkricio-9\/#primaryimage\",\"url\":\"https:\/\/skaitytaknyga.lt\/wp-content\/uploads\/2025\/10\/Lapkricio-9-1.webp\",\"contentUrl\":\"https:\/\/skaitytaknyga.lt\/wp-content\/uploads\/2025\/10\/Lapkricio-9-1.webp\",\"width\":300,\"height\":469,\"caption\":\"Lapkri\u010dio 9\"},{\"@type\":\"BreadcrumbList\",\"@id\":\"https:\/\/skaitytaknyga.lt\/produktas\/lapkricio-9\/#breadcrumb\",\"itemListElement\":[{\"@type\":\"ListItem\",\"position\":1,\"name\":\"Home\",\"item\":\"https:\/\/skaitytaknyga.lt\/\"},{\"@type\":\"ListItem\",\"position\":2,\"name\":\"Parduotuv\u0117\",\"item\":\"https:\/\/skaitytaknyga.lt\/knygu-parduotuve\/\"},{\"@type\":\"ListItem\",\"position\":3,\"name\":\"Lapkri\u010dio 9\"}]},{\"@type\":\"WebSite\",\"@id\":\"https:\/\/skaitytaknyga.lt\/#website\",\"url\":\"https:\/\/skaitytaknyga.lt\/\",\"name\":\"skaitytaknyga.lt\",\"description\":\"Skaitytaknyga.lt \u2013 tai ma\u017eas \u0161eimos verslas, kuris prasid\u0117jo nuo meil\u0117s knygoms ir siekio i\u0161gelb\u0117ti knygas nuo likimo prie konteinerio. Kas vienam nereikalingas daiktas \u2013 kitam lobis, o mes esame tarpininkai, kurie padeda abiems tapti laimingesniems ???? \u017dinome kaip nelengva i\u0161gyventi ma\u017eiems verslams, tad nuo \u0161iol, \u010dia rasite ir kit\u0173, ma\u017e\u0173 \u0161eim\u0173 versl\u0173, rank\u0173 darbo, dovan\u0173 sau ir artimiesiems.\",\"publisher\":{\"@id\":\"https:\/\/skaitytaknyga.lt\/#organization\"},\"potentialAction\":[{\"@type\":\"SearchAction\",\"target\":{\"@type\":\"EntryPoint\",\"urlTemplate\":\"https:\/\/skaitytaknyga.lt\/?s={search_term_string}\"},\"query-input\":{\"@type\":\"PropertyValueSpecification\",\"valueRequired\":true,\"valueName\":\"search_term_string\"}}],\"inLanguage\":\"en-GB\"},{\"@type\":\"Organization\",\"@id\":\"https:\/\/skaitytaknyga.lt\/#organization\",\"name\":\"skaitytaknyga.lt\",\"url\":\"https:\/\/skaitytaknyga.lt\/\",\"logo\":{\"@type\":\"ImageObject\",\"inLanguage\":\"en-GB\",\"@id\":\"https:\/\/skaitytaknyga.lt\/#\/schema\/logo\/image\/\",\"url\":\"https:\/\/skaitytaknyga.lt\/wp-content\/uploads\/2024\/05\/cropped-cropped-cropped-02_00843_jt3bggkj1j3HLc7SyY6rEUpg.jpeg\",\"contentUrl\":\"https:\/\/skaitytaknyga.lt\/wp-content\/uploads\/2024\/05\/cropped-cropped-cropped-02_00843_jt3bggkj1j3HLc7SyY6rEUpg.jpeg\",\"width\":1600,\"height\":1600,\"caption\":\"skaitytaknyga.lt\"},\"image\":{\"@id\":\"https:\/\/skaitytaknyga.lt\/#\/schema\/logo\/image\/\"},\"sameAs\":[\"https:\/\/www.facebook.com\/skaitytaknyga\/\"]}]}<\/script>\n<!-- \/ Yoast SEO plugin. -->","yoast_head_json":{"title":"Lapkri\u010dio 9","description":"Niekada nerasi sav\u0119s, jei pask\u0119si kitame \u017emoguje. Likus vos vienai dienai iki i\u0161sikraustant i\u0161 Los And\u017eelo, Felon susipa\u017e\u012fsta su Benu, pradedan\u010diuoju","robots":{"index":"index","follow":"follow","max-snippet":"max-snippet:-1","max-image-preview":"max-image-preview:large","max-video-preview":"max-video-preview:-1"},"canonical":"https:\/\/skaitytaknyga.lt\/en\/produktas\/lapkricio-9\/","og_locale":"en_GB","og_type":"article","og_title":"[:lt]Lapkri\u010dio 9[:] - Skaitytaknyga","og_description":"Niekada nerasi sav\u0119s, jei pask\u0119si kitame \u017emoguje. Likus vos vienai dienai iki i\u0161sikraustant i\u0161 Los And\u017eelo, Felon susipa\u017e\u012fsta su Benu, pradedan\u010diuoju","og_url":"https:\/\/skaitytaknyga.lt\/en\/produktas\/lapkricio-9\/","og_site_name":"Skaitytaknyga","article_publisher":"https:\/\/www.facebook.com\/skaitytaknyga\/","article_modified_time":"2025-10-15T07:04:34+00:00","og_image":[{"width":300,"height":469,"url":"https:\/\/skaitytaknyga.lt\/wp-content\/uploads\/2025\/10\/Lapkricio-9-1.webp","type":"image\/webp"}],"twitter_card":"summary_large_image","twitter_misc":{"Estimated reading time":"1 minute"},"schema":{"@context":"https:\/\/schema.org","@graph":[{"@type":"WebPage","@id":"https:\/\/skaitytaknyga.lt\/produktas\/lapkricio-9\/","url":"https:\/\/skaitytaknyga.lt\/produktas\/lapkricio-9\/","name":"Lapkri\u010dio 9","isPartOf":{"@id":"https:\/\/skaitytaknyga.lt\/#website"},"primaryImageOfPage":{"@id":"https:\/\/skaitytaknyga.lt\/produktas\/lapkricio-9\/#primaryimage"},"image":{"@id":"https:\/\/skaitytaknyga.lt\/produktas\/lapkricio-9\/#primaryimage"},"thumbnailUrl":"https:\/\/skaitytaknyga.lt\/wp-content\/uploads\/2025\/10\/Lapkricio-9-1.webp","datePublished":"2025-10-14T18:23:28+00:00","dateModified":"2025-10-15T07:04:34+00:00","description":"Niekada nerasi sav\u0119s, jei pask\u0119si kitame \u017emoguje. Likus vos vienai dienai iki i\u0161sikraustant i\u0161 Los And\u017eelo, Felon susipa\u017e\u012fsta su Benu, pradedan\u010diuoju","breadcrumb":{"@id":"https:\/\/skaitytaknyga.lt\/produktas\/lapkricio-9\/#breadcrumb"},"inLanguage":"en-GB","potentialAction":[{"@type":"ReadAction","target":["https:\/\/skaitytaknyga.lt\/produktas\/lapkricio-9\/"]}]},{"@type":"ImageObject","inLanguage":"en-GB","@id":"https:\/\/skaitytaknyga.lt\/produktas\/lapkricio-9\/#primaryimage","url":"https:\/\/skaitytaknyga.lt\/wp-content\/uploads\/2025\/10\/Lapkricio-9-1.webp","contentUrl":"https:\/\/skaitytaknyga.lt\/wp-content\/uploads\/2025\/10\/Lapkricio-9-1.webp","width":300,"height":469,"caption":"Lapkri\u010dio 9"},{"@type":"BreadcrumbList","@id":"https:\/\/skaitytaknyga.lt\/produktas\/lapkricio-9\/#breadcrumb","itemListElement":[{"@type":"ListItem","position":1,"name":"Home","item":"https:\/\/skaitytaknyga.lt\/"},{"@type":"ListItem","position":2,"name":"Parduotuv\u0117","item":"https:\/\/skaitytaknyga.lt\/knygu-parduotuve\/"},{"@type":"ListItem","position":3,"name":"Lapkri\u010dio 9"}]},{"@type":"WebSite","@id":"https:\/\/skaitytaknyga.lt\/#website","url":"https:\/\/skaitytaknyga.lt\/","name":"skaitytaknyga.lt","description":"Skaitytaknyga.lt \u2013 tai ma\u017eas \u0161eimos verslas, kuris prasid\u0117jo nuo meil\u0117s knygoms ir siekio i\u0161gelb\u0117ti knygas nuo likimo prie konteinerio. Kas vienam nereikalingas daiktas \u2013 kitam lobis, o mes esame tarpininkai, kurie padeda abiems tapti laimingesniems ???? \u017dinome kaip nelengva i\u0161gyventi ma\u017eiems verslams, tad nuo \u0161iol, \u010dia rasite ir kit\u0173, ma\u017e\u0173 \u0161eim\u0173 versl\u0173, rank\u0173 darbo, dovan\u0173 sau ir artimiesiems.","publisher":{"@id":"https:\/\/skaitytaknyga.lt\/#organization"},"potentialAction":[{"@type":"SearchAction","target":{"@type":"EntryPoint","urlTemplate":"https:\/\/skaitytaknyga.lt\/?s={search_term_string}"},"query-input":{"@type":"PropertyValueSpecification","valueRequired":true,"valueName":"search_term_string"}}],"inLanguage":"en-GB"},{"@type":"Organization","@id":"https:\/\/skaitytaknyga.lt\/#organization","name":"skaitytaknyga.lt","url":"https:\/\/skaitytaknyga.lt\/","logo":{"@type":"ImageObject","inLanguage":"en-GB","@id":"https:\/\/skaitytaknyga.lt\/#\/schema\/logo\/image\/","url":"https:\/\/skaitytaknyga.lt\/wp-content\/uploads\/2024\/05\/cropped-cropped-cropped-02_00843_jt3bggkj1j3HLc7SyY6rEUpg.jpeg","contentUrl":"https:\/\/skaitytaknyga.lt\/wp-content\/uploads\/2024\/05\/cropped-cropped-cropped-02_00843_jt3bggkj1j3HLc7SyY6rEUpg.jpeg","width":1600,"height":1600,"caption":"skaitytaknyga.lt"},"image":{"@id":"https:\/\/skaitytaknyga.lt\/#\/schema\/logo\/image\/"},"sameAs":["https:\/\/www.facebook.com\/skaitytaknyga\/"]}]}},"_links":{"self":[{"href":"https:\/\/skaitytaknyga.lt\/en\/wp-json\/wp\/v2\/product\/21533","targetHints":{"allow":["GET"]}}],"collection":[{"href":"https:\/\/skaitytaknyga.lt\/en\/wp-json\/wp\/v2\/product"}],"about":[{"href":"https:\/\/skaitytaknyga.lt\/en\/wp-json\/wp\/v2\/types\/product"}],"replies":[{"embeddable":true,"href":"https:\/\/skaitytaknyga.lt\/en\/wp-json\/wp\/v2\/comments?post=21533"}],"wp:featuredmedia":[{"embeddable":true,"href":"https:\/\/skaitytaknyga.lt\/en\/wp-json\/wp\/v2\/media\/21538"}],"wp:attachment":[{"href":"https:\/\/skaitytaknyga.lt\/en\/wp-json\/wp\/v2\/media?parent=21533"}],"wp:term":[{"taxonomy":"product_brand","embeddable":true,"href":"https:\/\/skaitytaknyga.lt\/en\/wp-json\/wp\/v2\/product_brand?post=21533"},{"taxonomy":"product_cat","embeddable":true,"href":"https:\/\/skaitytaknyga.lt\/en\/wp-json\/wp\/v2\/product_cat?post=21533"},{"taxonomy":"product_tag","embeddable":true,"href":"https:\/\/skaitytaknyga.lt\/en\/wp-json\/wp\/v2\/product_tag?post=21533"}],"curies":[{"name":"wp","href":"https:\/\/api.w.org\/{rel}","templated":true}]}}