{"id":21526,"date":"2025-10-14T20:20:29","date_gmt":"2025-10-14T17:20:29","guid":{"rendered":"https:\/\/skaitytaknyga.lt\/?post_type=product&#038;p=21526"},"modified":"2026-03-18T11:02:12","modified_gmt":"2026-03-18T09:02:12","slug":"nekaltoji-isdavike","status":"publish","type":"product","link":"https:\/\/skaitytaknyga.lt\/en\/produktas\/nekaltoji-isdavike\/","title":{"rendered":"Nekaltoji i\u0161davik\u0117"},"content":{"rendered":"<p>Esu pasmerkta i\u0161davik\u0117&#8230; Tur\u0117siu mirti, nors tik prad\u0117jau gyventi.<\/p>\n<p>Ji buvo Anglijos karalien\u0117 9 dienas&#8230; Jos istorija gyva jau 500 met\u0173<\/p>\n<p>Ledi D\u017eein\u0117 Grei buvo Anglijos karaliaus Henriko VIII sesers vaikait\u0117 ir terminas politikos p\u0117stininkas grei\u010diausiai buvo sugalvotas jai. Keli\u0173 skirting\u0173 \u017emoni\u0173 &#8211; tarp j\u0173 ir pa\u010dios D\u017eein\u0117s &#8211; l\u016bpomis A. Weir pasakoja \u0161ios merginos istorij\u0105. Ir kokia tai istorija!<\/p>\n<p>Kaip \u017einia, Henrikas VIII niekaip negal\u0117jo susilaukti teis\u0117to paveld\u0117tojo, kol pagaliau tre\u010dioji \u017emona pagimd\u0117 silpnos sveikatos s\u016bn\u0173. Negana to, karalius netrukus mir\u0117 ir \u0161alyje dar labiau sustipr\u0117jo nei\u0161sprend\u017eiamas konfliktas tarp protestant\u0173 bei katalik\u0173. Tai ir buvo did\u017eiausia D\u017eein\u0117s problema.<\/p>\n<p>God\u016bs, vald\u017eios i\u0161tro\u0161k\u0119 protestantai D\u017eein\u0117s t\u0117vai po ma\u017eojo karaliaus Edvardo VI mirties sugalvojo \u012fki\u0161ti dukr\u0105 \u012f sost\u0105 vietoj teis\u0117tos paveld\u0117tojos, katalik\u0117s princes\u0117s Marijos. Bet Marija rado stipri\u0173 u\u017etar\u0117j\u0173 ir atsikovojo tai, kas jai priklaus\u0117 pagal t\u0117vo testament\u0105. D\u017eeinei Grei nepad\u0117jo nei artimi giminyst\u0117s ry\u0161iai, nei am\u017eius (jai buvo vos \u0161e\u0161iolika). Po devyni\u0173 vie\u0161patavimo dien\u0173 protinga, i\u0161silavinusi mergina tur\u0117jo atsisveikinti ne tik su karalien\u0117s kar\u016bna, bet ir su galva. Ji buvo pirmoji i\u0161 v\u0117liau Kruvin\u0105ja vadintos karalien\u0117s Mer\u0117s auk\u0173&#8230;<\/p>\n<p>Abejing\u0173 nepaliekan\u010diame debiutiniame Alison Weir romane susipina istorijos i\u0161manymas ir laki fantazija. Tai pasakojimas apie ledi D\u017eein\u0119 Grei &#8211; \u201edevyni\u0173 dien\u0173 karalien\u0119\u201c &#8211; penkiolikmet\u0119 mergait\u0119, prie\u0161 savo vali\u0105 atsid\u016brusi\u0105 religini\u0173 ir civilini\u0173 neramum\u0173, kurie vos nebaig\u0117 garsiosios Tiudor\u0173 dinastijos \u0161e\u0161ioliktajame am\u017eiuje, centre.<\/p>\n<p>Ne\u012ftik\u0117tinai protinga ir dvasi\u0161kai stipri D\u017eein\u0117 Grei nuo k\u016bdikyst\u0117s auginta \u012f savo pusbrolio, karaliaus Edvardo VI nuotakas, nors mieliau leid\u017eia laik\u0105 knyg\u0173 draugijoje. Ar gal\u0117jo ji nujausti, kuo baigsis paskutinis jaunojo karaliaus noras &#8211; matyti Anglij\u0105 protestanti\u0161k\u0105? Kod\u0117l nuotakos drabu\u017eiai sl\u0117p\u0117 rimbo nu\u010dai\u017eyt\u0105 D\u017eein\u0117s nugar\u0105? Ko vertas karali\u0161kas pa\u017eadas pasigail\u0117ti, kai derinamos politin\u0117s partijos? Kod\u0117l per protestant\u0117s egzekucij\u0105 verk\u0117 katalik\u0173 kunigas?<\/p>\n<p>Net ir \u017einan\u010dius trumpiausiai istorijoje vald\u017eiusios karalien\u0117s likim\u0105 paker\u0117s karali\u0161k\u0173 kambari\u0173 spindesys ir \u0161altumas, istorini\u0173 asmenybi\u0173 l\u016bpomis atskleid\u017eiama laikme\u010dio dvasia bei intrigos ir nepaprastai \u012ftaigus bei autenti\u0161kas legenda tapusios karalien\u0117s portretas.<\/p>\n","protected":false},"excerpt":{"rendered":"<p>Esu pasmerkta i\u0161davik\u0117&#8230; Tur\u0117siu mirti, nors tik prad\u0117jau gyventi. Ji buvo Anglijos karalien\u0117 9 dienas&#8230; Jos istorija gyva jau 500 met\u0173 Ledi D\u017eein\u0117 Grei buvo Anglijos karaliaus Henriko VIII sesers vaikait\u0117 ir terminas politikos p\u0117stininkas grei\u010diausiai buvo sugalvotas jai. Keli\u0173 skirting\u0173 \u017emoni\u0173 &#8211; tarp j\u0173 ir pa\u010dios D\u017eein\u0117s &#8211; l\u016bpomis A. Weir pasakoja \u0161ios merginos istorij\u0105. Ir kokia tai istorija! Kaip \u017einia, Henrikas VIII niekaip negal\u0117jo susilaukti teis\u0117to paveld\u0117tojo, kol pagaliau tre\u010dioji \u017emona pagimd\u0117 silpnos sveikatos s\u016bn\u0173. Negana to, karalius netrukus mir\u0117 ir \u0161alyje dar labiau sustipr\u0117jo nei\u0161sprend\u017eiamas konfliktas tarp protestant\u0173 bei katalik\u0173. Tai ir buvo did\u017eiausia D\u017eein\u0117s problema. God\u016bs, vald\u017eios i\u0161tro\u0161k\u0119 protestantai D\u017eein\u0117s t\u0117vai po ma\u017eojo karaliaus Edvardo VI mirties sugalvojo \u012fki\u0161ti dukr\u0105 \u012f sost\u0105 vietoj teis\u0117tos paveld\u0117tojos, katalik\u0117s princes\u0117s Marijos. Bet Marija rado stipri\u0173 u\u017etar\u0117j\u0173 ir atsikovojo tai, kas jai priklaus\u0117 pagal t\u0117vo testament\u0105. D\u017eeinei Grei nepad\u0117jo nei artimi giminyst\u0117s ry\u0161iai, nei am\u017eius (jai buvo vos \u0161e\u0161iolika). Po devyni\u0173 vie\u0161patavimo dien\u0173 protinga, i\u0161silavinusi mergina tur\u0117jo atsisveikinti ne tik su karalien\u0117s kar\u016bna, bet ir su galva. Ji buvo pirmoji i\u0161 v\u0117liau Kruvin\u0105ja vadintos karalien\u0117s Mer\u0117s auk\u0173&#8230; Abejing\u0173 nepaliekan\u010diame debiutiniame Alison Weir romane susipina istorijos i\u0161manymas ir laki fantazija. Tai pasakojimas apie ledi D\u017eein\u0119 Grei &#8211; \u201edevyni\u0173 dien\u0173 karalien\u0119\u201c &#8211; penkiolikmet\u0119 mergait\u0119, prie\u0161 savo vali\u0105 atsid\u016brusi\u0105 religini\u0173 ir civilini\u0173 neramum\u0173, kurie vos nebaig\u0117 garsiosios Tiudor\u0173 dinastijos \u0161e\u0161ioliktajame am\u017eiuje, centre. Ne\u012ftik\u0117tinai protinga ir dvasi\u0161kai stipri D\u017eein\u0117 Grei nuo k\u016bdikyst\u0117s auginta \u012f savo pusbrolio, karaliaus Edvardo VI nuotakas, nors mieliau leid\u017eia laik\u0105 knyg\u0173 draugijoje. Ar gal\u0117jo ji nujausti, kuo baigsis paskutinis jaunojo karaliaus noras &#8211; matyti Anglij\u0105 protestanti\u0161k\u0105? Kod\u0117l nuotakos drabu\u017eiai sl\u0117p\u0117 rimbo nu\u010dai\u017eyt\u0105 D\u017eein\u0117s nugar\u0105? Ko vertas karali\u0161kas pa\u017eadas pasigail\u0117ti, kai derinamos politin\u0117s partijos? Kod\u0117l per protestant\u0117s egzekucij\u0105 verk\u0117 katalik\u0173 kunigas? Net ir \u017einan\u010dius trumpiausiai istorijoje vald\u017eiusios karalien\u0117s likim\u0105 paker\u0117s karali\u0161k\u0173 kambari\u0173 spindesys ir \u0161altumas, istorini\u0173 asmenybi\u0173 l\u016bpomis atskleid\u017eiama laikme\u010dio dvasia bei intrigos ir nepaprastai \u012ftaigus bei autenti\u0161kas legenda tapusios karalien\u0117s portretas.<\/p>\n","protected":false},"featured_media":21531,"comment_status":"open","ping_status":"closed","template":"","meta":{"_acf_changed":false,"site-sidebar-layout":"default","site-content-layout":"","ast-site-content-layout":"default","site-content-style":"default","site-sidebar-style":"default","ast-global-header-display":"","ast-banner-title-visibility":"","ast-main-header-display":"","ast-hfb-above-header-display":"","ast-hfb-below-header-display":"","ast-hfb-mobile-header-display":"","site-post-title":"","ast-breadcrumbs-content":"","ast-featured-img":"","footer-sml-layout":"","ast-disable-related-posts":"","theme-transparent-header-meta":"","adv-header-id-meta":"","stick-header-meta":"","header-above-stick-meta":"","header-main-stick-meta":"","header-below-stick-meta":"","astra-migrate-meta-layouts":"default","ast-page-background-enabled":"default","ast-page-background-meta":{"desktop":{"background-color":"","background-image":"","background-repeat":"repeat","background-position":"center center","background-size":"auto","background-attachment":"scroll","background-type":"","background-media":"","overlay-type":"","overlay-color":"","overlay-opacity":"","overlay-gradient":""},"tablet":{"background-color":"","background-image":"","background-repeat":"repeat","background-position":"center center","background-size":"auto","background-attachment":"scroll","background-type":"","background-media":"","overlay-type":"","overlay-color":"","overlay-opacity":"","overlay-gradient":""},"mobile":{"background-color":"","background-image":"","background-repeat":"repeat","background-position":"center center","background-size":"auto","background-attachment":"scroll","background-type":"","background-media":"","overlay-type":"","overlay-color":"","overlay-opacity":"","overlay-gradient":""}},"ast-content-background-meta":{"desktop":{"background-color":"var(--ast-global-color-4)","background-image":"","background-repeat":"repeat","background-position":"center center","background-size":"auto","background-attachment":"scroll","background-type":"","background-media":"","overlay-type":"","overlay-color":"","overlay-opacity":"","overlay-gradient":""},"tablet":{"background-color":"var(--ast-global-color-4)","background-image":"","background-repeat":"repeat","background-position":"center center","background-size":"auto","background-attachment":"scroll","background-type":"","background-media":"","overlay-type":"","overlay-color":"","overlay-opacity":"","overlay-gradient":""},"mobile":{"background-color":"var(--ast-global-color-4)","background-image":"","background-repeat":"repeat","background-position":"center center","background-size":"auto","background-attachment":"scroll","background-type":"","background-media":"","overlay-type":"","overlay-color":"","overlay-opacity":"","overlay-gradient":""}}},"product_brand":[],"product_cat":[9618],"product_tag":[],"class_list":{"0":"post-21526","1":"product","2":"type-product","3":"status-publish","4":"has-post-thumbnail","6":"product_cat-istoriniai-romanai","7":"desktop-align-left","8":"tablet-align-left","9":"mobile-align-left","11":"first","12":"instock","13":"shipping-taxable","14":"purchasable","15":"product-type-simple"},"acf":[],"yoast_head":"<!-- This site is optimized with the Yoast SEO plugin v27.0 - https:\/\/yoast.com\/product\/yoast-seo-wordpress\/ -->\n<title>Nekaltoji i\u0161davik\u0117<\/title>\n<meta name=\"description\" content=\"Esu pasmerkta i\u0161davik\u0117... Tur\u0117siu mirti, nors tik prad\u0117jau gyventi. Ji buvo Anglijos karalien\u0117 9 dienas... Jos istorija gyva jau 500 met\u0173 Ledi D\u017eein\u0117 Grei\" \/>\n<meta name=\"robots\" content=\"index, follow, max-snippet:-1, max-image-preview:large, max-video-preview:-1\" \/>\n<link rel=\"canonical\" href=\"https:\/\/skaitytaknyga.lt\/en\/produktas\/nekaltoji-isdavike\/\" \/>\n<meta property=\"og:locale\" content=\"en_GB\" \/>\n<meta property=\"og:locale:alternate\" content=\"lt_LT\" \/>\n<meta property=\"og:type\" content=\"article\" \/>\n<meta property=\"og:title\" content=\"Nekaltoji i\u0161davik\u0117\" \/>\n<meta property=\"og:description\" content=\"Esu pasmerkta i\u0161davik\u0117... Tur\u0117siu mirti, nors tik prad\u0117jau gyventi. Ji buvo Anglijos karalien\u0117 9 dienas... Jos istorija gyva jau 500 met\u0173 Ledi D\u017eein\u0117 Grei\" \/>\n<meta property=\"og:url\" content=\"https:\/\/skaitytaknyga.lt\/en\/produktas\/nekaltoji-isdavike\/\" \/>\n<meta property=\"og:site_name\" content=\"Skaitytaknyga\" \/>\n<meta property=\"article:publisher\" content=\"https:\/\/www.facebook.com\/skaitytaknyga\/\" \/>\n<meta property=\"article:modified_time\" content=\"2026-03-18T09:02:12+00:00\" \/>\n<meta property=\"og:image\" content=\"https:\/\/skaitytaknyga.lt\/wp-content\/uploads\/2025\/10\/Nekaltoji-isdavike-1.webp\" \/>\n\t<meta property=\"og:image:width\" content=\"300\" \/>\n\t<meta property=\"og:image:height\" content=\"504\" \/>\n\t<meta property=\"og:image:type\" content=\"image\/webp\" \/>\n<meta name=\"twitter:card\" content=\"summary_large_image\" \/>\n<meta name=\"twitter:label1\" content=\"Estimated reading time\" \/>\n\t<meta name=\"twitter:data1\" content=\"2 minutes\" \/>\n<script type=\"application\/ld+json\" class=\"yoast-schema-graph\">{\"@context\":\"https:\/\/schema.org\",\"@graph\":[{\"@type\":\"WebPage\",\"@id\":\"https:\/\/skaitytaknyga.lt\/produktas\/nekaltoji-isdavike\/\",\"url\":\"https:\/\/skaitytaknyga.lt\/produktas\/nekaltoji-isdavike\/\",\"name\":\"Nekaltoji i\u0161davik\u0117\",\"isPartOf\":{\"@id\":\"https:\/\/skaitytaknyga.lt\/#website\"},\"primaryImageOfPage\":{\"@id\":\"https:\/\/skaitytaknyga.lt\/produktas\/nekaltoji-isdavike\/#primaryimage\"},\"image\":{\"@id\":\"https:\/\/skaitytaknyga.lt\/produktas\/nekaltoji-isdavike\/#primaryimage\"},\"thumbnailUrl\":\"https:\/\/skaitytaknyga.lt\/wp-content\/uploads\/2025\/10\/Nekaltoji-isdavike-1.webp\",\"datePublished\":\"2025-10-14T17:20:29+00:00\",\"dateModified\":\"2026-03-18T09:02:12+00:00\",\"description\":\"Esu pasmerkta i\u0161davik\u0117... Tur\u0117siu mirti, nors tik prad\u0117jau gyventi. Ji buvo Anglijos karalien\u0117 9 dienas... Jos istorija gyva jau 500 met\u0173 Ledi D\u017eein\u0117 Grei\",\"breadcrumb\":{\"@id\":\"https:\/\/skaitytaknyga.lt\/produktas\/nekaltoji-isdavike\/#breadcrumb\"},\"inLanguage\":\"en-GB\",\"potentialAction\":[{\"@type\":\"ReadAction\",\"target\":[\"https:\/\/skaitytaknyga.lt\/produktas\/nekaltoji-isdavike\/\"]}]},{\"@type\":\"ImageObject\",\"inLanguage\":\"en-GB\",\"@id\":\"https:\/\/skaitytaknyga.lt\/produktas\/nekaltoji-isdavike\/#primaryimage\",\"url\":\"https:\/\/skaitytaknyga.lt\/wp-content\/uploads\/2025\/10\/Nekaltoji-isdavike-1.webp\",\"contentUrl\":\"https:\/\/skaitytaknyga.lt\/wp-content\/uploads\/2025\/10\/Nekaltoji-isdavike-1.webp\",\"width\":300,\"height\":504,\"caption\":\"Nekaltoji i\u0161davik\u0117\"},{\"@type\":\"BreadcrumbList\",\"@id\":\"https:\/\/skaitytaknyga.lt\/produktas\/nekaltoji-isdavike\/#breadcrumb\",\"itemListElement\":[{\"@type\":\"ListItem\",\"position\":1,\"name\":\"Home\",\"item\":\"https:\/\/skaitytaknyga.lt\/\"},{\"@type\":\"ListItem\",\"position\":2,\"name\":\"Parduotuv\u0117\",\"item\":\"https:\/\/skaitytaknyga.lt\/knygu-parduotuve\/\"},{\"@type\":\"ListItem\",\"position\":3,\"name\":\"Nekaltoji i\u0161davik\u0117\"}]},{\"@type\":\"WebSite\",\"@id\":\"https:\/\/skaitytaknyga.lt\/#website\",\"url\":\"https:\/\/skaitytaknyga.lt\/\",\"name\":\"skaitytaknyga.lt\",\"description\":\"Skaitytaknyga.lt \u2013 tai ma\u017eas \u0161eimos verslas, kuris prasid\u0117jo nuo meil\u0117s knygoms ir siekio i\u0161gelb\u0117ti knygas nuo likimo prie konteinerio. Kas vienam nereikalingas daiktas \u2013 kitam lobis, o mes esame tarpininkai, kurie padeda abiems tapti laimingesniems ???? \u017dinome kaip nelengva i\u0161gyventi ma\u017eiems verslams, tad nuo \u0161iol, \u010dia rasite ir kit\u0173, ma\u017e\u0173 \u0161eim\u0173 versl\u0173, rank\u0173 darbo, dovan\u0173 sau ir artimiesiems.\",\"publisher\":{\"@id\":\"https:\/\/skaitytaknyga.lt\/#organization\"},\"potentialAction\":[{\"@type\":\"SearchAction\",\"target\":{\"@type\":\"EntryPoint\",\"urlTemplate\":\"https:\/\/skaitytaknyga.lt\/?s={search_term_string}\"},\"query-input\":{\"@type\":\"PropertyValueSpecification\",\"valueRequired\":true,\"valueName\":\"search_term_string\"}}],\"inLanguage\":\"en-GB\"},{\"@type\":\"Organization\",\"@id\":\"https:\/\/skaitytaknyga.lt\/#organization\",\"name\":\"skaitytaknyga.lt\",\"url\":\"https:\/\/skaitytaknyga.lt\/\",\"logo\":{\"@type\":\"ImageObject\",\"inLanguage\":\"en-GB\",\"@id\":\"https:\/\/skaitytaknyga.lt\/#\/schema\/logo\/image\/\",\"url\":\"https:\/\/skaitytaknyga.lt\/wp-content\/uploads\/2024\/05\/cropped-cropped-cropped-02_00843_jt3bggkj1j3HLc7SyY6rEUpg.jpeg\",\"contentUrl\":\"https:\/\/skaitytaknyga.lt\/wp-content\/uploads\/2024\/05\/cropped-cropped-cropped-02_00843_jt3bggkj1j3HLc7SyY6rEUpg.jpeg\",\"width\":1600,\"height\":1600,\"caption\":\"skaitytaknyga.lt\"},\"image\":{\"@id\":\"https:\/\/skaitytaknyga.lt\/#\/schema\/logo\/image\/\"},\"sameAs\":[\"https:\/\/www.facebook.com\/skaitytaknyga\/\"]}]}<\/script>\n<!-- \/ Yoast SEO plugin. -->","yoast_head_json":{"title":"Nekaltoji i\u0161davik\u0117","description":"Esu pasmerkta i\u0161davik\u0117... Tur\u0117siu mirti, nors tik prad\u0117jau gyventi. Ji buvo Anglijos karalien\u0117 9 dienas... Jos istorija gyva jau 500 met\u0173 Ledi D\u017eein\u0117 Grei","robots":{"index":"index","follow":"follow","max-snippet":"max-snippet:-1","max-image-preview":"max-image-preview:large","max-video-preview":"max-video-preview:-1"},"canonical":"https:\/\/skaitytaknyga.lt\/en\/produktas\/nekaltoji-isdavike\/","og_locale":"en_GB","og_type":"article","og_title":"[:lt]Nekaltoji i\u0161davik\u0117[:] - Skaitytaknyga","og_description":"Esu pasmerkta i\u0161davik\u0117... Tur\u0117siu mirti, nors tik prad\u0117jau gyventi. Ji buvo Anglijos karalien\u0117 9 dienas... Jos istorija gyva jau 500 met\u0173 Ledi D\u017eein\u0117 Grei","og_url":"https:\/\/skaitytaknyga.lt\/en\/produktas\/nekaltoji-isdavike\/","og_site_name":"Skaitytaknyga","article_publisher":"https:\/\/www.facebook.com\/skaitytaknyga\/","article_modified_time":"2026-03-18T09:02:12+00:00","og_image":[{"width":300,"height":504,"url":"https:\/\/skaitytaknyga.lt\/wp-content\/uploads\/2025\/10\/Nekaltoji-isdavike-1.webp","type":"image\/webp"}],"twitter_card":"summary_large_image","twitter_misc":{"Estimated reading time":"2 minutes"},"schema":{"@context":"https:\/\/schema.org","@graph":[{"@type":"WebPage","@id":"https:\/\/skaitytaknyga.lt\/produktas\/nekaltoji-isdavike\/","url":"https:\/\/skaitytaknyga.lt\/produktas\/nekaltoji-isdavike\/","name":"Nekaltoji i\u0161davik\u0117","isPartOf":{"@id":"https:\/\/skaitytaknyga.lt\/#website"},"primaryImageOfPage":{"@id":"https:\/\/skaitytaknyga.lt\/produktas\/nekaltoji-isdavike\/#primaryimage"},"image":{"@id":"https:\/\/skaitytaknyga.lt\/produktas\/nekaltoji-isdavike\/#primaryimage"},"thumbnailUrl":"https:\/\/skaitytaknyga.lt\/wp-content\/uploads\/2025\/10\/Nekaltoji-isdavike-1.webp","datePublished":"2025-10-14T17:20:29+00:00","dateModified":"2026-03-18T09:02:12+00:00","description":"Esu pasmerkta i\u0161davik\u0117... Tur\u0117siu mirti, nors tik prad\u0117jau gyventi. Ji buvo Anglijos karalien\u0117 9 dienas... Jos istorija gyva jau 500 met\u0173 Ledi D\u017eein\u0117 Grei","breadcrumb":{"@id":"https:\/\/skaitytaknyga.lt\/produktas\/nekaltoji-isdavike\/#breadcrumb"},"inLanguage":"en-GB","potentialAction":[{"@type":"ReadAction","target":["https:\/\/skaitytaknyga.lt\/produktas\/nekaltoji-isdavike\/"]}]},{"@type":"ImageObject","inLanguage":"en-GB","@id":"https:\/\/skaitytaknyga.lt\/produktas\/nekaltoji-isdavike\/#primaryimage","url":"https:\/\/skaitytaknyga.lt\/wp-content\/uploads\/2025\/10\/Nekaltoji-isdavike-1.webp","contentUrl":"https:\/\/skaitytaknyga.lt\/wp-content\/uploads\/2025\/10\/Nekaltoji-isdavike-1.webp","width":300,"height":504,"caption":"Nekaltoji i\u0161davik\u0117"},{"@type":"BreadcrumbList","@id":"https:\/\/skaitytaknyga.lt\/produktas\/nekaltoji-isdavike\/#breadcrumb","itemListElement":[{"@type":"ListItem","position":1,"name":"Home","item":"https:\/\/skaitytaknyga.lt\/"},{"@type":"ListItem","position":2,"name":"Parduotuv\u0117","item":"https:\/\/skaitytaknyga.lt\/knygu-parduotuve\/"},{"@type":"ListItem","position":3,"name":"Nekaltoji i\u0161davik\u0117"}]},{"@type":"WebSite","@id":"https:\/\/skaitytaknyga.lt\/#website","url":"https:\/\/skaitytaknyga.lt\/","name":"skaitytaknyga.lt","description":"Skaitytaknyga.lt \u2013 tai ma\u017eas \u0161eimos verslas, kuris prasid\u0117jo nuo meil\u0117s knygoms ir siekio i\u0161gelb\u0117ti knygas nuo likimo prie konteinerio. Kas vienam nereikalingas daiktas \u2013 kitam lobis, o mes esame tarpininkai, kurie padeda abiems tapti laimingesniems ???? \u017dinome kaip nelengva i\u0161gyventi ma\u017eiems verslams, tad nuo \u0161iol, \u010dia rasite ir kit\u0173, ma\u017e\u0173 \u0161eim\u0173 versl\u0173, rank\u0173 darbo, dovan\u0173 sau ir artimiesiems.","publisher":{"@id":"https:\/\/skaitytaknyga.lt\/#organization"},"potentialAction":[{"@type":"SearchAction","target":{"@type":"EntryPoint","urlTemplate":"https:\/\/skaitytaknyga.lt\/?s={search_term_string}"},"query-input":{"@type":"PropertyValueSpecification","valueRequired":true,"valueName":"search_term_string"}}],"inLanguage":"en-GB"},{"@type":"Organization","@id":"https:\/\/skaitytaknyga.lt\/#organization","name":"skaitytaknyga.lt","url":"https:\/\/skaitytaknyga.lt\/","logo":{"@type":"ImageObject","inLanguage":"en-GB","@id":"https:\/\/skaitytaknyga.lt\/#\/schema\/logo\/image\/","url":"https:\/\/skaitytaknyga.lt\/wp-content\/uploads\/2024\/05\/cropped-cropped-cropped-02_00843_jt3bggkj1j3HLc7SyY6rEUpg.jpeg","contentUrl":"https:\/\/skaitytaknyga.lt\/wp-content\/uploads\/2024\/05\/cropped-cropped-cropped-02_00843_jt3bggkj1j3HLc7SyY6rEUpg.jpeg","width":1600,"height":1600,"caption":"skaitytaknyga.lt"},"image":{"@id":"https:\/\/skaitytaknyga.lt\/#\/schema\/logo\/image\/"},"sameAs":["https:\/\/www.facebook.com\/skaitytaknyga\/"]}]}},"_links":{"self":[{"href":"https:\/\/skaitytaknyga.lt\/en\/wp-json\/wp\/v2\/product\/21526","targetHints":{"allow":["GET"]}}],"collection":[{"href":"https:\/\/skaitytaknyga.lt\/en\/wp-json\/wp\/v2\/product"}],"about":[{"href":"https:\/\/skaitytaknyga.lt\/en\/wp-json\/wp\/v2\/types\/product"}],"replies":[{"embeddable":true,"href":"https:\/\/skaitytaknyga.lt\/en\/wp-json\/wp\/v2\/comments?post=21526"}],"wp:featuredmedia":[{"embeddable":true,"href":"https:\/\/skaitytaknyga.lt\/en\/wp-json\/wp\/v2\/media\/21531"}],"wp:attachment":[{"href":"https:\/\/skaitytaknyga.lt\/en\/wp-json\/wp\/v2\/media?parent=21526"}],"wp:term":[{"taxonomy":"product_brand","embeddable":true,"href":"https:\/\/skaitytaknyga.lt\/en\/wp-json\/wp\/v2\/product_brand?post=21526"},{"taxonomy":"product_cat","embeddable":true,"href":"https:\/\/skaitytaknyga.lt\/en\/wp-json\/wp\/v2\/product_cat?post=21526"},{"taxonomy":"product_tag","embeddable":true,"href":"https:\/\/skaitytaknyga.lt\/en\/wp-json\/wp\/v2\/product_tag?post=21526"}],"curies":[{"name":"wp","href":"https:\/\/api.w.org\/{rel}","templated":true}]}}