{"id":21525,"date":"2025-10-14T20:20:29","date_gmt":"2025-10-14T17:20:29","guid":{"rendered":"https:\/\/skaitytaknyga.lt\/?post_type=product&#038;p=21525"},"modified":"2025-10-15T10:04:34","modified_gmt":"2025-10-15T07:04:34","slug":"leninas","status":"publish","type":"product","link":"https:\/\/skaitytaknyga.lt\/en\/produktas\/leninas\/","title":{"rendered":"Leninas"},"content":{"rendered":"<p>Subyr\u0117jus Soviet\u0173 S\u0105jungai, socializmo gri\u016bt\u012f geriausiai \u012fk\u016bnijo Lenino portret\u0173 ir statul\u0173 pa\u0161alinimas i\u0161 vie\u0161\u0173 viet\u0173. Vis d\u0117lto Spalio revoliucijos vadas iki \u0161i\u0173 dien\u0173 i\u0161lieka viena i\u0161kiliausi\u0173 ir \u012ftakingiausi\u0173 XX a. istorini\u0173 asmenybi\u0173. Neseniai i\u0161slaptinus Centrinio partijos komiteto archyvus, knygos autorius R. Service tapo pirmuoju istoriku pasaulyje, kuris gavo leidim\u0105 tyrin\u0117ti \u0161io politiko bylas ir gal\u0117jo sudaryti pirm\u0105 i\u0161sam\u0173 ir objektyv\u0173 jo portret\u0105. Gautoji med\u017eiaga atskleid\u0117 itin sud\u0117ting\u0105 neeilinio \u017emogaus biografij\u0105. Vien\u0173 neken\u010diamas, kit\u0173 dievinamas revoliucionierius, nenuilstantis m\u0105stytojas, Markso ir Engelso mokym\u0173 interpretacij\u0105 pavert\u0119s dogma. Charizmati\u0161kas partijos vadas ir valstyb\u0117s veik\u0117jas, virt\u0119s stabu. \u017dmogus, gars\u0117j\u0119s tvirta savitvarda ir&#8230; nestabilumo prover\u017eiais. 1870 metais gim\u0119s Vladimiras Ilji\u010dius Uljanovas, mokykl\u0173 inspektoriaus ir gydytojo dukters s\u016bnus, po trisde\u0161imties met\u0173 pasivadin\u0119s Leninu, tapo pagrindine soviet\u0173 revoliucijos varom\u0105ja j\u0117ga, nors tremtyje praleido 24 i\u0161 30 politin\u0117s veiklos met\u0173.<\/p>\n","protected":false},"excerpt":{"rendered":"<p>Subyr\u0117jus Soviet\u0173 S\u0105jungai, socializmo gri\u016bt\u012f geriausiai \u012fk\u016bnijo Lenino portret\u0173 ir statul\u0173 pa\u0161alinimas i\u0161 vie\u0161\u0173 viet\u0173. Vis d\u0117lto Spalio revoliucijos vadas iki \u0161i\u0173 dien\u0173 i\u0161lieka viena i\u0161kiliausi\u0173 ir \u012ftakingiausi\u0173 XX a. istorini\u0173 asmenybi\u0173. Neseniai i\u0161slaptinus Centrinio partijos komiteto archyvus, knygos autorius R. Service tapo pirmuoju istoriku pasaulyje, kuris gavo leidim\u0105 tyrin\u0117ti \u0161io politiko bylas ir gal\u0117jo sudaryti pirm\u0105 i\u0161sam\u0173 ir objektyv\u0173 jo portret\u0105. Gautoji med\u017eiaga atskleid\u0117 itin sud\u0117ting\u0105 neeilinio \u017emogaus biografij\u0105. Vien\u0173 neken\u010diamas, kit\u0173 dievinamas revoliucionierius, nenuilstantis m\u0105stytojas, Markso ir Engelso mokym\u0173 interpretacij\u0105 pavert\u0119s dogma. Charizmati\u0161kas partijos vadas ir valstyb\u0117s veik\u0117jas, virt\u0119s stabu. \u017dmogus, gars\u0117j\u0119s tvirta savitvarda ir&#8230; nestabilumo prover\u017eiais. 1870 metais gim\u0119s Vladimiras Ilji\u010dius Uljanovas, mokykl\u0173 inspektoriaus ir gydytojo dukters s\u016bnus, po trisde\u0161imties met\u0173 pasivadin\u0119s Leninu, tapo pagrindine soviet\u0173 revoliucijos varom\u0105ja j\u0117ga, nors tremtyje praleido 24 i\u0161 30 politin\u0117s veiklos met\u0173.<\/p>\n","protected":false},"featured_media":21530,"comment_status":"open","ping_status":"closed","template":"","meta":{"_acf_changed":false,"site-sidebar-layout":"default","site-content-layout":"","ast-site-content-layout":"default","site-content-style":"default","site-sidebar-style":"default","ast-global-header-display":"","ast-banner-title-visibility":"","ast-main-header-display":"","ast-hfb-above-header-display":"","ast-hfb-below-header-display":"","ast-hfb-mobile-header-display":"","site-post-title":"","ast-breadcrumbs-content":"","ast-featured-img":"","footer-sml-layout":"","ast-disable-related-posts":"","theme-transparent-header-meta":"","adv-header-id-meta":"","stick-header-meta":"","header-above-stick-meta":"","header-main-stick-meta":"","header-below-stick-meta":"","astra-migrate-meta-layouts":"default","ast-page-background-enabled":"default","ast-page-background-meta":{"desktop":{"background-color":"","background-image":"","background-repeat":"repeat","background-position":"center center","background-size":"auto","background-attachment":"scroll","background-type":"","background-media":"","overlay-type":"","overlay-color":"","overlay-opacity":"","overlay-gradient":""},"tablet":{"background-color":"","background-image":"","background-repeat":"repeat","background-position":"center center","background-size":"auto","background-attachment":"scroll","background-type":"","background-media":"","overlay-type":"","overlay-color":"","overlay-opacity":"","overlay-gradient":""},"mobile":{"background-color":"","background-image":"","background-repeat":"repeat","background-position":"center center","background-size":"auto","background-attachment":"scroll","background-type":"","background-media":"","overlay-type":"","overlay-color":"","overlay-opacity":"","overlay-gradient":""}},"ast-content-background-meta":{"desktop":{"background-color":"var(--ast-global-color-4)","background-image":"","background-repeat":"repeat","background-position":"center center","background-size":"auto","background-attachment":"scroll","background-type":"","background-media":"","overlay-type":"","overlay-color":"","overlay-opacity":"","overlay-gradient":""},"tablet":{"background-color":"var(--ast-global-color-4)","background-image":"","background-repeat":"repeat","background-position":"center center","background-size":"auto","background-attachment":"scroll","background-type":"","background-media":"","overlay-type":"","overlay-color":"","overlay-opacity":"","overlay-gradient":""},"mobile":{"background-color":"var(--ast-global-color-4)","background-image":"","background-repeat":"repeat","background-position":"center center","background-size":"auto","background-attachment":"scroll","background-type":"","background-media":"","overlay-type":"","overlay-color":"","overlay-opacity":"","overlay-gradient":""}}},"product_brand":[],"product_cat":[33],"product_tag":[],"class_list":{"0":"post-21525","1":"product","2":"type-product","3":"status-publish","4":"has-post-thumbnail","6":"product_cat-biografijos","7":"desktop-align-left","8":"tablet-align-left","9":"mobile-align-left","11":"first","12":"instock","13":"shipping-taxable","14":"purchasable","15":"product-type-simple"},"acf":[],"yoast_head":"<!-- This site is optimized with the Yoast SEO plugin v27.0 - https:\/\/yoast.com\/product\/yoast-seo-wordpress\/ -->\n<title>Leninas<\/title>\n<meta name=\"description\" content=\"Subyr\u0117jus Soviet\u0173 S\u0105jungai, socializmo gri\u016bt\u012f geriausiai \u012fk\u016bnijo Lenino portret\u0173 ir statul\u0173 pa\u0161alinimas i\u0161 vie\u0161\u0173 viet\u0173. Vis d\u0117lto Spalio revoliucijos\" \/>\n<meta name=\"robots\" content=\"index, follow, max-snippet:-1, max-image-preview:large, max-video-preview:-1\" \/>\n<link rel=\"canonical\" href=\"https:\/\/skaitytaknyga.lt\/en\/produktas\/leninas\/\" \/>\n<meta property=\"og:locale\" content=\"en_GB\" \/>\n<meta property=\"og:locale:alternate\" content=\"lt_LT\" \/>\n<meta property=\"og:type\" content=\"article\" \/>\n<meta property=\"og:title\" content=\"Leninas\" \/>\n<meta property=\"og:description\" content=\"Subyr\u0117jus Soviet\u0173 S\u0105jungai, socializmo gri\u016bt\u012f geriausiai \u012fk\u016bnijo Lenino portret\u0173 ir statul\u0173 pa\u0161alinimas i\u0161 vie\u0161\u0173 viet\u0173. Vis d\u0117lto Spalio revoliucijos\" \/>\n<meta property=\"og:url\" content=\"https:\/\/skaitytaknyga.lt\/en\/produktas\/leninas\/\" \/>\n<meta property=\"og:site_name\" content=\"Skaitytaknyga\" \/>\n<meta property=\"article:publisher\" content=\"https:\/\/www.facebook.com\/skaitytaknyga\/\" \/>\n<meta property=\"article:modified_time\" content=\"2025-10-15T07:04:34+00:00\" \/>\n<meta property=\"og:image\" content=\"https:\/\/skaitytaknyga.lt\/wp-content\/uploads\/2025\/10\/Leninas.jpg\" \/>\n\t<meta property=\"og:image:width\" content=\"295\" \/>\n\t<meta property=\"og:image:height\" content=\"392\" \/>\n\t<meta property=\"og:image:type\" content=\"image\/jpeg\" \/>\n<meta name=\"twitter:card\" content=\"summary_large_image\" \/>\n<meta name=\"twitter:label1\" content=\"Estimated reading time\" \/>\n\t<meta name=\"twitter:data1\" content=\"1 minute\" \/>\n<script type=\"application\/ld+json\" class=\"yoast-schema-graph\">{\"@context\":\"https:\/\/schema.org\",\"@graph\":[{\"@type\":\"WebPage\",\"@id\":\"https:\/\/skaitytaknyga.lt\/produktas\/leninas\/\",\"url\":\"https:\/\/skaitytaknyga.lt\/produktas\/leninas\/\",\"name\":\"Leninas\",\"isPartOf\":{\"@id\":\"https:\/\/skaitytaknyga.lt\/#website\"},\"primaryImageOfPage\":{\"@id\":\"https:\/\/skaitytaknyga.lt\/produktas\/leninas\/#primaryimage\"},\"image\":{\"@id\":\"https:\/\/skaitytaknyga.lt\/produktas\/leninas\/#primaryimage\"},\"thumbnailUrl\":\"https:\/\/skaitytaknyga.lt\/wp-content\/uploads\/2025\/10\/Leninas.jpg\",\"datePublished\":\"2025-10-14T17:20:29+00:00\",\"dateModified\":\"2025-10-15T07:04:34+00:00\",\"description\":\"Subyr\u0117jus Soviet\u0173 S\u0105jungai, socializmo gri\u016bt\u012f geriausiai \u012fk\u016bnijo Lenino portret\u0173 ir statul\u0173 pa\u0161alinimas i\u0161 vie\u0161\u0173 viet\u0173. Vis d\u0117lto Spalio revoliucijos\",\"breadcrumb\":{\"@id\":\"https:\/\/skaitytaknyga.lt\/produktas\/leninas\/#breadcrumb\"},\"inLanguage\":\"en-GB\",\"potentialAction\":[{\"@type\":\"ReadAction\",\"target\":[\"https:\/\/skaitytaknyga.lt\/produktas\/leninas\/\"]}]},{\"@type\":\"ImageObject\",\"inLanguage\":\"en-GB\",\"@id\":\"https:\/\/skaitytaknyga.lt\/produktas\/leninas\/#primaryimage\",\"url\":\"https:\/\/skaitytaknyga.lt\/wp-content\/uploads\/2025\/10\/Leninas.jpg\",\"contentUrl\":\"https:\/\/skaitytaknyga.lt\/wp-content\/uploads\/2025\/10\/Leninas.jpg\",\"width\":295,\"height\":392,\"caption\":\"Leninas\"},{\"@type\":\"BreadcrumbList\",\"@id\":\"https:\/\/skaitytaknyga.lt\/produktas\/leninas\/#breadcrumb\",\"itemListElement\":[{\"@type\":\"ListItem\",\"position\":1,\"name\":\"Home\",\"item\":\"https:\/\/skaitytaknyga.lt\/\"},{\"@type\":\"ListItem\",\"position\":2,\"name\":\"Parduotuv\u0117\",\"item\":\"https:\/\/skaitytaknyga.lt\/knygu-parduotuve\/\"},{\"@type\":\"ListItem\",\"position\":3,\"name\":\"Leninas\"}]},{\"@type\":\"WebSite\",\"@id\":\"https:\/\/skaitytaknyga.lt\/#website\",\"url\":\"https:\/\/skaitytaknyga.lt\/\",\"name\":\"skaitytaknyga.lt\",\"description\":\"Skaitytaknyga.lt \u2013 tai ma\u017eas \u0161eimos verslas, kuris prasid\u0117jo nuo meil\u0117s knygoms ir siekio i\u0161gelb\u0117ti knygas nuo likimo prie konteinerio. Kas vienam nereikalingas daiktas \u2013 kitam lobis, o mes esame tarpininkai, kurie padeda abiems tapti laimingesniems ???? \u017dinome kaip nelengva i\u0161gyventi ma\u017eiems verslams, tad nuo \u0161iol, \u010dia rasite ir kit\u0173, ma\u017e\u0173 \u0161eim\u0173 versl\u0173, rank\u0173 darbo, dovan\u0173 sau ir artimiesiems.\",\"publisher\":{\"@id\":\"https:\/\/skaitytaknyga.lt\/#organization\"},\"potentialAction\":[{\"@type\":\"SearchAction\",\"target\":{\"@type\":\"EntryPoint\",\"urlTemplate\":\"https:\/\/skaitytaknyga.lt\/?s={search_term_string}\"},\"query-input\":{\"@type\":\"PropertyValueSpecification\",\"valueRequired\":true,\"valueName\":\"search_term_string\"}}],\"inLanguage\":\"en-GB\"},{\"@type\":\"Organization\",\"@id\":\"https:\/\/skaitytaknyga.lt\/#organization\",\"name\":\"skaitytaknyga.lt\",\"url\":\"https:\/\/skaitytaknyga.lt\/\",\"logo\":{\"@type\":\"ImageObject\",\"inLanguage\":\"en-GB\",\"@id\":\"https:\/\/skaitytaknyga.lt\/#\/schema\/logo\/image\/\",\"url\":\"https:\/\/skaitytaknyga.lt\/wp-content\/uploads\/2024\/05\/cropped-cropped-cropped-02_00843_jt3bggkj1j3HLc7SyY6rEUpg.jpeg\",\"contentUrl\":\"https:\/\/skaitytaknyga.lt\/wp-content\/uploads\/2024\/05\/cropped-cropped-cropped-02_00843_jt3bggkj1j3HLc7SyY6rEUpg.jpeg\",\"width\":1600,\"height\":1600,\"caption\":\"skaitytaknyga.lt\"},\"image\":{\"@id\":\"https:\/\/skaitytaknyga.lt\/#\/schema\/logo\/image\/\"},\"sameAs\":[\"https:\/\/www.facebook.com\/skaitytaknyga\/\"]}]}<\/script>\n<!-- \/ Yoast SEO plugin. -->","yoast_head_json":{"title":"Leninas","description":"Subyr\u0117jus Soviet\u0173 S\u0105jungai, socializmo gri\u016bt\u012f geriausiai \u012fk\u016bnijo Lenino portret\u0173 ir statul\u0173 pa\u0161alinimas i\u0161 vie\u0161\u0173 viet\u0173. Vis d\u0117lto Spalio revoliucijos","robots":{"index":"index","follow":"follow","max-snippet":"max-snippet:-1","max-image-preview":"max-image-preview:large","max-video-preview":"max-video-preview:-1"},"canonical":"https:\/\/skaitytaknyga.lt\/en\/produktas\/leninas\/","og_locale":"en_GB","og_type":"article","og_title":"[:lt]Leninas[:] - Skaitytaknyga","og_description":"Subyr\u0117jus Soviet\u0173 S\u0105jungai, socializmo gri\u016bt\u012f geriausiai \u012fk\u016bnijo Lenino portret\u0173 ir statul\u0173 pa\u0161alinimas i\u0161 vie\u0161\u0173 viet\u0173. Vis d\u0117lto Spalio revoliucijos","og_url":"https:\/\/skaitytaknyga.lt\/en\/produktas\/leninas\/","og_site_name":"Skaitytaknyga","article_publisher":"https:\/\/www.facebook.com\/skaitytaknyga\/","article_modified_time":"2025-10-15T07:04:34+00:00","og_image":[{"width":295,"height":392,"url":"https:\/\/skaitytaknyga.lt\/wp-content\/uploads\/2025\/10\/Leninas.jpg","type":"image\/jpeg"}],"twitter_card":"summary_large_image","twitter_misc":{"Estimated reading time":"1 minute"},"schema":{"@context":"https:\/\/schema.org","@graph":[{"@type":"WebPage","@id":"https:\/\/skaitytaknyga.lt\/produktas\/leninas\/","url":"https:\/\/skaitytaknyga.lt\/produktas\/leninas\/","name":"Leninas","isPartOf":{"@id":"https:\/\/skaitytaknyga.lt\/#website"},"primaryImageOfPage":{"@id":"https:\/\/skaitytaknyga.lt\/produktas\/leninas\/#primaryimage"},"image":{"@id":"https:\/\/skaitytaknyga.lt\/produktas\/leninas\/#primaryimage"},"thumbnailUrl":"https:\/\/skaitytaknyga.lt\/wp-content\/uploads\/2025\/10\/Leninas.jpg","datePublished":"2025-10-14T17:20:29+00:00","dateModified":"2025-10-15T07:04:34+00:00","description":"Subyr\u0117jus Soviet\u0173 S\u0105jungai, socializmo gri\u016bt\u012f geriausiai \u012fk\u016bnijo Lenino portret\u0173 ir statul\u0173 pa\u0161alinimas i\u0161 vie\u0161\u0173 viet\u0173. Vis d\u0117lto Spalio revoliucijos","breadcrumb":{"@id":"https:\/\/skaitytaknyga.lt\/produktas\/leninas\/#breadcrumb"},"inLanguage":"en-GB","potentialAction":[{"@type":"ReadAction","target":["https:\/\/skaitytaknyga.lt\/produktas\/leninas\/"]}]},{"@type":"ImageObject","inLanguage":"en-GB","@id":"https:\/\/skaitytaknyga.lt\/produktas\/leninas\/#primaryimage","url":"https:\/\/skaitytaknyga.lt\/wp-content\/uploads\/2025\/10\/Leninas.jpg","contentUrl":"https:\/\/skaitytaknyga.lt\/wp-content\/uploads\/2025\/10\/Leninas.jpg","width":295,"height":392,"caption":"Leninas"},{"@type":"BreadcrumbList","@id":"https:\/\/skaitytaknyga.lt\/produktas\/leninas\/#breadcrumb","itemListElement":[{"@type":"ListItem","position":1,"name":"Home","item":"https:\/\/skaitytaknyga.lt\/"},{"@type":"ListItem","position":2,"name":"Parduotuv\u0117","item":"https:\/\/skaitytaknyga.lt\/knygu-parduotuve\/"},{"@type":"ListItem","position":3,"name":"Leninas"}]},{"@type":"WebSite","@id":"https:\/\/skaitytaknyga.lt\/#website","url":"https:\/\/skaitytaknyga.lt\/","name":"skaitytaknyga.lt","description":"Skaitytaknyga.lt \u2013 tai ma\u017eas \u0161eimos verslas, kuris prasid\u0117jo nuo meil\u0117s knygoms ir siekio i\u0161gelb\u0117ti knygas nuo likimo prie konteinerio. Kas vienam nereikalingas daiktas \u2013 kitam lobis, o mes esame tarpininkai, kurie padeda abiems tapti laimingesniems ???? \u017dinome kaip nelengva i\u0161gyventi ma\u017eiems verslams, tad nuo \u0161iol, \u010dia rasite ir kit\u0173, ma\u017e\u0173 \u0161eim\u0173 versl\u0173, rank\u0173 darbo, dovan\u0173 sau ir artimiesiems.","publisher":{"@id":"https:\/\/skaitytaknyga.lt\/#organization"},"potentialAction":[{"@type":"SearchAction","target":{"@type":"EntryPoint","urlTemplate":"https:\/\/skaitytaknyga.lt\/?s={search_term_string}"},"query-input":{"@type":"PropertyValueSpecification","valueRequired":true,"valueName":"search_term_string"}}],"inLanguage":"en-GB"},{"@type":"Organization","@id":"https:\/\/skaitytaknyga.lt\/#organization","name":"skaitytaknyga.lt","url":"https:\/\/skaitytaknyga.lt\/","logo":{"@type":"ImageObject","inLanguage":"en-GB","@id":"https:\/\/skaitytaknyga.lt\/#\/schema\/logo\/image\/","url":"https:\/\/skaitytaknyga.lt\/wp-content\/uploads\/2024\/05\/cropped-cropped-cropped-02_00843_jt3bggkj1j3HLc7SyY6rEUpg.jpeg","contentUrl":"https:\/\/skaitytaknyga.lt\/wp-content\/uploads\/2024\/05\/cropped-cropped-cropped-02_00843_jt3bggkj1j3HLc7SyY6rEUpg.jpeg","width":1600,"height":1600,"caption":"skaitytaknyga.lt"},"image":{"@id":"https:\/\/skaitytaknyga.lt\/#\/schema\/logo\/image\/"},"sameAs":["https:\/\/www.facebook.com\/skaitytaknyga\/"]}]}},"_links":{"self":[{"href":"https:\/\/skaitytaknyga.lt\/en\/wp-json\/wp\/v2\/product\/21525","targetHints":{"allow":["GET"]}}],"collection":[{"href":"https:\/\/skaitytaknyga.lt\/en\/wp-json\/wp\/v2\/product"}],"about":[{"href":"https:\/\/skaitytaknyga.lt\/en\/wp-json\/wp\/v2\/types\/product"}],"replies":[{"embeddable":true,"href":"https:\/\/skaitytaknyga.lt\/en\/wp-json\/wp\/v2\/comments?post=21525"}],"wp:featuredmedia":[{"embeddable":true,"href":"https:\/\/skaitytaknyga.lt\/en\/wp-json\/wp\/v2\/media\/21530"}],"wp:attachment":[{"href":"https:\/\/skaitytaknyga.lt\/en\/wp-json\/wp\/v2\/media?parent=21525"}],"wp:term":[{"taxonomy":"product_brand","embeddable":true,"href":"https:\/\/skaitytaknyga.lt\/en\/wp-json\/wp\/v2\/product_brand?post=21525"},{"taxonomy":"product_cat","embeddable":true,"href":"https:\/\/skaitytaknyga.lt\/en\/wp-json\/wp\/v2\/product_cat?post=21525"},{"taxonomy":"product_tag","embeddable":true,"href":"https:\/\/skaitytaknyga.lt\/en\/wp-json\/wp\/v2\/product_tag?post=21525"}],"curies":[{"name":"wp","href":"https:\/\/api.w.org\/{rel}","templated":true}]}}