{"id":21523,"date":"2025-10-14T20:20:29","date_gmt":"2025-10-14T17:20:29","guid":{"rendered":"https:\/\/skaitytaknyga.lt\/?post_type=product&#038;p=21523"},"modified":"2026-03-05T16:00:45","modified_gmt":"2026-03-05T14:00:45","slug":"melo-pinkles","status":"publish","type":"product","link":"https:\/\/skaitytaknyga.lt\/en\/produktas\/melo-pinkles\/","title":{"rendered":"Melo pinkl\u0117s"},"content":{"rendered":"<p>Hofmanas \u0161\u012f kart\u0105 papra\u0161\u0117 gana keistos paslaugos. Reik\u0117jo baltaod\u017eio, beveik \u0161e\u0161i\u0173 p\u0117d\u0173 \u016bgio vyro, pakankamai raumeningo, kad b\u016bt\u0173 pana\u0161us \u012f tipi\u0161k\u0105 karinink\u0105. Ta\u010diau netur\u0117t\u0173 b\u016bti per daug raumeningas, kad neatrodyt\u0173 kaip pertempta styga. Idealus kandidatas tur\u0117t\u0173 b\u016bti neapipjaustytas. Ir negyvas. Su neprilygstamu \u0161i\u0173 dien\u0173 slapt\u0173j\u0173 tarnyb\u0173 veiklos i\u0161manymu ir auk\u0161\u010diausios klas\u0117s detektyvo ra\u0161ymo talentu, Washington Post redaktoriaus pavaduotojas Davidas Ignatius suk\u016br\u0117 vien\u0105 i\u0161 geriausi\u0173 \u0161nip\u0173 trileri\u0173 apie pasaul\u012f po rugs\u0117jo 11-osios. Subtiliai pindamas sud\u0117ting\u0105 siu\u017eeto linij\u0105 apie sp\u0105stus sp\u0105stuose, Ignatius pasakoja apie Irake su\u017eeist\u0105 idealist\u0105 C\u017dV agent\u0105 Rod\u017eer\u012f Fer\u012f, kur\u012f perkelia dirbti \u012f Jordanij\u0105. Nepavykus sugauti naujus teroro aktus Europoje organizavus\u012f al-Qaeda terorist\u0173 vadeiv\u0105, \u017einom\u0105 Suleimano vardu, Feris organizuoja sud\u0117ting\u0105 operacij\u0105, pasitelkdamas II Pasaulinio karo metu brit\u0173 \u017evalgybos naudot\u0105 klast\u0105. Jis paki\u0161a neegzistavusio C\u017dV agento k\u016bn\u0105, leisdamas suprasti, kad \u0161is neva atliko ne\u012fmanoma \u2013 u\u017everbavo \u0161nip\u0105 terorist\u0173 gretose\u2026 Rizikuodamas prarasti vienintel\u012f draug\u0105 pavoj\u0173 kupinoje Jordanijos sostin\u0117je, Feris \u012fsivelia \u012f kov\u0105, kurioje n\u0117ra nekalt\u0173. Ta\u010diau kai mirties \u017eaidime kat\u0117 ir pel\u0117 susikei\u010dia vietomis, ima ai\u0161k\u0117ti jog draugais pasitik\u0117ti galima ne daugiau, nei prie\u0161ais&#8230; Apie autori\u0173 Dvide\u0161imt penkerius metus i\u0161dirb\u0119s politini\u0173 intrig\u0173 Artimuosiuose Rytuose ap\u017evalgininku, Washington Post redaktoriaus pavaduotojas Davidas Ignatius (g. 1950) i\u0161mano taika ir teisingumu prisidengian\u010di\u0173 operacij\u0173 dinamik\u0105 taip gerai, lyg pats dirbt\u0173 C\u017dV agentu. Susidaro \u012fsp\u016bdis, kad \u017emon\u0117s ir j\u0173 machinacijos \u012ftampos kupiname romane \u201eMelo pinkl\u0117s&#8221; apra\u0161omos i\u0161 asmenin\u0117s patirties. Ra\u0161ytojas su reporterio tikslumu meistri\u0161kai kuria nepaprastai \u012fdom\u0173, \u0161iuolaiki\u0161k\u0105 ir \u012ftikinam\u0105 pasakojim\u0105, nukeldamas mus \u012f \u0161i\u0173 dien\u0173 Jordanij\u0105 ir Irak\u0105. Tai, kas ima ai\u0161k\u0117ti skaitant \u0161\u012f unikal\u0173, \u012ftraukiant\u012f roman\u0105, \u0161okiruoja labiau u\u017e slap\u010diausius speciali\u0173j\u0173 tarnyb\u0173 tardymo metodus: m\u016bs\u0173 civilizuoto pasaulio dominavim\u0105 nutraukti yra kur kas lengviau nei atrodo i\u0161 pirmo \u017evilgsnio. Tarptautinis terorizmas, slaptoji C\u017dV tarnyb\u0173 veikla, karas Irake, terorist\u0173 planuojami i\u0161puoliai Europoje ir neskelbiami \u012ftakingiausi\u0173 pasaulio vadov\u0173 susitarimai \u2013 viskas susipina pavojingai realistin\u0117je romano \u201eMelo pinkl\u0117s&#8221; ekranizacijoje, kuri\u0105 re\u017eisavo Ridley Scottas, o pagrindinius vaidmenis suk\u016br\u0117 Leonardas DiCaprio ir Russellas Crowe\u2019as.<\/p>\n","protected":false},"excerpt":{"rendered":"<p>Hofmanas \u0161\u012f kart\u0105 papra\u0161\u0117 gana keistos paslaugos. Reik\u0117jo baltaod\u017eio, beveik \u0161e\u0161i\u0173 p\u0117d\u0173 \u016bgio vyro, pakankamai raumeningo, kad b\u016bt\u0173 pana\u0161us \u012f tipi\u0161k\u0105 karinink\u0105. Ta\u010diau netur\u0117t\u0173 b\u016bti per daug raumeningas, kad neatrodyt\u0173 kaip pertempta styga. Idealus kandidatas tur\u0117t\u0173 b\u016bti neapipjaustytas. Ir negyvas. Su neprilygstamu \u0161i\u0173 dien\u0173 slapt\u0173j\u0173 tarnyb\u0173 veiklos i\u0161manymu ir auk\u0161\u010diausios klas\u0117s detektyvo ra\u0161ymo talentu, Washington Post redaktoriaus pavaduotojas Davidas Ignatius suk\u016br\u0117 vien\u0105 i\u0161 geriausi\u0173 \u0161nip\u0173 trileri\u0173 apie pasaul\u012f po rugs\u0117jo 11-osios. Subtiliai pindamas sud\u0117ting\u0105 siu\u017eeto linij\u0105 apie sp\u0105stus sp\u0105stuose, Ignatius pasakoja apie Irake su\u017eeist\u0105 idealist\u0105 C\u017dV agent\u0105 Rod\u017eer\u012f Fer\u012f, kur\u012f perkelia dirbti \u012f Jordanij\u0105. Nepavykus sugauti naujus teroro aktus Europoje organizavus\u012f al-Qaeda terorist\u0173 vadeiv\u0105, \u017einom\u0105 Suleimano vardu, Feris organizuoja sud\u0117ting\u0105 operacij\u0105, pasitelkdamas II Pasaulinio karo metu brit\u0173 \u017evalgybos naudot\u0105 klast\u0105. Jis paki\u0161a neegzistavusio C\u017dV agento k\u016bn\u0105, leisdamas suprasti, kad \u0161is neva atliko ne\u012fmanoma \u2013 u\u017everbavo \u0161nip\u0105 terorist\u0173 gretose\u2026 Rizikuodamas prarasti vienintel\u012f draug\u0105 pavoj\u0173 kupinoje Jordanijos sostin\u0117je, Feris \u012fsivelia \u012f kov\u0105, kurioje n\u0117ra nekalt\u0173. Ta\u010diau kai mirties \u017eaidime kat\u0117 ir pel\u0117 susikei\u010dia vietomis, ima ai\u0161k\u0117ti jog draugais pasitik\u0117ti galima ne daugiau, nei prie\u0161ais&#8230; Apie autori\u0173 Dvide\u0161imt penkerius metus i\u0161dirb\u0119s politini\u0173 intrig\u0173 Artimuosiuose Rytuose ap\u017evalgininku, Washington Post redaktoriaus pavaduotojas Davidas Ignatius (g. 1950) i\u0161mano taika ir teisingumu prisidengian\u010di\u0173 operacij\u0173 dinamik\u0105 taip gerai, lyg pats dirbt\u0173 C\u017dV agentu. Susidaro \u012fsp\u016bdis, kad \u017emon\u0117s ir j\u0173 machinacijos \u012ftampos kupiname romane \u201eMelo pinkl\u0117s&#8221; apra\u0161omos i\u0161 asmenin\u0117s patirties. Ra\u0161ytojas su reporterio tikslumu meistri\u0161kai kuria nepaprastai \u012fdom\u0173, \u0161iuolaiki\u0161k\u0105 ir \u012ftikinam\u0105 pasakojim\u0105, nukeldamas mus \u012f \u0161i\u0173 dien\u0173 Jordanij\u0105 ir Irak\u0105. Tai, kas ima ai\u0161k\u0117ti skaitant \u0161\u012f unikal\u0173, \u012ftraukiant\u012f roman\u0105, \u0161okiruoja labiau u\u017e slap\u010diausius speciali\u0173j\u0173 tarnyb\u0173 tardymo metodus: m\u016bs\u0173 civilizuoto pasaulio dominavim\u0105 nutraukti yra kur kas lengviau nei atrodo i\u0161 pirmo \u017evilgsnio. Tarptautinis terorizmas, slaptoji C\u017dV tarnyb\u0173 veikla, karas Irake, terorist\u0173 planuojami i\u0161puoliai Europoje ir neskelbiami \u012ftakingiausi\u0173 pasaulio vadov\u0173 susitarimai \u2013 viskas susipina pavojingai realistin\u0117je romano \u201eMelo pinkl\u0117s&#8221; ekranizacijoje, kuri\u0105 re\u017eisavo Ridley Scottas, o pagrindinius vaidmenis suk\u016br\u0117 Leonardas DiCaprio ir Russellas Crowe\u2019as.<\/p>\n","protected":false},"featured_media":21528,"comment_status":"open","ping_status":"closed","template":"","meta":{"_acf_changed":false,"site-sidebar-layout":"default","site-content-layout":"","ast-site-content-layout":"default","site-content-style":"default","site-sidebar-style":"default","ast-global-header-display":"","ast-banner-title-visibility":"","ast-main-header-display":"","ast-hfb-above-header-display":"","ast-hfb-below-header-display":"","ast-hfb-mobile-header-display":"","site-post-title":"","ast-breadcrumbs-content":"","ast-featured-img":"","footer-sml-layout":"","ast-disable-related-posts":"","theme-transparent-header-meta":"","adv-header-id-meta":"","stick-header-meta":"","header-above-stick-meta":"","header-main-stick-meta":"","header-below-stick-meta":"","astra-migrate-meta-layouts":"default","ast-page-background-enabled":"default","ast-page-background-meta":{"desktop":{"background-color":"","background-image":"","background-repeat":"repeat","background-position":"center center","background-size":"auto","background-attachment":"scroll","background-type":"","background-media":"","overlay-type":"","overlay-color":"","overlay-opacity":"","overlay-gradient":""},"tablet":{"background-color":"","background-image":"","background-repeat":"repeat","background-position":"center center","background-size":"auto","background-attachment":"scroll","background-type":"","background-media":"","overlay-type":"","overlay-color":"","overlay-opacity":"","overlay-gradient":""},"mobile":{"background-color":"","background-image":"","background-repeat":"repeat","background-position":"center center","background-size":"auto","background-attachment":"scroll","background-type":"","background-media":"","overlay-type":"","overlay-color":"","overlay-opacity":"","overlay-gradient":""}},"ast-content-background-meta":{"desktop":{"background-color":"var(--ast-global-color-4)","background-image":"","background-repeat":"repeat","background-position":"center center","background-size":"auto","background-attachment":"scroll","background-type":"","background-media":"","overlay-type":"","overlay-color":"","overlay-opacity":"","overlay-gradient":""},"tablet":{"background-color":"var(--ast-global-color-4)","background-image":"","background-repeat":"repeat","background-position":"center center","background-size":"auto","background-attachment":"scroll","background-type":"","background-media":"","overlay-type":"","overlay-color":"","overlay-opacity":"","overlay-gradient":""},"mobile":{"background-color":"var(--ast-global-color-4)","background-image":"","background-repeat":"repeat","background-position":"center center","background-size":"auto","background-attachment":"scroll","background-type":"","background-media":"","overlay-type":"","overlay-color":"","overlay-opacity":"","overlay-gradient":""}}},"product_brand":[],"product_cat":[9581],"product_tag":[],"class_list":{"0":"post-21523","1":"product","2":"type-product","3":"status-publish","4":"has-post-thumbnail","6":"product_cat-kriminaliniai-romanai","7":"desktop-align-left","8":"tablet-align-left","9":"mobile-align-left","11":"first","12":"instock","13":"shipping-taxable","14":"purchasable","15":"product-type-simple"},"acf":[],"yoast_head":"<!-- This site is optimized with the Yoast SEO plugin v27.0 - https:\/\/yoast.com\/product\/yoast-seo-wordpress\/ -->\n<title>Melo pinkl\u0117s<\/title>\n<meta name=\"description\" content=\"Hofmanas \u0161\u012f kart\u0105 papra\u0161\u0117 gana keistos paslaugos. Reik\u0117jo baltaod\u017eio, beveik \u0161e\u0161i\u0173 p\u0117d\u0173 \u016bgio vyro, pakankamai raumeningo, kad b\u016bt\u0173 pana\u0161us \u012f tipi\u0161k\u0105\" \/>\n<meta name=\"robots\" content=\"index, follow, max-snippet:-1, max-image-preview:large, max-video-preview:-1\" \/>\n<link rel=\"canonical\" href=\"https:\/\/skaitytaknyga.lt\/en\/produktas\/melo-pinkles\/\" \/>\n<meta property=\"og:locale\" content=\"en_GB\" \/>\n<meta property=\"og:locale:alternate\" content=\"lt_LT\" \/>\n<meta property=\"og:type\" content=\"article\" \/>\n<meta property=\"og:title\" content=\"Melo pinkl\u0117s\" \/>\n<meta property=\"og:description\" content=\"Hofmanas \u0161\u012f kart\u0105 papra\u0161\u0117 gana keistos paslaugos. Reik\u0117jo baltaod\u017eio, beveik \u0161e\u0161i\u0173 p\u0117d\u0173 \u016bgio vyro, pakankamai raumeningo, kad b\u016bt\u0173 pana\u0161us \u012f tipi\u0161k\u0105\" \/>\n<meta property=\"og:url\" content=\"https:\/\/skaitytaknyga.lt\/en\/produktas\/melo-pinkles\/\" \/>\n<meta property=\"og:site_name\" content=\"Skaitytaknyga\" \/>\n<meta property=\"article:publisher\" content=\"https:\/\/www.facebook.com\/skaitytaknyga\/\" \/>\n<meta property=\"article:modified_time\" content=\"2026-03-05T14:00:45+00:00\" \/>\n<meta property=\"og:image\" content=\"https:\/\/skaitytaknyga.lt\/wp-content\/uploads\/2025\/10\/Melo-pinkles-1.webp\" \/>\n\t<meta property=\"og:image:width\" content=\"300\" \/>\n\t<meta property=\"og:image:height\" content=\"508\" \/>\n\t<meta property=\"og:image:type\" content=\"image\/webp\" \/>\n<meta name=\"twitter:card\" content=\"summary_large_image\" \/>\n<meta name=\"twitter:label1\" content=\"Estimated reading time\" \/>\n\t<meta name=\"twitter:data1\" content=\"2 minutes\" \/>\n<script type=\"application\/ld+json\" class=\"yoast-schema-graph\">{\"@context\":\"https:\/\/schema.org\",\"@graph\":[{\"@type\":\"WebPage\",\"@id\":\"https:\/\/skaitytaknyga.lt\/produktas\/melo-pinkles\/\",\"url\":\"https:\/\/skaitytaknyga.lt\/produktas\/melo-pinkles\/\",\"name\":\"Melo pinkl\u0117s\",\"isPartOf\":{\"@id\":\"https:\/\/skaitytaknyga.lt\/#website\"},\"primaryImageOfPage\":{\"@id\":\"https:\/\/skaitytaknyga.lt\/produktas\/melo-pinkles\/#primaryimage\"},\"image\":{\"@id\":\"https:\/\/skaitytaknyga.lt\/produktas\/melo-pinkles\/#primaryimage\"},\"thumbnailUrl\":\"https:\/\/skaitytaknyga.lt\/wp-content\/uploads\/2025\/10\/Melo-pinkles-1.webp\",\"datePublished\":\"2025-10-14T17:20:29+00:00\",\"dateModified\":\"2026-03-05T14:00:45+00:00\",\"description\":\"Hofmanas \u0161\u012f kart\u0105 papra\u0161\u0117 gana keistos paslaugos. Reik\u0117jo baltaod\u017eio, beveik \u0161e\u0161i\u0173 p\u0117d\u0173 \u016bgio vyro, pakankamai raumeningo, kad b\u016bt\u0173 pana\u0161us \u012f tipi\u0161k\u0105\",\"breadcrumb\":{\"@id\":\"https:\/\/skaitytaknyga.lt\/produktas\/melo-pinkles\/#breadcrumb\"},\"inLanguage\":\"en-GB\",\"potentialAction\":[{\"@type\":\"ReadAction\",\"target\":[\"https:\/\/skaitytaknyga.lt\/produktas\/melo-pinkles\/\"]}]},{\"@type\":\"ImageObject\",\"inLanguage\":\"en-GB\",\"@id\":\"https:\/\/skaitytaknyga.lt\/produktas\/melo-pinkles\/#primaryimage\",\"url\":\"https:\/\/skaitytaknyga.lt\/wp-content\/uploads\/2025\/10\/Melo-pinkles-1.webp\",\"contentUrl\":\"https:\/\/skaitytaknyga.lt\/wp-content\/uploads\/2025\/10\/Melo-pinkles-1.webp\",\"width\":300,\"height\":508,\"caption\":\"Melo pinkl\u0117s\"},{\"@type\":\"BreadcrumbList\",\"@id\":\"https:\/\/skaitytaknyga.lt\/produktas\/melo-pinkles\/#breadcrumb\",\"itemListElement\":[{\"@type\":\"ListItem\",\"position\":1,\"name\":\"Home\",\"item\":\"https:\/\/skaitytaknyga.lt\/\"},{\"@type\":\"ListItem\",\"position\":2,\"name\":\"Parduotuv\u0117\",\"item\":\"https:\/\/skaitytaknyga.lt\/knygu-parduotuve\/\"},{\"@type\":\"ListItem\",\"position\":3,\"name\":\"Melo pinkl\u0117s\"}]},{\"@type\":\"WebSite\",\"@id\":\"https:\/\/skaitytaknyga.lt\/#website\",\"url\":\"https:\/\/skaitytaknyga.lt\/\",\"name\":\"skaitytaknyga.lt\",\"description\":\"Skaitytaknyga.lt \u2013 tai ma\u017eas \u0161eimos verslas, kuris prasid\u0117jo nuo meil\u0117s knygoms ir siekio i\u0161gelb\u0117ti knygas nuo likimo prie konteinerio. Kas vienam nereikalingas daiktas \u2013 kitam lobis, o mes esame tarpininkai, kurie padeda abiems tapti laimingesniems ???? \u017dinome kaip nelengva i\u0161gyventi ma\u017eiems verslams, tad nuo \u0161iol, \u010dia rasite ir kit\u0173, ma\u017e\u0173 \u0161eim\u0173 versl\u0173, rank\u0173 darbo, dovan\u0173 sau ir artimiesiems.\",\"publisher\":{\"@id\":\"https:\/\/skaitytaknyga.lt\/#organization\"},\"potentialAction\":[{\"@type\":\"SearchAction\",\"target\":{\"@type\":\"EntryPoint\",\"urlTemplate\":\"https:\/\/skaitytaknyga.lt\/?s={search_term_string}\"},\"query-input\":{\"@type\":\"PropertyValueSpecification\",\"valueRequired\":true,\"valueName\":\"search_term_string\"}}],\"inLanguage\":\"en-GB\"},{\"@type\":\"Organization\",\"@id\":\"https:\/\/skaitytaknyga.lt\/#organization\",\"name\":\"skaitytaknyga.lt\",\"url\":\"https:\/\/skaitytaknyga.lt\/\",\"logo\":{\"@type\":\"ImageObject\",\"inLanguage\":\"en-GB\",\"@id\":\"https:\/\/skaitytaknyga.lt\/#\/schema\/logo\/image\/\",\"url\":\"https:\/\/skaitytaknyga.lt\/wp-content\/uploads\/2024\/05\/cropped-cropped-cropped-02_00843_jt3bggkj1j3HLc7SyY6rEUpg.jpeg\",\"contentUrl\":\"https:\/\/skaitytaknyga.lt\/wp-content\/uploads\/2024\/05\/cropped-cropped-cropped-02_00843_jt3bggkj1j3HLc7SyY6rEUpg.jpeg\",\"width\":1600,\"height\":1600,\"caption\":\"skaitytaknyga.lt\"},\"image\":{\"@id\":\"https:\/\/skaitytaknyga.lt\/#\/schema\/logo\/image\/\"},\"sameAs\":[\"https:\/\/www.facebook.com\/skaitytaknyga\/\"]}]}<\/script>\n<!-- \/ Yoast SEO plugin. -->","yoast_head_json":{"title":"Melo pinkl\u0117s","description":"Hofmanas \u0161\u012f kart\u0105 papra\u0161\u0117 gana keistos paslaugos. Reik\u0117jo baltaod\u017eio, beveik \u0161e\u0161i\u0173 p\u0117d\u0173 \u016bgio vyro, pakankamai raumeningo, kad b\u016bt\u0173 pana\u0161us \u012f tipi\u0161k\u0105","robots":{"index":"index","follow":"follow","max-snippet":"max-snippet:-1","max-image-preview":"max-image-preview:large","max-video-preview":"max-video-preview:-1"},"canonical":"https:\/\/skaitytaknyga.lt\/en\/produktas\/melo-pinkles\/","og_locale":"en_GB","og_type":"article","og_title":"[:lt]Melo pinkl\u0117s[:] - Skaitytaknyga","og_description":"Hofmanas \u0161\u012f kart\u0105 papra\u0161\u0117 gana keistos paslaugos. Reik\u0117jo baltaod\u017eio, beveik \u0161e\u0161i\u0173 p\u0117d\u0173 \u016bgio vyro, pakankamai raumeningo, kad b\u016bt\u0173 pana\u0161us \u012f tipi\u0161k\u0105","og_url":"https:\/\/skaitytaknyga.lt\/en\/produktas\/melo-pinkles\/","og_site_name":"Skaitytaknyga","article_publisher":"https:\/\/www.facebook.com\/skaitytaknyga\/","article_modified_time":"2026-03-05T14:00:45+00:00","og_image":[{"width":300,"height":508,"url":"https:\/\/skaitytaknyga.lt\/wp-content\/uploads\/2025\/10\/Melo-pinkles-1.webp","type":"image\/webp"}],"twitter_card":"summary_large_image","twitter_misc":{"Estimated reading time":"2 minutes"},"schema":{"@context":"https:\/\/schema.org","@graph":[{"@type":"WebPage","@id":"https:\/\/skaitytaknyga.lt\/produktas\/melo-pinkles\/","url":"https:\/\/skaitytaknyga.lt\/produktas\/melo-pinkles\/","name":"Melo pinkl\u0117s","isPartOf":{"@id":"https:\/\/skaitytaknyga.lt\/#website"},"primaryImageOfPage":{"@id":"https:\/\/skaitytaknyga.lt\/produktas\/melo-pinkles\/#primaryimage"},"image":{"@id":"https:\/\/skaitytaknyga.lt\/produktas\/melo-pinkles\/#primaryimage"},"thumbnailUrl":"https:\/\/skaitytaknyga.lt\/wp-content\/uploads\/2025\/10\/Melo-pinkles-1.webp","datePublished":"2025-10-14T17:20:29+00:00","dateModified":"2026-03-05T14:00:45+00:00","description":"Hofmanas \u0161\u012f kart\u0105 papra\u0161\u0117 gana keistos paslaugos. Reik\u0117jo baltaod\u017eio, beveik \u0161e\u0161i\u0173 p\u0117d\u0173 \u016bgio vyro, pakankamai raumeningo, kad b\u016bt\u0173 pana\u0161us \u012f tipi\u0161k\u0105","breadcrumb":{"@id":"https:\/\/skaitytaknyga.lt\/produktas\/melo-pinkles\/#breadcrumb"},"inLanguage":"en-GB","potentialAction":[{"@type":"ReadAction","target":["https:\/\/skaitytaknyga.lt\/produktas\/melo-pinkles\/"]}]},{"@type":"ImageObject","inLanguage":"en-GB","@id":"https:\/\/skaitytaknyga.lt\/produktas\/melo-pinkles\/#primaryimage","url":"https:\/\/skaitytaknyga.lt\/wp-content\/uploads\/2025\/10\/Melo-pinkles-1.webp","contentUrl":"https:\/\/skaitytaknyga.lt\/wp-content\/uploads\/2025\/10\/Melo-pinkles-1.webp","width":300,"height":508,"caption":"Melo pinkl\u0117s"},{"@type":"BreadcrumbList","@id":"https:\/\/skaitytaknyga.lt\/produktas\/melo-pinkles\/#breadcrumb","itemListElement":[{"@type":"ListItem","position":1,"name":"Home","item":"https:\/\/skaitytaknyga.lt\/"},{"@type":"ListItem","position":2,"name":"Parduotuv\u0117","item":"https:\/\/skaitytaknyga.lt\/knygu-parduotuve\/"},{"@type":"ListItem","position":3,"name":"Melo pinkl\u0117s"}]},{"@type":"WebSite","@id":"https:\/\/skaitytaknyga.lt\/#website","url":"https:\/\/skaitytaknyga.lt\/","name":"skaitytaknyga.lt","description":"Skaitytaknyga.lt \u2013 tai ma\u017eas \u0161eimos verslas, kuris prasid\u0117jo nuo meil\u0117s knygoms ir siekio i\u0161gelb\u0117ti knygas nuo likimo prie konteinerio. Kas vienam nereikalingas daiktas \u2013 kitam lobis, o mes esame tarpininkai, kurie padeda abiems tapti laimingesniems ???? \u017dinome kaip nelengva i\u0161gyventi ma\u017eiems verslams, tad nuo \u0161iol, \u010dia rasite ir kit\u0173, ma\u017e\u0173 \u0161eim\u0173 versl\u0173, rank\u0173 darbo, dovan\u0173 sau ir artimiesiems.","publisher":{"@id":"https:\/\/skaitytaknyga.lt\/#organization"},"potentialAction":[{"@type":"SearchAction","target":{"@type":"EntryPoint","urlTemplate":"https:\/\/skaitytaknyga.lt\/?s={search_term_string}"},"query-input":{"@type":"PropertyValueSpecification","valueRequired":true,"valueName":"search_term_string"}}],"inLanguage":"en-GB"},{"@type":"Organization","@id":"https:\/\/skaitytaknyga.lt\/#organization","name":"skaitytaknyga.lt","url":"https:\/\/skaitytaknyga.lt\/","logo":{"@type":"ImageObject","inLanguage":"en-GB","@id":"https:\/\/skaitytaknyga.lt\/#\/schema\/logo\/image\/","url":"https:\/\/skaitytaknyga.lt\/wp-content\/uploads\/2024\/05\/cropped-cropped-cropped-02_00843_jt3bggkj1j3HLc7SyY6rEUpg.jpeg","contentUrl":"https:\/\/skaitytaknyga.lt\/wp-content\/uploads\/2024\/05\/cropped-cropped-cropped-02_00843_jt3bggkj1j3HLc7SyY6rEUpg.jpeg","width":1600,"height":1600,"caption":"skaitytaknyga.lt"},"image":{"@id":"https:\/\/skaitytaknyga.lt\/#\/schema\/logo\/image\/"},"sameAs":["https:\/\/www.facebook.com\/skaitytaknyga\/"]}]}},"_links":{"self":[{"href":"https:\/\/skaitytaknyga.lt\/en\/wp-json\/wp\/v2\/product\/21523","targetHints":{"allow":["GET"]}}],"collection":[{"href":"https:\/\/skaitytaknyga.lt\/en\/wp-json\/wp\/v2\/product"}],"about":[{"href":"https:\/\/skaitytaknyga.lt\/en\/wp-json\/wp\/v2\/types\/product"}],"replies":[{"embeddable":true,"href":"https:\/\/skaitytaknyga.lt\/en\/wp-json\/wp\/v2\/comments?post=21523"}],"wp:featuredmedia":[{"embeddable":true,"href":"https:\/\/skaitytaknyga.lt\/en\/wp-json\/wp\/v2\/media\/21528"}],"wp:attachment":[{"href":"https:\/\/skaitytaknyga.lt\/en\/wp-json\/wp\/v2\/media?parent=21523"}],"wp:term":[{"taxonomy":"product_brand","embeddable":true,"href":"https:\/\/skaitytaknyga.lt\/en\/wp-json\/wp\/v2\/product_brand?post=21523"},{"taxonomy":"product_cat","embeddable":true,"href":"https:\/\/skaitytaknyga.lt\/en\/wp-json\/wp\/v2\/product_cat?post=21523"},{"taxonomy":"product_tag","embeddable":true,"href":"https:\/\/skaitytaknyga.lt\/en\/wp-json\/wp\/v2\/product_tag?post=21523"}],"curies":[{"name":"wp","href":"https:\/\/api.w.org\/{rel}","templated":true}]}}