{"id":21513,"date":"2025-10-14T19:23:43","date_gmt":"2025-10-14T16:23:43","guid":{"rendered":"https:\/\/skaitytaknyga.lt\/?post_type=product&#038;p=21513"},"modified":"2026-03-18T11:02:12","modified_gmt":"2026-03-18T09:02:12","slug":"karalienes-sesuo-paklijuotas-kampas","status":"publish","type":"product","link":"https:\/\/skaitytaknyga.lt\/en\/produktas\/karalienes-sesuo-paklijuotas-kampas\/","title":{"rendered":"Karalien\u0117s sesuo (paklijuotas kampas)"},"content":{"rendered":"<p>Dvi seserys, kovojan\u010dios d\u0117l vieno vyro \u0161irdies. Tas vyras \u2013 Anglijos karalius Henrikas VIII.<br \/>\nIstorinis romanas su realiomis asmenyb\u0117mis, kupinas tamsiausi\u0173 dvaro intrig\u0173 ir nupl\u0117\u0161iantis romantikos kauk\u0119 nuo Anglijos karali\u0161k\u0173j\u0173 \u0161akn\u0173 \u2013 Philippos Gregory 500 puslapi\u0173 \u0161edevras \u201eKaralien\u0117s sesuo\u201c, kur\u012f lietuvi\u0161kai ruden\u012f i\u0161leido leidykla OBUOLYS, yra pripa\u017eintas bestseleris abiejose Atlanto pus\u0117se. Beje, vos pasirod\u0119s Lietuvoje, jis i\u0161 karto debiutavo perkamiausi\u0173j\u0173 knyg\u0173 de\u0161imtukuose \u201eBalt\u0173 lank\u0173\u201c ir \u201eVagos\u201c knygynuose.<br \/>\nBrit\u0173 ra\u0161ytoja Philippa Gregory (g. 1954 m.) yra pripa\u017einta istorinio romano specialist\u0117. Jos garsiausias k\u016brinys \u2013 romanas \u201eKaralien\u0117s sesuo\u201c. Jis tapo bestseleriu Anglijoje, o po to \u2013 ir Amerikoje bei daugelyje pasaulio \u0161ali\u0173. Romanas tarp kit\u0173 apdovanojim\u0173 buvo Pripa\u017eintas Met\u0173 knyga.<br \/>\nDar prie\u0161 Anai Bolein tampant Henriko VIII \u017emona, jos jaunesnioji sesuo Mer\u0117 buvo karaliaus meilu\u017e\u0117. Dviej\u0173 seser\u0173 konkurencija tapo pagrindine i\u0161ties \u012fsp\u016bdingos knygos a\u0161imi. Miela \u0161viesiaplauk\u0117 Mer\u0117 tampa Henriko VIII favorite vos b\u016bdama keturiolikos ir jau i\u0161tekinta u\u017e vieno i\u0161 valdovo dvari\u0161ki\u0173. Audringas poros romanas t\u0119siasi kelet\u0105 met\u0173. Mer\u0117 Bolein pagimdo karaliui dukr\u0105 ir s\u016bn\u0173.<br \/>\nTuomet scenoje pasirodo antroji sesuo. Tamsiaplauk\u0117 protinga ir klastinga Ana ilgainiui taip pat patenka Henriko malon\u0117n, tapdama jo patar\u0117ja ir artima bi\u010diule. Nesunku nusp\u0117ti, jog greitai ji pakei\u010dia Mer\u0119, tampa karaliaus meilu\u017ee ir griebiasi vis\u0173 \u012fmanom\u0173 intrig\u0173, kad atsikratyt\u0173 teis\u0117ta Henriko \u017emona&#8230;<br \/>\nPer trumpiau nei penkerius metus Philippos Gregory romanas \u201eKaralien\u0117s sesuo\u201c jau antr\u0105 kart\u0105 virto filmu. 2003 metais BBC suk\u016br\u0117 televizin\u0119 to paties pavadinimo sag\u0105. Intriguojantis siu\u017eetas apie dvi d\u0117l to paties karaliaus d\u0117mesio besivar\u017ean\u010dias seseris, kuri\u0173 viena v\u0117liau pagimdys bene garsiausi\u0105 Did\u017eiosios Britanijos karalien\u0119 El\u017ebiet\u0105 I-\u0105j\u0105, pritrauk\u0117 ir tarptautini\u0173 kino k\u016br\u0117j\u0173 d\u0117mes\u012f.<br \/>\nNaujausioje kino juostoje pagrindinius vaidmenis atliko Natalie Portman (Ana Bolein), Scarlett Johansen (Mer\u0117 Bolein) ir Ericas Bana (Henrikas VIII). Filmui scenarij\u0173 pagal roman\u0105 para\u0161\u0117 pripa\u017eintas angl\u0173 scenaristas Peteris Morganas, kuriam brit\u0173 monarchijos kuluarai labai gerai \u017einomi \u2013 jis yra para\u0161\u0119s filmo \u201eHenrikas VIII\u201c, \u201ePaskutinis \u0160kotijos karalius\u201c scenarijus, taip pat \u2013 pernai pla\u010diai nuskamb\u0117jusio filmo \u201eKaralien\u0117\u201c scenarij\u0173.<\/p>\n","protected":false},"excerpt":{"rendered":"<p>Dvi seserys, kovojan\u010dios d\u0117l vieno vyro \u0161irdies. Tas vyras \u2013 Anglijos karalius Henrikas VIII. Istorinis romanas su realiomis asmenyb\u0117mis, kupinas tamsiausi\u0173 dvaro intrig\u0173 ir nupl\u0117\u0161iantis romantikos kauk\u0119 nuo Anglijos karali\u0161k\u0173j\u0173 \u0161akn\u0173 \u2013 Philippos Gregory 500 puslapi\u0173 \u0161edevras \u201eKaralien\u0117s sesuo\u201c, kur\u012f lietuvi\u0161kai ruden\u012f i\u0161leido leidykla OBUOLYS, yra pripa\u017eintas bestseleris abiejose Atlanto pus\u0117se. Beje, vos pasirod\u0119s Lietuvoje, jis i\u0161 karto debiutavo perkamiausi\u0173j\u0173 knyg\u0173 de\u0161imtukuose \u201eBalt\u0173 lank\u0173\u201c ir \u201eVagos\u201c knygynuose. Brit\u0173 ra\u0161ytoja Philippa Gregory (g. 1954 m.) yra pripa\u017einta istorinio romano specialist\u0117. Jos garsiausias k\u016brinys \u2013 romanas \u201eKaralien\u0117s sesuo\u201c. Jis tapo bestseleriu Anglijoje, o po to \u2013 ir Amerikoje bei daugelyje pasaulio \u0161ali\u0173. Romanas tarp kit\u0173 apdovanojim\u0173 buvo Pripa\u017eintas Met\u0173 knyga. Dar prie\u0161 Anai Bolein tampant Henriko VIII \u017emona, jos jaunesnioji sesuo Mer\u0117 buvo karaliaus meilu\u017e\u0117. Dviej\u0173 seser\u0173 konkurencija tapo pagrindine i\u0161ties \u012fsp\u016bdingos knygos a\u0161imi. Miela \u0161viesiaplauk\u0117 Mer\u0117 tampa Henriko VIII favorite vos b\u016bdama keturiolikos ir jau i\u0161tekinta u\u017e vieno i\u0161 valdovo dvari\u0161ki\u0173. Audringas poros romanas t\u0119siasi kelet\u0105 met\u0173. Mer\u0117 Bolein pagimdo karaliui dukr\u0105 ir s\u016bn\u0173. Tuomet scenoje pasirodo antroji sesuo. Tamsiaplauk\u0117 protinga ir klastinga Ana ilgainiui taip pat patenka Henriko malon\u0117n, tapdama jo patar\u0117ja ir artima bi\u010diule. Nesunku nusp\u0117ti, jog greitai ji pakei\u010dia Mer\u0119, tampa karaliaus meilu\u017ee ir griebiasi vis\u0173 \u012fmanom\u0173 intrig\u0173, kad atsikratyt\u0173 teis\u0117ta Henriko \u017emona&#8230; Per trumpiau nei penkerius metus Philippos Gregory romanas \u201eKaralien\u0117s sesuo\u201c jau antr\u0105 kart\u0105 virto filmu. 2003 metais BBC suk\u016br\u0117 televizin\u0119 to paties pavadinimo sag\u0105. Intriguojantis siu\u017eetas apie dvi d\u0117l to paties karaliaus d\u0117mesio besivar\u017ean\u010dias seseris, kuri\u0173 viena v\u0117liau pagimdys bene garsiausi\u0105 Did\u017eiosios Britanijos karalien\u0119 El\u017ebiet\u0105 I-\u0105j\u0105, pritrauk\u0117 ir tarptautini\u0173 kino k\u016br\u0117j\u0173 d\u0117mes\u012f. Naujausioje kino juostoje pagrindinius vaidmenis atliko Natalie Portman (Ana Bolein), Scarlett Johansen (Mer\u0117 Bolein) ir Ericas Bana (Henrikas VIII). Filmui scenarij\u0173 pagal roman\u0105 para\u0161\u0117 pripa\u017eintas angl\u0173 scenaristas Peteris Morganas, kuriam brit\u0173 monarchijos kuluarai labai gerai \u017einomi \u2013 jis yra para\u0161\u0119s filmo \u201eHenrikas VIII\u201c, \u201ePaskutinis \u0160kotijos karalius\u201c scenarijus, taip pat \u2013 pernai pla\u010diai nuskamb\u0117jusio filmo \u201eKaralien\u0117\u201c scenarij\u0173.<\/p>\n","protected":false},"featured_media":21522,"comment_status":"open","ping_status":"closed","template":"","meta":{"_acf_changed":false,"site-sidebar-layout":"default","site-content-layout":"","ast-site-content-layout":"default","site-content-style":"default","site-sidebar-style":"default","ast-global-header-display":"","ast-banner-title-visibility":"","ast-main-header-display":"","ast-hfb-above-header-display":"","ast-hfb-below-header-display":"","ast-hfb-mobile-header-display":"","site-post-title":"","ast-breadcrumbs-content":"","ast-featured-img":"","footer-sml-layout":"","ast-disable-related-posts":"","theme-transparent-header-meta":"","adv-header-id-meta":"","stick-header-meta":"","header-above-stick-meta":"","header-main-stick-meta":"","header-below-stick-meta":"","astra-migrate-meta-layouts":"default","ast-page-background-enabled":"default","ast-page-background-meta":{"desktop":{"background-color":"","background-image":"","background-repeat":"repeat","background-position":"center center","background-size":"auto","background-attachment":"scroll","background-type":"","background-media":"","overlay-type":"","overlay-color":"","overlay-opacity":"","overlay-gradient":""},"tablet":{"background-color":"","background-image":"","background-repeat":"repeat","background-position":"center center","background-size":"auto","background-attachment":"scroll","background-type":"","background-media":"","overlay-type":"","overlay-color":"","overlay-opacity":"","overlay-gradient":""},"mobile":{"background-color":"","background-image":"","background-repeat":"repeat","background-position":"center center","background-size":"auto","background-attachment":"scroll","background-type":"","background-media":"","overlay-type":"","overlay-color":"","overlay-opacity":"","overlay-gradient":""}},"ast-content-background-meta":{"desktop":{"background-color":"var(--ast-global-color-4)","background-image":"","background-repeat":"repeat","background-position":"center center","background-size":"auto","background-attachment":"scroll","background-type":"","background-media":"","overlay-type":"","overlay-color":"","overlay-opacity":"","overlay-gradient":""},"tablet":{"background-color":"var(--ast-global-color-4)","background-image":"","background-repeat":"repeat","background-position":"center center","background-size":"auto","background-attachment":"scroll","background-type":"","background-media":"","overlay-type":"","overlay-color":"","overlay-opacity":"","overlay-gradient":""},"mobile":{"background-color":"var(--ast-global-color-4)","background-image":"","background-repeat":"repeat","background-position":"center center","background-size":"auto","background-attachment":"scroll","background-type":"","background-media":"","overlay-type":"","overlay-color":"","overlay-opacity":"","overlay-gradient":""}}},"product_brand":[],"product_cat":[9618],"product_tag":[],"class_list":{"0":"post-21513","1":"product","2":"type-product","3":"status-publish","4":"has-post-thumbnail","6":"product_cat-istoriniai-romanai","7":"desktop-align-left","8":"tablet-align-left","9":"mobile-align-left","11":"first","12":"instock","13":"shipping-taxable","14":"purchasable","15":"product-type-simple"},"acf":[],"yoast_head":"<!-- This site is optimized with the Yoast SEO plugin v27.0 - https:\/\/yoast.com\/product\/yoast-seo-wordpress\/ -->\n<title>Karalien\u0117s sesuo (paklijuotas kampas)<\/title>\n<meta name=\"description\" content=\"Dvi seserys, kovojan\u010dios d\u0117l vieno vyro \u0161irdies. Tas vyras \u2013 Anglijos karalius Henrikas VIII. Istorinis romanas su realiomis asmenyb\u0117mis, kupinas\" \/>\n<meta name=\"robots\" content=\"index, follow, max-snippet:-1, max-image-preview:large, max-video-preview:-1\" \/>\n<link rel=\"canonical\" href=\"https:\/\/skaitytaknyga.lt\/en\/produktas\/karalienes-sesuo-paklijuotas-kampas\/\" \/>\n<meta property=\"og:locale\" content=\"en_GB\" \/>\n<meta property=\"og:locale:alternate\" content=\"lt_LT\" \/>\n<meta property=\"og:type\" content=\"article\" \/>\n<meta property=\"og:title\" content=\"Karalien\u0117s sesuo (paklijuotas kampas)\" \/>\n<meta property=\"og:description\" content=\"Dvi seserys, kovojan\u010dios d\u0117l vieno vyro \u0161irdies. Tas vyras \u2013 Anglijos karalius Henrikas VIII. Istorinis romanas su realiomis asmenyb\u0117mis, kupinas\" \/>\n<meta property=\"og:url\" content=\"https:\/\/skaitytaknyga.lt\/en\/produktas\/karalienes-sesuo-paklijuotas-kampas\/\" \/>\n<meta property=\"og:site_name\" content=\"Skaitytaknyga\" \/>\n<meta property=\"article:publisher\" content=\"https:\/\/www.facebook.com\/skaitytaknyga\/\" \/>\n<meta property=\"article:modified_time\" content=\"2026-03-18T09:02:12+00:00\" \/>\n<meta property=\"og:image\" content=\"https:\/\/skaitytaknyga.lt\/wp-content\/uploads\/2025\/10\/Karalienes-sesuo-1.webp\" \/>\n\t<meta property=\"og:image:width\" content=\"300\" \/>\n\t<meta property=\"og:image:height\" content=\"488\" \/>\n\t<meta property=\"og:image:type\" content=\"image\/webp\" \/>\n<meta name=\"twitter:card\" content=\"summary_large_image\" \/>\n<meta name=\"twitter:label1\" content=\"Estimated reading time\" \/>\n\t<meta name=\"twitter:data1\" content=\"2 minutes\" \/>\n<script type=\"application\/ld+json\" class=\"yoast-schema-graph\">{\"@context\":\"https:\/\/schema.org\",\"@graph\":[{\"@type\":\"WebPage\",\"@id\":\"https:\/\/skaitytaknyga.lt\/produktas\/karalienes-sesuo-paklijuotas-kampas\/\",\"url\":\"https:\/\/skaitytaknyga.lt\/produktas\/karalienes-sesuo-paklijuotas-kampas\/\",\"name\":\"Karalien\u0117s sesuo (paklijuotas kampas)\",\"isPartOf\":{\"@id\":\"https:\/\/skaitytaknyga.lt\/#website\"},\"primaryImageOfPage\":{\"@id\":\"https:\/\/skaitytaknyga.lt\/produktas\/karalienes-sesuo-paklijuotas-kampas\/#primaryimage\"},\"image\":{\"@id\":\"https:\/\/skaitytaknyga.lt\/produktas\/karalienes-sesuo-paklijuotas-kampas\/#primaryimage\"},\"thumbnailUrl\":\"https:\/\/skaitytaknyga.lt\/wp-content\/uploads\/2025\/10\/Karalienes-sesuo-1.webp\",\"datePublished\":\"2025-10-14T16:23:43+00:00\",\"dateModified\":\"2026-03-18T09:02:12+00:00\",\"description\":\"Dvi seserys, kovojan\u010dios d\u0117l vieno vyro \u0161irdies. Tas vyras \u2013 Anglijos karalius Henrikas VIII. Istorinis romanas su realiomis asmenyb\u0117mis, kupinas\",\"breadcrumb\":{\"@id\":\"https:\/\/skaitytaknyga.lt\/produktas\/karalienes-sesuo-paklijuotas-kampas\/#breadcrumb\"},\"inLanguage\":\"en-GB\",\"potentialAction\":[{\"@type\":\"ReadAction\",\"target\":[\"https:\/\/skaitytaknyga.lt\/produktas\/karalienes-sesuo-paklijuotas-kampas\/\"]}]},{\"@type\":\"ImageObject\",\"inLanguage\":\"en-GB\",\"@id\":\"https:\/\/skaitytaknyga.lt\/produktas\/karalienes-sesuo-paklijuotas-kampas\/#primaryimage\",\"url\":\"https:\/\/skaitytaknyga.lt\/wp-content\/uploads\/2025\/10\/Karalienes-sesuo-1.webp\",\"contentUrl\":\"https:\/\/skaitytaknyga.lt\/wp-content\/uploads\/2025\/10\/Karalienes-sesuo-1.webp\",\"width\":300,\"height\":488,\"caption\":\"Karalien\u0117s sesuo\"},{\"@type\":\"BreadcrumbList\",\"@id\":\"https:\/\/skaitytaknyga.lt\/produktas\/karalienes-sesuo-paklijuotas-kampas\/#breadcrumb\",\"itemListElement\":[{\"@type\":\"ListItem\",\"position\":1,\"name\":\"Home\",\"item\":\"https:\/\/skaitytaknyga.lt\/\"},{\"@type\":\"ListItem\",\"position\":2,\"name\":\"Parduotuv\u0117\",\"item\":\"https:\/\/skaitytaknyga.lt\/knygu-parduotuve\/\"},{\"@type\":\"ListItem\",\"position\":3,\"name\":\"Karalien\u0117s sesuo (paklijuotas kampas)\"}]},{\"@type\":\"WebSite\",\"@id\":\"https:\/\/skaitytaknyga.lt\/#website\",\"url\":\"https:\/\/skaitytaknyga.lt\/\",\"name\":\"skaitytaknyga.lt\",\"description\":\"Skaitytaknyga.lt \u2013 tai ma\u017eas \u0161eimos verslas, kuris prasid\u0117jo nuo meil\u0117s knygoms ir siekio i\u0161gelb\u0117ti knygas nuo likimo prie konteinerio. Kas vienam nereikalingas daiktas \u2013 kitam lobis, o mes esame tarpininkai, kurie padeda abiems tapti laimingesniems ???? \u017dinome kaip nelengva i\u0161gyventi ma\u017eiems verslams, tad nuo \u0161iol, \u010dia rasite ir kit\u0173, ma\u017e\u0173 \u0161eim\u0173 versl\u0173, rank\u0173 darbo, dovan\u0173 sau ir artimiesiems.\",\"publisher\":{\"@id\":\"https:\/\/skaitytaknyga.lt\/#organization\"},\"potentialAction\":[{\"@type\":\"SearchAction\",\"target\":{\"@type\":\"EntryPoint\",\"urlTemplate\":\"https:\/\/skaitytaknyga.lt\/?s={search_term_string}\"},\"query-input\":{\"@type\":\"PropertyValueSpecification\",\"valueRequired\":true,\"valueName\":\"search_term_string\"}}],\"inLanguage\":\"en-GB\"},{\"@type\":\"Organization\",\"@id\":\"https:\/\/skaitytaknyga.lt\/#organization\",\"name\":\"skaitytaknyga.lt\",\"url\":\"https:\/\/skaitytaknyga.lt\/\",\"logo\":{\"@type\":\"ImageObject\",\"inLanguage\":\"en-GB\",\"@id\":\"https:\/\/skaitytaknyga.lt\/#\/schema\/logo\/image\/\",\"url\":\"https:\/\/skaitytaknyga.lt\/wp-content\/uploads\/2024\/05\/cropped-cropped-cropped-02_00843_jt3bggkj1j3HLc7SyY6rEUpg.jpeg\",\"contentUrl\":\"https:\/\/skaitytaknyga.lt\/wp-content\/uploads\/2024\/05\/cropped-cropped-cropped-02_00843_jt3bggkj1j3HLc7SyY6rEUpg.jpeg\",\"width\":1600,\"height\":1600,\"caption\":\"skaitytaknyga.lt\"},\"image\":{\"@id\":\"https:\/\/skaitytaknyga.lt\/#\/schema\/logo\/image\/\"},\"sameAs\":[\"https:\/\/www.facebook.com\/skaitytaknyga\/\"]}]}<\/script>\n<!-- \/ Yoast SEO plugin. -->","yoast_head_json":{"title":"Karalien\u0117s sesuo (paklijuotas kampas)","description":"Dvi seserys, kovojan\u010dios d\u0117l vieno vyro \u0161irdies. Tas vyras \u2013 Anglijos karalius Henrikas VIII. Istorinis romanas su realiomis asmenyb\u0117mis, kupinas","robots":{"index":"index","follow":"follow","max-snippet":"max-snippet:-1","max-image-preview":"max-image-preview:large","max-video-preview":"max-video-preview:-1"},"canonical":"https:\/\/skaitytaknyga.lt\/en\/produktas\/karalienes-sesuo-paklijuotas-kampas\/","og_locale":"en_GB","og_type":"article","og_title":"[:lt]Karalien\u0117s sesuo (paklijuotas kampas)[:] - Skaitytaknyga","og_description":"Dvi seserys, kovojan\u010dios d\u0117l vieno vyro \u0161irdies. Tas vyras \u2013 Anglijos karalius Henrikas VIII. Istorinis romanas su realiomis asmenyb\u0117mis, kupinas","og_url":"https:\/\/skaitytaknyga.lt\/en\/produktas\/karalienes-sesuo-paklijuotas-kampas\/","og_site_name":"Skaitytaknyga","article_publisher":"https:\/\/www.facebook.com\/skaitytaknyga\/","article_modified_time":"2026-03-18T09:02:12+00:00","og_image":[{"width":300,"height":488,"url":"https:\/\/skaitytaknyga.lt\/wp-content\/uploads\/2025\/10\/Karalienes-sesuo-1.webp","type":"image\/webp"}],"twitter_card":"summary_large_image","twitter_misc":{"Estimated reading time":"2 minutes"},"schema":{"@context":"https:\/\/schema.org","@graph":[{"@type":"WebPage","@id":"https:\/\/skaitytaknyga.lt\/produktas\/karalienes-sesuo-paklijuotas-kampas\/","url":"https:\/\/skaitytaknyga.lt\/produktas\/karalienes-sesuo-paklijuotas-kampas\/","name":"Karalien\u0117s sesuo (paklijuotas kampas)","isPartOf":{"@id":"https:\/\/skaitytaknyga.lt\/#website"},"primaryImageOfPage":{"@id":"https:\/\/skaitytaknyga.lt\/produktas\/karalienes-sesuo-paklijuotas-kampas\/#primaryimage"},"image":{"@id":"https:\/\/skaitytaknyga.lt\/produktas\/karalienes-sesuo-paklijuotas-kampas\/#primaryimage"},"thumbnailUrl":"https:\/\/skaitytaknyga.lt\/wp-content\/uploads\/2025\/10\/Karalienes-sesuo-1.webp","datePublished":"2025-10-14T16:23:43+00:00","dateModified":"2026-03-18T09:02:12+00:00","description":"Dvi seserys, kovojan\u010dios d\u0117l vieno vyro \u0161irdies. Tas vyras \u2013 Anglijos karalius Henrikas VIII. Istorinis romanas su realiomis asmenyb\u0117mis, kupinas","breadcrumb":{"@id":"https:\/\/skaitytaknyga.lt\/produktas\/karalienes-sesuo-paklijuotas-kampas\/#breadcrumb"},"inLanguage":"en-GB","potentialAction":[{"@type":"ReadAction","target":["https:\/\/skaitytaknyga.lt\/produktas\/karalienes-sesuo-paklijuotas-kampas\/"]}]},{"@type":"ImageObject","inLanguage":"en-GB","@id":"https:\/\/skaitytaknyga.lt\/produktas\/karalienes-sesuo-paklijuotas-kampas\/#primaryimage","url":"https:\/\/skaitytaknyga.lt\/wp-content\/uploads\/2025\/10\/Karalienes-sesuo-1.webp","contentUrl":"https:\/\/skaitytaknyga.lt\/wp-content\/uploads\/2025\/10\/Karalienes-sesuo-1.webp","width":300,"height":488,"caption":"Karalien\u0117s sesuo"},{"@type":"BreadcrumbList","@id":"https:\/\/skaitytaknyga.lt\/produktas\/karalienes-sesuo-paklijuotas-kampas\/#breadcrumb","itemListElement":[{"@type":"ListItem","position":1,"name":"Home","item":"https:\/\/skaitytaknyga.lt\/"},{"@type":"ListItem","position":2,"name":"Parduotuv\u0117","item":"https:\/\/skaitytaknyga.lt\/knygu-parduotuve\/"},{"@type":"ListItem","position":3,"name":"Karalien\u0117s sesuo (paklijuotas kampas)"}]},{"@type":"WebSite","@id":"https:\/\/skaitytaknyga.lt\/#website","url":"https:\/\/skaitytaknyga.lt\/","name":"skaitytaknyga.lt","description":"Skaitytaknyga.lt \u2013 tai ma\u017eas \u0161eimos verslas, kuris prasid\u0117jo nuo meil\u0117s knygoms ir siekio i\u0161gelb\u0117ti knygas nuo likimo prie konteinerio. Kas vienam nereikalingas daiktas \u2013 kitam lobis, o mes esame tarpininkai, kurie padeda abiems tapti laimingesniems ???? \u017dinome kaip nelengva i\u0161gyventi ma\u017eiems verslams, tad nuo \u0161iol, \u010dia rasite ir kit\u0173, ma\u017e\u0173 \u0161eim\u0173 versl\u0173, rank\u0173 darbo, dovan\u0173 sau ir artimiesiems.","publisher":{"@id":"https:\/\/skaitytaknyga.lt\/#organization"},"potentialAction":[{"@type":"SearchAction","target":{"@type":"EntryPoint","urlTemplate":"https:\/\/skaitytaknyga.lt\/?s={search_term_string}"},"query-input":{"@type":"PropertyValueSpecification","valueRequired":true,"valueName":"search_term_string"}}],"inLanguage":"en-GB"},{"@type":"Organization","@id":"https:\/\/skaitytaknyga.lt\/#organization","name":"skaitytaknyga.lt","url":"https:\/\/skaitytaknyga.lt\/","logo":{"@type":"ImageObject","inLanguage":"en-GB","@id":"https:\/\/skaitytaknyga.lt\/#\/schema\/logo\/image\/","url":"https:\/\/skaitytaknyga.lt\/wp-content\/uploads\/2024\/05\/cropped-cropped-cropped-02_00843_jt3bggkj1j3HLc7SyY6rEUpg.jpeg","contentUrl":"https:\/\/skaitytaknyga.lt\/wp-content\/uploads\/2024\/05\/cropped-cropped-cropped-02_00843_jt3bggkj1j3HLc7SyY6rEUpg.jpeg","width":1600,"height":1600,"caption":"skaitytaknyga.lt"},"image":{"@id":"https:\/\/skaitytaknyga.lt\/#\/schema\/logo\/image\/"},"sameAs":["https:\/\/www.facebook.com\/skaitytaknyga\/"]}]}},"_links":{"self":[{"href":"https:\/\/skaitytaknyga.lt\/en\/wp-json\/wp\/v2\/product\/21513","targetHints":{"allow":["GET"]}}],"collection":[{"href":"https:\/\/skaitytaknyga.lt\/en\/wp-json\/wp\/v2\/product"}],"about":[{"href":"https:\/\/skaitytaknyga.lt\/en\/wp-json\/wp\/v2\/types\/product"}],"replies":[{"embeddable":true,"href":"https:\/\/skaitytaknyga.lt\/en\/wp-json\/wp\/v2\/comments?post=21513"}],"wp:featuredmedia":[{"embeddable":true,"href":"https:\/\/skaitytaknyga.lt\/en\/wp-json\/wp\/v2\/media\/21522"}],"wp:attachment":[{"href":"https:\/\/skaitytaknyga.lt\/en\/wp-json\/wp\/v2\/media?parent=21513"}],"wp:term":[{"taxonomy":"product_brand","embeddable":true,"href":"https:\/\/skaitytaknyga.lt\/en\/wp-json\/wp\/v2\/product_brand?post=21513"},{"taxonomy":"product_cat","embeddable":true,"href":"https:\/\/skaitytaknyga.lt\/en\/wp-json\/wp\/v2\/product_cat?post=21513"},{"taxonomy":"product_tag","embeddable":true,"href":"https:\/\/skaitytaknyga.lt\/en\/wp-json\/wp\/v2\/product_tag?post=21513"}],"curies":[{"name":"wp","href":"https:\/\/api.w.org\/{rel}","templated":true}]}}