{"id":21512,"date":"2025-10-14T19:23:43","date_gmt":"2025-10-14T16:23:43","guid":{"rendered":"https:\/\/skaitytaknyga.lt\/?post_type=product&#038;p=21512"},"modified":"2026-03-10T19:44:15","modified_gmt":"2026-03-10T17:44:15","slug":"pribuvejos-prakeiksmas-pasitrynes-pavadinimas","status":"publish","type":"product","link":"https:\/\/skaitytaknyga.lt\/en\/produktas\/pribuvejos-prakeiksmas-pasitrynes-pavadinimas\/","title":{"rendered":"Pribuv\u0117jos prakeiksmas (pasitryn\u0119s pavadinimas)"},"content":{"rendered":"<p>Pribuv\u0117jos sagos ketvirtoji knyga \u201ePRIBUV\u0116JOS PRAKEIKSMAS\u201c \u2013 epinis Sabine Ebert romanas apie viduram\u017eius, gyvai ir unikaliai atkuriantis Vidurio Europos istorij\u0105. Kad ne\u017e\u016bt\u0173 t\u016bkstan\u010diai, turi b\u016bti nu\u017eudytas vienas. Nepraleiskite galimyb\u0117s su\u017einoti, kokie i\u0161bandymai dar laukia Martos.<\/p>\n<p>Prie\u0161 daugel\u012f \u0161imtme\u010di\u0173 gyvenimas buvo grie\u017etai sutvarkytas. Kiekvienas \u017emogus gimdamas jau tur\u0117jo savo paskirt\u0105 viet\u0105 \u017eem\u0117je. Bet atsirado dr\u0105suoli\u0173, pasiry\u017eusi\u0173 tai pakeisti. Jie i\u0161keliavo kurti laisvesnio, geresnio gyvenimo \u012f ne\u017eini\u0105, atsisak\u0119 praeities ir pasi\u0117m\u0119 tik b\u016btiniausi\u0105 dalyk\u0105 \u2013 vilt\u012f. \u017dinojo, kad tiksl\u0105 pasieks ne visi, bet vis tiek pasiry\u017eo. Ir \u012fvyko stebuklas.<\/p>\n<p>1189 metai Freiberge. Nuo Kristiano \u017e\u016bties pra\u0117jo beveik penkeri metai, bet Marta su Luku vis dar gedi d\u0117l mylimojo ir draugo netekties \u2013 tai neleid\u017eia pra\u017eysti poros meilei. Did\u017eiausias j\u0173 r\u016bpestis \u2013 nesulaikomai art\u0117janti diena, kai \u017eiaurusis Albrechtas, vyresnysis markizo Oto s\u016bnus, perims Meiseno valdym\u0105.<\/p>\n<p>Nors gresia mirtinas pavojus, Marta ir Lukas negali b\u0117gti, nes privalo \u012fvykdyti prie\u0161mirtin\u0119 Kristiano vali\u0105 bei pasir\u016bpinti jau suaugusiais vaikais: Klarai reikia i\u0161tek\u0117ti, nors slapta \u012fsimyl\u0117jo jaunesn\u012fj\u012f markizo s\u016bn\u0173, o Tomas svajoja prisijungti prie imperatoriaus Raudonbarzd\u017eio kry\u017eiaus \u017eygyje \u012f \u0160vent\u0105j\u0105 \u017dem\u0119. Ta\u010diau jaunuolis net nenutuokia, kas ten laukia&#8230;<\/p>\n","protected":false},"excerpt":{"rendered":"<p>Pribuv\u0117jos sagos ketvirtoji knyga \u201ePRIBUV\u0116JOS PRAKEIKSMAS\u201c \u2013 epinis Sabine Ebert romanas apie viduram\u017eius, gyvai ir unikaliai atkuriantis Vidurio Europos istorij\u0105. Kad ne\u017e\u016bt\u0173 t\u016bkstan\u010diai, turi b\u016bti nu\u017eudytas vienas. Nepraleiskite galimyb\u0117s su\u017einoti, kokie i\u0161bandymai dar laukia Martos. Prie\u0161 daugel\u012f \u0161imtme\u010di\u0173 gyvenimas buvo grie\u017etai sutvarkytas. Kiekvienas \u017emogus gimdamas jau tur\u0117jo savo paskirt\u0105 viet\u0105 \u017eem\u0117je. Bet atsirado dr\u0105suoli\u0173, pasiry\u017eusi\u0173 tai pakeisti. Jie i\u0161keliavo kurti laisvesnio, geresnio gyvenimo \u012f ne\u017eini\u0105, atsisak\u0119 praeities ir pasi\u0117m\u0119 tik b\u016btiniausi\u0105 dalyk\u0105 \u2013 vilt\u012f. \u017dinojo, kad tiksl\u0105 pasieks ne visi, bet vis tiek pasiry\u017eo. Ir \u012fvyko stebuklas. 1189 metai Freiberge. Nuo Kristiano \u017e\u016bties pra\u0117jo beveik penkeri metai, bet Marta su Luku vis dar gedi d\u0117l mylimojo ir draugo netekties \u2013 tai neleid\u017eia pra\u017eysti poros meilei. Did\u017eiausias j\u0173 r\u016bpestis \u2013 nesulaikomai art\u0117janti diena, kai \u017eiaurusis Albrechtas, vyresnysis markizo Oto s\u016bnus, perims Meiseno valdym\u0105. Nors gresia mirtinas pavojus, Marta ir Lukas negali b\u0117gti, nes privalo \u012fvykdyti prie\u0161mirtin\u0119 Kristiano vali\u0105 bei pasir\u016bpinti jau suaugusiais vaikais: Klarai reikia i\u0161tek\u0117ti, nors slapta \u012fsimyl\u0117jo jaunesn\u012fj\u012f markizo s\u016bn\u0173, o Tomas svajoja prisijungti prie imperatoriaus Raudonbarzd\u017eio kry\u017eiaus \u017eygyje \u012f \u0160vent\u0105j\u0105 \u017dem\u0119. Ta\u010diau jaunuolis net nenutuokia, kas ten laukia&#8230;<\/p>\n","protected":false},"featured_media":21521,"comment_status":"open","ping_status":"closed","template":"","meta":{"_acf_changed":false,"site-sidebar-layout":"default","site-content-layout":"","ast-site-content-layout":"default","site-content-style":"default","site-sidebar-style":"default","ast-global-header-display":"","ast-banner-title-visibility":"","ast-main-header-display":"","ast-hfb-above-header-display":"","ast-hfb-below-header-display":"","ast-hfb-mobile-header-display":"","site-post-title":"","ast-breadcrumbs-content":"","ast-featured-img":"","footer-sml-layout":"","ast-disable-related-posts":"","theme-transparent-header-meta":"","adv-header-id-meta":"","stick-header-meta":"","header-above-stick-meta":"","header-main-stick-meta":"","header-below-stick-meta":"","astra-migrate-meta-layouts":"default","ast-page-background-enabled":"default","ast-page-background-meta":{"desktop":{"background-color":"","background-image":"","background-repeat":"repeat","background-position":"center center","background-size":"auto","background-attachment":"scroll","background-type":"","background-media":"","overlay-type":"","overlay-color":"","overlay-opacity":"","overlay-gradient":""},"tablet":{"background-color":"","background-image":"","background-repeat":"repeat","background-position":"center center","background-size":"auto","background-attachment":"scroll","background-type":"","background-media":"","overlay-type":"","overlay-color":"","overlay-opacity":"","overlay-gradient":""},"mobile":{"background-color":"","background-image":"","background-repeat":"repeat","background-position":"center center","background-size":"auto","background-attachment":"scroll","background-type":"","background-media":"","overlay-type":"","overlay-color":"","overlay-opacity":"","overlay-gradient":""}},"ast-content-background-meta":{"desktop":{"background-color":"var(--ast-global-color-4)","background-image":"","background-repeat":"repeat","background-position":"center center","background-size":"auto","background-attachment":"scroll","background-type":"","background-media":"","overlay-type":"","overlay-color":"","overlay-opacity":"","overlay-gradient":""},"tablet":{"background-color":"var(--ast-global-color-4)","background-image":"","background-repeat":"repeat","background-position":"center center","background-size":"auto","background-attachment":"scroll","background-type":"","background-media":"","overlay-type":"","overlay-color":"","overlay-opacity":"","overlay-gradient":""},"mobile":{"background-color":"var(--ast-global-color-4)","background-image":"","background-repeat":"repeat","background-position":"center center","background-size":"auto","background-attachment":"scroll","background-type":"","background-media":"","overlay-type":"","overlay-color":"","overlay-opacity":"","overlay-gradient":""}}},"product_brand":[],"product_cat":[15],"product_tag":[],"class_list":{"0":"post-21512","1":"product","2":"type-product","3":"status-publish","4":"has-post-thumbnail","6":"product_cat-uncategorized","7":"desktop-align-left","8":"tablet-align-left","9":"mobile-align-left","11":"first","12":"outofstock","13":"shipping-taxable","14":"purchasable","15":"product-type-simple"},"acf":[],"yoast_head":"<!-- This site is optimized with the Yoast SEO plugin v27.0 - https:\/\/yoast.com\/product\/yoast-seo-wordpress\/ -->\n<title>Pribuv\u0117jos prakeiksmas (pasitryn\u0119s pavadinimas)<\/title>\n<meta name=\"description\" content=\"Pribuv\u0117jos sagos ketvirtoji knyga \u201ePRIBUV\u0116JOS PRAKEIKSMAS\u201c \u2013 epinis Sabine Ebert romanas apie viduram\u017eius, gyvai ir unikaliai atkuriantis Vidurio Europos\" \/>\n<meta name=\"robots\" content=\"index, follow, max-snippet:-1, max-image-preview:large, max-video-preview:-1\" \/>\n<link rel=\"canonical\" href=\"https:\/\/skaitytaknyga.lt\/en\/produktas\/pribuvejos-prakeiksmas-pasitrynes-pavadinimas\/\" \/>\n<meta property=\"og:locale\" content=\"en_GB\" \/>\n<meta property=\"og:locale:alternate\" content=\"lt_LT\" \/>\n<meta property=\"og:type\" content=\"article\" \/>\n<meta property=\"og:title\" content=\"Pribuv\u0117jos prakeiksmas (pasitryn\u0119s pavadinimas)\" \/>\n<meta property=\"og:description\" content=\"Pribuv\u0117jos sagos ketvirtoji knyga \u201ePRIBUV\u0116JOS PRAKEIKSMAS\u201c \u2013 epinis Sabine Ebert romanas apie viduram\u017eius, gyvai ir unikaliai atkuriantis Vidurio Europos\" \/>\n<meta property=\"og:url\" content=\"https:\/\/skaitytaknyga.lt\/en\/produktas\/pribuvejos-prakeiksmas-pasitrynes-pavadinimas\/\" \/>\n<meta property=\"og:site_name\" content=\"Skaitytaknyga\" \/>\n<meta property=\"article:publisher\" content=\"https:\/\/www.facebook.com\/skaitytaknyga\/\" \/>\n<meta property=\"article:modified_time\" content=\"2026-03-10T17:44:15+00:00\" \/>\n<meta property=\"og:image\" content=\"https:\/\/skaitytaknyga.lt\/wp-content\/uploads\/2025\/10\/Pribuvejos-prakeiksmas-1.webp\" \/>\n\t<meta property=\"og:image:width\" content=\"300\" \/>\n\t<meta property=\"og:image:height\" content=\"438\" \/>\n\t<meta property=\"og:image:type\" content=\"image\/webp\" \/>\n<meta name=\"twitter:card\" content=\"summary_large_image\" \/>\n<meta name=\"twitter:label1\" content=\"Estimated reading time\" \/>\n\t<meta name=\"twitter:data1\" content=\"1 minute\" \/>\n<script type=\"application\/ld+json\" class=\"yoast-schema-graph\">{\"@context\":\"https:\/\/schema.org\",\"@graph\":[{\"@type\":\"WebPage\",\"@id\":\"https:\/\/skaitytaknyga.lt\/produktas\/pribuvejos-prakeiksmas-pasitrynes-pavadinimas\/\",\"url\":\"https:\/\/skaitytaknyga.lt\/produktas\/pribuvejos-prakeiksmas-pasitrynes-pavadinimas\/\",\"name\":\"Pribuv\u0117jos prakeiksmas (pasitryn\u0119s pavadinimas)\",\"isPartOf\":{\"@id\":\"https:\/\/skaitytaknyga.lt\/#website\"},\"primaryImageOfPage\":{\"@id\":\"https:\/\/skaitytaknyga.lt\/produktas\/pribuvejos-prakeiksmas-pasitrynes-pavadinimas\/#primaryimage\"},\"image\":{\"@id\":\"https:\/\/skaitytaknyga.lt\/produktas\/pribuvejos-prakeiksmas-pasitrynes-pavadinimas\/#primaryimage\"},\"thumbnailUrl\":\"https:\/\/skaitytaknyga.lt\/wp-content\/uploads\/2025\/10\/Pribuvejos-prakeiksmas-1.webp\",\"datePublished\":\"2025-10-14T16:23:43+00:00\",\"dateModified\":\"2026-03-10T17:44:15+00:00\",\"description\":\"Pribuv\u0117jos sagos ketvirtoji knyga \u201ePRIBUV\u0116JOS PRAKEIKSMAS\u201c \u2013 epinis Sabine Ebert romanas apie viduram\u017eius, gyvai ir unikaliai atkuriantis Vidurio Europos\",\"breadcrumb\":{\"@id\":\"https:\/\/skaitytaknyga.lt\/produktas\/pribuvejos-prakeiksmas-pasitrynes-pavadinimas\/#breadcrumb\"},\"inLanguage\":\"en-GB\",\"potentialAction\":[{\"@type\":\"ReadAction\",\"target\":[\"https:\/\/skaitytaknyga.lt\/produktas\/pribuvejos-prakeiksmas-pasitrynes-pavadinimas\/\"]}]},{\"@type\":\"ImageObject\",\"inLanguage\":\"en-GB\",\"@id\":\"https:\/\/skaitytaknyga.lt\/produktas\/pribuvejos-prakeiksmas-pasitrynes-pavadinimas\/#primaryimage\",\"url\":\"https:\/\/skaitytaknyga.lt\/wp-content\/uploads\/2025\/10\/Pribuvejos-prakeiksmas-1.webp\",\"contentUrl\":\"https:\/\/skaitytaknyga.lt\/wp-content\/uploads\/2025\/10\/Pribuvejos-prakeiksmas-1.webp\",\"width\":300,\"height\":438,\"caption\":\"Pribuv\u0117jos prakeiksmas\"},{\"@type\":\"BreadcrumbList\",\"@id\":\"https:\/\/skaitytaknyga.lt\/produktas\/pribuvejos-prakeiksmas-pasitrynes-pavadinimas\/#breadcrumb\",\"itemListElement\":[{\"@type\":\"ListItem\",\"position\":1,\"name\":\"Home\",\"item\":\"https:\/\/skaitytaknyga.lt\/\"},{\"@type\":\"ListItem\",\"position\":2,\"name\":\"Parduotuv\u0117\",\"item\":\"https:\/\/skaitytaknyga.lt\/knygu-parduotuve\/\"},{\"@type\":\"ListItem\",\"position\":3,\"name\":\"Pribuv\u0117jos prakeiksmas (pasitryn\u0119s pavadinimas)\"}]},{\"@type\":\"WebSite\",\"@id\":\"https:\/\/skaitytaknyga.lt\/#website\",\"url\":\"https:\/\/skaitytaknyga.lt\/\",\"name\":\"skaitytaknyga.lt\",\"description\":\"Skaitytaknyga.lt \u2013 tai ma\u017eas \u0161eimos verslas, kuris prasid\u0117jo nuo meil\u0117s knygoms ir siekio i\u0161gelb\u0117ti knygas nuo likimo prie konteinerio. Kas vienam nereikalingas daiktas \u2013 kitam lobis, o mes esame tarpininkai, kurie padeda abiems tapti laimingesniems ???? \u017dinome kaip nelengva i\u0161gyventi ma\u017eiems verslams, tad nuo \u0161iol, \u010dia rasite ir kit\u0173, ma\u017e\u0173 \u0161eim\u0173 versl\u0173, rank\u0173 darbo, dovan\u0173 sau ir artimiesiems.\",\"publisher\":{\"@id\":\"https:\/\/skaitytaknyga.lt\/#organization\"},\"potentialAction\":[{\"@type\":\"SearchAction\",\"target\":{\"@type\":\"EntryPoint\",\"urlTemplate\":\"https:\/\/skaitytaknyga.lt\/?s={search_term_string}\"},\"query-input\":{\"@type\":\"PropertyValueSpecification\",\"valueRequired\":true,\"valueName\":\"search_term_string\"}}],\"inLanguage\":\"en-GB\"},{\"@type\":\"Organization\",\"@id\":\"https:\/\/skaitytaknyga.lt\/#organization\",\"name\":\"skaitytaknyga.lt\",\"url\":\"https:\/\/skaitytaknyga.lt\/\",\"logo\":{\"@type\":\"ImageObject\",\"inLanguage\":\"en-GB\",\"@id\":\"https:\/\/skaitytaknyga.lt\/#\/schema\/logo\/image\/\",\"url\":\"https:\/\/skaitytaknyga.lt\/wp-content\/uploads\/2024\/05\/cropped-cropped-cropped-02_00843_jt3bggkj1j3HLc7SyY6rEUpg.jpeg\",\"contentUrl\":\"https:\/\/skaitytaknyga.lt\/wp-content\/uploads\/2024\/05\/cropped-cropped-cropped-02_00843_jt3bggkj1j3HLc7SyY6rEUpg.jpeg\",\"width\":1600,\"height\":1600,\"caption\":\"skaitytaknyga.lt\"},\"image\":{\"@id\":\"https:\/\/skaitytaknyga.lt\/#\/schema\/logo\/image\/\"},\"sameAs\":[\"https:\/\/www.facebook.com\/skaitytaknyga\/\"]}]}<\/script>\n<!-- \/ Yoast SEO plugin. -->","yoast_head_json":{"title":"Pribuv\u0117jos prakeiksmas (pasitryn\u0119s pavadinimas)","description":"Pribuv\u0117jos sagos ketvirtoji knyga \u201ePRIBUV\u0116JOS PRAKEIKSMAS\u201c \u2013 epinis Sabine Ebert romanas apie viduram\u017eius, gyvai ir unikaliai atkuriantis Vidurio Europos","robots":{"index":"index","follow":"follow","max-snippet":"max-snippet:-1","max-image-preview":"max-image-preview:large","max-video-preview":"max-video-preview:-1"},"canonical":"https:\/\/skaitytaknyga.lt\/en\/produktas\/pribuvejos-prakeiksmas-pasitrynes-pavadinimas\/","og_locale":"en_GB","og_type":"article","og_title":"[:lt]Pribuv\u0117jos prakeiksmas (pasitryn\u0119s pavadinimas)[:] - Skaitytaknyga","og_description":"Pribuv\u0117jos sagos ketvirtoji knyga \u201ePRIBUV\u0116JOS PRAKEIKSMAS\u201c \u2013 epinis Sabine Ebert romanas apie viduram\u017eius, gyvai ir unikaliai atkuriantis Vidurio Europos","og_url":"https:\/\/skaitytaknyga.lt\/en\/produktas\/pribuvejos-prakeiksmas-pasitrynes-pavadinimas\/","og_site_name":"Skaitytaknyga","article_publisher":"https:\/\/www.facebook.com\/skaitytaknyga\/","article_modified_time":"2026-03-10T17:44:15+00:00","og_image":[{"width":300,"height":438,"url":"https:\/\/skaitytaknyga.lt\/wp-content\/uploads\/2025\/10\/Pribuvejos-prakeiksmas-1.webp","type":"image\/webp"}],"twitter_card":"summary_large_image","twitter_misc":{"Estimated reading time":"1 minute"},"schema":{"@context":"https:\/\/schema.org","@graph":[{"@type":"WebPage","@id":"https:\/\/skaitytaknyga.lt\/produktas\/pribuvejos-prakeiksmas-pasitrynes-pavadinimas\/","url":"https:\/\/skaitytaknyga.lt\/produktas\/pribuvejos-prakeiksmas-pasitrynes-pavadinimas\/","name":"Pribuv\u0117jos prakeiksmas (pasitryn\u0119s pavadinimas)","isPartOf":{"@id":"https:\/\/skaitytaknyga.lt\/#website"},"primaryImageOfPage":{"@id":"https:\/\/skaitytaknyga.lt\/produktas\/pribuvejos-prakeiksmas-pasitrynes-pavadinimas\/#primaryimage"},"image":{"@id":"https:\/\/skaitytaknyga.lt\/produktas\/pribuvejos-prakeiksmas-pasitrynes-pavadinimas\/#primaryimage"},"thumbnailUrl":"https:\/\/skaitytaknyga.lt\/wp-content\/uploads\/2025\/10\/Pribuvejos-prakeiksmas-1.webp","datePublished":"2025-10-14T16:23:43+00:00","dateModified":"2026-03-10T17:44:15+00:00","description":"Pribuv\u0117jos sagos ketvirtoji knyga \u201ePRIBUV\u0116JOS PRAKEIKSMAS\u201c \u2013 epinis Sabine Ebert romanas apie viduram\u017eius, gyvai ir unikaliai atkuriantis Vidurio Europos","breadcrumb":{"@id":"https:\/\/skaitytaknyga.lt\/produktas\/pribuvejos-prakeiksmas-pasitrynes-pavadinimas\/#breadcrumb"},"inLanguage":"en-GB","potentialAction":[{"@type":"ReadAction","target":["https:\/\/skaitytaknyga.lt\/produktas\/pribuvejos-prakeiksmas-pasitrynes-pavadinimas\/"]}]},{"@type":"ImageObject","inLanguage":"en-GB","@id":"https:\/\/skaitytaknyga.lt\/produktas\/pribuvejos-prakeiksmas-pasitrynes-pavadinimas\/#primaryimage","url":"https:\/\/skaitytaknyga.lt\/wp-content\/uploads\/2025\/10\/Pribuvejos-prakeiksmas-1.webp","contentUrl":"https:\/\/skaitytaknyga.lt\/wp-content\/uploads\/2025\/10\/Pribuvejos-prakeiksmas-1.webp","width":300,"height":438,"caption":"Pribuv\u0117jos prakeiksmas"},{"@type":"BreadcrumbList","@id":"https:\/\/skaitytaknyga.lt\/produktas\/pribuvejos-prakeiksmas-pasitrynes-pavadinimas\/#breadcrumb","itemListElement":[{"@type":"ListItem","position":1,"name":"Home","item":"https:\/\/skaitytaknyga.lt\/"},{"@type":"ListItem","position":2,"name":"Parduotuv\u0117","item":"https:\/\/skaitytaknyga.lt\/knygu-parduotuve\/"},{"@type":"ListItem","position":3,"name":"Pribuv\u0117jos prakeiksmas (pasitryn\u0119s pavadinimas)"}]},{"@type":"WebSite","@id":"https:\/\/skaitytaknyga.lt\/#website","url":"https:\/\/skaitytaknyga.lt\/","name":"skaitytaknyga.lt","description":"Skaitytaknyga.lt \u2013 tai ma\u017eas \u0161eimos verslas, kuris prasid\u0117jo nuo meil\u0117s knygoms ir siekio i\u0161gelb\u0117ti knygas nuo likimo prie konteinerio. Kas vienam nereikalingas daiktas \u2013 kitam lobis, o mes esame tarpininkai, kurie padeda abiems tapti laimingesniems ???? \u017dinome kaip nelengva i\u0161gyventi ma\u017eiems verslams, tad nuo \u0161iol, \u010dia rasite ir kit\u0173, ma\u017e\u0173 \u0161eim\u0173 versl\u0173, rank\u0173 darbo, dovan\u0173 sau ir artimiesiems.","publisher":{"@id":"https:\/\/skaitytaknyga.lt\/#organization"},"potentialAction":[{"@type":"SearchAction","target":{"@type":"EntryPoint","urlTemplate":"https:\/\/skaitytaknyga.lt\/?s={search_term_string}"},"query-input":{"@type":"PropertyValueSpecification","valueRequired":true,"valueName":"search_term_string"}}],"inLanguage":"en-GB"},{"@type":"Organization","@id":"https:\/\/skaitytaknyga.lt\/#organization","name":"skaitytaknyga.lt","url":"https:\/\/skaitytaknyga.lt\/","logo":{"@type":"ImageObject","inLanguage":"en-GB","@id":"https:\/\/skaitytaknyga.lt\/#\/schema\/logo\/image\/","url":"https:\/\/skaitytaknyga.lt\/wp-content\/uploads\/2024\/05\/cropped-cropped-cropped-02_00843_jt3bggkj1j3HLc7SyY6rEUpg.jpeg","contentUrl":"https:\/\/skaitytaknyga.lt\/wp-content\/uploads\/2024\/05\/cropped-cropped-cropped-02_00843_jt3bggkj1j3HLc7SyY6rEUpg.jpeg","width":1600,"height":1600,"caption":"skaitytaknyga.lt"},"image":{"@id":"https:\/\/skaitytaknyga.lt\/#\/schema\/logo\/image\/"},"sameAs":["https:\/\/www.facebook.com\/skaitytaknyga\/"]}]}},"_links":{"self":[{"href":"https:\/\/skaitytaknyga.lt\/en\/wp-json\/wp\/v2\/product\/21512","targetHints":{"allow":["GET"]}}],"collection":[{"href":"https:\/\/skaitytaknyga.lt\/en\/wp-json\/wp\/v2\/product"}],"about":[{"href":"https:\/\/skaitytaknyga.lt\/en\/wp-json\/wp\/v2\/types\/product"}],"replies":[{"embeddable":true,"href":"https:\/\/skaitytaknyga.lt\/en\/wp-json\/wp\/v2\/comments?post=21512"}],"wp:featuredmedia":[{"embeddable":true,"href":"https:\/\/skaitytaknyga.lt\/en\/wp-json\/wp\/v2\/media\/21521"}],"wp:attachment":[{"href":"https:\/\/skaitytaknyga.lt\/en\/wp-json\/wp\/v2\/media?parent=21512"}],"wp:term":[{"taxonomy":"product_brand","embeddable":true,"href":"https:\/\/skaitytaknyga.lt\/en\/wp-json\/wp\/v2\/product_brand?post=21512"},{"taxonomy":"product_cat","embeddable":true,"href":"https:\/\/skaitytaknyga.lt\/en\/wp-json\/wp\/v2\/product_cat?post=21512"},{"taxonomy":"product_tag","embeddable":true,"href":"https:\/\/skaitytaknyga.lt\/en\/wp-json\/wp\/v2\/product_tag?post=21512"}],"curies":[{"name":"wp","href":"https:\/\/api.w.org\/{rel}","templated":true}]}}