{"id":21511,"date":"2025-10-14T19:23:43","date_gmt":"2025-10-14T16:23:43","guid":{"rendered":"https:\/\/skaitytaknyga.lt\/?post_type=product&#038;p=21511"},"modified":"2025-10-15T10:04:24","modified_gmt":"2025-10-15T07:04:24","slug":"dailininko-mokine","status":"publish","type":"product","link":"https:\/\/skaitytaknyga.lt\/en\/produktas\/dailininko-mokine\/","title":{"rendered":"Dailininko mokin\u0117"},"content":{"rendered":"<p>Jaudinanti istorija apie draugyst\u0119, jausmus ir pasirinkim\u0105 XVII a. Anglijoje.<\/p>\n<p>1688 metai po Did\u017eiojo Gaisro, Merifildsas. \u0160iame dvare netoli Londono gyvena Embrouzai, savo namus pavert\u0119 savoti\u0161ka sanatorija \u2013 \u010dia prieglobst\u012f randa keistuoliai, sielos \u017eaizd\u0173, melancholijos ir nerimo kamuojami \u017emon\u0117s. Visi jie kaip viena darni \u0161eima. Ta\u010diau labiausiai \u0161iuose namuose \u0161vyti jaunoji Beta Embrouz. Jau kelet\u0105 met\u0173 tapybos paslap\u010di\u0173 j\u0105 moko vienas i\u0161 namo &#8220;sve\u010di\u0173&#8221; dailininkas Johanas. \u012e\u017evelgdamas ypating\u0105 mokin\u0117s talent\u0105 Johanas skatina Bert\u0105 k\u016brybai: &#8220;Pa\u017evelk toliau savo mylim\u0173 g\u0117li\u0173. Tapyk gyvenim\u0105 \u2013 \u012fvairias jo formas ir aprai\u0161kas. B\u016bk dr\u0105si&#8221;. Dailininko \u017eod\u017eiai \u012fkvepia mergin\u0105, ta\u010diau jo paties likimas priver\u010dia susidurti su \u0161iurk\u0161\u010dia ir negailestinga tikrove&#8230;<\/p>\n<p>Tuo metu Londone br\u0119sta politin\u0117s permainos. Merifildso gyventojus pasiekia kov\u0173 tarp anglikon\u0173 ir katalik\u0173 atgarsiai. Netik\u0117tai \u012f provincij\u0105 i\u0161 Naujojo Pasaulio atvyksta jaunas, ver\u017elus ir ambicingas architektas Nojus Leitonas. Jo pasirodymas gaiviu g\u016bsiu \u012fsiver\u017eia \u012f Betos mintis. Revoliucijai \u012fsukus \u0161al\u012f \u012f politini\u0173 \u012fvyki\u0173, intrig\u0173 ir permain\u0173 s\u016bkur\u012f Berta priversta spr\u0119sti: klausytis \u0161irdies ar likti i\u0161tikimai savo apsisprendimui tapti dailininke, kovoti d\u0117l meil\u0117s ar j\u0105 paleisti?<\/p>\n<p>Tai nuostabus pasakojamas apie mergin\u0105, kuri nusprend\u0117 tapti dailininke tais laikais, kai moteriai svarbiausia buvo i\u0161tek\u0117ti, susilaukti vaik\u0173 ir r\u016bpintis \u0161eima. Apie dr\u0105s\u0105 b\u016bti savimi bet kokiomis aplinkyb\u0117mis<\/p>\n","protected":false},"excerpt":{"rendered":"<p>Jaudinanti istorija apie draugyst\u0119, jausmus ir pasirinkim\u0105 XVII a. Anglijoje. 1688 metai po Did\u017eiojo Gaisro, Merifildsas. \u0160iame dvare netoli Londono gyvena Embrouzai, savo namus pavert\u0119 savoti\u0161ka sanatorija \u2013 \u010dia prieglobst\u012f randa keistuoliai, sielos \u017eaizd\u0173, melancholijos ir nerimo kamuojami \u017emon\u0117s. Visi jie kaip viena darni \u0161eima. Ta\u010diau labiausiai \u0161iuose namuose \u0161vyti jaunoji Beta Embrouz. Jau kelet\u0105 met\u0173 tapybos paslap\u010di\u0173 j\u0105 moko vienas i\u0161 namo &#8220;sve\u010di\u0173&#8221; dailininkas Johanas. \u012e\u017evelgdamas ypating\u0105 mokin\u0117s talent\u0105 Johanas skatina Bert\u0105 k\u016brybai: &#8220;Pa\u017evelk toliau savo mylim\u0173 g\u0117li\u0173. Tapyk gyvenim\u0105 \u2013 \u012fvairias jo formas ir aprai\u0161kas. B\u016bk dr\u0105si&#8221;. Dailininko \u017eod\u017eiai \u012fkvepia mergin\u0105, ta\u010diau jo paties likimas priver\u010dia susidurti su \u0161iurk\u0161\u010dia ir negailestinga tikrove&#8230; Tuo metu Londone br\u0119sta politin\u0117s permainos. Merifildso gyventojus pasiekia kov\u0173 tarp anglikon\u0173 ir katalik\u0173 atgarsiai. Netik\u0117tai \u012f provincij\u0105 i\u0161 Naujojo Pasaulio atvyksta jaunas, ver\u017elus ir ambicingas architektas Nojus Leitonas. Jo pasirodymas gaiviu g\u016bsiu \u012fsiver\u017eia \u012f Betos mintis. Revoliucijai \u012fsukus \u0161al\u012f \u012f politini\u0173 \u012fvyki\u0173, intrig\u0173 ir permain\u0173 s\u016bkur\u012f Berta priversta spr\u0119sti: klausytis \u0161irdies ar likti i\u0161tikimai savo apsisprendimui tapti dailininke, kovoti d\u0117l meil\u0117s ar j\u0105 paleisti? Tai nuostabus pasakojamas apie mergin\u0105, kuri nusprend\u0117 tapti dailininke tais laikais, kai moteriai svarbiausia buvo i\u0161tek\u0117ti, susilaukti vaik\u0173 ir r\u016bpintis \u0161eima. Apie dr\u0105s\u0105 b\u016bti savimi bet kokiomis aplinkyb\u0117mis<\/p>\n","protected":false},"featured_media":21520,"comment_status":"open","ping_status":"closed","template":"","meta":{"_acf_changed":false,"site-sidebar-layout":"default","site-content-layout":"","ast-site-content-layout":"default","site-content-style":"default","site-sidebar-style":"default","ast-global-header-display":"","ast-banner-title-visibility":"","ast-main-header-display":"","ast-hfb-above-header-display":"","ast-hfb-below-header-display":"","ast-hfb-mobile-header-display":"","site-post-title":"","ast-breadcrumbs-content":"","ast-featured-img":"","footer-sml-layout":"","ast-disable-related-posts":"","theme-transparent-header-meta":"","adv-header-id-meta":"","stick-header-meta":"","header-above-stick-meta":"","header-main-stick-meta":"","header-below-stick-meta":"","astra-migrate-meta-layouts":"default","ast-page-background-enabled":"default","ast-page-background-meta":{"desktop":{"background-color":"","background-image":"","background-repeat":"repeat","background-position":"center center","background-size":"auto","background-attachment":"scroll","background-type":"","background-media":"","overlay-type":"","overlay-color":"","overlay-opacity":"","overlay-gradient":""},"tablet":{"background-color":"","background-image":"","background-repeat":"repeat","background-position":"center center","background-size":"auto","background-attachment":"scroll","background-type":"","background-media":"","overlay-type":"","overlay-color":"","overlay-opacity":"","overlay-gradient":""},"mobile":{"background-color":"","background-image":"","background-repeat":"repeat","background-position":"center center","background-size":"auto","background-attachment":"scroll","background-type":"","background-media":"","overlay-type":"","overlay-color":"","overlay-opacity":"","overlay-gradient":""}},"ast-content-background-meta":{"desktop":{"background-color":"var(--ast-global-color-4)","background-image":"","background-repeat":"repeat","background-position":"center center","background-size":"auto","background-attachment":"scroll","background-type":"","background-media":"","overlay-type":"","overlay-color":"","overlay-opacity":"","overlay-gradient":""},"tablet":{"background-color":"var(--ast-global-color-4)","background-image":"","background-repeat":"repeat","background-position":"center center","background-size":"auto","background-attachment":"scroll","background-type":"","background-media":"","overlay-type":"","overlay-color":"","overlay-opacity":"","overlay-gradient":""},"mobile":{"background-color":"var(--ast-global-color-4)","background-image":"","background-repeat":"repeat","background-position":"center center","background-size":"auto","background-attachment":"scroll","background-type":"","background-media":"","overlay-type":"","overlay-color":"","overlay-opacity":"","overlay-gradient":""}}},"product_brand":[],"product_cat":[31],"product_tag":[],"class_list":{"0":"post-21511","1":"product","2":"type-product","3":"status-publish","4":"has-post-thumbnail","6":"product_cat-grozine-literatura","7":"desktop-align-left","8":"tablet-align-left","9":"mobile-align-left","11":"first","12":"instock","13":"shipping-taxable","14":"purchasable","15":"product-type-simple"},"acf":[],"yoast_head":"<!-- This site is optimized with the Yoast SEO plugin v27.0 - https:\/\/yoast.com\/product\/yoast-seo-wordpress\/ -->\n<title>Dailininko mokin\u0117<\/title>\n<meta name=\"description\" content=\"Jaudinanti istorija apie draugyst\u0119, jausmus ir pasirinkim\u0105 XVII a. Anglijoje. 1688 metai po Did\u017eiojo Gaisro, Merifildsas. \u0160iame dvare netoli Londono\" \/>\n<meta name=\"robots\" content=\"index, follow, max-snippet:-1, max-image-preview:large, max-video-preview:-1\" \/>\n<link rel=\"canonical\" href=\"https:\/\/skaitytaknyga.lt\/en\/produktas\/dailininko-mokine\/\" \/>\n<meta property=\"og:locale\" content=\"en_GB\" \/>\n<meta property=\"og:locale:alternate\" content=\"lt_LT\" \/>\n<meta property=\"og:type\" content=\"article\" \/>\n<meta property=\"og:title\" content=\"Dailininko mokin\u0117\" \/>\n<meta property=\"og:description\" content=\"Jaudinanti istorija apie draugyst\u0119, jausmus ir pasirinkim\u0105 XVII a. Anglijoje. 1688 metai po Did\u017eiojo Gaisro, Merifildsas. \u0160iame dvare netoli Londono\" \/>\n<meta property=\"og:url\" content=\"https:\/\/skaitytaknyga.lt\/en\/produktas\/dailininko-mokine\/\" \/>\n<meta property=\"og:site_name\" content=\"Skaitytaknyga\" \/>\n<meta property=\"article:publisher\" content=\"https:\/\/www.facebook.com\/skaitytaknyga\/\" \/>\n<meta property=\"article:modified_time\" content=\"2025-10-15T07:04:24+00:00\" \/>\n<meta property=\"og:image\" content=\"https:\/\/skaitytaknyga.lt\/wp-content\/uploads\/2025\/10\/Dailininko-mokine-1.webp\" \/>\n\t<meta property=\"og:image:width\" content=\"285\" \/>\n\t<meta property=\"og:image:height\" content=\"467\" \/>\n\t<meta property=\"og:image:type\" content=\"image\/webp\" \/>\n<meta name=\"twitter:card\" content=\"summary_large_image\" \/>\n<meta name=\"twitter:label1\" content=\"Estimated reading time\" \/>\n\t<meta name=\"twitter:data1\" content=\"1 minute\" \/>\n<script type=\"application\/ld+json\" class=\"yoast-schema-graph\">{\"@context\":\"https:\/\/schema.org\",\"@graph\":[{\"@type\":\"WebPage\",\"@id\":\"https:\/\/skaitytaknyga.lt\/produktas\/dailininko-mokine\/\",\"url\":\"https:\/\/skaitytaknyga.lt\/produktas\/dailininko-mokine\/\",\"name\":\"Dailininko mokin\u0117\",\"isPartOf\":{\"@id\":\"https:\/\/skaitytaknyga.lt\/#website\"},\"primaryImageOfPage\":{\"@id\":\"https:\/\/skaitytaknyga.lt\/produktas\/dailininko-mokine\/#primaryimage\"},\"image\":{\"@id\":\"https:\/\/skaitytaknyga.lt\/produktas\/dailininko-mokine\/#primaryimage\"},\"thumbnailUrl\":\"https:\/\/skaitytaknyga.lt\/wp-content\/uploads\/2025\/10\/Dailininko-mokine-1.webp\",\"datePublished\":\"2025-10-14T16:23:43+00:00\",\"dateModified\":\"2025-10-15T07:04:24+00:00\",\"description\":\"Jaudinanti istorija apie draugyst\u0119, jausmus ir pasirinkim\u0105 XVII a. Anglijoje. 1688 metai po Did\u017eiojo Gaisro, Merifildsas. \u0160iame dvare netoli Londono\",\"breadcrumb\":{\"@id\":\"https:\/\/skaitytaknyga.lt\/produktas\/dailininko-mokine\/#breadcrumb\"},\"inLanguage\":\"en-GB\",\"potentialAction\":[{\"@type\":\"ReadAction\",\"target\":[\"https:\/\/skaitytaknyga.lt\/produktas\/dailininko-mokine\/\"]}]},{\"@type\":\"ImageObject\",\"inLanguage\":\"en-GB\",\"@id\":\"https:\/\/skaitytaknyga.lt\/produktas\/dailininko-mokine\/#primaryimage\",\"url\":\"https:\/\/skaitytaknyga.lt\/wp-content\/uploads\/2025\/10\/Dailininko-mokine-1.webp\",\"contentUrl\":\"https:\/\/skaitytaknyga.lt\/wp-content\/uploads\/2025\/10\/Dailininko-mokine-1.webp\",\"width\":285,\"height\":467,\"caption\":\"Dailininko mokin\u0117\"},{\"@type\":\"BreadcrumbList\",\"@id\":\"https:\/\/skaitytaknyga.lt\/produktas\/dailininko-mokine\/#breadcrumb\",\"itemListElement\":[{\"@type\":\"ListItem\",\"position\":1,\"name\":\"Home\",\"item\":\"https:\/\/skaitytaknyga.lt\/\"},{\"@type\":\"ListItem\",\"position\":2,\"name\":\"Parduotuv\u0117\",\"item\":\"https:\/\/skaitytaknyga.lt\/knygu-parduotuve\/\"},{\"@type\":\"ListItem\",\"position\":3,\"name\":\"Dailininko mokin\u0117\"}]},{\"@type\":\"WebSite\",\"@id\":\"https:\/\/skaitytaknyga.lt\/#website\",\"url\":\"https:\/\/skaitytaknyga.lt\/\",\"name\":\"skaitytaknyga.lt\",\"description\":\"Skaitytaknyga.lt \u2013 tai ma\u017eas \u0161eimos verslas, kuris prasid\u0117jo nuo meil\u0117s knygoms ir siekio i\u0161gelb\u0117ti knygas nuo likimo prie konteinerio. Kas vienam nereikalingas daiktas \u2013 kitam lobis, o mes esame tarpininkai, kurie padeda abiems tapti laimingesniems ???? \u017dinome kaip nelengva i\u0161gyventi ma\u017eiems verslams, tad nuo \u0161iol, \u010dia rasite ir kit\u0173, ma\u017e\u0173 \u0161eim\u0173 versl\u0173, rank\u0173 darbo, dovan\u0173 sau ir artimiesiems.\",\"publisher\":{\"@id\":\"https:\/\/skaitytaknyga.lt\/#organization\"},\"potentialAction\":[{\"@type\":\"SearchAction\",\"target\":{\"@type\":\"EntryPoint\",\"urlTemplate\":\"https:\/\/skaitytaknyga.lt\/?s={search_term_string}\"},\"query-input\":{\"@type\":\"PropertyValueSpecification\",\"valueRequired\":true,\"valueName\":\"search_term_string\"}}],\"inLanguage\":\"en-GB\"},{\"@type\":\"Organization\",\"@id\":\"https:\/\/skaitytaknyga.lt\/#organization\",\"name\":\"skaitytaknyga.lt\",\"url\":\"https:\/\/skaitytaknyga.lt\/\",\"logo\":{\"@type\":\"ImageObject\",\"inLanguage\":\"en-GB\",\"@id\":\"https:\/\/skaitytaknyga.lt\/#\/schema\/logo\/image\/\",\"url\":\"https:\/\/skaitytaknyga.lt\/wp-content\/uploads\/2024\/05\/cropped-cropped-cropped-02_00843_jt3bggkj1j3HLc7SyY6rEUpg.jpeg\",\"contentUrl\":\"https:\/\/skaitytaknyga.lt\/wp-content\/uploads\/2024\/05\/cropped-cropped-cropped-02_00843_jt3bggkj1j3HLc7SyY6rEUpg.jpeg\",\"width\":1600,\"height\":1600,\"caption\":\"skaitytaknyga.lt\"},\"image\":{\"@id\":\"https:\/\/skaitytaknyga.lt\/#\/schema\/logo\/image\/\"},\"sameAs\":[\"https:\/\/www.facebook.com\/skaitytaknyga\/\"]}]}<\/script>\n<!-- \/ Yoast SEO plugin. -->","yoast_head_json":{"title":"Dailininko mokin\u0117","description":"Jaudinanti istorija apie draugyst\u0119, jausmus ir pasirinkim\u0105 XVII a. Anglijoje. 1688 metai po Did\u017eiojo Gaisro, Merifildsas. \u0160iame dvare netoli Londono","robots":{"index":"index","follow":"follow","max-snippet":"max-snippet:-1","max-image-preview":"max-image-preview:large","max-video-preview":"max-video-preview:-1"},"canonical":"https:\/\/skaitytaknyga.lt\/en\/produktas\/dailininko-mokine\/","og_locale":"en_GB","og_type":"article","og_title":"[:lt]Dailininko mokin\u0117[:] - Skaitytaknyga","og_description":"Jaudinanti istorija apie draugyst\u0119, jausmus ir pasirinkim\u0105 XVII a. Anglijoje. 1688 metai po Did\u017eiojo Gaisro, Merifildsas. \u0160iame dvare netoli Londono","og_url":"https:\/\/skaitytaknyga.lt\/en\/produktas\/dailininko-mokine\/","og_site_name":"Skaitytaknyga","article_publisher":"https:\/\/www.facebook.com\/skaitytaknyga\/","article_modified_time":"2025-10-15T07:04:24+00:00","og_image":[{"width":285,"height":467,"url":"https:\/\/skaitytaknyga.lt\/wp-content\/uploads\/2025\/10\/Dailininko-mokine-1.webp","type":"image\/webp"}],"twitter_card":"summary_large_image","twitter_misc":{"Estimated reading time":"1 minute"},"schema":{"@context":"https:\/\/schema.org","@graph":[{"@type":"WebPage","@id":"https:\/\/skaitytaknyga.lt\/produktas\/dailininko-mokine\/","url":"https:\/\/skaitytaknyga.lt\/produktas\/dailininko-mokine\/","name":"Dailininko mokin\u0117","isPartOf":{"@id":"https:\/\/skaitytaknyga.lt\/#website"},"primaryImageOfPage":{"@id":"https:\/\/skaitytaknyga.lt\/produktas\/dailininko-mokine\/#primaryimage"},"image":{"@id":"https:\/\/skaitytaknyga.lt\/produktas\/dailininko-mokine\/#primaryimage"},"thumbnailUrl":"https:\/\/skaitytaknyga.lt\/wp-content\/uploads\/2025\/10\/Dailininko-mokine-1.webp","datePublished":"2025-10-14T16:23:43+00:00","dateModified":"2025-10-15T07:04:24+00:00","description":"Jaudinanti istorija apie draugyst\u0119, jausmus ir pasirinkim\u0105 XVII a. Anglijoje. 1688 metai po Did\u017eiojo Gaisro, Merifildsas. \u0160iame dvare netoli Londono","breadcrumb":{"@id":"https:\/\/skaitytaknyga.lt\/produktas\/dailininko-mokine\/#breadcrumb"},"inLanguage":"en-GB","potentialAction":[{"@type":"ReadAction","target":["https:\/\/skaitytaknyga.lt\/produktas\/dailininko-mokine\/"]}]},{"@type":"ImageObject","inLanguage":"en-GB","@id":"https:\/\/skaitytaknyga.lt\/produktas\/dailininko-mokine\/#primaryimage","url":"https:\/\/skaitytaknyga.lt\/wp-content\/uploads\/2025\/10\/Dailininko-mokine-1.webp","contentUrl":"https:\/\/skaitytaknyga.lt\/wp-content\/uploads\/2025\/10\/Dailininko-mokine-1.webp","width":285,"height":467,"caption":"Dailininko mokin\u0117"},{"@type":"BreadcrumbList","@id":"https:\/\/skaitytaknyga.lt\/produktas\/dailininko-mokine\/#breadcrumb","itemListElement":[{"@type":"ListItem","position":1,"name":"Home","item":"https:\/\/skaitytaknyga.lt\/"},{"@type":"ListItem","position":2,"name":"Parduotuv\u0117","item":"https:\/\/skaitytaknyga.lt\/knygu-parduotuve\/"},{"@type":"ListItem","position":3,"name":"Dailininko mokin\u0117"}]},{"@type":"WebSite","@id":"https:\/\/skaitytaknyga.lt\/#website","url":"https:\/\/skaitytaknyga.lt\/","name":"skaitytaknyga.lt","description":"Skaitytaknyga.lt \u2013 tai ma\u017eas \u0161eimos verslas, kuris prasid\u0117jo nuo meil\u0117s knygoms ir siekio i\u0161gelb\u0117ti knygas nuo likimo prie konteinerio. Kas vienam nereikalingas daiktas \u2013 kitam lobis, o mes esame tarpininkai, kurie padeda abiems tapti laimingesniems ???? \u017dinome kaip nelengva i\u0161gyventi ma\u017eiems verslams, tad nuo \u0161iol, \u010dia rasite ir kit\u0173, ma\u017e\u0173 \u0161eim\u0173 versl\u0173, rank\u0173 darbo, dovan\u0173 sau ir artimiesiems.","publisher":{"@id":"https:\/\/skaitytaknyga.lt\/#organization"},"potentialAction":[{"@type":"SearchAction","target":{"@type":"EntryPoint","urlTemplate":"https:\/\/skaitytaknyga.lt\/?s={search_term_string}"},"query-input":{"@type":"PropertyValueSpecification","valueRequired":true,"valueName":"search_term_string"}}],"inLanguage":"en-GB"},{"@type":"Organization","@id":"https:\/\/skaitytaknyga.lt\/#organization","name":"skaitytaknyga.lt","url":"https:\/\/skaitytaknyga.lt\/","logo":{"@type":"ImageObject","inLanguage":"en-GB","@id":"https:\/\/skaitytaknyga.lt\/#\/schema\/logo\/image\/","url":"https:\/\/skaitytaknyga.lt\/wp-content\/uploads\/2024\/05\/cropped-cropped-cropped-02_00843_jt3bggkj1j3HLc7SyY6rEUpg.jpeg","contentUrl":"https:\/\/skaitytaknyga.lt\/wp-content\/uploads\/2024\/05\/cropped-cropped-cropped-02_00843_jt3bggkj1j3HLc7SyY6rEUpg.jpeg","width":1600,"height":1600,"caption":"skaitytaknyga.lt"},"image":{"@id":"https:\/\/skaitytaknyga.lt\/#\/schema\/logo\/image\/"},"sameAs":["https:\/\/www.facebook.com\/skaitytaknyga\/"]}]}},"_links":{"self":[{"href":"https:\/\/skaitytaknyga.lt\/en\/wp-json\/wp\/v2\/product\/21511","targetHints":{"allow":["GET"]}}],"collection":[{"href":"https:\/\/skaitytaknyga.lt\/en\/wp-json\/wp\/v2\/product"}],"about":[{"href":"https:\/\/skaitytaknyga.lt\/en\/wp-json\/wp\/v2\/types\/product"}],"replies":[{"embeddable":true,"href":"https:\/\/skaitytaknyga.lt\/en\/wp-json\/wp\/v2\/comments?post=21511"}],"wp:featuredmedia":[{"embeddable":true,"href":"https:\/\/skaitytaknyga.lt\/en\/wp-json\/wp\/v2\/media\/21520"}],"wp:attachment":[{"href":"https:\/\/skaitytaknyga.lt\/en\/wp-json\/wp\/v2\/media?parent=21511"}],"wp:term":[{"taxonomy":"product_brand","embeddable":true,"href":"https:\/\/skaitytaknyga.lt\/en\/wp-json\/wp\/v2\/product_brand?post=21511"},{"taxonomy":"product_cat","embeddable":true,"href":"https:\/\/skaitytaknyga.lt\/en\/wp-json\/wp\/v2\/product_cat?post=21511"},{"taxonomy":"product_tag","embeddable":true,"href":"https:\/\/skaitytaknyga.lt\/en\/wp-json\/wp\/v2\/product_tag?post=21511"}],"curies":[{"name":"wp","href":"https:\/\/api.w.org\/{rel}","templated":true}]}}