{"id":21510,"date":"2025-10-14T19:23:42","date_gmt":"2025-10-14T16:23:42","guid":{"rendered":"https:\/\/skaitytaknyga.lt\/?post_type=product&#038;p=21510"},"modified":"2025-10-15T10:04:24","modified_gmt":"2025-10-15T07:04:24","slug":"angelai-neverkia-kas-mes-butume-be-meiles","status":"publish","type":"product","link":"https:\/\/skaitytaknyga.lt\/en\/produktas\/angelai-neverkia-kas-mes-butume-be-meiles\/","title":{"rendered":"Angelai neverkia: kas mes b\u016btume be meil\u0117s?"},"content":{"rendered":"<p>Meil\u0117 gali pasivyti ir po dvide\u0161imties met\u0173. Tada, kai nieko i\u0161 gyvenimo nebesitiki ir nebelauki.<\/p>\n<p>Ar \u012fmanoma t\u0105 pat\u012f \u017emog\u0173 \u012fsimyl\u0117ti antr\u0105 kart\u0105, nors jis kadaise sudau\u017e\u0117 \u0161ird\u012f ir gyvenim\u0105 \u012f \u0161ipulius? K\u0105 daryti, kai per\u017eengus penki\u0173 de\u0161im\u010di\u0173 met\u0173 slenkst\u012f \u012fsisuka beproti\u0161k\u0173 jausm\u0173 verpetai?<\/p>\n<p>\u017dengti \u012f t\u0105 pa\u010di\u0105 up\u0119 \u2013 tikriausiai kvailas pasirinkimas. Bet&#8230; kod\u0117l ne?<\/p>\n<p>Knygos heroj\u0119 Jurg\u0105 pasiveja ne tik meil\u0117, bet ir liga, ne\u0161anti kitoki\u0173 jausm\u0173 sumai\u0161t\u012f. Skausminga patirtis jai padeda naujai pamatyti pasaul\u012f ir artimus \u017emones.<\/p>\n<p>Jolita Herlyn romanus prad\u0117jo ra\u0161yti su \u0161eima apsigyvenusi Hamburge. Praeityje palikusi filosofijos d\u0117stytojos, valdinink\u0117s, \u017eurnalist\u0117s, televizijos laid\u0173 ved\u0117jos ir rinkodaros specialist\u0117s karjer\u0105, ji \u0117m\u0117 kurti istorijas, kuri\u0173 heroj\u0117s \u2013 moterys, ie\u0161kan\u010dios savo kelio, mylin\u010dios ir abejojan\u010dios, klystan\u010dios, bet nepal\u016b\u017etan\u010dios. \u201eAngelai neverkia&#8221; \u2013 \u0161e\u0161tasis autor\u0117s romanas.<\/p>\n","protected":false},"excerpt":{"rendered":"<p>Meil\u0117 gali pasivyti ir po dvide\u0161imties met\u0173. Tada, kai nieko i\u0161 gyvenimo nebesitiki ir nebelauki. Ar \u012fmanoma t\u0105 pat\u012f \u017emog\u0173 \u012fsimyl\u0117ti antr\u0105 kart\u0105, nors jis kadaise sudau\u017e\u0117 \u0161ird\u012f ir gyvenim\u0105 \u012f \u0161ipulius? K\u0105 daryti, kai per\u017eengus penki\u0173 de\u0161im\u010di\u0173 met\u0173 slenkst\u012f \u012fsisuka beproti\u0161k\u0173 jausm\u0173 verpetai? \u017dengti \u012f t\u0105 pa\u010di\u0105 up\u0119 \u2013 tikriausiai kvailas pasirinkimas. Bet&#8230; kod\u0117l ne? Knygos heroj\u0119 Jurg\u0105 pasiveja ne tik meil\u0117, bet ir liga, ne\u0161anti kitoki\u0173 jausm\u0173 sumai\u0161t\u012f. Skausminga patirtis jai padeda naujai pamatyti pasaul\u012f ir artimus \u017emones. Jolita Herlyn romanus prad\u0117jo ra\u0161yti su \u0161eima apsigyvenusi Hamburge. Praeityje palikusi filosofijos d\u0117stytojos, valdinink\u0117s, \u017eurnalist\u0117s, televizijos laid\u0173 ved\u0117jos ir rinkodaros specialist\u0117s karjer\u0105, ji \u0117m\u0117 kurti istorijas, kuri\u0173 heroj\u0117s \u2013 moterys, ie\u0161kan\u010dios savo kelio, mylin\u010dios ir abejojan\u010dios, klystan\u010dios, bet nepal\u016b\u017etan\u010dios. \u201eAngelai neverkia&#8221; \u2013 \u0161e\u0161tasis autor\u0117s romanas.<\/p>\n","protected":false},"featured_media":21519,"comment_status":"open","ping_status":"closed","template":"","meta":{"_acf_changed":false,"site-sidebar-layout":"default","site-content-layout":"","ast-site-content-layout":"default","site-content-style":"default","site-sidebar-style":"default","ast-global-header-display":"","ast-banner-title-visibility":"","ast-main-header-display":"","ast-hfb-above-header-display":"","ast-hfb-below-header-display":"","ast-hfb-mobile-header-display":"","site-post-title":"","ast-breadcrumbs-content":"","ast-featured-img":"","footer-sml-layout":"","ast-disable-related-posts":"","theme-transparent-header-meta":"","adv-header-id-meta":"","stick-header-meta":"","header-above-stick-meta":"","header-main-stick-meta":"","header-below-stick-meta":"","astra-migrate-meta-layouts":"default","ast-page-background-enabled":"default","ast-page-background-meta":{"desktop":{"background-color":"","background-image":"","background-repeat":"repeat","background-position":"center center","background-size":"auto","background-attachment":"scroll","background-type":"","background-media":"","overlay-type":"","overlay-color":"","overlay-opacity":"","overlay-gradient":""},"tablet":{"background-color":"","background-image":"","background-repeat":"repeat","background-position":"center center","background-size":"auto","background-attachment":"scroll","background-type":"","background-media":"","overlay-type":"","overlay-color":"","overlay-opacity":"","overlay-gradient":""},"mobile":{"background-color":"","background-image":"","background-repeat":"repeat","background-position":"center center","background-size":"auto","background-attachment":"scroll","background-type":"","background-media":"","overlay-type":"","overlay-color":"","overlay-opacity":"","overlay-gradient":""}},"ast-content-background-meta":{"desktop":{"background-color":"var(--ast-global-color-4)","background-image":"","background-repeat":"repeat","background-position":"center center","background-size":"auto","background-attachment":"scroll","background-type":"","background-media":"","overlay-type":"","overlay-color":"","overlay-opacity":"","overlay-gradient":""},"tablet":{"background-color":"var(--ast-global-color-4)","background-image":"","background-repeat":"repeat","background-position":"center center","background-size":"auto","background-attachment":"scroll","background-type":"","background-media":"","overlay-type":"","overlay-color":"","overlay-opacity":"","overlay-gradient":""},"mobile":{"background-color":"var(--ast-global-color-4)","background-image":"","background-repeat":"repeat","background-position":"center center","background-size":"auto","background-attachment":"scroll","background-type":"","background-media":"","overlay-type":"","overlay-color":"","overlay-opacity":"","overlay-gradient":""}}},"product_brand":[],"product_cat":[31],"product_tag":[],"class_list":{"0":"post-21510","1":"product","2":"type-product","3":"status-publish","4":"has-post-thumbnail","6":"product_cat-grozine-literatura","7":"desktop-align-left","8":"tablet-align-left","9":"mobile-align-left","11":"first","12":"instock","13":"shipping-taxable","14":"purchasable","15":"product-type-simple"},"acf":[],"yoast_head":"<!-- This site is optimized with the Yoast SEO plugin v27.0 - https:\/\/yoast.com\/product\/yoast-seo-wordpress\/ -->\n<title>Angelai neverkia: kas mes b\u016btume be meil\u0117s?<\/title>\n<meta name=\"description\" content=\"Meil\u0117 gali pasivyti ir po dvide\u0161imties met\u0173. Tada, kai nieko i\u0161 gyvenimo nebesitiki ir nebelauki. Ar \u012fmanoma t\u0105 pat\u012f \u017emog\u0173 \u012fsimyl\u0117ti antr\u0105 kart\u0105, nors jis\" \/>\n<meta name=\"robots\" content=\"index, follow, max-snippet:-1, max-image-preview:large, max-video-preview:-1\" \/>\n<link rel=\"canonical\" href=\"https:\/\/skaitytaknyga.lt\/en\/produktas\/angelai-neverkia-kas-mes-butume-be-meiles\/\" \/>\n<meta property=\"og:locale\" content=\"en_GB\" \/>\n<meta property=\"og:locale:alternate\" content=\"lt_LT\" \/>\n<meta property=\"og:type\" content=\"article\" \/>\n<meta property=\"og:title\" content=\"Angelai neverkia: kas mes b\u016btume be meil\u0117s?\" \/>\n<meta property=\"og:description\" content=\"Meil\u0117 gali pasivyti ir po dvide\u0161imties met\u0173. Tada, kai nieko i\u0161 gyvenimo nebesitiki ir nebelauki. Ar \u012fmanoma t\u0105 pat\u012f \u017emog\u0173 \u012fsimyl\u0117ti antr\u0105 kart\u0105, nors jis\" \/>\n<meta property=\"og:url\" content=\"https:\/\/skaitytaknyga.lt\/en\/produktas\/angelai-neverkia-kas-mes-butume-be-meiles\/\" \/>\n<meta property=\"og:site_name\" content=\"Skaitytaknyga\" \/>\n<meta property=\"article:publisher\" content=\"https:\/\/www.facebook.com\/skaitytaknyga\/\" \/>\n<meta property=\"article:modified_time\" content=\"2025-10-15T07:04:24+00:00\" \/>\n<meta property=\"og:image\" content=\"https:\/\/skaitytaknyga.lt\/wp-content\/uploads\/2025\/10\/Angelai-neverkia-kas-mes-butume-be-meiles.webp\" \/>\n\t<meta property=\"og:image:width\" content=\"285\" \/>\n\t<meta property=\"og:image:height\" content=\"467\" \/>\n\t<meta property=\"og:image:type\" content=\"image\/webp\" \/>\n<meta name=\"twitter:card\" content=\"summary_large_image\" \/>\n<meta name=\"twitter:label1\" content=\"Estimated reading time\" \/>\n\t<meta name=\"twitter:data1\" content=\"1 minute\" \/>\n<script type=\"application\/ld+json\" class=\"yoast-schema-graph\">{\"@context\":\"https:\/\/schema.org\",\"@graph\":[{\"@type\":\"WebPage\",\"@id\":\"https:\/\/skaitytaknyga.lt\/produktas\/angelai-neverkia-kas-mes-butume-be-meiles\/\",\"url\":\"https:\/\/skaitytaknyga.lt\/produktas\/angelai-neverkia-kas-mes-butume-be-meiles\/\",\"name\":\"Angelai neverkia: kas mes b\u016btume be meil\u0117s?\",\"isPartOf\":{\"@id\":\"https:\/\/skaitytaknyga.lt\/#website\"},\"primaryImageOfPage\":{\"@id\":\"https:\/\/skaitytaknyga.lt\/produktas\/angelai-neverkia-kas-mes-butume-be-meiles\/#primaryimage\"},\"image\":{\"@id\":\"https:\/\/skaitytaknyga.lt\/produktas\/angelai-neverkia-kas-mes-butume-be-meiles\/#primaryimage\"},\"thumbnailUrl\":\"https:\/\/skaitytaknyga.lt\/wp-content\/uploads\/2025\/10\/Angelai-neverkia-kas-mes-butume-be-meiles.webp\",\"datePublished\":\"2025-10-14T16:23:42+00:00\",\"dateModified\":\"2025-10-15T07:04:24+00:00\",\"description\":\"Meil\u0117 gali pasivyti ir po dvide\u0161imties met\u0173. Tada, kai nieko i\u0161 gyvenimo nebesitiki ir nebelauki. Ar \u012fmanoma t\u0105 pat\u012f \u017emog\u0173 \u012fsimyl\u0117ti antr\u0105 kart\u0105, nors jis\",\"breadcrumb\":{\"@id\":\"https:\/\/skaitytaknyga.lt\/produktas\/angelai-neverkia-kas-mes-butume-be-meiles\/#breadcrumb\"},\"inLanguage\":\"en-GB\",\"potentialAction\":[{\"@type\":\"ReadAction\",\"target\":[\"https:\/\/skaitytaknyga.lt\/produktas\/angelai-neverkia-kas-mes-butume-be-meiles\/\"]}]},{\"@type\":\"ImageObject\",\"inLanguage\":\"en-GB\",\"@id\":\"https:\/\/skaitytaknyga.lt\/produktas\/angelai-neverkia-kas-mes-butume-be-meiles\/#primaryimage\",\"url\":\"https:\/\/skaitytaknyga.lt\/wp-content\/uploads\/2025\/10\/Angelai-neverkia-kas-mes-butume-be-meiles.webp\",\"contentUrl\":\"https:\/\/skaitytaknyga.lt\/wp-content\/uploads\/2025\/10\/Angelai-neverkia-kas-mes-butume-be-meiles.webp\",\"width\":285,\"height\":467,\"caption\":\"Angelai neverkia: kas mes b\u016btume be meil\u0117s?\"},{\"@type\":\"BreadcrumbList\",\"@id\":\"https:\/\/skaitytaknyga.lt\/produktas\/angelai-neverkia-kas-mes-butume-be-meiles\/#breadcrumb\",\"itemListElement\":[{\"@type\":\"ListItem\",\"position\":1,\"name\":\"Home\",\"item\":\"https:\/\/skaitytaknyga.lt\/\"},{\"@type\":\"ListItem\",\"position\":2,\"name\":\"Parduotuv\u0117\",\"item\":\"https:\/\/skaitytaknyga.lt\/knygu-parduotuve\/\"},{\"@type\":\"ListItem\",\"position\":3,\"name\":\"Angelai neverkia: kas mes b\u016btume be meil\u0117s?\"}]},{\"@type\":\"WebSite\",\"@id\":\"https:\/\/skaitytaknyga.lt\/#website\",\"url\":\"https:\/\/skaitytaknyga.lt\/\",\"name\":\"skaitytaknyga.lt\",\"description\":\"Skaitytaknyga.lt \u2013 tai ma\u017eas \u0161eimos verslas, kuris prasid\u0117jo nuo meil\u0117s knygoms ir siekio i\u0161gelb\u0117ti knygas nuo likimo prie konteinerio. Kas vienam nereikalingas daiktas \u2013 kitam lobis, o mes esame tarpininkai, kurie padeda abiems tapti laimingesniems ???? \u017dinome kaip nelengva i\u0161gyventi ma\u017eiems verslams, tad nuo \u0161iol, \u010dia rasite ir kit\u0173, ma\u017e\u0173 \u0161eim\u0173 versl\u0173, rank\u0173 darbo, dovan\u0173 sau ir artimiesiems.\",\"publisher\":{\"@id\":\"https:\/\/skaitytaknyga.lt\/#organization\"},\"potentialAction\":[{\"@type\":\"SearchAction\",\"target\":{\"@type\":\"EntryPoint\",\"urlTemplate\":\"https:\/\/skaitytaknyga.lt\/?s={search_term_string}\"},\"query-input\":{\"@type\":\"PropertyValueSpecification\",\"valueRequired\":true,\"valueName\":\"search_term_string\"}}],\"inLanguage\":\"en-GB\"},{\"@type\":\"Organization\",\"@id\":\"https:\/\/skaitytaknyga.lt\/#organization\",\"name\":\"skaitytaknyga.lt\",\"url\":\"https:\/\/skaitytaknyga.lt\/\",\"logo\":{\"@type\":\"ImageObject\",\"inLanguage\":\"en-GB\",\"@id\":\"https:\/\/skaitytaknyga.lt\/#\/schema\/logo\/image\/\",\"url\":\"https:\/\/skaitytaknyga.lt\/wp-content\/uploads\/2024\/05\/cropped-cropped-cropped-02_00843_jt3bggkj1j3HLc7SyY6rEUpg.jpeg\",\"contentUrl\":\"https:\/\/skaitytaknyga.lt\/wp-content\/uploads\/2024\/05\/cropped-cropped-cropped-02_00843_jt3bggkj1j3HLc7SyY6rEUpg.jpeg\",\"width\":1600,\"height\":1600,\"caption\":\"skaitytaknyga.lt\"},\"image\":{\"@id\":\"https:\/\/skaitytaknyga.lt\/#\/schema\/logo\/image\/\"},\"sameAs\":[\"https:\/\/www.facebook.com\/skaitytaknyga\/\"]}]}<\/script>\n<!-- \/ Yoast SEO plugin. -->","yoast_head_json":{"title":"Angelai neverkia: kas mes b\u016btume be meil\u0117s?","description":"Meil\u0117 gali pasivyti ir po dvide\u0161imties met\u0173. Tada, kai nieko i\u0161 gyvenimo nebesitiki ir nebelauki. Ar \u012fmanoma t\u0105 pat\u012f \u017emog\u0173 \u012fsimyl\u0117ti antr\u0105 kart\u0105, nors jis","robots":{"index":"index","follow":"follow","max-snippet":"max-snippet:-1","max-image-preview":"max-image-preview:large","max-video-preview":"max-video-preview:-1"},"canonical":"https:\/\/skaitytaknyga.lt\/en\/produktas\/angelai-neverkia-kas-mes-butume-be-meiles\/","og_locale":"en_GB","og_type":"article","og_title":"[:lt]Angelai neverkia: kas mes b\u016btume be meil\u0117s?[:] - Skaitytaknyga","og_description":"Meil\u0117 gali pasivyti ir po dvide\u0161imties met\u0173. Tada, kai nieko i\u0161 gyvenimo nebesitiki ir nebelauki. Ar \u012fmanoma t\u0105 pat\u012f \u017emog\u0173 \u012fsimyl\u0117ti antr\u0105 kart\u0105, nors jis","og_url":"https:\/\/skaitytaknyga.lt\/en\/produktas\/angelai-neverkia-kas-mes-butume-be-meiles\/","og_site_name":"Skaitytaknyga","article_publisher":"https:\/\/www.facebook.com\/skaitytaknyga\/","article_modified_time":"2025-10-15T07:04:24+00:00","og_image":[{"width":285,"height":467,"url":"https:\/\/skaitytaknyga.lt\/wp-content\/uploads\/2025\/10\/Angelai-neverkia-kas-mes-butume-be-meiles.webp","type":"image\/webp"}],"twitter_card":"summary_large_image","twitter_misc":{"Estimated reading time":"1 minute"},"schema":{"@context":"https:\/\/schema.org","@graph":[{"@type":"WebPage","@id":"https:\/\/skaitytaknyga.lt\/produktas\/angelai-neverkia-kas-mes-butume-be-meiles\/","url":"https:\/\/skaitytaknyga.lt\/produktas\/angelai-neverkia-kas-mes-butume-be-meiles\/","name":"Angelai neverkia: kas mes b\u016btume be meil\u0117s?","isPartOf":{"@id":"https:\/\/skaitytaknyga.lt\/#website"},"primaryImageOfPage":{"@id":"https:\/\/skaitytaknyga.lt\/produktas\/angelai-neverkia-kas-mes-butume-be-meiles\/#primaryimage"},"image":{"@id":"https:\/\/skaitytaknyga.lt\/produktas\/angelai-neverkia-kas-mes-butume-be-meiles\/#primaryimage"},"thumbnailUrl":"https:\/\/skaitytaknyga.lt\/wp-content\/uploads\/2025\/10\/Angelai-neverkia-kas-mes-butume-be-meiles.webp","datePublished":"2025-10-14T16:23:42+00:00","dateModified":"2025-10-15T07:04:24+00:00","description":"Meil\u0117 gali pasivyti ir po dvide\u0161imties met\u0173. Tada, kai nieko i\u0161 gyvenimo nebesitiki ir nebelauki. Ar \u012fmanoma t\u0105 pat\u012f \u017emog\u0173 \u012fsimyl\u0117ti antr\u0105 kart\u0105, nors jis","breadcrumb":{"@id":"https:\/\/skaitytaknyga.lt\/produktas\/angelai-neverkia-kas-mes-butume-be-meiles\/#breadcrumb"},"inLanguage":"en-GB","potentialAction":[{"@type":"ReadAction","target":["https:\/\/skaitytaknyga.lt\/produktas\/angelai-neverkia-kas-mes-butume-be-meiles\/"]}]},{"@type":"ImageObject","inLanguage":"en-GB","@id":"https:\/\/skaitytaknyga.lt\/produktas\/angelai-neverkia-kas-mes-butume-be-meiles\/#primaryimage","url":"https:\/\/skaitytaknyga.lt\/wp-content\/uploads\/2025\/10\/Angelai-neverkia-kas-mes-butume-be-meiles.webp","contentUrl":"https:\/\/skaitytaknyga.lt\/wp-content\/uploads\/2025\/10\/Angelai-neverkia-kas-mes-butume-be-meiles.webp","width":285,"height":467,"caption":"Angelai neverkia: kas mes b\u016btume be meil\u0117s?"},{"@type":"BreadcrumbList","@id":"https:\/\/skaitytaknyga.lt\/produktas\/angelai-neverkia-kas-mes-butume-be-meiles\/#breadcrumb","itemListElement":[{"@type":"ListItem","position":1,"name":"Home","item":"https:\/\/skaitytaknyga.lt\/"},{"@type":"ListItem","position":2,"name":"Parduotuv\u0117","item":"https:\/\/skaitytaknyga.lt\/knygu-parduotuve\/"},{"@type":"ListItem","position":3,"name":"Angelai neverkia: kas mes b\u016btume be meil\u0117s?"}]},{"@type":"WebSite","@id":"https:\/\/skaitytaknyga.lt\/#website","url":"https:\/\/skaitytaknyga.lt\/","name":"skaitytaknyga.lt","description":"Skaitytaknyga.lt \u2013 tai ma\u017eas \u0161eimos verslas, kuris prasid\u0117jo nuo meil\u0117s knygoms ir siekio i\u0161gelb\u0117ti knygas nuo likimo prie konteinerio. Kas vienam nereikalingas daiktas \u2013 kitam lobis, o mes esame tarpininkai, kurie padeda abiems tapti laimingesniems ???? \u017dinome kaip nelengva i\u0161gyventi ma\u017eiems verslams, tad nuo \u0161iol, \u010dia rasite ir kit\u0173, ma\u017e\u0173 \u0161eim\u0173 versl\u0173, rank\u0173 darbo, dovan\u0173 sau ir artimiesiems.","publisher":{"@id":"https:\/\/skaitytaknyga.lt\/#organization"},"potentialAction":[{"@type":"SearchAction","target":{"@type":"EntryPoint","urlTemplate":"https:\/\/skaitytaknyga.lt\/?s={search_term_string}"},"query-input":{"@type":"PropertyValueSpecification","valueRequired":true,"valueName":"search_term_string"}}],"inLanguage":"en-GB"},{"@type":"Organization","@id":"https:\/\/skaitytaknyga.lt\/#organization","name":"skaitytaknyga.lt","url":"https:\/\/skaitytaknyga.lt\/","logo":{"@type":"ImageObject","inLanguage":"en-GB","@id":"https:\/\/skaitytaknyga.lt\/#\/schema\/logo\/image\/","url":"https:\/\/skaitytaknyga.lt\/wp-content\/uploads\/2024\/05\/cropped-cropped-cropped-02_00843_jt3bggkj1j3HLc7SyY6rEUpg.jpeg","contentUrl":"https:\/\/skaitytaknyga.lt\/wp-content\/uploads\/2024\/05\/cropped-cropped-cropped-02_00843_jt3bggkj1j3HLc7SyY6rEUpg.jpeg","width":1600,"height":1600,"caption":"skaitytaknyga.lt"},"image":{"@id":"https:\/\/skaitytaknyga.lt\/#\/schema\/logo\/image\/"},"sameAs":["https:\/\/www.facebook.com\/skaitytaknyga\/"]}]}},"_links":{"self":[{"href":"https:\/\/skaitytaknyga.lt\/en\/wp-json\/wp\/v2\/product\/21510","targetHints":{"allow":["GET"]}}],"collection":[{"href":"https:\/\/skaitytaknyga.lt\/en\/wp-json\/wp\/v2\/product"}],"about":[{"href":"https:\/\/skaitytaknyga.lt\/en\/wp-json\/wp\/v2\/types\/product"}],"replies":[{"embeddable":true,"href":"https:\/\/skaitytaknyga.lt\/en\/wp-json\/wp\/v2\/comments?post=21510"}],"wp:featuredmedia":[{"embeddable":true,"href":"https:\/\/skaitytaknyga.lt\/en\/wp-json\/wp\/v2\/media\/21519"}],"wp:attachment":[{"href":"https:\/\/skaitytaknyga.lt\/en\/wp-json\/wp\/v2\/media?parent=21510"}],"wp:term":[{"taxonomy":"product_brand","embeddable":true,"href":"https:\/\/skaitytaknyga.lt\/en\/wp-json\/wp\/v2\/product_brand?post=21510"},{"taxonomy":"product_cat","embeddable":true,"href":"https:\/\/skaitytaknyga.lt\/en\/wp-json\/wp\/v2\/product_cat?post=21510"},{"taxonomy":"product_tag","embeddable":true,"href":"https:\/\/skaitytaknyga.lt\/en\/wp-json\/wp\/v2\/product_tag?post=21510"}],"curies":[{"name":"wp","href":"https:\/\/api.w.org\/{rel}","templated":true}]}}