{"id":21506,"date":"2025-10-14T16:29:05","date_gmt":"2025-10-14T13:29:05","guid":{"rendered":"https:\/\/skaitytaknyga.lt\/?post_type=product&#038;p=21506"},"modified":"2025-10-15T10:04:24","modified_gmt":"2025-10-15T07:04:24","slug":"pakankamai-gera-motina","status":"publish","type":"product","link":"https:\/\/skaitytaknyga.lt\/en\/produktas\/pakankamai-gera-motina\/","title":{"rendered":"Pakankamai gera motina"},"content":{"rendered":"<p>Rut Hartland \u2013 patyrusi psichoterapeut\u0117, Traum\u0173 centro direktor\u0117, puikiai \u012fvald\u017eiusi men\u0105 klausytis ir pad\u0117ti kitiems atsiverti. Ta\u010diau pavyzdingas profesinis gyvenimas \u2013 jos kruop\u0161\u010diai sukonstruota kauk\u0117, dangstanti skaud\u017eias \u0161eimos dramas: nuolat savo tiesas m\u0117ginanti primesti motina, i\u0161irusi santuoka, nutolusi, at\u0161iauri dukra ir jau pusantr\u0173 met\u0173 tarsi \u012f niekur pranyk\u0119s s\u016bnus. Rut negali sau atleisti, kad taip ir nesugeb\u0117jo apsaugoti jautraus, nerimo kankinamo Tomo. O dabar jo neb\u0117ra. Ir ji net ne\u017eino, ar jis gyvas, ar dar kada pas j\u0105 sugr\u012f\u0161.<\/p>\n<p>Vien\u0105 dien\u0105 Rut paskiriamas naujas pacientas. I\u0161 pirmo \u017evilgsnio Denas Grifinas \u2013 niekuo nei\u0161siskiriantis jaunuolis: kaip ir daugum\u0105 \u010dia besilankan\u010di\u0173j\u0173, j\u012f kankina potrauminio streso sindromas, neapleid\u017eiantis neteisyb\u0117s jausmas ir staiga kylantys pyk\u010dio priepuoliai. Tik Rut negali nusikratyti minties, kaip stipriai Denas jai primena Tom\u0105. Apakinta vaikin\u0173 pana\u0161umo ir tro\u0161kimo i\u0161taisyti praeities klaidas, ji po truput\u012f ima prarasti budrum\u0105&#8230;<\/p>\n","protected":false},"excerpt":{"rendered":"<p>Rut Hartland \u2013 patyrusi psichoterapeut\u0117, Traum\u0173 centro direktor\u0117, puikiai \u012fvald\u017eiusi men\u0105 klausytis ir pad\u0117ti kitiems atsiverti. Ta\u010diau pavyzdingas profesinis gyvenimas \u2013 jos kruop\u0161\u010diai sukonstruota kauk\u0117, dangstanti skaud\u017eias \u0161eimos dramas: nuolat savo tiesas m\u0117ginanti primesti motina, i\u0161irusi santuoka, nutolusi, at\u0161iauri dukra ir jau pusantr\u0173 met\u0173 tarsi \u012f niekur pranyk\u0119s s\u016bnus. Rut negali sau atleisti, kad taip ir nesugeb\u0117jo apsaugoti jautraus, nerimo kankinamo Tomo. O dabar jo neb\u0117ra. Ir ji net ne\u017eino, ar jis gyvas, ar dar kada pas j\u0105 sugr\u012f\u0161. Vien\u0105 dien\u0105 Rut paskiriamas naujas pacientas. I\u0161 pirmo \u017evilgsnio Denas Grifinas \u2013 niekuo nei\u0161siskiriantis jaunuolis: kaip ir daugum\u0105 \u010dia besilankan\u010di\u0173j\u0173, j\u012f kankina potrauminio streso sindromas, neapleid\u017eiantis neteisyb\u0117s jausmas ir staiga kylantys pyk\u010dio priepuoliai. Tik Rut negali nusikratyti minties, kaip stipriai Denas jai primena Tom\u0105. Apakinta vaikin\u0173 pana\u0161umo ir tro\u0161kimo i\u0161taisyti praeities klaidas, ji po truput\u012f ima prarasti budrum\u0105&#8230;<\/p>\n","protected":false},"featured_media":21518,"comment_status":"open","ping_status":"closed","template":"","meta":{"_acf_changed":false,"site-sidebar-layout":"default","site-content-layout":"","ast-site-content-layout":"default","site-content-style":"default","site-sidebar-style":"default","ast-global-header-display":"","ast-banner-title-visibility":"","ast-main-header-display":"","ast-hfb-above-header-display":"","ast-hfb-below-header-display":"","ast-hfb-mobile-header-display":"","site-post-title":"","ast-breadcrumbs-content":"","ast-featured-img":"","footer-sml-layout":"","ast-disable-related-posts":"","theme-transparent-header-meta":"","adv-header-id-meta":"","stick-header-meta":"","header-above-stick-meta":"","header-main-stick-meta":"","header-below-stick-meta":"","astra-migrate-meta-layouts":"default","ast-page-background-enabled":"default","ast-page-background-meta":{"desktop":{"background-color":"","background-image":"","background-repeat":"repeat","background-position":"center center","background-size":"auto","background-attachment":"scroll","background-type":"","background-media":"","overlay-type":"","overlay-color":"","overlay-opacity":"","overlay-gradient":""},"tablet":{"background-color":"","background-image":"","background-repeat":"repeat","background-position":"center center","background-size":"auto","background-attachment":"scroll","background-type":"","background-media":"","overlay-type":"","overlay-color":"","overlay-opacity":"","overlay-gradient":""},"mobile":{"background-color":"","background-image":"","background-repeat":"repeat","background-position":"center center","background-size":"auto","background-attachment":"scroll","background-type":"","background-media":"","overlay-type":"","overlay-color":"","overlay-opacity":"","overlay-gradient":""}},"ast-content-background-meta":{"desktop":{"background-color":"var(--ast-global-color-4)","background-image":"","background-repeat":"repeat","background-position":"center center","background-size":"auto","background-attachment":"scroll","background-type":"","background-media":"","overlay-type":"","overlay-color":"","overlay-opacity":"","overlay-gradient":""},"tablet":{"background-color":"var(--ast-global-color-4)","background-image":"","background-repeat":"repeat","background-position":"center center","background-size":"auto","background-attachment":"scroll","background-type":"","background-media":"","overlay-type":"","overlay-color":"","overlay-opacity":"","overlay-gradient":""},"mobile":{"background-color":"var(--ast-global-color-4)","background-image":"","background-repeat":"repeat","background-position":"center center","background-size":"auto","background-attachment":"scroll","background-type":"","background-media":"","overlay-type":"","overlay-color":"","overlay-opacity":"","overlay-gradient":""}}},"product_brand":[],"product_cat":[31],"product_tag":[],"class_list":{"0":"post-21506","1":"product","2":"type-product","3":"status-publish","4":"has-post-thumbnail","6":"product_cat-grozine-literatura","7":"desktop-align-left","8":"tablet-align-left","9":"mobile-align-left","11":"first","12":"instock","13":"shipping-taxable","14":"purchasable","15":"product-type-simple"},"acf":[],"yoast_head":"<!-- This site is optimized with the Yoast SEO plugin v27.0 - https:\/\/yoast.com\/product\/yoast-seo-wordpress\/ -->\n<title>Pakankamai gera motina<\/title>\n<meta name=\"description\" content=\"Rut Hartland \u2013 patyrusi psichoterapeut\u0117, Traum\u0173 centro direktor\u0117, puikiai \u012fvald\u017eiusi men\u0105 klausytis ir pad\u0117ti kitiems atsiverti. Ta\u010diau pavyzdingas\" \/>\n<meta name=\"robots\" content=\"index, follow, max-snippet:-1, max-image-preview:large, max-video-preview:-1\" \/>\n<link rel=\"canonical\" href=\"https:\/\/skaitytaknyga.lt\/en\/produktas\/pakankamai-gera-motina\/\" \/>\n<meta property=\"og:locale\" content=\"en_GB\" \/>\n<meta property=\"og:locale:alternate\" content=\"lt_LT\" \/>\n<meta property=\"og:type\" content=\"article\" \/>\n<meta property=\"og:title\" content=\"Pakankamai gera motina\" \/>\n<meta property=\"og:description\" content=\"Rut Hartland \u2013 patyrusi psichoterapeut\u0117, Traum\u0173 centro direktor\u0117, puikiai \u012fvald\u017eiusi men\u0105 klausytis ir pad\u0117ti kitiems atsiverti. Ta\u010diau pavyzdingas\" \/>\n<meta property=\"og:url\" content=\"https:\/\/skaitytaknyga.lt\/en\/produktas\/pakankamai-gera-motina\/\" \/>\n<meta property=\"og:site_name\" content=\"Skaitytaknyga\" \/>\n<meta property=\"article:publisher\" content=\"https:\/\/www.facebook.com\/skaitytaknyga\/\" \/>\n<meta property=\"article:modified_time\" content=\"2025-10-15T07:04:24+00:00\" \/>\n<meta property=\"og:image\" content=\"https:\/\/skaitytaknyga.lt\/wp-content\/uploads\/2025\/10\/Pakankamai-gera-motina-1.webp\" \/>\n\t<meta property=\"og:image:width\" content=\"300\" \/>\n\t<meta property=\"og:image:height\" content=\"435\" \/>\n\t<meta property=\"og:image:type\" content=\"image\/webp\" \/>\n<meta name=\"twitter:card\" content=\"summary_large_image\" \/>\n<meta name=\"twitter:label1\" content=\"Estimated reading time\" \/>\n\t<meta name=\"twitter:data1\" content=\"1 minute\" \/>\n<script type=\"application\/ld+json\" class=\"yoast-schema-graph\">{\"@context\":\"https:\/\/schema.org\",\"@graph\":[{\"@type\":\"WebPage\",\"@id\":\"https:\/\/skaitytaknyga.lt\/produktas\/pakankamai-gera-motina\/\",\"url\":\"https:\/\/skaitytaknyga.lt\/produktas\/pakankamai-gera-motina\/\",\"name\":\"Pakankamai gera motina\",\"isPartOf\":{\"@id\":\"https:\/\/skaitytaknyga.lt\/#website\"},\"primaryImageOfPage\":{\"@id\":\"https:\/\/skaitytaknyga.lt\/produktas\/pakankamai-gera-motina\/#primaryimage\"},\"image\":{\"@id\":\"https:\/\/skaitytaknyga.lt\/produktas\/pakankamai-gera-motina\/#primaryimage\"},\"thumbnailUrl\":\"https:\/\/skaitytaknyga.lt\/wp-content\/uploads\/2025\/10\/Pakankamai-gera-motina-1.webp\",\"datePublished\":\"2025-10-14T13:29:05+00:00\",\"dateModified\":\"2025-10-15T07:04:24+00:00\",\"description\":\"Rut Hartland \u2013 patyrusi psichoterapeut\u0117, Traum\u0173 centro direktor\u0117, puikiai \u012fvald\u017eiusi men\u0105 klausytis ir pad\u0117ti kitiems atsiverti. Ta\u010diau pavyzdingas\",\"breadcrumb\":{\"@id\":\"https:\/\/skaitytaknyga.lt\/produktas\/pakankamai-gera-motina\/#breadcrumb\"},\"inLanguage\":\"en-GB\",\"potentialAction\":[{\"@type\":\"ReadAction\",\"target\":[\"https:\/\/skaitytaknyga.lt\/produktas\/pakankamai-gera-motina\/\"]}]},{\"@type\":\"ImageObject\",\"inLanguage\":\"en-GB\",\"@id\":\"https:\/\/skaitytaknyga.lt\/produktas\/pakankamai-gera-motina\/#primaryimage\",\"url\":\"https:\/\/skaitytaknyga.lt\/wp-content\/uploads\/2025\/10\/Pakankamai-gera-motina-1.webp\",\"contentUrl\":\"https:\/\/skaitytaknyga.lt\/wp-content\/uploads\/2025\/10\/Pakankamai-gera-motina-1.webp\",\"width\":300,\"height\":435,\"caption\":\"Pakankamai gera motina\"},{\"@type\":\"BreadcrumbList\",\"@id\":\"https:\/\/skaitytaknyga.lt\/produktas\/pakankamai-gera-motina\/#breadcrumb\",\"itemListElement\":[{\"@type\":\"ListItem\",\"position\":1,\"name\":\"Home\",\"item\":\"https:\/\/skaitytaknyga.lt\/\"},{\"@type\":\"ListItem\",\"position\":2,\"name\":\"Parduotuv\u0117\",\"item\":\"https:\/\/skaitytaknyga.lt\/knygu-parduotuve\/\"},{\"@type\":\"ListItem\",\"position\":3,\"name\":\"Pakankamai gera motina\"}]},{\"@type\":\"WebSite\",\"@id\":\"https:\/\/skaitytaknyga.lt\/#website\",\"url\":\"https:\/\/skaitytaknyga.lt\/\",\"name\":\"skaitytaknyga.lt\",\"description\":\"Skaitytaknyga.lt \u2013 tai ma\u017eas \u0161eimos verslas, kuris prasid\u0117jo nuo meil\u0117s knygoms ir siekio i\u0161gelb\u0117ti knygas nuo likimo prie konteinerio. Kas vienam nereikalingas daiktas \u2013 kitam lobis, o mes esame tarpininkai, kurie padeda abiems tapti laimingesniems ???? \u017dinome kaip nelengva i\u0161gyventi ma\u017eiems verslams, tad nuo \u0161iol, \u010dia rasite ir kit\u0173, ma\u017e\u0173 \u0161eim\u0173 versl\u0173, rank\u0173 darbo, dovan\u0173 sau ir artimiesiems.\",\"publisher\":{\"@id\":\"https:\/\/skaitytaknyga.lt\/#organization\"},\"potentialAction\":[{\"@type\":\"SearchAction\",\"target\":{\"@type\":\"EntryPoint\",\"urlTemplate\":\"https:\/\/skaitytaknyga.lt\/?s={search_term_string}\"},\"query-input\":{\"@type\":\"PropertyValueSpecification\",\"valueRequired\":true,\"valueName\":\"search_term_string\"}}],\"inLanguage\":\"en-GB\"},{\"@type\":\"Organization\",\"@id\":\"https:\/\/skaitytaknyga.lt\/#organization\",\"name\":\"skaitytaknyga.lt\",\"url\":\"https:\/\/skaitytaknyga.lt\/\",\"logo\":{\"@type\":\"ImageObject\",\"inLanguage\":\"en-GB\",\"@id\":\"https:\/\/skaitytaknyga.lt\/#\/schema\/logo\/image\/\",\"url\":\"https:\/\/skaitytaknyga.lt\/wp-content\/uploads\/2024\/05\/cropped-cropped-cropped-02_00843_jt3bggkj1j3HLc7SyY6rEUpg.jpeg\",\"contentUrl\":\"https:\/\/skaitytaknyga.lt\/wp-content\/uploads\/2024\/05\/cropped-cropped-cropped-02_00843_jt3bggkj1j3HLc7SyY6rEUpg.jpeg\",\"width\":1600,\"height\":1600,\"caption\":\"skaitytaknyga.lt\"},\"image\":{\"@id\":\"https:\/\/skaitytaknyga.lt\/#\/schema\/logo\/image\/\"},\"sameAs\":[\"https:\/\/www.facebook.com\/skaitytaknyga\/\"]}]}<\/script>\n<!-- \/ Yoast SEO plugin. -->","yoast_head_json":{"title":"Pakankamai gera motina","description":"Rut Hartland \u2013 patyrusi psichoterapeut\u0117, Traum\u0173 centro direktor\u0117, puikiai \u012fvald\u017eiusi men\u0105 klausytis ir pad\u0117ti kitiems atsiverti. Ta\u010diau pavyzdingas","robots":{"index":"index","follow":"follow","max-snippet":"max-snippet:-1","max-image-preview":"max-image-preview:large","max-video-preview":"max-video-preview:-1"},"canonical":"https:\/\/skaitytaknyga.lt\/en\/produktas\/pakankamai-gera-motina\/","og_locale":"en_GB","og_type":"article","og_title":"[:lt]Pakankamai gera motina[:] - Skaitytaknyga","og_description":"Rut Hartland \u2013 patyrusi psichoterapeut\u0117, Traum\u0173 centro direktor\u0117, puikiai \u012fvald\u017eiusi men\u0105 klausytis ir pad\u0117ti kitiems atsiverti. Ta\u010diau pavyzdingas","og_url":"https:\/\/skaitytaknyga.lt\/en\/produktas\/pakankamai-gera-motina\/","og_site_name":"Skaitytaknyga","article_publisher":"https:\/\/www.facebook.com\/skaitytaknyga\/","article_modified_time":"2025-10-15T07:04:24+00:00","og_image":[{"width":300,"height":435,"url":"https:\/\/skaitytaknyga.lt\/wp-content\/uploads\/2025\/10\/Pakankamai-gera-motina-1.webp","type":"image\/webp"}],"twitter_card":"summary_large_image","twitter_misc":{"Estimated reading time":"1 minute"},"schema":{"@context":"https:\/\/schema.org","@graph":[{"@type":"WebPage","@id":"https:\/\/skaitytaknyga.lt\/produktas\/pakankamai-gera-motina\/","url":"https:\/\/skaitytaknyga.lt\/produktas\/pakankamai-gera-motina\/","name":"Pakankamai gera motina","isPartOf":{"@id":"https:\/\/skaitytaknyga.lt\/#website"},"primaryImageOfPage":{"@id":"https:\/\/skaitytaknyga.lt\/produktas\/pakankamai-gera-motina\/#primaryimage"},"image":{"@id":"https:\/\/skaitytaknyga.lt\/produktas\/pakankamai-gera-motina\/#primaryimage"},"thumbnailUrl":"https:\/\/skaitytaknyga.lt\/wp-content\/uploads\/2025\/10\/Pakankamai-gera-motina-1.webp","datePublished":"2025-10-14T13:29:05+00:00","dateModified":"2025-10-15T07:04:24+00:00","description":"Rut Hartland \u2013 patyrusi psichoterapeut\u0117, Traum\u0173 centro direktor\u0117, puikiai \u012fvald\u017eiusi men\u0105 klausytis ir pad\u0117ti kitiems atsiverti. Ta\u010diau pavyzdingas","breadcrumb":{"@id":"https:\/\/skaitytaknyga.lt\/produktas\/pakankamai-gera-motina\/#breadcrumb"},"inLanguage":"en-GB","potentialAction":[{"@type":"ReadAction","target":["https:\/\/skaitytaknyga.lt\/produktas\/pakankamai-gera-motina\/"]}]},{"@type":"ImageObject","inLanguage":"en-GB","@id":"https:\/\/skaitytaknyga.lt\/produktas\/pakankamai-gera-motina\/#primaryimage","url":"https:\/\/skaitytaknyga.lt\/wp-content\/uploads\/2025\/10\/Pakankamai-gera-motina-1.webp","contentUrl":"https:\/\/skaitytaknyga.lt\/wp-content\/uploads\/2025\/10\/Pakankamai-gera-motina-1.webp","width":300,"height":435,"caption":"Pakankamai gera motina"},{"@type":"BreadcrumbList","@id":"https:\/\/skaitytaknyga.lt\/produktas\/pakankamai-gera-motina\/#breadcrumb","itemListElement":[{"@type":"ListItem","position":1,"name":"Home","item":"https:\/\/skaitytaknyga.lt\/"},{"@type":"ListItem","position":2,"name":"Parduotuv\u0117","item":"https:\/\/skaitytaknyga.lt\/knygu-parduotuve\/"},{"@type":"ListItem","position":3,"name":"Pakankamai gera motina"}]},{"@type":"WebSite","@id":"https:\/\/skaitytaknyga.lt\/#website","url":"https:\/\/skaitytaknyga.lt\/","name":"skaitytaknyga.lt","description":"Skaitytaknyga.lt \u2013 tai ma\u017eas \u0161eimos verslas, kuris prasid\u0117jo nuo meil\u0117s knygoms ir siekio i\u0161gelb\u0117ti knygas nuo likimo prie konteinerio. Kas vienam nereikalingas daiktas \u2013 kitam lobis, o mes esame tarpininkai, kurie padeda abiems tapti laimingesniems ???? \u017dinome kaip nelengva i\u0161gyventi ma\u017eiems verslams, tad nuo \u0161iol, \u010dia rasite ir kit\u0173, ma\u017e\u0173 \u0161eim\u0173 versl\u0173, rank\u0173 darbo, dovan\u0173 sau ir artimiesiems.","publisher":{"@id":"https:\/\/skaitytaknyga.lt\/#organization"},"potentialAction":[{"@type":"SearchAction","target":{"@type":"EntryPoint","urlTemplate":"https:\/\/skaitytaknyga.lt\/?s={search_term_string}"},"query-input":{"@type":"PropertyValueSpecification","valueRequired":true,"valueName":"search_term_string"}}],"inLanguage":"en-GB"},{"@type":"Organization","@id":"https:\/\/skaitytaknyga.lt\/#organization","name":"skaitytaknyga.lt","url":"https:\/\/skaitytaknyga.lt\/","logo":{"@type":"ImageObject","inLanguage":"en-GB","@id":"https:\/\/skaitytaknyga.lt\/#\/schema\/logo\/image\/","url":"https:\/\/skaitytaknyga.lt\/wp-content\/uploads\/2024\/05\/cropped-cropped-cropped-02_00843_jt3bggkj1j3HLc7SyY6rEUpg.jpeg","contentUrl":"https:\/\/skaitytaknyga.lt\/wp-content\/uploads\/2024\/05\/cropped-cropped-cropped-02_00843_jt3bggkj1j3HLc7SyY6rEUpg.jpeg","width":1600,"height":1600,"caption":"skaitytaknyga.lt"},"image":{"@id":"https:\/\/skaitytaknyga.lt\/#\/schema\/logo\/image\/"},"sameAs":["https:\/\/www.facebook.com\/skaitytaknyga\/"]}]}},"_links":{"self":[{"href":"https:\/\/skaitytaknyga.lt\/en\/wp-json\/wp\/v2\/product\/21506","targetHints":{"allow":["GET"]}}],"collection":[{"href":"https:\/\/skaitytaknyga.lt\/en\/wp-json\/wp\/v2\/product"}],"about":[{"href":"https:\/\/skaitytaknyga.lt\/en\/wp-json\/wp\/v2\/types\/product"}],"replies":[{"embeddable":true,"href":"https:\/\/skaitytaknyga.lt\/en\/wp-json\/wp\/v2\/comments?post=21506"}],"wp:featuredmedia":[{"embeddable":true,"href":"https:\/\/skaitytaknyga.lt\/en\/wp-json\/wp\/v2\/media\/21518"}],"wp:attachment":[{"href":"https:\/\/skaitytaknyga.lt\/en\/wp-json\/wp\/v2\/media?parent=21506"}],"wp:term":[{"taxonomy":"product_brand","embeddable":true,"href":"https:\/\/skaitytaknyga.lt\/en\/wp-json\/wp\/v2\/product_brand?post=21506"},{"taxonomy":"product_cat","embeddable":true,"href":"https:\/\/skaitytaknyga.lt\/en\/wp-json\/wp\/v2\/product_cat?post=21506"},{"taxonomy":"product_tag","embeddable":true,"href":"https:\/\/skaitytaknyga.lt\/en\/wp-json\/wp\/v2\/product_tag?post=21506"}],"curies":[{"name":"wp","href":"https:\/\/api.w.org\/{rel}","templated":true}]}}