{"id":21505,"date":"2025-10-14T16:29:04","date_gmt":"2025-10-14T13:29:04","guid":{"rendered":"https:\/\/skaitytaknyga.lt\/?post_type=product&#038;p=21505"},"modified":"2025-10-15T10:04:13","modified_gmt":"2025-10-15T07:04:13","slug":"simtmeciu-melancholija","status":"publish","type":"product","link":"https:\/\/skaitytaknyga.lt\/en\/produktas\/simtmeciu-melancholija\/","title":{"rendered":"\u0160imtme\u010di\u0173 melancholija"},"content":{"rendered":"<p>\u012e liep\u0105 \u012fsilip\u0119s lapus su smuiko raktais svaido Am\u017einasis \u017dydas, gatv\u0117mis laksto Gele\u017einis vilkas, legendinis Vilniaus meras aps\u0105la nuo mitini\u0173 dvyni\u0173 kep\u0117j\u0173 Juliaus ir Jurgio bandeli\u0173, pinig\u0117liui rank\u0105 tiesia paties Vytauto Did\u017eiojo laikus menanti ponia Ro\u017e\u0117, o prie \u0161achmat\u0173 lentos palinksta Kr\u0117v\u0117 su Sruoga. Ir visi keliai \u010dia, rodos, pasukti taip, kad atvest\u0173 \u012f tiesiai mistin\u0119 \u201eApoaklips\u0117s&#8221; kavin\u0119.<\/p>\n<p>M\u016bs\u0173 gyvenimai ir miestai \u2013 atsitiktiniai, ir viskas, kas yra ir ko n\u0117ra, \u2013 tik atsitiktinumas. Nereikia man joki\u0173 Pary\u017ei\u0173, Prah\u0173 ir Barselon\u0173. A\u0161 turiu Vilni\u0173, ir jis turi mane, abu laikome vienas kit\u0105 sugav\u0119 ir nepaleid\u017eiame, \u2013 taria sau pagrindinis knygos herojus.<\/p>\n<p>Miesto \u2013 realaus ir i\u0161galvoto \u2013 legendai lemta u\u017egimti vis i\u0161 naujo. \u0160ioji \u2013 \u012fkv\u0117pta Vilniaus dvasios, kuri rei\u0161kiasi praeities vaiduokliais ir keista \u0161imtme\u010di\u0173 logika, lenktyniauja su pa\u010dia R. Gavelio fejerija.<\/p>\n<p>Magi\u0161kojo realizmo poetika atveria laiko tunel\u012f, kelion\u0119 po epochas, galimyb\u0119 pamatyti savo antrininkus. Paradoksal\u016bs simboliai nu\u0161vie\u010dia melancholi\u0161k\u0105 Vilniaus istorij\u0105 ir atveria unikal\u0173 jo gro\u017e\u012f. Romano autorius svarsto \u017emogaus dvilypumo, tapatyb\u0117s problemas ir klausia, kiek leid\u017eiam\u0117s valdomi miesto s\u0105mon\u0117s.<\/p>\n<p>Pavasaris vis plauk\u0117 per Vilni\u0173 ir sostin\u0117s varpai skelb\u0117, kad jis nesibaigs dar t\u016bkstant\u012f met\u0173, dar t\u016bkstant\u012f met\u0173 gyvensime d\u017eiugiai ant sukritusi\u0173 \u0161imtme\u010di\u0173 melancholijos pelen\u0173.<\/p>\n<p>Mindaugas Jonas Urbonas yra vienas \u012fdomiausi\u0173 ir talentingiausi\u0173 jaunosios kartos ra\u0161ytoj\u0173, 2016 metais debiutav\u0119s noveli\u0173 knyga \u201eDvasi\u0173 urna&#8221;.<\/p>\n","protected":false},"excerpt":{"rendered":"<p>\u012e liep\u0105 \u012fsilip\u0119s lapus su smuiko raktais svaido Am\u017einasis \u017dydas, gatv\u0117mis laksto Gele\u017einis vilkas, legendinis Vilniaus meras aps\u0105la nuo mitini\u0173 dvyni\u0173 kep\u0117j\u0173 Juliaus ir Jurgio bandeli\u0173, pinig\u0117liui rank\u0105 tiesia paties Vytauto Did\u017eiojo laikus menanti ponia Ro\u017e\u0117, o prie \u0161achmat\u0173 lentos palinksta Kr\u0117v\u0117 su Sruoga. Ir visi keliai \u010dia, rodos, pasukti taip, kad atvest\u0173 \u012f tiesiai mistin\u0119 \u201eApoaklips\u0117s&#8221; kavin\u0119. M\u016bs\u0173 gyvenimai ir miestai \u2013 atsitiktiniai, ir viskas, kas yra ir ko n\u0117ra, \u2013 tik atsitiktinumas. Nereikia man joki\u0173 Pary\u017ei\u0173, Prah\u0173 ir Barselon\u0173. A\u0161 turiu Vilni\u0173, ir jis turi mane, abu laikome vienas kit\u0105 sugav\u0119 ir nepaleid\u017eiame, \u2013 taria sau pagrindinis knygos herojus. Miesto \u2013 realaus ir i\u0161galvoto \u2013 legendai lemta u\u017egimti vis i\u0161 naujo. \u0160ioji \u2013 \u012fkv\u0117pta Vilniaus dvasios, kuri rei\u0161kiasi praeities vaiduokliais ir keista \u0161imtme\u010di\u0173 logika, lenktyniauja su pa\u010dia R. Gavelio fejerija. Magi\u0161kojo realizmo poetika atveria laiko tunel\u012f, kelion\u0119 po epochas, galimyb\u0119 pamatyti savo antrininkus. Paradoksal\u016bs simboliai nu\u0161vie\u010dia melancholi\u0161k\u0105 Vilniaus istorij\u0105 ir atveria unikal\u0173 jo gro\u017e\u012f. Romano autorius svarsto \u017emogaus dvilypumo, tapatyb\u0117s problemas ir klausia, kiek leid\u017eiam\u0117s valdomi miesto s\u0105mon\u0117s. Pavasaris vis plauk\u0117 per Vilni\u0173 ir sostin\u0117s varpai skelb\u0117, kad jis nesibaigs dar t\u016bkstant\u012f met\u0173, dar t\u016bkstant\u012f met\u0173 gyvensime d\u017eiugiai ant sukritusi\u0173 \u0161imtme\u010di\u0173 melancholijos pelen\u0173. Mindaugas Jonas Urbonas yra vienas \u012fdomiausi\u0173 ir talentingiausi\u0173 jaunosios kartos ra\u0161ytoj\u0173, 2016 metais debiutav\u0119s noveli\u0173 knyga \u201eDvasi\u0173 urna&#8221;.<\/p>\n","protected":false},"featured_media":21517,"comment_status":"open","ping_status":"closed","template":"","meta":{"_acf_changed":false,"site-sidebar-layout":"default","site-content-layout":"","ast-site-content-layout":"default","site-content-style":"default","site-sidebar-style":"default","ast-global-header-display":"","ast-banner-title-visibility":"","ast-main-header-display":"","ast-hfb-above-header-display":"","ast-hfb-below-header-display":"","ast-hfb-mobile-header-display":"","site-post-title":"","ast-breadcrumbs-content":"","ast-featured-img":"","footer-sml-layout":"","ast-disable-related-posts":"","theme-transparent-header-meta":"","adv-header-id-meta":"","stick-header-meta":"","header-above-stick-meta":"","header-main-stick-meta":"","header-below-stick-meta":"","astra-migrate-meta-layouts":"default","ast-page-background-enabled":"default","ast-page-background-meta":{"desktop":{"background-color":"","background-image":"","background-repeat":"repeat","background-position":"center center","background-size":"auto","background-attachment":"scroll","background-type":"","background-media":"","overlay-type":"","overlay-color":"","overlay-opacity":"","overlay-gradient":""},"tablet":{"background-color":"","background-image":"","background-repeat":"repeat","background-position":"center center","background-size":"auto","background-attachment":"scroll","background-type":"","background-media":"","overlay-type":"","overlay-color":"","overlay-opacity":"","overlay-gradient":""},"mobile":{"background-color":"","background-image":"","background-repeat":"repeat","background-position":"center center","background-size":"auto","background-attachment":"scroll","background-type":"","background-media":"","overlay-type":"","overlay-color":"","overlay-opacity":"","overlay-gradient":""}},"ast-content-background-meta":{"desktop":{"background-color":"var(--ast-global-color-4)","background-image":"","background-repeat":"repeat","background-position":"center center","background-size":"auto","background-attachment":"scroll","background-type":"","background-media":"","overlay-type":"","overlay-color":"","overlay-opacity":"","overlay-gradient":""},"tablet":{"background-color":"var(--ast-global-color-4)","background-image":"","background-repeat":"repeat","background-position":"center center","background-size":"auto","background-attachment":"scroll","background-type":"","background-media":"","overlay-type":"","overlay-color":"","overlay-opacity":"","overlay-gradient":""},"mobile":{"background-color":"var(--ast-global-color-4)","background-image":"","background-repeat":"repeat","background-position":"center center","background-size":"auto","background-attachment":"scroll","background-type":"","background-media":"","overlay-type":"","overlay-color":"","overlay-opacity":"","overlay-gradient":""}}},"product_brand":[],"product_cat":[31],"product_tag":[],"class_list":{"0":"post-21505","1":"product","2":"type-product","3":"status-publish","4":"has-post-thumbnail","6":"product_cat-grozine-literatura","7":"desktop-align-left","8":"tablet-align-left","9":"mobile-align-left","11":"first","12":"instock","13":"shipping-taxable","14":"purchasable","15":"product-type-simple"},"acf":[],"yoast_head":"<!-- This site is optimized with the Yoast SEO plugin v27.0 - https:\/\/yoast.com\/product\/yoast-seo-wordpress\/ -->\n<title>\u0160imtme\u010di\u0173 melancholija<\/title>\n<meta name=\"description\" content=\"\u012e liep\u0105 \u012fsilip\u0119s lapus su smuiko raktais svaido Am\u017einasis \u017dydas, gatv\u0117mis laksto Gele\u017einis vilkas, legendinis Vilniaus meras aps\u0105la nuo mitini\u0173 dvyni\u0173\" \/>\n<meta name=\"robots\" content=\"index, follow, max-snippet:-1, max-image-preview:large, max-video-preview:-1\" \/>\n<link rel=\"canonical\" href=\"https:\/\/skaitytaknyga.lt\/en\/produktas\/simtmeciu-melancholija\/\" \/>\n<meta property=\"og:locale\" content=\"en_GB\" \/>\n<meta property=\"og:locale:alternate\" content=\"lt_LT\" \/>\n<meta property=\"og:type\" content=\"article\" \/>\n<meta property=\"og:title\" content=\"\u0160imtme\u010di\u0173 melancholija\" \/>\n<meta property=\"og:description\" content=\"\u012e liep\u0105 \u012fsilip\u0119s lapus su smuiko raktais svaido Am\u017einasis \u017dydas, gatv\u0117mis laksto Gele\u017einis vilkas, legendinis Vilniaus meras aps\u0105la nuo mitini\u0173 dvyni\u0173\" \/>\n<meta property=\"og:url\" content=\"https:\/\/skaitytaknyga.lt\/en\/produktas\/simtmeciu-melancholija\/\" \/>\n<meta property=\"og:site_name\" content=\"Skaitytaknyga\" \/>\n<meta property=\"article:publisher\" content=\"https:\/\/www.facebook.com\/skaitytaknyga\/\" \/>\n<meta property=\"article:modified_time\" content=\"2025-10-15T07:04:13+00:00\" \/>\n<meta property=\"og:image\" content=\"https:\/\/skaitytaknyga.lt\/wp-content\/uploads\/2025\/10\/Simtmeciu-melancholija-1.webp\" \/>\n\t<meta property=\"og:image:width\" content=\"332\" \/>\n\t<meta property=\"og:image:height\" content=\"497\" \/>\n\t<meta property=\"og:image:type\" content=\"image\/webp\" \/>\n<meta name=\"twitter:card\" content=\"summary_large_image\" \/>\n<meta name=\"twitter:label1\" content=\"Estimated reading time\" \/>\n\t<meta name=\"twitter:data1\" content=\"1 minute\" \/>\n<script type=\"application\/ld+json\" class=\"yoast-schema-graph\">{\"@context\":\"https:\/\/schema.org\",\"@graph\":[{\"@type\":\"WebPage\",\"@id\":\"https:\/\/skaitytaknyga.lt\/produktas\/simtmeciu-melancholija\/\",\"url\":\"https:\/\/skaitytaknyga.lt\/produktas\/simtmeciu-melancholija\/\",\"name\":\"\u0160imtme\u010di\u0173 melancholija\",\"isPartOf\":{\"@id\":\"https:\/\/skaitytaknyga.lt\/#website\"},\"primaryImageOfPage\":{\"@id\":\"https:\/\/skaitytaknyga.lt\/produktas\/simtmeciu-melancholija\/#primaryimage\"},\"image\":{\"@id\":\"https:\/\/skaitytaknyga.lt\/produktas\/simtmeciu-melancholija\/#primaryimage\"},\"thumbnailUrl\":\"https:\/\/skaitytaknyga.lt\/wp-content\/uploads\/2025\/10\/Simtmeciu-melancholija-1.webp\",\"datePublished\":\"2025-10-14T13:29:04+00:00\",\"dateModified\":\"2025-10-15T07:04:13+00:00\",\"description\":\"\u012e liep\u0105 \u012fsilip\u0119s lapus su smuiko raktais svaido Am\u017einasis \u017dydas, gatv\u0117mis laksto Gele\u017einis vilkas, legendinis Vilniaus meras aps\u0105la nuo mitini\u0173 dvyni\u0173\",\"breadcrumb\":{\"@id\":\"https:\/\/skaitytaknyga.lt\/produktas\/simtmeciu-melancholija\/#breadcrumb\"},\"inLanguage\":\"en-GB\",\"potentialAction\":[{\"@type\":\"ReadAction\",\"target\":[\"https:\/\/skaitytaknyga.lt\/produktas\/simtmeciu-melancholija\/\"]}]},{\"@type\":\"ImageObject\",\"inLanguage\":\"en-GB\",\"@id\":\"https:\/\/skaitytaknyga.lt\/produktas\/simtmeciu-melancholija\/#primaryimage\",\"url\":\"https:\/\/skaitytaknyga.lt\/wp-content\/uploads\/2025\/10\/Simtmeciu-melancholija-1.webp\",\"contentUrl\":\"https:\/\/skaitytaknyga.lt\/wp-content\/uploads\/2025\/10\/Simtmeciu-melancholija-1.webp\",\"width\":332,\"height\":497,\"caption\":\"\u0160imtme\u010di\u0173 melancholija\"},{\"@type\":\"BreadcrumbList\",\"@id\":\"https:\/\/skaitytaknyga.lt\/produktas\/simtmeciu-melancholija\/#breadcrumb\",\"itemListElement\":[{\"@type\":\"ListItem\",\"position\":1,\"name\":\"Home\",\"item\":\"https:\/\/skaitytaknyga.lt\/\"},{\"@type\":\"ListItem\",\"position\":2,\"name\":\"Parduotuv\u0117\",\"item\":\"https:\/\/skaitytaknyga.lt\/knygu-parduotuve\/\"},{\"@type\":\"ListItem\",\"position\":3,\"name\":\"\u0160imtme\u010di\u0173 melancholija\"}]},{\"@type\":\"WebSite\",\"@id\":\"https:\/\/skaitytaknyga.lt\/#website\",\"url\":\"https:\/\/skaitytaknyga.lt\/\",\"name\":\"skaitytaknyga.lt\",\"description\":\"Skaitytaknyga.lt \u2013 tai ma\u017eas \u0161eimos verslas, kuris prasid\u0117jo nuo meil\u0117s knygoms ir siekio i\u0161gelb\u0117ti knygas nuo likimo prie konteinerio. Kas vienam nereikalingas daiktas \u2013 kitam lobis, o mes esame tarpininkai, kurie padeda abiems tapti laimingesniems ???? \u017dinome kaip nelengva i\u0161gyventi ma\u017eiems verslams, tad nuo \u0161iol, \u010dia rasite ir kit\u0173, ma\u017e\u0173 \u0161eim\u0173 versl\u0173, rank\u0173 darbo, dovan\u0173 sau ir artimiesiems.\",\"publisher\":{\"@id\":\"https:\/\/skaitytaknyga.lt\/#organization\"},\"potentialAction\":[{\"@type\":\"SearchAction\",\"target\":{\"@type\":\"EntryPoint\",\"urlTemplate\":\"https:\/\/skaitytaknyga.lt\/?s={search_term_string}\"},\"query-input\":{\"@type\":\"PropertyValueSpecification\",\"valueRequired\":true,\"valueName\":\"search_term_string\"}}],\"inLanguage\":\"en-GB\"},{\"@type\":\"Organization\",\"@id\":\"https:\/\/skaitytaknyga.lt\/#organization\",\"name\":\"skaitytaknyga.lt\",\"url\":\"https:\/\/skaitytaknyga.lt\/\",\"logo\":{\"@type\":\"ImageObject\",\"inLanguage\":\"en-GB\",\"@id\":\"https:\/\/skaitytaknyga.lt\/#\/schema\/logo\/image\/\",\"url\":\"https:\/\/skaitytaknyga.lt\/wp-content\/uploads\/2024\/05\/cropped-cropped-cropped-02_00843_jt3bggkj1j3HLc7SyY6rEUpg.jpeg\",\"contentUrl\":\"https:\/\/skaitytaknyga.lt\/wp-content\/uploads\/2024\/05\/cropped-cropped-cropped-02_00843_jt3bggkj1j3HLc7SyY6rEUpg.jpeg\",\"width\":1600,\"height\":1600,\"caption\":\"skaitytaknyga.lt\"},\"image\":{\"@id\":\"https:\/\/skaitytaknyga.lt\/#\/schema\/logo\/image\/\"},\"sameAs\":[\"https:\/\/www.facebook.com\/skaitytaknyga\/\"]}]}<\/script>\n<!-- \/ Yoast SEO plugin. -->","yoast_head_json":{"title":"\u0160imtme\u010di\u0173 melancholija","description":"\u012e liep\u0105 \u012fsilip\u0119s lapus su smuiko raktais svaido Am\u017einasis \u017dydas, gatv\u0117mis laksto Gele\u017einis vilkas, legendinis Vilniaus meras aps\u0105la nuo mitini\u0173 dvyni\u0173","robots":{"index":"index","follow":"follow","max-snippet":"max-snippet:-1","max-image-preview":"max-image-preview:large","max-video-preview":"max-video-preview:-1"},"canonical":"https:\/\/skaitytaknyga.lt\/en\/produktas\/simtmeciu-melancholija\/","og_locale":"en_GB","og_type":"article","og_title":"[:lt]\u0160imtme\u010di\u0173 melancholija[:] - Skaitytaknyga","og_description":"\u012e liep\u0105 \u012fsilip\u0119s lapus su smuiko raktais svaido Am\u017einasis \u017dydas, gatv\u0117mis laksto Gele\u017einis vilkas, legendinis Vilniaus meras aps\u0105la nuo mitini\u0173 dvyni\u0173","og_url":"https:\/\/skaitytaknyga.lt\/en\/produktas\/simtmeciu-melancholija\/","og_site_name":"Skaitytaknyga","article_publisher":"https:\/\/www.facebook.com\/skaitytaknyga\/","article_modified_time":"2025-10-15T07:04:13+00:00","og_image":[{"width":332,"height":497,"url":"https:\/\/skaitytaknyga.lt\/wp-content\/uploads\/2025\/10\/Simtmeciu-melancholija-1.webp","type":"image\/webp"}],"twitter_card":"summary_large_image","twitter_misc":{"Estimated reading time":"1 minute"},"schema":{"@context":"https:\/\/schema.org","@graph":[{"@type":"WebPage","@id":"https:\/\/skaitytaknyga.lt\/produktas\/simtmeciu-melancholija\/","url":"https:\/\/skaitytaknyga.lt\/produktas\/simtmeciu-melancholija\/","name":"\u0160imtme\u010di\u0173 melancholija","isPartOf":{"@id":"https:\/\/skaitytaknyga.lt\/#website"},"primaryImageOfPage":{"@id":"https:\/\/skaitytaknyga.lt\/produktas\/simtmeciu-melancholija\/#primaryimage"},"image":{"@id":"https:\/\/skaitytaknyga.lt\/produktas\/simtmeciu-melancholija\/#primaryimage"},"thumbnailUrl":"https:\/\/skaitytaknyga.lt\/wp-content\/uploads\/2025\/10\/Simtmeciu-melancholija-1.webp","datePublished":"2025-10-14T13:29:04+00:00","dateModified":"2025-10-15T07:04:13+00:00","description":"\u012e liep\u0105 \u012fsilip\u0119s lapus su smuiko raktais svaido Am\u017einasis \u017dydas, gatv\u0117mis laksto Gele\u017einis vilkas, legendinis Vilniaus meras aps\u0105la nuo mitini\u0173 dvyni\u0173","breadcrumb":{"@id":"https:\/\/skaitytaknyga.lt\/produktas\/simtmeciu-melancholija\/#breadcrumb"},"inLanguage":"en-GB","potentialAction":[{"@type":"ReadAction","target":["https:\/\/skaitytaknyga.lt\/produktas\/simtmeciu-melancholija\/"]}]},{"@type":"ImageObject","inLanguage":"en-GB","@id":"https:\/\/skaitytaknyga.lt\/produktas\/simtmeciu-melancholija\/#primaryimage","url":"https:\/\/skaitytaknyga.lt\/wp-content\/uploads\/2025\/10\/Simtmeciu-melancholija-1.webp","contentUrl":"https:\/\/skaitytaknyga.lt\/wp-content\/uploads\/2025\/10\/Simtmeciu-melancholija-1.webp","width":332,"height":497,"caption":"\u0160imtme\u010di\u0173 melancholija"},{"@type":"BreadcrumbList","@id":"https:\/\/skaitytaknyga.lt\/produktas\/simtmeciu-melancholija\/#breadcrumb","itemListElement":[{"@type":"ListItem","position":1,"name":"Home","item":"https:\/\/skaitytaknyga.lt\/"},{"@type":"ListItem","position":2,"name":"Parduotuv\u0117","item":"https:\/\/skaitytaknyga.lt\/knygu-parduotuve\/"},{"@type":"ListItem","position":3,"name":"\u0160imtme\u010di\u0173 melancholija"}]},{"@type":"WebSite","@id":"https:\/\/skaitytaknyga.lt\/#website","url":"https:\/\/skaitytaknyga.lt\/","name":"skaitytaknyga.lt","description":"Skaitytaknyga.lt \u2013 tai ma\u017eas \u0161eimos verslas, kuris prasid\u0117jo nuo meil\u0117s knygoms ir siekio i\u0161gelb\u0117ti knygas nuo likimo prie konteinerio. Kas vienam nereikalingas daiktas \u2013 kitam lobis, o mes esame tarpininkai, kurie padeda abiems tapti laimingesniems ???? \u017dinome kaip nelengva i\u0161gyventi ma\u017eiems verslams, tad nuo \u0161iol, \u010dia rasite ir kit\u0173, ma\u017e\u0173 \u0161eim\u0173 versl\u0173, rank\u0173 darbo, dovan\u0173 sau ir artimiesiems.","publisher":{"@id":"https:\/\/skaitytaknyga.lt\/#organization"},"potentialAction":[{"@type":"SearchAction","target":{"@type":"EntryPoint","urlTemplate":"https:\/\/skaitytaknyga.lt\/?s={search_term_string}"},"query-input":{"@type":"PropertyValueSpecification","valueRequired":true,"valueName":"search_term_string"}}],"inLanguage":"en-GB"},{"@type":"Organization","@id":"https:\/\/skaitytaknyga.lt\/#organization","name":"skaitytaknyga.lt","url":"https:\/\/skaitytaknyga.lt\/","logo":{"@type":"ImageObject","inLanguage":"en-GB","@id":"https:\/\/skaitytaknyga.lt\/#\/schema\/logo\/image\/","url":"https:\/\/skaitytaknyga.lt\/wp-content\/uploads\/2024\/05\/cropped-cropped-cropped-02_00843_jt3bggkj1j3HLc7SyY6rEUpg.jpeg","contentUrl":"https:\/\/skaitytaknyga.lt\/wp-content\/uploads\/2024\/05\/cropped-cropped-cropped-02_00843_jt3bggkj1j3HLc7SyY6rEUpg.jpeg","width":1600,"height":1600,"caption":"skaitytaknyga.lt"},"image":{"@id":"https:\/\/skaitytaknyga.lt\/#\/schema\/logo\/image\/"},"sameAs":["https:\/\/www.facebook.com\/skaitytaknyga\/"]}]}},"_links":{"self":[{"href":"https:\/\/skaitytaknyga.lt\/en\/wp-json\/wp\/v2\/product\/21505","targetHints":{"allow":["GET"]}}],"collection":[{"href":"https:\/\/skaitytaknyga.lt\/en\/wp-json\/wp\/v2\/product"}],"about":[{"href":"https:\/\/skaitytaknyga.lt\/en\/wp-json\/wp\/v2\/types\/product"}],"replies":[{"embeddable":true,"href":"https:\/\/skaitytaknyga.lt\/en\/wp-json\/wp\/v2\/comments?post=21505"}],"wp:featuredmedia":[{"embeddable":true,"href":"https:\/\/skaitytaknyga.lt\/en\/wp-json\/wp\/v2\/media\/21517"}],"wp:attachment":[{"href":"https:\/\/skaitytaknyga.lt\/en\/wp-json\/wp\/v2\/media?parent=21505"}],"wp:term":[{"taxonomy":"product_brand","embeddable":true,"href":"https:\/\/skaitytaknyga.lt\/en\/wp-json\/wp\/v2\/product_brand?post=21505"},{"taxonomy":"product_cat","embeddable":true,"href":"https:\/\/skaitytaknyga.lt\/en\/wp-json\/wp\/v2\/product_cat?post=21505"},{"taxonomy":"product_tag","embeddable":true,"href":"https:\/\/skaitytaknyga.lt\/en\/wp-json\/wp\/v2\/product_tag?post=21505"}],"curies":[{"name":"wp","href":"https:\/\/api.w.org\/{rel}","templated":true}]}}