{"id":21503,"date":"2025-10-14T16:29:04","date_gmt":"2025-10-14T13:29:04","guid":{"rendered":"https:\/\/skaitytaknyga.lt\/?post_type=product&#038;p=21503"},"modified":"2025-10-15T10:04:13","modified_gmt":"2025-10-15T07:04:13","slug":"vasara-prie-ezero","status":"publish","type":"product","link":"https:\/\/skaitytaknyga.lt\/en\/produktas\/vasara-prie-ezero\/","title":{"rendered":"Vasara prie e\u017eero"},"content":{"rendered":"<p>Komo e\u017eero pakrant\u0117 Italijoje \u2013 \u017eavinga ir romanti\u0161ka u\u017euov\u0117ja&#8230; Florianai tai vieta, kur jos gyvenimo meil\u0117 Sebas susituoks su kita moterimi. Ji pakviesta \u012f vestuves, tik ar i\u0161dr\u012fs ten pasirodyti?<\/p>\n<p>Adamas \u2013 nekilnojamo turto brokeris, link\u0119s persidirbti, ypa\u010d kai j\u012f paliko mergina&#8230; Galb\u016bt kelion\u0117 prie Komo j\u012f prabla\u0161kys?<\/p>\n<p>Esmi daugiau nei prie\u0161 60 met\u0173 \u010dia pirm\u0105 kart\u0105 \u012fsimyl\u0117jo. Lig \u0161iol da\u017enai pagalvoja, kas nutiko tam vaikinui, kuris paverg\u0117 jos \u0161ird\u012f am\u017eiams?<\/p>\n<p>Nauji bi\u010diuliai pad\u0117s Florianai apsispr\u0119sti vykti \u012f vestuves. Tik ar neteks jai gail\u0117tis, kad Sebo nuotaka \u2013 ne ji? Juk nuo praeities nepab\u0117gsi, ji kaip \u0161e\u0161\u0117lis persekioja kiekvien\u0105 i\u0161 m\u016bs\u0173&#8230;<\/p>\n<p>Kaina: 5,00 \u20ac<\/p>\n<p>Prisijunkite ir u\u017e \u0161i\u0105 prek\u0119 gausite 0,05 Knyg\u0173 Eur\u0173! ?<br \/>\nPerskaityta knyga:<br \/>\nNenauja knyga, kuri parduodama tiesiai i\u0161 knygos.lt sand\u0117lio. <\/p>\n<p>Knygos b\u016bkl\u0117<\/p>\n","protected":false},"excerpt":{"rendered":"<p>Komo e\u017eero pakrant\u0117 Italijoje \u2013 \u017eavinga ir romanti\u0161ka u\u017euov\u0117ja&#8230; Florianai tai vieta, kur jos gyvenimo meil\u0117 Sebas susituoks su kita moterimi. Ji pakviesta \u012f vestuves, tik ar i\u0161dr\u012fs ten pasirodyti? Adamas \u2013 nekilnojamo turto brokeris, link\u0119s persidirbti, ypa\u010d kai j\u012f paliko mergina&#8230; Galb\u016bt kelion\u0117 prie Komo j\u012f prabla\u0161kys? Esmi daugiau nei prie\u0161 60 met\u0173 \u010dia pirm\u0105 kart\u0105 \u012fsimyl\u0117jo. Lig \u0161iol da\u017enai pagalvoja, kas nutiko tam vaikinui, kuris paverg\u0117 jos \u0161ird\u012f am\u017eiams? Nauji bi\u010diuliai pad\u0117s Florianai apsispr\u0119sti vykti \u012f vestuves. Tik ar neteks jai gail\u0117tis, kad Sebo nuotaka \u2013 ne ji? Juk nuo praeities nepab\u0117gsi, ji kaip \u0161e\u0161\u0117lis persekioja kiekvien\u0105 i\u0161 m\u016bs\u0173&#8230; Kaina: 5,00 \u20ac Prisijunkite ir u\u017e \u0161i\u0105 prek\u0119 gausite 0,05 Knyg\u0173 Eur\u0173! ? Perskaityta knyga: Nenauja knyga, kuri parduodama tiesiai i\u0161 knygos.lt sand\u0117lio. Knygos b\u016bkl\u0117<\/p>\n","protected":false},"featured_media":21515,"comment_status":"open","ping_status":"closed","template":"","meta":{"_acf_changed":false,"site-sidebar-layout":"default","site-content-layout":"","ast-site-content-layout":"default","site-content-style":"default","site-sidebar-style":"default","ast-global-header-display":"","ast-banner-title-visibility":"","ast-main-header-display":"","ast-hfb-above-header-display":"","ast-hfb-below-header-display":"","ast-hfb-mobile-header-display":"","site-post-title":"","ast-breadcrumbs-content":"","ast-featured-img":"","footer-sml-layout":"","ast-disable-related-posts":"","theme-transparent-header-meta":"","adv-header-id-meta":"","stick-header-meta":"","header-above-stick-meta":"","header-main-stick-meta":"","header-below-stick-meta":"","astra-migrate-meta-layouts":"default","ast-page-background-enabled":"default","ast-page-background-meta":{"desktop":{"background-color":"","background-image":"","background-repeat":"repeat","background-position":"center center","background-size":"auto","background-attachment":"scroll","background-type":"","background-media":"","overlay-type":"","overlay-color":"","overlay-opacity":"","overlay-gradient":""},"tablet":{"background-color":"","background-image":"","background-repeat":"repeat","background-position":"center center","background-size":"auto","background-attachment":"scroll","background-type":"","background-media":"","overlay-type":"","overlay-color":"","overlay-opacity":"","overlay-gradient":""},"mobile":{"background-color":"","background-image":"","background-repeat":"repeat","background-position":"center center","background-size":"auto","background-attachment":"scroll","background-type":"","background-media":"","overlay-type":"","overlay-color":"","overlay-opacity":"","overlay-gradient":""}},"ast-content-background-meta":{"desktop":{"background-color":"var(--ast-global-color-4)","background-image":"","background-repeat":"repeat","background-position":"center center","background-size":"auto","background-attachment":"scroll","background-type":"","background-media":"","overlay-type":"","overlay-color":"","overlay-opacity":"","overlay-gradient":""},"tablet":{"background-color":"var(--ast-global-color-4)","background-image":"","background-repeat":"repeat","background-position":"center center","background-size":"auto","background-attachment":"scroll","background-type":"","background-media":"","overlay-type":"","overlay-color":"","overlay-opacity":"","overlay-gradient":""},"mobile":{"background-color":"var(--ast-global-color-4)","background-image":"","background-repeat":"repeat","background-position":"center center","background-size":"auto","background-attachment":"scroll","background-type":"","background-media":"","overlay-type":"","overlay-color":"","overlay-opacity":"","overlay-gradient":""}}},"product_brand":[],"product_cat":[31],"product_tag":[],"class_list":{"0":"post-21503","1":"product","2":"type-product","3":"status-publish","4":"has-post-thumbnail","6":"product_cat-grozine-literatura","7":"desktop-align-left","8":"tablet-align-left","9":"mobile-align-left","11":"first","12":"instock","13":"shipping-taxable","14":"purchasable","15":"product-type-simple"},"acf":[],"yoast_head":"<!-- This site is optimized with the Yoast SEO plugin v27.0 - https:\/\/yoast.com\/product\/yoast-seo-wordpress\/ -->\n<title>Vasara prie e\u017eero<\/title>\n<meta name=\"description\" content=\"Komo e\u017eero pakrant\u0117 Italijoje \u2013 \u017eavinga ir romanti\u0161ka u\u017euov\u0117ja... Florianai tai vieta, kur jos gyvenimo meil\u0117 Sebas susituoks su kita moterimi. Ji\" \/>\n<meta name=\"robots\" content=\"index, follow, max-snippet:-1, max-image-preview:large, max-video-preview:-1\" \/>\n<link rel=\"canonical\" href=\"https:\/\/skaitytaknyga.lt\/en\/produktas\/vasara-prie-ezero\/\" \/>\n<meta property=\"og:locale\" content=\"en_GB\" \/>\n<meta property=\"og:locale:alternate\" content=\"lt_LT\" \/>\n<meta property=\"og:type\" content=\"article\" \/>\n<meta property=\"og:title\" content=\"Vasara prie e\u017eero\" \/>\n<meta property=\"og:description\" content=\"Komo e\u017eero pakrant\u0117 Italijoje \u2013 \u017eavinga ir romanti\u0161ka u\u017euov\u0117ja... Florianai tai vieta, kur jos gyvenimo meil\u0117 Sebas susituoks su kita moterimi. Ji\" \/>\n<meta property=\"og:url\" content=\"https:\/\/skaitytaknyga.lt\/en\/produktas\/vasara-prie-ezero\/\" \/>\n<meta property=\"og:site_name\" content=\"Skaitytaknyga\" \/>\n<meta property=\"article:publisher\" content=\"https:\/\/www.facebook.com\/skaitytaknyga\/\" \/>\n<meta property=\"article:modified_time\" content=\"2025-10-15T07:04:13+00:00\" \/>\n<meta property=\"og:image\" content=\"https:\/\/skaitytaknyga.lt\/wp-content\/uploads\/2025\/10\/Vasara-prie-ezero-1.webp\" \/>\n\t<meta property=\"og:image:width\" content=\"300\" \/>\n\t<meta property=\"og:image:height\" content=\"450\" \/>\n\t<meta property=\"og:image:type\" content=\"image\/webp\" \/>\n<meta name=\"twitter:card\" content=\"summary_large_image\" \/>\n<meta name=\"twitter:label1\" content=\"Estimated reading time\" \/>\n\t<meta name=\"twitter:data1\" content=\"1 minute\" \/>\n<script type=\"application\/ld+json\" class=\"yoast-schema-graph\">{\"@context\":\"https:\/\/schema.org\",\"@graph\":[{\"@type\":\"WebPage\",\"@id\":\"https:\/\/skaitytaknyga.lt\/produktas\/vasara-prie-ezero\/\",\"url\":\"https:\/\/skaitytaknyga.lt\/produktas\/vasara-prie-ezero\/\",\"name\":\"Vasara prie e\u017eero\",\"isPartOf\":{\"@id\":\"https:\/\/skaitytaknyga.lt\/#website\"},\"primaryImageOfPage\":{\"@id\":\"https:\/\/skaitytaknyga.lt\/produktas\/vasara-prie-ezero\/#primaryimage\"},\"image\":{\"@id\":\"https:\/\/skaitytaknyga.lt\/produktas\/vasara-prie-ezero\/#primaryimage\"},\"thumbnailUrl\":\"https:\/\/skaitytaknyga.lt\/wp-content\/uploads\/2025\/10\/Vasara-prie-ezero-1.webp\",\"datePublished\":\"2025-10-14T13:29:04+00:00\",\"dateModified\":\"2025-10-15T07:04:13+00:00\",\"description\":\"Komo e\u017eero pakrant\u0117 Italijoje \u2013 \u017eavinga ir romanti\u0161ka u\u017euov\u0117ja... Florianai tai vieta, kur jos gyvenimo meil\u0117 Sebas susituoks su kita moterimi. Ji\",\"breadcrumb\":{\"@id\":\"https:\/\/skaitytaknyga.lt\/produktas\/vasara-prie-ezero\/#breadcrumb\"},\"inLanguage\":\"en-GB\",\"potentialAction\":[{\"@type\":\"ReadAction\",\"target\":[\"https:\/\/skaitytaknyga.lt\/produktas\/vasara-prie-ezero\/\"]}]},{\"@type\":\"ImageObject\",\"inLanguage\":\"en-GB\",\"@id\":\"https:\/\/skaitytaknyga.lt\/produktas\/vasara-prie-ezero\/#primaryimage\",\"url\":\"https:\/\/skaitytaknyga.lt\/wp-content\/uploads\/2025\/10\/Vasara-prie-ezero-1.webp\",\"contentUrl\":\"https:\/\/skaitytaknyga.lt\/wp-content\/uploads\/2025\/10\/Vasara-prie-ezero-1.webp\",\"width\":300,\"height\":450},{\"@type\":\"BreadcrumbList\",\"@id\":\"https:\/\/skaitytaknyga.lt\/produktas\/vasara-prie-ezero\/#breadcrumb\",\"itemListElement\":[{\"@type\":\"ListItem\",\"position\":1,\"name\":\"Home\",\"item\":\"https:\/\/skaitytaknyga.lt\/\"},{\"@type\":\"ListItem\",\"position\":2,\"name\":\"Parduotuv\u0117\",\"item\":\"https:\/\/skaitytaknyga.lt\/knygu-parduotuve\/\"},{\"@type\":\"ListItem\",\"position\":3,\"name\":\"Vasara prie e\u017eero\"}]},{\"@type\":\"WebSite\",\"@id\":\"https:\/\/skaitytaknyga.lt\/#website\",\"url\":\"https:\/\/skaitytaknyga.lt\/\",\"name\":\"skaitytaknyga.lt\",\"description\":\"Skaitytaknyga.lt \u2013 tai ma\u017eas \u0161eimos verslas, kuris prasid\u0117jo nuo meil\u0117s knygoms ir siekio i\u0161gelb\u0117ti knygas nuo likimo prie konteinerio. Kas vienam nereikalingas daiktas \u2013 kitam lobis, o mes esame tarpininkai, kurie padeda abiems tapti laimingesniems ???? \u017dinome kaip nelengva i\u0161gyventi ma\u017eiems verslams, tad nuo \u0161iol, \u010dia rasite ir kit\u0173, ma\u017e\u0173 \u0161eim\u0173 versl\u0173, rank\u0173 darbo, dovan\u0173 sau ir artimiesiems.\",\"publisher\":{\"@id\":\"https:\/\/skaitytaknyga.lt\/#organization\"},\"potentialAction\":[{\"@type\":\"SearchAction\",\"target\":{\"@type\":\"EntryPoint\",\"urlTemplate\":\"https:\/\/skaitytaknyga.lt\/?s={search_term_string}\"},\"query-input\":{\"@type\":\"PropertyValueSpecification\",\"valueRequired\":true,\"valueName\":\"search_term_string\"}}],\"inLanguage\":\"en-GB\"},{\"@type\":\"Organization\",\"@id\":\"https:\/\/skaitytaknyga.lt\/#organization\",\"name\":\"skaitytaknyga.lt\",\"url\":\"https:\/\/skaitytaknyga.lt\/\",\"logo\":{\"@type\":\"ImageObject\",\"inLanguage\":\"en-GB\",\"@id\":\"https:\/\/skaitytaknyga.lt\/#\/schema\/logo\/image\/\",\"url\":\"https:\/\/skaitytaknyga.lt\/wp-content\/uploads\/2024\/05\/cropped-cropped-cropped-02_00843_jt3bggkj1j3HLc7SyY6rEUpg.jpeg\",\"contentUrl\":\"https:\/\/skaitytaknyga.lt\/wp-content\/uploads\/2024\/05\/cropped-cropped-cropped-02_00843_jt3bggkj1j3HLc7SyY6rEUpg.jpeg\",\"width\":1600,\"height\":1600,\"caption\":\"skaitytaknyga.lt\"},\"image\":{\"@id\":\"https:\/\/skaitytaknyga.lt\/#\/schema\/logo\/image\/\"},\"sameAs\":[\"https:\/\/www.facebook.com\/skaitytaknyga\/\"]}]}<\/script>\n<!-- \/ Yoast SEO plugin. -->","yoast_head_json":{"title":"Vasara prie e\u017eero","description":"Komo e\u017eero pakrant\u0117 Italijoje \u2013 \u017eavinga ir romanti\u0161ka u\u017euov\u0117ja... Florianai tai vieta, kur jos gyvenimo meil\u0117 Sebas susituoks su kita moterimi. Ji","robots":{"index":"index","follow":"follow","max-snippet":"max-snippet:-1","max-image-preview":"max-image-preview:large","max-video-preview":"max-video-preview:-1"},"canonical":"https:\/\/skaitytaknyga.lt\/en\/produktas\/vasara-prie-ezero\/","og_locale":"en_GB","og_type":"article","og_title":"[:lt]Vasara prie e\u017eero[:] - Skaitytaknyga","og_description":"Komo e\u017eero pakrant\u0117 Italijoje \u2013 \u017eavinga ir romanti\u0161ka u\u017euov\u0117ja... Florianai tai vieta, kur jos gyvenimo meil\u0117 Sebas susituoks su kita moterimi. Ji","og_url":"https:\/\/skaitytaknyga.lt\/en\/produktas\/vasara-prie-ezero\/","og_site_name":"Skaitytaknyga","article_publisher":"https:\/\/www.facebook.com\/skaitytaknyga\/","article_modified_time":"2025-10-15T07:04:13+00:00","og_image":[{"width":300,"height":450,"url":"https:\/\/skaitytaknyga.lt\/wp-content\/uploads\/2025\/10\/Vasara-prie-ezero-1.webp","type":"image\/webp"}],"twitter_card":"summary_large_image","twitter_misc":{"Estimated reading time":"1 minute"},"schema":{"@context":"https:\/\/schema.org","@graph":[{"@type":"WebPage","@id":"https:\/\/skaitytaknyga.lt\/produktas\/vasara-prie-ezero\/","url":"https:\/\/skaitytaknyga.lt\/produktas\/vasara-prie-ezero\/","name":"Vasara prie e\u017eero","isPartOf":{"@id":"https:\/\/skaitytaknyga.lt\/#website"},"primaryImageOfPage":{"@id":"https:\/\/skaitytaknyga.lt\/produktas\/vasara-prie-ezero\/#primaryimage"},"image":{"@id":"https:\/\/skaitytaknyga.lt\/produktas\/vasara-prie-ezero\/#primaryimage"},"thumbnailUrl":"https:\/\/skaitytaknyga.lt\/wp-content\/uploads\/2025\/10\/Vasara-prie-ezero-1.webp","datePublished":"2025-10-14T13:29:04+00:00","dateModified":"2025-10-15T07:04:13+00:00","description":"Komo e\u017eero pakrant\u0117 Italijoje \u2013 \u017eavinga ir romanti\u0161ka u\u017euov\u0117ja... Florianai tai vieta, kur jos gyvenimo meil\u0117 Sebas susituoks su kita moterimi. Ji","breadcrumb":{"@id":"https:\/\/skaitytaknyga.lt\/produktas\/vasara-prie-ezero\/#breadcrumb"},"inLanguage":"en-GB","potentialAction":[{"@type":"ReadAction","target":["https:\/\/skaitytaknyga.lt\/produktas\/vasara-prie-ezero\/"]}]},{"@type":"ImageObject","inLanguage":"en-GB","@id":"https:\/\/skaitytaknyga.lt\/produktas\/vasara-prie-ezero\/#primaryimage","url":"https:\/\/skaitytaknyga.lt\/wp-content\/uploads\/2025\/10\/Vasara-prie-ezero-1.webp","contentUrl":"https:\/\/skaitytaknyga.lt\/wp-content\/uploads\/2025\/10\/Vasara-prie-ezero-1.webp","width":300,"height":450},{"@type":"BreadcrumbList","@id":"https:\/\/skaitytaknyga.lt\/produktas\/vasara-prie-ezero\/#breadcrumb","itemListElement":[{"@type":"ListItem","position":1,"name":"Home","item":"https:\/\/skaitytaknyga.lt\/"},{"@type":"ListItem","position":2,"name":"Parduotuv\u0117","item":"https:\/\/skaitytaknyga.lt\/knygu-parduotuve\/"},{"@type":"ListItem","position":3,"name":"Vasara prie e\u017eero"}]},{"@type":"WebSite","@id":"https:\/\/skaitytaknyga.lt\/#website","url":"https:\/\/skaitytaknyga.lt\/","name":"skaitytaknyga.lt","description":"Skaitytaknyga.lt \u2013 tai ma\u017eas \u0161eimos verslas, kuris prasid\u0117jo nuo meil\u0117s knygoms ir siekio i\u0161gelb\u0117ti knygas nuo likimo prie konteinerio. Kas vienam nereikalingas daiktas \u2013 kitam lobis, o mes esame tarpininkai, kurie padeda abiems tapti laimingesniems ???? \u017dinome kaip nelengva i\u0161gyventi ma\u017eiems verslams, tad nuo \u0161iol, \u010dia rasite ir kit\u0173, ma\u017e\u0173 \u0161eim\u0173 versl\u0173, rank\u0173 darbo, dovan\u0173 sau ir artimiesiems.","publisher":{"@id":"https:\/\/skaitytaknyga.lt\/#organization"},"potentialAction":[{"@type":"SearchAction","target":{"@type":"EntryPoint","urlTemplate":"https:\/\/skaitytaknyga.lt\/?s={search_term_string}"},"query-input":{"@type":"PropertyValueSpecification","valueRequired":true,"valueName":"search_term_string"}}],"inLanguage":"en-GB"},{"@type":"Organization","@id":"https:\/\/skaitytaknyga.lt\/#organization","name":"skaitytaknyga.lt","url":"https:\/\/skaitytaknyga.lt\/","logo":{"@type":"ImageObject","inLanguage":"en-GB","@id":"https:\/\/skaitytaknyga.lt\/#\/schema\/logo\/image\/","url":"https:\/\/skaitytaknyga.lt\/wp-content\/uploads\/2024\/05\/cropped-cropped-cropped-02_00843_jt3bggkj1j3HLc7SyY6rEUpg.jpeg","contentUrl":"https:\/\/skaitytaknyga.lt\/wp-content\/uploads\/2024\/05\/cropped-cropped-cropped-02_00843_jt3bggkj1j3HLc7SyY6rEUpg.jpeg","width":1600,"height":1600,"caption":"skaitytaknyga.lt"},"image":{"@id":"https:\/\/skaitytaknyga.lt\/#\/schema\/logo\/image\/"},"sameAs":["https:\/\/www.facebook.com\/skaitytaknyga\/"]}]}},"_links":{"self":[{"href":"https:\/\/skaitytaknyga.lt\/en\/wp-json\/wp\/v2\/product\/21503","targetHints":{"allow":["GET"]}}],"collection":[{"href":"https:\/\/skaitytaknyga.lt\/en\/wp-json\/wp\/v2\/product"}],"about":[{"href":"https:\/\/skaitytaknyga.lt\/en\/wp-json\/wp\/v2\/types\/product"}],"replies":[{"embeddable":true,"href":"https:\/\/skaitytaknyga.lt\/en\/wp-json\/wp\/v2\/comments?post=21503"}],"wp:featuredmedia":[{"embeddable":true,"href":"https:\/\/skaitytaknyga.lt\/en\/wp-json\/wp\/v2\/media\/21515"}],"wp:attachment":[{"href":"https:\/\/skaitytaknyga.lt\/en\/wp-json\/wp\/v2\/media?parent=21503"}],"wp:term":[{"taxonomy":"product_brand","embeddable":true,"href":"https:\/\/skaitytaknyga.lt\/en\/wp-json\/wp\/v2\/product_brand?post=21503"},{"taxonomy":"product_cat","embeddable":true,"href":"https:\/\/skaitytaknyga.lt\/en\/wp-json\/wp\/v2\/product_cat?post=21503"},{"taxonomy":"product_tag","embeddable":true,"href":"https:\/\/skaitytaknyga.lt\/en\/wp-json\/wp\/v2\/product_tag?post=21503"}],"curies":[{"name":"wp","href":"https:\/\/api.w.org\/{rel}","templated":true}]}}