{"id":21502,"date":"2025-10-14T16:29:04","date_gmt":"2025-10-14T13:29:04","guid":{"rendered":"https:\/\/skaitytaknyga.lt\/?post_type=product&#038;p=21502"},"modified":"2026-03-10T16:51:18","modified_gmt":"2026-03-10T14:51:18","slug":"kupidonas-kartoniniais-sparnais","status":"publish","type":"product","link":"https:\/\/skaitytaknyga.lt\/en\/produktas\/kupidonas-kartoniniais-sparnais\/","title":{"rendered":"Kupidonas kartoniniais sparnais"},"content":{"rendered":"<p>Rapha\u00eblle Giordano jau sp\u0117jo i\u0161gars\u0117ti savo knygomis \u201eTavo gyvenimas prasideda supratus, kad gyveni tik kart\u0105\u201c ir \u201eDiena, kai li\u016btai ims \u0117sti salotas\u201c. Naujausias jos romanas t\u0119sia geriausias toki\u0173 knyg\u0173 kaip \u201eDievas visada keliauja incognito\u201c (aut. Laurent Gounelle) tradicijas ir skiriamas visiems, kurie ie\u0161ko \u012fkvepian\u010dios, kasdienes problemas padedan\u010dios spr\u0119sti literat\u016bros.<\/p>\n<p>Meredita \u2013 dar niekam ne\u017einoma aktor\u0117, trok\u0161tanti savo j\u0117gomis padaryti karjer\u0105. Ji tikrai myli Antuan\u0105, bet dar n\u0117ra pasiruo\u0161usi \u012fsipareigoti. Mergina \u012fsitikinusi, jog santykiuose turi padaryti pertrauk\u0105, kad pamatyt\u0173 visk\u0105 i\u0161 \u0161alies ir nuspr\u0119st\u0173, ko i\u0161 tikr\u0173j\u0173 nori gyvenime. Ji privalo u\u017eduoti sau svarbius klausimus: kaip tinkamai myl\u0117ti save? Kaip myl\u0117ti kit\u0105 paliekant jam erdv\u0117s? Kaip j\u012f suprasti ir i\u0161saugoti aistros ugn\u012f? Ar \u012fmanoma susikurti savo laim\u0119, ar ji nuo m\u016bs\u0173 nepriklauso?<br \/>\nMergina mano, kad, \u012fd\u0117jusi pakankamai darbo ir pastang\u0173, tapusi atviresn\u0117, gali i\u0161mokti myl\u0117ti geriau, i\u0161siugdyti savo myl\u0117geb\u0105. Antuanas sutrik\u0119s ir nuli\u016bd\u0119s, bet sutinka duoti jai 6 m\u0117nesius ir 1 dien\u0105. Ji pa\u017eada sugr\u012f\u017eti. Taip prasideda Mereditos meil\u0117s kelion\u0117, pa\u012fvairinama Kupidono pok\u0161t\u0173. Tik ar ji ras atsakymus \u012f savo klausimus? Ar tada nebus per v\u0117lu?<\/p>\n","protected":false},"excerpt":{"rendered":"<p>Rapha\u00eblle Giordano jau sp\u0117jo i\u0161gars\u0117ti savo knygomis \u201eTavo gyvenimas prasideda supratus, kad gyveni tik kart\u0105\u201c ir \u201eDiena, kai li\u016btai ims \u0117sti salotas\u201c. Naujausias jos romanas t\u0119sia geriausias toki\u0173 knyg\u0173 kaip \u201eDievas visada keliauja incognito\u201c (aut. Laurent Gounelle) tradicijas ir skiriamas visiems, kurie ie\u0161ko \u012fkvepian\u010dios, kasdienes problemas padedan\u010dios spr\u0119sti literat\u016bros. Meredita \u2013 dar niekam ne\u017einoma aktor\u0117, trok\u0161tanti savo j\u0117gomis padaryti karjer\u0105. Ji tikrai myli Antuan\u0105, bet dar n\u0117ra pasiruo\u0161usi \u012fsipareigoti. Mergina \u012fsitikinusi, jog santykiuose turi padaryti pertrauk\u0105, kad pamatyt\u0173 visk\u0105 i\u0161 \u0161alies ir nuspr\u0119st\u0173, ko i\u0161 tikr\u0173j\u0173 nori gyvenime. Ji privalo u\u017eduoti sau svarbius klausimus: kaip tinkamai myl\u0117ti save? Kaip myl\u0117ti kit\u0105 paliekant jam erdv\u0117s? Kaip j\u012f suprasti ir i\u0161saugoti aistros ugn\u012f? Ar \u012fmanoma susikurti savo laim\u0119, ar ji nuo m\u016bs\u0173 nepriklauso? Mergina mano, kad, \u012fd\u0117jusi pakankamai darbo ir pastang\u0173, tapusi atviresn\u0117, gali i\u0161mokti myl\u0117ti geriau, i\u0161siugdyti savo myl\u0117geb\u0105. Antuanas sutrik\u0119s ir nuli\u016bd\u0119s, bet sutinka duoti jai 6 m\u0117nesius ir 1 dien\u0105. Ji pa\u017eada sugr\u012f\u017eti. Taip prasideda Mereditos meil\u0117s kelion\u0117, pa\u012fvairinama Kupidono pok\u0161t\u0173. Tik ar ji ras atsakymus \u012f savo klausimus? Ar tada nebus per v\u0117lu?<\/p>\n","protected":false},"featured_media":21507,"comment_status":"open","ping_status":"closed","template":"","meta":{"_acf_changed":false,"site-sidebar-layout":"default","site-content-layout":"","ast-site-content-layout":"default","site-content-style":"default","site-sidebar-style":"default","ast-global-header-display":"","ast-banner-title-visibility":"","ast-main-header-display":"","ast-hfb-above-header-display":"","ast-hfb-below-header-display":"","ast-hfb-mobile-header-display":"","site-post-title":"","ast-breadcrumbs-content":"","ast-featured-img":"","footer-sml-layout":"","ast-disable-related-posts":"","theme-transparent-header-meta":"","adv-header-id-meta":"","stick-header-meta":"","header-above-stick-meta":"","header-main-stick-meta":"","header-below-stick-meta":"","astra-migrate-meta-layouts":"default","ast-page-background-enabled":"default","ast-page-background-meta":{"desktop":{"background-color":"","background-image":"","background-repeat":"repeat","background-position":"center center","background-size":"auto","background-attachment":"scroll","background-type":"","background-media":"","overlay-type":"","overlay-color":"","overlay-opacity":"","overlay-gradient":""},"tablet":{"background-color":"","background-image":"","background-repeat":"repeat","background-position":"center center","background-size":"auto","background-attachment":"scroll","background-type":"","background-media":"","overlay-type":"","overlay-color":"","overlay-opacity":"","overlay-gradient":""},"mobile":{"background-color":"","background-image":"","background-repeat":"repeat","background-position":"center center","background-size":"auto","background-attachment":"scroll","background-type":"","background-media":"","overlay-type":"","overlay-color":"","overlay-opacity":"","overlay-gradient":""}},"ast-content-background-meta":{"desktop":{"background-color":"var(--ast-global-color-4)","background-image":"","background-repeat":"repeat","background-position":"center center","background-size":"auto","background-attachment":"scroll","background-type":"","background-media":"","overlay-type":"","overlay-color":"","overlay-opacity":"","overlay-gradient":""},"tablet":{"background-color":"var(--ast-global-color-4)","background-image":"","background-repeat":"repeat","background-position":"center center","background-size":"auto","background-attachment":"scroll","background-type":"","background-media":"","overlay-type":"","overlay-color":"","overlay-opacity":"","overlay-gradient":""},"mobile":{"background-color":"var(--ast-global-color-4)","background-image":"","background-repeat":"repeat","background-position":"center center","background-size":"auto","background-attachment":"scroll","background-type":"","background-media":"","overlay-type":"","overlay-color":"","overlay-opacity":"","overlay-gradient":""}}},"product_brand":[],"product_cat":[15],"product_tag":[],"class_list":{"0":"post-21502","1":"product","2":"type-product","3":"status-publish","4":"has-post-thumbnail","6":"product_cat-uncategorized","7":"desktop-align-left","8":"tablet-align-left","9":"mobile-align-left","11":"first","12":"instock","13":"shipping-taxable","14":"purchasable","15":"product-type-simple"},"acf":[],"yoast_head":"<!-- This site is optimized with the Yoast SEO plugin v27.0 - https:\/\/yoast.com\/product\/yoast-seo-wordpress\/ -->\n<title>Kupidonas kartoniniais sparnais<\/title>\n<meta name=\"description\" content=\"Rapha\u00eblle Giordano jau sp\u0117jo i\u0161gars\u0117ti savo knygomis \u201eTavo gyvenimas prasideda supratus, kad gyveni tik kart\u0105\u201c ir \u201eDiena, kai li\u016btai ims \u0117sti salotas\u201c.\" \/>\n<meta name=\"robots\" content=\"index, follow, max-snippet:-1, max-image-preview:large, max-video-preview:-1\" \/>\n<link rel=\"canonical\" href=\"https:\/\/skaitytaknyga.lt\/en\/produktas\/kupidonas-kartoniniais-sparnais\/\" \/>\n<meta property=\"og:locale\" content=\"en_GB\" \/>\n<meta property=\"og:locale:alternate\" content=\"lt_LT\" \/>\n<meta property=\"og:type\" content=\"article\" \/>\n<meta property=\"og:title\" content=\"Kupidonas kartoniniais sparnais\" \/>\n<meta property=\"og:description\" content=\"Rapha\u00eblle Giordano jau sp\u0117jo i\u0161gars\u0117ti savo knygomis \u201eTavo gyvenimas prasideda supratus, kad gyveni tik kart\u0105\u201c ir \u201eDiena, kai li\u016btai ims \u0117sti salotas\u201c.\" \/>\n<meta property=\"og:url\" content=\"https:\/\/skaitytaknyga.lt\/en\/produktas\/kupidonas-kartoniniais-sparnais\/\" \/>\n<meta property=\"og:site_name\" content=\"Skaitytaknyga\" \/>\n<meta property=\"article:publisher\" content=\"https:\/\/www.facebook.com\/skaitytaknyga\/\" \/>\n<meta property=\"article:modified_time\" content=\"2026-03-10T14:51:18+00:00\" \/>\n<meta property=\"og:image\" content=\"https:\/\/skaitytaknyga.lt\/wp-content\/uploads\/2025\/10\/Kupidonas-kartoniniais-sparnais-1.webp\" \/>\n\t<meta property=\"og:image:width\" content=\"300\" \/>\n\t<meta property=\"og:image:height\" content=\"447\" \/>\n\t<meta property=\"og:image:type\" content=\"image\/webp\" \/>\n<meta name=\"twitter:card\" content=\"summary_large_image\" \/>\n<meta name=\"twitter:label1\" content=\"Estimated reading time\" \/>\n\t<meta name=\"twitter:data1\" content=\"1 minute\" \/>\n<script type=\"application\/ld+json\" class=\"yoast-schema-graph\">{\"@context\":\"https:\/\/schema.org\",\"@graph\":[{\"@type\":\"WebPage\",\"@id\":\"https:\/\/skaitytaknyga.lt\/produktas\/kupidonas-kartoniniais-sparnais\/\",\"url\":\"https:\/\/skaitytaknyga.lt\/produktas\/kupidonas-kartoniniais-sparnais\/\",\"name\":\"Kupidonas kartoniniais sparnais\",\"isPartOf\":{\"@id\":\"https:\/\/skaitytaknyga.lt\/#website\"},\"primaryImageOfPage\":{\"@id\":\"https:\/\/skaitytaknyga.lt\/produktas\/kupidonas-kartoniniais-sparnais\/#primaryimage\"},\"image\":{\"@id\":\"https:\/\/skaitytaknyga.lt\/produktas\/kupidonas-kartoniniais-sparnais\/#primaryimage\"},\"thumbnailUrl\":\"https:\/\/skaitytaknyga.lt\/wp-content\/uploads\/2025\/10\/Kupidonas-kartoniniais-sparnais-1.webp\",\"datePublished\":\"2025-10-14T13:29:04+00:00\",\"dateModified\":\"2026-03-10T14:51:18+00:00\",\"description\":\"Rapha\u00eblle Giordano jau sp\u0117jo i\u0161gars\u0117ti savo knygomis \u201eTavo gyvenimas prasideda supratus, kad gyveni tik kart\u0105\u201c ir \u201eDiena, kai li\u016btai ims \u0117sti salotas\u201c.\",\"breadcrumb\":{\"@id\":\"https:\/\/skaitytaknyga.lt\/produktas\/kupidonas-kartoniniais-sparnais\/#breadcrumb\"},\"inLanguage\":\"en-GB\",\"potentialAction\":[{\"@type\":\"ReadAction\",\"target\":[\"https:\/\/skaitytaknyga.lt\/produktas\/kupidonas-kartoniniais-sparnais\/\"]}]},{\"@type\":\"ImageObject\",\"inLanguage\":\"en-GB\",\"@id\":\"https:\/\/skaitytaknyga.lt\/produktas\/kupidonas-kartoniniais-sparnais\/#primaryimage\",\"url\":\"https:\/\/skaitytaknyga.lt\/wp-content\/uploads\/2025\/10\/Kupidonas-kartoniniais-sparnais-1.webp\",\"contentUrl\":\"https:\/\/skaitytaknyga.lt\/wp-content\/uploads\/2025\/10\/Kupidonas-kartoniniais-sparnais-1.webp\",\"width\":300,\"height\":447,\"caption\":\"Kupidonas kartoniniais sparnais\"},{\"@type\":\"BreadcrumbList\",\"@id\":\"https:\/\/skaitytaknyga.lt\/produktas\/kupidonas-kartoniniais-sparnais\/#breadcrumb\",\"itemListElement\":[{\"@type\":\"ListItem\",\"position\":1,\"name\":\"Home\",\"item\":\"https:\/\/skaitytaknyga.lt\/\"},{\"@type\":\"ListItem\",\"position\":2,\"name\":\"Parduotuv\u0117\",\"item\":\"https:\/\/skaitytaknyga.lt\/knygu-parduotuve\/\"},{\"@type\":\"ListItem\",\"position\":3,\"name\":\"Kupidonas kartoniniais sparnais\"}]},{\"@type\":\"WebSite\",\"@id\":\"https:\/\/skaitytaknyga.lt\/#website\",\"url\":\"https:\/\/skaitytaknyga.lt\/\",\"name\":\"skaitytaknyga.lt\",\"description\":\"Skaitytaknyga.lt \u2013 tai ma\u017eas \u0161eimos verslas, kuris prasid\u0117jo nuo meil\u0117s knygoms ir siekio i\u0161gelb\u0117ti knygas nuo likimo prie konteinerio. Kas vienam nereikalingas daiktas \u2013 kitam lobis, o mes esame tarpininkai, kurie padeda abiems tapti laimingesniems ???? \u017dinome kaip nelengva i\u0161gyventi ma\u017eiems verslams, tad nuo \u0161iol, \u010dia rasite ir kit\u0173, ma\u017e\u0173 \u0161eim\u0173 versl\u0173, rank\u0173 darbo, dovan\u0173 sau ir artimiesiems.\",\"publisher\":{\"@id\":\"https:\/\/skaitytaknyga.lt\/#organization\"},\"potentialAction\":[{\"@type\":\"SearchAction\",\"target\":{\"@type\":\"EntryPoint\",\"urlTemplate\":\"https:\/\/skaitytaknyga.lt\/?s={search_term_string}\"},\"query-input\":{\"@type\":\"PropertyValueSpecification\",\"valueRequired\":true,\"valueName\":\"search_term_string\"}}],\"inLanguage\":\"en-GB\"},{\"@type\":\"Organization\",\"@id\":\"https:\/\/skaitytaknyga.lt\/#organization\",\"name\":\"skaitytaknyga.lt\",\"url\":\"https:\/\/skaitytaknyga.lt\/\",\"logo\":{\"@type\":\"ImageObject\",\"inLanguage\":\"en-GB\",\"@id\":\"https:\/\/skaitytaknyga.lt\/#\/schema\/logo\/image\/\",\"url\":\"https:\/\/skaitytaknyga.lt\/wp-content\/uploads\/2024\/05\/cropped-cropped-cropped-02_00843_jt3bggkj1j3HLc7SyY6rEUpg.jpeg\",\"contentUrl\":\"https:\/\/skaitytaknyga.lt\/wp-content\/uploads\/2024\/05\/cropped-cropped-cropped-02_00843_jt3bggkj1j3HLc7SyY6rEUpg.jpeg\",\"width\":1600,\"height\":1600,\"caption\":\"skaitytaknyga.lt\"},\"image\":{\"@id\":\"https:\/\/skaitytaknyga.lt\/#\/schema\/logo\/image\/\"},\"sameAs\":[\"https:\/\/www.facebook.com\/skaitytaknyga\/\"]}]}<\/script>\n<!-- \/ Yoast SEO plugin. -->","yoast_head_json":{"title":"Kupidonas kartoniniais sparnais","description":"Rapha\u00eblle Giordano jau sp\u0117jo i\u0161gars\u0117ti savo knygomis \u201eTavo gyvenimas prasideda supratus, kad gyveni tik kart\u0105\u201c ir \u201eDiena, kai li\u016btai ims \u0117sti salotas\u201c.","robots":{"index":"index","follow":"follow","max-snippet":"max-snippet:-1","max-image-preview":"max-image-preview:large","max-video-preview":"max-video-preview:-1"},"canonical":"https:\/\/skaitytaknyga.lt\/en\/produktas\/kupidonas-kartoniniais-sparnais\/","og_locale":"en_GB","og_type":"article","og_title":"[:lt]Kupidonas kartoniniais sparnais[:] - Skaitytaknyga","og_description":"Rapha\u00eblle Giordano jau sp\u0117jo i\u0161gars\u0117ti savo knygomis \u201eTavo gyvenimas prasideda supratus, kad gyveni tik kart\u0105\u201c ir \u201eDiena, kai li\u016btai ims \u0117sti salotas\u201c.","og_url":"https:\/\/skaitytaknyga.lt\/en\/produktas\/kupidonas-kartoniniais-sparnais\/","og_site_name":"Skaitytaknyga","article_publisher":"https:\/\/www.facebook.com\/skaitytaknyga\/","article_modified_time":"2026-03-10T14:51:18+00:00","og_image":[{"width":300,"height":447,"url":"https:\/\/skaitytaknyga.lt\/wp-content\/uploads\/2025\/10\/Kupidonas-kartoniniais-sparnais-1.webp","type":"image\/webp"}],"twitter_card":"summary_large_image","twitter_misc":{"Estimated reading time":"1 minute"},"schema":{"@context":"https:\/\/schema.org","@graph":[{"@type":"WebPage","@id":"https:\/\/skaitytaknyga.lt\/produktas\/kupidonas-kartoniniais-sparnais\/","url":"https:\/\/skaitytaknyga.lt\/produktas\/kupidonas-kartoniniais-sparnais\/","name":"Kupidonas kartoniniais sparnais","isPartOf":{"@id":"https:\/\/skaitytaknyga.lt\/#website"},"primaryImageOfPage":{"@id":"https:\/\/skaitytaknyga.lt\/produktas\/kupidonas-kartoniniais-sparnais\/#primaryimage"},"image":{"@id":"https:\/\/skaitytaknyga.lt\/produktas\/kupidonas-kartoniniais-sparnais\/#primaryimage"},"thumbnailUrl":"https:\/\/skaitytaknyga.lt\/wp-content\/uploads\/2025\/10\/Kupidonas-kartoniniais-sparnais-1.webp","datePublished":"2025-10-14T13:29:04+00:00","dateModified":"2026-03-10T14:51:18+00:00","description":"Rapha\u00eblle Giordano jau sp\u0117jo i\u0161gars\u0117ti savo knygomis \u201eTavo gyvenimas prasideda supratus, kad gyveni tik kart\u0105\u201c ir \u201eDiena, kai li\u016btai ims \u0117sti salotas\u201c.","breadcrumb":{"@id":"https:\/\/skaitytaknyga.lt\/produktas\/kupidonas-kartoniniais-sparnais\/#breadcrumb"},"inLanguage":"en-GB","potentialAction":[{"@type":"ReadAction","target":["https:\/\/skaitytaknyga.lt\/produktas\/kupidonas-kartoniniais-sparnais\/"]}]},{"@type":"ImageObject","inLanguage":"en-GB","@id":"https:\/\/skaitytaknyga.lt\/produktas\/kupidonas-kartoniniais-sparnais\/#primaryimage","url":"https:\/\/skaitytaknyga.lt\/wp-content\/uploads\/2025\/10\/Kupidonas-kartoniniais-sparnais-1.webp","contentUrl":"https:\/\/skaitytaknyga.lt\/wp-content\/uploads\/2025\/10\/Kupidonas-kartoniniais-sparnais-1.webp","width":300,"height":447,"caption":"Kupidonas kartoniniais sparnais"},{"@type":"BreadcrumbList","@id":"https:\/\/skaitytaknyga.lt\/produktas\/kupidonas-kartoniniais-sparnais\/#breadcrumb","itemListElement":[{"@type":"ListItem","position":1,"name":"Home","item":"https:\/\/skaitytaknyga.lt\/"},{"@type":"ListItem","position":2,"name":"Parduotuv\u0117","item":"https:\/\/skaitytaknyga.lt\/knygu-parduotuve\/"},{"@type":"ListItem","position":3,"name":"Kupidonas kartoniniais sparnais"}]},{"@type":"WebSite","@id":"https:\/\/skaitytaknyga.lt\/#website","url":"https:\/\/skaitytaknyga.lt\/","name":"skaitytaknyga.lt","description":"Skaitytaknyga.lt \u2013 tai ma\u017eas \u0161eimos verslas, kuris prasid\u0117jo nuo meil\u0117s knygoms ir siekio i\u0161gelb\u0117ti knygas nuo likimo prie konteinerio. Kas vienam nereikalingas daiktas \u2013 kitam lobis, o mes esame tarpininkai, kurie padeda abiems tapti laimingesniems ???? \u017dinome kaip nelengva i\u0161gyventi ma\u017eiems verslams, tad nuo \u0161iol, \u010dia rasite ir kit\u0173, ma\u017e\u0173 \u0161eim\u0173 versl\u0173, rank\u0173 darbo, dovan\u0173 sau ir artimiesiems.","publisher":{"@id":"https:\/\/skaitytaknyga.lt\/#organization"},"potentialAction":[{"@type":"SearchAction","target":{"@type":"EntryPoint","urlTemplate":"https:\/\/skaitytaknyga.lt\/?s={search_term_string}"},"query-input":{"@type":"PropertyValueSpecification","valueRequired":true,"valueName":"search_term_string"}}],"inLanguage":"en-GB"},{"@type":"Organization","@id":"https:\/\/skaitytaknyga.lt\/#organization","name":"skaitytaknyga.lt","url":"https:\/\/skaitytaknyga.lt\/","logo":{"@type":"ImageObject","inLanguage":"en-GB","@id":"https:\/\/skaitytaknyga.lt\/#\/schema\/logo\/image\/","url":"https:\/\/skaitytaknyga.lt\/wp-content\/uploads\/2024\/05\/cropped-cropped-cropped-02_00843_jt3bggkj1j3HLc7SyY6rEUpg.jpeg","contentUrl":"https:\/\/skaitytaknyga.lt\/wp-content\/uploads\/2024\/05\/cropped-cropped-cropped-02_00843_jt3bggkj1j3HLc7SyY6rEUpg.jpeg","width":1600,"height":1600,"caption":"skaitytaknyga.lt"},"image":{"@id":"https:\/\/skaitytaknyga.lt\/#\/schema\/logo\/image\/"},"sameAs":["https:\/\/www.facebook.com\/skaitytaknyga\/"]}]}},"_links":{"self":[{"href":"https:\/\/skaitytaknyga.lt\/en\/wp-json\/wp\/v2\/product\/21502","targetHints":{"allow":["GET"]}}],"collection":[{"href":"https:\/\/skaitytaknyga.lt\/en\/wp-json\/wp\/v2\/product"}],"about":[{"href":"https:\/\/skaitytaknyga.lt\/en\/wp-json\/wp\/v2\/types\/product"}],"replies":[{"embeddable":true,"href":"https:\/\/skaitytaknyga.lt\/en\/wp-json\/wp\/v2\/comments?post=21502"}],"wp:featuredmedia":[{"embeddable":true,"href":"https:\/\/skaitytaknyga.lt\/en\/wp-json\/wp\/v2\/media\/21507"}],"wp:attachment":[{"href":"https:\/\/skaitytaknyga.lt\/en\/wp-json\/wp\/v2\/media?parent=21502"}],"wp:term":[{"taxonomy":"product_brand","embeddable":true,"href":"https:\/\/skaitytaknyga.lt\/en\/wp-json\/wp\/v2\/product_brand?post=21502"},{"taxonomy":"product_cat","embeddable":true,"href":"https:\/\/skaitytaknyga.lt\/en\/wp-json\/wp\/v2\/product_cat?post=21502"},{"taxonomy":"product_tag","embeddable":true,"href":"https:\/\/skaitytaknyga.lt\/en\/wp-json\/wp\/v2\/product_tag?post=21502"}],"curies":[{"name":"wp","href":"https:\/\/api.w.org\/{rel}","templated":true}]}}