{"id":21494,"date":"2025-10-14T15:49:44","date_gmt":"2025-10-14T12:49:44","guid":{"rendered":"https:\/\/skaitytaknyga.lt\/?post_type=product&#038;p=21494"},"modified":"2025-10-15T10:04:13","modified_gmt":"2025-10-15T07:04:13","slug":"moters-sypsena","status":"publish","type":"product","link":"https:\/\/skaitytaknyga.lt\/en\/produktas\/moters-sypsena\/","title":{"rendered":"Moters \u0161ypsena"},"content":{"rendered":"<p>Jaunai restorano savininkei Oreli nelabai sekasi meil\u0117je. Netik\u0117tai palikta draugo, ji nusiminusi klajoja po Pary\u017ei\u0173. Ir kai vilties, atrodo, nebelieka, nedideliame knygyn\u0117lyje mergina aptinka roman\u0105, pasakojant\u012f ne tik apie jos restoran\u0105, bet ir apie j\u0105 pa\u010di\u0105. Abstulbusi i\u0161 netik\u0117tumo ir su\u017eav\u0117ta knygos, Oreli atgauna gyvenimo d\u017eiaugsm\u0105 ir nori susipa\u017einti su knygos autoriumi bei pavai\u0161inti j\u012f vakariene. Pasirodo, tai ne taip paprasta. Leidyklos redaktorius, aroganti\u0161kasis mesj\u0117 Monsinjakas, patikina, kad knygos autorius yra drovus atsiskyr\u0117lis. Bet mergina taip lengvai nepasiduoda. Ie\u0161kodama ra\u0161ytojo, Oreli supranta, kad, u\u017euot pasibaig\u0119, didieji jos gyvenimo i\u0161bandymai dar tik prasideda. Bet gal jie atne\u0161 ir naujos laim\u0117s bei tikros meil\u0117s vilt\u012f?<\/p>\n<p>Eleganti\u0161ka ir linksma \u201eMoters \u0161ypsena\u201c \u2013 ilgai skaitytoj\u0173 laukta penktoji Nicolas Barreau knyga, i\u0161versta \u012f lietuvi\u0173 kalb\u0105. Kiekviena jo istorija dovanoja gra\u017e\u0173 ir paslapting\u0105, kilnios meil\u0117s persmelkt\u0105 pasaul\u012f.<\/p>\n<p>Juokinga, \u0161maik\u0161tu ir romanti\u0161ka!<\/p>\n","protected":false},"excerpt":{"rendered":"<p>Jaunai restorano savininkei Oreli nelabai sekasi meil\u0117je. Netik\u0117tai palikta draugo, ji nusiminusi klajoja po Pary\u017ei\u0173. Ir kai vilties, atrodo, nebelieka, nedideliame knygyn\u0117lyje mergina aptinka roman\u0105, pasakojant\u012f ne tik apie jos restoran\u0105, bet ir apie j\u0105 pa\u010di\u0105. Abstulbusi i\u0161 netik\u0117tumo ir su\u017eav\u0117ta knygos, Oreli atgauna gyvenimo d\u017eiaugsm\u0105 ir nori susipa\u017einti su knygos autoriumi bei pavai\u0161inti j\u012f vakariene. Pasirodo, tai ne taip paprasta. Leidyklos redaktorius, aroganti\u0161kasis mesj\u0117 Monsinjakas, patikina, kad knygos autorius yra drovus atsiskyr\u0117lis. Bet mergina taip lengvai nepasiduoda. Ie\u0161kodama ra\u0161ytojo, Oreli supranta, kad, u\u017euot pasibaig\u0119, didieji jos gyvenimo i\u0161bandymai dar tik prasideda. Bet gal jie atne\u0161 ir naujos laim\u0117s bei tikros meil\u0117s vilt\u012f? Eleganti\u0161ka ir linksma \u201eMoters \u0161ypsena\u201c \u2013 ilgai skaitytoj\u0173 laukta penktoji Nicolas Barreau knyga, i\u0161versta \u012f lietuvi\u0173 kalb\u0105. Kiekviena jo istorija dovanoja gra\u017e\u0173 ir paslapting\u0105, kilnios meil\u0117s persmelkt\u0105 pasaul\u012f. Juokinga, \u0161maik\u0161tu ir romanti\u0161ka!<\/p>\n","protected":false},"featured_media":21501,"comment_status":"open","ping_status":"closed","template":"","meta":{"_acf_changed":false,"site-sidebar-layout":"default","site-content-layout":"","ast-site-content-layout":"default","site-content-style":"default","site-sidebar-style":"default","ast-global-header-display":"","ast-banner-title-visibility":"","ast-main-header-display":"","ast-hfb-above-header-display":"","ast-hfb-below-header-display":"","ast-hfb-mobile-header-display":"","site-post-title":"","ast-breadcrumbs-content":"","ast-featured-img":"","footer-sml-layout":"","ast-disable-related-posts":"","theme-transparent-header-meta":"","adv-header-id-meta":"","stick-header-meta":"","header-above-stick-meta":"","header-main-stick-meta":"","header-below-stick-meta":"","astra-migrate-meta-layouts":"default","ast-page-background-enabled":"default","ast-page-background-meta":{"desktop":{"background-color":"","background-image":"","background-repeat":"repeat","background-position":"center center","background-size":"auto","background-attachment":"scroll","background-type":"","background-media":"","overlay-type":"","overlay-color":"","overlay-opacity":"","overlay-gradient":""},"tablet":{"background-color":"","background-image":"","background-repeat":"repeat","background-position":"center center","background-size":"auto","background-attachment":"scroll","background-type":"","background-media":"","overlay-type":"","overlay-color":"","overlay-opacity":"","overlay-gradient":""},"mobile":{"background-color":"","background-image":"","background-repeat":"repeat","background-position":"center center","background-size":"auto","background-attachment":"scroll","background-type":"","background-media":"","overlay-type":"","overlay-color":"","overlay-opacity":"","overlay-gradient":""}},"ast-content-background-meta":{"desktop":{"background-color":"var(--ast-global-color-4)","background-image":"","background-repeat":"repeat","background-position":"center center","background-size":"auto","background-attachment":"scroll","background-type":"","background-media":"","overlay-type":"","overlay-color":"","overlay-opacity":"","overlay-gradient":""},"tablet":{"background-color":"var(--ast-global-color-4)","background-image":"","background-repeat":"repeat","background-position":"center center","background-size":"auto","background-attachment":"scroll","background-type":"","background-media":"","overlay-type":"","overlay-color":"","overlay-opacity":"","overlay-gradient":""},"mobile":{"background-color":"var(--ast-global-color-4)","background-image":"","background-repeat":"repeat","background-position":"center center","background-size":"auto","background-attachment":"scroll","background-type":"","background-media":"","overlay-type":"","overlay-color":"","overlay-opacity":"","overlay-gradient":""}}},"product_brand":[],"product_cat":[31],"product_tag":[],"class_list":{"0":"post-21494","1":"product","2":"type-product","3":"status-publish","4":"has-post-thumbnail","6":"product_cat-grozine-literatura","7":"desktop-align-left","8":"tablet-align-left","9":"mobile-align-left","11":"first","12":"instock","13":"shipping-taxable","14":"purchasable","15":"product-type-simple"},"acf":[],"yoast_head":"<!-- This site is optimized with the Yoast SEO plugin v27.0 - https:\/\/yoast.com\/product\/yoast-seo-wordpress\/ -->\n<title>Moters \u0161ypsena<\/title>\n<meta name=\"description\" content=\"Jaunai restorano savininkei Oreli nelabai sekasi meil\u0117je. Netik\u0117tai palikta draugo, ji nusiminusi klajoja po Pary\u017ei\u0173. Ir kai vilties, atrodo, nebelieka,\" \/>\n<meta name=\"robots\" content=\"index, follow, max-snippet:-1, max-image-preview:large, max-video-preview:-1\" \/>\n<link rel=\"canonical\" href=\"https:\/\/skaitytaknyga.lt\/en\/produktas\/moters-sypsena\/\" \/>\n<meta property=\"og:locale\" content=\"en_GB\" \/>\n<meta property=\"og:locale:alternate\" content=\"lt_LT\" \/>\n<meta property=\"og:type\" content=\"article\" \/>\n<meta property=\"og:title\" content=\"Moters \u0161ypsena\" \/>\n<meta property=\"og:description\" content=\"Jaunai restorano savininkei Oreli nelabai sekasi meil\u0117je. Netik\u0117tai palikta draugo, ji nusiminusi klajoja po Pary\u017ei\u0173. Ir kai vilties, atrodo, nebelieka,\" \/>\n<meta property=\"og:url\" content=\"https:\/\/skaitytaknyga.lt\/en\/produktas\/moters-sypsena\/\" \/>\n<meta property=\"og:site_name\" content=\"Skaitytaknyga\" \/>\n<meta property=\"article:publisher\" content=\"https:\/\/www.facebook.com\/skaitytaknyga\/\" \/>\n<meta property=\"article:modified_time\" content=\"2025-10-15T07:04:13+00:00\" \/>\n<meta property=\"og:image\" content=\"https:\/\/skaitytaknyga.lt\/wp-content\/uploads\/2025\/10\/Moters-sypsena-1.webp\" \/>\n\t<meta property=\"og:image:width\" content=\"300\" \/>\n\t<meta property=\"og:image:height\" content=\"450\" \/>\n\t<meta property=\"og:image:type\" content=\"image\/webp\" \/>\n<meta name=\"twitter:card\" content=\"summary_large_image\" \/>\n<meta name=\"twitter:label1\" content=\"Estimated reading time\" \/>\n\t<meta name=\"twitter:data1\" content=\"1 minute\" \/>\n<script type=\"application\/ld+json\" class=\"yoast-schema-graph\">{\"@context\":\"https:\/\/schema.org\",\"@graph\":[{\"@type\":\"WebPage\",\"@id\":\"https:\/\/skaitytaknyga.lt\/produktas\/moters-sypsena\/\",\"url\":\"https:\/\/skaitytaknyga.lt\/produktas\/moters-sypsena\/\",\"name\":\"Moters \u0161ypsena\",\"isPartOf\":{\"@id\":\"https:\/\/skaitytaknyga.lt\/#website\"},\"primaryImageOfPage\":{\"@id\":\"https:\/\/skaitytaknyga.lt\/produktas\/moters-sypsena\/#primaryimage\"},\"image\":{\"@id\":\"https:\/\/skaitytaknyga.lt\/produktas\/moters-sypsena\/#primaryimage\"},\"thumbnailUrl\":\"https:\/\/skaitytaknyga.lt\/wp-content\/uploads\/2025\/10\/Moters-sypsena-1.webp\",\"datePublished\":\"2025-10-14T12:49:44+00:00\",\"dateModified\":\"2025-10-15T07:04:13+00:00\",\"description\":\"Jaunai restorano savininkei Oreli nelabai sekasi meil\u0117je. Netik\u0117tai palikta draugo, ji nusiminusi klajoja po Pary\u017ei\u0173. Ir kai vilties, atrodo, nebelieka,\",\"breadcrumb\":{\"@id\":\"https:\/\/skaitytaknyga.lt\/produktas\/moters-sypsena\/#breadcrumb\"},\"inLanguage\":\"en-GB\",\"potentialAction\":[{\"@type\":\"ReadAction\",\"target\":[\"https:\/\/skaitytaknyga.lt\/produktas\/moters-sypsena\/\"]}]},{\"@type\":\"ImageObject\",\"inLanguage\":\"en-GB\",\"@id\":\"https:\/\/skaitytaknyga.lt\/produktas\/moters-sypsena\/#primaryimage\",\"url\":\"https:\/\/skaitytaknyga.lt\/wp-content\/uploads\/2025\/10\/Moters-sypsena-1.webp\",\"contentUrl\":\"https:\/\/skaitytaknyga.lt\/wp-content\/uploads\/2025\/10\/Moters-sypsena-1.webp\",\"width\":300,\"height\":450,\"caption\":\"Moters \u0161ypsena\"},{\"@type\":\"BreadcrumbList\",\"@id\":\"https:\/\/skaitytaknyga.lt\/produktas\/moters-sypsena\/#breadcrumb\",\"itemListElement\":[{\"@type\":\"ListItem\",\"position\":1,\"name\":\"Home\",\"item\":\"https:\/\/skaitytaknyga.lt\/\"},{\"@type\":\"ListItem\",\"position\":2,\"name\":\"Parduotuv\u0117\",\"item\":\"https:\/\/skaitytaknyga.lt\/knygu-parduotuve\/\"},{\"@type\":\"ListItem\",\"position\":3,\"name\":\"Moters \u0161ypsena\"}]},{\"@type\":\"WebSite\",\"@id\":\"https:\/\/skaitytaknyga.lt\/#website\",\"url\":\"https:\/\/skaitytaknyga.lt\/\",\"name\":\"skaitytaknyga.lt\",\"description\":\"Skaitytaknyga.lt \u2013 tai ma\u017eas \u0161eimos verslas, kuris prasid\u0117jo nuo meil\u0117s knygoms ir siekio i\u0161gelb\u0117ti knygas nuo likimo prie konteinerio. Kas vienam nereikalingas daiktas \u2013 kitam lobis, o mes esame tarpininkai, kurie padeda abiems tapti laimingesniems ???? \u017dinome kaip nelengva i\u0161gyventi ma\u017eiems verslams, tad nuo \u0161iol, \u010dia rasite ir kit\u0173, ma\u017e\u0173 \u0161eim\u0173 versl\u0173, rank\u0173 darbo, dovan\u0173 sau ir artimiesiems.\",\"publisher\":{\"@id\":\"https:\/\/skaitytaknyga.lt\/#organization\"},\"potentialAction\":[{\"@type\":\"SearchAction\",\"target\":{\"@type\":\"EntryPoint\",\"urlTemplate\":\"https:\/\/skaitytaknyga.lt\/?s={search_term_string}\"},\"query-input\":{\"@type\":\"PropertyValueSpecification\",\"valueRequired\":true,\"valueName\":\"search_term_string\"}}],\"inLanguage\":\"en-GB\"},{\"@type\":\"Organization\",\"@id\":\"https:\/\/skaitytaknyga.lt\/#organization\",\"name\":\"skaitytaknyga.lt\",\"url\":\"https:\/\/skaitytaknyga.lt\/\",\"logo\":{\"@type\":\"ImageObject\",\"inLanguage\":\"en-GB\",\"@id\":\"https:\/\/skaitytaknyga.lt\/#\/schema\/logo\/image\/\",\"url\":\"https:\/\/skaitytaknyga.lt\/wp-content\/uploads\/2024\/05\/cropped-cropped-cropped-02_00843_jt3bggkj1j3HLc7SyY6rEUpg.jpeg\",\"contentUrl\":\"https:\/\/skaitytaknyga.lt\/wp-content\/uploads\/2024\/05\/cropped-cropped-cropped-02_00843_jt3bggkj1j3HLc7SyY6rEUpg.jpeg\",\"width\":1600,\"height\":1600,\"caption\":\"skaitytaknyga.lt\"},\"image\":{\"@id\":\"https:\/\/skaitytaknyga.lt\/#\/schema\/logo\/image\/\"},\"sameAs\":[\"https:\/\/www.facebook.com\/skaitytaknyga\/\"]}]}<\/script>\n<!-- \/ Yoast SEO plugin. -->","yoast_head_json":{"title":"Moters \u0161ypsena","description":"Jaunai restorano savininkei Oreli nelabai sekasi meil\u0117je. Netik\u0117tai palikta draugo, ji nusiminusi klajoja po Pary\u017ei\u0173. Ir kai vilties, atrodo, nebelieka,","robots":{"index":"index","follow":"follow","max-snippet":"max-snippet:-1","max-image-preview":"max-image-preview:large","max-video-preview":"max-video-preview:-1"},"canonical":"https:\/\/skaitytaknyga.lt\/en\/produktas\/moters-sypsena\/","og_locale":"en_GB","og_type":"article","og_title":"[:lt]Moters \u0161ypsena[:] - Skaitytaknyga","og_description":"Jaunai restorano savininkei Oreli nelabai sekasi meil\u0117je. Netik\u0117tai palikta draugo, ji nusiminusi klajoja po Pary\u017ei\u0173. Ir kai vilties, atrodo, nebelieka,","og_url":"https:\/\/skaitytaknyga.lt\/en\/produktas\/moters-sypsena\/","og_site_name":"Skaitytaknyga","article_publisher":"https:\/\/www.facebook.com\/skaitytaknyga\/","article_modified_time":"2025-10-15T07:04:13+00:00","og_image":[{"width":300,"height":450,"url":"https:\/\/skaitytaknyga.lt\/wp-content\/uploads\/2025\/10\/Moters-sypsena-1.webp","type":"image\/webp"}],"twitter_card":"summary_large_image","twitter_misc":{"Estimated reading time":"1 minute"},"schema":{"@context":"https:\/\/schema.org","@graph":[{"@type":"WebPage","@id":"https:\/\/skaitytaknyga.lt\/produktas\/moters-sypsena\/","url":"https:\/\/skaitytaknyga.lt\/produktas\/moters-sypsena\/","name":"Moters \u0161ypsena","isPartOf":{"@id":"https:\/\/skaitytaknyga.lt\/#website"},"primaryImageOfPage":{"@id":"https:\/\/skaitytaknyga.lt\/produktas\/moters-sypsena\/#primaryimage"},"image":{"@id":"https:\/\/skaitytaknyga.lt\/produktas\/moters-sypsena\/#primaryimage"},"thumbnailUrl":"https:\/\/skaitytaknyga.lt\/wp-content\/uploads\/2025\/10\/Moters-sypsena-1.webp","datePublished":"2025-10-14T12:49:44+00:00","dateModified":"2025-10-15T07:04:13+00:00","description":"Jaunai restorano savininkei Oreli nelabai sekasi meil\u0117je. Netik\u0117tai palikta draugo, ji nusiminusi klajoja po Pary\u017ei\u0173. Ir kai vilties, atrodo, nebelieka,","breadcrumb":{"@id":"https:\/\/skaitytaknyga.lt\/produktas\/moters-sypsena\/#breadcrumb"},"inLanguage":"en-GB","potentialAction":[{"@type":"ReadAction","target":["https:\/\/skaitytaknyga.lt\/produktas\/moters-sypsena\/"]}]},{"@type":"ImageObject","inLanguage":"en-GB","@id":"https:\/\/skaitytaknyga.lt\/produktas\/moters-sypsena\/#primaryimage","url":"https:\/\/skaitytaknyga.lt\/wp-content\/uploads\/2025\/10\/Moters-sypsena-1.webp","contentUrl":"https:\/\/skaitytaknyga.lt\/wp-content\/uploads\/2025\/10\/Moters-sypsena-1.webp","width":300,"height":450,"caption":"Moters \u0161ypsena"},{"@type":"BreadcrumbList","@id":"https:\/\/skaitytaknyga.lt\/produktas\/moters-sypsena\/#breadcrumb","itemListElement":[{"@type":"ListItem","position":1,"name":"Home","item":"https:\/\/skaitytaknyga.lt\/"},{"@type":"ListItem","position":2,"name":"Parduotuv\u0117","item":"https:\/\/skaitytaknyga.lt\/knygu-parduotuve\/"},{"@type":"ListItem","position":3,"name":"Moters \u0161ypsena"}]},{"@type":"WebSite","@id":"https:\/\/skaitytaknyga.lt\/#website","url":"https:\/\/skaitytaknyga.lt\/","name":"skaitytaknyga.lt","description":"Skaitytaknyga.lt \u2013 tai ma\u017eas \u0161eimos verslas, kuris prasid\u0117jo nuo meil\u0117s knygoms ir siekio i\u0161gelb\u0117ti knygas nuo likimo prie konteinerio. Kas vienam nereikalingas daiktas \u2013 kitam lobis, o mes esame tarpininkai, kurie padeda abiems tapti laimingesniems ???? \u017dinome kaip nelengva i\u0161gyventi ma\u017eiems verslams, tad nuo \u0161iol, \u010dia rasite ir kit\u0173, ma\u017e\u0173 \u0161eim\u0173 versl\u0173, rank\u0173 darbo, dovan\u0173 sau ir artimiesiems.","publisher":{"@id":"https:\/\/skaitytaknyga.lt\/#organization"},"potentialAction":[{"@type":"SearchAction","target":{"@type":"EntryPoint","urlTemplate":"https:\/\/skaitytaknyga.lt\/?s={search_term_string}"},"query-input":{"@type":"PropertyValueSpecification","valueRequired":true,"valueName":"search_term_string"}}],"inLanguage":"en-GB"},{"@type":"Organization","@id":"https:\/\/skaitytaknyga.lt\/#organization","name":"skaitytaknyga.lt","url":"https:\/\/skaitytaknyga.lt\/","logo":{"@type":"ImageObject","inLanguage":"en-GB","@id":"https:\/\/skaitytaknyga.lt\/#\/schema\/logo\/image\/","url":"https:\/\/skaitytaknyga.lt\/wp-content\/uploads\/2024\/05\/cropped-cropped-cropped-02_00843_jt3bggkj1j3HLc7SyY6rEUpg.jpeg","contentUrl":"https:\/\/skaitytaknyga.lt\/wp-content\/uploads\/2024\/05\/cropped-cropped-cropped-02_00843_jt3bggkj1j3HLc7SyY6rEUpg.jpeg","width":1600,"height":1600,"caption":"skaitytaknyga.lt"},"image":{"@id":"https:\/\/skaitytaknyga.lt\/#\/schema\/logo\/image\/"},"sameAs":["https:\/\/www.facebook.com\/skaitytaknyga\/"]}]}},"_links":{"self":[{"href":"https:\/\/skaitytaknyga.lt\/en\/wp-json\/wp\/v2\/product\/21494","targetHints":{"allow":["GET"]}}],"collection":[{"href":"https:\/\/skaitytaknyga.lt\/en\/wp-json\/wp\/v2\/product"}],"about":[{"href":"https:\/\/skaitytaknyga.lt\/en\/wp-json\/wp\/v2\/types\/product"}],"replies":[{"embeddable":true,"href":"https:\/\/skaitytaknyga.lt\/en\/wp-json\/wp\/v2\/comments?post=21494"}],"wp:featuredmedia":[{"embeddable":true,"href":"https:\/\/skaitytaknyga.lt\/en\/wp-json\/wp\/v2\/media\/21501"}],"wp:attachment":[{"href":"https:\/\/skaitytaknyga.lt\/en\/wp-json\/wp\/v2\/media?parent=21494"}],"wp:term":[{"taxonomy":"product_brand","embeddable":true,"href":"https:\/\/skaitytaknyga.lt\/en\/wp-json\/wp\/v2\/product_brand?post=21494"},{"taxonomy":"product_cat","embeddable":true,"href":"https:\/\/skaitytaknyga.lt\/en\/wp-json\/wp\/v2\/product_cat?post=21494"},{"taxonomy":"product_tag","embeddable":true,"href":"https:\/\/skaitytaknyga.lt\/en\/wp-json\/wp\/v2\/product_tag?post=21494"}],"curies":[{"name":"wp","href":"https:\/\/api.w.org\/{rel}","templated":true}]}}