{"id":21493,"date":"2025-10-14T15:49:44","date_gmt":"2025-10-14T12:49:44","guid":{"rendered":"https:\/\/skaitytaknyga.lt\/?post_type=product&#038;p=21493"},"modified":"2025-10-15T10:04:13","modified_gmt":"2025-10-15T07:04:13","slug":"italijos-linksmybes-arba-teks-priprasti","status":"publish","type":"product","link":"https:\/\/skaitytaknyga.lt\/en\/produktas\/italijos-linksmybes-arba-teks-priprasti\/","title":{"rendered":"Italijos linksmyb\u0117s, arba Teks priprasti!"},"content":{"rendered":"<p>Perskait\u0119 \u0161i\u0105 knygel\u0119, pasig\u0117r\u0117j\u0119 jaunos dailinink\u0117s iliustracijomis, patirsite kur kas \u017eavesn\u0119 kelion\u0119 po Italij\u0105, kadangi \u0161maik\u0161taus autoriaus patarimai lyd\u0117s Jus kiekviename \u017eingsnyje. Autorius kelerius metus gyvena Lietuvoje, dirba ital\u0173 kalbos d\u0117stytoju, puikiai kalba ir ra\u0161o lietuvi\u0161kai. Paklaustas, ar jis nepasiilgo Italijos, tvirtina: \u201eNe!\u201c.<\/p>\n","protected":false},"excerpt":{"rendered":"<p>Perskait\u0119 \u0161i\u0105 knygel\u0119, pasig\u0117r\u0117j\u0119 jaunos dailinink\u0117s iliustracijomis, patirsite kur kas \u017eavesn\u0119 kelion\u0119 po Italij\u0105, kadangi \u0161maik\u0161taus autoriaus patarimai lyd\u0117s Jus kiekviename \u017eingsnyje. Autorius kelerius metus gyvena Lietuvoje, dirba ital\u0173 kalbos d\u0117stytoju, puikiai kalba ir ra\u0161o lietuvi\u0161kai. Paklaustas, ar jis nepasiilgo Italijos, tvirtina: \u201eNe!\u201c.<\/p>\n","protected":false},"featured_media":21498,"comment_status":"open","ping_status":"closed","template":"","meta":{"_acf_changed":false,"site-sidebar-layout":"default","site-content-layout":"","ast-site-content-layout":"default","site-content-style":"default","site-sidebar-style":"default","ast-global-header-display":"","ast-banner-title-visibility":"","ast-main-header-display":"","ast-hfb-above-header-display":"","ast-hfb-below-header-display":"","ast-hfb-mobile-header-display":"","site-post-title":"","ast-breadcrumbs-content":"","ast-featured-img":"","footer-sml-layout":"","ast-disable-related-posts":"","theme-transparent-header-meta":"","adv-header-id-meta":"","stick-header-meta":"","header-above-stick-meta":"","header-main-stick-meta":"","header-below-stick-meta":"","astra-migrate-meta-layouts":"default","ast-page-background-enabled":"default","ast-page-background-meta":{"desktop":{"background-color":"","background-image":"","background-repeat":"repeat","background-position":"center center","background-size":"auto","background-attachment":"scroll","background-type":"","background-media":"","overlay-type":"","overlay-color":"","overlay-opacity":"","overlay-gradient":""},"tablet":{"background-color":"","background-image":"","background-repeat":"repeat","background-position":"center center","background-size":"auto","background-attachment":"scroll","background-type":"","background-media":"","overlay-type":"","overlay-color":"","overlay-opacity":"","overlay-gradient":""},"mobile":{"background-color":"","background-image":"","background-repeat":"repeat","background-position":"center center","background-size":"auto","background-attachment":"scroll","background-type":"","background-media":"","overlay-type":"","overlay-color":"","overlay-opacity":"","overlay-gradient":""}},"ast-content-background-meta":{"desktop":{"background-color":"var(--ast-global-color-4)","background-image":"","background-repeat":"repeat","background-position":"center center","background-size":"auto","background-attachment":"scroll","background-type":"","background-media":"","overlay-type":"","overlay-color":"","overlay-opacity":"","overlay-gradient":""},"tablet":{"background-color":"var(--ast-global-color-4)","background-image":"","background-repeat":"repeat","background-position":"center center","background-size":"auto","background-attachment":"scroll","background-type":"","background-media":"","overlay-type":"","overlay-color":"","overlay-opacity":"","overlay-gradient":""},"mobile":{"background-color":"var(--ast-global-color-4)","background-image":"","background-repeat":"repeat","background-position":"center center","background-size":"auto","background-attachment":"scroll","background-type":"","background-media":"","overlay-type":"","overlay-color":"","overlay-opacity":"","overlay-gradient":""}}},"product_brand":[],"product_cat":[31],"product_tag":[],"class_list":{"0":"post-21493","1":"product","2":"type-product","3":"status-publish","4":"has-post-thumbnail","6":"product_cat-grozine-literatura","7":"desktop-align-left","8":"tablet-align-left","9":"mobile-align-left","11":"first","12":"instock","13":"shipping-taxable","14":"purchasable","15":"product-type-simple"},"acf":[],"yoast_head":"<!-- This site is optimized with the Yoast SEO plugin v27.0 - https:\/\/yoast.com\/product\/yoast-seo-wordpress\/ -->\n<title>Italijos linksmyb\u0117s, arba Teks priprasti!<\/title>\n<meta name=\"description\" content=\"Perskait\u0119 \u0161i\u0105 knygel\u0119, pasig\u0117r\u0117j\u0119 jaunos dailinink\u0117s iliustracijomis, patirsite kur kas \u017eavesn\u0119 kelion\u0119 po Italij\u0105, kadangi \u0161maik\u0161taus autoriaus patarimai\" \/>\n<meta name=\"robots\" content=\"index, follow, max-snippet:-1, max-image-preview:large, max-video-preview:-1\" \/>\n<link rel=\"canonical\" href=\"https:\/\/skaitytaknyga.lt\/en\/produktas\/italijos-linksmybes-arba-teks-priprasti\/\" \/>\n<meta property=\"og:locale\" content=\"en_GB\" \/>\n<meta property=\"og:locale:alternate\" content=\"lt_LT\" \/>\n<meta property=\"og:type\" content=\"article\" \/>\n<meta property=\"og:title\" content=\"Italijos linksmyb\u0117s, arba Teks priprasti!\" \/>\n<meta property=\"og:description\" content=\"Perskait\u0119 \u0161i\u0105 knygel\u0119, pasig\u0117r\u0117j\u0119 jaunos dailinink\u0117s iliustracijomis, patirsite kur kas \u017eavesn\u0119 kelion\u0119 po Italij\u0105, kadangi \u0161maik\u0161taus autoriaus patarimai\" \/>\n<meta property=\"og:url\" content=\"https:\/\/skaitytaknyga.lt\/en\/produktas\/italijos-linksmybes-arba-teks-priprasti\/\" \/>\n<meta property=\"og:site_name\" content=\"Skaitytaknyga\" \/>\n<meta property=\"article:publisher\" content=\"https:\/\/www.facebook.com\/skaitytaknyga\/\" \/>\n<meta property=\"article:modified_time\" content=\"2025-10-15T07:04:13+00:00\" \/>\n<meta property=\"og:image\" content=\"https:\/\/skaitytaknyga.lt\/wp-content\/uploads\/2025\/10\/Italijos-linksmybes-arba-Teks-priprasti-1.webp\" \/>\n\t<meta property=\"og:image:width\" content=\"300\" \/>\n\t<meta property=\"og:image:height\" content=\"206\" \/>\n\t<meta property=\"og:image:type\" content=\"image\/webp\" \/>\n<meta name=\"twitter:card\" content=\"summary_large_image\" \/>\n<script type=\"application\/ld+json\" class=\"yoast-schema-graph\">{\"@context\":\"https:\/\/schema.org\",\"@graph\":[{\"@type\":\"WebPage\",\"@id\":\"https:\/\/skaitytaknyga.lt\/produktas\/italijos-linksmybes-arba-teks-priprasti\/\",\"url\":\"https:\/\/skaitytaknyga.lt\/produktas\/italijos-linksmybes-arba-teks-priprasti\/\",\"name\":\"Italijos linksmyb\u0117s, arba Teks priprasti!\",\"isPartOf\":{\"@id\":\"https:\/\/skaitytaknyga.lt\/#website\"},\"primaryImageOfPage\":{\"@id\":\"https:\/\/skaitytaknyga.lt\/produktas\/italijos-linksmybes-arba-teks-priprasti\/#primaryimage\"},\"image\":{\"@id\":\"https:\/\/skaitytaknyga.lt\/produktas\/italijos-linksmybes-arba-teks-priprasti\/#primaryimage\"},\"thumbnailUrl\":\"https:\/\/skaitytaknyga.lt\/wp-content\/uploads\/2025\/10\/Italijos-linksmybes-arba-Teks-priprasti-1.webp\",\"datePublished\":\"2025-10-14T12:49:44+00:00\",\"dateModified\":\"2025-10-15T07:04:13+00:00\",\"description\":\"Perskait\u0119 \u0161i\u0105 knygel\u0119, pasig\u0117r\u0117j\u0119 jaunos dailinink\u0117s iliustracijomis, patirsite kur kas \u017eavesn\u0119 kelion\u0119 po Italij\u0105, kadangi \u0161maik\u0161taus autoriaus patarimai\",\"breadcrumb\":{\"@id\":\"https:\/\/skaitytaknyga.lt\/produktas\/italijos-linksmybes-arba-teks-priprasti\/#breadcrumb\"},\"inLanguage\":\"en-GB\",\"potentialAction\":[{\"@type\":\"ReadAction\",\"target\":[\"https:\/\/skaitytaknyga.lt\/produktas\/italijos-linksmybes-arba-teks-priprasti\/\"]}]},{\"@type\":\"ImageObject\",\"inLanguage\":\"en-GB\",\"@id\":\"https:\/\/skaitytaknyga.lt\/produktas\/italijos-linksmybes-arba-teks-priprasti\/#primaryimage\",\"url\":\"https:\/\/skaitytaknyga.lt\/wp-content\/uploads\/2025\/10\/Italijos-linksmybes-arba-Teks-priprasti-1.webp\",\"contentUrl\":\"https:\/\/skaitytaknyga.lt\/wp-content\/uploads\/2025\/10\/Italijos-linksmybes-arba-Teks-priprasti-1.webp\",\"width\":300,\"height\":206,\"caption\":\"Italijos linksmyb\u0117s, arba Teks priprasti!\"},{\"@type\":\"BreadcrumbList\",\"@id\":\"https:\/\/skaitytaknyga.lt\/produktas\/italijos-linksmybes-arba-teks-priprasti\/#breadcrumb\",\"itemListElement\":[{\"@type\":\"ListItem\",\"position\":1,\"name\":\"Home\",\"item\":\"https:\/\/skaitytaknyga.lt\/\"},{\"@type\":\"ListItem\",\"position\":2,\"name\":\"Parduotuv\u0117\",\"item\":\"https:\/\/skaitytaknyga.lt\/knygu-parduotuve\/\"},{\"@type\":\"ListItem\",\"position\":3,\"name\":\"Italijos linksmyb\u0117s, arba Teks priprasti!\"}]},{\"@type\":\"WebSite\",\"@id\":\"https:\/\/skaitytaknyga.lt\/#website\",\"url\":\"https:\/\/skaitytaknyga.lt\/\",\"name\":\"skaitytaknyga.lt\",\"description\":\"Skaitytaknyga.lt \u2013 tai ma\u017eas \u0161eimos verslas, kuris prasid\u0117jo nuo meil\u0117s knygoms ir siekio i\u0161gelb\u0117ti knygas nuo likimo prie konteinerio. Kas vienam nereikalingas daiktas \u2013 kitam lobis, o mes esame tarpininkai, kurie padeda abiems tapti laimingesniems ???? \u017dinome kaip nelengva i\u0161gyventi ma\u017eiems verslams, tad nuo \u0161iol, \u010dia rasite ir kit\u0173, ma\u017e\u0173 \u0161eim\u0173 versl\u0173, rank\u0173 darbo, dovan\u0173 sau ir artimiesiems.\",\"publisher\":{\"@id\":\"https:\/\/skaitytaknyga.lt\/#organization\"},\"potentialAction\":[{\"@type\":\"SearchAction\",\"target\":{\"@type\":\"EntryPoint\",\"urlTemplate\":\"https:\/\/skaitytaknyga.lt\/?s={search_term_string}\"},\"query-input\":{\"@type\":\"PropertyValueSpecification\",\"valueRequired\":true,\"valueName\":\"search_term_string\"}}],\"inLanguage\":\"en-GB\"},{\"@type\":\"Organization\",\"@id\":\"https:\/\/skaitytaknyga.lt\/#organization\",\"name\":\"skaitytaknyga.lt\",\"url\":\"https:\/\/skaitytaknyga.lt\/\",\"logo\":{\"@type\":\"ImageObject\",\"inLanguage\":\"en-GB\",\"@id\":\"https:\/\/skaitytaknyga.lt\/#\/schema\/logo\/image\/\",\"url\":\"https:\/\/skaitytaknyga.lt\/wp-content\/uploads\/2024\/05\/cropped-cropped-cropped-02_00843_jt3bggkj1j3HLc7SyY6rEUpg.jpeg\",\"contentUrl\":\"https:\/\/skaitytaknyga.lt\/wp-content\/uploads\/2024\/05\/cropped-cropped-cropped-02_00843_jt3bggkj1j3HLc7SyY6rEUpg.jpeg\",\"width\":1600,\"height\":1600,\"caption\":\"skaitytaknyga.lt\"},\"image\":{\"@id\":\"https:\/\/skaitytaknyga.lt\/#\/schema\/logo\/image\/\"},\"sameAs\":[\"https:\/\/www.facebook.com\/skaitytaknyga\/\"]}]}<\/script>\n<!-- \/ Yoast SEO plugin. -->","yoast_head_json":{"title":"Italijos linksmyb\u0117s, arba Teks priprasti!","description":"Perskait\u0119 \u0161i\u0105 knygel\u0119, pasig\u0117r\u0117j\u0119 jaunos dailinink\u0117s iliustracijomis, patirsite kur kas \u017eavesn\u0119 kelion\u0119 po Italij\u0105, kadangi \u0161maik\u0161taus autoriaus patarimai","robots":{"index":"index","follow":"follow","max-snippet":"max-snippet:-1","max-image-preview":"max-image-preview:large","max-video-preview":"max-video-preview:-1"},"canonical":"https:\/\/skaitytaknyga.lt\/en\/produktas\/italijos-linksmybes-arba-teks-priprasti\/","og_locale":"en_GB","og_type":"article","og_title":"[:lt]Italijos linksmyb\u0117s, arba Teks priprasti![:] - Skaitytaknyga","og_description":"Perskait\u0119 \u0161i\u0105 knygel\u0119, pasig\u0117r\u0117j\u0119 jaunos dailinink\u0117s iliustracijomis, patirsite kur kas \u017eavesn\u0119 kelion\u0119 po Italij\u0105, kadangi \u0161maik\u0161taus autoriaus patarimai","og_url":"https:\/\/skaitytaknyga.lt\/en\/produktas\/italijos-linksmybes-arba-teks-priprasti\/","og_site_name":"Skaitytaknyga","article_publisher":"https:\/\/www.facebook.com\/skaitytaknyga\/","article_modified_time":"2025-10-15T07:04:13+00:00","og_image":[{"width":300,"height":206,"url":"https:\/\/skaitytaknyga.lt\/wp-content\/uploads\/2025\/10\/Italijos-linksmybes-arba-Teks-priprasti-1.webp","type":"image\/webp"}],"twitter_card":"summary_large_image","schema":{"@context":"https:\/\/schema.org","@graph":[{"@type":"WebPage","@id":"https:\/\/skaitytaknyga.lt\/produktas\/italijos-linksmybes-arba-teks-priprasti\/","url":"https:\/\/skaitytaknyga.lt\/produktas\/italijos-linksmybes-arba-teks-priprasti\/","name":"Italijos linksmyb\u0117s, arba Teks priprasti!","isPartOf":{"@id":"https:\/\/skaitytaknyga.lt\/#website"},"primaryImageOfPage":{"@id":"https:\/\/skaitytaknyga.lt\/produktas\/italijos-linksmybes-arba-teks-priprasti\/#primaryimage"},"image":{"@id":"https:\/\/skaitytaknyga.lt\/produktas\/italijos-linksmybes-arba-teks-priprasti\/#primaryimage"},"thumbnailUrl":"https:\/\/skaitytaknyga.lt\/wp-content\/uploads\/2025\/10\/Italijos-linksmybes-arba-Teks-priprasti-1.webp","datePublished":"2025-10-14T12:49:44+00:00","dateModified":"2025-10-15T07:04:13+00:00","description":"Perskait\u0119 \u0161i\u0105 knygel\u0119, pasig\u0117r\u0117j\u0119 jaunos dailinink\u0117s iliustracijomis, patirsite kur kas \u017eavesn\u0119 kelion\u0119 po Italij\u0105, kadangi \u0161maik\u0161taus autoriaus patarimai","breadcrumb":{"@id":"https:\/\/skaitytaknyga.lt\/produktas\/italijos-linksmybes-arba-teks-priprasti\/#breadcrumb"},"inLanguage":"en-GB","potentialAction":[{"@type":"ReadAction","target":["https:\/\/skaitytaknyga.lt\/produktas\/italijos-linksmybes-arba-teks-priprasti\/"]}]},{"@type":"ImageObject","inLanguage":"en-GB","@id":"https:\/\/skaitytaknyga.lt\/produktas\/italijos-linksmybes-arba-teks-priprasti\/#primaryimage","url":"https:\/\/skaitytaknyga.lt\/wp-content\/uploads\/2025\/10\/Italijos-linksmybes-arba-Teks-priprasti-1.webp","contentUrl":"https:\/\/skaitytaknyga.lt\/wp-content\/uploads\/2025\/10\/Italijos-linksmybes-arba-Teks-priprasti-1.webp","width":300,"height":206,"caption":"Italijos linksmyb\u0117s, arba Teks priprasti!"},{"@type":"BreadcrumbList","@id":"https:\/\/skaitytaknyga.lt\/produktas\/italijos-linksmybes-arba-teks-priprasti\/#breadcrumb","itemListElement":[{"@type":"ListItem","position":1,"name":"Home","item":"https:\/\/skaitytaknyga.lt\/"},{"@type":"ListItem","position":2,"name":"Parduotuv\u0117","item":"https:\/\/skaitytaknyga.lt\/knygu-parduotuve\/"},{"@type":"ListItem","position":3,"name":"Italijos linksmyb\u0117s, arba Teks priprasti!"}]},{"@type":"WebSite","@id":"https:\/\/skaitytaknyga.lt\/#website","url":"https:\/\/skaitytaknyga.lt\/","name":"skaitytaknyga.lt","description":"Skaitytaknyga.lt \u2013 tai ma\u017eas \u0161eimos verslas, kuris prasid\u0117jo nuo meil\u0117s knygoms ir siekio i\u0161gelb\u0117ti knygas nuo likimo prie konteinerio. Kas vienam nereikalingas daiktas \u2013 kitam lobis, o mes esame tarpininkai, kurie padeda abiems tapti laimingesniems ???? \u017dinome kaip nelengva i\u0161gyventi ma\u017eiems verslams, tad nuo \u0161iol, \u010dia rasite ir kit\u0173, ma\u017e\u0173 \u0161eim\u0173 versl\u0173, rank\u0173 darbo, dovan\u0173 sau ir artimiesiems.","publisher":{"@id":"https:\/\/skaitytaknyga.lt\/#organization"},"potentialAction":[{"@type":"SearchAction","target":{"@type":"EntryPoint","urlTemplate":"https:\/\/skaitytaknyga.lt\/?s={search_term_string}"},"query-input":{"@type":"PropertyValueSpecification","valueRequired":true,"valueName":"search_term_string"}}],"inLanguage":"en-GB"},{"@type":"Organization","@id":"https:\/\/skaitytaknyga.lt\/#organization","name":"skaitytaknyga.lt","url":"https:\/\/skaitytaknyga.lt\/","logo":{"@type":"ImageObject","inLanguage":"en-GB","@id":"https:\/\/skaitytaknyga.lt\/#\/schema\/logo\/image\/","url":"https:\/\/skaitytaknyga.lt\/wp-content\/uploads\/2024\/05\/cropped-cropped-cropped-02_00843_jt3bggkj1j3HLc7SyY6rEUpg.jpeg","contentUrl":"https:\/\/skaitytaknyga.lt\/wp-content\/uploads\/2024\/05\/cropped-cropped-cropped-02_00843_jt3bggkj1j3HLc7SyY6rEUpg.jpeg","width":1600,"height":1600,"caption":"skaitytaknyga.lt"},"image":{"@id":"https:\/\/skaitytaknyga.lt\/#\/schema\/logo\/image\/"},"sameAs":["https:\/\/www.facebook.com\/skaitytaknyga\/"]}]}},"_links":{"self":[{"href":"https:\/\/skaitytaknyga.lt\/en\/wp-json\/wp\/v2\/product\/21493","targetHints":{"allow":["GET"]}}],"collection":[{"href":"https:\/\/skaitytaknyga.lt\/en\/wp-json\/wp\/v2\/product"}],"about":[{"href":"https:\/\/skaitytaknyga.lt\/en\/wp-json\/wp\/v2\/types\/product"}],"replies":[{"embeddable":true,"href":"https:\/\/skaitytaknyga.lt\/en\/wp-json\/wp\/v2\/comments?post=21493"}],"wp:featuredmedia":[{"embeddable":true,"href":"https:\/\/skaitytaknyga.lt\/en\/wp-json\/wp\/v2\/media\/21498"}],"wp:attachment":[{"href":"https:\/\/skaitytaknyga.lt\/en\/wp-json\/wp\/v2\/media?parent=21493"}],"wp:term":[{"taxonomy":"product_brand","embeddable":true,"href":"https:\/\/skaitytaknyga.lt\/en\/wp-json\/wp\/v2\/product_brand?post=21493"},{"taxonomy":"product_cat","embeddable":true,"href":"https:\/\/skaitytaknyga.lt\/en\/wp-json\/wp\/v2\/product_cat?post=21493"},{"taxonomy":"product_tag","embeddable":true,"href":"https:\/\/skaitytaknyga.lt\/en\/wp-json\/wp\/v2\/product_tag?post=21493"}],"curies":[{"name":"wp","href":"https:\/\/api.w.org\/{rel}","templated":true}]}}