{"id":21491,"date":"2025-10-14T15:49:44","date_gmt":"2025-10-14T12:49:44","guid":{"rendered":"https:\/\/skaitytaknyga.lt\/?post_type=product&#038;p=21491"},"modified":"2025-10-15T10:04:13","modified_gmt":"2025-10-15T07:04:13","slug":"nekilnojamojo-turto-pletote-investicijos-ir-rizika","status":"publish","type":"product","link":"https:\/\/skaitytaknyga.lt\/en\/produktas\/nekilnojamojo-turto-pletote-investicijos-ir-rizika\/","title":{"rendered":"Nekilnojamojo turto pl\u0117tot\u0117, investicijos ir rizika"},"content":{"rendered":"<p>Monografijoje nagrin\u0117jamos neklinojamojo turto pl\u0117tot\u0117s analiz\u0117s ir projektavimo problemos. Daugiausia d\u0117mesio skiriama investavimo \u012f nekilnojam\u0105j\u012f turt\u0105 strategijai, kaip pagrindinei nekilnojamojo turto veiksmingos pl\u0117tot\u0117s priemonei, valdyti.<\/p>\n<p>Monografija tur\u0117t\u0173 b\u016bti \u012fdomi ir naudinga nekilnojamojo turto vertintojams ir vadybininkams bei profesionaliems investuotojams \u012f nekilnojam\u0105j\u012f turt\u0105, taip pat nekilnojamojo turto vadybos bei investicini\u0173 projekt\u0173 rengimo specialybi\u0173 studentams, profesoriams ir d\u0117stytojams.<\/p>\n","protected":false},"excerpt":{"rendered":"<p>Monografijoje nagrin\u0117jamos neklinojamojo turto pl\u0117tot\u0117s analiz\u0117s ir projektavimo problemos. Daugiausia d\u0117mesio skiriama investavimo \u012f nekilnojam\u0105j\u012f turt\u0105 strategijai, kaip pagrindinei nekilnojamojo turto veiksmingos pl\u0117tot\u0117s priemonei, valdyti. Monografija tur\u0117t\u0173 b\u016bti \u012fdomi ir naudinga nekilnojamojo turto vertintojams ir vadybininkams bei profesionaliems investuotojams \u012f nekilnojam\u0105j\u012f turt\u0105, taip pat nekilnojamojo turto vadybos bei investicini\u0173 projekt\u0173 rengimo specialybi\u0173 studentams, profesoriams ir d\u0117stytojams.<\/p>\n","protected":false},"featured_media":21496,"comment_status":"open","ping_status":"closed","template":"","meta":{"_acf_changed":false,"site-sidebar-layout":"default","site-content-layout":"","ast-site-content-layout":"default","site-content-style":"default","site-sidebar-style":"default","ast-global-header-display":"","ast-banner-title-visibility":"","ast-main-header-display":"","ast-hfb-above-header-display":"","ast-hfb-below-header-display":"","ast-hfb-mobile-header-display":"","site-post-title":"","ast-breadcrumbs-content":"","ast-featured-img":"","footer-sml-layout":"","ast-disable-related-posts":"","theme-transparent-header-meta":"","adv-header-id-meta":"","stick-header-meta":"","header-above-stick-meta":"","header-main-stick-meta":"","header-below-stick-meta":"","astra-migrate-meta-layouts":"default","ast-page-background-enabled":"default","ast-page-background-meta":{"desktop":{"background-color":"","background-image":"","background-repeat":"repeat","background-position":"center center","background-size":"auto","background-attachment":"scroll","background-type":"","background-media":"","overlay-type":"","overlay-color":"","overlay-opacity":"","overlay-gradient":""},"tablet":{"background-color":"","background-image":"","background-repeat":"repeat","background-position":"center center","background-size":"auto","background-attachment":"scroll","background-type":"","background-media":"","overlay-type":"","overlay-color":"","overlay-opacity":"","overlay-gradient":""},"mobile":{"background-color":"","background-image":"","background-repeat":"repeat","background-position":"center center","background-size":"auto","background-attachment":"scroll","background-type":"","background-media":"","overlay-type":"","overlay-color":"","overlay-opacity":"","overlay-gradient":""}},"ast-content-background-meta":{"desktop":{"background-color":"var(--ast-global-color-4)","background-image":"","background-repeat":"repeat","background-position":"center center","background-size":"auto","background-attachment":"scroll","background-type":"","background-media":"","overlay-type":"","overlay-color":"","overlay-opacity":"","overlay-gradient":""},"tablet":{"background-color":"var(--ast-global-color-4)","background-image":"","background-repeat":"repeat","background-position":"center center","background-size":"auto","background-attachment":"scroll","background-type":"","background-media":"","overlay-type":"","overlay-color":"","overlay-opacity":"","overlay-gradient":""},"mobile":{"background-color":"var(--ast-global-color-4)","background-image":"","background-repeat":"repeat","background-position":"center center","background-size":"auto","background-attachment":"scroll","background-type":"","background-media":"","overlay-type":"","overlay-color":"","overlay-opacity":"","overlay-gradient":""}}},"product_brand":[],"product_cat":[31],"product_tag":[],"class_list":{"0":"post-21491","1":"product","2":"type-product","3":"status-publish","4":"has-post-thumbnail","6":"product_cat-grozine-literatura","7":"desktop-align-left","8":"tablet-align-left","9":"mobile-align-left","11":"first","12":"instock","13":"shipping-taxable","14":"purchasable","15":"product-type-simple"},"acf":[],"yoast_head":"<!-- This site is optimized with the Yoast SEO plugin v27.0 - https:\/\/yoast.com\/product\/yoast-seo-wordpress\/ -->\n<title>Nekilnojamojo turto pl\u0117tot\u0117, investicijos ir rizika<\/title>\n<meta name=\"description\" content=\"Monografijoje nagrin\u0117jamos neklinojamojo turto pl\u0117tot\u0117s analiz\u0117s ir projektavimo problemos. Daugiausia d\u0117mesio skiriama investavimo \u012f nekilnojam\u0105j\u012f turt\u0105\" \/>\n<meta name=\"robots\" content=\"index, follow, max-snippet:-1, max-image-preview:large, max-video-preview:-1\" \/>\n<link rel=\"canonical\" href=\"https:\/\/skaitytaknyga.lt\/en\/produktas\/nekilnojamojo-turto-pletote-investicijos-ir-rizika\/\" \/>\n<meta property=\"og:locale\" content=\"en_GB\" \/>\n<meta property=\"og:locale:alternate\" content=\"lt_LT\" \/>\n<meta property=\"og:type\" content=\"article\" \/>\n<meta property=\"og:title\" content=\"Nekilnojamojo turto pl\u0117tot\u0117, investicijos ir rizika\" \/>\n<meta property=\"og:description\" content=\"Monografijoje nagrin\u0117jamos neklinojamojo turto pl\u0117tot\u0117s analiz\u0117s ir projektavimo problemos. Daugiausia d\u0117mesio skiriama investavimo \u012f nekilnojam\u0105j\u012f turt\u0105\" \/>\n<meta property=\"og:url\" content=\"https:\/\/skaitytaknyga.lt\/en\/produktas\/nekilnojamojo-turto-pletote-investicijos-ir-rizika\/\" \/>\n<meta property=\"og:site_name\" content=\"Skaitytaknyga\" \/>\n<meta property=\"article:publisher\" content=\"https:\/\/www.facebook.com\/skaitytaknyga\/\" \/>\n<meta property=\"article:modified_time\" content=\"2025-10-15T07:04:13+00:00\" \/>\n<meta property=\"og:image\" content=\"https:\/\/skaitytaknyga.lt\/wp-content\/uploads\/2025\/10\/Nekilnojamojo-turto-pletote-investicijos-ir-rizika-1.webp\" \/>\n\t<meta property=\"og:image:width\" content=\"300\" \/>\n\t<meta property=\"og:image:height\" content=\"437\" \/>\n\t<meta property=\"og:image:type\" content=\"image\/webp\" \/>\n<meta name=\"twitter:card\" content=\"summary_large_image\" \/>\n<script type=\"application\/ld+json\" class=\"yoast-schema-graph\">{\"@context\":\"https:\/\/schema.org\",\"@graph\":[{\"@type\":\"WebPage\",\"@id\":\"https:\/\/skaitytaknyga.lt\/produktas\/nekilnojamojo-turto-pletote-investicijos-ir-rizika\/\",\"url\":\"https:\/\/skaitytaknyga.lt\/produktas\/nekilnojamojo-turto-pletote-investicijos-ir-rizika\/\",\"name\":\"Nekilnojamojo turto pl\u0117tot\u0117, investicijos ir rizika\",\"isPartOf\":{\"@id\":\"https:\/\/skaitytaknyga.lt\/#website\"},\"primaryImageOfPage\":{\"@id\":\"https:\/\/skaitytaknyga.lt\/produktas\/nekilnojamojo-turto-pletote-investicijos-ir-rizika\/#primaryimage\"},\"image\":{\"@id\":\"https:\/\/skaitytaknyga.lt\/produktas\/nekilnojamojo-turto-pletote-investicijos-ir-rizika\/#primaryimage\"},\"thumbnailUrl\":\"https:\/\/skaitytaknyga.lt\/wp-content\/uploads\/2025\/10\/Nekilnojamojo-turto-pletote-investicijos-ir-rizika-1.webp\",\"datePublished\":\"2025-10-14T12:49:44+00:00\",\"dateModified\":\"2025-10-15T07:04:13+00:00\",\"description\":\"Monografijoje nagrin\u0117jamos neklinojamojo turto pl\u0117tot\u0117s analiz\u0117s ir projektavimo problemos. Daugiausia d\u0117mesio skiriama investavimo \u012f nekilnojam\u0105j\u012f turt\u0105\",\"breadcrumb\":{\"@id\":\"https:\/\/skaitytaknyga.lt\/produktas\/nekilnojamojo-turto-pletote-investicijos-ir-rizika\/#breadcrumb\"},\"inLanguage\":\"en-GB\",\"potentialAction\":[{\"@type\":\"ReadAction\",\"target\":[\"https:\/\/skaitytaknyga.lt\/produktas\/nekilnojamojo-turto-pletote-investicijos-ir-rizika\/\"]}]},{\"@type\":\"ImageObject\",\"inLanguage\":\"en-GB\",\"@id\":\"https:\/\/skaitytaknyga.lt\/produktas\/nekilnojamojo-turto-pletote-investicijos-ir-rizika\/#primaryimage\",\"url\":\"https:\/\/skaitytaknyga.lt\/wp-content\/uploads\/2025\/10\/Nekilnojamojo-turto-pletote-investicijos-ir-rizika-1.webp\",\"contentUrl\":\"https:\/\/skaitytaknyga.lt\/wp-content\/uploads\/2025\/10\/Nekilnojamojo-turto-pletote-investicijos-ir-rizika-1.webp\",\"width\":300,\"height\":437},{\"@type\":\"BreadcrumbList\",\"@id\":\"https:\/\/skaitytaknyga.lt\/produktas\/nekilnojamojo-turto-pletote-investicijos-ir-rizika\/#breadcrumb\",\"itemListElement\":[{\"@type\":\"ListItem\",\"position\":1,\"name\":\"Home\",\"item\":\"https:\/\/skaitytaknyga.lt\/\"},{\"@type\":\"ListItem\",\"position\":2,\"name\":\"Parduotuv\u0117\",\"item\":\"https:\/\/skaitytaknyga.lt\/knygu-parduotuve\/\"},{\"@type\":\"ListItem\",\"position\":3,\"name\":\"Nekilnojamojo turto pl\u0117tot\u0117, investicijos ir rizika\"}]},{\"@type\":\"WebSite\",\"@id\":\"https:\/\/skaitytaknyga.lt\/#website\",\"url\":\"https:\/\/skaitytaknyga.lt\/\",\"name\":\"skaitytaknyga.lt\",\"description\":\"Skaitytaknyga.lt \u2013 tai ma\u017eas \u0161eimos verslas, kuris prasid\u0117jo nuo meil\u0117s knygoms ir siekio i\u0161gelb\u0117ti knygas nuo likimo prie konteinerio. Kas vienam nereikalingas daiktas \u2013 kitam lobis, o mes esame tarpininkai, kurie padeda abiems tapti laimingesniems ???? \u017dinome kaip nelengva i\u0161gyventi ma\u017eiems verslams, tad nuo \u0161iol, \u010dia rasite ir kit\u0173, ma\u017e\u0173 \u0161eim\u0173 versl\u0173, rank\u0173 darbo, dovan\u0173 sau ir artimiesiems.\",\"publisher\":{\"@id\":\"https:\/\/skaitytaknyga.lt\/#organization\"},\"potentialAction\":[{\"@type\":\"SearchAction\",\"target\":{\"@type\":\"EntryPoint\",\"urlTemplate\":\"https:\/\/skaitytaknyga.lt\/?s={search_term_string}\"},\"query-input\":{\"@type\":\"PropertyValueSpecification\",\"valueRequired\":true,\"valueName\":\"search_term_string\"}}],\"inLanguage\":\"en-GB\"},{\"@type\":\"Organization\",\"@id\":\"https:\/\/skaitytaknyga.lt\/#organization\",\"name\":\"skaitytaknyga.lt\",\"url\":\"https:\/\/skaitytaknyga.lt\/\",\"logo\":{\"@type\":\"ImageObject\",\"inLanguage\":\"en-GB\",\"@id\":\"https:\/\/skaitytaknyga.lt\/#\/schema\/logo\/image\/\",\"url\":\"https:\/\/skaitytaknyga.lt\/wp-content\/uploads\/2024\/05\/cropped-cropped-cropped-02_00843_jt3bggkj1j3HLc7SyY6rEUpg.jpeg\",\"contentUrl\":\"https:\/\/skaitytaknyga.lt\/wp-content\/uploads\/2024\/05\/cropped-cropped-cropped-02_00843_jt3bggkj1j3HLc7SyY6rEUpg.jpeg\",\"width\":1600,\"height\":1600,\"caption\":\"skaitytaknyga.lt\"},\"image\":{\"@id\":\"https:\/\/skaitytaknyga.lt\/#\/schema\/logo\/image\/\"},\"sameAs\":[\"https:\/\/www.facebook.com\/skaitytaknyga\/\"]}]}<\/script>\n<!-- \/ Yoast SEO plugin. -->","yoast_head_json":{"title":"Nekilnojamojo turto pl\u0117tot\u0117, investicijos ir rizika","description":"Monografijoje nagrin\u0117jamos neklinojamojo turto pl\u0117tot\u0117s analiz\u0117s ir projektavimo problemos. Daugiausia d\u0117mesio skiriama investavimo \u012f nekilnojam\u0105j\u012f turt\u0105","robots":{"index":"index","follow":"follow","max-snippet":"max-snippet:-1","max-image-preview":"max-image-preview:large","max-video-preview":"max-video-preview:-1"},"canonical":"https:\/\/skaitytaknyga.lt\/en\/produktas\/nekilnojamojo-turto-pletote-investicijos-ir-rizika\/","og_locale":"en_GB","og_type":"article","og_title":"[:lt]Nekilnojamojo turto pl\u0117tot\u0117, investicijos ir rizika[:] - Skaitytaknyga","og_description":"Monografijoje nagrin\u0117jamos neklinojamojo turto pl\u0117tot\u0117s analiz\u0117s ir projektavimo problemos. Daugiausia d\u0117mesio skiriama investavimo \u012f nekilnojam\u0105j\u012f turt\u0105","og_url":"https:\/\/skaitytaknyga.lt\/en\/produktas\/nekilnojamojo-turto-pletote-investicijos-ir-rizika\/","og_site_name":"Skaitytaknyga","article_publisher":"https:\/\/www.facebook.com\/skaitytaknyga\/","article_modified_time":"2025-10-15T07:04:13+00:00","og_image":[{"width":300,"height":437,"url":"https:\/\/skaitytaknyga.lt\/wp-content\/uploads\/2025\/10\/Nekilnojamojo-turto-pletote-investicijos-ir-rizika-1.webp","type":"image\/webp"}],"twitter_card":"summary_large_image","schema":{"@context":"https:\/\/schema.org","@graph":[{"@type":"WebPage","@id":"https:\/\/skaitytaknyga.lt\/produktas\/nekilnojamojo-turto-pletote-investicijos-ir-rizika\/","url":"https:\/\/skaitytaknyga.lt\/produktas\/nekilnojamojo-turto-pletote-investicijos-ir-rizika\/","name":"Nekilnojamojo turto pl\u0117tot\u0117, investicijos ir rizika","isPartOf":{"@id":"https:\/\/skaitytaknyga.lt\/#website"},"primaryImageOfPage":{"@id":"https:\/\/skaitytaknyga.lt\/produktas\/nekilnojamojo-turto-pletote-investicijos-ir-rizika\/#primaryimage"},"image":{"@id":"https:\/\/skaitytaknyga.lt\/produktas\/nekilnojamojo-turto-pletote-investicijos-ir-rizika\/#primaryimage"},"thumbnailUrl":"https:\/\/skaitytaknyga.lt\/wp-content\/uploads\/2025\/10\/Nekilnojamojo-turto-pletote-investicijos-ir-rizika-1.webp","datePublished":"2025-10-14T12:49:44+00:00","dateModified":"2025-10-15T07:04:13+00:00","description":"Monografijoje nagrin\u0117jamos neklinojamojo turto pl\u0117tot\u0117s analiz\u0117s ir projektavimo problemos. Daugiausia d\u0117mesio skiriama investavimo \u012f nekilnojam\u0105j\u012f turt\u0105","breadcrumb":{"@id":"https:\/\/skaitytaknyga.lt\/produktas\/nekilnojamojo-turto-pletote-investicijos-ir-rizika\/#breadcrumb"},"inLanguage":"en-GB","potentialAction":[{"@type":"ReadAction","target":["https:\/\/skaitytaknyga.lt\/produktas\/nekilnojamojo-turto-pletote-investicijos-ir-rizika\/"]}]},{"@type":"ImageObject","inLanguage":"en-GB","@id":"https:\/\/skaitytaknyga.lt\/produktas\/nekilnojamojo-turto-pletote-investicijos-ir-rizika\/#primaryimage","url":"https:\/\/skaitytaknyga.lt\/wp-content\/uploads\/2025\/10\/Nekilnojamojo-turto-pletote-investicijos-ir-rizika-1.webp","contentUrl":"https:\/\/skaitytaknyga.lt\/wp-content\/uploads\/2025\/10\/Nekilnojamojo-turto-pletote-investicijos-ir-rizika-1.webp","width":300,"height":437},{"@type":"BreadcrumbList","@id":"https:\/\/skaitytaknyga.lt\/produktas\/nekilnojamojo-turto-pletote-investicijos-ir-rizika\/#breadcrumb","itemListElement":[{"@type":"ListItem","position":1,"name":"Home","item":"https:\/\/skaitytaknyga.lt\/"},{"@type":"ListItem","position":2,"name":"Parduotuv\u0117","item":"https:\/\/skaitytaknyga.lt\/knygu-parduotuve\/"},{"@type":"ListItem","position":3,"name":"Nekilnojamojo turto pl\u0117tot\u0117, investicijos ir rizika"}]},{"@type":"WebSite","@id":"https:\/\/skaitytaknyga.lt\/#website","url":"https:\/\/skaitytaknyga.lt\/","name":"skaitytaknyga.lt","description":"Skaitytaknyga.lt \u2013 tai ma\u017eas \u0161eimos verslas, kuris prasid\u0117jo nuo meil\u0117s knygoms ir siekio i\u0161gelb\u0117ti knygas nuo likimo prie konteinerio. Kas vienam nereikalingas daiktas \u2013 kitam lobis, o mes esame tarpininkai, kurie padeda abiems tapti laimingesniems ???? \u017dinome kaip nelengva i\u0161gyventi ma\u017eiems verslams, tad nuo \u0161iol, \u010dia rasite ir kit\u0173, ma\u017e\u0173 \u0161eim\u0173 versl\u0173, rank\u0173 darbo, dovan\u0173 sau ir artimiesiems.","publisher":{"@id":"https:\/\/skaitytaknyga.lt\/#organization"},"potentialAction":[{"@type":"SearchAction","target":{"@type":"EntryPoint","urlTemplate":"https:\/\/skaitytaknyga.lt\/?s={search_term_string}"},"query-input":{"@type":"PropertyValueSpecification","valueRequired":true,"valueName":"search_term_string"}}],"inLanguage":"en-GB"},{"@type":"Organization","@id":"https:\/\/skaitytaknyga.lt\/#organization","name":"skaitytaknyga.lt","url":"https:\/\/skaitytaknyga.lt\/","logo":{"@type":"ImageObject","inLanguage":"en-GB","@id":"https:\/\/skaitytaknyga.lt\/#\/schema\/logo\/image\/","url":"https:\/\/skaitytaknyga.lt\/wp-content\/uploads\/2024\/05\/cropped-cropped-cropped-02_00843_jt3bggkj1j3HLc7SyY6rEUpg.jpeg","contentUrl":"https:\/\/skaitytaknyga.lt\/wp-content\/uploads\/2024\/05\/cropped-cropped-cropped-02_00843_jt3bggkj1j3HLc7SyY6rEUpg.jpeg","width":1600,"height":1600,"caption":"skaitytaknyga.lt"},"image":{"@id":"https:\/\/skaitytaknyga.lt\/#\/schema\/logo\/image\/"},"sameAs":["https:\/\/www.facebook.com\/skaitytaknyga\/"]}]}},"_links":{"self":[{"href":"https:\/\/skaitytaknyga.lt\/en\/wp-json\/wp\/v2\/product\/21491","targetHints":{"allow":["GET"]}}],"collection":[{"href":"https:\/\/skaitytaknyga.lt\/en\/wp-json\/wp\/v2\/product"}],"about":[{"href":"https:\/\/skaitytaknyga.lt\/en\/wp-json\/wp\/v2\/types\/product"}],"replies":[{"embeddable":true,"href":"https:\/\/skaitytaknyga.lt\/en\/wp-json\/wp\/v2\/comments?post=21491"}],"wp:featuredmedia":[{"embeddable":true,"href":"https:\/\/skaitytaknyga.lt\/en\/wp-json\/wp\/v2\/media\/21496"}],"wp:attachment":[{"href":"https:\/\/skaitytaknyga.lt\/en\/wp-json\/wp\/v2\/media?parent=21491"}],"wp:term":[{"taxonomy":"product_brand","embeddable":true,"href":"https:\/\/skaitytaknyga.lt\/en\/wp-json\/wp\/v2\/product_brand?post=21491"},{"taxonomy":"product_cat","embeddable":true,"href":"https:\/\/skaitytaknyga.lt\/en\/wp-json\/wp\/v2\/product_cat?post=21491"},{"taxonomy":"product_tag","embeddable":true,"href":"https:\/\/skaitytaknyga.lt\/en\/wp-json\/wp\/v2\/product_tag?post=21491"}],"curies":[{"name":"wp","href":"https:\/\/api.w.org\/{rel}","templated":true}]}}