{"id":21490,"date":"2025-10-14T15:49:44","date_gmt":"2025-10-14T12:49:44","guid":{"rendered":"https:\/\/skaitytaknyga.lt\/?post_type=product&#038;p=21490"},"modified":"2025-10-15T10:04:02","modified_gmt":"2025-10-15T07:04:02","slug":"dalykai-kuriu-niekas-nezino","status":"publish","type":"product","link":"https:\/\/skaitytaknyga.lt\/en\/produktas\/dalykai-kuriu-niekas-nezino\/","title":{"rendered":"Dalykai, kuri\u0173 niekas ne\u017eino"},"content":{"rendered":"<p>Mokslo met\u0173 prad\u017eia Margaritai \u017eada daug permain\u0173 \u2013 ji pradeda lankyti lic\u0117j\u0173. Laukia ne tik nauji draugai, nauji \u012fsp\u016bd\u017eiai, bet ir nauji pavojai \u2013 vaikyst\u0117 lieka praeity ir vis ar\u010diau nepa\u017e\u012fstamas, kupinas i\u0161bandym\u0173 suaugusi\u0173j\u0173 pasaulis.<\/p>\n<p>Nepasiklysti paauglyst\u0117je pad\u0117t\u0173 t\u0117v\u0173 meil\u0117, ta\u010diau likus kelioms valandoms iki mokslo met\u0173 prad\u017eios Margarita telefono atsakiklyje i\u0161girsta: t\u0117tis i\u0161\u0117jo ir namo nebegr\u012f\u0161. D\u0117l t\u0117vo i\u0161\u0117jimo mergina apkaltina mam\u0105 ir u\u017esisklend\u017eia savyje. Ta\u010diau, laim\u0117, jos neapleid\u017eia i\u0161mintingoji mo\u010diut\u0117 Tereza, entuziastingoji mokyklos draug\u0117 Marta, \u012f knyg\u0173 pasaul\u012f \u012fnik\u0119s ir mokiniams j\u0173 i\u0161mint\u012f i\u0161 vis\u0173 j\u0117g\u0173 besistengiantis perteikti, tik link savo mylimosios Stelos \u017eengti niekaip nedr\u012fstantis mokytojas ir Julijus \u2013 paslaptingas vaikinas ledin\u0117mis akimis, nereg\u0117j\u0119s ne tik savo t\u0117vo, bet ir motinos.<\/p>\n<p>Lyg nety\u010dia klas\u0117je gavusi skaityti t\u0105 \u201eOdis\u0117jos\u201c viet\u0105, kur Telemachas i\u0161siruo\u0161ia \u012f kelion\u0119 ie\u0161koti t\u0117vo, Margarita u\u017esidega ir pati leistis \u012f toki\u0105 kelion\u0119. J\u0105 palaiko Julijus. Ir jaunuoliai, nugvelb\u0119 Margaritos mamos automobil\u012f, i\u0161vyksta \u012f Genuj\u0105, kur nuostabiame u\u017eut\u0117kyje su kita moterimi apsistoj\u0119s Margaritos t\u0117vas.<\/p>\n<p>Paslaptingose siaurose Genujos gatvel\u0117se ir papl\u016bdimiuose Margaritos ir Julijaus laukia ne tik saul\u0117 ir nuotykiai, bet ir vienas \u012fvykis, po kurio niekas nebegal\u0117s likti kaip buv\u0119. Margaritos t\u0117vai ir mokytojas gaus prog\u0105 naujai \u012fvertinti savo gyvenim\u0105, santykius ir jausmus, o Margarita su Julijumi \u2013 i\u0161bandyti savo tik besikalan\u010di\u0105 meil\u0119&#8230;<\/p>\n<p>Ar pavyks Margaritos t\u0117vams, Margaritai ir Julijui bei j\u0173 mokytojui susigr\u0105\u017einti ir i\u0161saugoti tai, kas jiems brangu?<\/p>\n","protected":false},"excerpt":{"rendered":"<p>Mokslo met\u0173 prad\u017eia Margaritai \u017eada daug permain\u0173 \u2013 ji pradeda lankyti lic\u0117j\u0173. Laukia ne tik nauji draugai, nauji \u012fsp\u016bd\u017eiai, bet ir nauji pavojai \u2013 vaikyst\u0117 lieka praeity ir vis ar\u010diau nepa\u017e\u012fstamas, kupinas i\u0161bandym\u0173 suaugusi\u0173j\u0173 pasaulis. Nepasiklysti paauglyst\u0117je pad\u0117t\u0173 t\u0117v\u0173 meil\u0117, ta\u010diau likus kelioms valandoms iki mokslo met\u0173 prad\u017eios Margarita telefono atsakiklyje i\u0161girsta: t\u0117tis i\u0161\u0117jo ir namo nebegr\u012f\u0161. D\u0117l t\u0117vo i\u0161\u0117jimo mergina apkaltina mam\u0105 ir u\u017esisklend\u017eia savyje. Ta\u010diau, laim\u0117, jos neapleid\u017eia i\u0161mintingoji mo\u010diut\u0117 Tereza, entuziastingoji mokyklos draug\u0117 Marta, \u012f knyg\u0173 pasaul\u012f \u012fnik\u0119s ir mokiniams j\u0173 i\u0161mint\u012f i\u0161 vis\u0173 j\u0117g\u0173 besistengiantis perteikti, tik link savo mylimosios Stelos \u017eengti niekaip nedr\u012fstantis mokytojas ir Julijus \u2013 paslaptingas vaikinas ledin\u0117mis akimis, nereg\u0117j\u0119s ne tik savo t\u0117vo, bet ir motinos. Lyg nety\u010dia klas\u0117je gavusi skaityti t\u0105 \u201eOdis\u0117jos\u201c viet\u0105, kur Telemachas i\u0161siruo\u0161ia \u012f kelion\u0119 ie\u0161koti t\u0117vo, Margarita u\u017esidega ir pati leistis \u012f toki\u0105 kelion\u0119. J\u0105 palaiko Julijus. Ir jaunuoliai, nugvelb\u0119 Margaritos mamos automobil\u012f, i\u0161vyksta \u012f Genuj\u0105, kur nuostabiame u\u017eut\u0117kyje su kita moterimi apsistoj\u0119s Margaritos t\u0117vas. Paslaptingose siaurose Genujos gatvel\u0117se ir papl\u016bdimiuose Margaritos ir Julijaus laukia ne tik saul\u0117 ir nuotykiai, bet ir vienas \u012fvykis, po kurio niekas nebegal\u0117s likti kaip buv\u0119. Margaritos t\u0117vai ir mokytojas gaus prog\u0105 naujai \u012fvertinti savo gyvenim\u0105, santykius ir jausmus, o Margarita su Julijumi \u2013 i\u0161bandyti savo tik besikalan\u010di\u0105 meil\u0119&#8230; Ar pavyks Margaritos t\u0117vams, Margaritai ir Julijui bei j\u0173 mokytojui susigr\u0105\u017einti ir i\u0161saugoti tai, kas jiems brangu?<\/p>\n","protected":false},"featured_media":21495,"comment_status":"open","ping_status":"closed","template":"","meta":{"_acf_changed":false,"site-sidebar-layout":"default","site-content-layout":"","ast-site-content-layout":"default","site-content-style":"default","site-sidebar-style":"default","ast-global-header-display":"","ast-banner-title-visibility":"","ast-main-header-display":"","ast-hfb-above-header-display":"","ast-hfb-below-header-display":"","ast-hfb-mobile-header-display":"","site-post-title":"","ast-breadcrumbs-content":"","ast-featured-img":"","footer-sml-layout":"","ast-disable-related-posts":"","theme-transparent-header-meta":"","adv-header-id-meta":"","stick-header-meta":"","header-above-stick-meta":"","header-main-stick-meta":"","header-below-stick-meta":"","astra-migrate-meta-layouts":"default","ast-page-background-enabled":"default","ast-page-background-meta":{"desktop":{"background-color":"","background-image":"","background-repeat":"repeat","background-position":"center center","background-size":"auto","background-attachment":"scroll","background-type":"","background-media":"","overlay-type":"","overlay-color":"","overlay-opacity":"","overlay-gradient":""},"tablet":{"background-color":"","background-image":"","background-repeat":"repeat","background-position":"center center","background-size":"auto","background-attachment":"scroll","background-type":"","background-media":"","overlay-type":"","overlay-color":"","overlay-opacity":"","overlay-gradient":""},"mobile":{"background-color":"","background-image":"","background-repeat":"repeat","background-position":"center center","background-size":"auto","background-attachment":"scroll","background-type":"","background-media":"","overlay-type":"","overlay-color":"","overlay-opacity":"","overlay-gradient":""}},"ast-content-background-meta":{"desktop":{"background-color":"var(--ast-global-color-4)","background-image":"","background-repeat":"repeat","background-position":"center center","background-size":"auto","background-attachment":"scroll","background-type":"","background-media":"","overlay-type":"","overlay-color":"","overlay-opacity":"","overlay-gradient":""},"tablet":{"background-color":"var(--ast-global-color-4)","background-image":"","background-repeat":"repeat","background-position":"center center","background-size":"auto","background-attachment":"scroll","background-type":"","background-media":"","overlay-type":"","overlay-color":"","overlay-opacity":"","overlay-gradient":""},"mobile":{"background-color":"var(--ast-global-color-4)","background-image":"","background-repeat":"repeat","background-position":"center center","background-size":"auto","background-attachment":"scroll","background-type":"","background-media":"","overlay-type":"","overlay-color":"","overlay-opacity":"","overlay-gradient":""}}},"product_brand":[],"product_cat":[31],"product_tag":[],"class_list":{"0":"post-21490","1":"product","2":"type-product","3":"status-publish","4":"has-post-thumbnail","6":"product_cat-grozine-literatura","7":"desktop-align-left","8":"tablet-align-left","9":"mobile-align-left","11":"first","12":"instock","13":"shipping-taxable","14":"purchasable","15":"product-type-simple"},"acf":[],"yoast_head":"<!-- This site is optimized with the Yoast SEO plugin v27.0 - https:\/\/yoast.com\/product\/yoast-seo-wordpress\/ -->\n<title>Dalykai, kuri\u0173 niekas ne\u017eino<\/title>\n<meta name=\"description\" content=\"Mokslo met\u0173 prad\u017eia Margaritai \u017eada daug permain\u0173 \u2013 ji pradeda lankyti lic\u0117j\u0173. Laukia ne tik nauji draugai, nauji \u012fsp\u016bd\u017eiai, bet ir nauji pavojai \u2013\" \/>\n<meta name=\"robots\" content=\"index, follow, max-snippet:-1, max-image-preview:large, max-video-preview:-1\" \/>\n<link rel=\"canonical\" href=\"https:\/\/skaitytaknyga.lt\/en\/produktas\/dalykai-kuriu-niekas-nezino\/\" \/>\n<meta property=\"og:locale\" content=\"en_GB\" \/>\n<meta property=\"og:locale:alternate\" content=\"lt_LT\" \/>\n<meta property=\"og:type\" content=\"article\" \/>\n<meta property=\"og:title\" content=\"Dalykai, kuri\u0173 niekas ne\u017eino\" \/>\n<meta property=\"og:description\" content=\"Mokslo met\u0173 prad\u017eia Margaritai \u017eada daug permain\u0173 \u2013 ji pradeda lankyti lic\u0117j\u0173. Laukia ne tik nauji draugai, nauji \u012fsp\u016bd\u017eiai, bet ir nauji pavojai \u2013\" \/>\n<meta property=\"og:url\" content=\"https:\/\/skaitytaknyga.lt\/en\/produktas\/dalykai-kuriu-niekas-nezino\/\" \/>\n<meta property=\"og:site_name\" content=\"Skaitytaknyga\" \/>\n<meta property=\"article:publisher\" content=\"https:\/\/www.facebook.com\/skaitytaknyga\/\" \/>\n<meta property=\"article:modified_time\" content=\"2025-10-15T07:04:02+00:00\" \/>\n<meta property=\"og:image\" content=\"https:\/\/skaitytaknyga.lt\/wp-content\/uploads\/2025\/10\/Dalykai-kuriu-niekas-nezino-1.webp\" \/>\n\t<meta property=\"og:image:width\" content=\"300\" \/>\n\t<meta property=\"og:image:height\" content=\"447\" \/>\n\t<meta property=\"og:image:type\" content=\"image\/webp\" \/>\n<meta name=\"twitter:card\" content=\"summary_large_image\" \/>\n<meta name=\"twitter:label1\" content=\"Estimated reading time\" \/>\n\t<meta name=\"twitter:data1\" content=\"1 minute\" \/>\n<script type=\"application\/ld+json\" class=\"yoast-schema-graph\">{\"@context\":\"https:\/\/schema.org\",\"@graph\":[{\"@type\":\"WebPage\",\"@id\":\"https:\/\/skaitytaknyga.lt\/produktas\/dalykai-kuriu-niekas-nezino\/\",\"url\":\"https:\/\/skaitytaknyga.lt\/produktas\/dalykai-kuriu-niekas-nezino\/\",\"name\":\"Dalykai, kuri\u0173 niekas ne\u017eino\",\"isPartOf\":{\"@id\":\"https:\/\/skaitytaknyga.lt\/#website\"},\"primaryImageOfPage\":{\"@id\":\"https:\/\/skaitytaknyga.lt\/produktas\/dalykai-kuriu-niekas-nezino\/#primaryimage\"},\"image\":{\"@id\":\"https:\/\/skaitytaknyga.lt\/produktas\/dalykai-kuriu-niekas-nezino\/#primaryimage\"},\"thumbnailUrl\":\"https:\/\/skaitytaknyga.lt\/wp-content\/uploads\/2025\/10\/Dalykai-kuriu-niekas-nezino-1.webp\",\"datePublished\":\"2025-10-14T12:49:44+00:00\",\"dateModified\":\"2025-10-15T07:04:02+00:00\",\"description\":\"Mokslo met\u0173 prad\u017eia Margaritai \u017eada daug permain\u0173 \u2013 ji pradeda lankyti lic\u0117j\u0173. Laukia ne tik nauji draugai, nauji \u012fsp\u016bd\u017eiai, bet ir nauji pavojai \u2013\",\"breadcrumb\":{\"@id\":\"https:\/\/skaitytaknyga.lt\/produktas\/dalykai-kuriu-niekas-nezino\/#breadcrumb\"},\"inLanguage\":\"en-GB\",\"potentialAction\":[{\"@type\":\"ReadAction\",\"target\":[\"https:\/\/skaitytaknyga.lt\/produktas\/dalykai-kuriu-niekas-nezino\/\"]}]},{\"@type\":\"ImageObject\",\"inLanguage\":\"en-GB\",\"@id\":\"https:\/\/skaitytaknyga.lt\/produktas\/dalykai-kuriu-niekas-nezino\/#primaryimage\",\"url\":\"https:\/\/skaitytaknyga.lt\/wp-content\/uploads\/2025\/10\/Dalykai-kuriu-niekas-nezino-1.webp\",\"contentUrl\":\"https:\/\/skaitytaknyga.lt\/wp-content\/uploads\/2025\/10\/Dalykai-kuriu-niekas-nezino-1.webp\",\"width\":300,\"height\":447,\"caption\":\"Dalykai, kuri\u0173 niekas ne\u017eino\"},{\"@type\":\"BreadcrumbList\",\"@id\":\"https:\/\/skaitytaknyga.lt\/produktas\/dalykai-kuriu-niekas-nezino\/#breadcrumb\",\"itemListElement\":[{\"@type\":\"ListItem\",\"position\":1,\"name\":\"Home\",\"item\":\"https:\/\/skaitytaknyga.lt\/\"},{\"@type\":\"ListItem\",\"position\":2,\"name\":\"Parduotuv\u0117\",\"item\":\"https:\/\/skaitytaknyga.lt\/knygu-parduotuve\/\"},{\"@type\":\"ListItem\",\"position\":3,\"name\":\"Dalykai, kuri\u0173 niekas ne\u017eino\"}]},{\"@type\":\"WebSite\",\"@id\":\"https:\/\/skaitytaknyga.lt\/#website\",\"url\":\"https:\/\/skaitytaknyga.lt\/\",\"name\":\"skaitytaknyga.lt\",\"description\":\"Skaitytaknyga.lt \u2013 tai ma\u017eas \u0161eimos verslas, kuris prasid\u0117jo nuo meil\u0117s knygoms ir siekio i\u0161gelb\u0117ti knygas nuo likimo prie konteinerio. Kas vienam nereikalingas daiktas \u2013 kitam lobis, o mes esame tarpininkai, kurie padeda abiems tapti laimingesniems ???? \u017dinome kaip nelengva i\u0161gyventi ma\u017eiems verslams, tad nuo \u0161iol, \u010dia rasite ir kit\u0173, ma\u017e\u0173 \u0161eim\u0173 versl\u0173, rank\u0173 darbo, dovan\u0173 sau ir artimiesiems.\",\"publisher\":{\"@id\":\"https:\/\/skaitytaknyga.lt\/#organization\"},\"potentialAction\":[{\"@type\":\"SearchAction\",\"target\":{\"@type\":\"EntryPoint\",\"urlTemplate\":\"https:\/\/skaitytaknyga.lt\/?s={search_term_string}\"},\"query-input\":{\"@type\":\"PropertyValueSpecification\",\"valueRequired\":true,\"valueName\":\"search_term_string\"}}],\"inLanguage\":\"en-GB\"},{\"@type\":\"Organization\",\"@id\":\"https:\/\/skaitytaknyga.lt\/#organization\",\"name\":\"skaitytaknyga.lt\",\"url\":\"https:\/\/skaitytaknyga.lt\/\",\"logo\":{\"@type\":\"ImageObject\",\"inLanguage\":\"en-GB\",\"@id\":\"https:\/\/skaitytaknyga.lt\/#\/schema\/logo\/image\/\",\"url\":\"https:\/\/skaitytaknyga.lt\/wp-content\/uploads\/2024\/05\/cropped-cropped-cropped-02_00843_jt3bggkj1j3HLc7SyY6rEUpg.jpeg\",\"contentUrl\":\"https:\/\/skaitytaknyga.lt\/wp-content\/uploads\/2024\/05\/cropped-cropped-cropped-02_00843_jt3bggkj1j3HLc7SyY6rEUpg.jpeg\",\"width\":1600,\"height\":1600,\"caption\":\"skaitytaknyga.lt\"},\"image\":{\"@id\":\"https:\/\/skaitytaknyga.lt\/#\/schema\/logo\/image\/\"},\"sameAs\":[\"https:\/\/www.facebook.com\/skaitytaknyga\/\"]}]}<\/script>\n<!-- \/ Yoast SEO plugin. -->","yoast_head_json":{"title":"Dalykai, kuri\u0173 niekas ne\u017eino","description":"Mokslo met\u0173 prad\u017eia Margaritai \u017eada daug permain\u0173 \u2013 ji pradeda lankyti lic\u0117j\u0173. Laukia ne tik nauji draugai, nauji \u012fsp\u016bd\u017eiai, bet ir nauji pavojai \u2013","robots":{"index":"index","follow":"follow","max-snippet":"max-snippet:-1","max-image-preview":"max-image-preview:large","max-video-preview":"max-video-preview:-1"},"canonical":"https:\/\/skaitytaknyga.lt\/en\/produktas\/dalykai-kuriu-niekas-nezino\/","og_locale":"en_GB","og_type":"article","og_title":"[:lt]Dalykai, kuri\u0173 niekas ne\u017eino[:] - Skaitytaknyga","og_description":"Mokslo met\u0173 prad\u017eia Margaritai \u017eada daug permain\u0173 \u2013 ji pradeda lankyti lic\u0117j\u0173. Laukia ne tik nauji draugai, nauji \u012fsp\u016bd\u017eiai, bet ir nauji pavojai \u2013","og_url":"https:\/\/skaitytaknyga.lt\/en\/produktas\/dalykai-kuriu-niekas-nezino\/","og_site_name":"Skaitytaknyga","article_publisher":"https:\/\/www.facebook.com\/skaitytaknyga\/","article_modified_time":"2025-10-15T07:04:02+00:00","og_image":[{"width":300,"height":447,"url":"https:\/\/skaitytaknyga.lt\/wp-content\/uploads\/2025\/10\/Dalykai-kuriu-niekas-nezino-1.webp","type":"image\/webp"}],"twitter_card":"summary_large_image","twitter_misc":{"Estimated reading time":"1 minute"},"schema":{"@context":"https:\/\/schema.org","@graph":[{"@type":"WebPage","@id":"https:\/\/skaitytaknyga.lt\/produktas\/dalykai-kuriu-niekas-nezino\/","url":"https:\/\/skaitytaknyga.lt\/produktas\/dalykai-kuriu-niekas-nezino\/","name":"Dalykai, kuri\u0173 niekas ne\u017eino","isPartOf":{"@id":"https:\/\/skaitytaknyga.lt\/#website"},"primaryImageOfPage":{"@id":"https:\/\/skaitytaknyga.lt\/produktas\/dalykai-kuriu-niekas-nezino\/#primaryimage"},"image":{"@id":"https:\/\/skaitytaknyga.lt\/produktas\/dalykai-kuriu-niekas-nezino\/#primaryimage"},"thumbnailUrl":"https:\/\/skaitytaknyga.lt\/wp-content\/uploads\/2025\/10\/Dalykai-kuriu-niekas-nezino-1.webp","datePublished":"2025-10-14T12:49:44+00:00","dateModified":"2025-10-15T07:04:02+00:00","description":"Mokslo met\u0173 prad\u017eia Margaritai \u017eada daug permain\u0173 \u2013 ji pradeda lankyti lic\u0117j\u0173. Laukia ne tik nauji draugai, nauji \u012fsp\u016bd\u017eiai, bet ir nauji pavojai \u2013","breadcrumb":{"@id":"https:\/\/skaitytaknyga.lt\/produktas\/dalykai-kuriu-niekas-nezino\/#breadcrumb"},"inLanguage":"en-GB","potentialAction":[{"@type":"ReadAction","target":["https:\/\/skaitytaknyga.lt\/produktas\/dalykai-kuriu-niekas-nezino\/"]}]},{"@type":"ImageObject","inLanguage":"en-GB","@id":"https:\/\/skaitytaknyga.lt\/produktas\/dalykai-kuriu-niekas-nezino\/#primaryimage","url":"https:\/\/skaitytaknyga.lt\/wp-content\/uploads\/2025\/10\/Dalykai-kuriu-niekas-nezino-1.webp","contentUrl":"https:\/\/skaitytaknyga.lt\/wp-content\/uploads\/2025\/10\/Dalykai-kuriu-niekas-nezino-1.webp","width":300,"height":447,"caption":"Dalykai, kuri\u0173 niekas ne\u017eino"},{"@type":"BreadcrumbList","@id":"https:\/\/skaitytaknyga.lt\/produktas\/dalykai-kuriu-niekas-nezino\/#breadcrumb","itemListElement":[{"@type":"ListItem","position":1,"name":"Home","item":"https:\/\/skaitytaknyga.lt\/"},{"@type":"ListItem","position":2,"name":"Parduotuv\u0117","item":"https:\/\/skaitytaknyga.lt\/knygu-parduotuve\/"},{"@type":"ListItem","position":3,"name":"Dalykai, kuri\u0173 niekas ne\u017eino"}]},{"@type":"WebSite","@id":"https:\/\/skaitytaknyga.lt\/#website","url":"https:\/\/skaitytaknyga.lt\/","name":"skaitytaknyga.lt","description":"Skaitytaknyga.lt \u2013 tai ma\u017eas \u0161eimos verslas, kuris prasid\u0117jo nuo meil\u0117s knygoms ir siekio i\u0161gelb\u0117ti knygas nuo likimo prie konteinerio. Kas vienam nereikalingas daiktas \u2013 kitam lobis, o mes esame tarpininkai, kurie padeda abiems tapti laimingesniems ???? \u017dinome kaip nelengva i\u0161gyventi ma\u017eiems verslams, tad nuo \u0161iol, \u010dia rasite ir kit\u0173, ma\u017e\u0173 \u0161eim\u0173 versl\u0173, rank\u0173 darbo, dovan\u0173 sau ir artimiesiems.","publisher":{"@id":"https:\/\/skaitytaknyga.lt\/#organization"},"potentialAction":[{"@type":"SearchAction","target":{"@type":"EntryPoint","urlTemplate":"https:\/\/skaitytaknyga.lt\/?s={search_term_string}"},"query-input":{"@type":"PropertyValueSpecification","valueRequired":true,"valueName":"search_term_string"}}],"inLanguage":"en-GB"},{"@type":"Organization","@id":"https:\/\/skaitytaknyga.lt\/#organization","name":"skaitytaknyga.lt","url":"https:\/\/skaitytaknyga.lt\/","logo":{"@type":"ImageObject","inLanguage":"en-GB","@id":"https:\/\/skaitytaknyga.lt\/#\/schema\/logo\/image\/","url":"https:\/\/skaitytaknyga.lt\/wp-content\/uploads\/2024\/05\/cropped-cropped-cropped-02_00843_jt3bggkj1j3HLc7SyY6rEUpg.jpeg","contentUrl":"https:\/\/skaitytaknyga.lt\/wp-content\/uploads\/2024\/05\/cropped-cropped-cropped-02_00843_jt3bggkj1j3HLc7SyY6rEUpg.jpeg","width":1600,"height":1600,"caption":"skaitytaknyga.lt"},"image":{"@id":"https:\/\/skaitytaknyga.lt\/#\/schema\/logo\/image\/"},"sameAs":["https:\/\/www.facebook.com\/skaitytaknyga\/"]}]}},"_links":{"self":[{"href":"https:\/\/skaitytaknyga.lt\/en\/wp-json\/wp\/v2\/product\/21490","targetHints":{"allow":["GET"]}}],"collection":[{"href":"https:\/\/skaitytaknyga.lt\/en\/wp-json\/wp\/v2\/product"}],"about":[{"href":"https:\/\/skaitytaknyga.lt\/en\/wp-json\/wp\/v2\/types\/product"}],"replies":[{"embeddable":true,"href":"https:\/\/skaitytaknyga.lt\/en\/wp-json\/wp\/v2\/comments?post=21490"}],"wp:featuredmedia":[{"embeddable":true,"href":"https:\/\/skaitytaknyga.lt\/en\/wp-json\/wp\/v2\/media\/21495"}],"wp:attachment":[{"href":"https:\/\/skaitytaknyga.lt\/en\/wp-json\/wp\/v2\/media?parent=21490"}],"wp:term":[{"taxonomy":"product_brand","embeddable":true,"href":"https:\/\/skaitytaknyga.lt\/en\/wp-json\/wp\/v2\/product_brand?post=21490"},{"taxonomy":"product_cat","embeddable":true,"href":"https:\/\/skaitytaknyga.lt\/en\/wp-json\/wp\/v2\/product_cat?post=21490"},{"taxonomy":"product_tag","embeddable":true,"href":"https:\/\/skaitytaknyga.lt\/en\/wp-json\/wp\/v2\/product_tag?post=21490"}],"curies":[{"name":"wp","href":"https:\/\/api.w.org\/{rel}","templated":true}]}}