{"id":21480,"date":"2025-10-11T19:01:20","date_gmt":"2025-10-11T16:01:20","guid":{"rendered":"https:\/\/skaitytaknyga.lt\/?post_type=product&#038;p=21480"},"modified":"2025-10-15T10:04:02","modified_gmt":"2025-10-15T07:04:02","slug":"sestadieni-astunta-valanda","status":"publish","type":"product","link":"https:\/\/skaitytaknyga.lt\/en\/produktas\/sestadieni-astunta-valanda\/","title":{"rendered":"\u0160e\u0161tadien\u012f, a\u0161tunt\u0105 valand\u0105"},"content":{"rendered":"<p>Ala \u2013 perspektyvi gimnazist\u0117. Debat\u0173 var\u017eybose ji narsiai sprend\u017eia pasaulio problemas. Laisvalaikiu pri\u017ei\u016bri kaimyn\u0117s vaik\u0105 Jor\u012f, lanko vieni\u0161as senutes, draugauja su vis giliau \u012f Alzhaimer\u012f grimztan\u010dia Zolda&#8230; Ala padeda visiems, kam reikia jos pagalbos. Jos autoritetai \u2012 Motina Teres\u0117 ir kunigas Janas. Geriausi draugai \u2012 Mona ir Arvis, taip pat pavyzdingi intelektualai. Dar \u2013 profk\u0117j besimokanti, i\u0161 nam\u0173 pab\u0117gusi Gint\u0117, vis susidedanti su zonoje s\u0117d\u0117jusiais vyrukais, ir aroganti\u0161kasis Markas, kand\u017eiomis replikomis keliantis Alai \u012fsi\u016bt\u012f.<\/p>\n<p>Ta\u010diau tikrov\u0117 da\u017enai b\u016bna kitokia nei atrodo. Kokie vaiduokliai slepiasi heroj\u0173 spintose? Ar trijul\u0117 tokia pavyzdinga, kokia dedasi? Kod\u0117l taip norisi pagerinti save, perra\u0161yti savo istorij\u0105? Ir svarbiausias klausimas: ar b\u016bdamas su\u017eeistas, gali i\u0161gelb\u0117ti kit\u0105?<\/p>\n","protected":false},"excerpt":{"rendered":"<p>Ala \u2013 perspektyvi gimnazist\u0117. Debat\u0173 var\u017eybose ji narsiai sprend\u017eia pasaulio problemas. Laisvalaikiu pri\u017ei\u016bri kaimyn\u0117s vaik\u0105 Jor\u012f, lanko vieni\u0161as senutes, draugauja su vis giliau \u012f Alzhaimer\u012f grimztan\u010dia Zolda&#8230; Ala padeda visiems, kam reikia jos pagalbos. Jos autoritetai \u2012 Motina Teres\u0117 ir kunigas Janas. Geriausi draugai \u2012 Mona ir Arvis, taip pat pavyzdingi intelektualai. Dar \u2013 profk\u0117j besimokanti, i\u0161 nam\u0173 pab\u0117gusi Gint\u0117, vis susidedanti su zonoje s\u0117d\u0117jusiais vyrukais, ir aroganti\u0161kasis Markas, kand\u017eiomis replikomis keliantis Alai \u012fsi\u016bt\u012f. Ta\u010diau tikrov\u0117 da\u017enai b\u016bna kitokia nei atrodo. Kokie vaiduokliai slepiasi heroj\u0173 spintose? Ar trijul\u0117 tokia pavyzdinga, kokia dedasi? Kod\u0117l taip norisi pagerinti save, perra\u0161yti savo istorij\u0105? Ir svarbiausias klausimas: ar b\u016bdamas su\u017eeistas, gali i\u0161gelb\u0117ti kit\u0105?<\/p>\n","protected":false},"featured_media":21489,"comment_status":"open","ping_status":"closed","template":"","meta":{"_acf_changed":false,"site-sidebar-layout":"default","site-content-layout":"","ast-site-content-layout":"default","site-content-style":"default","site-sidebar-style":"default","ast-global-header-display":"","ast-banner-title-visibility":"","ast-main-header-display":"","ast-hfb-above-header-display":"","ast-hfb-below-header-display":"","ast-hfb-mobile-header-display":"","site-post-title":"","ast-breadcrumbs-content":"","ast-featured-img":"","footer-sml-layout":"","ast-disable-related-posts":"","theme-transparent-header-meta":"","adv-header-id-meta":"","stick-header-meta":"","header-above-stick-meta":"","header-main-stick-meta":"","header-below-stick-meta":"","astra-migrate-meta-layouts":"default","ast-page-background-enabled":"default","ast-page-background-meta":{"desktop":{"background-color":"","background-image":"","background-repeat":"repeat","background-position":"center center","background-size":"auto","background-attachment":"scroll","background-type":"","background-media":"","overlay-type":"","overlay-color":"","overlay-opacity":"","overlay-gradient":""},"tablet":{"background-color":"","background-image":"","background-repeat":"repeat","background-position":"center center","background-size":"auto","background-attachment":"scroll","background-type":"","background-media":"","overlay-type":"","overlay-color":"","overlay-opacity":"","overlay-gradient":""},"mobile":{"background-color":"","background-image":"","background-repeat":"repeat","background-position":"center center","background-size":"auto","background-attachment":"scroll","background-type":"","background-media":"","overlay-type":"","overlay-color":"","overlay-opacity":"","overlay-gradient":""}},"ast-content-background-meta":{"desktop":{"background-color":"var(--ast-global-color-4)","background-image":"","background-repeat":"repeat","background-position":"center center","background-size":"auto","background-attachment":"scroll","background-type":"","background-media":"","overlay-type":"","overlay-color":"","overlay-opacity":"","overlay-gradient":""},"tablet":{"background-color":"var(--ast-global-color-4)","background-image":"","background-repeat":"repeat","background-position":"center center","background-size":"auto","background-attachment":"scroll","background-type":"","background-media":"","overlay-type":"","overlay-color":"","overlay-opacity":"","overlay-gradient":""},"mobile":{"background-color":"var(--ast-global-color-4)","background-image":"","background-repeat":"repeat","background-position":"center center","background-size":"auto","background-attachment":"scroll","background-type":"","background-media":"","overlay-type":"","overlay-color":"","overlay-opacity":"","overlay-gradient":""}}},"product_brand":[],"product_cat":[35],"product_tag":[],"class_list":{"0":"post-21480","1":"product","2":"type-product","3":"status-publish","4":"has-post-thumbnail","6":"product_cat-vaikams-ir-paaugliams","7":"desktop-align-left","8":"tablet-align-left","9":"mobile-align-left","11":"first","12":"instock","13":"shipping-taxable","14":"purchasable","15":"product-type-simple"},"acf":[],"yoast_head":"<!-- This site is optimized with the Yoast SEO plugin v27.0 - https:\/\/yoast.com\/product\/yoast-seo-wordpress\/ -->\n<title>\u0160e\u0161tadien\u012f, a\u0161tunt\u0105 valand\u0105<\/title>\n<meta name=\"description\" content=\"Ala \u2013 perspektyvi gimnazist\u0117. Debat\u0173 var\u017eybose ji narsiai sprend\u017eia pasaulio problemas. Laisvalaikiu pri\u017ei\u016bri kaimyn\u0117s vaik\u0105 Jor\u012f, lanko vieni\u0161as senutes,\" \/>\n<meta name=\"robots\" content=\"index, follow, max-snippet:-1, max-image-preview:large, max-video-preview:-1\" \/>\n<link rel=\"canonical\" href=\"https:\/\/skaitytaknyga.lt\/en\/produktas\/sestadieni-astunta-valanda\/\" \/>\n<meta property=\"og:locale\" content=\"en_GB\" \/>\n<meta property=\"og:locale:alternate\" content=\"lt_LT\" \/>\n<meta property=\"og:type\" content=\"article\" \/>\n<meta property=\"og:title\" content=\"\u0160e\u0161tadien\u012f, a\u0161tunt\u0105 valand\u0105\" \/>\n<meta property=\"og:description\" content=\"Ala \u2013 perspektyvi gimnazist\u0117. Debat\u0173 var\u017eybose ji narsiai sprend\u017eia pasaulio problemas. Laisvalaikiu pri\u017ei\u016bri kaimyn\u0117s vaik\u0105 Jor\u012f, lanko vieni\u0161as senutes,\" \/>\n<meta property=\"og:url\" content=\"https:\/\/skaitytaknyga.lt\/en\/produktas\/sestadieni-astunta-valanda\/\" \/>\n<meta property=\"og:site_name\" content=\"Skaitytaknyga\" \/>\n<meta property=\"article:publisher\" content=\"https:\/\/www.facebook.com\/skaitytaknyga\/\" \/>\n<meta property=\"article:modified_time\" content=\"2025-10-15T07:04:02+00:00\" \/>\n<meta property=\"og:image\" content=\"https:\/\/skaitytaknyga.lt\/wp-content\/uploads\/2025\/10\/Sestadieni-astunta-valanda-1.webp\" \/>\n\t<meta property=\"og:image:width\" content=\"300\" \/>\n\t<meta property=\"og:image:height\" content=\"471\" \/>\n\t<meta property=\"og:image:type\" content=\"image\/webp\" \/>\n<meta name=\"twitter:card\" content=\"summary_large_image\" \/>\n<meta name=\"twitter:label1\" content=\"Estimated reading time\" \/>\n\t<meta name=\"twitter:data1\" content=\"1 minute\" \/>\n<script type=\"application\/ld+json\" class=\"yoast-schema-graph\">{\"@context\":\"https:\/\/schema.org\",\"@graph\":[{\"@type\":\"WebPage\",\"@id\":\"https:\/\/skaitytaknyga.lt\/produktas\/sestadieni-astunta-valanda\/\",\"url\":\"https:\/\/skaitytaknyga.lt\/produktas\/sestadieni-astunta-valanda\/\",\"name\":\"\u0160e\u0161tadien\u012f, a\u0161tunt\u0105 valand\u0105\",\"isPartOf\":{\"@id\":\"https:\/\/skaitytaknyga.lt\/#website\"},\"primaryImageOfPage\":{\"@id\":\"https:\/\/skaitytaknyga.lt\/produktas\/sestadieni-astunta-valanda\/#primaryimage\"},\"image\":{\"@id\":\"https:\/\/skaitytaknyga.lt\/produktas\/sestadieni-astunta-valanda\/#primaryimage\"},\"thumbnailUrl\":\"https:\/\/skaitytaknyga.lt\/wp-content\/uploads\/2025\/10\/Sestadieni-astunta-valanda-1.webp\",\"datePublished\":\"2025-10-11T16:01:20+00:00\",\"dateModified\":\"2025-10-15T07:04:02+00:00\",\"description\":\"Ala \u2013 perspektyvi gimnazist\u0117. Debat\u0173 var\u017eybose ji narsiai sprend\u017eia pasaulio problemas. Laisvalaikiu pri\u017ei\u016bri kaimyn\u0117s vaik\u0105 Jor\u012f, lanko vieni\u0161as senutes,\",\"breadcrumb\":{\"@id\":\"https:\/\/skaitytaknyga.lt\/produktas\/sestadieni-astunta-valanda\/#breadcrumb\"},\"inLanguage\":\"en-GB\",\"potentialAction\":[{\"@type\":\"ReadAction\",\"target\":[\"https:\/\/skaitytaknyga.lt\/produktas\/sestadieni-astunta-valanda\/\"]}]},{\"@type\":\"ImageObject\",\"inLanguage\":\"en-GB\",\"@id\":\"https:\/\/skaitytaknyga.lt\/produktas\/sestadieni-astunta-valanda\/#primaryimage\",\"url\":\"https:\/\/skaitytaknyga.lt\/wp-content\/uploads\/2025\/10\/Sestadieni-astunta-valanda-1.webp\",\"contentUrl\":\"https:\/\/skaitytaknyga.lt\/wp-content\/uploads\/2025\/10\/Sestadieni-astunta-valanda-1.webp\",\"width\":300,\"height\":471,\"caption\":\"\u0160e\u0161tadien\u012f, a\u0161tunt\u0105 valand\u0105\"},{\"@type\":\"BreadcrumbList\",\"@id\":\"https:\/\/skaitytaknyga.lt\/produktas\/sestadieni-astunta-valanda\/#breadcrumb\",\"itemListElement\":[{\"@type\":\"ListItem\",\"position\":1,\"name\":\"Home\",\"item\":\"https:\/\/skaitytaknyga.lt\/\"},{\"@type\":\"ListItem\",\"position\":2,\"name\":\"Parduotuv\u0117\",\"item\":\"https:\/\/skaitytaknyga.lt\/knygu-parduotuve\/\"},{\"@type\":\"ListItem\",\"position\":3,\"name\":\"\u0160e\u0161tadien\u012f, a\u0161tunt\u0105 valand\u0105\"}]},{\"@type\":\"WebSite\",\"@id\":\"https:\/\/skaitytaknyga.lt\/#website\",\"url\":\"https:\/\/skaitytaknyga.lt\/\",\"name\":\"skaitytaknyga.lt\",\"description\":\"Skaitytaknyga.lt \u2013 tai ma\u017eas \u0161eimos verslas, kuris prasid\u0117jo nuo meil\u0117s knygoms ir siekio i\u0161gelb\u0117ti knygas nuo likimo prie konteinerio. Kas vienam nereikalingas daiktas \u2013 kitam lobis, o mes esame tarpininkai, kurie padeda abiems tapti laimingesniems ???? \u017dinome kaip nelengva i\u0161gyventi ma\u017eiems verslams, tad nuo \u0161iol, \u010dia rasite ir kit\u0173, ma\u017e\u0173 \u0161eim\u0173 versl\u0173, rank\u0173 darbo, dovan\u0173 sau ir artimiesiems.\",\"publisher\":{\"@id\":\"https:\/\/skaitytaknyga.lt\/#organization\"},\"potentialAction\":[{\"@type\":\"SearchAction\",\"target\":{\"@type\":\"EntryPoint\",\"urlTemplate\":\"https:\/\/skaitytaknyga.lt\/?s={search_term_string}\"},\"query-input\":{\"@type\":\"PropertyValueSpecification\",\"valueRequired\":true,\"valueName\":\"search_term_string\"}}],\"inLanguage\":\"en-GB\"},{\"@type\":\"Organization\",\"@id\":\"https:\/\/skaitytaknyga.lt\/#organization\",\"name\":\"skaitytaknyga.lt\",\"url\":\"https:\/\/skaitytaknyga.lt\/\",\"logo\":{\"@type\":\"ImageObject\",\"inLanguage\":\"en-GB\",\"@id\":\"https:\/\/skaitytaknyga.lt\/#\/schema\/logo\/image\/\",\"url\":\"https:\/\/skaitytaknyga.lt\/wp-content\/uploads\/2024\/05\/cropped-cropped-cropped-02_00843_jt3bggkj1j3HLc7SyY6rEUpg.jpeg\",\"contentUrl\":\"https:\/\/skaitytaknyga.lt\/wp-content\/uploads\/2024\/05\/cropped-cropped-cropped-02_00843_jt3bggkj1j3HLc7SyY6rEUpg.jpeg\",\"width\":1600,\"height\":1600,\"caption\":\"skaitytaknyga.lt\"},\"image\":{\"@id\":\"https:\/\/skaitytaknyga.lt\/#\/schema\/logo\/image\/\"},\"sameAs\":[\"https:\/\/www.facebook.com\/skaitytaknyga\/\"]}]}<\/script>\n<!-- \/ Yoast SEO plugin. -->","yoast_head_json":{"title":"\u0160e\u0161tadien\u012f, a\u0161tunt\u0105 valand\u0105","description":"Ala \u2013 perspektyvi gimnazist\u0117. Debat\u0173 var\u017eybose ji narsiai sprend\u017eia pasaulio problemas. Laisvalaikiu pri\u017ei\u016bri kaimyn\u0117s vaik\u0105 Jor\u012f, lanko vieni\u0161as senutes,","robots":{"index":"index","follow":"follow","max-snippet":"max-snippet:-1","max-image-preview":"max-image-preview:large","max-video-preview":"max-video-preview:-1"},"canonical":"https:\/\/skaitytaknyga.lt\/en\/produktas\/sestadieni-astunta-valanda\/","og_locale":"en_GB","og_type":"article","og_title":"[:lt]\u0160e\u0161tadien\u012f, a\u0161tunt\u0105 valand\u0105[:] - Skaitytaknyga","og_description":"Ala \u2013 perspektyvi gimnazist\u0117. Debat\u0173 var\u017eybose ji narsiai sprend\u017eia pasaulio problemas. Laisvalaikiu pri\u017ei\u016bri kaimyn\u0117s vaik\u0105 Jor\u012f, lanko vieni\u0161as senutes,","og_url":"https:\/\/skaitytaknyga.lt\/en\/produktas\/sestadieni-astunta-valanda\/","og_site_name":"Skaitytaknyga","article_publisher":"https:\/\/www.facebook.com\/skaitytaknyga\/","article_modified_time":"2025-10-15T07:04:02+00:00","og_image":[{"width":300,"height":471,"url":"https:\/\/skaitytaknyga.lt\/wp-content\/uploads\/2025\/10\/Sestadieni-astunta-valanda-1.webp","type":"image\/webp"}],"twitter_card":"summary_large_image","twitter_misc":{"Estimated reading time":"1 minute"},"schema":{"@context":"https:\/\/schema.org","@graph":[{"@type":"WebPage","@id":"https:\/\/skaitytaknyga.lt\/produktas\/sestadieni-astunta-valanda\/","url":"https:\/\/skaitytaknyga.lt\/produktas\/sestadieni-astunta-valanda\/","name":"\u0160e\u0161tadien\u012f, a\u0161tunt\u0105 valand\u0105","isPartOf":{"@id":"https:\/\/skaitytaknyga.lt\/#website"},"primaryImageOfPage":{"@id":"https:\/\/skaitytaknyga.lt\/produktas\/sestadieni-astunta-valanda\/#primaryimage"},"image":{"@id":"https:\/\/skaitytaknyga.lt\/produktas\/sestadieni-astunta-valanda\/#primaryimage"},"thumbnailUrl":"https:\/\/skaitytaknyga.lt\/wp-content\/uploads\/2025\/10\/Sestadieni-astunta-valanda-1.webp","datePublished":"2025-10-11T16:01:20+00:00","dateModified":"2025-10-15T07:04:02+00:00","description":"Ala \u2013 perspektyvi gimnazist\u0117. Debat\u0173 var\u017eybose ji narsiai sprend\u017eia pasaulio problemas. Laisvalaikiu pri\u017ei\u016bri kaimyn\u0117s vaik\u0105 Jor\u012f, lanko vieni\u0161as senutes,","breadcrumb":{"@id":"https:\/\/skaitytaknyga.lt\/produktas\/sestadieni-astunta-valanda\/#breadcrumb"},"inLanguage":"en-GB","potentialAction":[{"@type":"ReadAction","target":["https:\/\/skaitytaknyga.lt\/produktas\/sestadieni-astunta-valanda\/"]}]},{"@type":"ImageObject","inLanguage":"en-GB","@id":"https:\/\/skaitytaknyga.lt\/produktas\/sestadieni-astunta-valanda\/#primaryimage","url":"https:\/\/skaitytaknyga.lt\/wp-content\/uploads\/2025\/10\/Sestadieni-astunta-valanda-1.webp","contentUrl":"https:\/\/skaitytaknyga.lt\/wp-content\/uploads\/2025\/10\/Sestadieni-astunta-valanda-1.webp","width":300,"height":471,"caption":"\u0160e\u0161tadien\u012f, a\u0161tunt\u0105 valand\u0105"},{"@type":"BreadcrumbList","@id":"https:\/\/skaitytaknyga.lt\/produktas\/sestadieni-astunta-valanda\/#breadcrumb","itemListElement":[{"@type":"ListItem","position":1,"name":"Home","item":"https:\/\/skaitytaknyga.lt\/"},{"@type":"ListItem","position":2,"name":"Parduotuv\u0117","item":"https:\/\/skaitytaknyga.lt\/knygu-parduotuve\/"},{"@type":"ListItem","position":3,"name":"\u0160e\u0161tadien\u012f, a\u0161tunt\u0105 valand\u0105"}]},{"@type":"WebSite","@id":"https:\/\/skaitytaknyga.lt\/#website","url":"https:\/\/skaitytaknyga.lt\/","name":"skaitytaknyga.lt","description":"Skaitytaknyga.lt \u2013 tai ma\u017eas \u0161eimos verslas, kuris prasid\u0117jo nuo meil\u0117s knygoms ir siekio i\u0161gelb\u0117ti knygas nuo likimo prie konteinerio. Kas vienam nereikalingas daiktas \u2013 kitam lobis, o mes esame tarpininkai, kurie padeda abiems tapti laimingesniems ???? \u017dinome kaip nelengva i\u0161gyventi ma\u017eiems verslams, tad nuo \u0161iol, \u010dia rasite ir kit\u0173, ma\u017e\u0173 \u0161eim\u0173 versl\u0173, rank\u0173 darbo, dovan\u0173 sau ir artimiesiems.","publisher":{"@id":"https:\/\/skaitytaknyga.lt\/#organization"},"potentialAction":[{"@type":"SearchAction","target":{"@type":"EntryPoint","urlTemplate":"https:\/\/skaitytaknyga.lt\/?s={search_term_string}"},"query-input":{"@type":"PropertyValueSpecification","valueRequired":true,"valueName":"search_term_string"}}],"inLanguage":"en-GB"},{"@type":"Organization","@id":"https:\/\/skaitytaknyga.lt\/#organization","name":"skaitytaknyga.lt","url":"https:\/\/skaitytaknyga.lt\/","logo":{"@type":"ImageObject","inLanguage":"en-GB","@id":"https:\/\/skaitytaknyga.lt\/#\/schema\/logo\/image\/","url":"https:\/\/skaitytaknyga.lt\/wp-content\/uploads\/2024\/05\/cropped-cropped-cropped-02_00843_jt3bggkj1j3HLc7SyY6rEUpg.jpeg","contentUrl":"https:\/\/skaitytaknyga.lt\/wp-content\/uploads\/2024\/05\/cropped-cropped-cropped-02_00843_jt3bggkj1j3HLc7SyY6rEUpg.jpeg","width":1600,"height":1600,"caption":"skaitytaknyga.lt"},"image":{"@id":"https:\/\/skaitytaknyga.lt\/#\/schema\/logo\/image\/"},"sameAs":["https:\/\/www.facebook.com\/skaitytaknyga\/"]}]}},"_links":{"self":[{"href":"https:\/\/skaitytaknyga.lt\/en\/wp-json\/wp\/v2\/product\/21480","targetHints":{"allow":["GET"]}}],"collection":[{"href":"https:\/\/skaitytaknyga.lt\/en\/wp-json\/wp\/v2\/product"}],"about":[{"href":"https:\/\/skaitytaknyga.lt\/en\/wp-json\/wp\/v2\/types\/product"}],"replies":[{"embeddable":true,"href":"https:\/\/skaitytaknyga.lt\/en\/wp-json\/wp\/v2\/comments?post=21480"}],"wp:featuredmedia":[{"embeddable":true,"href":"https:\/\/skaitytaknyga.lt\/en\/wp-json\/wp\/v2\/media\/21489"}],"wp:attachment":[{"href":"https:\/\/skaitytaknyga.lt\/en\/wp-json\/wp\/v2\/media?parent=21480"}],"wp:term":[{"taxonomy":"product_brand","embeddable":true,"href":"https:\/\/skaitytaknyga.lt\/en\/wp-json\/wp\/v2\/product_brand?post=21480"},{"taxonomy":"product_cat","embeddable":true,"href":"https:\/\/skaitytaknyga.lt\/en\/wp-json\/wp\/v2\/product_cat?post=21480"},{"taxonomy":"product_tag","embeddable":true,"href":"https:\/\/skaitytaknyga.lt\/en\/wp-json\/wp\/v2\/product_tag?post=21480"}],"curies":[{"name":"wp","href":"https:\/\/api.w.org\/{rel}","templated":true}]}}