{"id":21479,"date":"2025-10-11T19:01:20","date_gmt":"2025-10-11T16:01:20","guid":{"rendered":"https:\/\/skaitytaknyga.lt\/?post_type=product&#038;p=21479"},"modified":"2025-10-15T10:04:02","modified_gmt":"2025-10-15T07:04:02","slug":"figmedis","status":"publish","type":"product","link":"https:\/\/skaitytaknyga.lt\/en\/produktas\/figmedis\/","title":{"rendered":"Figmedis"},"content":{"rendered":"<p>Meistri\u0161kai sukurto pasakojimo apie \u0161eimos santykius ir meil\u0117s ry\u0161\u012f fone \u2013 sud\u0117tingi istoriniai l\u016b\u017eiai. Vienoms \u0161alims nykstant i\u0161 \u017eem\u0117lapio, o kitoms atsirandant j\u0173 vietoje, \u017emon\u0117s tur\u0117jo daryti lemtingus gyvenimo sprendimus. Kaip \u0161eimos praeities traumos veikia dabartin\u0119 kart\u0105?<\/p>\n<p>Jaunas girininkas su n\u0117\u0161\u010dia \u017emona atsikrausto \u012f Balkan\u0173 miestel\u012f. Juos pakvie\u010dia \u012fsikurti, bet namo spintose kabo svetim\u0173 \u017emoni\u0173 drabu\u017eiai, ant stalo paliktame puodelyje po dulki\u0173 sluoksniu sud\u017ei\u016bv\u0119 kavos tir\u0161\u010diai, o l\u0117k\u0161t\u0117se \u2013 patams\u0117j\u0119 maisto liku\u010diai, tarsi i\u0161vykti b\u016bt\u0173 tek\u0119 staiga, netik\u0117tai. \u201eVisi namai tokie. Jie i\u0161\u0117jo, mes at\u0117jom. Toks gyvenimas&#8221;, \u2013 pasako vieni\u0161as komisaras, aprod\u0119s \u0161eimai nam\u0105. Jei visi gal\u0117jo apsigyventi tokiuose namuose, tai kod\u0117l negali jis, Aleksandras D\u017eord\u017eevi\u010dius?<\/p>\n<p>Trisde\u0161imtmetis Jardanas \u2013 Aleksandro proan\u016bkis, m\u016bs\u0173 am\u017eininkas. Ie\u0161kodamas atsakymo, kod\u0117l buvo paliktas savo merginos Anjos, jis bando suprasti save ir ima gilintis \u012f susipynusias savo \u0161eimos nari\u0173 istorijas. Jos t\u016bno po nutyl\u0117jimais, slaptu ar atviru nusivylimu ir kasdienyb\u0117s gro\u017eio aprai\u0161komis. Kiemo figmedis tampa ramyb\u0117s, laim\u0117s ir stabilumo simboliu.<\/p>\n","protected":false},"excerpt":{"rendered":"<p>Meistri\u0161kai sukurto pasakojimo apie \u0161eimos santykius ir meil\u0117s ry\u0161\u012f fone \u2013 sud\u0117tingi istoriniai l\u016b\u017eiai. Vienoms \u0161alims nykstant i\u0161 \u017eem\u0117lapio, o kitoms atsirandant j\u0173 vietoje, \u017emon\u0117s tur\u0117jo daryti lemtingus gyvenimo sprendimus. Kaip \u0161eimos praeities traumos veikia dabartin\u0119 kart\u0105? Jaunas girininkas su n\u0117\u0161\u010dia \u017emona atsikrausto \u012f Balkan\u0173 miestel\u012f. Juos pakvie\u010dia \u012fsikurti, bet namo spintose kabo svetim\u0173 \u017emoni\u0173 drabu\u017eiai, ant stalo paliktame puodelyje po dulki\u0173 sluoksniu sud\u017ei\u016bv\u0119 kavos tir\u0161\u010diai, o l\u0117k\u0161t\u0117se \u2013 patams\u0117j\u0119 maisto liku\u010diai, tarsi i\u0161vykti b\u016bt\u0173 tek\u0119 staiga, netik\u0117tai. \u201eVisi namai tokie. Jie i\u0161\u0117jo, mes at\u0117jom. Toks gyvenimas&#8221;, \u2013 pasako vieni\u0161as komisaras, aprod\u0119s \u0161eimai nam\u0105. Jei visi gal\u0117jo apsigyventi tokiuose namuose, tai kod\u0117l negali jis, Aleksandras D\u017eord\u017eevi\u010dius? Trisde\u0161imtmetis Jardanas \u2013 Aleksandro proan\u016bkis, m\u016bs\u0173 am\u017eininkas. Ie\u0161kodamas atsakymo, kod\u0117l buvo paliktas savo merginos Anjos, jis bando suprasti save ir ima gilintis \u012f susipynusias savo \u0161eimos nari\u0173 istorijas. Jos t\u016bno po nutyl\u0117jimais, slaptu ar atviru nusivylimu ir kasdienyb\u0117s gro\u017eio aprai\u0161komis. Kiemo figmedis tampa ramyb\u0117s, laim\u0117s ir stabilumo simboliu.<\/p>\n","protected":false},"featured_media":21488,"comment_status":"open","ping_status":"closed","template":"","meta":{"_acf_changed":false,"site-sidebar-layout":"default","site-content-layout":"","ast-site-content-layout":"default","site-content-style":"default","site-sidebar-style":"default","ast-global-header-display":"","ast-banner-title-visibility":"","ast-main-header-display":"","ast-hfb-above-header-display":"","ast-hfb-below-header-display":"","ast-hfb-mobile-header-display":"","site-post-title":"","ast-breadcrumbs-content":"","ast-featured-img":"","footer-sml-layout":"","ast-disable-related-posts":"","theme-transparent-header-meta":"","adv-header-id-meta":"","stick-header-meta":"","header-above-stick-meta":"","header-main-stick-meta":"","header-below-stick-meta":"","astra-migrate-meta-layouts":"default","ast-page-background-enabled":"default","ast-page-background-meta":{"desktop":{"background-color":"","background-image":"","background-repeat":"repeat","background-position":"center center","background-size":"auto","background-attachment":"scroll","background-type":"","background-media":"","overlay-type":"","overlay-color":"","overlay-opacity":"","overlay-gradient":""},"tablet":{"background-color":"","background-image":"","background-repeat":"repeat","background-position":"center center","background-size":"auto","background-attachment":"scroll","background-type":"","background-media":"","overlay-type":"","overlay-color":"","overlay-opacity":"","overlay-gradient":""},"mobile":{"background-color":"","background-image":"","background-repeat":"repeat","background-position":"center center","background-size":"auto","background-attachment":"scroll","background-type":"","background-media":"","overlay-type":"","overlay-color":"","overlay-opacity":"","overlay-gradient":""}},"ast-content-background-meta":{"desktop":{"background-color":"var(--ast-global-color-4)","background-image":"","background-repeat":"repeat","background-position":"center center","background-size":"auto","background-attachment":"scroll","background-type":"","background-media":"","overlay-type":"","overlay-color":"","overlay-opacity":"","overlay-gradient":""},"tablet":{"background-color":"var(--ast-global-color-4)","background-image":"","background-repeat":"repeat","background-position":"center center","background-size":"auto","background-attachment":"scroll","background-type":"","background-media":"","overlay-type":"","overlay-color":"","overlay-opacity":"","overlay-gradient":""},"mobile":{"background-color":"var(--ast-global-color-4)","background-image":"","background-repeat":"repeat","background-position":"center center","background-size":"auto","background-attachment":"scroll","background-type":"","background-media":"","overlay-type":"","overlay-color":"","overlay-opacity":"","overlay-gradient":""}}},"product_brand":[],"product_cat":[31],"product_tag":[],"class_list":{"0":"post-21479","1":"product","2":"type-product","3":"status-publish","4":"has-post-thumbnail","6":"product_cat-grozine-literatura","7":"desktop-align-left","8":"tablet-align-left","9":"mobile-align-left","11":"first","12":"instock","13":"shipping-taxable","14":"purchasable","15":"product-type-simple"},"acf":[],"yoast_head":"<!-- This site is optimized with the Yoast SEO plugin v27.0 - https:\/\/yoast.com\/product\/yoast-seo-wordpress\/ -->\n<title>Figmedis<\/title>\n<meta name=\"description\" content=\"Meistri\u0161kai sukurto pasakojimo apie \u0161eimos santykius ir meil\u0117s ry\u0161\u012f fone \u2013 sud\u0117tingi istoriniai l\u016b\u017eiai. Vienoms \u0161alims nykstant i\u0161 \u017eem\u0117lapio, o kitoms\" \/>\n<meta name=\"robots\" content=\"index, follow, max-snippet:-1, max-image-preview:large, max-video-preview:-1\" \/>\n<link rel=\"canonical\" href=\"https:\/\/skaitytaknyga.lt\/en\/produktas\/figmedis\/\" \/>\n<meta property=\"og:locale\" content=\"en_GB\" \/>\n<meta property=\"og:locale:alternate\" content=\"lt_LT\" \/>\n<meta property=\"og:type\" content=\"article\" \/>\n<meta property=\"og:title\" content=\"Figmedis\" \/>\n<meta property=\"og:description\" content=\"Meistri\u0161kai sukurto pasakojimo apie \u0161eimos santykius ir meil\u0117s ry\u0161\u012f fone \u2013 sud\u0117tingi istoriniai l\u016b\u017eiai. Vienoms \u0161alims nykstant i\u0161 \u017eem\u0117lapio, o kitoms\" \/>\n<meta property=\"og:url\" content=\"https:\/\/skaitytaknyga.lt\/en\/produktas\/figmedis\/\" \/>\n<meta property=\"og:site_name\" content=\"Skaitytaknyga\" \/>\n<meta property=\"article:publisher\" content=\"https:\/\/www.facebook.com\/skaitytaknyga\/\" \/>\n<meta property=\"article:modified_time\" content=\"2025-10-15T07:04:02+00:00\" \/>\n<meta property=\"og:image\" content=\"https:\/\/skaitytaknyga.lt\/wp-content\/uploads\/2025\/10\/FigmedisFigmedis-1.webp\" \/>\n\t<meta property=\"og:image:width\" content=\"293\" \/>\n\t<meta property=\"og:image:height\" content=\"440\" \/>\n\t<meta property=\"og:image:type\" content=\"image\/webp\" \/>\n<meta name=\"twitter:card\" content=\"summary_large_image\" \/>\n<meta name=\"twitter:label1\" content=\"Estimated reading time\" \/>\n\t<meta name=\"twitter:data1\" content=\"1 minute\" \/>\n<script type=\"application\/ld+json\" class=\"yoast-schema-graph\">{\"@context\":\"https:\/\/schema.org\",\"@graph\":[{\"@type\":\"WebPage\",\"@id\":\"https:\/\/skaitytaknyga.lt\/produktas\/figmedis\/\",\"url\":\"https:\/\/skaitytaknyga.lt\/produktas\/figmedis\/\",\"name\":\"Figmedis\",\"isPartOf\":{\"@id\":\"https:\/\/skaitytaknyga.lt\/#website\"},\"primaryImageOfPage\":{\"@id\":\"https:\/\/skaitytaknyga.lt\/produktas\/figmedis\/#primaryimage\"},\"image\":{\"@id\":\"https:\/\/skaitytaknyga.lt\/produktas\/figmedis\/#primaryimage\"},\"thumbnailUrl\":\"https:\/\/skaitytaknyga.lt\/wp-content\/uploads\/2025\/10\/FigmedisFigmedis-1.webp\",\"datePublished\":\"2025-10-11T16:01:20+00:00\",\"dateModified\":\"2025-10-15T07:04:02+00:00\",\"description\":\"Meistri\u0161kai sukurto pasakojimo apie \u0161eimos santykius ir meil\u0117s ry\u0161\u012f fone \u2013 sud\u0117tingi istoriniai l\u016b\u017eiai. Vienoms \u0161alims nykstant i\u0161 \u017eem\u0117lapio, o kitoms\",\"breadcrumb\":{\"@id\":\"https:\/\/skaitytaknyga.lt\/produktas\/figmedis\/#breadcrumb\"},\"inLanguage\":\"en-GB\",\"potentialAction\":[{\"@type\":\"ReadAction\",\"target\":[\"https:\/\/skaitytaknyga.lt\/produktas\/figmedis\/\"]}]},{\"@type\":\"ImageObject\",\"inLanguage\":\"en-GB\",\"@id\":\"https:\/\/skaitytaknyga.lt\/produktas\/figmedis\/#primaryimage\",\"url\":\"https:\/\/skaitytaknyga.lt\/wp-content\/uploads\/2025\/10\/FigmedisFigmedis-1.webp\",\"contentUrl\":\"https:\/\/skaitytaknyga.lt\/wp-content\/uploads\/2025\/10\/FigmedisFigmedis-1.webp\",\"width\":293,\"height\":440,\"caption\":\"Figmedis\"},{\"@type\":\"BreadcrumbList\",\"@id\":\"https:\/\/skaitytaknyga.lt\/produktas\/figmedis\/#breadcrumb\",\"itemListElement\":[{\"@type\":\"ListItem\",\"position\":1,\"name\":\"Home\",\"item\":\"https:\/\/skaitytaknyga.lt\/\"},{\"@type\":\"ListItem\",\"position\":2,\"name\":\"Parduotuv\u0117\",\"item\":\"https:\/\/skaitytaknyga.lt\/knygu-parduotuve\/\"},{\"@type\":\"ListItem\",\"position\":3,\"name\":\"Figmedis\"}]},{\"@type\":\"WebSite\",\"@id\":\"https:\/\/skaitytaknyga.lt\/#website\",\"url\":\"https:\/\/skaitytaknyga.lt\/\",\"name\":\"skaitytaknyga.lt\",\"description\":\"Skaitytaknyga.lt \u2013 tai ma\u017eas \u0161eimos verslas, kuris prasid\u0117jo nuo meil\u0117s knygoms ir siekio i\u0161gelb\u0117ti knygas nuo likimo prie konteinerio. Kas vienam nereikalingas daiktas \u2013 kitam lobis, o mes esame tarpininkai, kurie padeda abiems tapti laimingesniems ???? \u017dinome kaip nelengva i\u0161gyventi ma\u017eiems verslams, tad nuo \u0161iol, \u010dia rasite ir kit\u0173, ma\u017e\u0173 \u0161eim\u0173 versl\u0173, rank\u0173 darbo, dovan\u0173 sau ir artimiesiems.\",\"publisher\":{\"@id\":\"https:\/\/skaitytaknyga.lt\/#organization\"},\"potentialAction\":[{\"@type\":\"SearchAction\",\"target\":{\"@type\":\"EntryPoint\",\"urlTemplate\":\"https:\/\/skaitytaknyga.lt\/?s={search_term_string}\"},\"query-input\":{\"@type\":\"PropertyValueSpecification\",\"valueRequired\":true,\"valueName\":\"search_term_string\"}}],\"inLanguage\":\"en-GB\"},{\"@type\":\"Organization\",\"@id\":\"https:\/\/skaitytaknyga.lt\/#organization\",\"name\":\"skaitytaknyga.lt\",\"url\":\"https:\/\/skaitytaknyga.lt\/\",\"logo\":{\"@type\":\"ImageObject\",\"inLanguage\":\"en-GB\",\"@id\":\"https:\/\/skaitytaknyga.lt\/#\/schema\/logo\/image\/\",\"url\":\"https:\/\/skaitytaknyga.lt\/wp-content\/uploads\/2024\/05\/cropped-cropped-cropped-02_00843_jt3bggkj1j3HLc7SyY6rEUpg.jpeg\",\"contentUrl\":\"https:\/\/skaitytaknyga.lt\/wp-content\/uploads\/2024\/05\/cropped-cropped-cropped-02_00843_jt3bggkj1j3HLc7SyY6rEUpg.jpeg\",\"width\":1600,\"height\":1600,\"caption\":\"skaitytaknyga.lt\"},\"image\":{\"@id\":\"https:\/\/skaitytaknyga.lt\/#\/schema\/logo\/image\/\"},\"sameAs\":[\"https:\/\/www.facebook.com\/skaitytaknyga\/\"]}]}<\/script>\n<!-- \/ Yoast SEO plugin. -->","yoast_head_json":{"title":"Figmedis","description":"Meistri\u0161kai sukurto pasakojimo apie \u0161eimos santykius ir meil\u0117s ry\u0161\u012f fone \u2013 sud\u0117tingi istoriniai l\u016b\u017eiai. Vienoms \u0161alims nykstant i\u0161 \u017eem\u0117lapio, o kitoms","robots":{"index":"index","follow":"follow","max-snippet":"max-snippet:-1","max-image-preview":"max-image-preview:large","max-video-preview":"max-video-preview:-1"},"canonical":"https:\/\/skaitytaknyga.lt\/en\/produktas\/figmedis\/","og_locale":"en_GB","og_type":"article","og_title":"[:lt]Figmedis[:] - Skaitytaknyga","og_description":"Meistri\u0161kai sukurto pasakojimo apie \u0161eimos santykius ir meil\u0117s ry\u0161\u012f fone \u2013 sud\u0117tingi istoriniai l\u016b\u017eiai. Vienoms \u0161alims nykstant i\u0161 \u017eem\u0117lapio, o kitoms","og_url":"https:\/\/skaitytaknyga.lt\/en\/produktas\/figmedis\/","og_site_name":"Skaitytaknyga","article_publisher":"https:\/\/www.facebook.com\/skaitytaknyga\/","article_modified_time":"2025-10-15T07:04:02+00:00","og_image":[{"width":293,"height":440,"url":"https:\/\/skaitytaknyga.lt\/wp-content\/uploads\/2025\/10\/FigmedisFigmedis-1.webp","type":"image\/webp"}],"twitter_card":"summary_large_image","twitter_misc":{"Estimated reading time":"1 minute"},"schema":{"@context":"https:\/\/schema.org","@graph":[{"@type":"WebPage","@id":"https:\/\/skaitytaknyga.lt\/produktas\/figmedis\/","url":"https:\/\/skaitytaknyga.lt\/produktas\/figmedis\/","name":"Figmedis","isPartOf":{"@id":"https:\/\/skaitytaknyga.lt\/#website"},"primaryImageOfPage":{"@id":"https:\/\/skaitytaknyga.lt\/produktas\/figmedis\/#primaryimage"},"image":{"@id":"https:\/\/skaitytaknyga.lt\/produktas\/figmedis\/#primaryimage"},"thumbnailUrl":"https:\/\/skaitytaknyga.lt\/wp-content\/uploads\/2025\/10\/FigmedisFigmedis-1.webp","datePublished":"2025-10-11T16:01:20+00:00","dateModified":"2025-10-15T07:04:02+00:00","description":"Meistri\u0161kai sukurto pasakojimo apie \u0161eimos santykius ir meil\u0117s ry\u0161\u012f fone \u2013 sud\u0117tingi istoriniai l\u016b\u017eiai. Vienoms \u0161alims nykstant i\u0161 \u017eem\u0117lapio, o kitoms","breadcrumb":{"@id":"https:\/\/skaitytaknyga.lt\/produktas\/figmedis\/#breadcrumb"},"inLanguage":"en-GB","potentialAction":[{"@type":"ReadAction","target":["https:\/\/skaitytaknyga.lt\/produktas\/figmedis\/"]}]},{"@type":"ImageObject","inLanguage":"en-GB","@id":"https:\/\/skaitytaknyga.lt\/produktas\/figmedis\/#primaryimage","url":"https:\/\/skaitytaknyga.lt\/wp-content\/uploads\/2025\/10\/FigmedisFigmedis-1.webp","contentUrl":"https:\/\/skaitytaknyga.lt\/wp-content\/uploads\/2025\/10\/FigmedisFigmedis-1.webp","width":293,"height":440,"caption":"Figmedis"},{"@type":"BreadcrumbList","@id":"https:\/\/skaitytaknyga.lt\/produktas\/figmedis\/#breadcrumb","itemListElement":[{"@type":"ListItem","position":1,"name":"Home","item":"https:\/\/skaitytaknyga.lt\/"},{"@type":"ListItem","position":2,"name":"Parduotuv\u0117","item":"https:\/\/skaitytaknyga.lt\/knygu-parduotuve\/"},{"@type":"ListItem","position":3,"name":"Figmedis"}]},{"@type":"WebSite","@id":"https:\/\/skaitytaknyga.lt\/#website","url":"https:\/\/skaitytaknyga.lt\/","name":"skaitytaknyga.lt","description":"Skaitytaknyga.lt \u2013 tai ma\u017eas \u0161eimos verslas, kuris prasid\u0117jo nuo meil\u0117s knygoms ir siekio i\u0161gelb\u0117ti knygas nuo likimo prie konteinerio. Kas vienam nereikalingas daiktas \u2013 kitam lobis, o mes esame tarpininkai, kurie padeda abiems tapti laimingesniems ???? \u017dinome kaip nelengva i\u0161gyventi ma\u017eiems verslams, tad nuo \u0161iol, \u010dia rasite ir kit\u0173, ma\u017e\u0173 \u0161eim\u0173 versl\u0173, rank\u0173 darbo, dovan\u0173 sau ir artimiesiems.","publisher":{"@id":"https:\/\/skaitytaknyga.lt\/#organization"},"potentialAction":[{"@type":"SearchAction","target":{"@type":"EntryPoint","urlTemplate":"https:\/\/skaitytaknyga.lt\/?s={search_term_string}"},"query-input":{"@type":"PropertyValueSpecification","valueRequired":true,"valueName":"search_term_string"}}],"inLanguage":"en-GB"},{"@type":"Organization","@id":"https:\/\/skaitytaknyga.lt\/#organization","name":"skaitytaknyga.lt","url":"https:\/\/skaitytaknyga.lt\/","logo":{"@type":"ImageObject","inLanguage":"en-GB","@id":"https:\/\/skaitytaknyga.lt\/#\/schema\/logo\/image\/","url":"https:\/\/skaitytaknyga.lt\/wp-content\/uploads\/2024\/05\/cropped-cropped-cropped-02_00843_jt3bggkj1j3HLc7SyY6rEUpg.jpeg","contentUrl":"https:\/\/skaitytaknyga.lt\/wp-content\/uploads\/2024\/05\/cropped-cropped-cropped-02_00843_jt3bggkj1j3HLc7SyY6rEUpg.jpeg","width":1600,"height":1600,"caption":"skaitytaknyga.lt"},"image":{"@id":"https:\/\/skaitytaknyga.lt\/#\/schema\/logo\/image\/"},"sameAs":["https:\/\/www.facebook.com\/skaitytaknyga\/"]}]}},"_links":{"self":[{"href":"https:\/\/skaitytaknyga.lt\/en\/wp-json\/wp\/v2\/product\/21479","targetHints":{"allow":["GET"]}}],"collection":[{"href":"https:\/\/skaitytaknyga.lt\/en\/wp-json\/wp\/v2\/product"}],"about":[{"href":"https:\/\/skaitytaknyga.lt\/en\/wp-json\/wp\/v2\/types\/product"}],"replies":[{"embeddable":true,"href":"https:\/\/skaitytaknyga.lt\/en\/wp-json\/wp\/v2\/comments?post=21479"}],"wp:featuredmedia":[{"embeddable":true,"href":"https:\/\/skaitytaknyga.lt\/en\/wp-json\/wp\/v2\/media\/21488"}],"wp:attachment":[{"href":"https:\/\/skaitytaknyga.lt\/en\/wp-json\/wp\/v2\/media?parent=21479"}],"wp:term":[{"taxonomy":"product_brand","embeddable":true,"href":"https:\/\/skaitytaknyga.lt\/en\/wp-json\/wp\/v2\/product_brand?post=21479"},{"taxonomy":"product_cat","embeddable":true,"href":"https:\/\/skaitytaknyga.lt\/en\/wp-json\/wp\/v2\/product_cat?post=21479"},{"taxonomy":"product_tag","embeddable":true,"href":"https:\/\/skaitytaknyga.lt\/en\/wp-json\/wp\/v2\/product_tag?post=21479"}],"curies":[{"name":"wp","href":"https:\/\/api.w.org\/{rel}","templated":true}]}}