{"id":21466,"date":"2025-10-11T18:28:34","date_gmt":"2025-10-11T15:28:34","guid":{"rendered":"https:\/\/skaitytaknyga.lt\/?post_type=product&#038;p=21466"},"modified":"2026-03-18T14:59:42","modified_gmt":"2026-03-18T12:59:42","slug":"laisves-pazenklinti-1-tomas","status":"publish","type":"product","link":"https:\/\/skaitytaknyga.lt\/en\/produktas\/laisves-pazenklinti-1-tomas\/","title":{"rendered":"Laisv\u0117s pa\u017eenklinti 1 tomas"},"content":{"rendered":"<p>Knyga, kaip enciklopedija ir kaip meno k\u016brinys, leid\u017eia suprasti, kok\u012f did\u017eiul\u012f ind\u0117l\u012f atkurtosios Lietuvos pamatams \u012fne\u0161\u0117 valstyb\u0117s simbolik\u0105 k\u016br\u0119 \u017emon\u0117s.<\/p>\n<p>Pirmasis fotoalbumo tomas pristato 58 \u012fvairi\u0173 kart\u0173 \u0161alies dailininkus, tapytojus, grafikus, monumentalistus, keramikus, dizainerius ir j\u0173 darbus.  Tarp pirmame tome pristatom\u0173 dailinink\u0173: Arvydas Ka\u017edailis, Stanislovas Kuzma, Giedrius Kazimier\u0117nas, Vaidila Liudvikas Gedminas, Romualdas Karpavi\u010dius, Antanas \u017dukauskas, Jonas Jag\u0117la, Nerijus Treinys, Petras Rep\u0161ys, Gitenis Umbrasas, Ar\u016bnas Sakalauskas, Algirdas Bosas, Eimantas Ludavi\u010dius, Joana Noreikait\u0117, Petras Henrikas Gar\u0161ka ir kiti.<br \/>\nAlbumas n\u0117ra susij\u0119s su konkre\u010diomis datomis, jis skirtas kiekvienai valstyb\u0117s dienai, ne vienam de\u0161imtme\u010diui. Am\u017ei\u0173 patirtis liudija, kad prie\u0161as simboli\u0173 bijo labiau nei ginkl\u0173. Nauj\u0105 laisv\u0117s \u017eenkl\u0173 sistem\u0105 gal\u0117jo sukurti tik \u017emon\u0117s, turintys pilietin\u0117s nuovokos, gerai suprant\u0105 \u017emogaus ir valstyb\u0117s reik\u0161m\u0119 ir prasm\u0119, jau\u010diantys ir mokantys valdyti meno formas, sugebantys linijomis, d\u0117m\u0117mis ir spalv\u0173 plastika sukurti i\u0161kalbing\u0105 k\u016brin\u012f.<\/p>\n","protected":false},"excerpt":{"rendered":"<p>Knyga, kaip enciklopedija ir kaip meno k\u016brinys, leid\u017eia suprasti, kok\u012f did\u017eiul\u012f ind\u0117l\u012f atkurtosios Lietuvos pamatams \u012fne\u0161\u0117 valstyb\u0117s simbolik\u0105 k\u016br\u0119 \u017emon\u0117s. Pirmasis fotoalbumo tomas pristato 58 \u012fvairi\u0173 kart\u0173 \u0161alies dailininkus, tapytojus, grafikus, monumentalistus, keramikus, dizainerius ir j\u0173 darbus. Tarp pirmame tome pristatom\u0173 dailinink\u0173: Arvydas Ka\u017edailis, Stanislovas Kuzma, Giedrius Kazimier\u0117nas, Vaidila Liudvikas Gedminas, Romualdas Karpavi\u010dius, Antanas \u017dukauskas, Jonas Jag\u0117la, Nerijus Treinys, Petras Rep\u0161ys, Gitenis Umbrasas, Ar\u016bnas Sakalauskas, Algirdas Bosas, Eimantas Ludavi\u010dius, Joana Noreikait\u0117, Petras Henrikas Gar\u0161ka ir kiti. Albumas n\u0117ra susij\u0119s su konkre\u010diomis datomis, jis skirtas kiekvienai valstyb\u0117s dienai, ne vienam de\u0161imtme\u010diui. Am\u017ei\u0173 patirtis liudija, kad prie\u0161as simboli\u0173 bijo labiau nei ginkl\u0173. Nauj\u0105 laisv\u0117s \u017eenkl\u0173 sistem\u0105 gal\u0117jo sukurti tik \u017emon\u0117s, turintys pilietin\u0117s nuovokos, gerai suprant\u0105 \u017emogaus ir valstyb\u0117s reik\u0161m\u0119 ir prasm\u0119, jau\u010diantys ir mokantys valdyti meno formas, sugebantys linijomis, d\u0117m\u0117mis ir spalv\u0173 plastika sukurti i\u0161kalbing\u0105 k\u016brin\u012f.<\/p>\n","protected":false},"featured_media":21471,"comment_status":"open","ping_status":"closed","template":"","meta":{"_acf_changed":false,"site-sidebar-layout":"default","site-content-layout":"","ast-site-content-layout":"default","site-content-style":"default","site-sidebar-style":"default","ast-global-header-display":"","ast-banner-title-visibility":"","ast-main-header-display":"","ast-hfb-above-header-display":"","ast-hfb-below-header-display":"","ast-hfb-mobile-header-display":"","site-post-title":"","ast-breadcrumbs-content":"","ast-featured-img":"","footer-sml-layout":"","ast-disable-related-posts":"","theme-transparent-header-meta":"","adv-header-id-meta":"","stick-header-meta":"","header-above-stick-meta":"","header-main-stick-meta":"","header-below-stick-meta":"","astra-migrate-meta-layouts":"default","ast-page-background-enabled":"default","ast-page-background-meta":{"desktop":{"background-color":"","background-image":"","background-repeat":"repeat","background-position":"center center","background-size":"auto","background-attachment":"scroll","background-type":"","background-media":"","overlay-type":"","overlay-color":"","overlay-opacity":"","overlay-gradient":""},"tablet":{"background-color":"","background-image":"","background-repeat":"repeat","background-position":"center center","background-size":"auto","background-attachment":"scroll","background-type":"","background-media":"","overlay-type":"","overlay-color":"","overlay-opacity":"","overlay-gradient":""},"mobile":{"background-color":"","background-image":"","background-repeat":"repeat","background-position":"center center","background-size":"auto","background-attachment":"scroll","background-type":"","background-media":"","overlay-type":"","overlay-color":"","overlay-opacity":"","overlay-gradient":""}},"ast-content-background-meta":{"desktop":{"background-color":"var(--ast-global-color-4)","background-image":"","background-repeat":"repeat","background-position":"center center","background-size":"auto","background-attachment":"scroll","background-type":"","background-media":"","overlay-type":"","overlay-color":"","overlay-opacity":"","overlay-gradient":""},"tablet":{"background-color":"var(--ast-global-color-4)","background-image":"","background-repeat":"repeat","background-position":"center center","background-size":"auto","background-attachment":"scroll","background-type":"","background-media":"","overlay-type":"","overlay-color":"","overlay-opacity":"","overlay-gradient":""},"mobile":{"background-color":"var(--ast-global-color-4)","background-image":"","background-repeat":"repeat","background-position":"center center","background-size":"auto","background-attachment":"scroll","background-type":"","background-media":"","overlay-type":"","overlay-color":"","overlay-opacity":"","overlay-gradient":""}}},"product_brand":[],"product_cat":[9862,174],"product_tag":[],"class_list":{"0":"post-21466","1":"product","2":"type-product","3":"status-publish","4":"has-post-thumbnail","6":"product_cat-lietuvos-istorija","7":"product_cat-istorija-ir-politologija","8":"desktop-align-left","9":"tablet-align-left","10":"mobile-align-left","12":"first","13":"outofstock","14":"shipping-taxable","15":"purchasable","16":"product-type-simple"},"acf":[],"yoast_head":"<!-- This site is optimized with the Yoast SEO plugin v27.0 - https:\/\/yoast.com\/product\/yoast-seo-wordpress\/ -->\n<title>Laisv\u0117s pa\u017eenklinti 1 tomas<\/title>\n<meta name=\"description\" content=\"Knyga, kaip enciklopedija ir kaip meno k\u016brinys, leid\u017eia suprasti, kok\u012f did\u017eiul\u012f ind\u0117l\u012f atkurtosios Lietuvos pamatams \u012fne\u0161\u0117 valstyb\u0117s simbolik\u0105 k\u016br\u0119\" \/>\n<meta name=\"robots\" content=\"index, follow, max-snippet:-1, max-image-preview:large, max-video-preview:-1\" \/>\n<link rel=\"canonical\" href=\"https:\/\/skaitytaknyga.lt\/en\/produktas\/laisves-pazenklinti-1-tomas\/\" \/>\n<meta property=\"og:locale\" content=\"en_GB\" \/>\n<meta property=\"og:locale:alternate\" content=\"lt_LT\" \/>\n<meta property=\"og:type\" content=\"article\" \/>\n<meta property=\"og:title\" content=\"Laisv\u0117s pa\u017eenklinti 1 tomas\" \/>\n<meta property=\"og:description\" content=\"Knyga, kaip enciklopedija ir kaip meno k\u016brinys, leid\u017eia suprasti, kok\u012f did\u017eiul\u012f ind\u0117l\u012f atkurtosios Lietuvos pamatams \u012fne\u0161\u0117 valstyb\u0117s simbolik\u0105 k\u016br\u0119\" \/>\n<meta property=\"og:url\" content=\"https:\/\/skaitytaknyga.lt\/en\/produktas\/laisves-pazenklinti-1-tomas\/\" \/>\n<meta property=\"og:site_name\" content=\"Skaitytaknyga\" \/>\n<meta property=\"article:publisher\" content=\"https:\/\/www.facebook.com\/skaitytaknyga\/\" \/>\n<meta property=\"article:modified_time\" content=\"2026-03-18T12:59:42+00:00\" \/>\n<meta property=\"og:image\" content=\"https:\/\/skaitytaknyga.lt\/wp-content\/uploads\/2025\/10\/Laisves-pazenklinti-1.webp\" \/>\n\t<meta property=\"og:image:width\" content=\"300\" \/>\n\t<meta property=\"og:image:height\" content=\"437\" \/>\n\t<meta property=\"og:image:type\" content=\"image\/webp\" \/>\n<meta name=\"twitter:card\" content=\"summary_large_image\" \/>\n<meta name=\"twitter:label1\" content=\"Estimated reading time\" \/>\n\t<meta name=\"twitter:data1\" content=\"1 minute\" \/>\n<script type=\"application\/ld+json\" class=\"yoast-schema-graph\">{\"@context\":\"https:\/\/schema.org\",\"@graph\":[{\"@type\":\"WebPage\",\"@id\":\"https:\/\/skaitytaknyga.lt\/produktas\/laisves-pazenklinti-1-tomas\/\",\"url\":\"https:\/\/skaitytaknyga.lt\/produktas\/laisves-pazenklinti-1-tomas\/\",\"name\":\"Laisv\u0117s pa\u017eenklinti 1 tomas\",\"isPartOf\":{\"@id\":\"https:\/\/skaitytaknyga.lt\/#website\"},\"primaryImageOfPage\":{\"@id\":\"https:\/\/skaitytaknyga.lt\/produktas\/laisves-pazenklinti-1-tomas\/#primaryimage\"},\"image\":{\"@id\":\"https:\/\/skaitytaknyga.lt\/produktas\/laisves-pazenklinti-1-tomas\/#primaryimage\"},\"thumbnailUrl\":\"https:\/\/skaitytaknyga.lt\/wp-content\/uploads\/2025\/10\/Laisves-pazenklinti-1.webp\",\"datePublished\":\"2025-10-11T15:28:34+00:00\",\"dateModified\":\"2026-03-18T12:59:42+00:00\",\"description\":\"Knyga, kaip enciklopedija ir kaip meno k\u016brinys, leid\u017eia suprasti, kok\u012f did\u017eiul\u012f ind\u0117l\u012f atkurtosios Lietuvos pamatams \u012fne\u0161\u0117 valstyb\u0117s simbolik\u0105 k\u016br\u0119\",\"breadcrumb\":{\"@id\":\"https:\/\/skaitytaknyga.lt\/produktas\/laisves-pazenklinti-1-tomas\/#breadcrumb\"},\"inLanguage\":\"en-GB\",\"potentialAction\":[{\"@type\":\"ReadAction\",\"target\":[\"https:\/\/skaitytaknyga.lt\/produktas\/laisves-pazenklinti-1-tomas\/\"]}]},{\"@type\":\"ImageObject\",\"inLanguage\":\"en-GB\",\"@id\":\"https:\/\/skaitytaknyga.lt\/produktas\/laisves-pazenklinti-1-tomas\/#primaryimage\",\"url\":\"https:\/\/skaitytaknyga.lt\/wp-content\/uploads\/2025\/10\/Laisves-pazenklinti-1.webp\",\"contentUrl\":\"https:\/\/skaitytaknyga.lt\/wp-content\/uploads\/2025\/10\/Laisves-pazenklinti-1.webp\",\"width\":300,\"height\":437,\"caption\":\"Laisv\u0117s pa\u017eenklinti\"},{\"@type\":\"BreadcrumbList\",\"@id\":\"https:\/\/skaitytaknyga.lt\/produktas\/laisves-pazenklinti-1-tomas\/#breadcrumb\",\"itemListElement\":[{\"@type\":\"ListItem\",\"position\":1,\"name\":\"Home\",\"item\":\"https:\/\/skaitytaknyga.lt\/\"},{\"@type\":\"ListItem\",\"position\":2,\"name\":\"Parduotuv\u0117\",\"item\":\"https:\/\/skaitytaknyga.lt\/knygu-parduotuve\/\"},{\"@type\":\"ListItem\",\"position\":3,\"name\":\"Laisv\u0117s pa\u017eenklinti 1 tomas\"}]},{\"@type\":\"WebSite\",\"@id\":\"https:\/\/skaitytaknyga.lt\/#website\",\"url\":\"https:\/\/skaitytaknyga.lt\/\",\"name\":\"skaitytaknyga.lt\",\"description\":\"Skaitytaknyga.lt \u2013 tai ma\u017eas \u0161eimos verslas, kuris prasid\u0117jo nuo meil\u0117s knygoms ir siekio i\u0161gelb\u0117ti knygas nuo likimo prie konteinerio. Kas vienam nereikalingas daiktas \u2013 kitam lobis, o mes esame tarpininkai, kurie padeda abiems tapti laimingesniems ???? \u017dinome kaip nelengva i\u0161gyventi ma\u017eiems verslams, tad nuo \u0161iol, \u010dia rasite ir kit\u0173, ma\u017e\u0173 \u0161eim\u0173 versl\u0173, rank\u0173 darbo, dovan\u0173 sau ir artimiesiems.\",\"publisher\":{\"@id\":\"https:\/\/skaitytaknyga.lt\/#organization\"},\"potentialAction\":[{\"@type\":\"SearchAction\",\"target\":{\"@type\":\"EntryPoint\",\"urlTemplate\":\"https:\/\/skaitytaknyga.lt\/?s={search_term_string}\"},\"query-input\":{\"@type\":\"PropertyValueSpecification\",\"valueRequired\":true,\"valueName\":\"search_term_string\"}}],\"inLanguage\":\"en-GB\"},{\"@type\":\"Organization\",\"@id\":\"https:\/\/skaitytaknyga.lt\/#organization\",\"name\":\"skaitytaknyga.lt\",\"url\":\"https:\/\/skaitytaknyga.lt\/\",\"logo\":{\"@type\":\"ImageObject\",\"inLanguage\":\"en-GB\",\"@id\":\"https:\/\/skaitytaknyga.lt\/#\/schema\/logo\/image\/\",\"url\":\"https:\/\/skaitytaknyga.lt\/wp-content\/uploads\/2024\/05\/cropped-cropped-cropped-02_00843_jt3bggkj1j3HLc7SyY6rEUpg.jpeg\",\"contentUrl\":\"https:\/\/skaitytaknyga.lt\/wp-content\/uploads\/2024\/05\/cropped-cropped-cropped-02_00843_jt3bggkj1j3HLc7SyY6rEUpg.jpeg\",\"width\":1600,\"height\":1600,\"caption\":\"skaitytaknyga.lt\"},\"image\":{\"@id\":\"https:\/\/skaitytaknyga.lt\/#\/schema\/logo\/image\/\"},\"sameAs\":[\"https:\/\/www.facebook.com\/skaitytaknyga\/\"]}]}<\/script>\n<!-- \/ Yoast SEO plugin. -->","yoast_head_json":{"title":"Laisv\u0117s pa\u017eenklinti 1 tomas","description":"Knyga, kaip enciklopedija ir kaip meno k\u016brinys, leid\u017eia suprasti, kok\u012f did\u017eiul\u012f ind\u0117l\u012f atkurtosios Lietuvos pamatams \u012fne\u0161\u0117 valstyb\u0117s simbolik\u0105 k\u016br\u0119","robots":{"index":"index","follow":"follow","max-snippet":"max-snippet:-1","max-image-preview":"max-image-preview:large","max-video-preview":"max-video-preview:-1"},"canonical":"https:\/\/skaitytaknyga.lt\/en\/produktas\/laisves-pazenklinti-1-tomas\/","og_locale":"en_GB","og_type":"article","og_title":"[:lt]Laisv\u0117s pa\u017eenklinti 1 tomas[:] - Skaitytaknyga","og_description":"Knyga, kaip enciklopedija ir kaip meno k\u016brinys, leid\u017eia suprasti, kok\u012f did\u017eiul\u012f ind\u0117l\u012f atkurtosios Lietuvos pamatams \u012fne\u0161\u0117 valstyb\u0117s simbolik\u0105 k\u016br\u0119","og_url":"https:\/\/skaitytaknyga.lt\/en\/produktas\/laisves-pazenklinti-1-tomas\/","og_site_name":"Skaitytaknyga","article_publisher":"https:\/\/www.facebook.com\/skaitytaknyga\/","article_modified_time":"2026-03-18T12:59:42+00:00","og_image":[{"width":300,"height":437,"url":"https:\/\/skaitytaknyga.lt\/wp-content\/uploads\/2025\/10\/Laisves-pazenklinti-1.webp","type":"image\/webp"}],"twitter_card":"summary_large_image","twitter_misc":{"Estimated reading time":"1 minute"},"schema":{"@context":"https:\/\/schema.org","@graph":[{"@type":"WebPage","@id":"https:\/\/skaitytaknyga.lt\/produktas\/laisves-pazenklinti-1-tomas\/","url":"https:\/\/skaitytaknyga.lt\/produktas\/laisves-pazenklinti-1-tomas\/","name":"Laisv\u0117s pa\u017eenklinti 1 tomas","isPartOf":{"@id":"https:\/\/skaitytaknyga.lt\/#website"},"primaryImageOfPage":{"@id":"https:\/\/skaitytaknyga.lt\/produktas\/laisves-pazenklinti-1-tomas\/#primaryimage"},"image":{"@id":"https:\/\/skaitytaknyga.lt\/produktas\/laisves-pazenklinti-1-tomas\/#primaryimage"},"thumbnailUrl":"https:\/\/skaitytaknyga.lt\/wp-content\/uploads\/2025\/10\/Laisves-pazenklinti-1.webp","datePublished":"2025-10-11T15:28:34+00:00","dateModified":"2026-03-18T12:59:42+00:00","description":"Knyga, kaip enciklopedija ir kaip meno k\u016brinys, leid\u017eia suprasti, kok\u012f did\u017eiul\u012f ind\u0117l\u012f atkurtosios Lietuvos pamatams \u012fne\u0161\u0117 valstyb\u0117s simbolik\u0105 k\u016br\u0119","breadcrumb":{"@id":"https:\/\/skaitytaknyga.lt\/produktas\/laisves-pazenklinti-1-tomas\/#breadcrumb"},"inLanguage":"en-GB","potentialAction":[{"@type":"ReadAction","target":["https:\/\/skaitytaknyga.lt\/produktas\/laisves-pazenklinti-1-tomas\/"]}]},{"@type":"ImageObject","inLanguage":"en-GB","@id":"https:\/\/skaitytaknyga.lt\/produktas\/laisves-pazenklinti-1-tomas\/#primaryimage","url":"https:\/\/skaitytaknyga.lt\/wp-content\/uploads\/2025\/10\/Laisves-pazenklinti-1.webp","contentUrl":"https:\/\/skaitytaknyga.lt\/wp-content\/uploads\/2025\/10\/Laisves-pazenklinti-1.webp","width":300,"height":437,"caption":"Laisv\u0117s pa\u017eenklinti"},{"@type":"BreadcrumbList","@id":"https:\/\/skaitytaknyga.lt\/produktas\/laisves-pazenklinti-1-tomas\/#breadcrumb","itemListElement":[{"@type":"ListItem","position":1,"name":"Home","item":"https:\/\/skaitytaknyga.lt\/"},{"@type":"ListItem","position":2,"name":"Parduotuv\u0117","item":"https:\/\/skaitytaknyga.lt\/knygu-parduotuve\/"},{"@type":"ListItem","position":3,"name":"Laisv\u0117s pa\u017eenklinti 1 tomas"}]},{"@type":"WebSite","@id":"https:\/\/skaitytaknyga.lt\/#website","url":"https:\/\/skaitytaknyga.lt\/","name":"skaitytaknyga.lt","description":"Skaitytaknyga.lt \u2013 tai ma\u017eas \u0161eimos verslas, kuris prasid\u0117jo nuo meil\u0117s knygoms ir siekio i\u0161gelb\u0117ti knygas nuo likimo prie konteinerio. Kas vienam nereikalingas daiktas \u2013 kitam lobis, o mes esame tarpininkai, kurie padeda abiems tapti laimingesniems ???? \u017dinome kaip nelengva i\u0161gyventi ma\u017eiems verslams, tad nuo \u0161iol, \u010dia rasite ir kit\u0173, ma\u017e\u0173 \u0161eim\u0173 versl\u0173, rank\u0173 darbo, dovan\u0173 sau ir artimiesiems.","publisher":{"@id":"https:\/\/skaitytaknyga.lt\/#organization"},"potentialAction":[{"@type":"SearchAction","target":{"@type":"EntryPoint","urlTemplate":"https:\/\/skaitytaknyga.lt\/?s={search_term_string}"},"query-input":{"@type":"PropertyValueSpecification","valueRequired":true,"valueName":"search_term_string"}}],"inLanguage":"en-GB"},{"@type":"Organization","@id":"https:\/\/skaitytaknyga.lt\/#organization","name":"skaitytaknyga.lt","url":"https:\/\/skaitytaknyga.lt\/","logo":{"@type":"ImageObject","inLanguage":"en-GB","@id":"https:\/\/skaitytaknyga.lt\/#\/schema\/logo\/image\/","url":"https:\/\/skaitytaknyga.lt\/wp-content\/uploads\/2024\/05\/cropped-cropped-cropped-02_00843_jt3bggkj1j3HLc7SyY6rEUpg.jpeg","contentUrl":"https:\/\/skaitytaknyga.lt\/wp-content\/uploads\/2024\/05\/cropped-cropped-cropped-02_00843_jt3bggkj1j3HLc7SyY6rEUpg.jpeg","width":1600,"height":1600,"caption":"skaitytaknyga.lt"},"image":{"@id":"https:\/\/skaitytaknyga.lt\/#\/schema\/logo\/image\/"},"sameAs":["https:\/\/www.facebook.com\/skaitytaknyga\/"]}]}},"_links":{"self":[{"href":"https:\/\/skaitytaknyga.lt\/en\/wp-json\/wp\/v2\/product\/21466","targetHints":{"allow":["GET"]}}],"collection":[{"href":"https:\/\/skaitytaknyga.lt\/en\/wp-json\/wp\/v2\/product"}],"about":[{"href":"https:\/\/skaitytaknyga.lt\/en\/wp-json\/wp\/v2\/types\/product"}],"replies":[{"embeddable":true,"href":"https:\/\/skaitytaknyga.lt\/en\/wp-json\/wp\/v2\/comments?post=21466"}],"wp:featuredmedia":[{"embeddable":true,"href":"https:\/\/skaitytaknyga.lt\/en\/wp-json\/wp\/v2\/media\/21471"}],"wp:attachment":[{"href":"https:\/\/skaitytaknyga.lt\/en\/wp-json\/wp\/v2\/media?parent=21466"}],"wp:term":[{"taxonomy":"product_brand","embeddable":true,"href":"https:\/\/skaitytaknyga.lt\/en\/wp-json\/wp\/v2\/product_brand?post=21466"},{"taxonomy":"product_cat","embeddable":true,"href":"https:\/\/skaitytaknyga.lt\/en\/wp-json\/wp\/v2\/product_cat?post=21466"},{"taxonomy":"product_tag","embeddable":true,"href":"https:\/\/skaitytaknyga.lt\/en\/wp-json\/wp\/v2\/product_tag?post=21466"}],"curies":[{"name":"wp","href":"https:\/\/api.w.org\/{rel}","templated":true}]}}