{"id":21458,"date":"2025-10-11T18:10:07","date_gmt":"2025-10-11T15:10:07","guid":{"rendered":"https:\/\/skaitytaknyga.lt\/?post_type=product&#038;p=21458"},"modified":"2026-03-18T20:03:21","modified_gmt":"2026-03-18T18:03:21","slug":"architektas-edmundas-arbas-arbaciauskas-architektura-tapyba-piesiniai","status":"publish","type":"product","link":"https:\/\/skaitytaknyga.lt\/en\/produktas\/architektas-edmundas-arbas-arbaciauskas-architektura-tapyba-piesiniai\/","title":{"rendered":"Architektas Edmundas Arbas-Arba\u010diauskas: architekt\u016bra, tapyba, pie\u0161iniai"},"content":{"rendered":"<p>Edmundas Arbas-Arba\u010diauskas (1915 m. bir\u017eelio 26 d. Karsakai, \u017dasli\u0173 vals\u010dius \u2013 2004 m. liepos 31 d. Santa Monika, JAV) \u2013 Lietuvos architektas, dailininkas.<\/p>\n<p>Edmundas Arbas-Arba\u010diauskas 1938-1944 m. dirbo Lietuvos susisiekimo ministerijoje, Pramon\u0117s statybos treste, statybos bendrov\u0117je. Naci\u0173 okupacijos metais dalyvavo pogrindin\u0117je veikloje, priklaus\u0117 K\u0119stu\u010dio organizacijos \u0161tabui, r\u016bpinosi pogrindin\u0117s spaudos leidimu. Pasitrauk\u0119s i\u0161 Lietuvos 1944-1947 m. studijavo architekt\u016br\u0105 Vienos ir \u0160tutgarto auk\u0161tosiose technikos mokyklose. Persik\u0117l\u0119s \u012f JAV 1950 m. baig\u0117 Laurenco technologijos universitet\u0105 Detroite. Dirbo architekt\u0173 E. Saarineno, E. D. Stono projektavimo bendrov\u0117se. Projektavo daugiausia gyvenamuosius namus, bank\u0173, universitet\u0173 pastat\u0173 kompleksus. Pastatuose derino istorijos elementus ir neomodernistin\u0119 architekt\u016br\u0105. Suprojektavo ir lietuvi\u0173 liaudies architekt\u016brai artim\u0173 statini\u0173 Los And\u017eele (\u0160v. Jono ir \u0160v. Kazimiero koply\u010dios, Laisv\u0117s aukuras). Pasaulio lietuvi\u0173 in\u017einieri\u0173 ir architekt\u0173 s\u0105jungos centro valdybos, Amerikos architekt\u0173 instituto narys.<\/p>\n","protected":false},"excerpt":{"rendered":"<p>Edmundas Arbas-Arba\u010diauskas (1915 m. bir\u017eelio 26 d. Karsakai, \u017dasli\u0173 vals\u010dius \u2013 2004 m. liepos 31 d. Santa Monika, JAV) \u2013 Lietuvos architektas, dailininkas. Edmundas Arbas-Arba\u010diauskas 1938-1944 m. dirbo Lietuvos susisiekimo ministerijoje, Pramon\u0117s statybos treste, statybos bendrov\u0117je. Naci\u0173 okupacijos metais dalyvavo pogrindin\u0117je veikloje, priklaus\u0117 K\u0119stu\u010dio organizacijos \u0161tabui, r\u016bpinosi pogrindin\u0117s spaudos leidimu. Pasitrauk\u0119s i\u0161 Lietuvos 1944-1947 m. studijavo architekt\u016br\u0105 Vienos ir \u0160tutgarto auk\u0161tosiose technikos mokyklose. Persik\u0117l\u0119s \u012f JAV 1950 m. baig\u0117 Laurenco technologijos universitet\u0105 Detroite. Dirbo architekt\u0173 E. Saarineno, E. D. Stono projektavimo bendrov\u0117se. Projektavo daugiausia gyvenamuosius namus, bank\u0173, universitet\u0173 pastat\u0173 kompleksus. Pastatuose derino istorijos elementus ir neomodernistin\u0119 architekt\u016br\u0105. Suprojektavo ir lietuvi\u0173 liaudies architekt\u016brai artim\u0173 statini\u0173 Los And\u017eele (\u0160v. Jono ir \u0160v. Kazimiero koply\u010dios, Laisv\u0117s aukuras). Pasaulio lietuvi\u0173 in\u017einieri\u0173 ir architekt\u0173 s\u0105jungos centro valdybos, Amerikos architekt\u0173 instituto narys.<\/p>\n","protected":false},"featured_media":21463,"comment_status":"open","ping_status":"closed","template":"","meta":{"_acf_changed":false,"site-sidebar-layout":"default","site-content-layout":"","ast-site-content-layout":"default","site-content-style":"default","site-sidebar-style":"default","ast-global-header-display":"","ast-banner-title-visibility":"","ast-main-header-display":"","ast-hfb-above-header-display":"","ast-hfb-below-header-display":"","ast-hfb-mobile-header-display":"","site-post-title":"","ast-breadcrumbs-content":"","ast-featured-img":"","footer-sml-layout":"","ast-disable-related-posts":"","theme-transparent-header-meta":"","adv-header-id-meta":"","stick-header-meta":"","header-above-stick-meta":"","header-main-stick-meta":"","header-below-stick-meta":"","astra-migrate-meta-layouts":"default","ast-page-background-enabled":"default","ast-page-background-meta":{"desktop":{"background-color":"","background-image":"","background-repeat":"repeat","background-position":"center center","background-size":"auto","background-attachment":"scroll","background-type":"","background-media":"","overlay-type":"","overlay-color":"","overlay-opacity":"","overlay-gradient":""},"tablet":{"background-color":"","background-image":"","background-repeat":"repeat","background-position":"center center","background-size":"auto","background-attachment":"scroll","background-type":"","background-media":"","overlay-type":"","overlay-color":"","overlay-opacity":"","overlay-gradient":""},"mobile":{"background-color":"","background-image":"","background-repeat":"repeat","background-position":"center center","background-size":"auto","background-attachment":"scroll","background-type":"","background-media":"","overlay-type":"","overlay-color":"","overlay-opacity":"","overlay-gradient":""}},"ast-content-background-meta":{"desktop":{"background-color":"var(--ast-global-color-4)","background-image":"","background-repeat":"repeat","background-position":"center center","background-size":"auto","background-attachment":"scroll","background-type":"","background-media":"","overlay-type":"","overlay-color":"","overlay-opacity":"","overlay-gradient":""},"tablet":{"background-color":"var(--ast-global-color-4)","background-image":"","background-repeat":"repeat","background-position":"center center","background-size":"auto","background-attachment":"scroll","background-type":"","background-media":"","overlay-type":"","overlay-color":"","overlay-opacity":"","overlay-gradient":""},"mobile":{"background-color":"var(--ast-global-color-4)","background-image":"","background-repeat":"repeat","background-position":"center center","background-size":"auto","background-attachment":"scroll","background-type":"","background-media":"","overlay-type":"","overlay-color":"","overlay-opacity":"","overlay-gradient":""}}},"product_brand":[],"product_cat":[9871,57],"product_tag":[],"class_list":{"0":"post-21458","1":"product","2":"type-product","3":"status-publish","4":"has-post-thumbnail","6":"product_cat-tapyba-ir-daile","7":"product_cat-menas-ir-albumai","8":"desktop-align-left","9":"tablet-align-left","10":"mobile-align-left","12":"first","13":"instock","14":"shipping-taxable","15":"purchasable","16":"product-type-simple"},"acf":[],"yoast_head":"<!-- This site is optimized with the Yoast SEO plugin v27.0 - https:\/\/yoast.com\/product\/yoast-seo-wordpress\/ -->\n<title>Architektas Edmundas Arbas-Arba\u010diauskas: architekt\u016bra, tapyba, pie\u0161iniai<\/title>\n<meta name=\"description\" content=\"Edmundas Arbas-Arba\u010diauskas (1915 m. bir\u017eelio 26 d. Karsakai, \u017dasli\u0173 vals\u010dius \u2013 2004 m. liepos 31 d. Santa Monika, JAV) \u2013 Lietuvos architektas,\" \/>\n<meta name=\"robots\" content=\"index, follow, max-snippet:-1, max-image-preview:large, max-video-preview:-1\" \/>\n<link rel=\"canonical\" href=\"https:\/\/skaitytaknyga.lt\/en\/produktas\/architektas-edmundas-arbas-arbaciauskas-architektura-tapyba-piesiniai\/\" \/>\n<meta property=\"og:locale\" content=\"en_GB\" \/>\n<meta property=\"og:locale:alternate\" content=\"lt_LT\" \/>\n<meta property=\"og:type\" content=\"article\" \/>\n<meta property=\"og:title\" content=\"Architektas Edmundas Arbas-Arba\u010diauskas: architekt\u016bra, tapyba, pie\u0161iniai\" \/>\n<meta property=\"og:description\" content=\"Edmundas Arbas-Arba\u010diauskas (1915 m. bir\u017eelio 26 d. Karsakai, \u017dasli\u0173 vals\u010dius \u2013 2004 m. liepos 31 d. Santa Monika, JAV) \u2013 Lietuvos architektas,\" \/>\n<meta property=\"og:url\" content=\"https:\/\/skaitytaknyga.lt\/en\/produktas\/architektas-edmundas-arbas-arbaciauskas-architektura-tapyba-piesiniai\/\" \/>\n<meta property=\"og:site_name\" content=\"Skaitytaknyga\" \/>\n<meta property=\"article:publisher\" content=\"https:\/\/www.facebook.com\/skaitytaknyga\/\" \/>\n<meta property=\"article:modified_time\" content=\"2026-03-18T18:03:21+00:00\" \/>\n<meta property=\"og:image\" content=\"https:\/\/skaitytaknyga.lt\/wp-content\/uploads\/2025\/10\/Architektas-Edmundas-Arbas-Arbaciauskas-architektura-tapyba-piesiniai-1.webp\" \/>\n\t<meta property=\"og:image:width\" content=\"300\" \/>\n\t<meta property=\"og:image:height\" content=\"403\" \/>\n\t<meta property=\"og:image:type\" content=\"image\/webp\" \/>\n<meta name=\"twitter:card\" content=\"summary_large_image\" \/>\n<meta name=\"twitter:label1\" content=\"Estimated reading time\" \/>\n\t<meta name=\"twitter:data1\" content=\"1 minute\" \/>\n<script type=\"application\/ld+json\" class=\"yoast-schema-graph\">{\"@context\":\"https:\/\/schema.org\",\"@graph\":[{\"@type\":\"WebPage\",\"@id\":\"https:\/\/skaitytaknyga.lt\/produktas\/architektas-edmundas-arbas-arbaciauskas-architektura-tapyba-piesiniai\/\",\"url\":\"https:\/\/skaitytaknyga.lt\/produktas\/architektas-edmundas-arbas-arbaciauskas-architektura-tapyba-piesiniai\/\",\"name\":\"Architektas Edmundas Arbas-Arba\u010diauskas: architekt\u016bra, tapyba, pie\u0161iniai\",\"isPartOf\":{\"@id\":\"https:\/\/skaitytaknyga.lt\/#website\"},\"primaryImageOfPage\":{\"@id\":\"https:\/\/skaitytaknyga.lt\/produktas\/architektas-edmundas-arbas-arbaciauskas-architektura-tapyba-piesiniai\/#primaryimage\"},\"image\":{\"@id\":\"https:\/\/skaitytaknyga.lt\/produktas\/architektas-edmundas-arbas-arbaciauskas-architektura-tapyba-piesiniai\/#primaryimage\"},\"thumbnailUrl\":\"https:\/\/skaitytaknyga.lt\/wp-content\/uploads\/2025\/10\/Architektas-Edmundas-Arbas-Arbaciauskas-architektura-tapyba-piesiniai-1.webp\",\"datePublished\":\"2025-10-11T15:10:07+00:00\",\"dateModified\":\"2026-03-18T18:03:21+00:00\",\"description\":\"Edmundas Arbas-Arba\u010diauskas (1915 m. bir\u017eelio 26 d. Karsakai, \u017dasli\u0173 vals\u010dius \u2013 2004 m. liepos 31 d. Santa Monika, JAV) \u2013 Lietuvos architektas,\",\"breadcrumb\":{\"@id\":\"https:\/\/skaitytaknyga.lt\/produktas\/architektas-edmundas-arbas-arbaciauskas-architektura-tapyba-piesiniai\/#breadcrumb\"},\"inLanguage\":\"en-GB\",\"potentialAction\":[{\"@type\":\"ReadAction\",\"target\":[\"https:\/\/skaitytaknyga.lt\/produktas\/architektas-edmundas-arbas-arbaciauskas-architektura-tapyba-piesiniai\/\"]}]},{\"@type\":\"ImageObject\",\"inLanguage\":\"en-GB\",\"@id\":\"https:\/\/skaitytaknyga.lt\/produktas\/architektas-edmundas-arbas-arbaciauskas-architektura-tapyba-piesiniai\/#primaryimage\",\"url\":\"https:\/\/skaitytaknyga.lt\/wp-content\/uploads\/2025\/10\/Architektas-Edmundas-Arbas-Arbaciauskas-architektura-tapyba-piesiniai-1.webp\",\"contentUrl\":\"https:\/\/skaitytaknyga.lt\/wp-content\/uploads\/2025\/10\/Architektas-Edmundas-Arbas-Arbaciauskas-architektura-tapyba-piesiniai-1.webp\",\"width\":300,\"height\":403,\"caption\":\"Architektas Edmundas Arbas-Arba\u010diauskas: architekt\u016bra, tapyba, pie\u0161iniai (\"},{\"@type\":\"BreadcrumbList\",\"@id\":\"https:\/\/skaitytaknyga.lt\/produktas\/architektas-edmundas-arbas-arbaciauskas-architektura-tapyba-piesiniai\/#breadcrumb\",\"itemListElement\":[{\"@type\":\"ListItem\",\"position\":1,\"name\":\"Home\",\"item\":\"https:\/\/skaitytaknyga.lt\/\"},{\"@type\":\"ListItem\",\"position\":2,\"name\":\"Parduotuv\u0117\",\"item\":\"https:\/\/skaitytaknyga.lt\/knygu-parduotuve\/\"},{\"@type\":\"ListItem\",\"position\":3,\"name\":\"Architektas Edmundas Arbas-Arba\u010diauskas: architekt\u016bra, tapyba, pie\u0161iniai\"}]},{\"@type\":\"WebSite\",\"@id\":\"https:\/\/skaitytaknyga.lt\/#website\",\"url\":\"https:\/\/skaitytaknyga.lt\/\",\"name\":\"skaitytaknyga.lt\",\"description\":\"Skaitytaknyga.lt \u2013 tai ma\u017eas \u0161eimos verslas, kuris prasid\u0117jo nuo meil\u0117s knygoms ir siekio i\u0161gelb\u0117ti knygas nuo likimo prie konteinerio. Kas vienam nereikalingas daiktas \u2013 kitam lobis, o mes esame tarpininkai, kurie padeda abiems tapti laimingesniems ???? \u017dinome kaip nelengva i\u0161gyventi ma\u017eiems verslams, tad nuo \u0161iol, \u010dia rasite ir kit\u0173, ma\u017e\u0173 \u0161eim\u0173 versl\u0173, rank\u0173 darbo, dovan\u0173 sau ir artimiesiems.\",\"publisher\":{\"@id\":\"https:\/\/skaitytaknyga.lt\/#organization\"},\"potentialAction\":[{\"@type\":\"SearchAction\",\"target\":{\"@type\":\"EntryPoint\",\"urlTemplate\":\"https:\/\/skaitytaknyga.lt\/?s={search_term_string}\"},\"query-input\":{\"@type\":\"PropertyValueSpecification\",\"valueRequired\":true,\"valueName\":\"search_term_string\"}}],\"inLanguage\":\"en-GB\"},{\"@type\":\"Organization\",\"@id\":\"https:\/\/skaitytaknyga.lt\/#organization\",\"name\":\"skaitytaknyga.lt\",\"url\":\"https:\/\/skaitytaknyga.lt\/\",\"logo\":{\"@type\":\"ImageObject\",\"inLanguage\":\"en-GB\",\"@id\":\"https:\/\/skaitytaknyga.lt\/#\/schema\/logo\/image\/\",\"url\":\"https:\/\/skaitytaknyga.lt\/wp-content\/uploads\/2024\/05\/cropped-cropped-cropped-02_00843_jt3bggkj1j3HLc7SyY6rEUpg.jpeg\",\"contentUrl\":\"https:\/\/skaitytaknyga.lt\/wp-content\/uploads\/2024\/05\/cropped-cropped-cropped-02_00843_jt3bggkj1j3HLc7SyY6rEUpg.jpeg\",\"width\":1600,\"height\":1600,\"caption\":\"skaitytaknyga.lt\"},\"image\":{\"@id\":\"https:\/\/skaitytaknyga.lt\/#\/schema\/logo\/image\/\"},\"sameAs\":[\"https:\/\/www.facebook.com\/skaitytaknyga\/\"]}]}<\/script>\n<!-- \/ Yoast SEO plugin. -->","yoast_head_json":{"title":"Architektas Edmundas Arbas-Arba\u010diauskas: architekt\u016bra, tapyba, pie\u0161iniai","description":"Edmundas Arbas-Arba\u010diauskas (1915 m. bir\u017eelio 26 d. Karsakai, \u017dasli\u0173 vals\u010dius \u2013 2004 m. liepos 31 d. Santa Monika, JAV) \u2013 Lietuvos architektas,","robots":{"index":"index","follow":"follow","max-snippet":"max-snippet:-1","max-image-preview":"max-image-preview:large","max-video-preview":"max-video-preview:-1"},"canonical":"https:\/\/skaitytaknyga.lt\/en\/produktas\/architektas-edmundas-arbas-arbaciauskas-architektura-tapyba-piesiniai\/","og_locale":"en_GB","og_type":"article","og_title":"[:lt]Architektas Edmundas Arbas-Arba\u010diauskas: architekt\u016bra, tapyba, pie\u0161iniai[:] - Skaitytaknyga","og_description":"Edmundas Arbas-Arba\u010diauskas (1915 m. bir\u017eelio 26 d. Karsakai, \u017dasli\u0173 vals\u010dius \u2013 2004 m. liepos 31 d. Santa Monika, JAV) \u2013 Lietuvos architektas,","og_url":"https:\/\/skaitytaknyga.lt\/en\/produktas\/architektas-edmundas-arbas-arbaciauskas-architektura-tapyba-piesiniai\/","og_site_name":"Skaitytaknyga","article_publisher":"https:\/\/www.facebook.com\/skaitytaknyga\/","article_modified_time":"2026-03-18T18:03:21+00:00","og_image":[{"width":300,"height":403,"url":"https:\/\/skaitytaknyga.lt\/wp-content\/uploads\/2025\/10\/Architektas-Edmundas-Arbas-Arbaciauskas-architektura-tapyba-piesiniai-1.webp","type":"image\/webp"}],"twitter_card":"summary_large_image","twitter_misc":{"Estimated reading time":"1 minute"},"schema":{"@context":"https:\/\/schema.org","@graph":[{"@type":"WebPage","@id":"https:\/\/skaitytaknyga.lt\/produktas\/architektas-edmundas-arbas-arbaciauskas-architektura-tapyba-piesiniai\/","url":"https:\/\/skaitytaknyga.lt\/produktas\/architektas-edmundas-arbas-arbaciauskas-architektura-tapyba-piesiniai\/","name":"Architektas Edmundas Arbas-Arba\u010diauskas: architekt\u016bra, tapyba, pie\u0161iniai","isPartOf":{"@id":"https:\/\/skaitytaknyga.lt\/#website"},"primaryImageOfPage":{"@id":"https:\/\/skaitytaknyga.lt\/produktas\/architektas-edmundas-arbas-arbaciauskas-architektura-tapyba-piesiniai\/#primaryimage"},"image":{"@id":"https:\/\/skaitytaknyga.lt\/produktas\/architektas-edmundas-arbas-arbaciauskas-architektura-tapyba-piesiniai\/#primaryimage"},"thumbnailUrl":"https:\/\/skaitytaknyga.lt\/wp-content\/uploads\/2025\/10\/Architektas-Edmundas-Arbas-Arbaciauskas-architektura-tapyba-piesiniai-1.webp","datePublished":"2025-10-11T15:10:07+00:00","dateModified":"2026-03-18T18:03:21+00:00","description":"Edmundas Arbas-Arba\u010diauskas (1915 m. bir\u017eelio 26 d. Karsakai, \u017dasli\u0173 vals\u010dius \u2013 2004 m. liepos 31 d. Santa Monika, JAV) \u2013 Lietuvos architektas,","breadcrumb":{"@id":"https:\/\/skaitytaknyga.lt\/produktas\/architektas-edmundas-arbas-arbaciauskas-architektura-tapyba-piesiniai\/#breadcrumb"},"inLanguage":"en-GB","potentialAction":[{"@type":"ReadAction","target":["https:\/\/skaitytaknyga.lt\/produktas\/architektas-edmundas-arbas-arbaciauskas-architektura-tapyba-piesiniai\/"]}]},{"@type":"ImageObject","inLanguage":"en-GB","@id":"https:\/\/skaitytaknyga.lt\/produktas\/architektas-edmundas-arbas-arbaciauskas-architektura-tapyba-piesiniai\/#primaryimage","url":"https:\/\/skaitytaknyga.lt\/wp-content\/uploads\/2025\/10\/Architektas-Edmundas-Arbas-Arbaciauskas-architektura-tapyba-piesiniai-1.webp","contentUrl":"https:\/\/skaitytaknyga.lt\/wp-content\/uploads\/2025\/10\/Architektas-Edmundas-Arbas-Arbaciauskas-architektura-tapyba-piesiniai-1.webp","width":300,"height":403,"caption":"Architektas Edmundas Arbas-Arba\u010diauskas: architekt\u016bra, tapyba, pie\u0161iniai ("},{"@type":"BreadcrumbList","@id":"https:\/\/skaitytaknyga.lt\/produktas\/architektas-edmundas-arbas-arbaciauskas-architektura-tapyba-piesiniai\/#breadcrumb","itemListElement":[{"@type":"ListItem","position":1,"name":"Home","item":"https:\/\/skaitytaknyga.lt\/"},{"@type":"ListItem","position":2,"name":"Parduotuv\u0117","item":"https:\/\/skaitytaknyga.lt\/knygu-parduotuve\/"},{"@type":"ListItem","position":3,"name":"Architektas Edmundas Arbas-Arba\u010diauskas: architekt\u016bra, tapyba, pie\u0161iniai"}]},{"@type":"WebSite","@id":"https:\/\/skaitytaknyga.lt\/#website","url":"https:\/\/skaitytaknyga.lt\/","name":"skaitytaknyga.lt","description":"Skaitytaknyga.lt \u2013 tai ma\u017eas \u0161eimos verslas, kuris prasid\u0117jo nuo meil\u0117s knygoms ir siekio i\u0161gelb\u0117ti knygas nuo likimo prie konteinerio. Kas vienam nereikalingas daiktas \u2013 kitam lobis, o mes esame tarpininkai, kurie padeda abiems tapti laimingesniems ???? \u017dinome kaip nelengva i\u0161gyventi ma\u017eiems verslams, tad nuo \u0161iol, \u010dia rasite ir kit\u0173, ma\u017e\u0173 \u0161eim\u0173 versl\u0173, rank\u0173 darbo, dovan\u0173 sau ir artimiesiems.","publisher":{"@id":"https:\/\/skaitytaknyga.lt\/#organization"},"potentialAction":[{"@type":"SearchAction","target":{"@type":"EntryPoint","urlTemplate":"https:\/\/skaitytaknyga.lt\/?s={search_term_string}"},"query-input":{"@type":"PropertyValueSpecification","valueRequired":true,"valueName":"search_term_string"}}],"inLanguage":"en-GB"},{"@type":"Organization","@id":"https:\/\/skaitytaknyga.lt\/#organization","name":"skaitytaknyga.lt","url":"https:\/\/skaitytaknyga.lt\/","logo":{"@type":"ImageObject","inLanguage":"en-GB","@id":"https:\/\/skaitytaknyga.lt\/#\/schema\/logo\/image\/","url":"https:\/\/skaitytaknyga.lt\/wp-content\/uploads\/2024\/05\/cropped-cropped-cropped-02_00843_jt3bggkj1j3HLc7SyY6rEUpg.jpeg","contentUrl":"https:\/\/skaitytaknyga.lt\/wp-content\/uploads\/2024\/05\/cropped-cropped-cropped-02_00843_jt3bggkj1j3HLc7SyY6rEUpg.jpeg","width":1600,"height":1600,"caption":"skaitytaknyga.lt"},"image":{"@id":"https:\/\/skaitytaknyga.lt\/#\/schema\/logo\/image\/"},"sameAs":["https:\/\/www.facebook.com\/skaitytaknyga\/"]}]}},"_links":{"self":[{"href":"https:\/\/skaitytaknyga.lt\/en\/wp-json\/wp\/v2\/product\/21458","targetHints":{"allow":["GET"]}}],"collection":[{"href":"https:\/\/skaitytaknyga.lt\/en\/wp-json\/wp\/v2\/product"}],"about":[{"href":"https:\/\/skaitytaknyga.lt\/en\/wp-json\/wp\/v2\/types\/product"}],"replies":[{"embeddable":true,"href":"https:\/\/skaitytaknyga.lt\/en\/wp-json\/wp\/v2\/comments?post=21458"}],"wp:featuredmedia":[{"embeddable":true,"href":"https:\/\/skaitytaknyga.lt\/en\/wp-json\/wp\/v2\/media\/21463"}],"wp:attachment":[{"href":"https:\/\/skaitytaknyga.lt\/en\/wp-json\/wp\/v2\/media?parent=21458"}],"wp:term":[{"taxonomy":"product_brand","embeddable":true,"href":"https:\/\/skaitytaknyga.lt\/en\/wp-json\/wp\/v2\/product_brand?post=21458"},{"taxonomy":"product_cat","embeddable":true,"href":"https:\/\/skaitytaknyga.lt\/en\/wp-json\/wp\/v2\/product_cat?post=21458"},{"taxonomy":"product_tag","embeddable":true,"href":"https:\/\/skaitytaknyga.lt\/en\/wp-json\/wp\/v2\/product_tag?post=21458"}],"curies":[{"name":"wp","href":"https:\/\/api.w.org\/{rel}","templated":true}]}}