{"id":21448,"date":"2025-10-10T19:52:09","date_gmt":"2025-10-10T16:52:09","guid":{"rendered":"https:\/\/skaitytaknyga.lt\/?post_type=product&#038;p=21448"},"modified":"2026-03-18T14:58:13","modified_gmt":"2026-03-18T12:58:13","slug":"stalino-jaunyste","status":"publish","type":"product","link":"https:\/\/skaitytaknyga.lt\/en\/produktas\/stalino-jaunyste\/","title":{"rendered":"Stalino jaunyst\u0117"},"content":{"rendered":"<p>Pirm\u0105 kart\u0105 savo knygoje Simonas Sebagas Montefiore atskleid\u017eia, kaip jaunas pl\u0117\u0161ikas Josifas Stalinas, nesibaid\u0119s bank\u0173 pl\u0117\u0161imo, \u0161anta\u017eo ir \u017emog\u017eudys\u010di\u0173, virto kraujo i\u0161tro\u0161kusiu diktatoriumi, bebaimiu karved\u017eiu, genialiu strategu ir politiku.<\/p>\n<p>Despot\u0105 galima atpa\u017einti labai anksti: draugai virsta prie\u0161ais, be skrupul\u0173 manipuliuojama \u017emon\u0117mis, paranojos daigeliai krinta \u012f derling\u0105 dirv\u0105, o spalvinga, nuotyki\u0173 romano verta jaunyst\u0117 rodo ne tik \u017eiaurum\u0105 ir klast\u0105, bet ir puik\u0173 i\u0161silavinim\u0105, poetin\u012f talent\u0105, pasaulio bei \u017emoni\u0173 pa\u017einim\u0105.<\/p>\n<p>Norint suprasti blog\u012f, b\u016btina apnuoginti jo \u0161akn\u012f. S. S. Montefiore knyga &#8211; tai nepaprastai i\u0161samiais moksliniais tyrimais ir Ryt\u0173 blokui neprieinamais \u0161altiniais paremta istorija apie vien\u0105 prie\u0161taringiausi\u0173 XX a. asmenybi\u0173. Tai naujas \u012f\u017eymiojo Vakar\u0173 Europos mokslininko po\u017ei\u016bris \u012f Stalino jaunyst\u0119.<\/p>\n","protected":false},"excerpt":{"rendered":"<p>Pirm\u0105 kart\u0105 savo knygoje Simonas Sebagas Montefiore atskleid\u017eia, kaip jaunas pl\u0117\u0161ikas Josifas Stalinas, nesibaid\u0119s bank\u0173 pl\u0117\u0161imo, \u0161anta\u017eo ir \u017emog\u017eudys\u010di\u0173, virto kraujo i\u0161tro\u0161kusiu diktatoriumi, bebaimiu karved\u017eiu, genialiu strategu ir politiku. Despot\u0105 galima atpa\u017einti labai anksti: draugai virsta prie\u0161ais, be skrupul\u0173 manipuliuojama \u017emon\u0117mis, paranojos daigeliai krinta \u012f derling\u0105 dirv\u0105, o spalvinga, nuotyki\u0173 romano verta jaunyst\u0117 rodo ne tik \u017eiaurum\u0105 ir klast\u0105, bet ir puik\u0173 i\u0161silavinim\u0105, poetin\u012f talent\u0105, pasaulio bei \u017emoni\u0173 pa\u017einim\u0105. Norint suprasti blog\u012f, b\u016btina apnuoginti jo \u0161akn\u012f. S. S. Montefiore knyga &#8211; tai nepaprastai i\u0161samiais moksliniais tyrimais ir Ryt\u0173 blokui neprieinamais \u0161altiniais paremta istorija apie vien\u0105 prie\u0161taringiausi\u0173 XX a. asmenybi\u0173. Tai naujas \u012f\u017eymiojo Vakar\u0173 Europos mokslininko po\u017ei\u016bris \u012f Stalino jaunyst\u0119.<\/p>\n","protected":false},"featured_media":21455,"comment_status":"open","ping_status":"closed","template":"","meta":{"_acf_changed":false,"site-sidebar-layout":"default","site-content-layout":"","ast-site-content-layout":"default","site-content-style":"default","site-sidebar-style":"default","ast-global-header-display":"","ast-banner-title-visibility":"","ast-main-header-display":"","ast-hfb-above-header-display":"","ast-hfb-below-header-display":"","ast-hfb-mobile-header-display":"","site-post-title":"","ast-breadcrumbs-content":"","ast-featured-img":"","footer-sml-layout":"","ast-disable-related-posts":"","theme-transparent-header-meta":"","adv-header-id-meta":"","stick-header-meta":"","header-above-stick-meta":"","header-main-stick-meta":"","header-below-stick-meta":"","astra-migrate-meta-layouts":"default","ast-page-background-enabled":"default","ast-page-background-meta":{"desktop":{"background-color":"","background-image":"","background-repeat":"repeat","background-position":"center center","background-size":"auto","background-attachment":"scroll","background-type":"","background-media":"","overlay-type":"","overlay-color":"","overlay-opacity":"","overlay-gradient":""},"tablet":{"background-color":"","background-image":"","background-repeat":"repeat","background-position":"center center","background-size":"auto","background-attachment":"scroll","background-type":"","background-media":"","overlay-type":"","overlay-color":"","overlay-opacity":"","overlay-gradient":""},"mobile":{"background-color":"","background-image":"","background-repeat":"repeat","background-position":"center center","background-size":"auto","background-attachment":"scroll","background-type":"","background-media":"","overlay-type":"","overlay-color":"","overlay-opacity":"","overlay-gradient":""}},"ast-content-background-meta":{"desktop":{"background-color":"var(--ast-global-color-4)","background-image":"","background-repeat":"repeat","background-position":"center center","background-size":"auto","background-attachment":"scroll","background-type":"","background-media":"","overlay-type":"","overlay-color":"","overlay-opacity":"","overlay-gradient":""},"tablet":{"background-color":"var(--ast-global-color-4)","background-image":"","background-repeat":"repeat","background-position":"center center","background-size":"auto","background-attachment":"scroll","background-type":"","background-media":"","overlay-type":"","overlay-color":"","overlay-opacity":"","overlay-gradient":""},"mobile":{"background-color":"var(--ast-global-color-4)","background-image":"","background-repeat":"repeat","background-position":"center center","background-size":"auto","background-attachment":"scroll","background-type":"","background-media":"","overlay-type":"","overlay-color":"","overlay-opacity":"","overlay-gradient":""}}},"product_brand":[],"product_cat":[9864,33,174],"product_tag":[],"class_list":{"0":"post-21448","1":"product","2":"type-product","3":"status-publish","4":"has-post-thumbnail","6":"product_cat-karo-istorija","7":"product_cat-biografijos","8":"product_cat-istorija-ir-politologija","9":"desktop-align-left","10":"tablet-align-left","11":"mobile-align-left","13":"first","14":"instock","15":"shipping-taxable","16":"purchasable","17":"product-type-simple"},"acf":[],"yoast_head":"<!-- This site is optimized with the Yoast SEO plugin v27.0 - https:\/\/yoast.com\/product\/yoast-seo-wordpress\/ -->\n<title>Stalino jaunyst\u0117<\/title>\n<meta name=\"description\" content=\"Pirm\u0105 kart\u0105 savo knygoje Simonas Sebagas Montefiore atskleid\u017eia, kaip jaunas pl\u0117\u0161ikas Josifas Stalinas, nesibaid\u0119s bank\u0173 pl\u0117\u0161imo, \u0161anta\u017eo ir \u017emog\u017eudys\u010di\u0173,\" \/>\n<meta name=\"robots\" content=\"index, follow, max-snippet:-1, max-image-preview:large, max-video-preview:-1\" \/>\n<link rel=\"canonical\" href=\"https:\/\/skaitytaknyga.lt\/en\/produktas\/stalino-jaunyste\/\" \/>\n<meta property=\"og:locale\" content=\"en_GB\" \/>\n<meta property=\"og:locale:alternate\" content=\"lt_LT\" \/>\n<meta property=\"og:type\" content=\"article\" \/>\n<meta property=\"og:title\" content=\"Stalino jaunyst\u0117\" \/>\n<meta property=\"og:description\" content=\"Pirm\u0105 kart\u0105 savo knygoje Simonas Sebagas Montefiore atskleid\u017eia, kaip jaunas pl\u0117\u0161ikas Josifas Stalinas, nesibaid\u0119s bank\u0173 pl\u0117\u0161imo, \u0161anta\u017eo ir \u017emog\u017eudys\u010di\u0173,\" \/>\n<meta property=\"og:url\" content=\"https:\/\/skaitytaknyga.lt\/en\/produktas\/stalino-jaunyste\/\" \/>\n<meta property=\"og:site_name\" content=\"Skaitytaknyga\" \/>\n<meta property=\"article:publisher\" content=\"https:\/\/www.facebook.com\/skaitytaknyga\/\" \/>\n<meta property=\"article:modified_time\" content=\"2026-03-18T12:58:13+00:00\" \/>\n<meta property=\"og:image\" content=\"https:\/\/skaitytaknyga.lt\/wp-content\/uploads\/2025\/10\/Stalino-jaunyste-1.webp\" \/>\n\t<meta property=\"og:image:width\" content=\"300\" \/>\n\t<meta property=\"og:image:height\" content=\"421\" \/>\n\t<meta property=\"og:image:type\" content=\"image\/webp\" \/>\n<meta name=\"twitter:card\" content=\"summary_large_image\" \/>\n<meta name=\"twitter:label1\" content=\"Estimated reading time\" \/>\n\t<meta name=\"twitter:data1\" content=\"1 minute\" \/>\n<script type=\"application\/ld+json\" class=\"yoast-schema-graph\">{\"@context\":\"https:\/\/schema.org\",\"@graph\":[{\"@type\":\"WebPage\",\"@id\":\"https:\/\/skaitytaknyga.lt\/produktas\/stalino-jaunyste\/\",\"url\":\"https:\/\/skaitytaknyga.lt\/produktas\/stalino-jaunyste\/\",\"name\":\"Stalino jaunyst\u0117\",\"isPartOf\":{\"@id\":\"https:\/\/skaitytaknyga.lt\/#website\"},\"primaryImageOfPage\":{\"@id\":\"https:\/\/skaitytaknyga.lt\/produktas\/stalino-jaunyste\/#primaryimage\"},\"image\":{\"@id\":\"https:\/\/skaitytaknyga.lt\/produktas\/stalino-jaunyste\/#primaryimage\"},\"thumbnailUrl\":\"https:\/\/skaitytaknyga.lt\/wp-content\/uploads\/2025\/10\/Stalino-jaunyste-1.webp\",\"datePublished\":\"2025-10-10T16:52:09+00:00\",\"dateModified\":\"2026-03-18T12:58:13+00:00\",\"description\":\"Pirm\u0105 kart\u0105 savo knygoje Simonas Sebagas Montefiore atskleid\u017eia, kaip jaunas pl\u0117\u0161ikas Josifas Stalinas, nesibaid\u0119s bank\u0173 pl\u0117\u0161imo, \u0161anta\u017eo ir \u017emog\u017eudys\u010di\u0173,\",\"breadcrumb\":{\"@id\":\"https:\/\/skaitytaknyga.lt\/produktas\/stalino-jaunyste\/#breadcrumb\"},\"inLanguage\":\"en-GB\",\"potentialAction\":[{\"@type\":\"ReadAction\",\"target\":[\"https:\/\/skaitytaknyga.lt\/produktas\/stalino-jaunyste\/\"]}]},{\"@type\":\"ImageObject\",\"inLanguage\":\"en-GB\",\"@id\":\"https:\/\/skaitytaknyga.lt\/produktas\/stalino-jaunyste\/#primaryimage\",\"url\":\"https:\/\/skaitytaknyga.lt\/wp-content\/uploads\/2025\/10\/Stalino-jaunyste-1.webp\",\"contentUrl\":\"https:\/\/skaitytaknyga.lt\/wp-content\/uploads\/2025\/10\/Stalino-jaunyste-1.webp\",\"width\":300,\"height\":421,\"caption\":\"Stalino jaunyst\u0117\"},{\"@type\":\"BreadcrumbList\",\"@id\":\"https:\/\/skaitytaknyga.lt\/produktas\/stalino-jaunyste\/#breadcrumb\",\"itemListElement\":[{\"@type\":\"ListItem\",\"position\":1,\"name\":\"Home\",\"item\":\"https:\/\/skaitytaknyga.lt\/\"},{\"@type\":\"ListItem\",\"position\":2,\"name\":\"Parduotuv\u0117\",\"item\":\"https:\/\/skaitytaknyga.lt\/knygu-parduotuve\/\"},{\"@type\":\"ListItem\",\"position\":3,\"name\":\"Stalino jaunyst\u0117\"}]},{\"@type\":\"WebSite\",\"@id\":\"https:\/\/skaitytaknyga.lt\/#website\",\"url\":\"https:\/\/skaitytaknyga.lt\/\",\"name\":\"skaitytaknyga.lt\",\"description\":\"Skaitytaknyga.lt \u2013 tai ma\u017eas \u0161eimos verslas, kuris prasid\u0117jo nuo meil\u0117s knygoms ir siekio i\u0161gelb\u0117ti knygas nuo likimo prie konteinerio. Kas vienam nereikalingas daiktas \u2013 kitam lobis, o mes esame tarpininkai, kurie padeda abiems tapti laimingesniems ???? \u017dinome kaip nelengva i\u0161gyventi ma\u017eiems verslams, tad nuo \u0161iol, \u010dia rasite ir kit\u0173, ma\u017e\u0173 \u0161eim\u0173 versl\u0173, rank\u0173 darbo, dovan\u0173 sau ir artimiesiems.\",\"publisher\":{\"@id\":\"https:\/\/skaitytaknyga.lt\/#organization\"},\"potentialAction\":[{\"@type\":\"SearchAction\",\"target\":{\"@type\":\"EntryPoint\",\"urlTemplate\":\"https:\/\/skaitytaknyga.lt\/?s={search_term_string}\"},\"query-input\":{\"@type\":\"PropertyValueSpecification\",\"valueRequired\":true,\"valueName\":\"search_term_string\"}}],\"inLanguage\":\"en-GB\"},{\"@type\":\"Organization\",\"@id\":\"https:\/\/skaitytaknyga.lt\/#organization\",\"name\":\"skaitytaknyga.lt\",\"url\":\"https:\/\/skaitytaknyga.lt\/\",\"logo\":{\"@type\":\"ImageObject\",\"inLanguage\":\"en-GB\",\"@id\":\"https:\/\/skaitytaknyga.lt\/#\/schema\/logo\/image\/\",\"url\":\"https:\/\/skaitytaknyga.lt\/wp-content\/uploads\/2024\/05\/cropped-cropped-cropped-02_00843_jt3bggkj1j3HLc7SyY6rEUpg.jpeg\",\"contentUrl\":\"https:\/\/skaitytaknyga.lt\/wp-content\/uploads\/2024\/05\/cropped-cropped-cropped-02_00843_jt3bggkj1j3HLc7SyY6rEUpg.jpeg\",\"width\":1600,\"height\":1600,\"caption\":\"skaitytaknyga.lt\"},\"image\":{\"@id\":\"https:\/\/skaitytaknyga.lt\/#\/schema\/logo\/image\/\"},\"sameAs\":[\"https:\/\/www.facebook.com\/skaitytaknyga\/\"]}]}<\/script>\n<!-- \/ Yoast SEO plugin. -->","yoast_head_json":{"title":"Stalino jaunyst\u0117","description":"Pirm\u0105 kart\u0105 savo knygoje Simonas Sebagas Montefiore atskleid\u017eia, kaip jaunas pl\u0117\u0161ikas Josifas Stalinas, nesibaid\u0119s bank\u0173 pl\u0117\u0161imo, \u0161anta\u017eo ir \u017emog\u017eudys\u010di\u0173,","robots":{"index":"index","follow":"follow","max-snippet":"max-snippet:-1","max-image-preview":"max-image-preview:large","max-video-preview":"max-video-preview:-1"},"canonical":"https:\/\/skaitytaknyga.lt\/en\/produktas\/stalino-jaunyste\/","og_locale":"en_GB","og_type":"article","og_title":"[:lt]Stalino jaunyst\u0117[:] - Skaitytaknyga","og_description":"Pirm\u0105 kart\u0105 savo knygoje Simonas Sebagas Montefiore atskleid\u017eia, kaip jaunas pl\u0117\u0161ikas Josifas Stalinas, nesibaid\u0119s bank\u0173 pl\u0117\u0161imo, \u0161anta\u017eo ir \u017emog\u017eudys\u010di\u0173,","og_url":"https:\/\/skaitytaknyga.lt\/en\/produktas\/stalino-jaunyste\/","og_site_name":"Skaitytaknyga","article_publisher":"https:\/\/www.facebook.com\/skaitytaknyga\/","article_modified_time":"2026-03-18T12:58:13+00:00","og_image":[{"width":300,"height":421,"url":"https:\/\/skaitytaknyga.lt\/wp-content\/uploads\/2025\/10\/Stalino-jaunyste-1.webp","type":"image\/webp"}],"twitter_card":"summary_large_image","twitter_misc":{"Estimated reading time":"1 minute"},"schema":{"@context":"https:\/\/schema.org","@graph":[{"@type":"WebPage","@id":"https:\/\/skaitytaknyga.lt\/produktas\/stalino-jaunyste\/","url":"https:\/\/skaitytaknyga.lt\/produktas\/stalino-jaunyste\/","name":"Stalino jaunyst\u0117","isPartOf":{"@id":"https:\/\/skaitytaknyga.lt\/#website"},"primaryImageOfPage":{"@id":"https:\/\/skaitytaknyga.lt\/produktas\/stalino-jaunyste\/#primaryimage"},"image":{"@id":"https:\/\/skaitytaknyga.lt\/produktas\/stalino-jaunyste\/#primaryimage"},"thumbnailUrl":"https:\/\/skaitytaknyga.lt\/wp-content\/uploads\/2025\/10\/Stalino-jaunyste-1.webp","datePublished":"2025-10-10T16:52:09+00:00","dateModified":"2026-03-18T12:58:13+00:00","description":"Pirm\u0105 kart\u0105 savo knygoje Simonas Sebagas Montefiore atskleid\u017eia, kaip jaunas pl\u0117\u0161ikas Josifas Stalinas, nesibaid\u0119s bank\u0173 pl\u0117\u0161imo, \u0161anta\u017eo ir \u017emog\u017eudys\u010di\u0173,","breadcrumb":{"@id":"https:\/\/skaitytaknyga.lt\/produktas\/stalino-jaunyste\/#breadcrumb"},"inLanguage":"en-GB","potentialAction":[{"@type":"ReadAction","target":["https:\/\/skaitytaknyga.lt\/produktas\/stalino-jaunyste\/"]}]},{"@type":"ImageObject","inLanguage":"en-GB","@id":"https:\/\/skaitytaknyga.lt\/produktas\/stalino-jaunyste\/#primaryimage","url":"https:\/\/skaitytaknyga.lt\/wp-content\/uploads\/2025\/10\/Stalino-jaunyste-1.webp","contentUrl":"https:\/\/skaitytaknyga.lt\/wp-content\/uploads\/2025\/10\/Stalino-jaunyste-1.webp","width":300,"height":421,"caption":"Stalino jaunyst\u0117"},{"@type":"BreadcrumbList","@id":"https:\/\/skaitytaknyga.lt\/produktas\/stalino-jaunyste\/#breadcrumb","itemListElement":[{"@type":"ListItem","position":1,"name":"Home","item":"https:\/\/skaitytaknyga.lt\/"},{"@type":"ListItem","position":2,"name":"Parduotuv\u0117","item":"https:\/\/skaitytaknyga.lt\/knygu-parduotuve\/"},{"@type":"ListItem","position":3,"name":"Stalino jaunyst\u0117"}]},{"@type":"WebSite","@id":"https:\/\/skaitytaknyga.lt\/#website","url":"https:\/\/skaitytaknyga.lt\/","name":"skaitytaknyga.lt","description":"Skaitytaknyga.lt \u2013 tai ma\u017eas \u0161eimos verslas, kuris prasid\u0117jo nuo meil\u0117s knygoms ir siekio i\u0161gelb\u0117ti knygas nuo likimo prie konteinerio. Kas vienam nereikalingas daiktas \u2013 kitam lobis, o mes esame tarpininkai, kurie padeda abiems tapti laimingesniems ???? \u017dinome kaip nelengva i\u0161gyventi ma\u017eiems verslams, tad nuo \u0161iol, \u010dia rasite ir kit\u0173, ma\u017e\u0173 \u0161eim\u0173 versl\u0173, rank\u0173 darbo, dovan\u0173 sau ir artimiesiems.","publisher":{"@id":"https:\/\/skaitytaknyga.lt\/#organization"},"potentialAction":[{"@type":"SearchAction","target":{"@type":"EntryPoint","urlTemplate":"https:\/\/skaitytaknyga.lt\/?s={search_term_string}"},"query-input":{"@type":"PropertyValueSpecification","valueRequired":true,"valueName":"search_term_string"}}],"inLanguage":"en-GB"},{"@type":"Organization","@id":"https:\/\/skaitytaknyga.lt\/#organization","name":"skaitytaknyga.lt","url":"https:\/\/skaitytaknyga.lt\/","logo":{"@type":"ImageObject","inLanguage":"en-GB","@id":"https:\/\/skaitytaknyga.lt\/#\/schema\/logo\/image\/","url":"https:\/\/skaitytaknyga.lt\/wp-content\/uploads\/2024\/05\/cropped-cropped-cropped-02_00843_jt3bggkj1j3HLc7SyY6rEUpg.jpeg","contentUrl":"https:\/\/skaitytaknyga.lt\/wp-content\/uploads\/2024\/05\/cropped-cropped-cropped-02_00843_jt3bggkj1j3HLc7SyY6rEUpg.jpeg","width":1600,"height":1600,"caption":"skaitytaknyga.lt"},"image":{"@id":"https:\/\/skaitytaknyga.lt\/#\/schema\/logo\/image\/"},"sameAs":["https:\/\/www.facebook.com\/skaitytaknyga\/"]}]}},"_links":{"self":[{"href":"https:\/\/skaitytaknyga.lt\/en\/wp-json\/wp\/v2\/product\/21448","targetHints":{"allow":["GET"]}}],"collection":[{"href":"https:\/\/skaitytaknyga.lt\/en\/wp-json\/wp\/v2\/product"}],"about":[{"href":"https:\/\/skaitytaknyga.lt\/en\/wp-json\/wp\/v2\/types\/product"}],"replies":[{"embeddable":true,"href":"https:\/\/skaitytaknyga.lt\/en\/wp-json\/wp\/v2\/comments?post=21448"}],"wp:featuredmedia":[{"embeddable":true,"href":"https:\/\/skaitytaknyga.lt\/en\/wp-json\/wp\/v2\/media\/21455"}],"wp:attachment":[{"href":"https:\/\/skaitytaknyga.lt\/en\/wp-json\/wp\/v2\/media?parent=21448"}],"wp:term":[{"taxonomy":"product_brand","embeddable":true,"href":"https:\/\/skaitytaknyga.lt\/en\/wp-json\/wp\/v2\/product_brand?post=21448"},{"taxonomy":"product_cat","embeddable":true,"href":"https:\/\/skaitytaknyga.lt\/en\/wp-json\/wp\/v2\/product_cat?post=21448"},{"taxonomy":"product_tag","embeddable":true,"href":"https:\/\/skaitytaknyga.lt\/en\/wp-json\/wp\/v2\/product_tag?post=21448"}],"curies":[{"name":"wp","href":"https:\/\/api.w.org\/{rel}","templated":true}]}}