{"id":21447,"date":"2025-10-10T19:52:09","date_gmt":"2025-10-10T16:52:09","guid":{"rendered":"https:\/\/skaitytaknyga.lt\/?post_type=product&#038;p=21447"},"modified":"2026-02-26T10:10:25","modified_gmt":"2026-02-26T08:10:25","slug":"kelione-i-ikstlana-sakmes-apie-jega","status":"publish","type":"product","link":"https:\/\/skaitytaknyga.lt\/en\/produktas\/kelione-i-ikstlana-sakmes-apie-jega\/","title":{"rendered":"Kelion\u0117 \u012f Ikstlan\u0105. Sakm\u0117s apie j\u0117g\u0105"},"content":{"rendered":"<p>Karys \u017eino, kad jis \u2013 tik \u017emogus. Ir jis gailisi tik d\u0117l vieno \u2013 kad gyvenimas toks trumpas ir nepavyks sugriebti vis\u0173 dalyk\u0173, kuriuos nor\u0117t\u0173si sugriebti. Bet jam tai ne skausmas, ne r\u016bpestis, o tik apgailestavimas.<\/p>\n<p>Tai \u2013 tre\u010dioji Carloso Castanedos knyga. Joje autorius t\u0119sia pasakojim\u0105 apie jaki\u0173 genties ind\u0117no Chuano Matuso pamokas. Knyg\u0105 sudaro dvide\u0161imt epizod\u0173, kuriuose atskleid\u017eiama kario ir med\u017eiotojo \u2013 taip save vadina don Chuanas \u2013 pasaul\u0117\u017ei\u016bra bei gyvenimo filosofija.<\/p>\n<p>Apie autori\u0173<\/p>\n<p>\u012e klausim\u0105, kas toks yra Carlosas Castaneda, atsakoma dvejopai: pirma, tai didysis XX am\u017eiaus mistikas, i\u0161tisos m\u0105stymo krypties pradininkas, gim\u0119s Peru 1925 metais (nors dabar jau nebeai\u0161ku, ar tai yra tiesa). Bestudijuodamas Los And\u017eelo universitete jis keliauja \u012f Meksik\u0105 ir sutinka paslapting\u0105 jaki\u0173 genties ind\u0117n\u0105. Jis, don Chuanas Matusas, veda Carlos\u0105 Castaned\u0105 prie slenks\u010dio, u\u017e kurio pradideda kita tikrov\u0117, kita b\u016btis&#8230;<\/p>\n<p>Apie Carlos\u0105 Castaned\u0105 galima pasakyti ir kitaip: tai yra niekas, dulk\u0117 ant kelio, v\u0117jo g\u016bsis, dykumos kr\u016bm\u0173 \u0161naresys&#8230; Nes dvasios karys neturi nei vardo, nei pavard\u0117s, nei t\u0117vyn\u0117s, nei garb\u0117s, nei dar t\u016bkstan\u010dio kit\u0173 dalyk\u0173, kuriais taip puikuojasi did\u017eioji \u017emonijos dalis. Jis neturi biografijos, arba asmenin\u0117s istorijos. Jis tik turi gyvenim\u0105, kur\u012f jam reikia nugyventi&#8230;<\/p>\n","protected":false},"excerpt":{"rendered":"<p>Karys \u017eino, kad jis \u2013 tik \u017emogus. Ir jis gailisi tik d\u0117l vieno \u2013 kad gyvenimas toks trumpas ir nepavyks sugriebti vis\u0173 dalyk\u0173, kuriuos nor\u0117t\u0173si sugriebti. Bet jam tai ne skausmas, ne r\u016bpestis, o tik apgailestavimas. Tai \u2013 tre\u010dioji Carloso Castanedos knyga. Joje autorius t\u0119sia pasakojim\u0105 apie jaki\u0173 genties ind\u0117no Chuano Matuso pamokas. Knyg\u0105 sudaro dvide\u0161imt epizod\u0173, kuriuose atskleid\u017eiama kario ir med\u017eiotojo \u2013 taip save vadina don Chuanas \u2013 pasaul\u0117\u017ei\u016bra bei gyvenimo filosofija. Apie autori\u0173 \u012e klausim\u0105, kas toks yra Carlosas Castaneda, atsakoma dvejopai: pirma, tai didysis XX am\u017eiaus mistikas, i\u0161tisos m\u0105stymo krypties pradininkas, gim\u0119s Peru 1925 metais (nors dabar jau nebeai\u0161ku, ar tai yra tiesa). Bestudijuodamas Los And\u017eelo universitete jis keliauja \u012f Meksik\u0105 ir sutinka paslapting\u0105 jaki\u0173 genties ind\u0117n\u0105. Jis, don Chuanas Matusas, veda Carlos\u0105 Castaned\u0105 prie slenks\u010dio, u\u017e kurio pradideda kita tikrov\u0117, kita b\u016btis&#8230; Apie Carlos\u0105 Castaned\u0105 galima pasakyti ir kitaip: tai yra niekas, dulk\u0117 ant kelio, v\u0117jo g\u016bsis, dykumos kr\u016bm\u0173 \u0161naresys&#8230; Nes dvasios karys neturi nei vardo, nei pavard\u0117s, nei t\u0117vyn\u0117s, nei garb\u0117s, nei dar t\u016bkstan\u010dio kit\u0173 dalyk\u0173, kuriais taip puikuojasi did\u017eioji \u017emonijos dalis. Jis neturi biografijos, arba asmenin\u0117s istorijos. Jis tik turi gyvenim\u0105, kur\u012f jam reikia nugyventi&#8230;<\/p>\n","protected":false},"featured_media":21454,"comment_status":"open","ping_status":"closed","template":"","meta":{"_acf_changed":false,"site-sidebar-layout":"default","site-content-layout":"","ast-site-content-layout":"default","site-content-style":"default","site-sidebar-style":"default","ast-global-header-display":"","ast-banner-title-visibility":"","ast-main-header-display":"","ast-hfb-above-header-display":"","ast-hfb-below-header-display":"","ast-hfb-mobile-header-display":"","site-post-title":"","ast-breadcrumbs-content":"","ast-featured-img":"","footer-sml-layout":"","ast-disable-related-posts":"","theme-transparent-header-meta":"","adv-header-id-meta":"","stick-header-meta":"","header-above-stick-meta":"","header-main-stick-meta":"","header-below-stick-meta":"","astra-migrate-meta-layouts":"default","ast-page-background-enabled":"default","ast-page-background-meta":{"desktop":{"background-color":"","background-image":"","background-repeat":"repeat","background-position":"center center","background-size":"auto","background-attachment":"scroll","background-type":"","background-media":"","overlay-type":"","overlay-color":"","overlay-opacity":"","overlay-gradient":""},"tablet":{"background-color":"","background-image":"","background-repeat":"repeat","background-position":"center center","background-size":"auto","background-attachment":"scroll","background-type":"","background-media":"","overlay-type":"","overlay-color":"","overlay-opacity":"","overlay-gradient":""},"mobile":{"background-color":"","background-image":"","background-repeat":"repeat","background-position":"center center","background-size":"auto","background-attachment":"scroll","background-type":"","background-media":"","overlay-type":"","overlay-color":"","overlay-opacity":"","overlay-gradient":""}},"ast-content-background-meta":{"desktop":{"background-color":"var(--ast-global-color-4)","background-image":"","background-repeat":"repeat","background-position":"center center","background-size":"auto","background-attachment":"scroll","background-type":"","background-media":"","overlay-type":"","overlay-color":"","overlay-opacity":"","overlay-gradient":""},"tablet":{"background-color":"var(--ast-global-color-4)","background-image":"","background-repeat":"repeat","background-position":"center center","background-size":"auto","background-attachment":"scroll","background-type":"","background-media":"","overlay-type":"","overlay-color":"","overlay-opacity":"","overlay-gradient":""},"mobile":{"background-color":"var(--ast-global-color-4)","background-image":"","background-repeat":"repeat","background-position":"center center","background-size":"auto","background-attachment":"scroll","background-type":"","background-media":"","overlay-type":"","overlay-color":"","overlay-opacity":"","overlay-gradient":""}}},"product_brand":[],"product_cat":[165],"product_tag":[],"class_list":{"0":"post-21447","1":"product","2":"type-product","3":"status-publish","4":"has-post-thumbnail","6":"product_cat-religija-filosofija-ir-ezoterika","7":"desktop-align-left","8":"tablet-align-left","9":"mobile-align-left","11":"first","12":"instock","13":"shipping-taxable","14":"purchasable","15":"product-type-simple"},"acf":[],"yoast_head":"<!-- This site is optimized with the Yoast SEO plugin v27.0 - https:\/\/yoast.com\/product\/yoast-seo-wordpress\/ -->\n<title>Kelion\u0117 \u012f Ikstlan\u0105. Sakm\u0117s apie j\u0117g\u0105<\/title>\n<meta name=\"description\" content=\"Karys \u017eino, kad jis \u2013 tik \u017emogus. Ir jis gailisi tik d\u0117l vieno \u2013 kad gyvenimas toks trumpas ir nepavyks sugriebti vis\u0173 dalyk\u0173, kuriuos nor\u0117t\u0173si sugriebti.\" \/>\n<meta name=\"robots\" content=\"index, follow, max-snippet:-1, max-image-preview:large, max-video-preview:-1\" \/>\n<link rel=\"canonical\" href=\"https:\/\/skaitytaknyga.lt\/en\/produktas\/kelione-i-ikstlana-sakmes-apie-jega\/\" \/>\n<meta property=\"og:locale\" content=\"en_GB\" \/>\n<meta property=\"og:locale:alternate\" content=\"lt_LT\" \/>\n<meta property=\"og:type\" content=\"article\" \/>\n<meta property=\"og:title\" content=\"Kelion\u0117 \u012f Ikstlan\u0105. Sakm\u0117s apie j\u0117g\u0105\" \/>\n<meta property=\"og:description\" content=\"Karys \u017eino, kad jis \u2013 tik \u017emogus. Ir jis gailisi tik d\u0117l vieno \u2013 kad gyvenimas toks trumpas ir nepavyks sugriebti vis\u0173 dalyk\u0173, kuriuos nor\u0117t\u0173si sugriebti.\" \/>\n<meta property=\"og:url\" content=\"https:\/\/skaitytaknyga.lt\/en\/produktas\/kelione-i-ikstlana-sakmes-apie-jega\/\" \/>\n<meta property=\"og:site_name\" content=\"Skaitytaknyga\" \/>\n<meta property=\"article:publisher\" content=\"https:\/\/www.facebook.com\/skaitytaknyga\/\" \/>\n<meta property=\"article:modified_time\" content=\"2026-02-26T08:10:25+00:00\" \/>\n<meta property=\"og:image\" content=\"https:\/\/skaitytaknyga.lt\/wp-content\/uploads\/2025\/10\/Kelione-i-Ikstlana.-Sakmes-apie-jega-1.webp\" \/>\n\t<meta property=\"og:image:width\" content=\"300\" \/>\n\t<meta property=\"og:image:height\" content=\"482\" \/>\n\t<meta property=\"og:image:type\" content=\"image\/webp\" \/>\n<meta name=\"twitter:card\" content=\"summary_large_image\" \/>\n<meta name=\"twitter:label1\" content=\"Estimated reading time\" \/>\n\t<meta name=\"twitter:data1\" content=\"1 minute\" \/>\n<script type=\"application\/ld+json\" class=\"yoast-schema-graph\">{\"@context\":\"https:\/\/schema.org\",\"@graph\":[{\"@type\":\"WebPage\",\"@id\":\"https:\/\/skaitytaknyga.lt\/produktas\/kelione-i-ikstlana-sakmes-apie-jega\/\",\"url\":\"https:\/\/skaitytaknyga.lt\/produktas\/kelione-i-ikstlana-sakmes-apie-jega\/\",\"name\":\"Kelion\u0117 \u012f Ikstlan\u0105. Sakm\u0117s apie j\u0117g\u0105\",\"isPartOf\":{\"@id\":\"https:\/\/skaitytaknyga.lt\/#website\"},\"primaryImageOfPage\":{\"@id\":\"https:\/\/skaitytaknyga.lt\/produktas\/kelione-i-ikstlana-sakmes-apie-jega\/#primaryimage\"},\"image\":{\"@id\":\"https:\/\/skaitytaknyga.lt\/produktas\/kelione-i-ikstlana-sakmes-apie-jega\/#primaryimage\"},\"thumbnailUrl\":\"https:\/\/skaitytaknyga.lt\/wp-content\/uploads\/2025\/10\/Kelione-i-Ikstlana.-Sakmes-apie-jega-1.webp\",\"datePublished\":\"2025-10-10T16:52:09+00:00\",\"dateModified\":\"2026-02-26T08:10:25+00:00\",\"description\":\"Karys \u017eino, kad jis \u2013 tik \u017emogus. Ir jis gailisi tik d\u0117l vieno \u2013 kad gyvenimas toks trumpas ir nepavyks sugriebti vis\u0173 dalyk\u0173, kuriuos nor\u0117t\u0173si sugriebti.\",\"breadcrumb\":{\"@id\":\"https:\/\/skaitytaknyga.lt\/produktas\/kelione-i-ikstlana-sakmes-apie-jega\/#breadcrumb\"},\"inLanguage\":\"en-GB\",\"potentialAction\":[{\"@type\":\"ReadAction\",\"target\":[\"https:\/\/skaitytaknyga.lt\/produktas\/kelione-i-ikstlana-sakmes-apie-jega\/\"]}]},{\"@type\":\"ImageObject\",\"inLanguage\":\"en-GB\",\"@id\":\"https:\/\/skaitytaknyga.lt\/produktas\/kelione-i-ikstlana-sakmes-apie-jega\/#primaryimage\",\"url\":\"https:\/\/skaitytaknyga.lt\/wp-content\/uploads\/2025\/10\/Kelione-i-Ikstlana.-Sakmes-apie-jega-1.webp\",\"contentUrl\":\"https:\/\/skaitytaknyga.lt\/wp-content\/uploads\/2025\/10\/Kelione-i-Ikstlana.-Sakmes-apie-jega-1.webp\",\"width\":300,\"height\":482,\"caption\":\"Kelion\u0117 \u012f Ikstlan\u0105. Sakm\u0117s apie j\u0117g\u0105\"},{\"@type\":\"BreadcrumbList\",\"@id\":\"https:\/\/skaitytaknyga.lt\/produktas\/kelione-i-ikstlana-sakmes-apie-jega\/#breadcrumb\",\"itemListElement\":[{\"@type\":\"ListItem\",\"position\":1,\"name\":\"Home\",\"item\":\"https:\/\/skaitytaknyga.lt\/\"},{\"@type\":\"ListItem\",\"position\":2,\"name\":\"Parduotuv\u0117\",\"item\":\"https:\/\/skaitytaknyga.lt\/knygu-parduotuve\/\"},{\"@type\":\"ListItem\",\"position\":3,\"name\":\"Kelion\u0117 \u012f Ikstlan\u0105. Sakm\u0117s apie j\u0117g\u0105\"}]},{\"@type\":\"WebSite\",\"@id\":\"https:\/\/skaitytaknyga.lt\/#website\",\"url\":\"https:\/\/skaitytaknyga.lt\/\",\"name\":\"skaitytaknyga.lt\",\"description\":\"Skaitytaknyga.lt \u2013 tai ma\u017eas \u0161eimos verslas, kuris prasid\u0117jo nuo meil\u0117s knygoms ir siekio i\u0161gelb\u0117ti knygas nuo likimo prie konteinerio. Kas vienam nereikalingas daiktas \u2013 kitam lobis, o mes esame tarpininkai, kurie padeda abiems tapti laimingesniems ???? \u017dinome kaip nelengva i\u0161gyventi ma\u017eiems verslams, tad nuo \u0161iol, \u010dia rasite ir kit\u0173, ma\u017e\u0173 \u0161eim\u0173 versl\u0173, rank\u0173 darbo, dovan\u0173 sau ir artimiesiems.\",\"publisher\":{\"@id\":\"https:\/\/skaitytaknyga.lt\/#organization\"},\"potentialAction\":[{\"@type\":\"SearchAction\",\"target\":{\"@type\":\"EntryPoint\",\"urlTemplate\":\"https:\/\/skaitytaknyga.lt\/?s={search_term_string}\"},\"query-input\":{\"@type\":\"PropertyValueSpecification\",\"valueRequired\":true,\"valueName\":\"search_term_string\"}}],\"inLanguage\":\"en-GB\"},{\"@type\":\"Organization\",\"@id\":\"https:\/\/skaitytaknyga.lt\/#organization\",\"name\":\"skaitytaknyga.lt\",\"url\":\"https:\/\/skaitytaknyga.lt\/\",\"logo\":{\"@type\":\"ImageObject\",\"inLanguage\":\"en-GB\",\"@id\":\"https:\/\/skaitytaknyga.lt\/#\/schema\/logo\/image\/\",\"url\":\"https:\/\/skaitytaknyga.lt\/wp-content\/uploads\/2024\/05\/cropped-cropped-cropped-02_00843_jt3bggkj1j3HLc7SyY6rEUpg.jpeg\",\"contentUrl\":\"https:\/\/skaitytaknyga.lt\/wp-content\/uploads\/2024\/05\/cropped-cropped-cropped-02_00843_jt3bggkj1j3HLc7SyY6rEUpg.jpeg\",\"width\":1600,\"height\":1600,\"caption\":\"skaitytaknyga.lt\"},\"image\":{\"@id\":\"https:\/\/skaitytaknyga.lt\/#\/schema\/logo\/image\/\"},\"sameAs\":[\"https:\/\/www.facebook.com\/skaitytaknyga\/\"]}]}<\/script>\n<!-- \/ Yoast SEO plugin. -->","yoast_head_json":{"title":"Kelion\u0117 \u012f Ikstlan\u0105. Sakm\u0117s apie j\u0117g\u0105","description":"Karys \u017eino, kad jis \u2013 tik \u017emogus. Ir jis gailisi tik d\u0117l vieno \u2013 kad gyvenimas toks trumpas ir nepavyks sugriebti vis\u0173 dalyk\u0173, kuriuos nor\u0117t\u0173si sugriebti.","robots":{"index":"index","follow":"follow","max-snippet":"max-snippet:-1","max-image-preview":"max-image-preview:large","max-video-preview":"max-video-preview:-1"},"canonical":"https:\/\/skaitytaknyga.lt\/en\/produktas\/kelione-i-ikstlana-sakmes-apie-jega\/","og_locale":"en_GB","og_type":"article","og_title":"[:lt]Kelion\u0117 \u012f Ikstlan\u0105. Sakm\u0117s apie j\u0117g\u0105[:] - Skaitytaknyga","og_description":"Karys \u017eino, kad jis \u2013 tik \u017emogus. Ir jis gailisi tik d\u0117l vieno \u2013 kad gyvenimas toks trumpas ir nepavyks sugriebti vis\u0173 dalyk\u0173, kuriuos nor\u0117t\u0173si sugriebti.","og_url":"https:\/\/skaitytaknyga.lt\/en\/produktas\/kelione-i-ikstlana-sakmes-apie-jega\/","og_site_name":"Skaitytaknyga","article_publisher":"https:\/\/www.facebook.com\/skaitytaknyga\/","article_modified_time":"2026-02-26T08:10:25+00:00","og_image":[{"width":300,"height":482,"url":"https:\/\/skaitytaknyga.lt\/wp-content\/uploads\/2025\/10\/Kelione-i-Ikstlana.-Sakmes-apie-jega-1.webp","type":"image\/webp"}],"twitter_card":"summary_large_image","twitter_misc":{"Estimated reading time":"1 minute"},"schema":{"@context":"https:\/\/schema.org","@graph":[{"@type":"WebPage","@id":"https:\/\/skaitytaknyga.lt\/produktas\/kelione-i-ikstlana-sakmes-apie-jega\/","url":"https:\/\/skaitytaknyga.lt\/produktas\/kelione-i-ikstlana-sakmes-apie-jega\/","name":"Kelion\u0117 \u012f Ikstlan\u0105. Sakm\u0117s apie j\u0117g\u0105","isPartOf":{"@id":"https:\/\/skaitytaknyga.lt\/#website"},"primaryImageOfPage":{"@id":"https:\/\/skaitytaknyga.lt\/produktas\/kelione-i-ikstlana-sakmes-apie-jega\/#primaryimage"},"image":{"@id":"https:\/\/skaitytaknyga.lt\/produktas\/kelione-i-ikstlana-sakmes-apie-jega\/#primaryimage"},"thumbnailUrl":"https:\/\/skaitytaknyga.lt\/wp-content\/uploads\/2025\/10\/Kelione-i-Ikstlana.-Sakmes-apie-jega-1.webp","datePublished":"2025-10-10T16:52:09+00:00","dateModified":"2026-02-26T08:10:25+00:00","description":"Karys \u017eino, kad jis \u2013 tik \u017emogus. Ir jis gailisi tik d\u0117l vieno \u2013 kad gyvenimas toks trumpas ir nepavyks sugriebti vis\u0173 dalyk\u0173, kuriuos nor\u0117t\u0173si sugriebti.","breadcrumb":{"@id":"https:\/\/skaitytaknyga.lt\/produktas\/kelione-i-ikstlana-sakmes-apie-jega\/#breadcrumb"},"inLanguage":"en-GB","potentialAction":[{"@type":"ReadAction","target":["https:\/\/skaitytaknyga.lt\/produktas\/kelione-i-ikstlana-sakmes-apie-jega\/"]}]},{"@type":"ImageObject","inLanguage":"en-GB","@id":"https:\/\/skaitytaknyga.lt\/produktas\/kelione-i-ikstlana-sakmes-apie-jega\/#primaryimage","url":"https:\/\/skaitytaknyga.lt\/wp-content\/uploads\/2025\/10\/Kelione-i-Ikstlana.-Sakmes-apie-jega-1.webp","contentUrl":"https:\/\/skaitytaknyga.lt\/wp-content\/uploads\/2025\/10\/Kelione-i-Ikstlana.-Sakmes-apie-jega-1.webp","width":300,"height":482,"caption":"Kelion\u0117 \u012f Ikstlan\u0105. Sakm\u0117s apie j\u0117g\u0105"},{"@type":"BreadcrumbList","@id":"https:\/\/skaitytaknyga.lt\/produktas\/kelione-i-ikstlana-sakmes-apie-jega\/#breadcrumb","itemListElement":[{"@type":"ListItem","position":1,"name":"Home","item":"https:\/\/skaitytaknyga.lt\/"},{"@type":"ListItem","position":2,"name":"Parduotuv\u0117","item":"https:\/\/skaitytaknyga.lt\/knygu-parduotuve\/"},{"@type":"ListItem","position":3,"name":"Kelion\u0117 \u012f Ikstlan\u0105. Sakm\u0117s apie j\u0117g\u0105"}]},{"@type":"WebSite","@id":"https:\/\/skaitytaknyga.lt\/#website","url":"https:\/\/skaitytaknyga.lt\/","name":"skaitytaknyga.lt","description":"Skaitytaknyga.lt \u2013 tai ma\u017eas \u0161eimos verslas, kuris prasid\u0117jo nuo meil\u0117s knygoms ir siekio i\u0161gelb\u0117ti knygas nuo likimo prie konteinerio. Kas vienam nereikalingas daiktas \u2013 kitam lobis, o mes esame tarpininkai, kurie padeda abiems tapti laimingesniems ???? \u017dinome kaip nelengva i\u0161gyventi ma\u017eiems verslams, tad nuo \u0161iol, \u010dia rasite ir kit\u0173, ma\u017e\u0173 \u0161eim\u0173 versl\u0173, rank\u0173 darbo, dovan\u0173 sau ir artimiesiems.","publisher":{"@id":"https:\/\/skaitytaknyga.lt\/#organization"},"potentialAction":[{"@type":"SearchAction","target":{"@type":"EntryPoint","urlTemplate":"https:\/\/skaitytaknyga.lt\/?s={search_term_string}"},"query-input":{"@type":"PropertyValueSpecification","valueRequired":true,"valueName":"search_term_string"}}],"inLanguage":"en-GB"},{"@type":"Organization","@id":"https:\/\/skaitytaknyga.lt\/#organization","name":"skaitytaknyga.lt","url":"https:\/\/skaitytaknyga.lt\/","logo":{"@type":"ImageObject","inLanguage":"en-GB","@id":"https:\/\/skaitytaknyga.lt\/#\/schema\/logo\/image\/","url":"https:\/\/skaitytaknyga.lt\/wp-content\/uploads\/2024\/05\/cropped-cropped-cropped-02_00843_jt3bggkj1j3HLc7SyY6rEUpg.jpeg","contentUrl":"https:\/\/skaitytaknyga.lt\/wp-content\/uploads\/2024\/05\/cropped-cropped-cropped-02_00843_jt3bggkj1j3HLc7SyY6rEUpg.jpeg","width":1600,"height":1600,"caption":"skaitytaknyga.lt"},"image":{"@id":"https:\/\/skaitytaknyga.lt\/#\/schema\/logo\/image\/"},"sameAs":["https:\/\/www.facebook.com\/skaitytaknyga\/"]}]}},"_links":{"self":[{"href":"https:\/\/skaitytaknyga.lt\/en\/wp-json\/wp\/v2\/product\/21447","targetHints":{"allow":["GET"]}}],"collection":[{"href":"https:\/\/skaitytaknyga.lt\/en\/wp-json\/wp\/v2\/product"}],"about":[{"href":"https:\/\/skaitytaknyga.lt\/en\/wp-json\/wp\/v2\/types\/product"}],"replies":[{"embeddable":true,"href":"https:\/\/skaitytaknyga.lt\/en\/wp-json\/wp\/v2\/comments?post=21447"}],"wp:featuredmedia":[{"embeddable":true,"href":"https:\/\/skaitytaknyga.lt\/en\/wp-json\/wp\/v2\/media\/21454"}],"wp:attachment":[{"href":"https:\/\/skaitytaknyga.lt\/en\/wp-json\/wp\/v2\/media?parent=21447"}],"wp:term":[{"taxonomy":"product_brand","embeddable":true,"href":"https:\/\/skaitytaknyga.lt\/en\/wp-json\/wp\/v2\/product_brand?post=21447"},{"taxonomy":"product_cat","embeddable":true,"href":"https:\/\/skaitytaknyga.lt\/en\/wp-json\/wp\/v2\/product_cat?post=21447"},{"taxonomy":"product_tag","embeddable":true,"href":"https:\/\/skaitytaknyga.lt\/en\/wp-json\/wp\/v2\/product_tag?post=21447"}],"curies":[{"name":"wp","href":"https:\/\/api.w.org\/{rel}","templated":true}]}}