{"id":21444,"date":"2025-10-10T19:52:09","date_gmt":"2025-10-10T16:52:09","guid":{"rendered":"https:\/\/skaitytaknyga.lt\/?post_type=product&#038;p=21444"},"modified":"2026-02-26T10:10:25","modified_gmt":"2026-02-26T08:10:25","slug":"religinis-jausmas-pirma-trilogijos-dalis","status":"publish","type":"product","link":"https:\/\/skaitytaknyga.lt\/en\/produktas\/religinis-jausmas-pirma-trilogijos-dalis\/","title":{"rendered":"Religinis jausmas. Pirma trilogijos dalis"},"content":{"rendered":"<p>\u201eReliginis jausmas\u201c \u2013 pirma trilogijos dalis, kurioje monsinjoras Luigi Giussani apibendrina sav\u0105j\u012f apm\u0105stym\u0173 ir patirties keli\u0105.<\/p>\n<p>Knygoje religinis jausmas identifikuojamas su pa\u010dia racionalumo esme ir \u017emogi\u0161kosios s\u0105mon\u0117s \u0161aknimis. Pasak autoriaus, religinis jausmas gl\u016bdi kiekvieno \u017emogaus pirmin\u0117s patirties lygmenyje, ten, kur \u201ea\u0161\u201c kelia sau klausimus apie gyvenimo, tikrov\u0117s, viso to, kas vyksta, prasm\u0119. I\u0161 ties\u0173 b\u016btent tikrov\u0117 \u201ei\u0161judina\u201c galutinius klausimus apie visa apiman\u010di\u0105 egzistencijos prasm\u0119. Monsinjoras L. Giussani veda skaitytoj\u0105 prie to pirmaprad\u017eio priklausomyb\u0117s jausmo, kuris yra pati did\u017eiausia ir \u012ftikimiausia akivaizdyb\u0117 vis\u0173 laik\u0173 \u017emogui, atradimo. Tai atradimas, i\u0161auk\u0161tinantis prot\u0105 kaip geb\u0117jim\u0105 suprasti tikrov\u0119, apr\u0117piant visus jos veiksnius. Krik\u0161\u010dionyb\u0117 turi ry\u0161\u012f su religiniu jausmu b\u016btent d\u0117l to, kad ji kelia save kaip negalim\u0105 numatyti ir vis d\u0117lto visi\u0161kai pagr\u012fst\u0105 atsakym\u0105 \u012f \u017emogaus tro\u0161kim\u0105 gyventi, atrandant ir mylint sav\u0105j\u012f likim\u0105.<\/p>\n","protected":false},"excerpt":{"rendered":"<p>\u201eReliginis jausmas\u201c \u2013 pirma trilogijos dalis, kurioje monsinjoras Luigi Giussani apibendrina sav\u0105j\u012f apm\u0105stym\u0173 ir patirties keli\u0105. Knygoje religinis jausmas identifikuojamas su pa\u010dia racionalumo esme ir \u017emogi\u0161kosios s\u0105mon\u0117s \u0161aknimis. Pasak autoriaus, religinis jausmas gl\u016bdi kiekvieno \u017emogaus pirmin\u0117s patirties lygmenyje, ten, kur \u201ea\u0161\u201c kelia sau klausimus apie gyvenimo, tikrov\u0117s, viso to, kas vyksta, prasm\u0119. I\u0161 ties\u0173 b\u016btent tikrov\u0117 \u201ei\u0161judina\u201c galutinius klausimus apie visa apiman\u010di\u0105 egzistencijos prasm\u0119. Monsinjoras L. Giussani veda skaitytoj\u0105 prie to pirmaprad\u017eio priklausomyb\u0117s jausmo, kuris yra pati did\u017eiausia ir \u012ftikimiausia akivaizdyb\u0117 vis\u0173 laik\u0173 \u017emogui, atradimo. Tai atradimas, i\u0161auk\u0161tinantis prot\u0105 kaip geb\u0117jim\u0105 suprasti tikrov\u0119, apr\u0117piant visus jos veiksnius. Krik\u0161\u010dionyb\u0117 turi ry\u0161\u012f su religiniu jausmu b\u016btent d\u0117l to, kad ji kelia save kaip negalim\u0105 numatyti ir vis d\u0117lto visi\u0161kai pagr\u012fst\u0105 atsakym\u0105 \u012f \u017emogaus tro\u0161kim\u0105 gyventi, atrandant ir mylint sav\u0105j\u012f likim\u0105.<\/p>\n","protected":false},"featured_media":21449,"comment_status":"open","ping_status":"closed","template":"","meta":{"_acf_changed":false,"site-sidebar-layout":"default","site-content-layout":"","ast-site-content-layout":"default","site-content-style":"default","site-sidebar-style":"default","ast-global-header-display":"","ast-banner-title-visibility":"","ast-main-header-display":"","ast-hfb-above-header-display":"","ast-hfb-below-header-display":"","ast-hfb-mobile-header-display":"","site-post-title":"","ast-breadcrumbs-content":"","ast-featured-img":"","footer-sml-layout":"","ast-disable-related-posts":"","theme-transparent-header-meta":"","adv-header-id-meta":"","stick-header-meta":"","header-above-stick-meta":"","header-main-stick-meta":"","header-below-stick-meta":"","astra-migrate-meta-layouts":"default","ast-page-background-enabled":"default","ast-page-background-meta":{"desktop":{"background-color":"","background-image":"","background-repeat":"repeat","background-position":"center center","background-size":"auto","background-attachment":"scroll","background-type":"","background-media":"","overlay-type":"","overlay-color":"","overlay-opacity":"","overlay-gradient":""},"tablet":{"background-color":"","background-image":"","background-repeat":"repeat","background-position":"center center","background-size":"auto","background-attachment":"scroll","background-type":"","background-media":"","overlay-type":"","overlay-color":"","overlay-opacity":"","overlay-gradient":""},"mobile":{"background-color":"","background-image":"","background-repeat":"repeat","background-position":"center center","background-size":"auto","background-attachment":"scroll","background-type":"","background-media":"","overlay-type":"","overlay-color":"","overlay-opacity":"","overlay-gradient":""}},"ast-content-background-meta":{"desktop":{"background-color":"var(--ast-global-color-4)","background-image":"","background-repeat":"repeat","background-position":"center center","background-size":"auto","background-attachment":"scroll","background-type":"","background-media":"","overlay-type":"","overlay-color":"","overlay-opacity":"","overlay-gradient":""},"tablet":{"background-color":"var(--ast-global-color-4)","background-image":"","background-repeat":"repeat","background-position":"center center","background-size":"auto","background-attachment":"scroll","background-type":"","background-media":"","overlay-type":"","overlay-color":"","overlay-opacity":"","overlay-gradient":""},"mobile":{"background-color":"var(--ast-global-color-4)","background-image":"","background-repeat":"repeat","background-position":"center center","background-size":"auto","background-attachment":"scroll","background-type":"","background-media":"","overlay-type":"","overlay-color":"","overlay-opacity":"","overlay-gradient":""}}},"product_brand":[],"product_cat":[165],"product_tag":[],"class_list":{"0":"post-21444","1":"product","2":"type-product","3":"status-publish","4":"has-post-thumbnail","6":"product_cat-religija-filosofija-ir-ezoterika","7":"desktop-align-left","8":"tablet-align-left","9":"mobile-align-left","11":"first","12":"instock","13":"shipping-taxable","14":"purchasable","15":"product-type-simple"},"acf":[],"yoast_head":"<!-- This site is optimized with the Yoast SEO plugin v27.0 - https:\/\/yoast.com\/product\/yoast-seo-wordpress\/ -->\n<title>Religinis jausmas. Pirma trilogijos dalis<\/title>\n<meta name=\"description\" content=\"\u201eReliginis jausmas\u201c \u2013 pirma trilogijos dalis, kurioje monsinjoras Luigi Giussani apibendrina sav\u0105j\u012f apm\u0105stym\u0173 ir patirties keli\u0105. Knygoje religinis\" \/>\n<meta name=\"robots\" content=\"index, follow, max-snippet:-1, max-image-preview:large, max-video-preview:-1\" \/>\n<link rel=\"canonical\" href=\"https:\/\/skaitytaknyga.lt\/en\/produktas\/religinis-jausmas-pirma-trilogijos-dalis\/\" \/>\n<meta property=\"og:locale\" content=\"en_GB\" \/>\n<meta property=\"og:locale:alternate\" content=\"lt_LT\" \/>\n<meta property=\"og:type\" content=\"article\" \/>\n<meta property=\"og:title\" content=\"Religinis jausmas. Pirma trilogijos dalis\" \/>\n<meta property=\"og:description\" content=\"\u201eReliginis jausmas\u201c \u2013 pirma trilogijos dalis, kurioje monsinjoras Luigi Giussani apibendrina sav\u0105j\u012f apm\u0105stym\u0173 ir patirties keli\u0105. Knygoje religinis\" \/>\n<meta property=\"og:url\" content=\"https:\/\/skaitytaknyga.lt\/en\/produktas\/religinis-jausmas-pirma-trilogijos-dalis\/\" \/>\n<meta property=\"og:site_name\" content=\"Skaitytaknyga\" \/>\n<meta property=\"article:publisher\" content=\"https:\/\/www.facebook.com\/skaitytaknyga\/\" \/>\n<meta property=\"article:modified_time\" content=\"2026-02-26T08:10:25+00:00\" \/>\n<meta property=\"og:image\" content=\"https:\/\/skaitytaknyga.lt\/wp-content\/uploads\/2025\/10\/Religinis-jausmas.-Pirma-trilogijos-dalis-1.webp\" \/>\n\t<meta property=\"og:image:width\" content=\"300\" \/>\n\t<meta property=\"og:image:height\" content=\"445\" \/>\n\t<meta property=\"og:image:type\" content=\"image\/webp\" \/>\n<meta name=\"twitter:card\" content=\"summary_large_image\" \/>\n<meta name=\"twitter:label1\" content=\"Estimated reading time\" \/>\n\t<meta name=\"twitter:data1\" content=\"1 minute\" \/>\n<script type=\"application\/ld+json\" class=\"yoast-schema-graph\">{\"@context\":\"https:\/\/schema.org\",\"@graph\":[{\"@type\":\"WebPage\",\"@id\":\"https:\/\/skaitytaknyga.lt\/produktas\/religinis-jausmas-pirma-trilogijos-dalis\/\",\"url\":\"https:\/\/skaitytaknyga.lt\/produktas\/religinis-jausmas-pirma-trilogijos-dalis\/\",\"name\":\"Religinis jausmas. Pirma trilogijos dalis\",\"isPartOf\":{\"@id\":\"https:\/\/skaitytaknyga.lt\/#website\"},\"primaryImageOfPage\":{\"@id\":\"https:\/\/skaitytaknyga.lt\/produktas\/religinis-jausmas-pirma-trilogijos-dalis\/#primaryimage\"},\"image\":{\"@id\":\"https:\/\/skaitytaknyga.lt\/produktas\/religinis-jausmas-pirma-trilogijos-dalis\/#primaryimage\"},\"thumbnailUrl\":\"https:\/\/skaitytaknyga.lt\/wp-content\/uploads\/2025\/10\/Religinis-jausmas.-Pirma-trilogijos-dalis-1.webp\",\"datePublished\":\"2025-10-10T16:52:09+00:00\",\"dateModified\":\"2026-02-26T08:10:25+00:00\",\"description\":\"\u201eReliginis jausmas\u201c \u2013 pirma trilogijos dalis, kurioje monsinjoras Luigi Giussani apibendrina sav\u0105j\u012f apm\u0105stym\u0173 ir patirties keli\u0105. Knygoje religinis\",\"breadcrumb\":{\"@id\":\"https:\/\/skaitytaknyga.lt\/produktas\/religinis-jausmas-pirma-trilogijos-dalis\/#breadcrumb\"},\"inLanguage\":\"en-GB\",\"potentialAction\":[{\"@type\":\"ReadAction\",\"target\":[\"https:\/\/skaitytaknyga.lt\/produktas\/religinis-jausmas-pirma-trilogijos-dalis\/\"]}]},{\"@type\":\"ImageObject\",\"inLanguage\":\"en-GB\",\"@id\":\"https:\/\/skaitytaknyga.lt\/produktas\/religinis-jausmas-pirma-trilogijos-dalis\/#primaryimage\",\"url\":\"https:\/\/skaitytaknyga.lt\/wp-content\/uploads\/2025\/10\/Religinis-jausmas.-Pirma-trilogijos-dalis-1.webp\",\"contentUrl\":\"https:\/\/skaitytaknyga.lt\/wp-content\/uploads\/2025\/10\/Religinis-jausmas.-Pirma-trilogijos-dalis-1.webp\",\"width\":300,\"height\":445,\"caption\":\"Religinis jausmas. Pirma trilogijos dalis\"},{\"@type\":\"BreadcrumbList\",\"@id\":\"https:\/\/skaitytaknyga.lt\/produktas\/religinis-jausmas-pirma-trilogijos-dalis\/#breadcrumb\",\"itemListElement\":[{\"@type\":\"ListItem\",\"position\":1,\"name\":\"Home\",\"item\":\"https:\/\/skaitytaknyga.lt\/\"},{\"@type\":\"ListItem\",\"position\":2,\"name\":\"Parduotuv\u0117\",\"item\":\"https:\/\/skaitytaknyga.lt\/knygu-parduotuve\/\"},{\"@type\":\"ListItem\",\"position\":3,\"name\":\"Religinis jausmas. Pirma trilogijos dalis\"}]},{\"@type\":\"WebSite\",\"@id\":\"https:\/\/skaitytaknyga.lt\/#website\",\"url\":\"https:\/\/skaitytaknyga.lt\/\",\"name\":\"skaitytaknyga.lt\",\"description\":\"Skaitytaknyga.lt \u2013 tai ma\u017eas \u0161eimos verslas, kuris prasid\u0117jo nuo meil\u0117s knygoms ir siekio i\u0161gelb\u0117ti knygas nuo likimo prie konteinerio. Kas vienam nereikalingas daiktas \u2013 kitam lobis, o mes esame tarpininkai, kurie padeda abiems tapti laimingesniems ???? \u017dinome kaip nelengva i\u0161gyventi ma\u017eiems verslams, tad nuo \u0161iol, \u010dia rasite ir kit\u0173, ma\u017e\u0173 \u0161eim\u0173 versl\u0173, rank\u0173 darbo, dovan\u0173 sau ir artimiesiems.\",\"publisher\":{\"@id\":\"https:\/\/skaitytaknyga.lt\/#organization\"},\"potentialAction\":[{\"@type\":\"SearchAction\",\"target\":{\"@type\":\"EntryPoint\",\"urlTemplate\":\"https:\/\/skaitytaknyga.lt\/?s={search_term_string}\"},\"query-input\":{\"@type\":\"PropertyValueSpecification\",\"valueRequired\":true,\"valueName\":\"search_term_string\"}}],\"inLanguage\":\"en-GB\"},{\"@type\":\"Organization\",\"@id\":\"https:\/\/skaitytaknyga.lt\/#organization\",\"name\":\"skaitytaknyga.lt\",\"url\":\"https:\/\/skaitytaknyga.lt\/\",\"logo\":{\"@type\":\"ImageObject\",\"inLanguage\":\"en-GB\",\"@id\":\"https:\/\/skaitytaknyga.lt\/#\/schema\/logo\/image\/\",\"url\":\"https:\/\/skaitytaknyga.lt\/wp-content\/uploads\/2024\/05\/cropped-cropped-cropped-02_00843_jt3bggkj1j3HLc7SyY6rEUpg.jpeg\",\"contentUrl\":\"https:\/\/skaitytaknyga.lt\/wp-content\/uploads\/2024\/05\/cropped-cropped-cropped-02_00843_jt3bggkj1j3HLc7SyY6rEUpg.jpeg\",\"width\":1600,\"height\":1600,\"caption\":\"skaitytaknyga.lt\"},\"image\":{\"@id\":\"https:\/\/skaitytaknyga.lt\/#\/schema\/logo\/image\/\"},\"sameAs\":[\"https:\/\/www.facebook.com\/skaitytaknyga\/\"]}]}<\/script>\n<!-- \/ Yoast SEO plugin. -->","yoast_head_json":{"title":"Religinis jausmas. Pirma trilogijos dalis","description":"\u201eReliginis jausmas\u201c \u2013 pirma trilogijos dalis, kurioje monsinjoras Luigi Giussani apibendrina sav\u0105j\u012f apm\u0105stym\u0173 ir patirties keli\u0105. Knygoje religinis","robots":{"index":"index","follow":"follow","max-snippet":"max-snippet:-1","max-image-preview":"max-image-preview:large","max-video-preview":"max-video-preview:-1"},"canonical":"https:\/\/skaitytaknyga.lt\/en\/produktas\/religinis-jausmas-pirma-trilogijos-dalis\/","og_locale":"en_GB","og_type":"article","og_title":"[:lt]Religinis jausmas. Pirma trilogijos dalis[:] - Skaitytaknyga","og_description":"\u201eReliginis jausmas\u201c \u2013 pirma trilogijos dalis, kurioje monsinjoras Luigi Giussani apibendrina sav\u0105j\u012f apm\u0105stym\u0173 ir patirties keli\u0105. Knygoje religinis","og_url":"https:\/\/skaitytaknyga.lt\/en\/produktas\/religinis-jausmas-pirma-trilogijos-dalis\/","og_site_name":"Skaitytaknyga","article_publisher":"https:\/\/www.facebook.com\/skaitytaknyga\/","article_modified_time":"2026-02-26T08:10:25+00:00","og_image":[{"width":300,"height":445,"url":"https:\/\/skaitytaknyga.lt\/wp-content\/uploads\/2025\/10\/Religinis-jausmas.-Pirma-trilogijos-dalis-1.webp","type":"image\/webp"}],"twitter_card":"summary_large_image","twitter_misc":{"Estimated reading time":"1 minute"},"schema":{"@context":"https:\/\/schema.org","@graph":[{"@type":"WebPage","@id":"https:\/\/skaitytaknyga.lt\/produktas\/religinis-jausmas-pirma-trilogijos-dalis\/","url":"https:\/\/skaitytaknyga.lt\/produktas\/religinis-jausmas-pirma-trilogijos-dalis\/","name":"Religinis jausmas. Pirma trilogijos dalis","isPartOf":{"@id":"https:\/\/skaitytaknyga.lt\/#website"},"primaryImageOfPage":{"@id":"https:\/\/skaitytaknyga.lt\/produktas\/religinis-jausmas-pirma-trilogijos-dalis\/#primaryimage"},"image":{"@id":"https:\/\/skaitytaknyga.lt\/produktas\/religinis-jausmas-pirma-trilogijos-dalis\/#primaryimage"},"thumbnailUrl":"https:\/\/skaitytaknyga.lt\/wp-content\/uploads\/2025\/10\/Religinis-jausmas.-Pirma-trilogijos-dalis-1.webp","datePublished":"2025-10-10T16:52:09+00:00","dateModified":"2026-02-26T08:10:25+00:00","description":"\u201eReliginis jausmas\u201c \u2013 pirma trilogijos dalis, kurioje monsinjoras Luigi Giussani apibendrina sav\u0105j\u012f apm\u0105stym\u0173 ir patirties keli\u0105. Knygoje religinis","breadcrumb":{"@id":"https:\/\/skaitytaknyga.lt\/produktas\/religinis-jausmas-pirma-trilogijos-dalis\/#breadcrumb"},"inLanguage":"en-GB","potentialAction":[{"@type":"ReadAction","target":["https:\/\/skaitytaknyga.lt\/produktas\/religinis-jausmas-pirma-trilogijos-dalis\/"]}]},{"@type":"ImageObject","inLanguage":"en-GB","@id":"https:\/\/skaitytaknyga.lt\/produktas\/religinis-jausmas-pirma-trilogijos-dalis\/#primaryimage","url":"https:\/\/skaitytaknyga.lt\/wp-content\/uploads\/2025\/10\/Religinis-jausmas.-Pirma-trilogijos-dalis-1.webp","contentUrl":"https:\/\/skaitytaknyga.lt\/wp-content\/uploads\/2025\/10\/Religinis-jausmas.-Pirma-trilogijos-dalis-1.webp","width":300,"height":445,"caption":"Religinis jausmas. Pirma trilogijos dalis"},{"@type":"BreadcrumbList","@id":"https:\/\/skaitytaknyga.lt\/produktas\/religinis-jausmas-pirma-trilogijos-dalis\/#breadcrumb","itemListElement":[{"@type":"ListItem","position":1,"name":"Home","item":"https:\/\/skaitytaknyga.lt\/"},{"@type":"ListItem","position":2,"name":"Parduotuv\u0117","item":"https:\/\/skaitytaknyga.lt\/knygu-parduotuve\/"},{"@type":"ListItem","position":3,"name":"Religinis jausmas. Pirma trilogijos dalis"}]},{"@type":"WebSite","@id":"https:\/\/skaitytaknyga.lt\/#website","url":"https:\/\/skaitytaknyga.lt\/","name":"skaitytaknyga.lt","description":"Skaitytaknyga.lt \u2013 tai ma\u017eas \u0161eimos verslas, kuris prasid\u0117jo nuo meil\u0117s knygoms ir siekio i\u0161gelb\u0117ti knygas nuo likimo prie konteinerio. Kas vienam nereikalingas daiktas \u2013 kitam lobis, o mes esame tarpininkai, kurie padeda abiems tapti laimingesniems ???? \u017dinome kaip nelengva i\u0161gyventi ma\u017eiems verslams, tad nuo \u0161iol, \u010dia rasite ir kit\u0173, ma\u017e\u0173 \u0161eim\u0173 versl\u0173, rank\u0173 darbo, dovan\u0173 sau ir artimiesiems.","publisher":{"@id":"https:\/\/skaitytaknyga.lt\/#organization"},"potentialAction":[{"@type":"SearchAction","target":{"@type":"EntryPoint","urlTemplate":"https:\/\/skaitytaknyga.lt\/?s={search_term_string}"},"query-input":{"@type":"PropertyValueSpecification","valueRequired":true,"valueName":"search_term_string"}}],"inLanguage":"en-GB"},{"@type":"Organization","@id":"https:\/\/skaitytaknyga.lt\/#organization","name":"skaitytaknyga.lt","url":"https:\/\/skaitytaknyga.lt\/","logo":{"@type":"ImageObject","inLanguage":"en-GB","@id":"https:\/\/skaitytaknyga.lt\/#\/schema\/logo\/image\/","url":"https:\/\/skaitytaknyga.lt\/wp-content\/uploads\/2024\/05\/cropped-cropped-cropped-02_00843_jt3bggkj1j3HLc7SyY6rEUpg.jpeg","contentUrl":"https:\/\/skaitytaknyga.lt\/wp-content\/uploads\/2024\/05\/cropped-cropped-cropped-02_00843_jt3bggkj1j3HLc7SyY6rEUpg.jpeg","width":1600,"height":1600,"caption":"skaitytaknyga.lt"},"image":{"@id":"https:\/\/skaitytaknyga.lt\/#\/schema\/logo\/image\/"},"sameAs":["https:\/\/www.facebook.com\/skaitytaknyga\/"]}]}},"_links":{"self":[{"href":"https:\/\/skaitytaknyga.lt\/en\/wp-json\/wp\/v2\/product\/21444","targetHints":{"allow":["GET"]}}],"collection":[{"href":"https:\/\/skaitytaknyga.lt\/en\/wp-json\/wp\/v2\/product"}],"about":[{"href":"https:\/\/skaitytaknyga.lt\/en\/wp-json\/wp\/v2\/types\/product"}],"replies":[{"embeddable":true,"href":"https:\/\/skaitytaknyga.lt\/en\/wp-json\/wp\/v2\/comments?post=21444"}],"wp:featuredmedia":[{"embeddable":true,"href":"https:\/\/skaitytaknyga.lt\/en\/wp-json\/wp\/v2\/media\/21449"}],"wp:attachment":[{"href":"https:\/\/skaitytaknyga.lt\/en\/wp-json\/wp\/v2\/media?parent=21444"}],"wp:term":[{"taxonomy":"product_brand","embeddable":true,"href":"https:\/\/skaitytaknyga.lt\/en\/wp-json\/wp\/v2\/product_brand?post=21444"},{"taxonomy":"product_cat","embeddable":true,"href":"https:\/\/skaitytaknyga.lt\/en\/wp-json\/wp\/v2\/product_cat?post=21444"},{"taxonomy":"product_tag","embeddable":true,"href":"https:\/\/skaitytaknyga.lt\/en\/wp-json\/wp\/v2\/product_tag?post=21444"}],"curies":[{"name":"wp","href":"https:\/\/api.w.org\/{rel}","templated":true}]}}